{"id":6263,"date":"2021-10-21T12:22:36","date_gmt":"2021-10-21T10:22:36","guid":{"rendered":"https:\/\/nordicchicpaint.com\/wall-clay-chalk-paint\/"},"modified":"2025-01-13T11:23:32","modified_gmt":"2025-01-13T10:23:32","slug":"wall-clay-chalk-paint","status":"publish","type":"page","link":"https:\/\/nordicchicpaint.com\/it\/wall-clay-chalk-paint\/","title":{"rendered":"WALL Clay &#038; Chalk Paint"},"content":{"rendered":"<section class=\"wpb-content-wrapper\"><p>[vc_row full_width=&#8221;stretch_row&#8221;][vc_column]<div class=\"ult-spacer spacer-69f1134d59042\" data-id=\"69f1134d59042\" data-height=\"90\" data-height-mobile=\"60\" data-height-tab=\"90\" data-height-tab-portrait=\"60\" data-height-mobile-landscape=\"60\" style=\"clear:both;display:block;\"><\/div>[vc_row_inner][vc_column_inner width=&#8221;1\/6&#8243;][\/vc_column_inner][vc_column_inner width=&#8221;2\/3&#8243;][vc_column_text]<\/p>\n<h2 style=\"text-align: left;\">Vorresti che le pareti della tua casa fossero traspiranti, regolatrici dell&#8217;umidit\u00e0 e antistatiche?<\/h2>\n<p style=\"text-align: left;\">Allora non cercare oltre: Nordic Chic\u00ae presenta la nostra nuova pittura murale &#8220;Wall&#8221;. Questa nuova pittura \u00e8 basata principalmente sull&#8217;argilla, il che significa che \u00e8 un buon regolatore dell&#8217;umidit\u00e0 in casa. La pittura assorbe e rilascia l&#8217;umidit\u00e0 quando necessario. Allo stesso tempo, i minerali vengono rilasciati dall&#8217;argilla, invece dei solventi nocivi, il che significa che ottieni un clima interno molto sano.<\/p>\n<p style=\"text-align: left;\">La pittura murale per interni a base di argilla \u00e8 facile da applicare, durevole e copre benissimo!<\/p>\n<p style=\"text-align: left;\">Nordic Chic\u00ae Wall, come la nostra pittura per mobili, \u00e8 etichettata con l&#8217;Ecolabel dell&#8217;UE. \u00c8 completamente privo di COV (composti organici volatili) e degassificanti tossici e non produce alcun cattivo odore durante la verniciatura.<\/p>\n<p style=\"text-align: left;\">Se puoi dire di s\u00ec, vuoi un clima interno sano, allora Nordic Chic\u00ae Wall \u00e8 la pittura murale per interni che fa per te.<\/p>\n<p style=\"text-align: left;\"><strong>Perch\u00e9 scegliere una pittura murale per interni a base di argilla?<\/strong><\/p>\n<ul>\n<li style=\"text-align: left;\">La pittura all&#8217;argilla \u00e8 traspirante e aperta alla diffusione, a differenza della pittura acrilica o plastica che agisce come un sacchetto di plastica sigillato e non fornisce scambio di umidit\u00e0.<\/li>\n<li style=\"text-align: left;\">La pittura all&#8217;argilla pu\u00f2 assorbire l&#8217;umidit\u00e0 e rilasciarla quando necessario<\/li>\n<li style=\"text-align: left;\">L&#8217;argilla \u00e8 un materiale antico e viene utilizzato in tutto, dalle maschere per il viso ai materiali da costruzione<\/li>\n<li style=\"text-align: left;\">L&#8217;argilla contiene molti ioni che agiscono come antiossidanti<\/li>\n<li style=\"text-align: left;\">L&#8217;argilla assorbe ad esempio le radiazioni dei telefoni cellulari e dei forni a microonde. Nella cultura degli antichi indiani, l&#8217;argilla era riconosciuta come un mezzo curativo.<\/li>\n<li style=\"text-align: left;\">Quindi ci sono molte buone ragioni per scegliere Nordic Chic\u00ae Wall Paint, a base di argilla.<\/li>\n<li style=\"text-align: left;\">Con Nordic Chic\u00ae Wall, ottieni anche splendide superfici opache con molta profondit\u00e0 nel colore.<\/li>\n<\/ul>\n<p style=\"text-align: left;\">Nordic Chic\u00ae Wall \u00e8 disponibile in un contenitore da 2,5 litri. Come la vernice per mobili, i colori possono essere miscelati e tinti secondo la tua personale edizione. La copertura \u00e8 fantastica, alcune superfici necessitano solo di una mano. 6-8 m2 per litro.<\/p>\n<p>Trova il tuo rivenditore <a href=\"https:\/\/nordicchicpaint.com\/retailers-near-you\/\" target=\"_blank\" rel=\"noopener\">qui<\/a> o acquista qui <a href=\"http:\/\/www.nordicchic.eu\" target=\"_blank\" rel=\"noopener\">www.nordicchic.eu<\/a>.[\/vc_column_text][vc_empty_space height=&#8221;30px&#8221;][vc_single_image image=&#8221;3719&#8243; alignment=&#8221;center&#8221; el_class=&#8221;custom-ecolabel&#8221;][\/vc_column_inner][vc_column_inner width=&#8221;1\/6&#8243;][\/vc_column_inner][\/vc_row_inner][vc_empty_space height=&#8221;60px&#8221;][vc_row_inner equal_height=&#8221;yes&#8221; el_class=&#8221;swatches&#8221;][vc_column_inner width=&#8221;1\/3&#8243; offset=&#8221;vc_col-lg-2 vc_col-md-2 vc_col-xs-6&#8243;][vc_single_image image=&#8221;3237&#8243; img_size=&#8221;large&#8221; el_class=&#8221;whippedcream&#8221;][\/vc_column_inner][vc_column_inner width=&#8221;1\/3&#8243; offset=&#8221;vc_col-lg-2 vc_col-md-2 vc_col-xs-6&#8243;][vc_single_image image=&#8221;3237&#8243; img_size=&#8221;large&#8221; el_class=&#8221;blushingbride&#8221;][\/vc_column_inner][vc_column_inner width=&#8221;1\/3&#8243; offset=&#8221;vc_col-lg-2 vc_col-md-2 vc_col-xs-6&#8243;][vc_single_image image=&#8221;3237&#8243; img_size=&#8221;large&#8221; el_class=&#8221;concretejungle&#8221;][\/vc_column_inner][vc_column_inner width=&#8221;1\/3&#8243; offset=&#8221;vc_col-lg-2 vc_col-md-2 vc_col-xs-6&#8243;][vc_single_image image=&#8221;3237&#8243; img_size=&#8221;large&#8221; el_class=&#8221;slate&#8221;][\/vc_column_inner][vc_column_inner width=&#8221;1\/3&#8243; offset=&#8221;vc_col-lg-2 vc_col-md-2 vc_col-xs-6&#8243;][vc_single_image image=&#8221;3237&#8243; img_size=&#8221;large&#8221; el_class=&#8221;lovelyduckling&#8221;][\/vc_column_inner][vc_column_inner width=&#8221;1\/3&#8243; offset=&#8221;vc_col-lg-2 vc_col-md-2 vc_col-xs-6&#8243;][vc_single_image image=&#8221;3237&#8243; img_size=&#8221;large&#8221; el_class=&#8221;dustygreen&#8221;][\/vc_column_inner][\/vc_row_inner]<div class=\"ult-spacer spacer-69f1134d5908a\" data-id=\"69f1134d5908a\" data-height=\"90\" data-height-mobile=\"60\" data-height-tab=\"90\" data-height-tab-portrait=\"60\" data-height-mobile-landscape=\"60\" style=\"clear:both;display:block;\"><\/div>[vc_raw_html]PHN0eWxlPg0KLyoqIEZBUlZFUiBUSUwgTllFIFBPUCBVUFMgKiovDQp9DQoNCi5kdXN0eWdyZWVuIGltZyB7DQoJYmFja2dyb3VuZC1jb2xvcjogcmdiYSgxNTcsIDE1MSwgMTM1LCAxKTsNCn0NCg0KLndoaXBwZWRjcmVhbSBpbWcgew0KCWJhY2tncm91bmQtY29sb3I6IHJnYmEoMjU1LCAyMjksIDIxOSwgMSk7DQp9DQoNCi5sb3ZlbHlkdWNrbGluZyBpbWcgew0KCWJhY2tncm91bmQtY29sb3I6IHJnYmEoMjIxLCAyMTIsIDIwNiwgMSk7DQp9DQoNCi5jb25jcmV0ZWp1bmdsZSBpbWcgew0KCWJhY2tncm91bmQtY29sb3I6IHJnYmEoMTkxLCAxNzQsIDE3MiwgMSk7DQoNCn0NCg0KLnNsYXRlIGltZyB7DQoJYmFja2dyb3VuZC1jb2xvcjogcmdiYSgxMDIsIDkzLCA5MiwgMSk7DQp9DQoNCi5ibHVzaGluZ2JyaWRlIGltZyB7DQoJYmFja2dyb3VuZC1jb2xvcjogcmdiYSgyMzYsIDE5MCwgMTc3LCAxKTsNCn0NCg0KPC9zdHlsZT4=[\/vc_raw_html][\/vc_column][\/vc_row]<\/p>\n<\/section>","protected":false},"excerpt":{"rendered":"<p>[vc_row full_width=&#8221;stretch_row&#8221;][vc_column][vc_row_inner][vc_column_inner width=&#8221;1\/6&#8243;][\/vc_column_inner][vc_column_inner width=&#8221;2\/3&#8243;][vc_column_text] Vorresti che le pareti della tua casa fossero traspiranti, regolatrici dell&#8217;umidit\u00e0 e antistatiche? Allora non cercare oltre: Nordic Chic\u00ae presenta la nostra nuova pittura murale &#8220;Wall&#8221;. Questa nuova pittura \u00e8 basata principalmente sull&#8217;argilla, il che significa che \u00e8 un buon regolatore dell&#8217;umidit\u00e0 in casa. La pittura assorbe e rilascia l&#8217;umidit\u00e0 quando &#8230; <a title=\"WALL Clay &#038; Chalk Paint\" class=\"read-more\" href=\"https:\/\/nordicchicpaint.com\/it\/wall-clay-chalk-paint\/\" aria-label=\"Per saperne di pi\u00f9 su WALL Clay &#038; Chalk Paint\">Leggi tutto<\/a><\/p>\n","protected":false},"author":1,"featured_media":5489,"parent":0,"menu_order":3,"comment_status":"closed","ping_status":"closed","template":"","meta":{"_acf_changed":false,"footnotes":""},"categories":[],"class_list":["post-6263","page","type-page","status-publish","has-post-thumbnail"],"acf":[],"yoast_head":"<!-- This site is optimized with the Yoast SEO plugin v23.4 - https:\/\/yoast.com\/wordpress\/plugins\/seo\/ -->\n<title>WALL Clay &amp; Chalk Paint &#183; Nordic Chic\u00ae<\/title>\n<meta name=\"robots\" content=\"index, follow, max-snippet:-1, max-image-preview:large, max-video-preview:-1\" \/>\n<link rel=\"canonical\" href=\"https:\/\/nordicchicpaint.com\/it\/wall-clay-chalk-paint\/\" \/>\n<meta property=\"og:locale\" content=\"it_IT\" \/>\n<meta property=\"og:type\" content=\"article\" \/>\n<meta property=\"og:title\" content=\"WALL Clay &amp; Chalk Paint &#183; Nordic Chic\u00ae\" \/>\n<meta property=\"og:description\" content=\"[vc_row full_width=&#8221;stretch_row&#8221;][vc_column][vc_row_inner][vc_column_inner width=&#8221;1\/6&#8243;][\/vc_column_inner][vc_column_inner width=&#8221;2\/3&#8243;][vc_column_text] Vorresti che le pareti della tua casa fossero traspiranti, regolatrici dell&#8217;umidit\u00e0 e antistatiche? Allora non cercare oltre: Nordic Chic\u00ae presenta la nostra nuova pittura murale &#8220;Wall&#8221;. Questa nuova pittura \u00e8 basata principalmente sull&#8217;argilla, il che significa che \u00e8 un buon regolatore dell&#8217;umidit\u00e0 in casa. La pittura assorbe e rilascia l&#8217;umidit\u00e0 quando ... Leggi tutto\" \/>\n<meta property=\"og:url\" content=\"https:\/\/nordicchicpaint.com\/it\/wall-clay-chalk-paint\/\" \/>\n<meta property=\"og:site_name\" content=\"Nordic Chic\u00ae\" \/>\n<meta property=\"article:modified_time\" content=\"2025-01-13T10:23:32+00:00\" \/>\n<meta property=\"og:image\" content=\"https:\/\/nordicchicpaint.com\/wp-content\/uploads\/2022\/05\/Wall-clay-and-chalk-paint-scaled-e1662444793464.jpg\" \/>\n\t<meta property=\"og:image:width\" content=\"2048\" \/>\n\t<meta property=\"og:image:height\" content=\"952\" \/>\n\t<meta property=\"og:image:type\" content=\"image\/jpeg\" \/>\n<meta name=\"twitter:card\" content=\"summary_large_image\" \/>\n<meta name=\"twitter:label1\" content=\"Tempo di lettura stimato\" \/>\n\t<meta name=\"twitter:data1\" content=\"3 minuti\" \/>\n<script type=\"application\/ld+json\" class=\"yoast-schema-graph\">{\"@context\":\"https:\/\/schema.org\",\"@graph\":[{\"@type\":\"WebPage\",\"@id\":\"https:\/\/nordicchicpaint.com\/it\/wall-clay-chalk-paint\/\",\"url\":\"https:\/\/nordicchicpaint.com\/it\/wall-clay-chalk-paint\/\",\"name\":\"WALL Clay & Chalk Paint &#183; Nordic Chic\u00ae\",\"isPartOf\":{\"@id\":\"https:\/\/nordicchicpaint.com\/it\/#website\"},\"primaryImageOfPage\":{\"@id\":\"https:\/\/nordicchicpaint.com\/it\/wall-clay-chalk-paint\/#primaryimage\"},\"image\":{\"@id\":\"https:\/\/nordicchicpaint.com\/it\/wall-clay-chalk-paint\/#primaryimage\"},\"thumbnailUrl\":\"https:\/\/nordicchicpaint.com\/wp-content\/uploads\/2022\/05\/Wall-clay-and-chalk-paint-scaled-e1662444793464.jpg\",\"datePublished\":\"2021-10-21T10:22:36+00:00\",\"dateModified\":\"2025-01-13T10:23:32+00:00\",\"breadcrumb\":{\"@id\":\"https:\/\/nordicchicpaint.com\/it\/wall-clay-chalk-paint\/#breadcrumb\"},\"inLanguage\":\"it-IT\",\"potentialAction\":[{\"@type\":\"ReadAction\",\"target\":[\"https:\/\/nordicchicpaint.com\/it\/wall-clay-chalk-paint\/\"]}]},{\"@type\":\"ImageObject\",\"inLanguage\":\"it-IT\",\"@id\":\"https:\/\/nordicchicpaint.com\/it\/wall-clay-chalk-paint\/#primaryimage\",\"url\":\"https:\/\/nordicchicpaint.com\/wp-content\/uploads\/2022\/05\/Wall-clay-and-chalk-paint-scaled-e1662444793464.jpg\",\"contentUrl\":\"https:\/\/nordicchicpaint.com\/wp-content\/uploads\/2022\/05\/Wall-clay-and-chalk-paint-scaled-e1662444793464.jpg\",\"width\":2048,\"height\":952},{\"@type\":\"BreadcrumbList\",\"@id\":\"https:\/\/nordicchicpaint.com\/it\/wall-clay-chalk-paint\/#breadcrumb\",\"itemListElement\":[{\"@type\":\"ListItem\",\"position\":1,\"name\":\"Hjem\",\"item\":\"https:\/\/nordicchicpaint.com\/it\/\"},{\"@type\":\"ListItem\",\"position\":2,\"name\":\"WALL Clay &#038; Chalk Paint\"}]},{\"@type\":\"WebSite\",\"@id\":\"https:\/\/nordicchicpaint.com\/it\/#website\",\"url\":\"https:\/\/nordicchicpaint.com\/it\/\",\"name\":\"Nordic Chic\u00ae\",\"description\":\"Chalk paint for interior and exterior use\",\"publisher\":{\"@id\":\"https:\/\/nordicchicpaint.com\/it\/#organization\"},\"potentialAction\":[{\"@type\":\"SearchAction\",\"target\":{\"@type\":\"EntryPoint\",\"urlTemplate\":\"https:\/\/nordicchicpaint.com\/it\/?s={search_term_string}\"},\"query-input\":{\"@type\":\"PropertyValueSpecification\",\"valueRequired\":true,\"valueName\":\"search_term_string\"}}],\"inLanguage\":\"it-IT\"},{\"@type\":\"Organization\",\"@id\":\"https:\/\/nordicchicpaint.com\/it\/#organization\",\"name\":\"Nordic Chic\u00ae\",\"url\":\"https:\/\/nordicchicpaint.com\/it\/\",\"logo\":{\"@type\":\"ImageObject\",\"inLanguage\":\"it-IT\",\"@id\":\"https:\/\/nordicchicpaint.com\/it\/#\/schema\/logo\/image\/\",\"url\":\"https:\/\/nordicchicpaint.com\/wp-content\/uploads\/2021\/10\/logo.svg\",\"contentUrl\":\"https:\/\/nordicchicpaint.com\/wp-content\/uploads\/2021\/10\/logo.svg\",\"width\":479,\"height\":474,\"caption\":\"Nordic Chic\u00ae\"},\"image\":{\"@id\":\"https:\/\/nordicchicpaint.com\/it\/#\/schema\/logo\/image\/\"}}]}<\/script>\n<!-- \/ Yoast SEO plugin. -->","yoast_head_json":{"title":"WALL Clay & Chalk Paint &#183; Nordic Chic\u00ae","robots":{"index":"index","follow":"follow","max-snippet":"max-snippet:-1","max-image-preview":"max-image-preview:large","max-video-preview":"max-video-preview:-1"},"canonical":"https:\/\/nordicchicpaint.com\/it\/wall-clay-chalk-paint\/","og_locale":"it_IT","og_type":"article","og_title":"WALL Clay & Chalk Paint &#183; Nordic Chic\u00ae","og_description":"[vc_row full_width=&#8221;stretch_row&#8221;][vc_column][vc_row_inner][vc_column_inner width=&#8221;1\/6&#8243;][\/vc_column_inner][vc_column_inner width=&#8221;2\/3&#8243;][vc_column_text] Vorresti che le pareti della tua casa fossero traspiranti, regolatrici dell&#8217;umidit\u00e0 e antistatiche? Allora non cercare oltre: Nordic Chic\u00ae presenta la nostra nuova pittura murale &#8220;Wall&#8221;. Questa nuova pittura \u00e8 basata principalmente sull&#8217;argilla, il che significa che \u00e8 un buon regolatore dell&#8217;umidit\u00e0 in casa. La pittura assorbe e rilascia l&#8217;umidit\u00e0 quando ... Leggi tutto","og_url":"https:\/\/nordicchicpaint.com\/it\/wall-clay-chalk-paint\/","og_site_name":"Nordic Chic\u00ae","article_modified_time":"2025-01-13T10:23:32+00:00","og_image":[{"width":2048,"height":952,"url":"https:\/\/nordicchicpaint.com\/wp-content\/uploads\/2022\/05\/Wall-clay-and-chalk-paint-scaled-e1662444793464.jpg","type":"image\/jpeg"}],"twitter_card":"summary_large_image","twitter_misc":{"Tempo di lettura stimato":"3 minuti"},"schema":{"@context":"https:\/\/schema.org","@graph":[{"@type":"WebPage","@id":"https:\/\/nordicchicpaint.com\/it\/wall-clay-chalk-paint\/","url":"https:\/\/nordicchicpaint.com\/it\/wall-clay-chalk-paint\/","name":"WALL Clay & Chalk Paint &#183; Nordic Chic\u00ae","isPartOf":{"@id":"https:\/\/nordicchicpaint.com\/it\/#website"},"primaryImageOfPage":{"@id":"https:\/\/nordicchicpaint.com\/it\/wall-clay-chalk-paint\/#primaryimage"},"image":{"@id":"https:\/\/nordicchicpaint.com\/it\/wall-clay-chalk-paint\/#primaryimage"},"thumbnailUrl":"https:\/\/nordicchicpaint.com\/wp-content\/uploads\/2022\/05\/Wall-clay-and-chalk-paint-scaled-e1662444793464.jpg","datePublished":"2021-10-21T10:22:36+00:00","dateModified":"2025-01-13T10:23:32+00:00","breadcrumb":{"@id":"https:\/\/nordicchicpaint.com\/it\/wall-clay-chalk-paint\/#breadcrumb"},"inLanguage":"it-IT","potentialAction":[{"@type":"ReadAction","target":["https:\/\/nordicchicpaint.com\/it\/wall-clay-chalk-paint\/"]}]},{"@type":"ImageObject","inLanguage":"it-IT","@id":"https:\/\/nordicchicpaint.com\/it\/wall-clay-chalk-paint\/#primaryimage","url":"https:\/\/nordicchicpaint.com\/wp-content\/uploads\/2022\/05\/Wall-clay-and-chalk-paint-scaled-e1662444793464.jpg","contentUrl":"https:\/\/nordicchicpaint.com\/wp-content\/uploads\/2022\/05\/Wall-clay-and-chalk-paint-scaled-e1662444793464.jpg","width":2048,"height":952},{"@type":"BreadcrumbList","@id":"https:\/\/nordicchicpaint.com\/it\/wall-clay-chalk-paint\/#breadcrumb","itemListElement":[{"@type":"ListItem","position":1,"name":"Hjem","item":"https:\/\/nordicchicpaint.com\/it\/"},{"@type":"ListItem","position":2,"name":"WALL Clay &#038; Chalk Paint"}]},{"@type":"WebSite","@id":"https:\/\/nordicchicpaint.com\/it\/#website","url":"https:\/\/nordicchicpaint.com\/it\/","name":"Nordic Chic\u00ae","description":"Chalk paint for interior and exterior use","publisher":{"@id":"https:\/\/nordicchicpaint.com\/it\/#organization"},"potentialAction":[{"@type":"SearchAction","target":{"@type":"EntryPoint","urlTemplate":"https:\/\/nordicchicpaint.com\/it\/?s={search_term_string}"},"query-input":{"@type":"PropertyValueSpecification","valueRequired":true,"valueName":"search_term_string"}}],"inLanguage":"it-IT"},{"@type":"Organization","@id":"https:\/\/nordicchicpaint.com\/it\/#organization","name":"Nordic Chic\u00ae","url":"https:\/\/nordicchicpaint.com\/it\/","logo":{"@type":"ImageObject","inLanguage":"it-IT","@id":"https:\/\/nordicchicpaint.com\/it\/#\/schema\/logo\/image\/","url":"https:\/\/nordicchicpaint.com\/wp-content\/uploads\/2021\/10\/logo.svg","contentUrl":"https:\/\/nordicchicpaint.com\/wp-content\/uploads\/2021\/10\/logo.svg","width":479,"height":474,"caption":"Nordic Chic\u00ae"},"image":{"@id":"https:\/\/nordicchicpaint.com\/it\/#\/schema\/logo\/image\/"}}]}},"_links":{"self":[{"href":"https:\/\/nordicchicpaint.com\/it\/wp-json\/wp\/v2\/pages\/6263"}],"collection":[{"href":"https:\/\/nordicchicpaint.com\/it\/wp-json\/wp\/v2\/pages"}],"about":[{"href":"https:\/\/nordicchicpaint.com\/it\/wp-json\/wp\/v2\/types\/page"}],"author":[{"embeddable":true,"href":"https:\/\/nordicchicpaint.com\/it\/wp-json\/wp\/v2\/users\/1"}],"replies":[{"embeddable":true,"href":"https:\/\/nordicchicpaint.com\/it\/wp-json\/wp\/v2\/comments?post=6263"}],"version-history":[{"count":2,"href":"https:\/\/nordicchicpaint.com\/it\/wp-json\/wp\/v2\/pages\/6263\/revisions"}],"predecessor-version":[{"id":6265,"href":"https:\/\/nordicchicpaint.com\/it\/wp-json\/wp\/v2\/pages\/6263\/revisions\/6265"}],"wp:featuredmedia":[{"embeddable":true,"href":"https:\/\/nordicchicpaint.com\/it\/wp-json\/wp\/v2\/media\/5489"}],"wp:attachment":[{"href":"https:\/\/nordicchicpaint.com\/it\/wp-json\/wp\/v2\/media?parent=6263"}],"wp:term":[{"taxonomy":"category","embeddable":true,"href":"https:\/\/nordicchicpaint.com\/it\/wp-json\/wp\/v2\/categories?post=6263"}],"curies":[{"name":"wp","href":"https:\/\/api.w.org\/{rel}","templated":true}]}}