{"id":6248,"date":"2022-04-13T09:04:31","date_gmt":"2022-04-13T07:04:31","guid":{"rendered":"https:\/\/nordicchicpaint.com\/primer\/"},"modified":"2025-01-13T11:14:13","modified_gmt":"2025-01-13T10:14:13","slug":"primer","status":"publish","type":"page","link":"https:\/\/nordicchicpaint.com\/it\/primer\/","title":{"rendered":"Primer"},"content":{"rendered":"<section class=\"wpb-content-wrapper\"><p>[vc_row full_width=&#8221;stretch_row&#8221;][vc_column width=&#8221;1\/6&#8243;][\/vc_column][vc_column width=&#8221;2\/3&#8243;]<div class=\"ult-spacer spacer-69f151658c3b4\" data-id=\"69f151658c3b4\" data-height=\"90\" data-height-mobile=\"60\" data-height-tab=\"90\" data-height-tab-portrait=\"60\" data-height-mobile-landscape=\"60\" style=\"clear:both;display:block;\"><\/div>[vc_column_text]<\/p>\n<h1 style=\"text-align: left;\">Dove puoi usare Nordic Chic Primer?<\/h1>\n<p style=\"text-align: left;\">Se hai mobili in legno che potrebbero contenere molti tannini, puoi usare il nostro Primer per impedirne la fuoriuscita. Applicato due volte, nella maggior parte dei casi blocca la &#8220;fuoriuscita&#8221; in modo abbastanza sicuro e dovrebbe essere in grado di sostituire molto bene la lacca a base di gommalacca come primer isolante.<\/p>\n<p style=\"text-align: left;\">Alcuni vantaggi di Nordic Chic Primer rispetto alla lacca a base di gommalacca: Nordic Chic Primer \u00e8 pi\u00f9 elastico della lacca a base di gommalacca e Nordic Chic Primer non si gonfia a contatto con l&#8217;acqua.<\/p>\n<p style=\"text-align: left;\"><strong>Nordic Chic\u00ae Primer<\/strong> \u00e8 trasparente una volta asciutto<\/p>\n<p style=\"text-align: left;\"><strong>Copertura<\/strong>: circa 70-90 millilitri per metro quadrato. Mezzo litro \u00e8 sufficiente per 6-8 metri quadrati, a seconda delle propriet\u00e0 della superficie.<\/p>\n<p style=\"text-align: left;\"><strong>Colore<\/strong>: Trasparente<\/p>\n<p style=\"text-align: left;\"><strong>Diluente<\/strong>: n\/d &#8211; il prodotto \u00e8 pronto all&#8217;uso.<\/p>\n<p style=\"text-align: left;\"><strong>Tempo di asciugatura<\/strong>: A seconda della temperatura ambiente e dell&#8217;umidit\u00e0 relativa, il prodotto sar\u00e0 normalmente asciutto al tatto dopo 15-30 minuti e pronto per la carteggiatura dopo 45 minuti. La superficie pu\u00f2 essere sottoposta alla seconda mano dopo circa 2 ore.<\/p>\n<p style=\"text-align: left;\"><strong>ISTRUZIONI PER L&#8217;APPLICAZIONE<\/strong><\/p>\n<p style=\"text-align: left;\"><strong>Preparazione:<\/strong> la superficie deve essere asciutta, assorbente e priva di grasso e polvere.<\/p>\n<p style=\"text-align: left;\"><strong>Applicazione:<\/strong> applicare Nordic Chic Top Coat non diluito in due mani. Si consiglia una leggera carteggiatura dopo l&#8217;asciugatura della prima mano (granulometria 180 \u2013 240). Applicare Nordic Chic Top Coat in uno strato sottile.<\/p>\n<ul>\n<li style=\"text-align: left;\"><strong>Strumenti:<\/strong> pennello, rullo o un dispositivo di spruzzatura idoneo (ad esempio Airless o Aircoat). Applicare con parsimonia. Utilizzare acqua saponata per pulire gli utensili.<\/li>\n<li style=\"text-align: left;\"><strong>Conservazione:<\/strong> conservare i contenitori ermeticamente chiusi in un luogo fresco ma al riparo dal gelo.<\/li>\n<li style=\"text-align: left;\"><strong>Ingredienti:<\/strong> acqua, pigmenti di terra, tensioattivi, materiale di riempimento minerale, estere di aceto, conservante sintetico allo 0,1% (MIT \/ BIT)<\/li>\n<li style=\"text-align: left;\"><strong>Sicurezza:<\/strong> anche se non velenoso, tenere fuori dalla portata dei bambini.<\/li>\n<li style=\"text-align: left;\"><strong>Smaltimento:<\/strong> lasciare asciugare la vernice smaltata inutilizzata. Smaltire gli avanzi secondo le norme locali vigenti. Non gettare nello scarico.<\/li>\n<li style=\"text-align: left;\"><strong>Direttiva COV:<\/strong> Contenuto COV (g\/l): 0,01<\/li>\n<\/ul>\n<p>Contenuto: 500 ml[\/vc_column_text]<div class=\"ult-spacer spacer-69f151658c3ff\" data-id=\"69f151658c3ff\" data-height=\"90\" data-height-mobile=\"60\" data-height-tab=\"90\" data-height-tab-portrait=\"60\" data-height-mobile-landscape=\"60\" style=\"clear:both;display:block;\"><\/div>[\/vc_column][vc_column width=&#8221;1\/6&#8243;][\/vc_column][\/vc_row]<\/p>\n<\/section>","protected":false},"excerpt":{"rendered":"<p>[vc_row full_width=&#8221;stretch_row&#8221;][vc_column width=&#8221;1\/6&#8243;][\/vc_column][vc_column width=&#8221;2\/3&#8243;][vc_column_text] Dove puoi usare Nordic Chic Primer? Se hai mobili in legno che potrebbero contenere molti tannini, puoi usare il nostro Primer per impedirne la fuoriuscita. Applicato due volte, nella maggior parte dei casi blocca la &#8220;fuoriuscita&#8221; in modo abbastanza sicuro e dovrebbe essere in grado di sostituire molto bene la lacca &#8230; <a title=\"Primer\" class=\"read-more\" href=\"https:\/\/nordicchicpaint.com\/it\/primer\/\" aria-label=\"Per saperne di pi\u00f9 su Primer\">Leggi tutto<\/a><\/p>\n","protected":false},"author":1,"featured_media":5783,"parent":0,"menu_order":0,"comment_status":"closed","ping_status":"closed","template":"","meta":{"_acf_changed":false,"footnotes":""},"categories":[],"class_list":["post-6248","page","type-page","status-publish","has-post-thumbnail"],"acf":[],"yoast_head":"<!-- This site is optimized with the Yoast SEO plugin v23.4 - https:\/\/yoast.com\/wordpress\/plugins\/seo\/ -->\n<title>Primer &#183; Nordic Chic\u00ae<\/title>\n<meta name=\"description\" content=\"Se hai mobili in legno che potrebbero contenere molti tannini, puoi usare il nostro Primer per impedirne la fuoriuscita. Applicato due volte, nella maggior parte dei casi blocca la &quot;fuoriuscita&quot; in modo abbastanza sicuro e dovrebbe essere in grado di sostituire molto bene la lacca a base di gomma come primer isolante. Alcuni vantaggi del Nordic Chic Primer rispetto alla lacca a base di gomma: il Nordic Chic Primer \u00e8 pi\u00f9 elastico della lacca a base di gomma e il Nordic Chic Primer non si gonfia a contatto con l&#039;acqua.\" \/>\n<meta name=\"robots\" content=\"index, follow, max-snippet:-1, max-image-preview:large, max-video-preview:-1\" \/>\n<link rel=\"canonical\" href=\"https:\/\/nordicchicpaint.com\/it\/primer\/\" \/>\n<meta property=\"og:locale\" content=\"it_IT\" \/>\n<meta property=\"og:type\" content=\"article\" \/>\n<meta property=\"og:title\" content=\"Primer &#183; Nordic Chic\u00ae\" \/>\n<meta property=\"og:description\" content=\"Se hai mobili in legno che potrebbero contenere molti tannini, puoi usare il nostro Primer per impedirne la fuoriuscita. Applicato due volte, nella maggior parte dei casi blocca la &quot;fuoriuscita&quot; in modo abbastanza sicuro e dovrebbe essere in grado di sostituire molto bene la lacca a base di gomma come primer isolante. Alcuni vantaggi del Nordic Chic Primer rispetto alla lacca a base di gomma: il Nordic Chic Primer \u00e8 pi\u00f9 elastico della lacca a base di gomma e il Nordic Chic Primer non si gonfia a contatto con l&#039;acqua.\" \/>\n<meta property=\"og:url\" content=\"https:\/\/nordicchicpaint.com\/it\/primer\/\" \/>\n<meta property=\"og:site_name\" content=\"Nordic Chic\u00ae\" \/>\n<meta property=\"article:modified_time\" content=\"2025-01-13T10:14:13+00:00\" \/>\n<meta property=\"og:image\" content=\"https:\/\/nordicchicpaint.com\/wp-content\/uploads\/2023\/06\/primer-2-e1687933505150.jpeg\" \/>\n\t<meta property=\"og:image:width\" content=\"1920\" \/>\n\t<meta property=\"og:image:height\" content=\"681\" \/>\n\t<meta property=\"og:image:type\" content=\"image\/jpeg\" \/>\n<meta name=\"twitter:card\" content=\"summary_large_image\" \/>\n<meta name=\"twitter:label1\" content=\"Tempo di lettura stimato\" \/>\n\t<meta name=\"twitter:data1\" content=\"2 minuti\" \/>\n<script type=\"application\/ld+json\" class=\"yoast-schema-graph\">{\"@context\":\"https:\/\/schema.org\",\"@graph\":[{\"@type\":\"WebPage\",\"@id\":\"https:\/\/nordicchicpaint.com\/it\/primer\/\",\"url\":\"https:\/\/nordicchicpaint.com\/it\/primer\/\",\"name\":\"Primer &#183; Nordic Chic\u00ae\",\"isPartOf\":{\"@id\":\"https:\/\/nordicchicpaint.com\/it\/#website\"},\"primaryImageOfPage\":{\"@id\":\"https:\/\/nordicchicpaint.com\/it\/primer\/#primaryimage\"},\"image\":{\"@id\":\"https:\/\/nordicchicpaint.com\/it\/primer\/#primaryimage\"},\"thumbnailUrl\":\"https:\/\/nordicchicpaint.com\/wp-content\/uploads\/2023\/06\/primer-2-e1687933505150.jpeg\",\"datePublished\":\"2022-04-13T07:04:31+00:00\",\"dateModified\":\"2025-01-13T10:14:13+00:00\",\"description\":\"Se hai mobili in legno che potrebbero contenere molti tannini, puoi usare il nostro Primer per impedirne la fuoriuscita. Applicato due volte, nella maggior parte dei casi blocca la \\\"fuoriuscita\\\" in modo abbastanza sicuro e dovrebbe essere in grado di sostituire molto bene la lacca a base di gomma come primer isolante. Alcuni vantaggi del Nordic Chic Primer rispetto alla lacca a base di gomma: il Nordic Chic Primer \u00e8 pi\u00f9 elastico della lacca a base di gomma e il Nordic Chic Primer non si gonfia a contatto con l'acqua.\",\"breadcrumb\":{\"@id\":\"https:\/\/nordicchicpaint.com\/it\/primer\/#breadcrumb\"},\"inLanguage\":\"it-IT\",\"potentialAction\":[{\"@type\":\"ReadAction\",\"target\":[\"https:\/\/nordicchicpaint.com\/it\/primer\/\"]}]},{\"@type\":\"ImageObject\",\"inLanguage\":\"it-IT\",\"@id\":\"https:\/\/nordicchicpaint.com\/it\/primer\/#primaryimage\",\"url\":\"https:\/\/nordicchicpaint.com\/wp-content\/uploads\/2023\/06\/primer-2-e1687933505150.jpeg\",\"contentUrl\":\"https:\/\/nordicchicpaint.com\/wp-content\/uploads\/2023\/06\/primer-2-e1687933505150.jpeg\",\"width\":1920,\"height\":681},{\"@type\":\"BreadcrumbList\",\"@id\":\"https:\/\/nordicchicpaint.com\/it\/primer\/#breadcrumb\",\"itemListElement\":[{\"@type\":\"ListItem\",\"position\":1,\"name\":\"Hjem\",\"item\":\"https:\/\/nordicchicpaint.com\/it\/\"},{\"@type\":\"ListItem\",\"position\":2,\"name\":\"Primer\"}]},{\"@type\":\"WebSite\",\"@id\":\"https:\/\/nordicchicpaint.com\/it\/#website\",\"url\":\"https:\/\/nordicchicpaint.com\/it\/\",\"name\":\"Nordic Chic\u00ae\",\"description\":\"Chalk paint for interior and exterior use\",\"publisher\":{\"@id\":\"https:\/\/nordicchicpaint.com\/it\/#organization\"},\"potentialAction\":[{\"@type\":\"SearchAction\",\"target\":{\"@type\":\"EntryPoint\",\"urlTemplate\":\"https:\/\/nordicchicpaint.com\/it\/?s={search_term_string}\"},\"query-input\":{\"@type\":\"PropertyValueSpecification\",\"valueRequired\":true,\"valueName\":\"search_term_string\"}}],\"inLanguage\":\"it-IT\"},{\"@type\":\"Organization\",\"@id\":\"https:\/\/nordicchicpaint.com\/it\/#organization\",\"name\":\"Nordic Chic\u00ae\",\"url\":\"https:\/\/nordicchicpaint.com\/it\/\",\"logo\":{\"@type\":\"ImageObject\",\"inLanguage\":\"it-IT\",\"@id\":\"https:\/\/nordicchicpaint.com\/it\/#\/schema\/logo\/image\/\",\"url\":\"https:\/\/nordicchicpaint.com\/wp-content\/uploads\/2021\/10\/logo.svg\",\"contentUrl\":\"https:\/\/nordicchicpaint.com\/wp-content\/uploads\/2021\/10\/logo.svg\",\"width\":479,\"height\":474,\"caption\":\"Nordic Chic\u00ae\"},\"image\":{\"@id\":\"https:\/\/nordicchicpaint.com\/it\/#\/schema\/logo\/image\/\"}}]}<\/script>\n<!-- \/ Yoast SEO plugin. -->","yoast_head_json":{"title":"Primer &#183; Nordic Chic\u00ae","description":"Se hai mobili in legno che potrebbero contenere molti tannini, puoi usare il nostro Primer per impedirne la fuoriuscita. Applicato due volte, nella maggior parte dei casi blocca la \"fuoriuscita\" in modo abbastanza sicuro e dovrebbe essere in grado di sostituire molto bene la lacca a base di gomma come primer isolante. Alcuni vantaggi del Nordic Chic Primer rispetto alla lacca a base di gomma: il Nordic Chic Primer \u00e8 pi\u00f9 elastico della lacca a base di gomma e il Nordic Chic Primer non si gonfia a contatto con l'acqua.","robots":{"index":"index","follow":"follow","max-snippet":"max-snippet:-1","max-image-preview":"max-image-preview:large","max-video-preview":"max-video-preview:-1"},"canonical":"https:\/\/nordicchicpaint.com\/it\/primer\/","og_locale":"it_IT","og_type":"article","og_title":"Primer &#183; Nordic Chic\u00ae","og_description":"Se hai mobili in legno che potrebbero contenere molti tannini, puoi usare il nostro Primer per impedirne la fuoriuscita. Applicato due volte, nella maggior parte dei casi blocca la \"fuoriuscita\" in modo abbastanza sicuro e dovrebbe essere in grado di sostituire molto bene la lacca a base di gomma come primer isolante. Alcuni vantaggi del Nordic Chic Primer rispetto alla lacca a base di gomma: il Nordic Chic Primer \u00e8 pi\u00f9 elastico della lacca a base di gomma e il Nordic Chic Primer non si gonfia a contatto con l'acqua.","og_url":"https:\/\/nordicchicpaint.com\/it\/primer\/","og_site_name":"Nordic Chic\u00ae","article_modified_time":"2025-01-13T10:14:13+00:00","og_image":[{"width":1920,"height":681,"url":"https:\/\/nordicchicpaint.com\/wp-content\/uploads\/2023\/06\/primer-2-e1687933505150.jpeg","type":"image\/jpeg"}],"twitter_card":"summary_large_image","twitter_misc":{"Tempo di lettura stimato":"2 minuti"},"schema":{"@context":"https:\/\/schema.org","@graph":[{"@type":"WebPage","@id":"https:\/\/nordicchicpaint.com\/it\/primer\/","url":"https:\/\/nordicchicpaint.com\/it\/primer\/","name":"Primer &#183; Nordic Chic\u00ae","isPartOf":{"@id":"https:\/\/nordicchicpaint.com\/it\/#website"},"primaryImageOfPage":{"@id":"https:\/\/nordicchicpaint.com\/it\/primer\/#primaryimage"},"image":{"@id":"https:\/\/nordicchicpaint.com\/it\/primer\/#primaryimage"},"thumbnailUrl":"https:\/\/nordicchicpaint.com\/wp-content\/uploads\/2023\/06\/primer-2-e1687933505150.jpeg","datePublished":"2022-04-13T07:04:31+00:00","dateModified":"2025-01-13T10:14:13+00:00","description":"Se hai mobili in legno che potrebbero contenere molti tannini, puoi usare il nostro Primer per impedirne la fuoriuscita. Applicato due volte, nella maggior parte dei casi blocca la \"fuoriuscita\" in modo abbastanza sicuro e dovrebbe essere in grado di sostituire molto bene la lacca a base di gomma come primer isolante. Alcuni vantaggi del Nordic Chic Primer rispetto alla lacca a base di gomma: il Nordic Chic Primer \u00e8 pi\u00f9 elastico della lacca a base di gomma e il Nordic Chic Primer non si gonfia a contatto con l'acqua.","breadcrumb":{"@id":"https:\/\/nordicchicpaint.com\/it\/primer\/#breadcrumb"},"inLanguage":"it-IT","potentialAction":[{"@type":"ReadAction","target":["https:\/\/nordicchicpaint.com\/it\/primer\/"]}]},{"@type":"ImageObject","inLanguage":"it-IT","@id":"https:\/\/nordicchicpaint.com\/it\/primer\/#primaryimage","url":"https:\/\/nordicchicpaint.com\/wp-content\/uploads\/2023\/06\/primer-2-e1687933505150.jpeg","contentUrl":"https:\/\/nordicchicpaint.com\/wp-content\/uploads\/2023\/06\/primer-2-e1687933505150.jpeg","width":1920,"height":681},{"@type":"BreadcrumbList","@id":"https:\/\/nordicchicpaint.com\/it\/primer\/#breadcrumb","itemListElement":[{"@type":"ListItem","position":1,"name":"Hjem","item":"https:\/\/nordicchicpaint.com\/it\/"},{"@type":"ListItem","position":2,"name":"Primer"}]},{"@type":"WebSite","@id":"https:\/\/nordicchicpaint.com\/it\/#website","url":"https:\/\/nordicchicpaint.com\/it\/","name":"Nordic Chic\u00ae","description":"Chalk paint for interior and exterior use","publisher":{"@id":"https:\/\/nordicchicpaint.com\/it\/#organization"},"potentialAction":[{"@type":"SearchAction","target":{"@type":"EntryPoint","urlTemplate":"https:\/\/nordicchicpaint.com\/it\/?s={search_term_string}"},"query-input":{"@type":"PropertyValueSpecification","valueRequired":true,"valueName":"search_term_string"}}],"inLanguage":"it-IT"},{"@type":"Organization","@id":"https:\/\/nordicchicpaint.com\/it\/#organization","name":"Nordic Chic\u00ae","url":"https:\/\/nordicchicpaint.com\/it\/","logo":{"@type":"ImageObject","inLanguage":"it-IT","@id":"https:\/\/nordicchicpaint.com\/it\/#\/schema\/logo\/image\/","url":"https:\/\/nordicchicpaint.com\/wp-content\/uploads\/2021\/10\/logo.svg","contentUrl":"https:\/\/nordicchicpaint.com\/wp-content\/uploads\/2021\/10\/logo.svg","width":479,"height":474,"caption":"Nordic Chic\u00ae"},"image":{"@id":"https:\/\/nordicchicpaint.com\/it\/#\/schema\/logo\/image\/"}}]}},"_links":{"self":[{"href":"https:\/\/nordicchicpaint.com\/it\/wp-json\/wp\/v2\/pages\/6248"}],"collection":[{"href":"https:\/\/nordicchicpaint.com\/it\/wp-json\/wp\/v2\/pages"}],"about":[{"href":"https:\/\/nordicchicpaint.com\/it\/wp-json\/wp\/v2\/types\/page"}],"author":[{"embeddable":true,"href":"https:\/\/nordicchicpaint.com\/it\/wp-json\/wp\/v2\/users\/1"}],"replies":[{"embeddable":true,"href":"https:\/\/nordicchicpaint.com\/it\/wp-json\/wp\/v2\/comments?post=6248"}],"version-history":[{"count":2,"href":"https:\/\/nordicchicpaint.com\/it\/wp-json\/wp\/v2\/pages\/6248\/revisions"}],"predecessor-version":[{"id":6250,"href":"https:\/\/nordicchicpaint.com\/it\/wp-json\/wp\/v2\/pages\/6248\/revisions\/6250"}],"wp:featuredmedia":[{"embeddable":true,"href":"https:\/\/nordicchicpaint.com\/it\/wp-json\/wp\/v2\/media\/5783"}],"wp:attachment":[{"href":"https:\/\/nordicchicpaint.com\/it\/wp-json\/wp\/v2\/media?parent=6248"}],"wp:term":[{"taxonomy":"category","embeddable":true,"href":"https:\/\/nordicchicpaint.com\/it\/wp-json\/wp\/v2\/categories?post=6248"}],"curies":[{"name":"wp","href":"https:\/\/api.w.org\/{rel}","templated":true}]}}