{"id":6245,"date":"2022-04-13T09:04:47","date_gmt":"2022-04-13T07:04:47","guid":{"rendered":"https:\/\/nordicchicpaint.com\/prep-clean\/"},"modified":"2025-01-13T11:12:47","modified_gmt":"2025-01-13T10:12:47","slug":"prep-clean","status":"publish","type":"page","link":"https:\/\/nordicchicpaint.com\/it\/prep-clean\/","title":{"rendered":"Prep &#038; Clean"},"content":{"rendered":"<section class=\"wpb-content-wrapper\"><p>[vc_row][vc_column]<div class=\"ult-spacer spacer-69e04479c9f9c\" data-id=\"69e04479c9f9c\" data-height=\"90\" data-height-mobile=\"60\" data-height-tab=\"90\" data-height-tab-portrait=\"60\" data-height-mobile-landscape=\"60\" style=\"clear:both;display:block;\"><\/div>[vc_column_text]<\/p>\n<h1>Nordic Chic\u00ae Prep &amp; Clean<\/h1>\n<p>\u00e8 un detergente multiuso intensivo, sgrassante e decerante ad alta capacit\u00e0 pronto all&#8217;uso con il potere pulente del sapone all&#8217;olio di pino.<\/p>\n<p>\u00c8 un eccellente detergente universale da utilizzare ovunque in casa, ma \u00e8 particolarmente adatto per rendere i tuoi mobili belli e pronti per una mano di vernice Nordic Chic\u00ae.<\/p>\n<p>Prep &amp; Clean \u00e8 disponibile in un pratico flacone spray per darti quel pizzico di praticit\u00e0 in pi\u00f9 quando tratti i tuoi tesori in legno.<\/p>\n<p><strong>Come fare<\/strong>:<\/p>\n<p>Inumidire moderatamente la superficie con un panno umido. Successivamente<br \/>\nspruzzare Prep &amp; Clean e lasciare agire per un paio di minuti. Mentre \u00e8 ancora bagnato, pulire la superficie con un panno pulito per rimuovere lo sporco e il detergente. Ripetere se necessario.<\/p>\n<p>Quando tutte le macchie sono scomparse, dare alla superficie un&#8217;ultima passata con un panno umido e pulito per rimuovere completamente il detergente. Assicurati che la superficie sia completamente asciutta prima di verniciarla con le vernici per mobili Nordic Chic\u00ae.<\/p>\n<ul>\n<li><strong>Tempo di asciugatura<\/strong>: a seconda della temperatura ambiente e dell&#8217;umidit\u00e0 relativa, il prodotto sar\u00e0 normalmente asciutto al tatto dopo 15 minuti. La superficie sar\u00e0 completamente asciutta\/pronta per la verniciatura dopo circa 2-4 ore.<\/li>\n<li><strong>Copertura<\/strong>: circa 11-14 m\u00b2 per litro.<\/li>\n<li><strong>Pulizia<\/strong>: pulire gli attrezzi subito dopo l&#8217;uso con acqua calda e sapone.<\/li>\n<li><strong>Conservazione<\/strong>: tenere i contenitori ben chiusi e fuori dalla portata dei bambini. Conservare in un luogo fresco e al riparo dal gelo.<\/li>\n<li><strong>Ingredienti<\/strong>: sapone all&#8217;olio di pino, oli essenziali, acqua.<\/li>\n<li><strong>Smaltimento<\/strong>: non scaricare negli scarichi. Lasciare asciugare il detergente inutilizzato; quindi pu\u00f2 essere smaltito secondo le norme locali sullo smaltimento dei rifiuti.<\/li>\n<\/ul>\n<p>Contenuto: 1 litro[\/vc_column_text]<div class=\"ult-spacer spacer-69e04479c9fea\" data-id=\"69e04479c9fea\" data-height=\"90\" data-height-mobile=\"60\" data-height-tab=\"90\" data-height-tab-portrait=\"60\" data-height-mobile-landscape=\"60\" style=\"clear:both;display:block;\"><\/div>[\/vc_column][\/vc_row]<\/p>\n<\/section>","protected":false},"excerpt":{"rendered":"<p>[vc_row][vc_column][vc_column_text] Nordic Chic\u00ae Prep &amp; Clean \u00e8 un detergente multiuso intensivo, sgrassante e decerante ad alta capacit\u00e0 pronto all&#8217;uso con il potere pulente del sapone all&#8217;olio di pino. \u00c8 un eccellente detergente universale da utilizzare ovunque in casa, ma \u00e8 particolarmente adatto per rendere i tuoi mobili belli e pronti per una mano di vernice &#8230; <a title=\"Prep &#038; Clean\" class=\"read-more\" href=\"https:\/\/nordicchicpaint.com\/it\/prep-clean\/\" aria-label=\"Per saperne di pi\u00f9 su Prep &#038; Clean\">Leggi tutto<\/a><\/p>\n","protected":false},"author":1,"featured_media":5720,"parent":0,"menu_order":0,"comment_status":"closed","ping_status":"closed","template":"","meta":{"_acf_changed":false,"footnotes":""},"categories":[],"class_list":["post-6245","page","type-page","status-publish","has-post-thumbnail"],"acf":[],"yoast_head":"<!-- This site is optimized with the Yoast SEO plugin v23.4 - https:\/\/yoast.com\/wordpress\/plugins\/seo\/ -->\n<title>Prep &amp; Clean &#183; Nordic Chic\u00ae<\/title>\n<meta name=\"description\" content=\"Nordic Chic\u00ae Prep &amp; Clean \u00e8 un detergente multiuso intensivo, sgrassante e decerante ad alta capacit\u00e0, pronto all&#039;uso, con il potere pulente del sapone all&#039;olio di pino. \u00c8 un eccellente detergente universale da utilizzare in qualsiasi punto della casa, ma \u00e8 particolarmente adatto per preparare i tuoi mobili a una mano di vernice Nordic Chic\u00ae. Prep &amp; Clean \u00e8 disponibile in un pratico flacone spray per offrirti un tocco di praticit\u00e0 in pi\u00f9 quando tratti i tuoi tesori in legno.\" \/>\n<meta name=\"robots\" content=\"index, follow, max-snippet:-1, max-image-preview:large, max-video-preview:-1\" \/>\n<link rel=\"canonical\" href=\"https:\/\/nordicchicpaint.com\/it\/prep-clean\/\" \/>\n<meta property=\"og:locale\" content=\"it_IT\" \/>\n<meta property=\"og:type\" content=\"article\" \/>\n<meta property=\"og:title\" content=\"Prep &amp; Clean &#183; Nordic Chic\u00ae\" \/>\n<meta property=\"og:description\" content=\"Nordic Chic\u00ae Prep &amp; Clean \u00e8 un detergente multiuso intensivo, sgrassante e decerante ad alta capacit\u00e0, pronto all&#039;uso, con il potere pulente del sapone all&#039;olio di pino. \u00c8 un eccellente detergente universale da utilizzare in qualsiasi punto della casa, ma \u00e8 particolarmente adatto per preparare i tuoi mobili a una mano di vernice Nordic Chic\u00ae. Prep &amp; Clean \u00e8 disponibile in un pratico flacone spray per offrirti un tocco di praticit\u00e0 in pi\u00f9 quando tratti i tuoi tesori in legno.\" \/>\n<meta property=\"og:url\" content=\"https:\/\/nordicchicpaint.com\/it\/prep-clean\/\" \/>\n<meta property=\"og:site_name\" content=\"Nordic Chic\u00ae\" \/>\n<meta property=\"article:modified_time\" content=\"2025-01-13T10:12:47+00:00\" \/>\n<meta property=\"og:image\" content=\"https:\/\/nordicchicpaint.com\/wp-content\/uploads\/2022\/08\/prepandclean.jpeg\" \/>\n\t<meta property=\"og:image:width\" content=\"1920\" \/>\n\t<meta property=\"og:image:height\" content=\"1080\" \/>\n\t<meta property=\"og:image:type\" content=\"image\/jpeg\" \/>\n<meta name=\"twitter:card\" content=\"summary_large_image\" \/>\n<meta name=\"twitter:label1\" content=\"Tempo di lettura stimato\" \/>\n\t<meta name=\"twitter:data1\" content=\"2 minuti\" \/>\n<script type=\"application\/ld+json\" class=\"yoast-schema-graph\">{\"@context\":\"https:\/\/schema.org\",\"@graph\":[{\"@type\":\"WebPage\",\"@id\":\"https:\/\/nordicchicpaint.com\/it\/prep-clean\/\",\"url\":\"https:\/\/nordicchicpaint.com\/it\/prep-clean\/\",\"name\":\"Prep & Clean &#183; Nordic Chic\u00ae\",\"isPartOf\":{\"@id\":\"https:\/\/nordicchicpaint.com\/it\/#website\"},\"primaryImageOfPage\":{\"@id\":\"https:\/\/nordicchicpaint.com\/it\/prep-clean\/#primaryimage\"},\"image\":{\"@id\":\"https:\/\/nordicchicpaint.com\/it\/prep-clean\/#primaryimage\"},\"thumbnailUrl\":\"https:\/\/nordicchicpaint.com\/wp-content\/uploads\/2022\/08\/prepandclean.jpeg\",\"datePublished\":\"2022-04-13T07:04:47+00:00\",\"dateModified\":\"2025-01-13T10:12:47+00:00\",\"description\":\"Nordic Chic\u00ae Prep & Clean \u00e8 un detergente multiuso intensivo, sgrassante e decerante ad alta capacit\u00e0, pronto all'uso, con il potere pulente del sapone all'olio di pino. \u00c8 un eccellente detergente universale da utilizzare in qualsiasi punto della casa, ma \u00e8 particolarmente adatto per preparare i tuoi mobili a una mano di vernice Nordic Chic\u00ae. Prep & Clean \u00e8 disponibile in un pratico flacone spray per offrirti un tocco di praticit\u00e0 in pi\u00f9 quando tratti i tuoi tesori in legno.\",\"breadcrumb\":{\"@id\":\"https:\/\/nordicchicpaint.com\/it\/prep-clean\/#breadcrumb\"},\"inLanguage\":\"it-IT\",\"potentialAction\":[{\"@type\":\"ReadAction\",\"target\":[\"https:\/\/nordicchicpaint.com\/it\/prep-clean\/\"]}]},{\"@type\":\"ImageObject\",\"inLanguage\":\"it-IT\",\"@id\":\"https:\/\/nordicchicpaint.com\/it\/prep-clean\/#primaryimage\",\"url\":\"https:\/\/nordicchicpaint.com\/wp-content\/uploads\/2022\/08\/prepandclean.jpeg\",\"contentUrl\":\"https:\/\/nordicchicpaint.com\/wp-content\/uploads\/2022\/08\/prepandclean.jpeg\",\"width\":1920,\"height\":1080},{\"@type\":\"BreadcrumbList\",\"@id\":\"https:\/\/nordicchicpaint.com\/it\/prep-clean\/#breadcrumb\",\"itemListElement\":[{\"@type\":\"ListItem\",\"position\":1,\"name\":\"Hjem\",\"item\":\"https:\/\/nordicchicpaint.com\/it\/\"},{\"@type\":\"ListItem\",\"position\":2,\"name\":\"Prep &#038; Clean\"}]},{\"@type\":\"WebSite\",\"@id\":\"https:\/\/nordicchicpaint.com\/it\/#website\",\"url\":\"https:\/\/nordicchicpaint.com\/it\/\",\"name\":\"Nordic Chic\u00ae\",\"description\":\"Chalk paint for interior and exterior use\",\"publisher\":{\"@id\":\"https:\/\/nordicchicpaint.com\/it\/#organization\"},\"potentialAction\":[{\"@type\":\"SearchAction\",\"target\":{\"@type\":\"EntryPoint\",\"urlTemplate\":\"https:\/\/nordicchicpaint.com\/it\/?s={search_term_string}\"},\"query-input\":{\"@type\":\"PropertyValueSpecification\",\"valueRequired\":true,\"valueName\":\"search_term_string\"}}],\"inLanguage\":\"it-IT\"},{\"@type\":\"Organization\",\"@id\":\"https:\/\/nordicchicpaint.com\/it\/#organization\",\"name\":\"Nordic Chic\u00ae\",\"url\":\"https:\/\/nordicchicpaint.com\/it\/\",\"logo\":{\"@type\":\"ImageObject\",\"inLanguage\":\"it-IT\",\"@id\":\"https:\/\/nordicchicpaint.com\/it\/#\/schema\/logo\/image\/\",\"url\":\"https:\/\/nordicchicpaint.com\/wp-content\/uploads\/2021\/10\/logo.svg\",\"contentUrl\":\"https:\/\/nordicchicpaint.com\/wp-content\/uploads\/2021\/10\/logo.svg\",\"width\":479,\"height\":474,\"caption\":\"Nordic Chic\u00ae\"},\"image\":{\"@id\":\"https:\/\/nordicchicpaint.com\/it\/#\/schema\/logo\/image\/\"}}]}<\/script>\n<!-- \/ Yoast SEO plugin. -->","yoast_head_json":{"title":"Prep & Clean &#183; Nordic Chic\u00ae","description":"Nordic Chic\u00ae Prep & Clean \u00e8 un detergente multiuso intensivo, sgrassante e decerante ad alta capacit\u00e0, pronto all'uso, con il potere pulente del sapone all'olio di pino. \u00c8 un eccellente detergente universale da utilizzare in qualsiasi punto della casa, ma \u00e8 particolarmente adatto per preparare i tuoi mobili a una mano di vernice Nordic Chic\u00ae. Prep & Clean \u00e8 disponibile in un pratico flacone spray per offrirti un tocco di praticit\u00e0 in pi\u00f9 quando tratti i tuoi tesori in legno.","robots":{"index":"index","follow":"follow","max-snippet":"max-snippet:-1","max-image-preview":"max-image-preview:large","max-video-preview":"max-video-preview:-1"},"canonical":"https:\/\/nordicchicpaint.com\/it\/prep-clean\/","og_locale":"it_IT","og_type":"article","og_title":"Prep & Clean &#183; Nordic Chic\u00ae","og_description":"Nordic Chic\u00ae Prep & Clean \u00e8 un detergente multiuso intensivo, sgrassante e decerante ad alta capacit\u00e0, pronto all'uso, con il potere pulente del sapone all'olio di pino. \u00c8 un eccellente detergente universale da utilizzare in qualsiasi punto della casa, ma \u00e8 particolarmente adatto per preparare i tuoi mobili a una mano di vernice Nordic Chic\u00ae. Prep & Clean \u00e8 disponibile in un pratico flacone spray per offrirti un tocco di praticit\u00e0 in pi\u00f9 quando tratti i tuoi tesori in legno.","og_url":"https:\/\/nordicchicpaint.com\/it\/prep-clean\/","og_site_name":"Nordic Chic\u00ae","article_modified_time":"2025-01-13T10:12:47+00:00","og_image":[{"width":1920,"height":1080,"url":"https:\/\/nordicchicpaint.com\/wp-content\/uploads\/2022\/08\/prepandclean.jpeg","type":"image\/jpeg"}],"twitter_card":"summary_large_image","twitter_misc":{"Tempo di lettura stimato":"2 minuti"},"schema":{"@context":"https:\/\/schema.org","@graph":[{"@type":"WebPage","@id":"https:\/\/nordicchicpaint.com\/it\/prep-clean\/","url":"https:\/\/nordicchicpaint.com\/it\/prep-clean\/","name":"Prep & Clean &#183; Nordic Chic\u00ae","isPartOf":{"@id":"https:\/\/nordicchicpaint.com\/it\/#website"},"primaryImageOfPage":{"@id":"https:\/\/nordicchicpaint.com\/it\/prep-clean\/#primaryimage"},"image":{"@id":"https:\/\/nordicchicpaint.com\/it\/prep-clean\/#primaryimage"},"thumbnailUrl":"https:\/\/nordicchicpaint.com\/wp-content\/uploads\/2022\/08\/prepandclean.jpeg","datePublished":"2022-04-13T07:04:47+00:00","dateModified":"2025-01-13T10:12:47+00:00","description":"Nordic Chic\u00ae Prep & Clean \u00e8 un detergente multiuso intensivo, sgrassante e decerante ad alta capacit\u00e0, pronto all'uso, con il potere pulente del sapone all'olio di pino. \u00c8 un eccellente detergente universale da utilizzare in qualsiasi punto della casa, ma \u00e8 particolarmente adatto per preparare i tuoi mobili a una mano di vernice Nordic Chic\u00ae. Prep & Clean \u00e8 disponibile in un pratico flacone spray per offrirti un tocco di praticit\u00e0 in pi\u00f9 quando tratti i tuoi tesori in legno.","breadcrumb":{"@id":"https:\/\/nordicchicpaint.com\/it\/prep-clean\/#breadcrumb"},"inLanguage":"it-IT","potentialAction":[{"@type":"ReadAction","target":["https:\/\/nordicchicpaint.com\/it\/prep-clean\/"]}]},{"@type":"ImageObject","inLanguage":"it-IT","@id":"https:\/\/nordicchicpaint.com\/it\/prep-clean\/#primaryimage","url":"https:\/\/nordicchicpaint.com\/wp-content\/uploads\/2022\/08\/prepandclean.jpeg","contentUrl":"https:\/\/nordicchicpaint.com\/wp-content\/uploads\/2022\/08\/prepandclean.jpeg","width":1920,"height":1080},{"@type":"BreadcrumbList","@id":"https:\/\/nordicchicpaint.com\/it\/prep-clean\/#breadcrumb","itemListElement":[{"@type":"ListItem","position":1,"name":"Hjem","item":"https:\/\/nordicchicpaint.com\/it\/"},{"@type":"ListItem","position":2,"name":"Prep &#038; Clean"}]},{"@type":"WebSite","@id":"https:\/\/nordicchicpaint.com\/it\/#website","url":"https:\/\/nordicchicpaint.com\/it\/","name":"Nordic Chic\u00ae","description":"Chalk paint for interior and exterior use","publisher":{"@id":"https:\/\/nordicchicpaint.com\/it\/#organization"},"potentialAction":[{"@type":"SearchAction","target":{"@type":"EntryPoint","urlTemplate":"https:\/\/nordicchicpaint.com\/it\/?s={search_term_string}"},"query-input":{"@type":"PropertyValueSpecification","valueRequired":true,"valueName":"search_term_string"}}],"inLanguage":"it-IT"},{"@type":"Organization","@id":"https:\/\/nordicchicpaint.com\/it\/#organization","name":"Nordic Chic\u00ae","url":"https:\/\/nordicchicpaint.com\/it\/","logo":{"@type":"ImageObject","inLanguage":"it-IT","@id":"https:\/\/nordicchicpaint.com\/it\/#\/schema\/logo\/image\/","url":"https:\/\/nordicchicpaint.com\/wp-content\/uploads\/2021\/10\/logo.svg","contentUrl":"https:\/\/nordicchicpaint.com\/wp-content\/uploads\/2021\/10\/logo.svg","width":479,"height":474,"caption":"Nordic Chic\u00ae"},"image":{"@id":"https:\/\/nordicchicpaint.com\/it\/#\/schema\/logo\/image\/"}}]}},"_links":{"self":[{"href":"https:\/\/nordicchicpaint.com\/it\/wp-json\/wp\/v2\/pages\/6245"}],"collection":[{"href":"https:\/\/nordicchicpaint.com\/it\/wp-json\/wp\/v2\/pages"}],"about":[{"href":"https:\/\/nordicchicpaint.com\/it\/wp-json\/wp\/v2\/types\/page"}],"author":[{"embeddable":true,"href":"https:\/\/nordicchicpaint.com\/it\/wp-json\/wp\/v2\/users\/1"}],"replies":[{"embeddable":true,"href":"https:\/\/nordicchicpaint.com\/it\/wp-json\/wp\/v2\/comments?post=6245"}],"version-history":[{"count":2,"href":"https:\/\/nordicchicpaint.com\/it\/wp-json\/wp\/v2\/pages\/6245\/revisions"}],"predecessor-version":[{"id":6247,"href":"https:\/\/nordicchicpaint.com\/it\/wp-json\/wp\/v2\/pages\/6245\/revisions\/6247"}],"wp:featuredmedia":[{"embeddable":true,"href":"https:\/\/nordicchicpaint.com\/it\/wp-json\/wp\/v2\/media\/5720"}],"wp:attachment":[{"href":"https:\/\/nordicchicpaint.com\/it\/wp-json\/wp\/v2\/media?parent=6245"}],"wp:term":[{"taxonomy":"category","embeddable":true,"href":"https:\/\/nordicchicpaint.com\/it\/wp-json\/wp\/v2\/categories?post=6245"}],"curies":[{"name":"wp","href":"https:\/\/api.w.org\/{rel}","templated":true}]}}