{"id":6233,"date":"2022-05-25T15:24:59","date_gmt":"2022-05-25T13:24:59","guid":{"rendered":"https:\/\/nordicchicpaint.com\/lo-strumento\/fairydust\/"},"modified":"2025-01-13T10:55:29","modified_gmt":"2025-01-13T09:55:29","slug":"fairydust","status":"publish","type":"page","link":"https:\/\/nordicchicpaint.com\/it\/lo-strumento\/fairydust\/","title":{"rendered":"Fairydust"},"content":{"rendered":"<section class=\"wpb-content-wrapper\"><p>[vc_row full_width=&#8221;stretch_row&#8221; el_class=&#8221;farver-ops\u00e6tning&#8221;][vc_column]<div class=\"ult-spacer spacer-69e97ae95c9f9\" data-id=\"69e97ae95c9f9\" data-height=\"90\" data-height-mobile=\"60\" data-height-tab=\"90\" data-height-tab-portrait=\"60\" data-height-mobile-landscape=\"60\" style=\"clear:both;display:block;\"><\/div>[vc_row_inner][vc_column_inner width=&#8221;1\/6&#8243;][\/vc_column_inner][vc_column_inner width=&#8221;2\/3&#8243;][vc_column_text]<\/p>\n<h1 style=\"text-align: left;\">Colori Fairydust<\/h1>\n<p style=\"text-align: left;\">La Fairydust Nordic Chic\u00ae \u00e8 una polvere minerale che pu\u00f2 essere utilizzata per progetti di doratura.<\/p>\n<p style=\"text-align: left;\">Puoi aggiungerla alla tua cera trasparente e creare la tua cera dorata oppure puoi aggiungerla al tuo topcoat e creare una lacca metallica per legno, plastica, metallo ecc.<\/p>\n<p style=\"text-align: left;\">Puoi anche aggiungere la polvere al tuo progetto cos\u00ec com&#8217;\u00e8 e sigillarla in seguito.<\/p>\n<p>La Fairydust pu\u00f2 anche essere utilizzata nel sapone se stai realizzando saponi o bombe da bagno<\/p>\n<p style=\"text-align: left;\">\u00c8 sicura da usare poich\u00e9 \u00e8 certificata per l&#8217;uso nel trucco. Ti consigliamo di usare una maschera antipolvere quando lo usi perch\u00e9 sono particelle molto piccole che vengono trasportate dall&#8217;aria.<\/p>\n<p style=\"text-align: left;\">Contenuto 50 gr.<\/p>\n<p style=\"text-align: left;\">Trova il tuo rivenditore <a href=\"https:\/\/nordicchicpaint.com\/rivenditori-vicino-a-te\/\" target=\"_blank\" rel=\"noopener\">qui<\/a> o acquista qui <a href=\"http:\/\/www.nordicchic.eu\" target=\"_blank\" rel=\"noopener\">www.nordicchic.eu<\/a>.<\/p>\n<p>[\/vc_column_text][\/vc_column_inner][vc_column_inner width=&#8221;1\/6&#8243;][\/vc_column_inner][\/vc_row_inner][vc_empty_space height=&#8221;60px&#8221;][vc_media_grid element_width=&#8221;3&#8243; gap=&#8221;20&#8243; grid_id=&#8221;vc_gid:1666690598181-0e381783-4619-4&#8243; include=&#8221;3694,3695,3696,3697,3698,3699,3700&#8243;]<div class=\"ult-spacer spacer-69e97ae95ca4e\" data-id=\"69e97ae95ca4e\" data-height=\"90\" data-height-mobile=\"60\" data-height-tab=\"90\" data-height-tab-portrait=\"60\" data-height-mobile-landscape=\"60\" style=\"clear:both;display:block;\"><\/div>[\/vc_column][\/vc_row]<\/p>\n<\/section>","protected":false},"excerpt":{"rendered":"<p>[vc_row full_width=&#8221;stretch_row&#8221; el_class=&#8221;farver-ops\u00e6tning&#8221;][vc_column][vc_row_inner][vc_column_inner width=&#8221;1\/6&#8243;][\/vc_column_inner][vc_column_inner width=&#8221;2\/3&#8243;][vc_column_text] Colori Fairydust La Fairydust Nordic Chic\u00ae \u00e8 una polvere minerale che pu\u00f2 essere utilizzata per progetti di doratura. Puoi aggiungerla alla tua cera trasparente e creare la tua cera dorata oppure puoi aggiungerla al tuo topcoat e creare una lacca metallica per legno, plastica, metallo ecc. Puoi anche aggiungere la &#8230; <a title=\"Fairydust\" class=\"read-more\" href=\"https:\/\/nordicchicpaint.com\/it\/lo-strumento\/fairydust\/\" aria-label=\"Per saperne di pi\u00f9 su Fairydust\">Leggi tutto<\/a><\/p>\n","protected":false},"author":1,"featured_media":5777,"parent":6221,"menu_order":17,"comment_status":"closed","ping_status":"closed","template":"","meta":{"_acf_changed":false,"footnotes":""},"categories":[],"class_list":["post-6233","page","type-page","status-publish","has-post-thumbnail"],"acf":[],"yoast_head":"<!-- This site is optimized with the Yoast SEO plugin v23.4 - https:\/\/yoast.com\/wordpress\/plugins\/seo\/ -->\n<title>Fairydust &#183; Nordic Chic\u00ae<\/title>\n<meta name=\"description\" content=\"Nordic Chic\u00ae Fairydust \u00e8 una polvere minerale che pu\u00f2 essere utilizzata per progetti di doratura. Puoi aggiungerla alla tua cera trasparente e creare la tua cera per doratura oppure puoi aggiungerla al tuo topcoat e creare una lacca metallica per legno, plastica, metallo ecc. Puoi anche aggiungere la polvere al tuo progetto cos\u00ec com&#039;\u00e8 e sigillarla in seguito. Fairydust pu\u00f2 anche essere utilizzata nel sapone se stai realizzando i tuoi saponi o bombe da bagno.\" \/>\n<meta name=\"robots\" content=\"index, follow, max-snippet:-1, max-image-preview:large, max-video-preview:-1\" \/>\n<link rel=\"canonical\" href=\"https:\/\/nordicchicpaint.com\/it\/lo-strumento\/fairydust\/\" \/>\n<meta property=\"og:locale\" content=\"it_IT\" \/>\n<meta property=\"og:type\" content=\"article\" \/>\n<meta property=\"og:title\" content=\"Fairydust &#183; Nordic Chic\u00ae\" \/>\n<meta property=\"og:description\" content=\"Nordic Chic\u00ae Fairydust \u00e8 una polvere minerale che pu\u00f2 essere utilizzata per progetti di doratura. Puoi aggiungerla alla tua cera trasparente e creare la tua cera per doratura oppure puoi aggiungerla al tuo topcoat e creare una lacca metallica per legno, plastica, metallo ecc. Puoi anche aggiungere la polvere al tuo progetto cos\u00ec com&#039;\u00e8 e sigillarla in seguito. Fairydust pu\u00f2 anche essere utilizzata nel sapone se stai realizzando i tuoi saponi o bombe da bagno.\" \/>\n<meta property=\"og:url\" content=\"https:\/\/nordicchicpaint.com\/it\/lo-strumento\/fairydust\/\" \/>\n<meta property=\"og:site_name\" content=\"Nordic Chic\u00ae\" \/>\n<meta property=\"article:modified_time\" content=\"2025-01-13T09:55:29+00:00\" \/>\n<meta property=\"og:image\" content=\"https:\/\/nordicchicpaint.com\/wp-content\/uploads\/2023\/06\/fairydust-1-e1687933209773.jpeg\" \/>\n\t<meta property=\"og:image:width\" content=\"1920\" \/>\n\t<meta property=\"og:image:height\" content=\"763\" \/>\n\t<meta property=\"og:image:type\" content=\"image\/jpeg\" \/>\n<meta name=\"twitter:card\" content=\"summary_large_image\" \/>\n<meta name=\"twitter:label1\" content=\"Tempo di lettura stimato\" \/>\n\t<meta name=\"twitter:data1\" content=\"1 minuto\" \/>\n<script type=\"application\/ld+json\" class=\"yoast-schema-graph\">{\"@context\":\"https:\/\/schema.org\",\"@graph\":[{\"@type\":\"WebPage\",\"@id\":\"https:\/\/nordicchicpaint.com\/it\/lo-strumento\/fairydust\/\",\"url\":\"https:\/\/nordicchicpaint.com\/it\/lo-strumento\/fairydust\/\",\"name\":\"Fairydust &#183; Nordic Chic\u00ae\",\"isPartOf\":{\"@id\":\"https:\/\/nordicchicpaint.com\/it\/#website\"},\"primaryImageOfPage\":{\"@id\":\"https:\/\/nordicchicpaint.com\/it\/lo-strumento\/fairydust\/#primaryimage\"},\"image\":{\"@id\":\"https:\/\/nordicchicpaint.com\/it\/lo-strumento\/fairydust\/#primaryimage\"},\"thumbnailUrl\":\"https:\/\/nordicchicpaint.com\/wp-content\/uploads\/2023\/06\/fairydust-1-e1687933209773.jpeg\",\"datePublished\":\"2022-05-25T13:24:59+00:00\",\"dateModified\":\"2025-01-13T09:55:29+00:00\",\"description\":\"Nordic Chic\u00ae Fairydust \u00e8 una polvere minerale che pu\u00f2 essere utilizzata per progetti di doratura. Puoi aggiungerla alla tua cera trasparente e creare la tua cera per doratura oppure puoi aggiungerla al tuo topcoat e creare una lacca metallica per legno, plastica, metallo ecc. Puoi anche aggiungere la polvere al tuo progetto cos\u00ec com'\u00e8 e sigillarla in seguito. Fairydust pu\u00f2 anche essere utilizzata nel sapone se stai realizzando i tuoi saponi o bombe da bagno.\",\"breadcrumb\":{\"@id\":\"https:\/\/nordicchicpaint.com\/it\/lo-strumento\/fairydust\/#breadcrumb\"},\"inLanguage\":\"it-IT\",\"potentialAction\":[{\"@type\":\"ReadAction\",\"target\":[\"https:\/\/nordicchicpaint.com\/it\/lo-strumento\/fairydust\/\"]}]},{\"@type\":\"ImageObject\",\"inLanguage\":\"it-IT\",\"@id\":\"https:\/\/nordicchicpaint.com\/it\/lo-strumento\/fairydust\/#primaryimage\",\"url\":\"https:\/\/nordicchicpaint.com\/wp-content\/uploads\/2023\/06\/fairydust-1-e1687933209773.jpeg\",\"contentUrl\":\"https:\/\/nordicchicpaint.com\/wp-content\/uploads\/2023\/06\/fairydust-1-e1687933209773.jpeg\",\"width\":1920,\"height\":763},{\"@type\":\"BreadcrumbList\",\"@id\":\"https:\/\/nordicchicpaint.com\/it\/lo-strumento\/fairydust\/#breadcrumb\",\"itemListElement\":[{\"@type\":\"ListItem\",\"position\":1,\"name\":\"Hjem\",\"item\":\"https:\/\/nordicchicpaint.com\/it\/\"},{\"@type\":\"ListItem\",\"position\":2,\"name\":\"lo strumento\",\"item\":\"https:\/\/nordicchicpaint.com\/it\/mediums\/\"},{\"@type\":\"ListItem\",\"position\":3,\"name\":\"Fairydust\"}]},{\"@type\":\"WebSite\",\"@id\":\"https:\/\/nordicchicpaint.com\/it\/#website\",\"url\":\"https:\/\/nordicchicpaint.com\/it\/\",\"name\":\"Nordic Chic\u00ae\",\"description\":\"Chalk paint for interior and exterior use\",\"publisher\":{\"@id\":\"https:\/\/nordicchicpaint.com\/it\/#organization\"},\"potentialAction\":[{\"@type\":\"SearchAction\",\"target\":{\"@type\":\"EntryPoint\",\"urlTemplate\":\"https:\/\/nordicchicpaint.com\/it\/?s={search_term_string}\"},\"query-input\":{\"@type\":\"PropertyValueSpecification\",\"valueRequired\":true,\"valueName\":\"search_term_string\"}}],\"inLanguage\":\"it-IT\"},{\"@type\":\"Organization\",\"@id\":\"https:\/\/nordicchicpaint.com\/it\/#organization\",\"name\":\"Nordic Chic\u00ae\",\"url\":\"https:\/\/nordicchicpaint.com\/it\/\",\"logo\":{\"@type\":\"ImageObject\",\"inLanguage\":\"it-IT\",\"@id\":\"https:\/\/nordicchicpaint.com\/it\/#\/schema\/logo\/image\/\",\"url\":\"https:\/\/nordicchicpaint.com\/wp-content\/uploads\/2021\/10\/logo.svg\",\"contentUrl\":\"https:\/\/nordicchicpaint.com\/wp-content\/uploads\/2021\/10\/logo.svg\",\"width\":479,\"height\":474,\"caption\":\"Nordic Chic\u00ae\"},\"image\":{\"@id\":\"https:\/\/nordicchicpaint.com\/it\/#\/schema\/logo\/image\/\"}}]}<\/script>\n<!-- \/ Yoast SEO plugin. -->","yoast_head_json":{"title":"Fairydust &#183; Nordic Chic\u00ae","description":"Nordic Chic\u00ae Fairydust \u00e8 una polvere minerale che pu\u00f2 essere utilizzata per progetti di doratura. Puoi aggiungerla alla tua cera trasparente e creare la tua cera per doratura oppure puoi aggiungerla al tuo topcoat e creare una lacca metallica per legno, plastica, metallo ecc. Puoi anche aggiungere la polvere al tuo progetto cos\u00ec com'\u00e8 e sigillarla in seguito. Fairydust pu\u00f2 anche essere utilizzata nel sapone se stai realizzando i tuoi saponi o bombe da bagno.","robots":{"index":"index","follow":"follow","max-snippet":"max-snippet:-1","max-image-preview":"max-image-preview:large","max-video-preview":"max-video-preview:-1"},"canonical":"https:\/\/nordicchicpaint.com\/it\/lo-strumento\/fairydust\/","og_locale":"it_IT","og_type":"article","og_title":"Fairydust &#183; Nordic Chic\u00ae","og_description":"Nordic Chic\u00ae Fairydust \u00e8 una polvere minerale che pu\u00f2 essere utilizzata per progetti di doratura. Puoi aggiungerla alla tua cera trasparente e creare la tua cera per doratura oppure puoi aggiungerla al tuo topcoat e creare una lacca metallica per legno, plastica, metallo ecc. Puoi anche aggiungere la polvere al tuo progetto cos\u00ec com'\u00e8 e sigillarla in seguito. Fairydust pu\u00f2 anche essere utilizzata nel sapone se stai realizzando i tuoi saponi o bombe da bagno.","og_url":"https:\/\/nordicchicpaint.com\/it\/lo-strumento\/fairydust\/","og_site_name":"Nordic Chic\u00ae","article_modified_time":"2025-01-13T09:55:29+00:00","og_image":[{"width":1920,"height":763,"url":"https:\/\/nordicchicpaint.com\/wp-content\/uploads\/2023\/06\/fairydust-1-e1687933209773.jpeg","type":"image\/jpeg"}],"twitter_card":"summary_large_image","twitter_misc":{"Tempo di lettura stimato":"1 minuto"},"schema":{"@context":"https:\/\/schema.org","@graph":[{"@type":"WebPage","@id":"https:\/\/nordicchicpaint.com\/it\/lo-strumento\/fairydust\/","url":"https:\/\/nordicchicpaint.com\/it\/lo-strumento\/fairydust\/","name":"Fairydust &#183; Nordic Chic\u00ae","isPartOf":{"@id":"https:\/\/nordicchicpaint.com\/it\/#website"},"primaryImageOfPage":{"@id":"https:\/\/nordicchicpaint.com\/it\/lo-strumento\/fairydust\/#primaryimage"},"image":{"@id":"https:\/\/nordicchicpaint.com\/it\/lo-strumento\/fairydust\/#primaryimage"},"thumbnailUrl":"https:\/\/nordicchicpaint.com\/wp-content\/uploads\/2023\/06\/fairydust-1-e1687933209773.jpeg","datePublished":"2022-05-25T13:24:59+00:00","dateModified":"2025-01-13T09:55:29+00:00","description":"Nordic Chic\u00ae Fairydust \u00e8 una polvere minerale che pu\u00f2 essere utilizzata per progetti di doratura. Puoi aggiungerla alla tua cera trasparente e creare la tua cera per doratura oppure puoi aggiungerla al tuo topcoat e creare una lacca metallica per legno, plastica, metallo ecc. Puoi anche aggiungere la polvere al tuo progetto cos\u00ec com'\u00e8 e sigillarla in seguito. Fairydust pu\u00f2 anche essere utilizzata nel sapone se stai realizzando i tuoi saponi o bombe da bagno.","breadcrumb":{"@id":"https:\/\/nordicchicpaint.com\/it\/lo-strumento\/fairydust\/#breadcrumb"},"inLanguage":"it-IT","potentialAction":[{"@type":"ReadAction","target":["https:\/\/nordicchicpaint.com\/it\/lo-strumento\/fairydust\/"]}]},{"@type":"ImageObject","inLanguage":"it-IT","@id":"https:\/\/nordicchicpaint.com\/it\/lo-strumento\/fairydust\/#primaryimage","url":"https:\/\/nordicchicpaint.com\/wp-content\/uploads\/2023\/06\/fairydust-1-e1687933209773.jpeg","contentUrl":"https:\/\/nordicchicpaint.com\/wp-content\/uploads\/2023\/06\/fairydust-1-e1687933209773.jpeg","width":1920,"height":763},{"@type":"BreadcrumbList","@id":"https:\/\/nordicchicpaint.com\/it\/lo-strumento\/fairydust\/#breadcrumb","itemListElement":[{"@type":"ListItem","position":1,"name":"Hjem","item":"https:\/\/nordicchicpaint.com\/it\/"},{"@type":"ListItem","position":2,"name":"lo strumento","item":"https:\/\/nordicchicpaint.com\/it\/mediums\/"},{"@type":"ListItem","position":3,"name":"Fairydust"}]},{"@type":"WebSite","@id":"https:\/\/nordicchicpaint.com\/it\/#website","url":"https:\/\/nordicchicpaint.com\/it\/","name":"Nordic Chic\u00ae","description":"Chalk paint for interior and exterior use","publisher":{"@id":"https:\/\/nordicchicpaint.com\/it\/#organization"},"potentialAction":[{"@type":"SearchAction","target":{"@type":"EntryPoint","urlTemplate":"https:\/\/nordicchicpaint.com\/it\/?s={search_term_string}"},"query-input":{"@type":"PropertyValueSpecification","valueRequired":true,"valueName":"search_term_string"}}],"inLanguage":"it-IT"},{"@type":"Organization","@id":"https:\/\/nordicchicpaint.com\/it\/#organization","name":"Nordic Chic\u00ae","url":"https:\/\/nordicchicpaint.com\/it\/","logo":{"@type":"ImageObject","inLanguage":"it-IT","@id":"https:\/\/nordicchicpaint.com\/it\/#\/schema\/logo\/image\/","url":"https:\/\/nordicchicpaint.com\/wp-content\/uploads\/2021\/10\/logo.svg","contentUrl":"https:\/\/nordicchicpaint.com\/wp-content\/uploads\/2021\/10\/logo.svg","width":479,"height":474,"caption":"Nordic Chic\u00ae"},"image":{"@id":"https:\/\/nordicchicpaint.com\/it\/#\/schema\/logo\/image\/"}}]}},"_links":{"self":[{"href":"https:\/\/nordicchicpaint.com\/it\/wp-json\/wp\/v2\/pages\/6233"}],"collection":[{"href":"https:\/\/nordicchicpaint.com\/it\/wp-json\/wp\/v2\/pages"}],"about":[{"href":"https:\/\/nordicchicpaint.com\/it\/wp-json\/wp\/v2\/types\/page"}],"author":[{"embeddable":true,"href":"https:\/\/nordicchicpaint.com\/it\/wp-json\/wp\/v2\/users\/1"}],"replies":[{"embeddable":true,"href":"https:\/\/nordicchicpaint.com\/it\/wp-json\/wp\/v2\/comments?post=6233"}],"version-history":[{"count":2,"href":"https:\/\/nordicchicpaint.com\/it\/wp-json\/wp\/v2\/pages\/6233\/revisions"}],"predecessor-version":[{"id":6235,"href":"https:\/\/nordicchicpaint.com\/it\/wp-json\/wp\/v2\/pages\/6233\/revisions\/6235"}],"up":[{"embeddable":true,"href":"https:\/\/nordicchicpaint.com\/it\/wp-json\/wp\/v2\/pages\/6221"}],"wp:featuredmedia":[{"embeddable":true,"href":"https:\/\/nordicchicpaint.com\/it\/wp-json\/wp\/v2\/media\/5777"}],"wp:attachment":[{"href":"https:\/\/nordicchicpaint.com\/it\/wp-json\/wp\/v2\/media?parent=6233"}],"wp:term":[{"taxonomy":"category","embeddable":true,"href":"https:\/\/nordicchicpaint.com\/it\/wp-json\/wp\/v2\/categories?post=6233"}],"curies":[{"name":"wp","href":"https:\/\/api.w.org\/{rel}","templated":true}]}}