{"id":6230,"date":"2022-05-25T15:24:59","date_gmt":"2022-05-25T13:24:59","guid":{"rendered":"https:\/\/nordicchicpaint.com\/lo-strumento\/north-sea-texture\/"},"modified":"2025-01-13T10:52:50","modified_gmt":"2025-01-13T09:52:50","slug":"north-sea-texture","status":"publish","type":"page","link":"https:\/\/nordicchicpaint.com\/it\/lo-strumento\/north-sea-texture\/","title":{"rendered":"North Sea Texture"},"content":{"rendered":"<section class=\"wpb-content-wrapper\"><p>[vc_row][vc_column]<div class=\"ult-spacer spacer-69e947e243d3b\" data-id=\"69e947e243d3b\" data-height=\"90\" data-height-mobile=\"60\" data-height-tab=\"90\" data-height-tab-portrait=\"60\" data-height-mobile-landscape=\"60\" style=\"clear:both;display:block;\"><\/div>[vc_column_text]<\/p>\n<h1><strong>North Sea Texture<\/strong><\/h1>\n<p>\u00e8 una grana formulata per conferire una perfetta texture rovinata dalle intemperie a una superficie verniciata, usurata e rustica al tatto. North Sea Texture pu\u00f2 essere utilizzata anche per stencil in rilievo, un bellissimo aspetto del cemento e per aggiungere una patina antica ai tuoi mobili.<br \/>\nA seconda del mix e del metodo di applicazione, puoi ottenere risultati diversi:<br \/>\n&#8211; Finitura opaca e gessosa piatta<br \/>\n&#8211; Effetto oceano<br \/>\n&#8211; Patina del vecchio mondo<br \/>\n&#8211; Texture screpolata pesante<\/p>\n<p><strong>Nordic Chic\u00ae North Sea Texture \u00e8 naturale al 100% e non contiene COV.<\/strong><\/p>\n<p><strong>Come fare:\u00a0<\/strong>La superficie deve essere pulita, asciutta e priva di grasso. Dovresti mescolare North Sea Texture alla tua pittura a gesso Nordic Chic\u00ae, mescolandola accuratamente e punteggiandola o dipingendola sulla superficie.<\/p>\n<p>Una volta asciutta, dipingi sopra con lo stesso colore o con una pittura a gesso di colore diverso.<\/p>\n<p>Quando \u00e8 completamente asciutta, puoi iniziare a carteggiarla. Questo render\u00e0 la superficie liscia e il colore che hai mescolato con la North Sea Texture sar\u00e0 visibile con un aspetto vissuto.<\/p>\n<p>Decidi tu quanto ruvida vuoi che sia la texture, aggiungendo pi\u00f9 o meno Nordic Chic\u00ae North Sea Texture alla tua vernice.<\/p>\n<ul>\n<li><strong>Strumenti<\/strong>: puoi usare pennello, throvel o rullo a seconda dell&#8217;aspetto che vuoi ottenere<\/li>\n<li><strong>Copertura<\/strong>: 0,1 kg di Texture a 0,41 kg di Nordic Chic\u00ae chalkpaint per coprire circa 5 m2, tutto dipende dall&#8217;aspetto che vuoi ottenere. Dovresti mescolare solo la quantit\u00e0 che ti serve per usarla.<\/li>\n<li><strong>Pulizia<\/strong>: lava pennelli e rulli con acqua calda e sapone<\/li>\n<li><strong>Sicurezza<\/strong>: questo prodotto pu\u00f2 creare polvere durante la miscelazione, assicurati di indossare una maschera per non inalare. Tenere fuori dalla portata dei bambini<\/li>\n<li><strong>Conservazione<\/strong>: conservare in luogo fresco e asciutto<\/li>\n<\/ul>\n<p>Contenuto: 300gr[\/vc_column_text]<div class=\"ult-spacer spacer-69e947e243d88\" data-id=\"69e947e243d88\" data-height=\"90\" data-height-mobile=\"60\" data-height-tab=\"90\" data-height-tab-portrait=\"60\" data-height-mobile-landscape=\"60\" style=\"clear:both;display:block;\"><\/div>[\/vc_column][\/vc_row]<\/p>\n<\/section>","protected":false},"excerpt":{"rendered":"<p>[vc_row][vc_column][vc_column_text] North Sea Texture \u00e8 una grana formulata per conferire una perfetta texture rovinata dalle intemperie a una superficie verniciata, usurata e rustica al tatto. North Sea Texture pu\u00f2 essere utilizzata anche per stencil in rilievo, un bellissimo aspetto del cemento e per aggiungere una patina antica ai tuoi mobili. A seconda del mix e &#8230; <a title=\"North Sea Texture\" class=\"read-more\" href=\"https:\/\/nordicchicpaint.com\/it\/lo-strumento\/north-sea-texture\/\" aria-label=\"Per saperne di pi\u00f9 su North Sea Texture\">Leggi tutto<\/a><\/p>\n","protected":false},"author":1,"featured_media":5717,"parent":6221,"menu_order":16,"comment_status":"closed","ping_status":"closed","template":"","meta":{"_acf_changed":false,"footnotes":""},"categories":[],"class_list":["post-6230","page","type-page","status-publish","has-post-thumbnail"],"acf":[],"yoast_head":"<!-- This site is optimized with the Yoast SEO plugin v23.4 - https:\/\/yoast.com\/wordpress\/plugins\/seo\/ -->\n<title>North Sea Texture &#183; Nordic Chic\u00ae<\/title>\n<meta name=\"robots\" content=\"index, follow, max-snippet:-1, max-image-preview:large, max-video-preview:-1\" \/>\n<link rel=\"canonical\" href=\"https:\/\/nordicchicpaint.com\/it\/lo-strumento\/north-sea-texture\/\" \/>\n<meta property=\"og:locale\" content=\"it_IT\" \/>\n<meta property=\"og:type\" content=\"article\" \/>\n<meta property=\"og:title\" content=\"North Sea Texture &#183; Nordic Chic\u00ae\" \/>\n<meta property=\"og:description\" content=\"[vc_row][vc_column][vc_column_text] North Sea Texture \u00e8 una grana formulata per conferire una perfetta texture rovinata dalle intemperie a una superficie verniciata, usurata e rustica al tatto. North Sea Texture pu\u00f2 essere utilizzata anche per stencil in rilievo, un bellissimo aspetto del cemento e per aggiungere una patina antica ai tuoi mobili. A seconda del mix e ... Leggi tutto\" \/>\n<meta property=\"og:url\" content=\"https:\/\/nordicchicpaint.com\/it\/lo-strumento\/north-sea-texture\/\" \/>\n<meta property=\"og:site_name\" content=\"Nordic Chic\u00ae\" \/>\n<meta property=\"article:modified_time\" content=\"2025-01-13T09:52:50+00:00\" \/>\n<meta property=\"og:image\" content=\"https:\/\/nordicchicpaint.com\/wp-content\/uploads\/2022\/08\/northseatexture-e1662445050703.jpeg\" \/>\n\t<meta property=\"og:image:width\" content=\"1920\" \/>\n\t<meta property=\"og:image:height\" content=\"969\" \/>\n\t<meta property=\"og:image:type\" content=\"image\/jpeg\" \/>\n<meta name=\"twitter:card\" content=\"summary_large_image\" \/>\n<meta name=\"twitter:label1\" content=\"Tempo di lettura stimato\" \/>\n\t<meta name=\"twitter:data1\" content=\"2 minuti\" \/>\n<script type=\"application\/ld+json\" class=\"yoast-schema-graph\">{\"@context\":\"https:\/\/schema.org\",\"@graph\":[{\"@type\":\"WebPage\",\"@id\":\"https:\/\/nordicchicpaint.com\/it\/lo-strumento\/north-sea-texture\/\",\"url\":\"https:\/\/nordicchicpaint.com\/it\/lo-strumento\/north-sea-texture\/\",\"name\":\"North Sea Texture &#183; Nordic Chic\u00ae\",\"isPartOf\":{\"@id\":\"https:\/\/nordicchicpaint.com\/it\/#website\"},\"primaryImageOfPage\":{\"@id\":\"https:\/\/nordicchicpaint.com\/it\/lo-strumento\/north-sea-texture\/#primaryimage\"},\"image\":{\"@id\":\"https:\/\/nordicchicpaint.com\/it\/lo-strumento\/north-sea-texture\/#primaryimage\"},\"thumbnailUrl\":\"https:\/\/nordicchicpaint.com\/wp-content\/uploads\/2022\/08\/northseatexture-e1662445050703.jpeg\",\"datePublished\":\"2022-05-25T13:24:59+00:00\",\"dateModified\":\"2025-01-13T09:52:50+00:00\",\"breadcrumb\":{\"@id\":\"https:\/\/nordicchicpaint.com\/it\/lo-strumento\/north-sea-texture\/#breadcrumb\"},\"inLanguage\":\"it-IT\",\"potentialAction\":[{\"@type\":\"ReadAction\",\"target\":[\"https:\/\/nordicchicpaint.com\/it\/lo-strumento\/north-sea-texture\/\"]}]},{\"@type\":\"ImageObject\",\"inLanguage\":\"it-IT\",\"@id\":\"https:\/\/nordicchicpaint.com\/it\/lo-strumento\/north-sea-texture\/#primaryimage\",\"url\":\"https:\/\/nordicchicpaint.com\/wp-content\/uploads\/2022\/08\/northseatexture-e1662445050703.jpeg\",\"contentUrl\":\"https:\/\/nordicchicpaint.com\/wp-content\/uploads\/2022\/08\/northseatexture-e1662445050703.jpeg\",\"width\":1920,\"height\":969},{\"@type\":\"BreadcrumbList\",\"@id\":\"https:\/\/nordicchicpaint.com\/it\/lo-strumento\/north-sea-texture\/#breadcrumb\",\"itemListElement\":[{\"@type\":\"ListItem\",\"position\":1,\"name\":\"Hjem\",\"item\":\"https:\/\/nordicchicpaint.com\/it\/\"},{\"@type\":\"ListItem\",\"position\":2,\"name\":\"lo strumento\",\"item\":\"https:\/\/nordicchicpaint.com\/it\/mediums\/\"},{\"@type\":\"ListItem\",\"position\":3,\"name\":\"North Sea Texture\"}]},{\"@type\":\"WebSite\",\"@id\":\"https:\/\/nordicchicpaint.com\/it\/#website\",\"url\":\"https:\/\/nordicchicpaint.com\/it\/\",\"name\":\"Nordic Chic\u00ae\",\"description\":\"Chalk paint for interior and exterior use\",\"publisher\":{\"@id\":\"https:\/\/nordicchicpaint.com\/it\/#organization\"},\"potentialAction\":[{\"@type\":\"SearchAction\",\"target\":{\"@type\":\"EntryPoint\",\"urlTemplate\":\"https:\/\/nordicchicpaint.com\/it\/?s={search_term_string}\"},\"query-input\":{\"@type\":\"PropertyValueSpecification\",\"valueRequired\":true,\"valueName\":\"search_term_string\"}}],\"inLanguage\":\"it-IT\"},{\"@type\":\"Organization\",\"@id\":\"https:\/\/nordicchicpaint.com\/it\/#organization\",\"name\":\"Nordic Chic\u00ae\",\"url\":\"https:\/\/nordicchicpaint.com\/it\/\",\"logo\":{\"@type\":\"ImageObject\",\"inLanguage\":\"it-IT\",\"@id\":\"https:\/\/nordicchicpaint.com\/it\/#\/schema\/logo\/image\/\",\"url\":\"https:\/\/nordicchicpaint.com\/wp-content\/uploads\/2021\/10\/logo.svg\",\"contentUrl\":\"https:\/\/nordicchicpaint.com\/wp-content\/uploads\/2021\/10\/logo.svg\",\"width\":479,\"height\":474,\"caption\":\"Nordic Chic\u00ae\"},\"image\":{\"@id\":\"https:\/\/nordicchicpaint.com\/it\/#\/schema\/logo\/image\/\"}}]}<\/script>\n<!-- \/ Yoast SEO plugin. -->","yoast_head_json":{"title":"North Sea Texture &#183; Nordic Chic\u00ae","robots":{"index":"index","follow":"follow","max-snippet":"max-snippet:-1","max-image-preview":"max-image-preview:large","max-video-preview":"max-video-preview:-1"},"canonical":"https:\/\/nordicchicpaint.com\/it\/lo-strumento\/north-sea-texture\/","og_locale":"it_IT","og_type":"article","og_title":"North Sea Texture &#183; Nordic Chic\u00ae","og_description":"[vc_row][vc_column][vc_column_text] North Sea Texture \u00e8 una grana formulata per conferire una perfetta texture rovinata dalle intemperie a una superficie verniciata, usurata e rustica al tatto. North Sea Texture pu\u00f2 essere utilizzata anche per stencil in rilievo, un bellissimo aspetto del cemento e per aggiungere una patina antica ai tuoi mobili. A seconda del mix e ... Leggi tutto","og_url":"https:\/\/nordicchicpaint.com\/it\/lo-strumento\/north-sea-texture\/","og_site_name":"Nordic Chic\u00ae","article_modified_time":"2025-01-13T09:52:50+00:00","og_image":[{"width":1920,"height":969,"url":"https:\/\/nordicchicpaint.com\/wp-content\/uploads\/2022\/08\/northseatexture-e1662445050703.jpeg","type":"image\/jpeg"}],"twitter_card":"summary_large_image","twitter_misc":{"Tempo di lettura stimato":"2 minuti"},"schema":{"@context":"https:\/\/schema.org","@graph":[{"@type":"WebPage","@id":"https:\/\/nordicchicpaint.com\/it\/lo-strumento\/north-sea-texture\/","url":"https:\/\/nordicchicpaint.com\/it\/lo-strumento\/north-sea-texture\/","name":"North Sea Texture &#183; Nordic Chic\u00ae","isPartOf":{"@id":"https:\/\/nordicchicpaint.com\/it\/#website"},"primaryImageOfPage":{"@id":"https:\/\/nordicchicpaint.com\/it\/lo-strumento\/north-sea-texture\/#primaryimage"},"image":{"@id":"https:\/\/nordicchicpaint.com\/it\/lo-strumento\/north-sea-texture\/#primaryimage"},"thumbnailUrl":"https:\/\/nordicchicpaint.com\/wp-content\/uploads\/2022\/08\/northseatexture-e1662445050703.jpeg","datePublished":"2022-05-25T13:24:59+00:00","dateModified":"2025-01-13T09:52:50+00:00","breadcrumb":{"@id":"https:\/\/nordicchicpaint.com\/it\/lo-strumento\/north-sea-texture\/#breadcrumb"},"inLanguage":"it-IT","potentialAction":[{"@type":"ReadAction","target":["https:\/\/nordicchicpaint.com\/it\/lo-strumento\/north-sea-texture\/"]}]},{"@type":"ImageObject","inLanguage":"it-IT","@id":"https:\/\/nordicchicpaint.com\/it\/lo-strumento\/north-sea-texture\/#primaryimage","url":"https:\/\/nordicchicpaint.com\/wp-content\/uploads\/2022\/08\/northseatexture-e1662445050703.jpeg","contentUrl":"https:\/\/nordicchicpaint.com\/wp-content\/uploads\/2022\/08\/northseatexture-e1662445050703.jpeg","width":1920,"height":969},{"@type":"BreadcrumbList","@id":"https:\/\/nordicchicpaint.com\/it\/lo-strumento\/north-sea-texture\/#breadcrumb","itemListElement":[{"@type":"ListItem","position":1,"name":"Hjem","item":"https:\/\/nordicchicpaint.com\/it\/"},{"@type":"ListItem","position":2,"name":"lo strumento","item":"https:\/\/nordicchicpaint.com\/it\/mediums\/"},{"@type":"ListItem","position":3,"name":"North Sea Texture"}]},{"@type":"WebSite","@id":"https:\/\/nordicchicpaint.com\/it\/#website","url":"https:\/\/nordicchicpaint.com\/it\/","name":"Nordic Chic\u00ae","description":"Chalk paint for interior and exterior use","publisher":{"@id":"https:\/\/nordicchicpaint.com\/it\/#organization"},"potentialAction":[{"@type":"SearchAction","target":{"@type":"EntryPoint","urlTemplate":"https:\/\/nordicchicpaint.com\/it\/?s={search_term_string}"},"query-input":{"@type":"PropertyValueSpecification","valueRequired":true,"valueName":"search_term_string"}}],"inLanguage":"it-IT"},{"@type":"Organization","@id":"https:\/\/nordicchicpaint.com\/it\/#organization","name":"Nordic Chic\u00ae","url":"https:\/\/nordicchicpaint.com\/it\/","logo":{"@type":"ImageObject","inLanguage":"it-IT","@id":"https:\/\/nordicchicpaint.com\/it\/#\/schema\/logo\/image\/","url":"https:\/\/nordicchicpaint.com\/wp-content\/uploads\/2021\/10\/logo.svg","contentUrl":"https:\/\/nordicchicpaint.com\/wp-content\/uploads\/2021\/10\/logo.svg","width":479,"height":474,"caption":"Nordic Chic\u00ae"},"image":{"@id":"https:\/\/nordicchicpaint.com\/it\/#\/schema\/logo\/image\/"}}]}},"_links":{"self":[{"href":"https:\/\/nordicchicpaint.com\/it\/wp-json\/wp\/v2\/pages\/6230"}],"collection":[{"href":"https:\/\/nordicchicpaint.com\/it\/wp-json\/wp\/v2\/pages"}],"about":[{"href":"https:\/\/nordicchicpaint.com\/it\/wp-json\/wp\/v2\/types\/page"}],"author":[{"embeddable":true,"href":"https:\/\/nordicchicpaint.com\/it\/wp-json\/wp\/v2\/users\/1"}],"replies":[{"embeddable":true,"href":"https:\/\/nordicchicpaint.com\/it\/wp-json\/wp\/v2\/comments?post=6230"}],"version-history":[{"count":2,"href":"https:\/\/nordicchicpaint.com\/it\/wp-json\/wp\/v2\/pages\/6230\/revisions"}],"predecessor-version":[{"id":6232,"href":"https:\/\/nordicchicpaint.com\/it\/wp-json\/wp\/v2\/pages\/6230\/revisions\/6232"}],"up":[{"embeddable":true,"href":"https:\/\/nordicchicpaint.com\/it\/wp-json\/wp\/v2\/pages\/6221"}],"wp:featuredmedia":[{"embeddable":true,"href":"https:\/\/nordicchicpaint.com\/it\/wp-json\/wp\/v2\/media\/5717"}],"wp:attachment":[{"href":"https:\/\/nordicchicpaint.com\/it\/wp-json\/wp\/v2\/media?parent=6230"}],"wp:term":[{"taxonomy":"category","embeddable":true,"href":"https:\/\/nordicchicpaint.com\/it\/wp-json\/wp\/v2\/categories?post=6230"}],"curies":[{"name":"wp","href":"https:\/\/api.w.org\/{rel}","templated":true}]}}