{"id":6227,"date":"2022-05-25T15:24:59","date_gmt":"2022-05-25T13:24:59","guid":{"rendered":"https:\/\/nordicchicpaint.com\/lo-strumento\/nordic-chic-glaze\/"},"modified":"2024-12-13T11:35:29","modified_gmt":"2024-12-13T10:35:29","slug":"nordic-chic-glaze","status":"publish","type":"page","link":"https:\/\/nordicchicpaint.com\/it\/lo-strumento\/nordic-chic-glaze\/","title":{"rendered":"Nordic Chic Glaze"},"content":{"rendered":"<section class=\"wpb-content-wrapper\"><p>[vc_row][vc_column]<div class=\"ult-spacer spacer-69f157962378b\" data-id=\"69f157962378b\" data-height=\"90\" data-height-mobile=\"60\" data-height-tab=\"90\" data-height-tab-portrait=\"60\" data-height-mobile-landscape=\"60\" style=\"clear:both;display:block;\"><\/div>[vc_column_text]<\/p>\n<h1>Nordic Chic\u00ae Glaze \u00e8 disponibile in due versioni.<\/h1>\n<p>La versione perlescente dona ai tuoi mobili quel tocco in pi\u00f9 di Bling. Pu\u00f2 essere utilizzato per arricchire le superfici in legno non rivestite e come finitura di rifinitura per la vernice per mobili Nordic Chic\u00ae o le tinte Nordic Chic Woody.<\/p>\n<p>La versione Trasparente \u00e8 da utilizzare miscelata con Pittura per Mobili Nordic Chic e acqua. In questo modo si otterr\u00e0 uno smalto sottile da applicare sulle superfici verniciate per dare ulteriore accento ai dettagli. La glassa \u00e8 realizzata per uso interno: se desideri utilizzarla all&#8217;aperto deve essere sigillata con Nordic Chic\u00ae Topcoat. \u00c8 privo di solventi, ha zero COV e non ha odori per garantire un&#8217;atmosfera di lavoro piacevole.<\/p>\n<h3><strong>Come fare<\/strong><\/h3>\n<p><strong>Glassa trasparente:<\/strong><\/p>\n<p>Assicurarsi che la superficie sia pulita, asciutta e priva di grassi e sostanze penetranti. Rimuovere prima gli strati staccati di vecchie pitture o lacche. Agitare o mescolare accuratamente il prodotto prima dell&#8217;uso.<\/p>\n<p><strong>Coloured Glaze:<\/strong><\/p>\n<p>mix 1 part Nordic Chic\u00ae paint with 5 parts Clear Glaze and water as to how thin you want your coloured glaze. Paint one coat; then wipe the surface with a soft cloth when still wet to create outstanding details.<\/p>\n<p>To increase durability a finishing coat of Nordic Chic\u00ae Furniture Wax or Top Coat may be applied after the product is fully dry.<\/p>\n<ul>\n<li><strong>Drying time:<\/strong>\u00a0Touch dry after approx. 1-2 hours, fully dry after about 24 hours.<\/li>\n<li><strong>Coverage:<\/strong>\u00a03-4 m\u00b2\/litre approx.<\/li>\n<li><strong>Cleaning:<\/strong>\u00a0The paint brushes are cleaned with warm soapy water.<\/li>\n<li><strong>Storage:<\/strong>\u00a0Keep lid tight and store in a cool but frostfree area and out of reach of children.<\/li>\n<li><strong>Ingredients:<\/strong>\u00a0Water, white glue, mineral pigment, preservative.<\/li>\n<\/ul>\n<p>Content 400 ml[\/vc_column_text]<div class=\"ult-spacer spacer-69f15796237d4\" data-id=\"69f15796237d4\" data-height=\"90\" data-height-mobile=\"60\" data-height-tab=\"90\" data-height-tab-portrait=\"60\" data-height-mobile-landscape=\"60\" style=\"clear:both;display:block;\"><\/div>[\/vc_column][\/vc_row]<\/p>\n<\/section>","protected":false},"excerpt":{"rendered":"<p>[vc_row][vc_column][vc_column_text] Nordic Chic\u00ae Glaze \u00e8 disponibile in due versioni. La versione perlescente dona ai tuoi mobili quel tocco in pi\u00f9 di Bling. Pu\u00f2 essere utilizzato per arricchire le superfici in legno non rivestite e come finitura di rifinitura per la vernice per mobili Nordic Chic\u00ae o le tinte Nordic Chic Woody. La versione Trasparente \u00e8 &#8230; <a title=\"Nordic Chic Glaze\" class=\"read-more\" href=\"https:\/\/nordicchicpaint.com\/it\/lo-strumento\/nordic-chic-glaze\/\" aria-label=\"Per saperne di pi\u00f9 su Nordic Chic Glaze\">Leggi tutto<\/a><\/p>\n","protected":false},"author":1,"featured_media":5771,"parent":6221,"menu_order":15,"comment_status":"closed","ping_status":"closed","template":"","meta":{"_acf_changed":false,"footnotes":""},"categories":[],"class_list":["post-6227","page","type-page","status-publish","has-post-thumbnail"],"acf":[],"yoast_head":"<!-- This site is optimized with the Yoast SEO plugin v23.4 - https:\/\/yoast.com\/wordpress\/plugins\/seo\/ -->\n<title>Nordic Chic Glaze &#183; Nordic Chic\u00ae<\/title>\n<meta name=\"robots\" content=\"index, follow, max-snippet:-1, max-image-preview:large, max-video-preview:-1\" \/>\n<link rel=\"canonical\" href=\"https:\/\/nordicchicpaint.com\/it\/lo-strumento\/nordic-chic-glaze\/\" \/>\n<meta property=\"og:locale\" content=\"it_IT\" \/>\n<meta property=\"og:type\" content=\"article\" \/>\n<meta property=\"og:title\" content=\"Nordic Chic Glaze &#183; Nordic Chic\u00ae\" \/>\n<meta property=\"og:description\" content=\"[vc_row][vc_column][vc_column_text] Nordic Chic\u00ae Glaze \u00e8 disponibile in due versioni. La versione perlescente dona ai tuoi mobili quel tocco in pi\u00f9 di Bling. Pu\u00f2 essere utilizzato per arricchire le superfici in legno non rivestite e come finitura di rifinitura per la vernice per mobili Nordic Chic\u00ae o le tinte Nordic Chic Woody. La versione Trasparente \u00e8 ... Leggi tutto\" \/>\n<meta property=\"og:url\" content=\"https:\/\/nordicchicpaint.com\/it\/lo-strumento\/nordic-chic-glaze\/\" \/>\n<meta property=\"og:site_name\" content=\"Nordic Chic\u00ae\" \/>\n<meta property=\"article:modified_time\" content=\"2024-12-13T10:35:29+00:00\" \/>\n<meta property=\"og:image\" content=\"https:\/\/nordicchicpaint.com\/wp-content\/uploads\/2023\/06\/glaze-1-e1687932891243.jpeg\" \/>\n\t<meta property=\"og:image:width\" content=\"1920\" \/>\n\t<meta property=\"og:image:height\" content=\"705\" \/>\n\t<meta property=\"og:image:type\" content=\"image\/jpeg\" \/>\n<meta name=\"twitter:card\" content=\"summary_large_image\" \/>\n<meta name=\"twitter:label1\" content=\"Tempo di lettura stimato\" \/>\n\t<meta name=\"twitter:data1\" content=\"2 minuti\" \/>\n<script type=\"application\/ld+json\" class=\"yoast-schema-graph\">{\"@context\":\"https:\/\/schema.org\",\"@graph\":[{\"@type\":\"WebPage\",\"@id\":\"https:\/\/nordicchicpaint.com\/it\/lo-strumento\/nordic-chic-glaze\/\",\"url\":\"https:\/\/nordicchicpaint.com\/it\/lo-strumento\/nordic-chic-glaze\/\",\"name\":\"Nordic Chic Glaze &#183; Nordic Chic\u00ae\",\"isPartOf\":{\"@id\":\"https:\/\/nordicchicpaint.com\/it\/#website\"},\"primaryImageOfPage\":{\"@id\":\"https:\/\/nordicchicpaint.com\/it\/lo-strumento\/nordic-chic-glaze\/#primaryimage\"},\"image\":{\"@id\":\"https:\/\/nordicchicpaint.com\/it\/lo-strumento\/nordic-chic-glaze\/#primaryimage\"},\"thumbnailUrl\":\"https:\/\/nordicchicpaint.com\/wp-content\/uploads\/2023\/06\/glaze-1-e1687932891243.jpeg\",\"datePublished\":\"2022-05-25T13:24:59+00:00\",\"dateModified\":\"2024-12-13T10:35:29+00:00\",\"breadcrumb\":{\"@id\":\"https:\/\/nordicchicpaint.com\/it\/lo-strumento\/nordic-chic-glaze\/#breadcrumb\"},\"inLanguage\":\"it-IT\",\"potentialAction\":[{\"@type\":\"ReadAction\",\"target\":[\"https:\/\/nordicchicpaint.com\/it\/lo-strumento\/nordic-chic-glaze\/\"]}]},{\"@type\":\"ImageObject\",\"inLanguage\":\"it-IT\",\"@id\":\"https:\/\/nordicchicpaint.com\/it\/lo-strumento\/nordic-chic-glaze\/#primaryimage\",\"url\":\"https:\/\/nordicchicpaint.com\/wp-content\/uploads\/2023\/06\/glaze-1-e1687932891243.jpeg\",\"contentUrl\":\"https:\/\/nordicchicpaint.com\/wp-content\/uploads\/2023\/06\/glaze-1-e1687932891243.jpeg\",\"width\":1920,\"height\":705},{\"@type\":\"BreadcrumbList\",\"@id\":\"https:\/\/nordicchicpaint.com\/it\/lo-strumento\/nordic-chic-glaze\/#breadcrumb\",\"itemListElement\":[{\"@type\":\"ListItem\",\"position\":1,\"name\":\"Hjem\",\"item\":\"https:\/\/nordicchicpaint.com\/it\/\"},{\"@type\":\"ListItem\",\"position\":2,\"name\":\"lo strumento\",\"item\":\"https:\/\/nordicchicpaint.com\/it\/mediums\/\"},{\"@type\":\"ListItem\",\"position\":3,\"name\":\"Nordic Chic Glaze\"}]},{\"@type\":\"WebSite\",\"@id\":\"https:\/\/nordicchicpaint.com\/it\/#website\",\"url\":\"https:\/\/nordicchicpaint.com\/it\/\",\"name\":\"Nordic Chic\u00ae\",\"description\":\"Chalk paint for interior and exterior use\",\"publisher\":{\"@id\":\"https:\/\/nordicchicpaint.com\/it\/#organization\"},\"potentialAction\":[{\"@type\":\"SearchAction\",\"target\":{\"@type\":\"EntryPoint\",\"urlTemplate\":\"https:\/\/nordicchicpaint.com\/it\/?s={search_term_string}\"},\"query-input\":{\"@type\":\"PropertyValueSpecification\",\"valueRequired\":true,\"valueName\":\"search_term_string\"}}],\"inLanguage\":\"it-IT\"},{\"@type\":\"Organization\",\"@id\":\"https:\/\/nordicchicpaint.com\/it\/#organization\",\"name\":\"Nordic Chic\u00ae\",\"url\":\"https:\/\/nordicchicpaint.com\/it\/\",\"logo\":{\"@type\":\"ImageObject\",\"inLanguage\":\"it-IT\",\"@id\":\"https:\/\/nordicchicpaint.com\/it\/#\/schema\/logo\/image\/\",\"url\":\"https:\/\/nordicchicpaint.com\/wp-content\/uploads\/2021\/10\/logo.svg\",\"contentUrl\":\"https:\/\/nordicchicpaint.com\/wp-content\/uploads\/2021\/10\/logo.svg\",\"width\":479,\"height\":474,\"caption\":\"Nordic Chic\u00ae\"},\"image\":{\"@id\":\"https:\/\/nordicchicpaint.com\/it\/#\/schema\/logo\/image\/\"}}]}<\/script>\n<!-- \/ Yoast SEO plugin. -->","yoast_head_json":{"title":"Nordic Chic Glaze &#183; Nordic Chic\u00ae","robots":{"index":"index","follow":"follow","max-snippet":"max-snippet:-1","max-image-preview":"max-image-preview:large","max-video-preview":"max-video-preview:-1"},"canonical":"https:\/\/nordicchicpaint.com\/it\/lo-strumento\/nordic-chic-glaze\/","og_locale":"it_IT","og_type":"article","og_title":"Nordic Chic Glaze &#183; Nordic Chic\u00ae","og_description":"[vc_row][vc_column][vc_column_text] Nordic Chic\u00ae Glaze \u00e8 disponibile in due versioni. La versione perlescente dona ai tuoi mobili quel tocco in pi\u00f9 di Bling. Pu\u00f2 essere utilizzato per arricchire le superfici in legno non rivestite e come finitura di rifinitura per la vernice per mobili Nordic Chic\u00ae o le tinte Nordic Chic Woody. La versione Trasparente \u00e8 ... Leggi tutto","og_url":"https:\/\/nordicchicpaint.com\/it\/lo-strumento\/nordic-chic-glaze\/","og_site_name":"Nordic Chic\u00ae","article_modified_time":"2024-12-13T10:35:29+00:00","og_image":[{"width":1920,"height":705,"url":"https:\/\/nordicchicpaint.com\/wp-content\/uploads\/2023\/06\/glaze-1-e1687932891243.jpeg","type":"image\/jpeg"}],"twitter_card":"summary_large_image","twitter_misc":{"Tempo di lettura stimato":"2 minuti"},"schema":{"@context":"https:\/\/schema.org","@graph":[{"@type":"WebPage","@id":"https:\/\/nordicchicpaint.com\/it\/lo-strumento\/nordic-chic-glaze\/","url":"https:\/\/nordicchicpaint.com\/it\/lo-strumento\/nordic-chic-glaze\/","name":"Nordic Chic Glaze &#183; Nordic Chic\u00ae","isPartOf":{"@id":"https:\/\/nordicchicpaint.com\/it\/#website"},"primaryImageOfPage":{"@id":"https:\/\/nordicchicpaint.com\/it\/lo-strumento\/nordic-chic-glaze\/#primaryimage"},"image":{"@id":"https:\/\/nordicchicpaint.com\/it\/lo-strumento\/nordic-chic-glaze\/#primaryimage"},"thumbnailUrl":"https:\/\/nordicchicpaint.com\/wp-content\/uploads\/2023\/06\/glaze-1-e1687932891243.jpeg","datePublished":"2022-05-25T13:24:59+00:00","dateModified":"2024-12-13T10:35:29+00:00","breadcrumb":{"@id":"https:\/\/nordicchicpaint.com\/it\/lo-strumento\/nordic-chic-glaze\/#breadcrumb"},"inLanguage":"it-IT","potentialAction":[{"@type":"ReadAction","target":["https:\/\/nordicchicpaint.com\/it\/lo-strumento\/nordic-chic-glaze\/"]}]},{"@type":"ImageObject","inLanguage":"it-IT","@id":"https:\/\/nordicchicpaint.com\/it\/lo-strumento\/nordic-chic-glaze\/#primaryimage","url":"https:\/\/nordicchicpaint.com\/wp-content\/uploads\/2023\/06\/glaze-1-e1687932891243.jpeg","contentUrl":"https:\/\/nordicchicpaint.com\/wp-content\/uploads\/2023\/06\/glaze-1-e1687932891243.jpeg","width":1920,"height":705},{"@type":"BreadcrumbList","@id":"https:\/\/nordicchicpaint.com\/it\/lo-strumento\/nordic-chic-glaze\/#breadcrumb","itemListElement":[{"@type":"ListItem","position":1,"name":"Hjem","item":"https:\/\/nordicchicpaint.com\/it\/"},{"@type":"ListItem","position":2,"name":"lo strumento","item":"https:\/\/nordicchicpaint.com\/it\/mediums\/"},{"@type":"ListItem","position":3,"name":"Nordic Chic Glaze"}]},{"@type":"WebSite","@id":"https:\/\/nordicchicpaint.com\/it\/#website","url":"https:\/\/nordicchicpaint.com\/it\/","name":"Nordic Chic\u00ae","description":"Chalk paint for interior and exterior use","publisher":{"@id":"https:\/\/nordicchicpaint.com\/it\/#organization"},"potentialAction":[{"@type":"SearchAction","target":{"@type":"EntryPoint","urlTemplate":"https:\/\/nordicchicpaint.com\/it\/?s={search_term_string}"},"query-input":{"@type":"PropertyValueSpecification","valueRequired":true,"valueName":"search_term_string"}}],"inLanguage":"it-IT"},{"@type":"Organization","@id":"https:\/\/nordicchicpaint.com\/it\/#organization","name":"Nordic Chic\u00ae","url":"https:\/\/nordicchicpaint.com\/it\/","logo":{"@type":"ImageObject","inLanguage":"it-IT","@id":"https:\/\/nordicchicpaint.com\/it\/#\/schema\/logo\/image\/","url":"https:\/\/nordicchicpaint.com\/wp-content\/uploads\/2021\/10\/logo.svg","contentUrl":"https:\/\/nordicchicpaint.com\/wp-content\/uploads\/2021\/10\/logo.svg","width":479,"height":474,"caption":"Nordic Chic\u00ae"},"image":{"@id":"https:\/\/nordicchicpaint.com\/it\/#\/schema\/logo\/image\/"}}]}},"_links":{"self":[{"href":"https:\/\/nordicchicpaint.com\/it\/wp-json\/wp\/v2\/pages\/6227"}],"collection":[{"href":"https:\/\/nordicchicpaint.com\/it\/wp-json\/wp\/v2\/pages"}],"about":[{"href":"https:\/\/nordicchicpaint.com\/it\/wp-json\/wp\/v2\/types\/page"}],"author":[{"embeddable":true,"href":"https:\/\/nordicchicpaint.com\/it\/wp-json\/wp\/v2\/users\/1"}],"replies":[{"embeddable":true,"href":"https:\/\/nordicchicpaint.com\/it\/wp-json\/wp\/v2\/comments?post=6227"}],"version-history":[{"count":2,"href":"https:\/\/nordicchicpaint.com\/it\/wp-json\/wp\/v2\/pages\/6227\/revisions"}],"predecessor-version":[{"id":6229,"href":"https:\/\/nordicchicpaint.com\/it\/wp-json\/wp\/v2\/pages\/6227\/revisions\/6229"}],"up":[{"embeddable":true,"href":"https:\/\/nordicchicpaint.com\/it\/wp-json\/wp\/v2\/pages\/6221"}],"wp:featuredmedia":[{"embeddable":true,"href":"https:\/\/nordicchicpaint.com\/it\/wp-json\/wp\/v2\/media\/5771"}],"wp:attachment":[{"href":"https:\/\/nordicchicpaint.com\/it\/wp-json\/wp\/v2\/media?parent=6227"}],"wp:term":[{"taxonomy":"category","embeddable":true,"href":"https:\/\/nordicchicpaint.com\/it\/wp-json\/wp\/v2\/categories?post=6227"}],"curies":[{"name":"wp","href":"https:\/\/api.w.org\/{rel}","templated":true}]}}