{"id":6221,"date":"2022-05-05T08:24:28","date_gmt":"2022-05-05T06:24:28","guid":{"rendered":"https:\/\/nordicchicpaint.com\/lo-strumento\/"},"modified":"2024-12-13T11:29:38","modified_gmt":"2024-12-13T10:29:38","slug":"lo-strumento","status":"publish","type":"page","link":"https:\/\/nordicchicpaint.com\/it\/lo-strumento\/","title":{"rendered":"lo strumento"},"content":{"rendered":"<section class=\"wpb-content-wrapper\"><p>[vc_row full_width=&#8221;stretch_row&#8221; el_class=&#8221;farver-ops\u00e6tning&#8221;][vc_column]<div class=\"ult-spacer spacer-6a0402c228e49\" data-id=\"6a0402c228e49\" data-height=\"90\" data-height-mobile=\"60\" data-height-tab=\"90\" data-height-tab-portrait=\"60\" data-height-mobile-landscape=\"60\" style=\"clear:both;display:block;\"><\/div>[vc_row_inner][vc_column_inner width=&#8221;1\/6&#8243;][\/vc_column_inner][vc_column_inner width=&#8221;2\/3&#8243;][vc_column_text]<\/p>\n<h2 style=\"text-align: center;\">Mezzi di pittura Nordic Chic<\/h2>\n<p>Offriamo una variet\u00e0 di prodotti e strumenti per &#8220;migliorare&#8221; ed elevare qualsiasi progetto di verniciatura al livello successivo. I nostri prodotti sono sviluppati sia per principianti che per esperti. Divertiti! Sperimentare. Non ci sono limiti a ci\u00f2 che puoi creare!<\/p>\n<p>Abbiamo la texture del Mare del Nord per aggiungere un&#8217;atmosfera sabbiosa e da spiaggia al tuo progetto, offriamo anche un mezzo Crackle per creare la patina del vecchio mondo. Se vuoi aggiungere Bling al tuo progetto dovresti provare il nostro Fairydust: \u00e8 fatto di mica che \u00e8 un materiale per il trucco e quindi totalmente innocuo per la tua pelle (pu\u00f2 anche essere usato per creare saponette, ecc.). Mescola un po&#8217; di Fairydust dentro di te cera o Topcoat ed \u00e8 facile da usare.<\/p>\n<p>Alcune persone usano Glaze per migliorare la loro superficie. Mescola un po&#8217; di vernice del colore desiderato nella glassa trasparente e puoi aggiungerla sopra la vernice: basta eliminare gli eccessi e in questo modo creare una glassa colorata. Abbiamo anche una glassa argentata che aggiunger\u00e0 una bellissima lucentezza argentata alla tua superficie.<\/p>\n<p>Trova il tuo rivenditore qui Rivenditori o acquista qui <a href=\"http:\/\/www.nordicchic.eu\" target=\"_blank\" rel=\"noopener\">www.nordicchic.eu<\/a>.[\/vc_column_text][\/vc_column_inner][vc_column_inner width=&#8221;1\/6&#8243;][\/vc_column_inner][\/vc_row_inner]<div class=\"ult-spacer spacer-6a0402c228e8a\" data-id=\"6a0402c228e8a\" data-height=\"90\" data-height-mobile=\"60\" data-height-tab=\"90\" data-height-tab-portrait=\"60\" data-height-mobile-landscape=\"60\" style=\"clear:both;display:block;\"><\/div>[\/vc_column][\/vc_row]<\/p>\n<\/section>","protected":false},"excerpt":{"rendered":"<p>[vc_row full_width=&#8221;stretch_row&#8221; el_class=&#8221;farver-ops\u00e6tning&#8221;][vc_column][vc_row_inner][vc_column_inner width=&#8221;1\/6&#8243;][\/vc_column_inner][vc_column_inner width=&#8221;2\/3&#8243;][vc_column_text] Mezzi di pittura Nordic Chic Offriamo una variet\u00e0 di prodotti e strumenti per &#8220;migliorare&#8221; ed elevare qualsiasi progetto di verniciatura al livello successivo. I nostri prodotti sono sviluppati sia per principianti che per esperti. Divertiti! Sperimentare. Non ci sono limiti a ci\u00f2 che puoi creare! Abbiamo la texture del Mare &#8230; <a title=\"lo strumento\" class=\"read-more\" href=\"https:\/\/nordicchicpaint.com\/it\/lo-strumento\/\" aria-label=\"Per saperne di pi\u00f9 su lo strumento\">Leggi tutto<\/a><\/p>\n","protected":false},"author":1,"featured_media":5510,"parent":0,"menu_order":0,"comment_status":"closed","ping_status":"closed","template":"","meta":{"_acf_changed":false,"footnotes":""},"categories":[],"class_list":["post-6221","page","type-page","status-publish","has-post-thumbnail"],"acf":[],"yoast_head":"<!-- This site is optimized with the Yoast SEO plugin v23.4 - https:\/\/yoast.com\/wordpress\/plugins\/seo\/ -->\n<title>lo strumento &#183; Nordic Chic\u00ae<\/title>\n<meta name=\"robots\" content=\"index, follow, max-snippet:-1, max-image-preview:large, max-video-preview:-1\" \/>\n<link rel=\"canonical\" href=\"https:\/\/nordicchicpaint.com\/it\/lo-strumento\/\" \/>\n<meta property=\"og:locale\" content=\"it_IT\" \/>\n<meta property=\"og:type\" content=\"article\" \/>\n<meta property=\"og:title\" content=\"lo strumento &#183; Nordic Chic\u00ae\" \/>\n<meta property=\"og:description\" content=\"[vc_row full_width=&#8221;stretch_row&#8221; el_class=&#8221;farver-ops\u00e6tning&#8221;][vc_column][vc_row_inner][vc_column_inner width=&#8221;1\/6&#8243;][\/vc_column_inner][vc_column_inner width=&#8221;2\/3&#8243;][vc_column_text] Mezzi di pittura Nordic Chic Offriamo una variet\u00e0 di prodotti e strumenti per &#8220;migliorare&#8221; ed elevare qualsiasi progetto di verniciatura al livello successivo. I nostri prodotti sono sviluppati sia per principianti che per esperti. Divertiti! Sperimentare. Non ci sono limiti a ci\u00f2 che puoi creare! Abbiamo la texture del Mare ... Leggi tutto\" \/>\n<meta property=\"og:url\" content=\"https:\/\/nordicchicpaint.com\/it\/lo-strumento\/\" \/>\n<meta property=\"og:site_name\" content=\"Nordic Chic\u00ae\" \/>\n<meta property=\"article:modified_time\" content=\"2024-12-13T10:29:38+00:00\" \/>\n<meta property=\"og:image\" content=\"https:\/\/nordicchicpaint.com\/wp-content\/uploads\/2022\/05\/Crackle-1.jpg\" \/>\n\t<meta property=\"og:image:width\" content=\"1880\" \/>\n\t<meta property=\"og:image:height\" content=\"1576\" \/>\n\t<meta property=\"og:image:type\" content=\"image\/jpeg\" \/>\n<meta name=\"twitter:card\" content=\"summary_large_image\" \/>\n<meta name=\"twitter:label1\" content=\"Tempo di lettura stimato\" \/>\n\t<meta name=\"twitter:data1\" content=\"1 minuto\" \/>\n<script type=\"application\/ld+json\" class=\"yoast-schema-graph\">{\"@context\":\"https:\/\/schema.org\",\"@graph\":[{\"@type\":\"WebPage\",\"@id\":\"https:\/\/nordicchicpaint.com\/it\/lo-strumento\/\",\"url\":\"https:\/\/nordicchicpaint.com\/it\/lo-strumento\/\",\"name\":\"lo strumento &#183; Nordic Chic\u00ae\",\"isPartOf\":{\"@id\":\"https:\/\/nordicchicpaint.com\/it\/#website\"},\"primaryImageOfPage\":{\"@id\":\"https:\/\/nordicchicpaint.com\/it\/lo-strumento\/#primaryimage\"},\"image\":{\"@id\":\"https:\/\/nordicchicpaint.com\/it\/lo-strumento\/#primaryimage\"},\"thumbnailUrl\":\"https:\/\/nordicchicpaint.com\/wp-content\/uploads\/2022\/05\/Crackle-1.jpg\",\"datePublished\":\"2022-05-05T06:24:28+00:00\",\"dateModified\":\"2024-12-13T10:29:38+00:00\",\"breadcrumb\":{\"@id\":\"https:\/\/nordicchicpaint.com\/it\/lo-strumento\/#breadcrumb\"},\"inLanguage\":\"it-IT\",\"potentialAction\":[{\"@type\":\"ReadAction\",\"target\":[\"https:\/\/nordicchicpaint.com\/it\/lo-strumento\/\"]}]},{\"@type\":\"ImageObject\",\"inLanguage\":\"it-IT\",\"@id\":\"https:\/\/nordicchicpaint.com\/it\/lo-strumento\/#primaryimage\",\"url\":\"https:\/\/nordicchicpaint.com\/wp-content\/uploads\/2022\/05\/Crackle-1.jpg\",\"contentUrl\":\"https:\/\/nordicchicpaint.com\/wp-content\/uploads\/2022\/05\/Crackle-1.jpg\",\"width\":1880,\"height\":1576},{\"@type\":\"BreadcrumbList\",\"@id\":\"https:\/\/nordicchicpaint.com\/it\/lo-strumento\/#breadcrumb\",\"itemListElement\":[{\"@type\":\"ListItem\",\"position\":1,\"name\":\"Hjem\",\"item\":\"https:\/\/nordicchicpaint.com\/it\/\"},{\"@type\":\"ListItem\",\"position\":2,\"name\":\"lo strumento\"}]},{\"@type\":\"WebSite\",\"@id\":\"https:\/\/nordicchicpaint.com\/it\/#website\",\"url\":\"https:\/\/nordicchicpaint.com\/it\/\",\"name\":\"Nordic Chic\u00ae\",\"description\":\"Chalk paint for interior and exterior use\",\"publisher\":{\"@id\":\"https:\/\/nordicchicpaint.com\/it\/#organization\"},\"potentialAction\":[{\"@type\":\"SearchAction\",\"target\":{\"@type\":\"EntryPoint\",\"urlTemplate\":\"https:\/\/nordicchicpaint.com\/it\/?s={search_term_string}\"},\"query-input\":{\"@type\":\"PropertyValueSpecification\",\"valueRequired\":true,\"valueName\":\"search_term_string\"}}],\"inLanguage\":\"it-IT\"},{\"@type\":\"Organization\",\"@id\":\"https:\/\/nordicchicpaint.com\/it\/#organization\",\"name\":\"Nordic Chic\u00ae\",\"url\":\"https:\/\/nordicchicpaint.com\/it\/\",\"logo\":{\"@type\":\"ImageObject\",\"inLanguage\":\"it-IT\",\"@id\":\"https:\/\/nordicchicpaint.com\/it\/#\/schema\/logo\/image\/\",\"url\":\"https:\/\/nordicchicpaint.com\/wp-content\/uploads\/2021\/10\/logo.svg\",\"contentUrl\":\"https:\/\/nordicchicpaint.com\/wp-content\/uploads\/2021\/10\/logo.svg\",\"width\":479,\"height\":474,\"caption\":\"Nordic Chic\u00ae\"},\"image\":{\"@id\":\"https:\/\/nordicchicpaint.com\/it\/#\/schema\/logo\/image\/\"}}]}<\/script>\n<!-- \/ Yoast SEO plugin. -->","yoast_head_json":{"title":"lo strumento &#183; Nordic Chic\u00ae","robots":{"index":"index","follow":"follow","max-snippet":"max-snippet:-1","max-image-preview":"max-image-preview:large","max-video-preview":"max-video-preview:-1"},"canonical":"https:\/\/nordicchicpaint.com\/it\/lo-strumento\/","og_locale":"it_IT","og_type":"article","og_title":"lo strumento &#183; Nordic Chic\u00ae","og_description":"[vc_row full_width=&#8221;stretch_row&#8221; el_class=&#8221;farver-ops\u00e6tning&#8221;][vc_column][vc_row_inner][vc_column_inner width=&#8221;1\/6&#8243;][\/vc_column_inner][vc_column_inner width=&#8221;2\/3&#8243;][vc_column_text] Mezzi di pittura Nordic Chic Offriamo una variet\u00e0 di prodotti e strumenti per &#8220;migliorare&#8221; ed elevare qualsiasi progetto di verniciatura al livello successivo. I nostri prodotti sono sviluppati sia per principianti che per esperti. Divertiti! Sperimentare. Non ci sono limiti a ci\u00f2 che puoi creare! Abbiamo la texture del Mare ... Leggi tutto","og_url":"https:\/\/nordicchicpaint.com\/it\/lo-strumento\/","og_site_name":"Nordic Chic\u00ae","article_modified_time":"2024-12-13T10:29:38+00:00","og_image":[{"width":1880,"height":1576,"url":"https:\/\/nordicchicpaint.com\/wp-content\/uploads\/2022\/05\/Crackle-1.jpg","type":"image\/jpeg"}],"twitter_card":"summary_large_image","twitter_misc":{"Tempo di lettura stimato":"1 minuto"},"schema":{"@context":"https:\/\/schema.org","@graph":[{"@type":"WebPage","@id":"https:\/\/nordicchicpaint.com\/it\/lo-strumento\/","url":"https:\/\/nordicchicpaint.com\/it\/lo-strumento\/","name":"lo strumento &#183; Nordic Chic\u00ae","isPartOf":{"@id":"https:\/\/nordicchicpaint.com\/it\/#website"},"primaryImageOfPage":{"@id":"https:\/\/nordicchicpaint.com\/it\/lo-strumento\/#primaryimage"},"image":{"@id":"https:\/\/nordicchicpaint.com\/it\/lo-strumento\/#primaryimage"},"thumbnailUrl":"https:\/\/nordicchicpaint.com\/wp-content\/uploads\/2022\/05\/Crackle-1.jpg","datePublished":"2022-05-05T06:24:28+00:00","dateModified":"2024-12-13T10:29:38+00:00","breadcrumb":{"@id":"https:\/\/nordicchicpaint.com\/it\/lo-strumento\/#breadcrumb"},"inLanguage":"it-IT","potentialAction":[{"@type":"ReadAction","target":["https:\/\/nordicchicpaint.com\/it\/lo-strumento\/"]}]},{"@type":"ImageObject","inLanguage":"it-IT","@id":"https:\/\/nordicchicpaint.com\/it\/lo-strumento\/#primaryimage","url":"https:\/\/nordicchicpaint.com\/wp-content\/uploads\/2022\/05\/Crackle-1.jpg","contentUrl":"https:\/\/nordicchicpaint.com\/wp-content\/uploads\/2022\/05\/Crackle-1.jpg","width":1880,"height":1576},{"@type":"BreadcrumbList","@id":"https:\/\/nordicchicpaint.com\/it\/lo-strumento\/#breadcrumb","itemListElement":[{"@type":"ListItem","position":1,"name":"Hjem","item":"https:\/\/nordicchicpaint.com\/it\/"},{"@type":"ListItem","position":2,"name":"lo strumento"}]},{"@type":"WebSite","@id":"https:\/\/nordicchicpaint.com\/it\/#website","url":"https:\/\/nordicchicpaint.com\/it\/","name":"Nordic Chic\u00ae","description":"Chalk paint for interior and exterior use","publisher":{"@id":"https:\/\/nordicchicpaint.com\/it\/#organization"},"potentialAction":[{"@type":"SearchAction","target":{"@type":"EntryPoint","urlTemplate":"https:\/\/nordicchicpaint.com\/it\/?s={search_term_string}"},"query-input":{"@type":"PropertyValueSpecification","valueRequired":true,"valueName":"search_term_string"}}],"inLanguage":"it-IT"},{"@type":"Organization","@id":"https:\/\/nordicchicpaint.com\/it\/#organization","name":"Nordic Chic\u00ae","url":"https:\/\/nordicchicpaint.com\/it\/","logo":{"@type":"ImageObject","inLanguage":"it-IT","@id":"https:\/\/nordicchicpaint.com\/it\/#\/schema\/logo\/image\/","url":"https:\/\/nordicchicpaint.com\/wp-content\/uploads\/2021\/10\/logo.svg","contentUrl":"https:\/\/nordicchicpaint.com\/wp-content\/uploads\/2021\/10\/logo.svg","width":479,"height":474,"caption":"Nordic Chic\u00ae"},"image":{"@id":"https:\/\/nordicchicpaint.com\/it\/#\/schema\/logo\/image\/"}}]}},"_links":{"self":[{"href":"https:\/\/nordicchicpaint.com\/it\/wp-json\/wp\/v2\/pages\/6221"}],"collection":[{"href":"https:\/\/nordicchicpaint.com\/it\/wp-json\/wp\/v2\/pages"}],"about":[{"href":"https:\/\/nordicchicpaint.com\/it\/wp-json\/wp\/v2\/types\/page"}],"author":[{"embeddable":true,"href":"https:\/\/nordicchicpaint.com\/it\/wp-json\/wp\/v2\/users\/1"}],"replies":[{"embeddable":true,"href":"https:\/\/nordicchicpaint.com\/it\/wp-json\/wp\/v2\/comments?post=6221"}],"version-history":[{"count":2,"href":"https:\/\/nordicchicpaint.com\/it\/wp-json\/wp\/v2\/pages\/6221\/revisions"}],"predecessor-version":[{"id":6223,"href":"https:\/\/nordicchicpaint.com\/it\/wp-json\/wp\/v2\/pages\/6221\/revisions\/6223"}],"wp:featuredmedia":[{"embeddable":true,"href":"https:\/\/nordicchicpaint.com\/it\/wp-json\/wp\/v2\/media\/5510"}],"wp:attachment":[{"href":"https:\/\/nordicchicpaint.com\/it\/wp-json\/wp\/v2\/media?parent=6221"}],"wp:term":[{"taxonomy":"category","embeddable":true,"href":"https:\/\/nordicchicpaint.com\/it\/wp-json\/wp\/v2\/categories?post=6221"}],"curies":[{"name":"wp","href":"https:\/\/api.w.org\/{rel}","templated":true}]}}