{"id":5939,"date":"2021-10-21T12:22:36","date_gmt":"2021-10-21T10:22:36","guid":{"rendered":"https:\/\/nordicchicpaint.com\/artisan-enhancements\/"},"modified":"2024-09-05T11:40:02","modified_gmt":"2024-09-05T09:40:02","slug":"artisan-enhancements","status":"publish","type":"page","link":"https:\/\/nordicchicpaint.com\/fr\/artisan-enhancements\/","title":{"rendered":"Artisan Enhancements"},"content":{"rendered":"<section class=\"wpb-content-wrapper\"><p>[vc_row full_width=\u00a0\u00bbstretch_row\u00a0\u00bb css=\u00a0\u00bb.vc_custom_1655385546921{background-color: #f7f7f7 !important;}\u00a0\u00bb][vc_column]<div class=\"ult-spacer spacer-69f144c951800\" data-id=\"69f144c951800\" data-height=\"90\" data-height-mobile=\"60\" data-height-tab=\"90\" data-height-tab-portrait=\"60\" data-height-mobile-landscape=\"60\" style=\"clear:both;display:block;\"><\/div>[vc_text_separator title=\u00a0\u00bbTrouvez votre d\u00e9taillant Artisan Enhancements\u00a0\u00bb title_align=\u00a0\u00bbseparator_align_left\u00a0\u00bb color=\u00a0\u00bbcustom\u00a0\u00bb accent_color=\u00a0\u00bb#333333&Prime;][vc_empty_space height=\u00a0\u00bb30px\u00a0\u00bb][vc_row_inner][vc_column_inner width=\u00a0\u00bb1\/2&Prime;][vc_column_text]Trouvez votre d\u00e9taillant Artisan Enhancements ici et faites passer votre peinture \u00e0 un niveau sup\u00e9rieur\u00a0!<\/p>\n<p><strong>Amusez-vous\u00a0! Exp\u00e9rience. Il n&rsquo;y a pas de limites \u00e0 ce que vous pouvez cr\u00e9er\u00a0!<\/strong><\/p>\n<p>Tous nos d\u00e9taillants Artisan Enhancements peuvent vous fournir une source abordable, polyvalente, facile \u00e0 utiliser et \u00e9cologique pour les rev\u00eatements d\u00e9coratifs. Ils vous offriront conseils et aide en cas de besoin.<\/p>\n<h4>Notre offre d\u00e9taillant Artisan Enhancements<\/h4>\n<ul>\n<li>8\u00a0excellents produits pour tout r\u00e9aliser, des cr\u00e9pitements aux feuilles m\u00e9talliques en passant par le d\u00e9coupage<\/li>\n<li>2\u00a0couches de finition fantastiques\u00a0: une pour la protection \u00e0 l&rsquo;int\u00e9rieur et \u00e0 l&rsquo;ext\u00e9rieur et une pour cr\u00e9er une finition brillante et profonde<\/li>\n<li>pinceaux et autres outils n\u00e9cessaires pour obtenir ces finitions fantastiques<\/li>\n<li>Vous pouvez les utiliser que vous soyez novice ou expert<\/li>\n<\/ul>\n<h4>Devenez un d\u00e9taillant Artisan Enhancements<\/h4>\n<p>Si vous vendez d\u00e9j\u00e0 de la peinture \u00e0 la craie et que vous souhaitez pouvoir offrir \u00e0 vos clients ces fabuleux produits, vous \u00eates toujours invit\u00e9s \u00e0 devenir vous-m\u00eame un d\u00e9taillant Artisan Enhancements.[\/vc_column_text]<div class=\"ult-spacer spacer-69f144c95184f\" data-id=\"69f144c95184f\" data-height=\"0\" data-height-mobile=\"30\" data-height-tab=\"0\" data-height-tab-portrait=\"0\" data-height-mobile-landscape=\"30\" style=\"clear:both;display:block;\"><\/div>[\/vc_column_inner][vc_column_inner width=\u00a0\u00bb1\/2&Prime;][vc_raw_html]PGlmcmFtZSBzcmM9Imh0dHBzOi8vd3d3Lmdvb2dsZS5jb20vbWFwcy9kL2VtYmVkP21pZD0xcmF1UkhEeGRuVWF2aTU0LWQ3dWRsdFZZY3lFIiB3aWR0aD0iMTAwJSIgaGVpZ2h0PSI1NDUiPjwvaWZyYW1lPg==[\/vc_raw_html][\/vc_column_inner][\/vc_row_inner]<div class=\"ult-spacer spacer-69f144c951877\" data-id=\"69f144c951877\" data-height=\"90\" data-height-mobile=\"60\" data-height-tab=\"90\" data-height-tab-portrait=\"60\" data-height-mobile-landscape=\"60\" style=\"clear:both;display:block;\"><\/div>[\/vc_column][\/vc_row][vc_row full_width=\u00a0\u00bbstretch_row\u00a0\u00bb][vc_column]<div class=\"ult-spacer spacer-69f144c951899\" data-id=\"69f144c951899\" data-height=\"90\" data-height-mobile=\"60\" data-height-tab=\"90\" data-height-tab-portrait=\"60\" data-height-mobile-landscape=\"60\" style=\"clear:both;display:block;\"><\/div>[vc_row_inner][vc_column_inner width=\u00a0\u00bb1\/6&Prime;][\/vc_column_inner][vc_column_inner width=\u00a0\u00bb2\/3&Prime;][vc_column_text]<\/p>\n<h2 style=\"text-align: center;\">\u00c9levez votre style de peinture<\/h2>\n<p>La mission et la passion d&rsquo;Artisan Enhancements\u00ae sont de fournir aux d\u00e9taillants de peintures d\u00e9coratives sp\u00e9cialis\u00e9es une source abordable, polyvalente, facile \u00e0 utiliser et \u00e9cologique pour les rev\u00eatements d\u00e9coratifs. Ils offrent une vari\u00e9t\u00e9 de produits et d\u2019outils pour \u00ab\u00a0am\u00e9liorer\u00a0\u00bb et \u00e9lever tout projet de peinture au niveau sup\u00e9rieur. Leurs produits ont \u00e9t\u00e9 d\u00e9velopp\u00e9s aussi bien pour les d\u00e9butants que pour les experts. Amusez-vous! Exp\u00e9rience. <strong>Il n&rsquo;y a aucune limite \u00e0 ce que vous pouvez cr\u00e9er\u00a0!<\/strong><\/p>\n<p>Artisan Enhancements\u00ae est le cr\u00e9ateur de m\u00e9diums et de scellants d\u00e9coratifs innovants, respectueux de la terre (et de l&rsquo;homme), faciles \u00e0 utiliser. Artisan Enhancements\u00ae travaille en \u00e9troite collaboration avec leurs \u00e9quipes de d\u00e9veloppement de produits et de fabrication pour cr\u00e9er des scellants et des supports de peinture r\u00e9volutionnaires. Ils promeuvent et encouragent une approche respectueuse de l\u2019environnement dans le monde de la peinture d\u00e9corative et des fausses finitions.<\/p>\n<p>Nous pouvons vous proposer tous leurs produits ici chez Nordic Chic et si vous n&rsquo;avez pas de d\u00e9taillant Nordic Chic pr\u00e8s de chez vous, vous \u00eates les bienvenus dans notre cible <a href=\"https:\/\/nordicchic.eu\/collections\/artisan-enhancements\" =\"_blank\" rel=\"noopener\">boutique en ligne<\/a><\/p>\n<p>Les possibilit\u00e9s sont infinies avec ces produits et nous vous recommandons de jeter un \u0153il \u00e0 notre page Pinterest qui contient de nombreuses inspirations d&rsquo;Artisan Enhancements.<\/p>\n<p>[\/vc_column_text][\/vc_column_inner][vc_column_inner width=\u00a0\u00bb1\/6&Prime;][\/vc_column_inner][\/vc_row_inner][vc_empty_space height=\u00a0\u00bb60px\u00a0\u00bb][vc_media_grid element_width=\u00a0\u00bb2&Prime; gap=\u00a0\u00bb20&Prime; grid_id=\u00a0\u00bbvc_gid:1655385358022-a5107c8a-bd1a-2&Prime; include=\u00a0\u00bb3431,3432,3433,3434,3435,3436,3437,3438,3439,3440,3444,3445&Prime;]<div class=\"ult-spacer spacer-69f144c9518b8\" data-id=\"69f144c9518b8\" data-height=\"90\" data-height-mobile=\"60\" data-height-tab=\"90\" data-height-tab-portrait=\"60\" data-height-mobile-landscape=\"60\" style=\"clear:both;display:block;\"><\/div>[\/vc_column][\/vc_row][vc_row full_width=\u00a0\u00bbstretch_row\u00a0\u00bb][vc_column]<div class=\"ult-spacer spacer-69f144c9518d6\" data-id=\"69f144c9518d6\" data-height=\"90\" data-height-mobile=\"60\" data-height-tab=\"90\" data-height-tab-portrait=\"60\" data-height-mobile-landscape=\"60\" style=\"clear:both;display:block;\"><\/div>[vc_row_inner][vc_column_inner width=\u00a0\u00bb1\/2&Prime;][vc_column_text]<\/p>\n<h3>Tutorials<\/h3>\n<ul>\n<li><a href=\"\/wp-content\/uploads\/2022\/05\/aechippycanvas-1.pdf\" target=\"_blank\" rel=\"noopener\">Chippy Canvas<\/a><\/li>\n<li><a href=\"\/wp-content\/uploads\/2022\/05\/finestone_chippystone-1.pdf\" target=\"_blank\" rel=\"noopener\">Finestone chippystone<\/a><\/li>\n<li><a href=\"\/wp-content\/uploads\/2022\/05\/leaffoil2tech-1.pdf\" target=\"_blank\" rel=\"noopener\">Leaf &amp; Foil teknik<\/a><\/li>\n<li><a href=\"\/wp-content\/uploads\/2022\/05\/leaffoilburnished-1.pdf\" target=\"_blank\" rel=\"noopener\">Leaf &amp; Fiol Burnished<\/a><\/li>\n<li><a href=\"\/wp-content\/uploads\/2022\/05\/transfergel-1.pdf\" target=\"_blank\" rel=\"noopener\">Transfergel<\/a><\/li>\n<\/ul>\n<p>[\/vc_column_text]<div class=\"ult-spacer spacer-69f144c9518f3\" data-id=\"69f144c9518f3\" data-height=\"0\" data-height-mobile=\"15\" data-height-tab=\"0\" data-height-tab-portrait=\"0\" data-height-mobile-landscape=\"15\" style=\"clear:both;display:block;\"><\/div>[\/vc_column_inner][vc_column_inner width=\u00a0\u00bb1\/2&Prime;][vc_column_text]<\/p>\n<h3>Artisan Enhancements Products<\/h3>\n<ul>\n<li><a href=\"\/wp-content\/uploads\/2022\/05\/VP-Antico-Artisan-Enhancements-TS.pdf\" target=\"_blank\" rel=\"noopener\">VP Antico<\/a><\/li>\n<li><a href=\"\/wp-content\/uploads\/2022\/05\/Transfer-Gel-Artisan-Enhancements-TS.pdf\" target=\"_blank\" rel=\"noopener\">Transfer Gel<\/a><\/li>\n<li><a href=\"\/wp-content\/uploads\/2022\/05\/Scumble-Artisan-Enhancements-TS.pdf\" target=\"_blank\" rel=\"noopener\">Scumble<\/a><\/li>\n<li><a href=\"\/wp-content\/uploads\/2022\/05\/Pearl-Plaster-Artisan-Enhancements-TS.pdf\" target=\"_blank\" rel=\"noopener\">Pearl Plaster<\/a><\/li>\n<li><a href=\"\/wp-content\/uploads\/2022\/05\/Fine-Stone-Artisan-Enhancements-TS.pdf\" target=\"_blank\" rel=\"noopener\">Fine Stone<\/a><\/li>\n<li><a href=\"\/wp-content\/uploads\/2022\/05\/Leaf-Foil-Artisan-Enhancements-TS.pdf\" target=\"_blank\" rel=\"noopener\">Leaf &amp; Foil<\/a><\/li>\n<li><a href=\"\/wp-content\/uploads\/2022\/05\/Easy-Crackle-Artisan-Enhancements-TS.pdf\" target=\"_blank\" rel=\"noopener\">Easy Crackle<\/a><\/li>\n<li><a href=\"\/wp-content\/uploads\/2022\/05\/Crackle-Tex-Artisan-Enhancements-TS.pdf\" target=\"_blank\" rel=\"noopener\">Crackle Tex<\/a><\/li>\n<li><a href=\"\/wp-content\/uploads\/2022\/05\/Clear-TopCoat-Artisan-Enhancements-TS2.pdf\" target=\"_blank\" rel=\"noopener\">Clear TopCoat<\/a><\/li>\n<li><a href=\"\/wp-content\/uploads\/2022\/05\/Clear-Finish-Artisan-Enhancements-TS2.pdf\" target=\"_blank\" rel=\"noopener\">Clear Finish<\/a><\/li>\n<\/ul>\n<p>[\/vc_column_text][\/vc_column_inner][\/vc_row_inner]<div class=\"ult-spacer spacer-69f144c95190e\" data-id=\"69f144c95190e\" data-height=\"90\" data-height-mobile=\"60\" data-height-tab=\"90\" data-height-tab-portrait=\"60\" data-height-mobile-landscape=\"60\" style=\"clear:both;display:block;\"><\/div>[\/vc_column][\/vc_row]<\/p>\n<\/section>","protected":false},"excerpt":{"rendered":"<p>[vc_row full_width=\u00a0\u00bbstretch_row\u00a0\u00bb css=\u00a0\u00bb.vc_custom_1655385546921{background-color: #f7f7f7 !important;}\u00a0\u00bb][vc_column][vc_text_separator title=\u00a0\u00bbTrouvez votre d\u00e9taillant Artisan Enhancements\u00a0\u00bb title_align=\u00a0\u00bbseparator_align_left\u00a0\u00bb color=\u00a0\u00bbcustom\u00a0\u00bb accent_color=\u00a0\u00bb#333333&Prime;][vc_empty_space height=\u00a0\u00bb30px\u00a0\u00bb][vc_row_inner][vc_column_inner width=\u00a0\u00bb1\/2&Prime;][vc_column_text]Trouvez votre d\u00e9taillant Artisan Enhancements ici et faites passer votre peinture \u00e0 un niveau sup\u00e9rieur\u00a0! Amusez-vous\u00a0! Exp\u00e9rience. Il n&rsquo;y a pas de limites \u00e0 ce que vous pouvez cr\u00e9er\u00a0! Tous nos d\u00e9taillants Artisan Enhancements peuvent vous fournir une source abordable, polyvalente, &#8230; <a title=\"Artisan Enhancements\" class=\"read-more\" href=\"https:\/\/nordicchicpaint.com\/fr\/artisan-enhancements\/\" aria-label=\"En savoir plus sur Artisan Enhancements\">Lire plus<\/a><\/p>\n","protected":false},"author":1,"featured_media":5590,"parent":0,"menu_order":5,"comment_status":"closed","ping_status":"closed","template":"","meta":{"_acf_changed":false,"footnotes":""},"categories":[],"class_list":["post-5939","page","type-page","status-publish","has-post-thumbnail"],"acf":[],"yoast_head":"<!-- This site is optimized with the Yoast SEO plugin v23.4 - https:\/\/yoast.com\/wordpress\/plugins\/seo\/ -->\n<title>Artisan Enhancements &#183; Nordic Chic\u00ae<\/title>\n<meta name=\"robots\" content=\"index, follow, max-snippet:-1, max-image-preview:large, max-video-preview:-1\" \/>\n<link rel=\"canonical\" href=\"https:\/\/nordicchicpaint.com\/fr\/artisan-enhancements\/\" \/>\n<meta property=\"og:locale\" content=\"fr_FR\" \/>\n<meta property=\"og:type\" content=\"article\" \/>\n<meta property=\"og:title\" content=\"Artisan Enhancements &#183; Nordic Chic\u00ae\" \/>\n<meta property=\"og:description\" content=\"[vc_row full_width=\u00a0\u00bbstretch_row\u00a0\u00bb css=\u00a0\u00bb.vc_custom_1655385546921{background-color: #f7f7f7 !important;}\u00a0\u00bb][vc_column][vc_text_separator title=\u00a0\u00bbTrouvez votre d\u00e9taillant Artisan Enhancements\u00a0\u00bb title_align=\u00a0\u00bbseparator_align_left\u00a0\u00bb color=\u00a0\u00bbcustom\u00a0\u00bb accent_color=\u00a0\u00bb#333333&Prime;][vc_empty_space height=\u00a0\u00bb30px\u00a0\u00bb][vc_row_inner][vc_column_inner width=\u00a0\u00bb1\/2&Prime;][vc_column_text]Trouvez votre d\u00e9taillant Artisan Enhancements ici et faites passer votre peinture \u00e0 un niveau sup\u00e9rieur\u00a0! Amusez-vous\u00a0! Exp\u00e9rience. Il n&rsquo;y a pas de limites \u00e0 ce que vous pouvez cr\u00e9er\u00a0! Tous nos d\u00e9taillants Artisan Enhancements peuvent vous fournir une source abordable, polyvalente, ... Lire plus\" \/>\n<meta property=\"og:url\" content=\"https:\/\/nordicchicpaint.com\/fr\/artisan-enhancements\/\" \/>\n<meta property=\"og:site_name\" content=\"Nordic Chic\u00ae\" \/>\n<meta property=\"article:modified_time\" content=\"2024-09-05T09:40:02+00:00\" \/>\n<meta property=\"og:image\" content=\"https:\/\/nordicchicpaint.com\/wp-content\/uploads\/2022\/07\/Clear-Finish-Grouped-WB-e1662455235298.webp\" \/>\n\t<meta property=\"og:image:width\" content=\"970\" \/>\n\t<meta property=\"og:image:height\" content=\"858\" \/>\n\t<meta property=\"og:image:type\" content=\"image\/webp\" \/>\n<meta name=\"twitter:card\" content=\"summary_large_image\" \/>\n<meta name=\"twitter:label1\" content=\"Dur\u00e9e de lecture estim\u00e9e\" \/>\n\t<meta name=\"twitter:data1\" content=\"4 minutes\" \/>\n<script type=\"application\/ld+json\" class=\"yoast-schema-graph\">{\"@context\":\"https:\/\/schema.org\",\"@graph\":[{\"@type\":\"WebPage\",\"@id\":\"https:\/\/nordicchicpaint.com\/fr\/artisan-enhancements\/\",\"url\":\"https:\/\/nordicchicpaint.com\/fr\/artisan-enhancements\/\",\"name\":\"Artisan Enhancements &#183; Nordic Chic\u00ae\",\"isPartOf\":{\"@id\":\"https:\/\/nordicchicpaint.com\/fr\/#website\"},\"primaryImageOfPage\":{\"@id\":\"https:\/\/nordicchicpaint.com\/fr\/artisan-enhancements\/#primaryimage\"},\"image\":{\"@id\":\"https:\/\/nordicchicpaint.com\/fr\/artisan-enhancements\/#primaryimage\"},\"thumbnailUrl\":\"https:\/\/nordicchicpaint.com\/wp-content\/uploads\/2022\/07\/Clear-Finish-Grouped-WB-e1662455235298.webp\",\"datePublished\":\"2021-10-21T10:22:36+00:00\",\"dateModified\":\"2024-09-05T09:40:02+00:00\",\"breadcrumb\":{\"@id\":\"https:\/\/nordicchicpaint.com\/fr\/artisan-enhancements\/#breadcrumb\"},\"inLanguage\":\"fr-FR\",\"potentialAction\":[{\"@type\":\"ReadAction\",\"target\":[\"https:\/\/nordicchicpaint.com\/fr\/artisan-enhancements\/\"]}]},{\"@type\":\"ImageObject\",\"inLanguage\":\"fr-FR\",\"@id\":\"https:\/\/nordicchicpaint.com\/fr\/artisan-enhancements\/#primaryimage\",\"url\":\"https:\/\/nordicchicpaint.com\/wp-content\/uploads\/2022\/07\/Clear-Finish-Grouped-WB-e1662455235298.webp\",\"contentUrl\":\"https:\/\/nordicchicpaint.com\/wp-content\/uploads\/2022\/07\/Clear-Finish-Grouped-WB-e1662455235298.webp\",\"width\":970,\"height\":858},{\"@type\":\"BreadcrumbList\",\"@id\":\"https:\/\/nordicchicpaint.com\/fr\/artisan-enhancements\/#breadcrumb\",\"itemListElement\":[{\"@type\":\"ListItem\",\"position\":1,\"name\":\"Hjem\",\"item\":\"https:\/\/nordicchicpaint.com\/fr\/\"},{\"@type\":\"ListItem\",\"position\":2,\"name\":\"Artisan Enhancements\"}]},{\"@type\":\"WebSite\",\"@id\":\"https:\/\/nordicchicpaint.com\/fr\/#website\",\"url\":\"https:\/\/nordicchicpaint.com\/fr\/\",\"name\":\"Nordic Chic\u00ae\",\"description\":\"Chalk paint for interior and exterior use\",\"publisher\":{\"@id\":\"https:\/\/nordicchicpaint.com\/fr\/#organization\"},\"potentialAction\":[{\"@type\":\"SearchAction\",\"target\":{\"@type\":\"EntryPoint\",\"urlTemplate\":\"https:\/\/nordicchicpaint.com\/fr\/?s={search_term_string}\"},\"query-input\":{\"@type\":\"PropertyValueSpecification\",\"valueRequired\":true,\"valueName\":\"search_term_string\"}}],\"inLanguage\":\"fr-FR\"},{\"@type\":\"Organization\",\"@id\":\"https:\/\/nordicchicpaint.com\/fr\/#organization\",\"name\":\"Nordic Chic\u00ae\",\"url\":\"https:\/\/nordicchicpaint.com\/fr\/\",\"logo\":{\"@type\":\"ImageObject\",\"inLanguage\":\"fr-FR\",\"@id\":\"https:\/\/nordicchicpaint.com\/fr\/#\/schema\/logo\/image\/\",\"url\":\"https:\/\/nordicchicpaint.com\/wp-content\/uploads\/2021\/10\/logo.svg\",\"contentUrl\":\"https:\/\/nordicchicpaint.com\/wp-content\/uploads\/2021\/10\/logo.svg\",\"width\":479,\"height\":474,\"caption\":\"Nordic Chic\u00ae\"},\"image\":{\"@id\":\"https:\/\/nordicchicpaint.com\/fr\/#\/schema\/logo\/image\/\"}}]}<\/script>\n<!-- \/ Yoast SEO plugin. -->","yoast_head_json":{"title":"Artisan Enhancements &#183; Nordic Chic\u00ae","robots":{"index":"index","follow":"follow","max-snippet":"max-snippet:-1","max-image-preview":"max-image-preview:large","max-video-preview":"max-video-preview:-1"},"canonical":"https:\/\/nordicchicpaint.com\/fr\/artisan-enhancements\/","og_locale":"fr_FR","og_type":"article","og_title":"Artisan Enhancements &#183; Nordic Chic\u00ae","og_description":"[vc_row full_width=\u00a0\u00bbstretch_row\u00a0\u00bb css=\u00a0\u00bb.vc_custom_1655385546921{background-color: #f7f7f7 !important;}\u00a0\u00bb][vc_column][vc_text_separator title=\u00a0\u00bbTrouvez votre d\u00e9taillant Artisan Enhancements\u00a0\u00bb title_align=\u00a0\u00bbseparator_align_left\u00a0\u00bb color=\u00a0\u00bbcustom\u00a0\u00bb accent_color=\u00a0\u00bb#333333&Prime;][vc_empty_space height=\u00a0\u00bb30px\u00a0\u00bb][vc_row_inner][vc_column_inner width=\u00a0\u00bb1\/2&Prime;][vc_column_text]Trouvez votre d\u00e9taillant Artisan Enhancements ici et faites passer votre peinture \u00e0 un niveau sup\u00e9rieur\u00a0! Amusez-vous\u00a0! Exp\u00e9rience. Il n&rsquo;y a pas de limites \u00e0 ce que vous pouvez cr\u00e9er\u00a0! Tous nos d\u00e9taillants Artisan Enhancements peuvent vous fournir une source abordable, polyvalente, ... Lire plus","og_url":"https:\/\/nordicchicpaint.com\/fr\/artisan-enhancements\/","og_site_name":"Nordic Chic\u00ae","article_modified_time":"2024-09-05T09:40:02+00:00","og_image":[{"width":970,"height":858,"url":"https:\/\/nordicchicpaint.com\/wp-content\/uploads\/2022\/07\/Clear-Finish-Grouped-WB-e1662455235298.webp","type":"image\/webp"}],"twitter_card":"summary_large_image","twitter_misc":{"Dur\u00e9e de lecture estim\u00e9e":"4 minutes"},"schema":{"@context":"https:\/\/schema.org","@graph":[{"@type":"WebPage","@id":"https:\/\/nordicchicpaint.com\/fr\/artisan-enhancements\/","url":"https:\/\/nordicchicpaint.com\/fr\/artisan-enhancements\/","name":"Artisan Enhancements &#183; Nordic Chic\u00ae","isPartOf":{"@id":"https:\/\/nordicchicpaint.com\/fr\/#website"},"primaryImageOfPage":{"@id":"https:\/\/nordicchicpaint.com\/fr\/artisan-enhancements\/#primaryimage"},"image":{"@id":"https:\/\/nordicchicpaint.com\/fr\/artisan-enhancements\/#primaryimage"},"thumbnailUrl":"https:\/\/nordicchicpaint.com\/wp-content\/uploads\/2022\/07\/Clear-Finish-Grouped-WB-e1662455235298.webp","datePublished":"2021-10-21T10:22:36+00:00","dateModified":"2024-09-05T09:40:02+00:00","breadcrumb":{"@id":"https:\/\/nordicchicpaint.com\/fr\/artisan-enhancements\/#breadcrumb"},"inLanguage":"fr-FR","potentialAction":[{"@type":"ReadAction","target":["https:\/\/nordicchicpaint.com\/fr\/artisan-enhancements\/"]}]},{"@type":"ImageObject","inLanguage":"fr-FR","@id":"https:\/\/nordicchicpaint.com\/fr\/artisan-enhancements\/#primaryimage","url":"https:\/\/nordicchicpaint.com\/wp-content\/uploads\/2022\/07\/Clear-Finish-Grouped-WB-e1662455235298.webp","contentUrl":"https:\/\/nordicchicpaint.com\/wp-content\/uploads\/2022\/07\/Clear-Finish-Grouped-WB-e1662455235298.webp","width":970,"height":858},{"@type":"BreadcrumbList","@id":"https:\/\/nordicchicpaint.com\/fr\/artisan-enhancements\/#breadcrumb","itemListElement":[{"@type":"ListItem","position":1,"name":"Hjem","item":"https:\/\/nordicchicpaint.com\/fr\/"},{"@type":"ListItem","position":2,"name":"Artisan Enhancements"}]},{"@type":"WebSite","@id":"https:\/\/nordicchicpaint.com\/fr\/#website","url":"https:\/\/nordicchicpaint.com\/fr\/","name":"Nordic Chic\u00ae","description":"Chalk paint for interior and exterior use","publisher":{"@id":"https:\/\/nordicchicpaint.com\/fr\/#organization"},"potentialAction":[{"@type":"SearchAction","target":{"@type":"EntryPoint","urlTemplate":"https:\/\/nordicchicpaint.com\/fr\/?s={search_term_string}"},"query-input":{"@type":"PropertyValueSpecification","valueRequired":true,"valueName":"search_term_string"}}],"inLanguage":"fr-FR"},{"@type":"Organization","@id":"https:\/\/nordicchicpaint.com\/fr\/#organization","name":"Nordic Chic\u00ae","url":"https:\/\/nordicchicpaint.com\/fr\/","logo":{"@type":"ImageObject","inLanguage":"fr-FR","@id":"https:\/\/nordicchicpaint.com\/fr\/#\/schema\/logo\/image\/","url":"https:\/\/nordicchicpaint.com\/wp-content\/uploads\/2021\/10\/logo.svg","contentUrl":"https:\/\/nordicchicpaint.com\/wp-content\/uploads\/2021\/10\/logo.svg","width":479,"height":474,"caption":"Nordic Chic\u00ae"},"image":{"@id":"https:\/\/nordicchicpaint.com\/fr\/#\/schema\/logo\/image\/"}}]}},"_links":{"self":[{"href":"https:\/\/nordicchicpaint.com\/fr\/wp-json\/wp\/v2\/pages\/5939"}],"collection":[{"href":"https:\/\/nordicchicpaint.com\/fr\/wp-json\/wp\/v2\/pages"}],"about":[{"href":"https:\/\/nordicchicpaint.com\/fr\/wp-json\/wp\/v2\/types\/page"}],"author":[{"embeddable":true,"href":"https:\/\/nordicchicpaint.com\/fr\/wp-json\/wp\/v2\/users\/1"}],"replies":[{"embeddable":true,"href":"https:\/\/nordicchicpaint.com\/fr\/wp-json\/wp\/v2\/comments?post=5939"}],"version-history":[{"count":2,"href":"https:\/\/nordicchicpaint.com\/fr\/wp-json\/wp\/v2\/pages\/5939\/revisions"}],"predecessor-version":[{"id":5941,"href":"https:\/\/nordicchicpaint.com\/fr\/wp-json\/wp\/v2\/pages\/5939\/revisions\/5941"}],"wp:featuredmedia":[{"embeddable":true,"href":"https:\/\/nordicchicpaint.com\/fr\/wp-json\/wp\/v2\/media\/5590"}],"wp:attachment":[{"href":"https:\/\/nordicchicpaint.com\/fr\/wp-json\/wp\/v2\/media?parent=5939"}],"wp:term":[{"taxonomy":"category","embeddable":true,"href":"https:\/\/nordicchicpaint.com\/fr\/wp-json\/wp\/v2\/categories?post=5939"}],"curies":[{"name":"wp","href":"https:\/\/api.w.org\/{rel}","templated":true}]}}