{"id":5936,"date":"2021-10-21T12:22:36","date_gmt":"2021-10-21T10:22:36","guid":{"rendered":"https:\/\/nordicchicpaint.com\/finitions\/"},"modified":"2024-09-05T11:37:19","modified_gmt":"2024-09-05T09:37:19","slug":"finitions","status":"publish","type":"page","link":"https:\/\/nordicchicpaint.com\/fr\/finitions\/","title":{"rendered":"Finitions"},"content":{"rendered":"<section class=\"wpb-content-wrapper\"><p>[vc_row full_width=\u00a0\u00bbstretch_row\u00a0\u00bb][vc_column]<div class=\"ult-spacer spacer-69dffd3c4c765\" data-id=\"69dffd3c4c765\" data-height=\"90\" data-height-mobile=\"60\" data-height-tab=\"90\" data-height-tab-portrait=\"60\" data-height-mobile-landscape=\"60\" style=\"clear:both;display:block;\"><\/div>[vc_row_inner][vc_column_inner width=\u00a0\u00bb1\/6&Prime;][\/vc_column_inner][vc_column_inner width=\u00a0\u00bb2\/3&Prime;][vc_column_text]<\/p>\n<h2 style=\"text-align: center;\">Nous vous proposons deux produits pour sceller votre peinture\u00a0: cire et couche de finition<\/h2>\n<p style=\"text-align: left;\">Ils sont pratiquement inodores et faciles \u00e0 appliquer et \u00e0 travailler.<\/p>\n<p style=\"text-align: left;\">Notre couche de finition est \u00e9galement certifi\u00e9e EN 71-3, elle peut donc \u00eatre utilis\u00e9e en toute s\u00e9curit\u00e9 sur les meubles et les jouets pour enfants.<\/p>\n<h3 style=\"text-align: left;\">Comment postuler\u00a0?<\/h3>\n<p style=\"text-align: left;\">Assurez-vous que votre surface est s\u00e8che, propre et sans poussi\u00e8re. Appliquez une fine couche avec nos pinceaux \u00e0 cire d\u00e9sign\u00e9s ou avec un chiffon non pelucheux. Une fois appliqu\u00e9, il sera sec au bout de 30 \u00e0 45 minutes. Une couche suffit.<\/p>\n<h3 style=\"text-align: left;\">Quels outils utiliser<\/h3>\n<p style=\"text-align: left;\">Regardez ici et d\u00e9couvrez nos incroyables pinceaux exclusifs, o\u00f9 vous trouverez \u00e9galement notre fantastique pinceau \u00e0 cire qui fait de l&rsquo;application de la cire un r\u00eave.<\/p>\n<h3 style=\"text-align: left;\">De quoi est-il fait ?<\/h3>\n<p style=\"text-align: left;\">La cire Nordic Chic est 100\u00a0% compos\u00e9e d&rsquo;ingr\u00e9dients naturels tels que la cire d&rsquo;abeille, la cire de carnauba, la cire de candelilla, les cires de c\u00e9r\u00e9sine et l&rsquo;isoparaffine.<\/p>\n<p style=\"text-align: left;\">Si vous avez besoin de couleurs personnalis\u00e9es pour votre cire, vous pouvez ajouter un peu de peinture Nordic Chic Chalk dans la couleur souhait\u00e9e, bien la m\u00e9langer avec de la cire transparente, puis l&rsquo;appliquer de la m\u00eame mani\u00e8re. comme d&rsquo;habitude.<\/p>\n<p style=\"text-align: left;\">Vous pouvez \u00e9galement cr\u00e9er vos propres cires m\u00e9talliques en ajoutant Nordic Chic Fairydust dans la cire transparente.<\/p>\n<p style=\"text-align: left;\">La cire est \u00e9galement excellente pour une utilisation sur le bois et le cuir non peints.<\/p>\n<h3 style=\"text-align: left;\">Comment postuler\u00a0?<\/h3>\n<p style=\"text-align: left;\">Assurez-vous que la surface est propre et s\u00e8che. Ajoutez une fine couche et laissez s\u00e9cher pendant 12 \u00e0 14 heures, puis poncez l\u00e9g\u00e8rement avec du papier de verre \u00e0 grain fin. Ajoutez votre prochaine fine couche et laissez s\u00e9cher pendant 12 \u00e0 14 heures. Il sera alors pr\u00eat \u00e0 l&#8217;emploi.<\/p>\n<p style=\"text-align: left;\">Nous vous recommandons d&rsquo;utiliser notre \u00e9ponge Easy Topcoat pour appliquer, mais nos pinceaux synth\u00e9tiques plats fonctionneront \u00e9galement bien.<\/p>\n<p style=\"text-align: left;\">Vous pouvez \u00e9galement m\u00e9langer le Topcoat avec Nordic Chic Fairydust si vous souhaitez r\u00e9aliser des peintures m\u00e9tallis\u00e9es.<\/p>\n<p style=\"text-align: left;\">Vous pouvez acheter votre cire et votre couche de finition chez nos revendeurs Nordic Chic \u2013 trouvez une liste <a href=\"https:\/\/nordicchicpaint.com\/fr\/detaillants-pres-de-chez-vous\/\"> Revendeurs pr\u00e8s de chez vous<\/a> ou dans la boutique en ligne <a href=\"https:\/\/nordicchic.eu\/\" target=\"_blank\" rel=\"noopener\">ici<\/a><\/p>\n<p>[\/vc_column_text][\/vc_column_inner][vc_column_inner width=\u00a0\u00bb1\/6&Prime;][\/vc_column_inner][\/vc_row_inner]<div class=\"ult-spacer spacer-69dffd3c4c7c7\" data-id=\"69dffd3c4c7c7\" data-height=\"90\" data-height-mobile=\"60\" data-height-tab=\"90\" data-height-tab-portrait=\"60\" data-height-mobile-landscape=\"60\" style=\"clear:both;display:block;\"><\/div>[\/vc_column][\/vc_row]<\/p>\n<\/section>","protected":false},"excerpt":{"rendered":"<p>[vc_row full_width=\u00a0\u00bbstretch_row\u00a0\u00bb][vc_column][vc_row_inner][vc_column_inner width=\u00a0\u00bb1\/6&Prime;][\/vc_column_inner][vc_column_inner width=\u00a0\u00bb2\/3&Prime;][vc_column_text] Nous vous proposons deux produits pour sceller votre peinture\u00a0: cire et couche de finition Ils sont pratiquement inodores et faciles \u00e0 appliquer et \u00e0 travailler. Notre couche de finition est \u00e9galement certifi\u00e9e EN 71-3, elle peut donc \u00eatre utilis\u00e9e en toute s\u00e9curit\u00e9 sur les meubles et les jouets pour enfants. Comment &#8230; <a title=\"Finitions\" class=\"read-more\" href=\"https:\/\/nordicchicpaint.com\/fr\/finitions\/\" aria-label=\"En savoir plus sur Finitions\">Lire plus<\/a><\/p>\n","protected":false},"author":1,"featured_media":0,"parent":0,"menu_order":4,"comment_status":"closed","ping_status":"closed","template":"","meta":{"_acf_changed":false,"footnotes":""},"categories":[],"class_list":["post-5936","page","type-page","status-publish"],"acf":[],"yoast_head":"<!-- This site is optimized with the Yoast SEO plugin v23.4 - https:\/\/yoast.com\/wordpress\/plugins\/seo\/ -->\n<title>Finitions &#183; Nordic Chic\u00ae<\/title>\n<meta name=\"robots\" content=\"index, follow, max-snippet:-1, max-image-preview:large, max-video-preview:-1\" \/>\n<link rel=\"canonical\" href=\"https:\/\/nordicchicpaint.com\/fr\/finitions\/\" \/>\n<meta property=\"og:locale\" content=\"fr_FR\" \/>\n<meta property=\"og:type\" content=\"article\" \/>\n<meta property=\"og:title\" content=\"Finitions &#183; Nordic Chic\u00ae\" \/>\n<meta property=\"og:description\" content=\"[vc_row full_width=\u00a0\u00bbstretch_row\u00a0\u00bb][vc_column][vc_row_inner][vc_column_inner width=\u00a0\u00bb1\/6&Prime;][\/vc_column_inner][vc_column_inner width=\u00a0\u00bb2\/3&Prime;][vc_column_text] Nous vous proposons deux produits pour sceller votre peinture\u00a0: cire et couche de finition Ils sont pratiquement inodores et faciles \u00e0 appliquer et \u00e0 travailler. Notre couche de finition est \u00e9galement certifi\u00e9e EN 71-3, elle peut donc \u00eatre utilis\u00e9e en toute s\u00e9curit\u00e9 sur les meubles et les jouets pour enfants. Comment ... Lire plus\" \/>\n<meta property=\"og:url\" content=\"https:\/\/nordicchicpaint.com\/fr\/finitions\/\" \/>\n<meta property=\"og:site_name\" content=\"Nordic Chic\u00ae\" \/>\n<meta property=\"article:modified_time\" content=\"2024-09-05T09:37:19+00:00\" \/>\n<meta name=\"twitter:card\" content=\"summary_large_image\" \/>\n<meta name=\"twitter:label1\" content=\"Dur\u00e9e de lecture estim\u00e9e\" \/>\n\t<meta name=\"twitter:data1\" content=\"2 minutes\" \/>\n<script type=\"application\/ld+json\" class=\"yoast-schema-graph\">{\"@context\":\"https:\/\/schema.org\",\"@graph\":[{\"@type\":\"WebPage\",\"@id\":\"https:\/\/nordicchicpaint.com\/fr\/finitions\/\",\"url\":\"https:\/\/nordicchicpaint.com\/fr\/finitions\/\",\"name\":\"Finitions &#183; Nordic Chic\u00ae\",\"isPartOf\":{\"@id\":\"https:\/\/nordicchicpaint.com\/fr\/#website\"},\"datePublished\":\"2021-10-21T10:22:36+00:00\",\"dateModified\":\"2024-09-05T09:37:19+00:00\",\"breadcrumb\":{\"@id\":\"https:\/\/nordicchicpaint.com\/fr\/finitions\/#breadcrumb\"},\"inLanguage\":\"fr-FR\",\"potentialAction\":[{\"@type\":\"ReadAction\",\"target\":[\"https:\/\/nordicchicpaint.com\/fr\/finitions\/\"]}]},{\"@type\":\"BreadcrumbList\",\"@id\":\"https:\/\/nordicchicpaint.com\/fr\/finitions\/#breadcrumb\",\"itemListElement\":[{\"@type\":\"ListItem\",\"position\":1,\"name\":\"Hjem\",\"item\":\"https:\/\/nordicchicpaint.com\/fr\/\"},{\"@type\":\"ListItem\",\"position\":2,\"name\":\"Finitions\"}]},{\"@type\":\"WebSite\",\"@id\":\"https:\/\/nordicchicpaint.com\/fr\/#website\",\"url\":\"https:\/\/nordicchicpaint.com\/fr\/\",\"name\":\"Nordic Chic\u00ae\",\"description\":\"Chalk paint for interior and exterior use\",\"publisher\":{\"@id\":\"https:\/\/nordicchicpaint.com\/fr\/#organization\"},\"potentialAction\":[{\"@type\":\"SearchAction\",\"target\":{\"@type\":\"EntryPoint\",\"urlTemplate\":\"https:\/\/nordicchicpaint.com\/fr\/?s={search_term_string}\"},\"query-input\":{\"@type\":\"PropertyValueSpecification\",\"valueRequired\":true,\"valueName\":\"search_term_string\"}}],\"inLanguage\":\"fr-FR\"},{\"@type\":\"Organization\",\"@id\":\"https:\/\/nordicchicpaint.com\/fr\/#organization\",\"name\":\"Nordic Chic\u00ae\",\"url\":\"https:\/\/nordicchicpaint.com\/fr\/\",\"logo\":{\"@type\":\"ImageObject\",\"inLanguage\":\"fr-FR\",\"@id\":\"https:\/\/nordicchicpaint.com\/fr\/#\/schema\/logo\/image\/\",\"url\":\"https:\/\/nordicchicpaint.com\/wp-content\/uploads\/2021\/10\/logo.svg\",\"contentUrl\":\"https:\/\/nordicchicpaint.com\/wp-content\/uploads\/2021\/10\/logo.svg\",\"width\":479,\"height\":474,\"caption\":\"Nordic Chic\u00ae\"},\"image\":{\"@id\":\"https:\/\/nordicchicpaint.com\/fr\/#\/schema\/logo\/image\/\"}}]}<\/script>\n<!-- \/ Yoast SEO plugin. -->","yoast_head_json":{"title":"Finitions &#183; Nordic Chic\u00ae","robots":{"index":"index","follow":"follow","max-snippet":"max-snippet:-1","max-image-preview":"max-image-preview:large","max-video-preview":"max-video-preview:-1"},"canonical":"https:\/\/nordicchicpaint.com\/fr\/finitions\/","og_locale":"fr_FR","og_type":"article","og_title":"Finitions &#183; Nordic Chic\u00ae","og_description":"[vc_row full_width=\u00a0\u00bbstretch_row\u00a0\u00bb][vc_column][vc_row_inner][vc_column_inner width=\u00a0\u00bb1\/6&Prime;][\/vc_column_inner][vc_column_inner width=\u00a0\u00bb2\/3&Prime;][vc_column_text] Nous vous proposons deux produits pour sceller votre peinture\u00a0: cire et couche de finition Ils sont pratiquement inodores et faciles \u00e0 appliquer et \u00e0 travailler. Notre couche de finition est \u00e9galement certifi\u00e9e EN 71-3, elle peut donc \u00eatre utilis\u00e9e en toute s\u00e9curit\u00e9 sur les meubles et les jouets pour enfants. Comment ... Lire plus","og_url":"https:\/\/nordicchicpaint.com\/fr\/finitions\/","og_site_name":"Nordic Chic\u00ae","article_modified_time":"2024-09-05T09:37:19+00:00","twitter_card":"summary_large_image","twitter_misc":{"Dur\u00e9e de lecture estim\u00e9e":"2 minutes"},"schema":{"@context":"https:\/\/schema.org","@graph":[{"@type":"WebPage","@id":"https:\/\/nordicchicpaint.com\/fr\/finitions\/","url":"https:\/\/nordicchicpaint.com\/fr\/finitions\/","name":"Finitions &#183; Nordic Chic\u00ae","isPartOf":{"@id":"https:\/\/nordicchicpaint.com\/fr\/#website"},"datePublished":"2021-10-21T10:22:36+00:00","dateModified":"2024-09-05T09:37:19+00:00","breadcrumb":{"@id":"https:\/\/nordicchicpaint.com\/fr\/finitions\/#breadcrumb"},"inLanguage":"fr-FR","potentialAction":[{"@type":"ReadAction","target":["https:\/\/nordicchicpaint.com\/fr\/finitions\/"]}]},{"@type":"BreadcrumbList","@id":"https:\/\/nordicchicpaint.com\/fr\/finitions\/#breadcrumb","itemListElement":[{"@type":"ListItem","position":1,"name":"Hjem","item":"https:\/\/nordicchicpaint.com\/fr\/"},{"@type":"ListItem","position":2,"name":"Finitions"}]},{"@type":"WebSite","@id":"https:\/\/nordicchicpaint.com\/fr\/#website","url":"https:\/\/nordicchicpaint.com\/fr\/","name":"Nordic Chic\u00ae","description":"Chalk paint for interior and exterior use","publisher":{"@id":"https:\/\/nordicchicpaint.com\/fr\/#organization"},"potentialAction":[{"@type":"SearchAction","target":{"@type":"EntryPoint","urlTemplate":"https:\/\/nordicchicpaint.com\/fr\/?s={search_term_string}"},"query-input":{"@type":"PropertyValueSpecification","valueRequired":true,"valueName":"search_term_string"}}],"inLanguage":"fr-FR"},{"@type":"Organization","@id":"https:\/\/nordicchicpaint.com\/fr\/#organization","name":"Nordic Chic\u00ae","url":"https:\/\/nordicchicpaint.com\/fr\/","logo":{"@type":"ImageObject","inLanguage":"fr-FR","@id":"https:\/\/nordicchicpaint.com\/fr\/#\/schema\/logo\/image\/","url":"https:\/\/nordicchicpaint.com\/wp-content\/uploads\/2021\/10\/logo.svg","contentUrl":"https:\/\/nordicchicpaint.com\/wp-content\/uploads\/2021\/10\/logo.svg","width":479,"height":474,"caption":"Nordic Chic\u00ae"},"image":{"@id":"https:\/\/nordicchicpaint.com\/fr\/#\/schema\/logo\/image\/"}}]}},"_links":{"self":[{"href":"https:\/\/nordicchicpaint.com\/fr\/wp-json\/wp\/v2\/pages\/5936"}],"collection":[{"href":"https:\/\/nordicchicpaint.com\/fr\/wp-json\/wp\/v2\/pages"}],"about":[{"href":"https:\/\/nordicchicpaint.com\/fr\/wp-json\/wp\/v2\/types\/page"}],"author":[{"embeddable":true,"href":"https:\/\/nordicchicpaint.com\/fr\/wp-json\/wp\/v2\/users\/1"}],"replies":[{"embeddable":true,"href":"https:\/\/nordicchicpaint.com\/fr\/wp-json\/wp\/v2\/comments?post=5936"}],"version-history":[{"count":2,"href":"https:\/\/nordicchicpaint.com\/fr\/wp-json\/wp\/v2\/pages\/5936\/revisions"}],"predecessor-version":[{"id":5938,"href":"https:\/\/nordicchicpaint.com\/fr\/wp-json\/wp\/v2\/pages\/5936\/revisions\/5938"}],"wp:attachment":[{"href":"https:\/\/nordicchicpaint.com\/fr\/wp-json\/wp\/v2\/media?parent=5936"}],"wp:term":[{"taxonomy":"category","embeddable":true,"href":"https:\/\/nordicchicpaint.com\/fr\/wp-json\/wp\/v2\/categories?post=5936"}],"curies":[{"name":"wp","href":"https:\/\/api.w.org\/{rel}","templated":true}]}}