{"id":5933,"date":"2021-10-21T12:22:36","date_gmt":"2021-10-21T10:22:36","guid":{"rendered":"https:\/\/nordicchicpaint.com\/wall-peinture-a-largile-et-a-la-craie\/"},"modified":"2024-09-05T11:35:02","modified_gmt":"2024-09-05T09:35:02","slug":"wall-peinture-a-largile-et-a-la-craie","status":"publish","type":"page","link":"https:\/\/nordicchicpaint.com\/fr\/wall-peinture-a-largile-et-a-la-craie\/","title":{"rendered":"WALL Peinture \u00e0 l&rsquo;argile et \u00e0 la craie"},"content":{"rendered":"<section class=\"wpb-content-wrapper\"><p>[vc_row full_width=\u00a0\u00bbstretch_row\u00a0\u00bb][vc_column]<div class=\"ult-spacer spacer-69e00a1d0a58a\" data-id=\"69e00a1d0a58a\" data-height=\"90\" data-height-mobile=\"60\" data-height-tab=\"90\" data-height-tab-portrait=\"60\" data-height-mobile-landscape=\"60\" style=\"clear:both;display:block;\"><\/div>[vc_row_inner][vc_column_inner width=\u00a0\u00bb1\/6&Prime;][\/vc_column_inner][vc_column_inner width=\u00a0\u00bb2\/3&Prime;][vc_column_text]<\/p>\n<h2 style=\"text-align: left;\">Souhaitez-vous que les murs de votre maison soient respirants, r\u00e9gulateurs d&rsquo;humidit\u00e9 et antistatiques\u00a0?<\/h2>\n<p style=\"text-align: left;\">Alors ne cherchez plus \u2013 Nordic Chic\u00ae pr\u00e9sente notre nouvelle peinture murale \u00ab\u00a0Wall\u00a0\u00bb. Cette nouvelle peinture est principalement \u00e0 base d&rsquo;argile, ce qui en fait un bon r\u00e9gulateur d&rsquo;humidit\u00e9 dans la maison. La peinture absorbe et lib\u00e8re l&rsquo;humidit\u00e9 selon les besoins. Dans le m\u00eame temps, l&rsquo;argile lib\u00e8re des min\u00e9raux au lieu de solvants nocifs, ce qui signifie que vous obtenez un climat int\u00e9rieur tr\u00e8s sain.<\/p>\n<p style=\"text-align: left;\">La peinture murale int\u00e9rieure \u00e0 base d&rsquo;argile est \u00e0 la fois facile \u00e0 appliquer, durable et couvre fantastiquement\u00a0!<\/p>\n<p style=\"text-align: left;\">Nordic Chic\u00ae Wall, comme notre peinture pour meubles, porte le label \u00e9cologique de l&rsquo;UE. Il est totalement exempt de COV (compos\u00e9s organiques volatils) et de d\u00e9gazages toxiques et il n&rsquo;y a absolument aucune mauvaise odeur lors de la peinture.<\/p>\n<p style=\"text-align: left;\">Si vous pouvez dire oui, vous voulez un climat int\u00e9rieur sain, alors Nordic Chic\u00ae Wall est la peinture murale d&rsquo;int\u00e9rieur qu&rsquo;il vous faut.<\/p>\n<p style=\"text-align: left;\"><strong>Pourquoi choisir une peinture murale int\u00e9rieure \u00e0 base d&rsquo;argile\u00a0?<\/strong><\/p>\n<ul>\n<li style=\"text-align: left;\">La peinture \u00e0 l&rsquo;argile est respirante et ouverte \u00e0 la diffusion, contrairement \u00e0 la peinture acrylique ou plastique qui agit comme un sac en plastique scell\u00e9 et ne permet pas d&rsquo;\u00e9change d&rsquo;humidit\u00e9.<\/li>\n<li style=\"text-align: left;\">La peinture \u00e0 l&rsquo;argile peut absorber l&rsquo;humidit\u00e9 et la lib\u00e9rer si n\u00e9cessaire<\/li>\n<li style=\"text-align: left;\">L&rsquo;argile est un mat\u00e9riau ancien et elle est utilis\u00e9e dans tout, des masques aux mat\u00e9riaux de construction<\/li>\n<li style=\"text-align: left;\">L&rsquo;argile contient beaucoup d&rsquo;ions n\u00e9gatifs qui agissent comme antioxydants<\/li>\n<li style=\"text-align: left;\">L&rsquo;argile absorbe par exemple les rayonnements des t\u00e9l\u00e9phones portables et des fours \u00e0 micro-ondes. Dans la culture des anciens Indiens, l&rsquo;argile \u00e9tait reconnue comme un moyen de gu\u00e9rison.<\/li>\n<li style=\"text-align: left;\">Il y a donc de nombreuses bonnes raisons de choisir la peinture murale Nordic Chic\u00ae \u2013 \u00e0 base d&rsquo;argile.<\/li>\n<li style=\"text-align: left;\">Avec Nordic Chic\u00ae Wall, vous obtenez \u00e9galement de belles surfaces mates avec beaucoup de profondeur dans la couleur.<\/li>\n<\/ul>\n<p style=\"text-align: left;\">Nordic Chic\u00ae Wall est livr\u00e9 dans un contenant de 2,5 litres. Comme la peinture pour meubles, les couleurs peuvent \u00eatre m\u00e9lang\u00e9es et tonifi\u00e9es selon votre propre \u00e9dition personnelle. La couverture est fantastique, certaines surfaces ne n\u00e9cessitent qu&rsquo;une seule couche. 6-8 m2 par litre.<\/p>\n<p>Trouvez votre revendeur <a href=\"https:\/\/nordicchicpaint.com\/fr\/detaillants-pres-de-chez-vous\/\" target=\"_blank\" rel=\"noopener\">ici<\/a> ou achetez ici <a href=\"http:\/ \/www.nordicchic.eu\" target=\"_blank\" rel=\"noopener\">www.nordicchic.eu<\/a>.[\/vc_column_text][vc_empty_space height=\u00a0\u00bb30px\u00a0\u00bb][vc_single_image image=\u00a0\u00bb3719&Prime; alignment=\u00a0\u00bbcenter\u00a0\u00bb el_class=\u00a0\u00bbcustom-ecolabel\u00a0\u00bb][\/vc_column_inner][vc_column_inner width=\u00a0\u00bb1\/6&Prime;][\/vc_column_inner][\/vc_row_inner][vc_empty_space height=\u00a0\u00bb60px\u00a0\u00bb][vc_row_inner equal_height=\u00a0\u00bbyes\u00a0\u00bb el_class=\u00a0\u00bbswatches\u00a0\u00bb][vc_column_inner width=\u00a0\u00bb1\/3&Prime; offset=\u00a0\u00bbvc_col-lg-2 vc_col-md-2 vc_col-xs-6&Prime;][vc_single_image image=\u00a0\u00bb3237&Prime; img_size=\u00a0\u00bblarge\u00a0\u00bb el_class=\u00a0\u00bbwhippedcream\u00a0\u00bb][\/vc_column_inner][vc_column_inner width=\u00a0\u00bb1\/3&Prime; offset=\u00a0\u00bbvc_col-lg-2 vc_col-md-2 vc_col-xs-6&Prime;][vc_single_image image=\u00a0\u00bb3237&Prime; img_size=\u00a0\u00bblarge\u00a0\u00bb el_class=\u00a0\u00bbblushingbride\u00a0\u00bb][\/vc_column_inner][vc_column_inner width=\u00a0\u00bb1\/3&Prime; offset=\u00a0\u00bbvc_col-lg-2 vc_col-md-2 vc_col-xs-6&Prime;][vc_single_image image=\u00a0\u00bb3237&Prime; img_size=\u00a0\u00bblarge\u00a0\u00bb el_class=\u00a0\u00bbconcretejungle\u00a0\u00bb][\/vc_column_inner][vc_column_inner width=\u00a0\u00bb1\/3&Prime; offset=\u00a0\u00bbvc_col-lg-2 vc_col-md-2 vc_col-xs-6&Prime;][vc_single_image image=\u00a0\u00bb3237&Prime; img_size=\u00a0\u00bblarge\u00a0\u00bb el_class=\u00a0\u00bbslate\u00a0\u00bb][\/vc_column_inner][vc_column_inner width=\u00a0\u00bb1\/3&Prime; offset=\u00a0\u00bbvc_col-lg-2 vc_col-md-2 vc_col-xs-6&Prime;][vc_single_image image=\u00a0\u00bb3237&Prime; img_size=\u00a0\u00bblarge\u00a0\u00bb el_class=\u00a0\u00bblovelyduckling\u00a0\u00bb][\/vc_column_inner][vc_column_inner width=\u00a0\u00bb1\/3&Prime; offset=\u00a0\u00bbvc_col-lg-2 vc_col-md-2 vc_col-xs-6&Prime;][vc_single_image image=\u00a0\u00bb3237&Prime; img_size=\u00a0\u00bblarge\u00a0\u00bb el_class=\u00a0\u00bbdustygreen\u00a0\u00bb][\/vc_column_inner][\/vc_row_inner]<div class=\"ult-spacer spacer-69e00a1d0a5d0\" data-id=\"69e00a1d0a5d0\" data-height=\"90\" data-height-mobile=\"60\" data-height-tab=\"90\" data-height-tab-portrait=\"60\" data-height-mobile-landscape=\"60\" style=\"clear:both;display:block;\"><\/div>[vc_raw_html]PHN0eWxlPg0KLyoqIEZBUlZFUiBUSUwgTllFIFBPUCBVUFMgKiovPGJyIC8+DQp9PC9wPg0KPHA+LmR1c3R5Z3JlZW4gaW1nIHs8YnIgLz4NCgliYWNrZ3JvdW5kLWNvbG9yOiByZ2JhKDE1NywgMTUxLCAxMzUsIDEpOzxiciAvPg0KfTwvcD4NCjxwPi53aGlwcGVkY3JlYW0gaW1nIHs8YnIgLz4NCgliYWNrZ3JvdW5kLWNvbG9yOiByZ2JhKDI1NSwgMjI5LCAyMTksIDEpOzxiciAvPg0KfTwvcD4NCjxwPi5sb3ZlbHlkdWNrbGluZyBpbWcgezxiciAvPg0KCWJhY2tncm91bmQtY29sb3I6IHJnYmEoMjIxLCAyMTIsIDIwNiwgMSk7PGJyIC8+DQp9PC9wPg0KPHA+LmNvbmNyZXRlanVuZ2xlIGltZyB7PGJyIC8+DQoJYmFja2dyb3VuZC1jb2xvcjogcmdiYSgxOTEsIDE3NCwgMTcyLCAxKTs8L3A+DQo8cD59PC9wPg0KPHA+LnNsYXRlIGltZyB7PGJyIC8+DQoJYmFja2dyb3VuZC1jb2xvcjogcmdiYSgxMDIsIDkzLCA5MiwgMSk7PGJyIC8+DQp9PC9wPg0KPHA+LmJsdXNoaW5nYnJpZGUgaW1nIHs8YnIgLz4NCgliYWNrZ3JvdW5kLWNvbG9yOiByZ2JhKDIzNiwgMTkwLCAxNzcsIDEpOzxiciAvPg0KfTwvcD4NCjwvc3R5bGU+[\/vc_raw_html][\/vc_column][\/vc_row]<\/p>\n<\/section>","protected":false},"excerpt":{"rendered":"<p>[vc_row full_width=\u00a0\u00bbstretch_row\u00a0\u00bb][vc_column][vc_row_inner][vc_column_inner width=\u00a0\u00bb1\/6&Prime;][\/vc_column_inner][vc_column_inner width=\u00a0\u00bb2\/3&Prime;][vc_column_text] Souhaitez-vous que les murs de votre maison soient respirants, r\u00e9gulateurs d&rsquo;humidit\u00e9 et antistatiques\u00a0? Alors ne cherchez plus \u2013 Nordic Chic\u00ae pr\u00e9sente notre nouvelle peinture murale \u00ab\u00a0Wall\u00a0\u00bb. Cette nouvelle peinture est principalement \u00e0 base d&rsquo;argile, ce qui en fait un bon r\u00e9gulateur d&rsquo;humidit\u00e9 dans la maison. La peinture absorbe et lib\u00e8re l&rsquo;humidit\u00e9 &#8230; <a title=\"WALL Peinture \u00e0 l&rsquo;argile et \u00e0 la craie\" class=\"read-more\" href=\"https:\/\/nordicchicpaint.com\/fr\/wall-peinture-a-largile-et-a-la-craie\/\" aria-label=\"En savoir plus sur WALL Peinture \u00e0 l&rsquo;argile et \u00e0 la craie\">Lire plus<\/a><\/p>\n","protected":false},"author":1,"featured_media":5488,"parent":0,"menu_order":3,"comment_status":"closed","ping_status":"closed","template":"","meta":{"_acf_changed":false,"footnotes":""},"categories":[],"class_list":["post-5933","page","type-page","status-publish","has-post-thumbnail"],"acf":[],"yoast_head":"<!-- This site is optimized with the Yoast SEO plugin v23.4 - https:\/\/yoast.com\/wordpress\/plugins\/seo\/ -->\n<title>WALL Peinture \u00e0 l&#039;argile et \u00e0 la craie &#183; Nordic Chic\u00ae<\/title>\n<meta name=\"robots\" content=\"index, follow, max-snippet:-1, max-image-preview:large, max-video-preview:-1\" \/>\n<link rel=\"canonical\" href=\"https:\/\/nordicchicpaint.com\/fr\/wall-peinture-a-largile-et-a-la-craie\/\" \/>\n<meta property=\"og:locale\" content=\"fr_FR\" \/>\n<meta property=\"og:type\" content=\"article\" \/>\n<meta property=\"og:title\" content=\"WALL Peinture \u00e0 l&#039;argile et \u00e0 la craie &#183; Nordic Chic\u00ae\" \/>\n<meta property=\"og:description\" content=\"[vc_row full_width=\u00a0\u00bbstretch_row\u00a0\u00bb][vc_column][vc_row_inner][vc_column_inner width=\u00a0\u00bb1\/6&Prime;][\/vc_column_inner][vc_column_inner width=\u00a0\u00bb2\/3&Prime;][vc_column_text] Souhaitez-vous que les murs de votre maison soient respirants, r\u00e9gulateurs d&rsquo;humidit\u00e9 et antistatiques\u00a0? Alors ne cherchez plus \u2013 Nordic Chic\u00ae pr\u00e9sente notre nouvelle peinture murale \u00ab\u00a0Wall\u00a0\u00bb. Cette nouvelle peinture est principalement \u00e0 base d&rsquo;argile, ce qui en fait un bon r\u00e9gulateur d&rsquo;humidit\u00e9 dans la maison. La peinture absorbe et lib\u00e8re l&rsquo;humidit\u00e9 ... Lire plus\" \/>\n<meta property=\"og:url\" content=\"https:\/\/nordicchicpaint.com\/fr\/wall-peinture-a-largile-et-a-la-craie\/\" \/>\n<meta property=\"og:site_name\" content=\"Nordic Chic\u00ae\" \/>\n<meta property=\"article:modified_time\" content=\"2024-09-05T09:35:02+00:00\" \/>\n<meta property=\"og:image\" content=\"https:\/\/nordicchicpaint.com\/wp-content\/uploads\/2022\/05\/Wall-clay-and-chalk-paint-scaled-e1662444793464.jpg\" \/>\n\t<meta property=\"og:image:width\" content=\"2048\" \/>\n\t<meta property=\"og:image:height\" content=\"952\" \/>\n\t<meta property=\"og:image:type\" content=\"image\/jpeg\" \/>\n<meta name=\"twitter:card\" content=\"summary_large_image\" \/>\n<meta name=\"twitter:label1\" content=\"Dur\u00e9e de lecture estim\u00e9e\" \/>\n\t<meta name=\"twitter:data1\" content=\"4 minutes\" \/>\n<script type=\"application\/ld+json\" class=\"yoast-schema-graph\">{\"@context\":\"https:\/\/schema.org\",\"@graph\":[{\"@type\":\"WebPage\",\"@id\":\"https:\/\/nordicchicpaint.com\/fr\/wall-peinture-a-largile-et-a-la-craie\/\",\"url\":\"https:\/\/nordicchicpaint.com\/fr\/wall-peinture-a-largile-et-a-la-craie\/\",\"name\":\"WALL Peinture \u00e0 l'argile et \u00e0 la craie &#183; Nordic Chic\u00ae\",\"isPartOf\":{\"@id\":\"https:\/\/nordicchicpaint.com\/fr\/#website\"},\"primaryImageOfPage\":{\"@id\":\"https:\/\/nordicchicpaint.com\/fr\/wall-peinture-a-largile-et-a-la-craie\/#primaryimage\"},\"image\":{\"@id\":\"https:\/\/nordicchicpaint.com\/fr\/wall-peinture-a-largile-et-a-la-craie\/#primaryimage\"},\"thumbnailUrl\":\"https:\/\/nordicchicpaint.com\/wp-content\/uploads\/2022\/05\/Wall-clay-and-chalk-paint-scaled-e1662444793464.jpg\",\"datePublished\":\"2021-10-21T10:22:36+00:00\",\"dateModified\":\"2024-09-05T09:35:02+00:00\",\"breadcrumb\":{\"@id\":\"https:\/\/nordicchicpaint.com\/fr\/wall-peinture-a-largile-et-a-la-craie\/#breadcrumb\"},\"inLanguage\":\"fr-FR\",\"potentialAction\":[{\"@type\":\"ReadAction\",\"target\":[\"https:\/\/nordicchicpaint.com\/fr\/wall-peinture-a-largile-et-a-la-craie\/\"]}]},{\"@type\":\"ImageObject\",\"inLanguage\":\"fr-FR\",\"@id\":\"https:\/\/nordicchicpaint.com\/fr\/wall-peinture-a-largile-et-a-la-craie\/#primaryimage\",\"url\":\"https:\/\/nordicchicpaint.com\/wp-content\/uploads\/2022\/05\/Wall-clay-and-chalk-paint-scaled-e1662444793464.jpg\",\"contentUrl\":\"https:\/\/nordicchicpaint.com\/wp-content\/uploads\/2022\/05\/Wall-clay-and-chalk-paint-scaled-e1662444793464.jpg\",\"width\":2048,\"height\":952},{\"@type\":\"BreadcrumbList\",\"@id\":\"https:\/\/nordicchicpaint.com\/fr\/wall-peinture-a-largile-et-a-la-craie\/#breadcrumb\",\"itemListElement\":[{\"@type\":\"ListItem\",\"position\":1,\"name\":\"Hjem\",\"item\":\"https:\/\/nordicchicpaint.com\/fr\/\"},{\"@type\":\"ListItem\",\"position\":2,\"name\":\"WALL Peinture \u00e0 l&#8217;argile et \u00e0 la craie\"}]},{\"@type\":\"WebSite\",\"@id\":\"https:\/\/nordicchicpaint.com\/fr\/#website\",\"url\":\"https:\/\/nordicchicpaint.com\/fr\/\",\"name\":\"Nordic Chic\u00ae\",\"description\":\"Chalk paint for interior and exterior use\",\"publisher\":{\"@id\":\"https:\/\/nordicchicpaint.com\/fr\/#organization\"},\"potentialAction\":[{\"@type\":\"SearchAction\",\"target\":{\"@type\":\"EntryPoint\",\"urlTemplate\":\"https:\/\/nordicchicpaint.com\/fr\/?s={search_term_string}\"},\"query-input\":{\"@type\":\"PropertyValueSpecification\",\"valueRequired\":true,\"valueName\":\"search_term_string\"}}],\"inLanguage\":\"fr-FR\"},{\"@type\":\"Organization\",\"@id\":\"https:\/\/nordicchicpaint.com\/fr\/#organization\",\"name\":\"Nordic Chic\u00ae\",\"url\":\"https:\/\/nordicchicpaint.com\/fr\/\",\"logo\":{\"@type\":\"ImageObject\",\"inLanguage\":\"fr-FR\",\"@id\":\"https:\/\/nordicchicpaint.com\/fr\/#\/schema\/logo\/image\/\",\"url\":\"https:\/\/nordicchicpaint.com\/wp-content\/uploads\/2021\/10\/logo.svg\",\"contentUrl\":\"https:\/\/nordicchicpaint.com\/wp-content\/uploads\/2021\/10\/logo.svg\",\"width\":479,\"height\":474,\"caption\":\"Nordic Chic\u00ae\"},\"image\":{\"@id\":\"https:\/\/nordicchicpaint.com\/fr\/#\/schema\/logo\/image\/\"}}]}<\/script>\n<!-- \/ Yoast SEO plugin. -->","yoast_head_json":{"title":"WALL Peinture \u00e0 l'argile et \u00e0 la craie &#183; Nordic Chic\u00ae","robots":{"index":"index","follow":"follow","max-snippet":"max-snippet:-1","max-image-preview":"max-image-preview:large","max-video-preview":"max-video-preview:-1"},"canonical":"https:\/\/nordicchicpaint.com\/fr\/wall-peinture-a-largile-et-a-la-craie\/","og_locale":"fr_FR","og_type":"article","og_title":"WALL Peinture \u00e0 l'argile et \u00e0 la craie &#183; Nordic Chic\u00ae","og_description":"[vc_row full_width=\u00a0\u00bbstretch_row\u00a0\u00bb][vc_column][vc_row_inner][vc_column_inner width=\u00a0\u00bb1\/6&Prime;][\/vc_column_inner][vc_column_inner width=\u00a0\u00bb2\/3&Prime;][vc_column_text] Souhaitez-vous que les murs de votre maison soient respirants, r\u00e9gulateurs d&rsquo;humidit\u00e9 et antistatiques\u00a0? Alors ne cherchez plus \u2013 Nordic Chic\u00ae pr\u00e9sente notre nouvelle peinture murale \u00ab\u00a0Wall\u00a0\u00bb. Cette nouvelle peinture est principalement \u00e0 base d&rsquo;argile, ce qui en fait un bon r\u00e9gulateur d&rsquo;humidit\u00e9 dans la maison. La peinture absorbe et lib\u00e8re l&rsquo;humidit\u00e9 ... Lire plus","og_url":"https:\/\/nordicchicpaint.com\/fr\/wall-peinture-a-largile-et-a-la-craie\/","og_site_name":"Nordic Chic\u00ae","article_modified_time":"2024-09-05T09:35:02+00:00","og_image":[{"width":2048,"height":952,"url":"https:\/\/nordicchicpaint.com\/wp-content\/uploads\/2022\/05\/Wall-clay-and-chalk-paint-scaled-e1662444793464.jpg","type":"image\/jpeg"}],"twitter_card":"summary_large_image","twitter_misc":{"Dur\u00e9e de lecture estim\u00e9e":"4 minutes"},"schema":{"@context":"https:\/\/schema.org","@graph":[{"@type":"WebPage","@id":"https:\/\/nordicchicpaint.com\/fr\/wall-peinture-a-largile-et-a-la-craie\/","url":"https:\/\/nordicchicpaint.com\/fr\/wall-peinture-a-largile-et-a-la-craie\/","name":"WALL Peinture \u00e0 l'argile et \u00e0 la craie &#183; Nordic Chic\u00ae","isPartOf":{"@id":"https:\/\/nordicchicpaint.com\/fr\/#website"},"primaryImageOfPage":{"@id":"https:\/\/nordicchicpaint.com\/fr\/wall-peinture-a-largile-et-a-la-craie\/#primaryimage"},"image":{"@id":"https:\/\/nordicchicpaint.com\/fr\/wall-peinture-a-largile-et-a-la-craie\/#primaryimage"},"thumbnailUrl":"https:\/\/nordicchicpaint.com\/wp-content\/uploads\/2022\/05\/Wall-clay-and-chalk-paint-scaled-e1662444793464.jpg","datePublished":"2021-10-21T10:22:36+00:00","dateModified":"2024-09-05T09:35:02+00:00","breadcrumb":{"@id":"https:\/\/nordicchicpaint.com\/fr\/wall-peinture-a-largile-et-a-la-craie\/#breadcrumb"},"inLanguage":"fr-FR","potentialAction":[{"@type":"ReadAction","target":["https:\/\/nordicchicpaint.com\/fr\/wall-peinture-a-largile-et-a-la-craie\/"]}]},{"@type":"ImageObject","inLanguage":"fr-FR","@id":"https:\/\/nordicchicpaint.com\/fr\/wall-peinture-a-largile-et-a-la-craie\/#primaryimage","url":"https:\/\/nordicchicpaint.com\/wp-content\/uploads\/2022\/05\/Wall-clay-and-chalk-paint-scaled-e1662444793464.jpg","contentUrl":"https:\/\/nordicchicpaint.com\/wp-content\/uploads\/2022\/05\/Wall-clay-and-chalk-paint-scaled-e1662444793464.jpg","width":2048,"height":952},{"@type":"BreadcrumbList","@id":"https:\/\/nordicchicpaint.com\/fr\/wall-peinture-a-largile-et-a-la-craie\/#breadcrumb","itemListElement":[{"@type":"ListItem","position":1,"name":"Hjem","item":"https:\/\/nordicchicpaint.com\/fr\/"},{"@type":"ListItem","position":2,"name":"WALL Peinture \u00e0 l&#8217;argile et \u00e0 la craie"}]},{"@type":"WebSite","@id":"https:\/\/nordicchicpaint.com\/fr\/#website","url":"https:\/\/nordicchicpaint.com\/fr\/","name":"Nordic Chic\u00ae","description":"Chalk paint for interior and exterior use","publisher":{"@id":"https:\/\/nordicchicpaint.com\/fr\/#organization"},"potentialAction":[{"@type":"SearchAction","target":{"@type":"EntryPoint","urlTemplate":"https:\/\/nordicchicpaint.com\/fr\/?s={search_term_string}"},"query-input":{"@type":"PropertyValueSpecification","valueRequired":true,"valueName":"search_term_string"}}],"inLanguage":"fr-FR"},{"@type":"Organization","@id":"https:\/\/nordicchicpaint.com\/fr\/#organization","name":"Nordic Chic\u00ae","url":"https:\/\/nordicchicpaint.com\/fr\/","logo":{"@type":"ImageObject","inLanguage":"fr-FR","@id":"https:\/\/nordicchicpaint.com\/fr\/#\/schema\/logo\/image\/","url":"https:\/\/nordicchicpaint.com\/wp-content\/uploads\/2021\/10\/logo.svg","contentUrl":"https:\/\/nordicchicpaint.com\/wp-content\/uploads\/2021\/10\/logo.svg","width":479,"height":474,"caption":"Nordic Chic\u00ae"},"image":{"@id":"https:\/\/nordicchicpaint.com\/fr\/#\/schema\/logo\/image\/"}}]}},"_links":{"self":[{"href":"https:\/\/nordicchicpaint.com\/fr\/wp-json\/wp\/v2\/pages\/5933"}],"collection":[{"href":"https:\/\/nordicchicpaint.com\/fr\/wp-json\/wp\/v2\/pages"}],"about":[{"href":"https:\/\/nordicchicpaint.com\/fr\/wp-json\/wp\/v2\/types\/page"}],"author":[{"embeddable":true,"href":"https:\/\/nordicchicpaint.com\/fr\/wp-json\/wp\/v2\/users\/1"}],"replies":[{"embeddable":true,"href":"https:\/\/nordicchicpaint.com\/fr\/wp-json\/wp\/v2\/comments?post=5933"}],"version-history":[{"count":2,"href":"https:\/\/nordicchicpaint.com\/fr\/wp-json\/wp\/v2\/pages\/5933\/revisions"}],"predecessor-version":[{"id":5935,"href":"https:\/\/nordicchicpaint.com\/fr\/wp-json\/wp\/v2\/pages\/5933\/revisions\/5935"}],"wp:featuredmedia":[{"embeddable":true,"href":"https:\/\/nordicchicpaint.com\/fr\/wp-json\/wp\/v2\/media\/5488"}],"wp:attachment":[{"href":"https:\/\/nordicchicpaint.com\/fr\/wp-json\/wp\/v2\/media?parent=5933"}],"wp:term":[{"taxonomy":"category","embeddable":true,"href":"https:\/\/nordicchicpaint.com\/fr\/wp-json\/wp\/v2\/categories?post=5933"}],"curies":[{"name":"wp","href":"https:\/\/api.w.org\/{rel}","templated":true}]}}