{"id":5911,"date":"2022-06-16T15:21:38","date_gmt":"2022-06-16T13:21:38","guid":{"rendered":"https:\/\/nordicchicpaint.com\/quest-ce-que-artisan-enhancement\/"},"modified":"2024-09-04T12:59:08","modified_gmt":"2024-09-04T10:59:08","slug":"quest-ce-que-artisan-enhancement","status":"publish","type":"page","link":"https:\/\/nordicchicpaint.com\/fr\/quest-ce-que-artisan-enhancement\/","title":{"rendered":"Qu&rsquo;est-ce que Artisan Enhancement"},"content":{"rendered":"<section class=\"wpb-content-wrapper\"><p>[vc_row full_width=\u00a0\u00bbstretch_row\u00a0\u00bb][vc_column]<div class=\"ult-spacer spacer-69f12c4b7ad13\" data-id=\"69f12c4b7ad13\" data-height=\"90\" data-height-mobile=\"60\" data-height-tab=\"90\" data-height-tab-portrait=\"60\" data-height-mobile-landscape=\"60\" style=\"clear:both;display:block;\"><\/div>[vc_row_inner][vc_column_inner width=\u00a0\u00bb1\/6&Prime;][\/vc_column_inner][vc_column_inner width=\u00a0\u00bb2\/3&Prime;][vc_column_text]<\/p>\n<h2 style=\"text-align: center;\">\u00c9levez votre style de peinture<\/h2>\n<p>La mission et la passion d&rsquo;Artisan Enhancements\u00ae sont de fournir aux d\u00e9taillants de peintures d\u00e9coratives sp\u00e9cialis\u00e9es une source abordable, polyvalente, facile \u00e0 utiliser et \u00e9cologique pour les rev\u00eatements d\u00e9coratifs. Ils offrent une vari\u00e9t\u00e9 de produits et d\u2019outils pour \u00ab\u00a0am\u00e9liorer\u00a0\u00bb et \u00e9lever tout projet de peinture au niveau sup\u00e9rieur. Leurs produits ont \u00e9t\u00e9 d\u00e9velopp\u00e9s aussi bien pour les d\u00e9butants que pour les experts. Amusez-vous! Exp\u00e9rience. <strong>Il n&rsquo;y a aucune limite \u00e0 ce que vous pouvez cr\u00e9er\u00a0!<\/strong><\/p>\n<p>Artisan Enhancements\u00ae est le cr\u00e9ateur de m\u00e9diums et de scellants d\u00e9coratifs innovants, respectueux de la terre (et de l&rsquo;homme), faciles \u00e0 utiliser. Artisan Enhancements\u00ae travaille en \u00e9troite collaboration avec leurs \u00e9quipes de d\u00e9veloppement de produits et de fabrication pour cr\u00e9er des scellants et des supports de peinture r\u00e9volutionnaires. Ils promeuvent et encouragent une approche respectueuse de l\u2019environnement dans le monde de la peinture d\u00e9corative et des fausses finitions.<\/p>\n<p>Nous pouvons vous proposer tous leurs produits ici chez Nordic Chic et si vous n&rsquo;avez pas de d\u00e9taillant Nordic Chic pr\u00e8s de chez vous, vous \u00eates les bienvenus dans notre cible <a href=\"https:\/\/nordicchic.eu\/collections\/artisan-enhancements\" rel=\"noopener\">boutique en ligne<\/a><\/p>\n<p>Les possibilit\u00e9s sont infinies avec ces produits et nous vous recommandons de jeter un \u0153il \u00e0 notre page Pinterest\u00a0<a href=\"https:\/\/www.pinterest.dk\/nordiccp\/artisan-enhancements-products\/\" target=\"_blank\" rel=\"noopener\">Cliquez pour voir<\/a> qui contient de nombreuses inspirations d&rsquo;Artisan Enhancements.<\/p>\n<p>Trouvez votre revendeur <a href=\"https:\/\/www.google.com\/maps\/d\/viewer?ll=52.37899843665953%2C18.413202402759953&amp;z=4&amp;mid=1rauRHDxdnUavi54-d7udltVYcyE\" target=\"_blank\" rel=\"noopener\">ici<\/a> ou achetez ici <a href=\"http:\/\/www.nordicchic.eu\" target=\"_blank\" rel=\"noopener\">www.nordicchic.eu<\/a>.[\/vc_column_text][\/vc_column_inner][vc_column_inner width=\u00a0\u00bb1\/6&Prime;][\/vc_column_inner][\/vc_row_inner]<div class=\"ult-spacer spacer-69f12c4b7ad5c\" data-id=\"69f12c4b7ad5c\" data-height=\"90\" data-height-mobile=\"60\" data-height-tab=\"90\" data-height-tab-portrait=\"60\" data-height-mobile-landscape=\"60\" style=\"clear:both;display:block;\"><\/div>[\/vc_column][\/vc_row]<\/p>\n<\/section>","protected":false},"excerpt":{"rendered":"<p>[vc_row full_width=\u00a0\u00bbstretch_row\u00a0\u00bb][vc_column][vc_row_inner][vc_column_inner width=\u00a0\u00bb1\/6&Prime;][\/vc_column_inner][vc_column_inner width=\u00a0\u00bb2\/3&Prime;][vc_column_text] \u00c9levez votre style de peinture La mission et la passion d&rsquo;Artisan Enhancements\u00ae sont de fournir aux d\u00e9taillants de peintures d\u00e9coratives sp\u00e9cialis\u00e9es une source abordable, polyvalente, facile \u00e0 utiliser et \u00e9cologique pour les rev\u00eatements d\u00e9coratifs. Ils offrent une vari\u00e9t\u00e9 de produits et d\u2019outils pour \u00ab\u00a0am\u00e9liorer\u00a0\u00bb et \u00e9lever tout projet de peinture au &#8230; <a title=\"Qu&rsquo;est-ce que Artisan Enhancement\" class=\"read-more\" href=\"https:\/\/nordicchicpaint.com\/fr\/quest-ce-que-artisan-enhancement\/\" aria-label=\"En savoir plus sur Qu&rsquo;est-ce que Artisan Enhancement\">Lire plus<\/a><\/p>\n","protected":false},"author":1,"featured_media":5590,"parent":0,"menu_order":21,"comment_status":"closed","ping_status":"closed","template":"","meta":{"_acf_changed":false,"footnotes":""},"categories":[],"class_list":["post-5911","page","type-page","status-publish","has-post-thumbnail"],"acf":[],"yoast_head":"<!-- This site is optimized with the Yoast SEO plugin v23.4 - https:\/\/yoast.com\/wordpress\/plugins\/seo\/ -->\n<title>Qu&#039;est-ce que Artisan Enhancement &#183; Nordic Chic\u00ae<\/title>\n<meta name=\"robots\" content=\"index, follow, max-snippet:-1, max-image-preview:large, max-video-preview:-1\" \/>\n<link rel=\"canonical\" href=\"https:\/\/nordicchicpaint.com\/fr\/quest-ce-que-artisan-enhancement\/\" \/>\n<meta property=\"og:locale\" content=\"fr_FR\" \/>\n<meta property=\"og:type\" content=\"article\" \/>\n<meta property=\"og:title\" content=\"Qu&#039;est-ce que Artisan Enhancement &#183; Nordic Chic\u00ae\" \/>\n<meta property=\"og:description\" content=\"[vc_row full_width=\u00a0\u00bbstretch_row\u00a0\u00bb][vc_column][vc_row_inner][vc_column_inner width=\u00a0\u00bb1\/6&Prime;][\/vc_column_inner][vc_column_inner width=\u00a0\u00bb2\/3&Prime;][vc_column_text] \u00c9levez votre style de peinture La mission et la passion d&rsquo;Artisan Enhancements\u00ae sont de fournir aux d\u00e9taillants de peintures d\u00e9coratives sp\u00e9cialis\u00e9es une source abordable, polyvalente, facile \u00e0 utiliser et \u00e9cologique pour les rev\u00eatements d\u00e9coratifs. Ils offrent une vari\u00e9t\u00e9 de produits et d\u2019outils pour \u00ab\u00a0am\u00e9liorer\u00a0\u00bb et \u00e9lever tout projet de peinture au ... Lire plus\" \/>\n<meta property=\"og:url\" content=\"https:\/\/nordicchicpaint.com\/fr\/quest-ce-que-artisan-enhancement\/\" \/>\n<meta property=\"og:site_name\" content=\"Nordic Chic\u00ae\" \/>\n<meta property=\"article:modified_time\" content=\"2024-09-04T10:59:08+00:00\" \/>\n<meta property=\"og:image\" content=\"https:\/\/nordicchicpaint.com\/wp-content\/uploads\/2022\/07\/Clear-Finish-Grouped-WB-e1662455235298.webp\" \/>\n\t<meta property=\"og:image:width\" content=\"970\" \/>\n\t<meta property=\"og:image:height\" content=\"858\" \/>\n\t<meta property=\"og:image:type\" content=\"image\/webp\" \/>\n<meta name=\"twitter:card\" content=\"summary_large_image\" \/>\n<meta name=\"twitter:label1\" content=\"Dur\u00e9e de lecture estim\u00e9e\" \/>\n\t<meta name=\"twitter:data1\" content=\"2 minutes\" \/>\n<script type=\"application\/ld+json\" class=\"yoast-schema-graph\">{\"@context\":\"https:\/\/schema.org\",\"@graph\":[{\"@type\":\"WebPage\",\"@id\":\"https:\/\/nordicchicpaint.com\/fr\/quest-ce-que-artisan-enhancement\/\",\"url\":\"https:\/\/nordicchicpaint.com\/fr\/quest-ce-que-artisan-enhancement\/\",\"name\":\"Qu'est-ce que Artisan Enhancement &#183; Nordic Chic\u00ae\",\"isPartOf\":{\"@id\":\"https:\/\/nordicchicpaint.com\/fr\/#website\"},\"primaryImageOfPage\":{\"@id\":\"https:\/\/nordicchicpaint.com\/fr\/quest-ce-que-artisan-enhancement\/#primaryimage\"},\"image\":{\"@id\":\"https:\/\/nordicchicpaint.com\/fr\/quest-ce-que-artisan-enhancement\/#primaryimage\"},\"thumbnailUrl\":\"https:\/\/nordicchicpaint.com\/wp-content\/uploads\/2022\/07\/Clear-Finish-Grouped-WB-e1662455235298.webp\",\"datePublished\":\"2022-06-16T13:21:38+00:00\",\"dateModified\":\"2024-09-04T10:59:08+00:00\",\"breadcrumb\":{\"@id\":\"https:\/\/nordicchicpaint.com\/fr\/quest-ce-que-artisan-enhancement\/#breadcrumb\"},\"inLanguage\":\"fr-FR\",\"potentialAction\":[{\"@type\":\"ReadAction\",\"target\":[\"https:\/\/nordicchicpaint.com\/fr\/quest-ce-que-artisan-enhancement\/\"]}]},{\"@type\":\"ImageObject\",\"inLanguage\":\"fr-FR\",\"@id\":\"https:\/\/nordicchicpaint.com\/fr\/quest-ce-que-artisan-enhancement\/#primaryimage\",\"url\":\"https:\/\/nordicchicpaint.com\/wp-content\/uploads\/2022\/07\/Clear-Finish-Grouped-WB-e1662455235298.webp\",\"contentUrl\":\"https:\/\/nordicchicpaint.com\/wp-content\/uploads\/2022\/07\/Clear-Finish-Grouped-WB-e1662455235298.webp\",\"width\":970,\"height\":858},{\"@type\":\"BreadcrumbList\",\"@id\":\"https:\/\/nordicchicpaint.com\/fr\/quest-ce-que-artisan-enhancement\/#breadcrumb\",\"itemListElement\":[{\"@type\":\"ListItem\",\"position\":1,\"name\":\"Hjem\",\"item\":\"https:\/\/nordicchicpaint.com\/fr\/\"},{\"@type\":\"ListItem\",\"position\":2,\"name\":\"Qu&#8217;est-ce que Artisan Enhancement\"}]},{\"@type\":\"WebSite\",\"@id\":\"https:\/\/nordicchicpaint.com\/fr\/#website\",\"url\":\"https:\/\/nordicchicpaint.com\/fr\/\",\"name\":\"Nordic Chic\u00ae\",\"description\":\"Chalk paint for interior and exterior use\",\"publisher\":{\"@id\":\"https:\/\/nordicchicpaint.com\/fr\/#organization\"},\"potentialAction\":[{\"@type\":\"SearchAction\",\"target\":{\"@type\":\"EntryPoint\",\"urlTemplate\":\"https:\/\/nordicchicpaint.com\/fr\/?s={search_term_string}\"},\"query-input\":{\"@type\":\"PropertyValueSpecification\",\"valueRequired\":true,\"valueName\":\"search_term_string\"}}],\"inLanguage\":\"fr-FR\"},{\"@type\":\"Organization\",\"@id\":\"https:\/\/nordicchicpaint.com\/fr\/#organization\",\"name\":\"Nordic Chic\u00ae\",\"url\":\"https:\/\/nordicchicpaint.com\/fr\/\",\"logo\":{\"@type\":\"ImageObject\",\"inLanguage\":\"fr-FR\",\"@id\":\"https:\/\/nordicchicpaint.com\/fr\/#\/schema\/logo\/image\/\",\"url\":\"https:\/\/nordicchicpaint.com\/wp-content\/uploads\/2021\/10\/logo.svg\",\"contentUrl\":\"https:\/\/nordicchicpaint.com\/wp-content\/uploads\/2021\/10\/logo.svg\",\"width\":479,\"height\":474,\"caption\":\"Nordic Chic\u00ae\"},\"image\":{\"@id\":\"https:\/\/nordicchicpaint.com\/fr\/#\/schema\/logo\/image\/\"}}]}<\/script>\n<!-- \/ Yoast SEO plugin. -->","yoast_head_json":{"title":"Qu'est-ce que Artisan Enhancement &#183; Nordic Chic\u00ae","robots":{"index":"index","follow":"follow","max-snippet":"max-snippet:-1","max-image-preview":"max-image-preview:large","max-video-preview":"max-video-preview:-1"},"canonical":"https:\/\/nordicchicpaint.com\/fr\/quest-ce-que-artisan-enhancement\/","og_locale":"fr_FR","og_type":"article","og_title":"Qu'est-ce que Artisan Enhancement &#183; Nordic Chic\u00ae","og_description":"[vc_row full_width=\u00a0\u00bbstretch_row\u00a0\u00bb][vc_column][vc_row_inner][vc_column_inner width=\u00a0\u00bb1\/6&Prime;][\/vc_column_inner][vc_column_inner width=\u00a0\u00bb2\/3&Prime;][vc_column_text] \u00c9levez votre style de peinture La mission et la passion d&rsquo;Artisan Enhancements\u00ae sont de fournir aux d\u00e9taillants de peintures d\u00e9coratives sp\u00e9cialis\u00e9es une source abordable, polyvalente, facile \u00e0 utiliser et \u00e9cologique pour les rev\u00eatements d\u00e9coratifs. Ils offrent une vari\u00e9t\u00e9 de produits et d\u2019outils pour \u00ab\u00a0am\u00e9liorer\u00a0\u00bb et \u00e9lever tout projet de peinture au ... Lire plus","og_url":"https:\/\/nordicchicpaint.com\/fr\/quest-ce-que-artisan-enhancement\/","og_site_name":"Nordic Chic\u00ae","article_modified_time":"2024-09-04T10:59:08+00:00","og_image":[{"width":970,"height":858,"url":"https:\/\/nordicchicpaint.com\/wp-content\/uploads\/2022\/07\/Clear-Finish-Grouped-WB-e1662455235298.webp","type":"image\/webp"}],"twitter_card":"summary_large_image","twitter_misc":{"Dur\u00e9e de lecture estim\u00e9e":"2 minutes"},"schema":{"@context":"https:\/\/schema.org","@graph":[{"@type":"WebPage","@id":"https:\/\/nordicchicpaint.com\/fr\/quest-ce-que-artisan-enhancement\/","url":"https:\/\/nordicchicpaint.com\/fr\/quest-ce-que-artisan-enhancement\/","name":"Qu'est-ce que Artisan Enhancement &#183; Nordic Chic\u00ae","isPartOf":{"@id":"https:\/\/nordicchicpaint.com\/fr\/#website"},"primaryImageOfPage":{"@id":"https:\/\/nordicchicpaint.com\/fr\/quest-ce-que-artisan-enhancement\/#primaryimage"},"image":{"@id":"https:\/\/nordicchicpaint.com\/fr\/quest-ce-que-artisan-enhancement\/#primaryimage"},"thumbnailUrl":"https:\/\/nordicchicpaint.com\/wp-content\/uploads\/2022\/07\/Clear-Finish-Grouped-WB-e1662455235298.webp","datePublished":"2022-06-16T13:21:38+00:00","dateModified":"2024-09-04T10:59:08+00:00","breadcrumb":{"@id":"https:\/\/nordicchicpaint.com\/fr\/quest-ce-que-artisan-enhancement\/#breadcrumb"},"inLanguage":"fr-FR","potentialAction":[{"@type":"ReadAction","target":["https:\/\/nordicchicpaint.com\/fr\/quest-ce-que-artisan-enhancement\/"]}]},{"@type":"ImageObject","inLanguage":"fr-FR","@id":"https:\/\/nordicchicpaint.com\/fr\/quest-ce-que-artisan-enhancement\/#primaryimage","url":"https:\/\/nordicchicpaint.com\/wp-content\/uploads\/2022\/07\/Clear-Finish-Grouped-WB-e1662455235298.webp","contentUrl":"https:\/\/nordicchicpaint.com\/wp-content\/uploads\/2022\/07\/Clear-Finish-Grouped-WB-e1662455235298.webp","width":970,"height":858},{"@type":"BreadcrumbList","@id":"https:\/\/nordicchicpaint.com\/fr\/quest-ce-que-artisan-enhancement\/#breadcrumb","itemListElement":[{"@type":"ListItem","position":1,"name":"Hjem","item":"https:\/\/nordicchicpaint.com\/fr\/"},{"@type":"ListItem","position":2,"name":"Qu&#8217;est-ce que Artisan Enhancement"}]},{"@type":"WebSite","@id":"https:\/\/nordicchicpaint.com\/fr\/#website","url":"https:\/\/nordicchicpaint.com\/fr\/","name":"Nordic Chic\u00ae","description":"Chalk paint for interior and exterior use","publisher":{"@id":"https:\/\/nordicchicpaint.com\/fr\/#organization"},"potentialAction":[{"@type":"SearchAction","target":{"@type":"EntryPoint","urlTemplate":"https:\/\/nordicchicpaint.com\/fr\/?s={search_term_string}"},"query-input":{"@type":"PropertyValueSpecification","valueRequired":true,"valueName":"search_term_string"}}],"inLanguage":"fr-FR"},{"@type":"Organization","@id":"https:\/\/nordicchicpaint.com\/fr\/#organization","name":"Nordic Chic\u00ae","url":"https:\/\/nordicchicpaint.com\/fr\/","logo":{"@type":"ImageObject","inLanguage":"fr-FR","@id":"https:\/\/nordicchicpaint.com\/fr\/#\/schema\/logo\/image\/","url":"https:\/\/nordicchicpaint.com\/wp-content\/uploads\/2021\/10\/logo.svg","contentUrl":"https:\/\/nordicchicpaint.com\/wp-content\/uploads\/2021\/10\/logo.svg","width":479,"height":474,"caption":"Nordic Chic\u00ae"},"image":{"@id":"https:\/\/nordicchicpaint.com\/fr\/#\/schema\/logo\/image\/"}}]}},"_links":{"self":[{"href":"https:\/\/nordicchicpaint.com\/fr\/wp-json\/wp\/v2\/pages\/5911"}],"collection":[{"href":"https:\/\/nordicchicpaint.com\/fr\/wp-json\/wp\/v2\/pages"}],"about":[{"href":"https:\/\/nordicchicpaint.com\/fr\/wp-json\/wp\/v2\/types\/page"}],"author":[{"embeddable":true,"href":"https:\/\/nordicchicpaint.com\/fr\/wp-json\/wp\/v2\/users\/1"}],"replies":[{"embeddable":true,"href":"https:\/\/nordicchicpaint.com\/fr\/wp-json\/wp\/v2\/comments?post=5911"}],"version-history":[{"count":2,"href":"https:\/\/nordicchicpaint.com\/fr\/wp-json\/wp\/v2\/pages\/5911\/revisions"}],"predecessor-version":[{"id":5913,"href":"https:\/\/nordicchicpaint.com\/fr\/wp-json\/wp\/v2\/pages\/5911\/revisions\/5913"}],"wp:featuredmedia":[{"embeddable":true,"href":"https:\/\/nordicchicpaint.com\/fr\/wp-json\/wp\/v2\/media\/5590"}],"wp:attachment":[{"href":"https:\/\/nordicchicpaint.com\/fr\/wp-json\/wp\/v2\/media?parent=5911"}],"wp:term":[{"taxonomy":"category","embeddable":true,"href":"https:\/\/nordicchicpaint.com\/fr\/wp-json\/wp\/v2\/categories?post=5911"}],"curies":[{"name":"wp","href":"https:\/\/api.w.org\/{rel}","templated":true}]}}