{"id":5905,"date":"2022-06-16T15:21:38","date_gmt":"2022-06-16T13:21:38","guid":{"rendered":"https:\/\/nordicchicpaint.com\/ou-acheter\/"},"modified":"2025-01-29T11:22:22","modified_gmt":"2025-01-29T10:22:22","slug":"ou-acheter","status":"publish","type":"page","link":"https:\/\/nordicchicpaint.com\/fr\/ou-acheter\/","title":{"rendered":"O\u00f9 acheter"},"content":{"rendered":"<section class=\"wpb-content-wrapper\"><p>[vc_row full_width=\u00a0\u00bbstretch_row\u00a0\u00bb css=\u00a0\u00bb.vc_custom_1635498993306{background-color: #f7f7f7 !important;}\u00a0\u00bb][vc_column]<div class=\"ult-spacer spacer-69f113b5135a4\" data-id=\"69f113b5135a4\" data-height=\"90\" data-height-mobile=\"60\" data-height-tab=\"90\" data-height-tab-portrait=\"60\" data-height-mobile-landscape=\"60\" style=\"clear:both;display:block;\"><\/div>[vc_text_separator title=\u00a0\u00bbTrouvez votre d\u00e9taillant Artisan Enhancements\u00a0\u00bb title_align=\u00a0\u00bbseparator_align_left\u00a0\u00bb color=\u00a0\u00bbcustom\u00a0\u00bb accent_color=\u00a0\u00bb#333333&Prime;][vc_empty_space height=\u00a0\u00bb30px\u00a0\u00bb][vc_row_inner][vc_column_inner width=\u00a0\u00bb1\/2&Prime;][vc_column_text]Trouvez votre d\u00e9taillant Artisan Enhancements ici et faites passer votre peinture \u00e0 un niveau sup\u00e9rieur\u00a0!<\/p>\n<p><strong>Amusez-vous\u00a0! Exp\u00e9rience. Il n&rsquo;y a pas de limites \u00e0 ce que vous pouvez cr\u00e9er\u00a0!<\/strong><\/p>\n<p>Tous nos d\u00e9taillants Artisan Enhancements peuvent vous fournir une source abordable, polyvalente, facile \u00e0 utiliser et \u00e9cologique pour les rev\u00eatements d\u00e9coratifs. Ils vous offriront conseils et aide en cas de besoin.<\/p>\n<h4>Notre offre d\u00e9taillant Artisan Enhancements<\/h4>\n<ul>\n<li>8\u00a0excellents produits pour tout r\u00e9aliser, des cr\u00e9pitements aux feuilles m\u00e9talliques en passant par le d\u00e9coupage<\/li>\n<li>2\u00a0couches de finition fantastiques\u00a0: une pour la protection \u00e0 l&rsquo;int\u00e9rieur et \u00e0 l&rsquo;ext\u00e9rieur et une pour cr\u00e9er une finition brillante et profonde<\/li>\n<li>pinceaux et autres outils n\u00e9cessaires pour obtenir ces finitions fantastiques<\/li>\n<li>Vous pouvez les utiliser que vous soyez novice ou expert<\/li>\n<\/ul>\n<h4>Devenez un d\u00e9taillant Artisan Enhancements<\/h4>\n<p>Si vous vendez d\u00e9j\u00e0 de la peinture \u00e0 la craie et que vous souhaitez pouvoir offrir \u00e0 vos clients ces fabuleux produits, vous \u00eates toujours invit\u00e9s \u00e0 devenir vous-m\u00eame un d\u00e9taillant Artisan Enhancements.<\/p>\n<p>Vous pouvez \u00e9galement acheter ici <a href=\"http:\/\/www.nordicchic.eu\" target=\"_blank\" rel=\"noopener\">www.nordicchic.eu<\/a>.[\/vc_column_text]<div class=\"ult-spacer spacer-69f113b5135fe\" data-id=\"69f113b5135fe\" data-height=\"0\" data-height-mobile=\"30\" data-height-tab=\"0\" data-height-tab-portrait=\"0\" data-height-mobile-landscape=\"30\" style=\"clear:both;display:block;\"><\/div>[\/vc_column_inner][vc_column_inner width=\u00a0\u00bb1\/2&Prime;][vc_raw_html]PGlmcmFtZSBzcmM9Imh0dHBzOi8vd3d3Lmdvb2dsZS5jb20vbWFwcy9kL2VtYmVkP21pZD0xcmF1UkhEeGRuVWF2aTU0LWQ3dWRsdFZZY3lFIiB3aWR0aD0iMTAwJSIgaGVpZ2h0PSI1NDUiPjwvaWZyYW1lPg==[\/vc_raw_html][\/vc_column_inner][\/vc_row_inner]<div class=\"ult-spacer spacer-69f113b51362a\" data-id=\"69f113b51362a\" data-height=\"90\" data-height-mobile=\"60\" data-height-tab=\"90\" data-height-tab-portrait=\"60\" data-height-mobile-landscape=\"60\" style=\"clear:both;display:block;\"><\/div>[\/vc_column][\/vc_row]<\/p>\n<\/section>","protected":false},"excerpt":{"rendered":"<p>[vc_row full_width=\u00a0\u00bbstretch_row\u00a0\u00bb css=\u00a0\u00bb.vc_custom_1635498993306{background-color: #f7f7f7 !important;}\u00a0\u00bb][vc_column][vc_text_separator title=\u00a0\u00bbTrouvez votre d\u00e9taillant Artisan Enhancements\u00a0\u00bb title_align=\u00a0\u00bbseparator_align_left\u00a0\u00bb color=\u00a0\u00bbcustom\u00a0\u00bb accent_color=\u00a0\u00bb#333333&Prime;][vc_empty_space height=\u00a0\u00bb30px\u00a0\u00bb][vc_row_inner][vc_column_inner width=\u00a0\u00bb1\/2&Prime;][vc_column_text]Trouvez votre d\u00e9taillant Artisan Enhancements ici et faites passer votre peinture \u00e0 un niveau sup\u00e9rieur\u00a0! Amusez-vous\u00a0! Exp\u00e9rience. Il n&rsquo;y a pas de limites \u00e0 ce que vous pouvez cr\u00e9er\u00a0! Tous nos d\u00e9taillants Artisan Enhancements peuvent vous fournir une source abordable, polyvalente, &#8230; <a title=\"O\u00f9 acheter\" class=\"read-more\" href=\"https:\/\/nordicchicpaint.com\/fr\/ou-acheter\/\" aria-label=\"En savoir plus sur O\u00f9 acheter\">Lire plus<\/a><\/p>\n","protected":false},"author":1,"featured_media":5590,"parent":0,"menu_order":19,"comment_status":"closed","ping_status":"closed","template":"","meta":{"_acf_changed":false,"footnotes":""},"categories":[],"class_list":["post-5905","page","type-page","status-publish","has-post-thumbnail"],"acf":[],"yoast_head":"<!-- This site is optimized with the Yoast SEO plugin v23.4 - https:\/\/yoast.com\/wordpress\/plugins\/seo\/ -->\n<title>O\u00f9 acheter &#183; Nordic Chic\u00ae<\/title>\n<meta name=\"robots\" content=\"index, follow, max-snippet:-1, max-image-preview:large, max-video-preview:-1\" \/>\n<link rel=\"canonical\" href=\"https:\/\/nordicchicpaint.com\/fr\/ou-acheter\/\" \/>\n<meta property=\"og:locale\" content=\"fr_FR\" \/>\n<meta property=\"og:type\" content=\"article\" \/>\n<meta property=\"og:title\" content=\"O\u00f9 acheter &#183; Nordic Chic\u00ae\" \/>\n<meta property=\"og:description\" content=\"[vc_row full_width=\u00a0\u00bbstretch_row\u00a0\u00bb css=\u00a0\u00bb.vc_custom_1635498993306{background-color: #f7f7f7 !important;}\u00a0\u00bb][vc_column][vc_text_separator title=\u00a0\u00bbTrouvez votre d\u00e9taillant Artisan Enhancements\u00a0\u00bb title_align=\u00a0\u00bbseparator_align_left\u00a0\u00bb color=\u00a0\u00bbcustom\u00a0\u00bb accent_color=\u00a0\u00bb#333333&Prime;][vc_empty_space height=\u00a0\u00bb30px\u00a0\u00bb][vc_row_inner][vc_column_inner width=\u00a0\u00bb1\/2&Prime;][vc_column_text]Trouvez votre d\u00e9taillant Artisan Enhancements ici et faites passer votre peinture \u00e0 un niveau sup\u00e9rieur\u00a0! Amusez-vous\u00a0! Exp\u00e9rience. Il n&rsquo;y a pas de limites \u00e0 ce que vous pouvez cr\u00e9er\u00a0! Tous nos d\u00e9taillants Artisan Enhancements peuvent vous fournir une source abordable, polyvalente, ... Lire plus\" \/>\n<meta property=\"og:url\" content=\"https:\/\/nordicchicpaint.com\/fr\/ou-acheter\/\" \/>\n<meta property=\"og:site_name\" content=\"Nordic Chic\u00ae\" \/>\n<meta property=\"article:modified_time\" content=\"2025-01-29T10:22:22+00:00\" \/>\n<meta property=\"og:image\" content=\"https:\/\/nordicchicpaint.com\/wp-content\/uploads\/2022\/07\/Clear-Finish-Grouped-WB-e1662455235298.webp\" \/>\n\t<meta property=\"og:image:width\" content=\"970\" \/>\n\t<meta property=\"og:image:height\" content=\"858\" \/>\n\t<meta property=\"og:image:type\" content=\"image\/webp\" \/>\n<meta name=\"twitter:card\" content=\"summary_large_image\" \/>\n<meta name=\"twitter:label1\" content=\"Dur\u00e9e de lecture estim\u00e9e\" \/>\n\t<meta name=\"twitter:data1\" content=\"2 minutes\" \/>\n<script type=\"application\/ld+json\" class=\"yoast-schema-graph\">{\"@context\":\"https:\/\/schema.org\",\"@graph\":[{\"@type\":\"WebPage\",\"@id\":\"https:\/\/nordicchicpaint.com\/fr\/ou-acheter\/\",\"url\":\"https:\/\/nordicchicpaint.com\/fr\/ou-acheter\/\",\"name\":\"O\u00f9 acheter &#183; Nordic Chic\u00ae\",\"isPartOf\":{\"@id\":\"https:\/\/nordicchicpaint.com\/fr\/#website\"},\"primaryImageOfPage\":{\"@id\":\"https:\/\/nordicchicpaint.com\/fr\/ou-acheter\/#primaryimage\"},\"image\":{\"@id\":\"https:\/\/nordicchicpaint.com\/fr\/ou-acheter\/#primaryimage\"},\"thumbnailUrl\":\"https:\/\/nordicchicpaint.com\/wp-content\/uploads\/2022\/07\/Clear-Finish-Grouped-WB-e1662455235298.webp\",\"datePublished\":\"2022-06-16T13:21:38+00:00\",\"dateModified\":\"2025-01-29T10:22:22+00:00\",\"breadcrumb\":{\"@id\":\"https:\/\/nordicchicpaint.com\/fr\/ou-acheter\/#breadcrumb\"},\"inLanguage\":\"fr-FR\",\"potentialAction\":[{\"@type\":\"ReadAction\",\"target\":[\"https:\/\/nordicchicpaint.com\/fr\/ou-acheter\/\"]}]},{\"@type\":\"ImageObject\",\"inLanguage\":\"fr-FR\",\"@id\":\"https:\/\/nordicchicpaint.com\/fr\/ou-acheter\/#primaryimage\",\"url\":\"https:\/\/nordicchicpaint.com\/wp-content\/uploads\/2022\/07\/Clear-Finish-Grouped-WB-e1662455235298.webp\",\"contentUrl\":\"https:\/\/nordicchicpaint.com\/wp-content\/uploads\/2022\/07\/Clear-Finish-Grouped-WB-e1662455235298.webp\",\"width\":970,\"height\":858},{\"@type\":\"BreadcrumbList\",\"@id\":\"https:\/\/nordicchicpaint.com\/fr\/ou-acheter\/#breadcrumb\",\"itemListElement\":[{\"@type\":\"ListItem\",\"position\":1,\"name\":\"Hjem\",\"item\":\"https:\/\/nordicchicpaint.com\/fr\/\"},{\"@type\":\"ListItem\",\"position\":2,\"name\":\"O\u00f9 acheter\"}]},{\"@type\":\"WebSite\",\"@id\":\"https:\/\/nordicchicpaint.com\/fr\/#website\",\"url\":\"https:\/\/nordicchicpaint.com\/fr\/\",\"name\":\"Nordic Chic\u00ae\",\"description\":\"Chalk paint for interior and exterior use\",\"publisher\":{\"@id\":\"https:\/\/nordicchicpaint.com\/fr\/#organization\"},\"potentialAction\":[{\"@type\":\"SearchAction\",\"target\":{\"@type\":\"EntryPoint\",\"urlTemplate\":\"https:\/\/nordicchicpaint.com\/fr\/?s={search_term_string}\"},\"query-input\":{\"@type\":\"PropertyValueSpecification\",\"valueRequired\":true,\"valueName\":\"search_term_string\"}}],\"inLanguage\":\"fr-FR\"},{\"@type\":\"Organization\",\"@id\":\"https:\/\/nordicchicpaint.com\/fr\/#organization\",\"name\":\"Nordic Chic\u00ae\",\"url\":\"https:\/\/nordicchicpaint.com\/fr\/\",\"logo\":{\"@type\":\"ImageObject\",\"inLanguage\":\"fr-FR\",\"@id\":\"https:\/\/nordicchicpaint.com\/fr\/#\/schema\/logo\/image\/\",\"url\":\"https:\/\/nordicchicpaint.com\/wp-content\/uploads\/2021\/10\/logo.svg\",\"contentUrl\":\"https:\/\/nordicchicpaint.com\/wp-content\/uploads\/2021\/10\/logo.svg\",\"width\":479,\"height\":474,\"caption\":\"Nordic Chic\u00ae\"},\"image\":{\"@id\":\"https:\/\/nordicchicpaint.com\/fr\/#\/schema\/logo\/image\/\"}}]}<\/script>\n<!-- \/ Yoast SEO plugin. -->","yoast_head_json":{"title":"O\u00f9 acheter &#183; Nordic Chic\u00ae","robots":{"index":"index","follow":"follow","max-snippet":"max-snippet:-1","max-image-preview":"max-image-preview:large","max-video-preview":"max-video-preview:-1"},"canonical":"https:\/\/nordicchicpaint.com\/fr\/ou-acheter\/","og_locale":"fr_FR","og_type":"article","og_title":"O\u00f9 acheter &#183; Nordic Chic\u00ae","og_description":"[vc_row full_width=\u00a0\u00bbstretch_row\u00a0\u00bb css=\u00a0\u00bb.vc_custom_1635498993306{background-color: #f7f7f7 !important;}\u00a0\u00bb][vc_column][vc_text_separator title=\u00a0\u00bbTrouvez votre d\u00e9taillant Artisan Enhancements\u00a0\u00bb title_align=\u00a0\u00bbseparator_align_left\u00a0\u00bb color=\u00a0\u00bbcustom\u00a0\u00bb accent_color=\u00a0\u00bb#333333&Prime;][vc_empty_space height=\u00a0\u00bb30px\u00a0\u00bb][vc_row_inner][vc_column_inner width=\u00a0\u00bb1\/2&Prime;][vc_column_text]Trouvez votre d\u00e9taillant Artisan Enhancements ici et faites passer votre peinture \u00e0 un niveau sup\u00e9rieur\u00a0! Amusez-vous\u00a0! Exp\u00e9rience. Il n&rsquo;y a pas de limites \u00e0 ce que vous pouvez cr\u00e9er\u00a0! Tous nos d\u00e9taillants Artisan Enhancements peuvent vous fournir une source abordable, polyvalente, ... Lire plus","og_url":"https:\/\/nordicchicpaint.com\/fr\/ou-acheter\/","og_site_name":"Nordic Chic\u00ae","article_modified_time":"2025-01-29T10:22:22+00:00","og_image":[{"width":970,"height":858,"url":"https:\/\/nordicchicpaint.com\/wp-content\/uploads\/2022\/07\/Clear-Finish-Grouped-WB-e1662455235298.webp","type":"image\/webp"}],"twitter_card":"summary_large_image","twitter_misc":{"Dur\u00e9e de lecture estim\u00e9e":"2 minutes"},"schema":{"@context":"https:\/\/schema.org","@graph":[{"@type":"WebPage","@id":"https:\/\/nordicchicpaint.com\/fr\/ou-acheter\/","url":"https:\/\/nordicchicpaint.com\/fr\/ou-acheter\/","name":"O\u00f9 acheter &#183; Nordic Chic\u00ae","isPartOf":{"@id":"https:\/\/nordicchicpaint.com\/fr\/#website"},"primaryImageOfPage":{"@id":"https:\/\/nordicchicpaint.com\/fr\/ou-acheter\/#primaryimage"},"image":{"@id":"https:\/\/nordicchicpaint.com\/fr\/ou-acheter\/#primaryimage"},"thumbnailUrl":"https:\/\/nordicchicpaint.com\/wp-content\/uploads\/2022\/07\/Clear-Finish-Grouped-WB-e1662455235298.webp","datePublished":"2022-06-16T13:21:38+00:00","dateModified":"2025-01-29T10:22:22+00:00","breadcrumb":{"@id":"https:\/\/nordicchicpaint.com\/fr\/ou-acheter\/#breadcrumb"},"inLanguage":"fr-FR","potentialAction":[{"@type":"ReadAction","target":["https:\/\/nordicchicpaint.com\/fr\/ou-acheter\/"]}]},{"@type":"ImageObject","inLanguage":"fr-FR","@id":"https:\/\/nordicchicpaint.com\/fr\/ou-acheter\/#primaryimage","url":"https:\/\/nordicchicpaint.com\/wp-content\/uploads\/2022\/07\/Clear-Finish-Grouped-WB-e1662455235298.webp","contentUrl":"https:\/\/nordicchicpaint.com\/wp-content\/uploads\/2022\/07\/Clear-Finish-Grouped-WB-e1662455235298.webp","width":970,"height":858},{"@type":"BreadcrumbList","@id":"https:\/\/nordicchicpaint.com\/fr\/ou-acheter\/#breadcrumb","itemListElement":[{"@type":"ListItem","position":1,"name":"Hjem","item":"https:\/\/nordicchicpaint.com\/fr\/"},{"@type":"ListItem","position":2,"name":"O\u00f9 acheter"}]},{"@type":"WebSite","@id":"https:\/\/nordicchicpaint.com\/fr\/#website","url":"https:\/\/nordicchicpaint.com\/fr\/","name":"Nordic Chic\u00ae","description":"Chalk paint for interior and exterior use","publisher":{"@id":"https:\/\/nordicchicpaint.com\/fr\/#organization"},"potentialAction":[{"@type":"SearchAction","target":{"@type":"EntryPoint","urlTemplate":"https:\/\/nordicchicpaint.com\/fr\/?s={search_term_string}"},"query-input":{"@type":"PropertyValueSpecification","valueRequired":true,"valueName":"search_term_string"}}],"inLanguage":"fr-FR"},{"@type":"Organization","@id":"https:\/\/nordicchicpaint.com\/fr\/#organization","name":"Nordic Chic\u00ae","url":"https:\/\/nordicchicpaint.com\/fr\/","logo":{"@type":"ImageObject","inLanguage":"fr-FR","@id":"https:\/\/nordicchicpaint.com\/fr\/#\/schema\/logo\/image\/","url":"https:\/\/nordicchicpaint.com\/wp-content\/uploads\/2021\/10\/logo.svg","contentUrl":"https:\/\/nordicchicpaint.com\/wp-content\/uploads\/2021\/10\/logo.svg","width":479,"height":474,"caption":"Nordic Chic\u00ae"},"image":{"@id":"https:\/\/nordicchicpaint.com\/fr\/#\/schema\/logo\/image\/"}}]}},"_links":{"self":[{"href":"https:\/\/nordicchicpaint.com\/fr\/wp-json\/wp\/v2\/pages\/5905"}],"collection":[{"href":"https:\/\/nordicchicpaint.com\/fr\/wp-json\/wp\/v2\/pages"}],"about":[{"href":"https:\/\/nordicchicpaint.com\/fr\/wp-json\/wp\/v2\/types\/page"}],"author":[{"embeddable":true,"href":"https:\/\/nordicchicpaint.com\/fr\/wp-json\/wp\/v2\/users\/1"}],"replies":[{"embeddable":true,"href":"https:\/\/nordicchicpaint.com\/fr\/wp-json\/wp\/v2\/comments?post=5905"}],"version-history":[{"count":5,"href":"https:\/\/nordicchicpaint.com\/fr\/wp-json\/wp\/v2\/pages\/5905\/revisions"}],"predecessor-version":[{"id":6411,"href":"https:\/\/nordicchicpaint.com\/fr\/wp-json\/wp\/v2\/pages\/5905\/revisions\/6411"}],"wp:featuredmedia":[{"embeddable":true,"href":"https:\/\/nordicchicpaint.com\/fr\/wp-json\/wp\/v2\/media\/5590"}],"wp:attachment":[{"href":"https:\/\/nordicchicpaint.com\/fr\/wp-json\/wp\/v2\/media?parent=5905"}],"wp:term":[{"taxonomy":"category","embeddable":true,"href":"https:\/\/nordicchicpaint.com\/fr\/wp-json\/wp\/v2\/categories?post=5905"}],"curies":[{"name":"wp","href":"https:\/\/api.w.org\/{rel}","templated":true}]}}