{"id":5902,"date":"2021-10-21T12:22:36","date_gmt":"2021-10-21T10:22:36","guid":{"rendered":"https:\/\/nordicchicpaint.com\/devenez-detaillant\/"},"modified":"2024-09-04T12:38:44","modified_gmt":"2024-09-04T10:38:44","slug":"devenez-detaillant","status":"publish","type":"page","link":"https:\/\/nordicchicpaint.com\/fr\/devenez-detaillant\/","title":{"rendered":"Devenez d\u00e9taillant"},"content":{"rendered":"<section class=\"wpb-content-wrapper\"><p>[vc_row full_width=\u00a0\u00bbstretch_row\u00a0\u00bb el_class=\u00a0\u00bbfarver-ops\u00e6tning\u00a0\u00bb][vc_column]<div class=\"ult-spacer spacer-6a03d7e8168cc\" data-id=\"6a03d7e8168cc\" data-height=\"90\" data-height-mobile=\"60\" data-height-tab=\"90\" data-height-tab-portrait=\"60\" data-height-mobile-landscape=\"60\" style=\"clear:both;display:block;\"><\/div>[vc_row_inner equal_height=\u00a0\u00bbyes\u00a0\u00bb content_placement=\u00a0\u00bbmiddle\u00a0\u00bb][vc_column_inner width=\u00a0\u00bb1\/6&Prime; offset=\u00a0\u00bbvc_col-md-3&Prime;][vc_single_image image=\u00a0\u00bb3704&Prime; img_size=\u00a0\u00bbfull\u00a0\u00bb alignment=\u00a0\u00bbcenter\u00a0\u00bb]<div class=\"ult-spacer spacer-6a03d7e816915\" data-id=\"6a03d7e816915\" data-height=\"0\" data-height-mobile=\"30\" data-height-tab=\"0\" data-height-tab-portrait=\"0\" data-height-mobile-landscape=\"30\" style=\"clear:both;display:block;\"><\/div>[\/vc_column_inner][vc_column_inner width=\u00a0\u00bb2\/3&Prime; offset=\u00a0\u00bbvc_col-md-6&Prime;][vc_column_text]<\/p>\n<h1 style=\"text-align: center;\">Devenez d\u00e9taillant<\/h1>\n<p>[\/vc_column_text]<div class=\"ult-spacer spacer-6a03d7e81693a\" data-id=\"6a03d7e81693a\" data-height=\"0\" data-height-mobile=\"30\" data-height-tab=\"0\" data-height-tab-portrait=\"0\" data-height-mobile-landscape=\"30\" style=\"clear:both;display:block;\"><\/div>[\/vc_column_inner][vc_column_inner width=\u00a0\u00bb1\/6&Prime; offset=\u00a0\u00bbvc_col-md-3&Prime;][vc_single_image image=\u00a0\u00bb3705&Prime; img_size=\u00a0\u00bbfull\u00a0\u00bb alignment=\u00a0\u00bbcenter\u00a0\u00bb][\/vc_column_inner][\/vc_row_inner][vc_empty_space height=\u00a0\u00bb30px\u00a0\u00bb][vc_row_inner][vc_column_inner width=\u00a0\u00bb1\/6&Prime;][\/vc_column_inner][vc_column_inner width=\u00a0\u00bb2\/3&Prime;][vc_column_text]<\/p>\n<h2 style=\"text-align: center;\">D\u00e9taillant \u2013 est-ce pour moi\u00a0?<\/h2>\n<p>Devenir un d\u00e9taillant de produits de peinture pour meubles Nordic Chic et\/ou d\u2019am\u00e9liorations artisanales peut \u00eatre une partie tr\u00e8s rentable de votre entreprise. Nous fournissons au march\u00e9 une peinture \u00e0 la craie et min\u00e9rale certifi\u00e9e enfant, sans COV et respectueuse de l&rsquo;environnement.<\/p>\n<p>Nous cherchons toujours \u00e0 ajouter des membres \u00e0 la famille grandissante de Nordic Chic.<\/p>\n<p>Vous pouvez choisir de vendre \u00e0 la fois de la peinture \u00e0 la craie Nordic Chic et des produits Artisan Enhancements. Si vous poss\u00e9dez d\u00e9j\u00e0 une ligne de peinture \u00e0 la craie d&rsquo;une autre marque, vous pouvez postuler pour devenir d\u00e9taillant uniquement de la gamme de produits Artisan Enhancements. <a href=\"http:\/\/artisanenhancements.com\/\" target=\"_blank\" rel=\"noopener\">Vous pouvez en savoir plus sur les produits Artisan Enhancements ici<\/a><\/p>\n<h3>D\u00e9taillant\u00a0: que faut-il\u00a0?<\/h3>\n<p>Cela ne prend pas grand-chose et si vous souhaitez en savoir plus sur ce qu&rsquo;il faut pour commencer \u00e0 vendre la meilleure peinture \u00e0 la craie au monde, n&rsquo;h\u00e9sitez pas, remplissez simplement le formulaire ci-dessous et je vous contacterai. aussi que possible.<\/p>\n<p>Si votre pays ne dispose pas de distributeur et que vous souhaitez distribuer Nordic Chic dans votre pays et trouver vos d\u00e9taillants et commercialiser Nordic Chic, \u00e9crivez un peu sur votre projet.<\/p>\n<p><strong>Merci de votre int\u00e9r\u00eat \u00e0 devenir un d\u00e9taillant Nordic Chic et\/ou Artisan Enhancements.<\/strong><\/p>\n<p>Trouvez votre revendeur <a href=\"https:\/\/nordicchicpaint.com\/fr\/detaillants-pres-de-chez-vous\/\" target=\"_blank\" rel=\"noopener\">ici<\/a>[\/vc_column_text][vc_empty_space height=\u00a0\u00bb30px\u00a0\u00bb][vc_single_image image=\u00a0\u00bb4010&Prime; img_size=\u00a0\u00bblarge\u00a0\u00bb alignment=\u00a0\u00bbcenter\u00a0\u00bb][vc_empty_space height=\u00a0\u00bb30px\u00a0\u00bb][vc_raw_html]W2Zvcm1pbmF0b3JfZm9ybSBpZD0iMzk2NSJd[\/vc_raw_html][\/vc_column_inner][vc_column_inner width=\u00a0\u00bb1\/6&Prime;][\/vc_column_inner][\/vc_row_inner]<div class=\"ult-spacer spacer-6a03d7e81695b\" data-id=\"6a03d7e81695b\" data-height=\"90\" data-height-mobile=\"60\" data-height-tab=\"90\" data-height-tab-portrait=\"60\" data-height-mobile-landscape=\"60\" style=\"clear:both;display:block;\"><\/div>[\/vc_column][\/vc_row]<\/p>\n<\/section>","protected":false},"excerpt":{"rendered":"<p>[vc_row full_width=\u00a0\u00bbstretch_row\u00a0\u00bb el_class=\u00a0\u00bbfarver-ops\u00e6tning\u00a0\u00bb][vc_column][vc_row_inner equal_height=\u00a0\u00bbyes\u00a0\u00bb content_placement=\u00a0\u00bbmiddle\u00a0\u00bb][vc_column_inner width=\u00a0\u00bb1\/6&Prime; offset=\u00a0\u00bbvc_col-md-3&Prime;][vc_single_image image=\u00a0\u00bb3704&Prime; img_size=\u00a0\u00bbfull\u00a0\u00bb alignment=\u00a0\u00bbcenter\u00a0\u00bb][\/vc_column_inner][vc_column_inner width=\u00a0\u00bb2\/3&Prime; offset=\u00a0\u00bbvc_col-md-6&Prime;][vc_column_text] Devenez d\u00e9taillant [\/vc_column_text][\/vc_column_inner][vc_column_inner width=\u00a0\u00bb1\/6&Prime; offset=\u00a0\u00bbvc_col-md-3&Prime;][vc_single_image image=\u00a0\u00bb3705&Prime; img_size=\u00a0\u00bbfull\u00a0\u00bb alignment=\u00a0\u00bbcenter\u00a0\u00bb][\/vc_column_inner][\/vc_row_inner][vc_empty_space height=\u00a0\u00bb30px\u00a0\u00bb][vc_row_inner][vc_column_inner width=\u00a0\u00bb1\/6&Prime;][\/vc_column_inner][vc_column_inner width=\u00a0\u00bb2\/3&Prime;][vc_column_text] D\u00e9taillant \u2013 est-ce pour moi\u00a0? Devenir un d\u00e9taillant de produits de peinture pour meubles Nordic Chic et\/ou d\u2019am\u00e9liorations artisanales peut \u00eatre une partie tr\u00e8s rentable de votre entreprise. Nous fournissons au march\u00e9 &#8230; <a title=\"Devenez d\u00e9taillant\" class=\"read-more\" href=\"https:\/\/nordicchicpaint.com\/fr\/devenez-detaillant\/\" aria-label=\"En savoir plus sur Devenez d\u00e9taillant\">Lire plus<\/a><\/p>\n","protected":false},"author":1,"featured_media":0,"parent":0,"menu_order":12,"comment_status":"closed","ping_status":"closed","template":"","meta":{"_acf_changed":false,"footnotes":""},"categories":[],"class_list":["post-5902","page","type-page","status-publish"],"acf":[],"yoast_head":"<!-- This site is optimized with the Yoast SEO plugin v23.4 - https:\/\/yoast.com\/wordpress\/plugins\/seo\/ -->\n<title>Devenez d\u00e9taillant &#183; Nordic Chic\u00ae<\/title>\n<meta name=\"robots\" content=\"index, follow, max-snippet:-1, max-image-preview:large, max-video-preview:-1\" \/>\n<link rel=\"canonical\" href=\"https:\/\/nordicchicpaint.com\/fr\/devenez-detaillant\/\" \/>\n<meta property=\"og:locale\" content=\"fr_FR\" \/>\n<meta property=\"og:type\" content=\"article\" \/>\n<meta property=\"og:title\" content=\"Devenez d\u00e9taillant &#183; Nordic Chic\u00ae\" \/>\n<meta property=\"og:description\" content=\"[vc_row full_width=\u00a0\u00bbstretch_row\u00a0\u00bb el_class=\u00a0\u00bbfarver-ops\u00e6tning\u00a0\u00bb][vc_column][vc_row_inner equal_height=\u00a0\u00bbyes\u00a0\u00bb content_placement=\u00a0\u00bbmiddle\u00a0\u00bb][vc_column_inner width=\u00a0\u00bb1\/6&Prime; offset=\u00a0\u00bbvc_col-md-3&Prime;][vc_single_image image=\u00a0\u00bb3704&Prime; img_size=\u00a0\u00bbfull\u00a0\u00bb alignment=\u00a0\u00bbcenter\u00a0\u00bb][\/vc_column_inner][vc_column_inner width=\u00a0\u00bb2\/3&Prime; offset=\u00a0\u00bbvc_col-md-6&Prime;][vc_column_text] Devenez d\u00e9taillant [\/vc_column_text][\/vc_column_inner][vc_column_inner width=\u00a0\u00bb1\/6&Prime; offset=\u00a0\u00bbvc_col-md-3&Prime;][vc_single_image image=\u00a0\u00bb3705&Prime; img_size=\u00a0\u00bbfull\u00a0\u00bb alignment=\u00a0\u00bbcenter\u00a0\u00bb][\/vc_column_inner][\/vc_row_inner][vc_empty_space height=\u00a0\u00bb30px\u00a0\u00bb][vc_row_inner][vc_column_inner width=\u00a0\u00bb1\/6&Prime;][\/vc_column_inner][vc_column_inner width=\u00a0\u00bb2\/3&Prime;][vc_column_text] D\u00e9taillant \u2013 est-ce pour moi\u00a0? Devenir un d\u00e9taillant de produits de peinture pour meubles Nordic Chic et\/ou d\u2019am\u00e9liorations artisanales peut \u00eatre une partie tr\u00e8s rentable de votre entreprise. Nous fournissons au march\u00e9 ... Lire plus\" \/>\n<meta property=\"og:url\" content=\"https:\/\/nordicchicpaint.com\/fr\/devenez-detaillant\/\" \/>\n<meta property=\"og:site_name\" content=\"Nordic Chic\u00ae\" \/>\n<meta property=\"article:modified_time\" content=\"2024-09-04T10:38:44+00:00\" \/>\n<meta name=\"twitter:card\" content=\"summary_large_image\" \/>\n<meta name=\"twitter:label1\" content=\"Dur\u00e9e de lecture estim\u00e9e\" \/>\n\t<meta name=\"twitter:data1\" content=\"2 minutes\" \/>\n<script type=\"application\/ld+json\" class=\"yoast-schema-graph\">{\"@context\":\"https:\/\/schema.org\",\"@graph\":[{\"@type\":\"WebPage\",\"@id\":\"https:\/\/nordicchicpaint.com\/fr\/devenez-detaillant\/\",\"url\":\"https:\/\/nordicchicpaint.com\/fr\/devenez-detaillant\/\",\"name\":\"Devenez d\u00e9taillant &#183; Nordic Chic\u00ae\",\"isPartOf\":{\"@id\":\"https:\/\/nordicchicpaint.com\/fr\/#website\"},\"datePublished\":\"2021-10-21T10:22:36+00:00\",\"dateModified\":\"2024-09-04T10:38:44+00:00\",\"breadcrumb\":{\"@id\":\"https:\/\/nordicchicpaint.com\/fr\/devenez-detaillant\/#breadcrumb\"},\"inLanguage\":\"fr-FR\",\"potentialAction\":[{\"@type\":\"ReadAction\",\"target\":[\"https:\/\/nordicchicpaint.com\/fr\/devenez-detaillant\/\"]}]},{\"@type\":\"BreadcrumbList\",\"@id\":\"https:\/\/nordicchicpaint.com\/fr\/devenez-detaillant\/#breadcrumb\",\"itemListElement\":[{\"@type\":\"ListItem\",\"position\":1,\"name\":\"Hjem\",\"item\":\"https:\/\/nordicchicpaint.com\/fr\/\"},{\"@type\":\"ListItem\",\"position\":2,\"name\":\"Devenez d\u00e9taillant\"}]},{\"@type\":\"WebSite\",\"@id\":\"https:\/\/nordicchicpaint.com\/fr\/#website\",\"url\":\"https:\/\/nordicchicpaint.com\/fr\/\",\"name\":\"Nordic Chic\u00ae\",\"description\":\"Chalk paint for interior and exterior use\",\"publisher\":{\"@id\":\"https:\/\/nordicchicpaint.com\/fr\/#organization\"},\"potentialAction\":[{\"@type\":\"SearchAction\",\"target\":{\"@type\":\"EntryPoint\",\"urlTemplate\":\"https:\/\/nordicchicpaint.com\/fr\/?s={search_term_string}\"},\"query-input\":{\"@type\":\"PropertyValueSpecification\",\"valueRequired\":true,\"valueName\":\"search_term_string\"}}],\"inLanguage\":\"fr-FR\"},{\"@type\":\"Organization\",\"@id\":\"https:\/\/nordicchicpaint.com\/fr\/#organization\",\"name\":\"Nordic Chic\u00ae\",\"url\":\"https:\/\/nordicchicpaint.com\/fr\/\",\"logo\":{\"@type\":\"ImageObject\",\"inLanguage\":\"fr-FR\",\"@id\":\"https:\/\/nordicchicpaint.com\/fr\/#\/schema\/logo\/image\/\",\"url\":\"https:\/\/nordicchicpaint.com\/wp-content\/uploads\/2021\/10\/logo.svg\",\"contentUrl\":\"https:\/\/nordicchicpaint.com\/wp-content\/uploads\/2021\/10\/logo.svg\",\"width\":479,\"height\":474,\"caption\":\"Nordic Chic\u00ae\"},\"image\":{\"@id\":\"https:\/\/nordicchicpaint.com\/fr\/#\/schema\/logo\/image\/\"}}]}<\/script>\n<!-- \/ Yoast SEO plugin. -->","yoast_head_json":{"title":"Devenez d\u00e9taillant &#183; Nordic Chic\u00ae","robots":{"index":"index","follow":"follow","max-snippet":"max-snippet:-1","max-image-preview":"max-image-preview:large","max-video-preview":"max-video-preview:-1"},"canonical":"https:\/\/nordicchicpaint.com\/fr\/devenez-detaillant\/","og_locale":"fr_FR","og_type":"article","og_title":"Devenez d\u00e9taillant &#183; Nordic Chic\u00ae","og_description":"[vc_row full_width=\u00a0\u00bbstretch_row\u00a0\u00bb el_class=\u00a0\u00bbfarver-ops\u00e6tning\u00a0\u00bb][vc_column][vc_row_inner equal_height=\u00a0\u00bbyes\u00a0\u00bb content_placement=\u00a0\u00bbmiddle\u00a0\u00bb][vc_column_inner width=\u00a0\u00bb1\/6&Prime; offset=\u00a0\u00bbvc_col-md-3&Prime;][vc_single_image image=\u00a0\u00bb3704&Prime; img_size=\u00a0\u00bbfull\u00a0\u00bb alignment=\u00a0\u00bbcenter\u00a0\u00bb][\/vc_column_inner][vc_column_inner width=\u00a0\u00bb2\/3&Prime; offset=\u00a0\u00bbvc_col-md-6&Prime;][vc_column_text] Devenez d\u00e9taillant [\/vc_column_text][\/vc_column_inner][vc_column_inner width=\u00a0\u00bb1\/6&Prime; offset=\u00a0\u00bbvc_col-md-3&Prime;][vc_single_image image=\u00a0\u00bb3705&Prime; img_size=\u00a0\u00bbfull\u00a0\u00bb alignment=\u00a0\u00bbcenter\u00a0\u00bb][\/vc_column_inner][\/vc_row_inner][vc_empty_space height=\u00a0\u00bb30px\u00a0\u00bb][vc_row_inner][vc_column_inner width=\u00a0\u00bb1\/6&Prime;][\/vc_column_inner][vc_column_inner width=\u00a0\u00bb2\/3&Prime;][vc_column_text] D\u00e9taillant \u2013 est-ce pour moi\u00a0? Devenir un d\u00e9taillant de produits de peinture pour meubles Nordic Chic et\/ou d\u2019am\u00e9liorations artisanales peut \u00eatre une partie tr\u00e8s rentable de votre entreprise. Nous fournissons au march\u00e9 ... Lire plus","og_url":"https:\/\/nordicchicpaint.com\/fr\/devenez-detaillant\/","og_site_name":"Nordic Chic\u00ae","article_modified_time":"2024-09-04T10:38:44+00:00","twitter_card":"summary_large_image","twitter_misc":{"Dur\u00e9e de lecture estim\u00e9e":"2 minutes"},"schema":{"@context":"https:\/\/schema.org","@graph":[{"@type":"WebPage","@id":"https:\/\/nordicchicpaint.com\/fr\/devenez-detaillant\/","url":"https:\/\/nordicchicpaint.com\/fr\/devenez-detaillant\/","name":"Devenez d\u00e9taillant &#183; Nordic Chic\u00ae","isPartOf":{"@id":"https:\/\/nordicchicpaint.com\/fr\/#website"},"datePublished":"2021-10-21T10:22:36+00:00","dateModified":"2024-09-04T10:38:44+00:00","breadcrumb":{"@id":"https:\/\/nordicchicpaint.com\/fr\/devenez-detaillant\/#breadcrumb"},"inLanguage":"fr-FR","potentialAction":[{"@type":"ReadAction","target":["https:\/\/nordicchicpaint.com\/fr\/devenez-detaillant\/"]}]},{"@type":"BreadcrumbList","@id":"https:\/\/nordicchicpaint.com\/fr\/devenez-detaillant\/#breadcrumb","itemListElement":[{"@type":"ListItem","position":1,"name":"Hjem","item":"https:\/\/nordicchicpaint.com\/fr\/"},{"@type":"ListItem","position":2,"name":"Devenez d\u00e9taillant"}]},{"@type":"WebSite","@id":"https:\/\/nordicchicpaint.com\/fr\/#website","url":"https:\/\/nordicchicpaint.com\/fr\/","name":"Nordic Chic\u00ae","description":"Chalk paint for interior and exterior use","publisher":{"@id":"https:\/\/nordicchicpaint.com\/fr\/#organization"},"potentialAction":[{"@type":"SearchAction","target":{"@type":"EntryPoint","urlTemplate":"https:\/\/nordicchicpaint.com\/fr\/?s={search_term_string}"},"query-input":{"@type":"PropertyValueSpecification","valueRequired":true,"valueName":"search_term_string"}}],"inLanguage":"fr-FR"},{"@type":"Organization","@id":"https:\/\/nordicchicpaint.com\/fr\/#organization","name":"Nordic Chic\u00ae","url":"https:\/\/nordicchicpaint.com\/fr\/","logo":{"@type":"ImageObject","inLanguage":"fr-FR","@id":"https:\/\/nordicchicpaint.com\/fr\/#\/schema\/logo\/image\/","url":"https:\/\/nordicchicpaint.com\/wp-content\/uploads\/2021\/10\/logo.svg","contentUrl":"https:\/\/nordicchicpaint.com\/wp-content\/uploads\/2021\/10\/logo.svg","width":479,"height":474,"caption":"Nordic Chic\u00ae"},"image":{"@id":"https:\/\/nordicchicpaint.com\/fr\/#\/schema\/logo\/image\/"}}]}},"_links":{"self":[{"href":"https:\/\/nordicchicpaint.com\/fr\/wp-json\/wp\/v2\/pages\/5902"}],"collection":[{"href":"https:\/\/nordicchicpaint.com\/fr\/wp-json\/wp\/v2\/pages"}],"about":[{"href":"https:\/\/nordicchicpaint.com\/fr\/wp-json\/wp\/v2\/types\/page"}],"author":[{"embeddable":true,"href":"https:\/\/nordicchicpaint.com\/fr\/wp-json\/wp\/v2\/users\/1"}],"replies":[{"embeddable":true,"href":"https:\/\/nordicchicpaint.com\/fr\/wp-json\/wp\/v2\/comments?post=5902"}],"version-history":[{"count":2,"href":"https:\/\/nordicchicpaint.com\/fr\/wp-json\/wp\/v2\/pages\/5902\/revisions"}],"predecessor-version":[{"id":5904,"href":"https:\/\/nordicchicpaint.com\/fr\/wp-json\/wp\/v2\/pages\/5902\/revisions\/5904"}],"wp:attachment":[{"href":"https:\/\/nordicchicpaint.com\/fr\/wp-json\/wp\/v2\/media?parent=5902"}],"wp:term":[{"taxonomy":"category","embeddable":true,"href":"https:\/\/nordicchicpaint.com\/fr\/wp-json\/wp\/v2\/categories?post=5902"}],"curies":[{"name":"wp","href":"https:\/\/api.w.org\/{rel}","templated":true}]}}