{"id":5899,"date":"2021-10-21T12:22:36","date_gmt":"2021-10-21T10:22:36","guid":{"rendered":"https:\/\/nordicchicpaint.com\/detaillants-pres-de-chez-vous\/"},"modified":"2024-11-06T14:22:21","modified_gmt":"2024-11-06T13:22:21","slug":"detaillants-pres-de-chez-vous","status":"publish","type":"page","link":"https:\/\/nordicchicpaint.com\/fr\/detaillants-pres-de-chez-vous\/","title":{"rendered":"D\u00e9taillants pr\u00e8s de chez vous"},"content":{"rendered":"<section class=\"wpb-content-wrapper\"><p>[vc_row full_width=\u00a0\u00bbstretch_row\u00a0\u00bb][vc_column]<div class=\"ult-spacer spacer-6a040e60cda56\" data-id=\"6a040e60cda56\" data-height=\"90\" data-height-mobile=\"60\" data-height-tab=\"90\" data-height-tab-portrait=\"60\" data-height-mobile-landscape=\"60\" style=\"clear:both;display:block;\"><\/div>[vc_row_inner][vc_column_inner width=\u00a0\u00bb1\/6&Prime;][\/vc_column_inner][vc_column_inner width=\u00a0\u00bb2\/3&Prime;][vc_column_text]<\/p>\n<h2 style=\"text-align: center;\">Trouvez un d\u00e9taillant Nordic Chic\u00ae pr\u00e8s de chez vous<\/h2>\n<p>Trouvez un d\u00e9taillant au Danemark, en Su\u00e8de, en Norv\u00e8ge, en Finlande, en Pologne, en Allemagne, en France, en Gr\u00e8ce, en Estonie, en Italie, en Espagne, en Suisse, en Autriche, au Portugal, au Royaume-Uni, en Australie, en Bulgarie et aux \u00c9tats-Unis.<\/p>\n<p>Nous sommes toujours \u00e0 la recherche de nouveaux revendeurs \u2013 aimeriez-vous pouvoir proposer \u00e0 VOS clients le label \u00e9cologique num\u00e9ro UN de l&rsquo;UE et la peinture \u00e0 la craie certifi\u00e9e enfant (EN71-3) ? alors n&rsquo;h\u00e9sitez pas \u2013 nous serions ravis d&rsquo;avoir de vos nouvelles.<\/p>\n<p>Vous pouvez prendre contact avec le distributeur de votre pays ou utiliser le lien situ\u00e9 sous la liste des distributeurs.<\/p>\n<p>France : <a href=\"https:\/\/www.lehibouchec.fr\/\">https:\/\/www.lehibouchec.fr\/<\/a><\/p>\n<p>Pologne\u00a0: <a href=\"https:\/\/woodandcrafts.pl\">https:\/\/woodandcrafts.pl<\/a><\/p>\n<p>Gr\u00e8ce : <a href=\"https:\/\/www.nordic-chic.gr\">https:\/\/www.nordic-chic.gr<\/a><\/p>\n<p>Allemagne\u00a0: <a href=\"https:\/\/www.shabby-an-dream.de\/\">https:\/\/www.shabby-an-dream.de<\/a><\/p>\n<p>Norv\u00e8ge : <a href=\"https:\/\/nordicchic.no\/\">https:\/\/nordicchic.no\/<\/a><\/p>\n<p>\u00c9tats-Unis\u00a0: <a href=\"https:\/\/scandinavianpaintcompany.com\/\">https:\/\/scandinavianpaintcompany.com\/<\/a><\/p>\n<p>&nbsp;<\/p>\n<p><a href=\"https:\/\/nordicchicpaint.com\/fr\/devenez-detaillant\/\">Devenez un d\u00e9taillant de peinture \u00e0 la craie Nordic Chic<\/a><\/p>\n<p>Vous trouverez ci-dessous une liste compl\u00e8te de tous les d\u00e9taillants dans les diff\u00e9rents pays.<\/p>\n<p>#nouspeignonslemondeun peuplusvert<\/p>\n<p>Trouvez votre revendeur ici ou achetez ici <a href=\"https:\/\/nordicchic.eu\">www.nordicchic.eu<\/a>.[\/vc_column_text][\/vc_column_inner][vc_column_inner width=\u00a0\u00bb1\/6&Prime;][\/vc_column_inner][\/vc_row_inner][vc_empty_space height=\u00a0\u00bb30px\u00a0\u00bb][vc_raw_html]W3dwc2xd[\/vc_raw_html]<div class=\"ult-spacer spacer-6a040e60cda9b\" data-id=\"6a040e60cda9b\" data-height=\"90\" data-height-mobile=\"60\" data-height-tab=\"90\" data-height-tab-portrait=\"60\" data-height-mobile-landscape=\"60\" style=\"clear:both;display:block;\"><\/div>[\/vc_column][\/vc_row]<\/p>\n<\/section>","protected":false},"excerpt":{"rendered":"<p>[vc_row full_width=\u00a0\u00bbstretch_row\u00a0\u00bb][vc_column][vc_row_inner][vc_column_inner width=\u00a0\u00bb1\/6&Prime;][\/vc_column_inner][vc_column_inner width=\u00a0\u00bb2\/3&Prime;][vc_column_text] Trouvez un d\u00e9taillant Nordic Chic\u00ae pr\u00e8s de chez vous Trouvez un d\u00e9taillant au Danemark, en Su\u00e8de, en Norv\u00e8ge, en Finlande, en Pologne, en Allemagne, en France, en Gr\u00e8ce, en Estonie, en Italie, en Espagne, en Suisse, en Autriche, au Portugal, au Royaume-Uni, en Australie, en Bulgarie et aux \u00c9tats-Unis. Nous sommes &#8230; <a title=\"D\u00e9taillants pr\u00e8s de chez vous\" class=\"read-more\" href=\"https:\/\/nordicchicpaint.com\/fr\/detaillants-pres-de-chez-vous\/\" aria-label=\"En savoir plus sur D\u00e9taillants pr\u00e8s de chez vous\">Lire plus<\/a><\/p>\n","protected":false},"author":1,"featured_media":5764,"parent":0,"menu_order":11,"comment_status":"closed","ping_status":"closed","template":"","meta":{"_acf_changed":false,"footnotes":""},"categories":[],"class_list":["post-5899","page","type-page","status-publish","has-post-thumbnail"],"acf":[],"yoast_head":"<!-- This site is optimized with the Yoast SEO plugin v23.4 - https:\/\/yoast.com\/wordpress\/plugins\/seo\/ -->\n<title>D\u00e9taillants pr\u00e8s de chez vous &#183; Nordic Chic\u00ae<\/title>\n<meta name=\"robots\" content=\"index, follow, max-snippet:-1, max-image-preview:large, max-video-preview:-1\" \/>\n<link rel=\"canonical\" href=\"https:\/\/nordicchicpaint.com\/fr\/detaillants-pres-de-chez-vous\/\" \/>\n<meta property=\"og:locale\" content=\"fr_FR\" \/>\n<meta property=\"og:type\" content=\"article\" \/>\n<meta property=\"og:title\" content=\"D\u00e9taillants pr\u00e8s de chez vous &#183; Nordic Chic\u00ae\" \/>\n<meta property=\"og:description\" content=\"[vc_row full_width=\u00a0\u00bbstretch_row\u00a0\u00bb][vc_column][vc_row_inner][vc_column_inner width=\u00a0\u00bb1\/6&Prime;][\/vc_column_inner][vc_column_inner width=\u00a0\u00bb2\/3&Prime;][vc_column_text] Trouvez un d\u00e9taillant Nordic Chic\u00ae pr\u00e8s de chez vous Trouvez un d\u00e9taillant au Danemark, en Su\u00e8de, en Norv\u00e8ge, en Finlande, en Pologne, en Allemagne, en France, en Gr\u00e8ce, en Estonie, en Italie, en Espagne, en Suisse, en Autriche, au Portugal, au Royaume-Uni, en Australie, en Bulgarie et aux \u00c9tats-Unis. Nous sommes ... Lire plus\" \/>\n<meta property=\"og:url\" content=\"https:\/\/nordicchicpaint.com\/fr\/detaillants-pres-de-chez-vous\/\" \/>\n<meta property=\"og:site_name\" content=\"Nordic Chic\u00ae\" \/>\n<meta property=\"article:modified_time\" content=\"2024-11-06T13:22:21+00:00\" \/>\n<meta property=\"og:image\" content=\"https:\/\/nordicchicpaint.com\/wp-content\/uploads\/2022\/09\/iStock-627013054-scaled.jpg\" \/>\n\t<meta property=\"og:image:width\" content=\"2048\" \/>\n\t<meta property=\"og:image:height\" content=\"1280\" \/>\n\t<meta property=\"og:image:type\" content=\"image\/jpeg\" \/>\n<meta name=\"twitter:card\" content=\"summary_large_image\" \/>\n<meta name=\"twitter:label1\" content=\"Dur\u00e9e de lecture estim\u00e9e\" \/>\n\t<meta name=\"twitter:data1\" content=\"1 minute\" \/>\n<script type=\"application\/ld+json\" class=\"yoast-schema-graph\">{\"@context\":\"https:\/\/schema.org\",\"@graph\":[{\"@type\":\"WebPage\",\"@id\":\"https:\/\/nordicchicpaint.com\/fr\/detaillants-pres-de-chez-vous\/\",\"url\":\"https:\/\/nordicchicpaint.com\/fr\/detaillants-pres-de-chez-vous\/\",\"name\":\"D\u00e9taillants pr\u00e8s de chez vous &#183; Nordic Chic\u00ae\",\"isPartOf\":{\"@id\":\"https:\/\/nordicchicpaint.com\/fr\/#website\"},\"primaryImageOfPage\":{\"@id\":\"https:\/\/nordicchicpaint.com\/fr\/detaillants-pres-de-chez-vous\/#primaryimage\"},\"image\":{\"@id\":\"https:\/\/nordicchicpaint.com\/fr\/detaillants-pres-de-chez-vous\/#primaryimage\"},\"thumbnailUrl\":\"https:\/\/nordicchicpaint.com\/wp-content\/uploads\/2022\/09\/iStock-627013054-scaled.jpg\",\"datePublished\":\"2021-10-21T10:22:36+00:00\",\"dateModified\":\"2024-11-06T13:22:21+00:00\",\"breadcrumb\":{\"@id\":\"https:\/\/nordicchicpaint.com\/fr\/detaillants-pres-de-chez-vous\/#breadcrumb\"},\"inLanguage\":\"fr-FR\",\"potentialAction\":[{\"@type\":\"ReadAction\",\"target\":[\"https:\/\/nordicchicpaint.com\/fr\/detaillants-pres-de-chez-vous\/\"]}]},{\"@type\":\"ImageObject\",\"inLanguage\":\"fr-FR\",\"@id\":\"https:\/\/nordicchicpaint.com\/fr\/detaillants-pres-de-chez-vous\/#primaryimage\",\"url\":\"https:\/\/nordicchicpaint.com\/wp-content\/uploads\/2022\/09\/iStock-627013054-scaled.jpg\",\"contentUrl\":\"https:\/\/nordicchicpaint.com\/wp-content\/uploads\/2022\/09\/iStock-627013054-scaled.jpg\",\"width\":2048,\"height\":1280,\"caption\":\"red blue geometric world map\"},{\"@type\":\"BreadcrumbList\",\"@id\":\"https:\/\/nordicchicpaint.com\/fr\/detaillants-pres-de-chez-vous\/#breadcrumb\",\"itemListElement\":[{\"@type\":\"ListItem\",\"position\":1,\"name\":\"Hjem\",\"item\":\"https:\/\/nordicchicpaint.com\/fr\/\"},{\"@type\":\"ListItem\",\"position\":2,\"name\":\"D\u00e9taillants pr\u00e8s de chez vous\"}]},{\"@type\":\"WebSite\",\"@id\":\"https:\/\/nordicchicpaint.com\/fr\/#website\",\"url\":\"https:\/\/nordicchicpaint.com\/fr\/\",\"name\":\"Nordic Chic\u00ae\",\"description\":\"Chalk paint for interior and exterior use\",\"publisher\":{\"@id\":\"https:\/\/nordicchicpaint.com\/fr\/#organization\"},\"potentialAction\":[{\"@type\":\"SearchAction\",\"target\":{\"@type\":\"EntryPoint\",\"urlTemplate\":\"https:\/\/nordicchicpaint.com\/fr\/?s={search_term_string}\"},\"query-input\":{\"@type\":\"PropertyValueSpecification\",\"valueRequired\":true,\"valueName\":\"search_term_string\"}}],\"inLanguage\":\"fr-FR\"},{\"@type\":\"Organization\",\"@id\":\"https:\/\/nordicchicpaint.com\/fr\/#organization\",\"name\":\"Nordic Chic\u00ae\",\"url\":\"https:\/\/nordicchicpaint.com\/fr\/\",\"logo\":{\"@type\":\"ImageObject\",\"inLanguage\":\"fr-FR\",\"@id\":\"https:\/\/nordicchicpaint.com\/fr\/#\/schema\/logo\/image\/\",\"url\":\"https:\/\/nordicchicpaint.com\/wp-content\/uploads\/2021\/10\/logo.svg\",\"contentUrl\":\"https:\/\/nordicchicpaint.com\/wp-content\/uploads\/2021\/10\/logo.svg\",\"width\":479,\"height\":474,\"caption\":\"Nordic Chic\u00ae\"},\"image\":{\"@id\":\"https:\/\/nordicchicpaint.com\/fr\/#\/schema\/logo\/image\/\"}}]}<\/script>\n<!-- \/ Yoast SEO plugin. -->","yoast_head_json":{"title":"D\u00e9taillants pr\u00e8s de chez vous &#183; Nordic Chic\u00ae","robots":{"index":"index","follow":"follow","max-snippet":"max-snippet:-1","max-image-preview":"max-image-preview:large","max-video-preview":"max-video-preview:-1"},"canonical":"https:\/\/nordicchicpaint.com\/fr\/detaillants-pres-de-chez-vous\/","og_locale":"fr_FR","og_type":"article","og_title":"D\u00e9taillants pr\u00e8s de chez vous &#183; Nordic Chic\u00ae","og_description":"[vc_row full_width=\u00a0\u00bbstretch_row\u00a0\u00bb][vc_column][vc_row_inner][vc_column_inner width=\u00a0\u00bb1\/6&Prime;][\/vc_column_inner][vc_column_inner width=\u00a0\u00bb2\/3&Prime;][vc_column_text] Trouvez un d\u00e9taillant Nordic Chic\u00ae pr\u00e8s de chez vous Trouvez un d\u00e9taillant au Danemark, en Su\u00e8de, en Norv\u00e8ge, en Finlande, en Pologne, en Allemagne, en France, en Gr\u00e8ce, en Estonie, en Italie, en Espagne, en Suisse, en Autriche, au Portugal, au Royaume-Uni, en Australie, en Bulgarie et aux \u00c9tats-Unis. Nous sommes ... Lire plus","og_url":"https:\/\/nordicchicpaint.com\/fr\/detaillants-pres-de-chez-vous\/","og_site_name":"Nordic Chic\u00ae","article_modified_time":"2024-11-06T13:22:21+00:00","og_image":[{"width":2048,"height":1280,"url":"https:\/\/nordicchicpaint.com\/wp-content\/uploads\/2022\/09\/iStock-627013054-scaled.jpg","type":"image\/jpeg"}],"twitter_card":"summary_large_image","twitter_misc":{"Dur\u00e9e de lecture estim\u00e9e":"1 minute"},"schema":{"@context":"https:\/\/schema.org","@graph":[{"@type":"WebPage","@id":"https:\/\/nordicchicpaint.com\/fr\/detaillants-pres-de-chez-vous\/","url":"https:\/\/nordicchicpaint.com\/fr\/detaillants-pres-de-chez-vous\/","name":"D\u00e9taillants pr\u00e8s de chez vous &#183; Nordic Chic\u00ae","isPartOf":{"@id":"https:\/\/nordicchicpaint.com\/fr\/#website"},"primaryImageOfPage":{"@id":"https:\/\/nordicchicpaint.com\/fr\/detaillants-pres-de-chez-vous\/#primaryimage"},"image":{"@id":"https:\/\/nordicchicpaint.com\/fr\/detaillants-pres-de-chez-vous\/#primaryimage"},"thumbnailUrl":"https:\/\/nordicchicpaint.com\/wp-content\/uploads\/2022\/09\/iStock-627013054-scaled.jpg","datePublished":"2021-10-21T10:22:36+00:00","dateModified":"2024-11-06T13:22:21+00:00","breadcrumb":{"@id":"https:\/\/nordicchicpaint.com\/fr\/detaillants-pres-de-chez-vous\/#breadcrumb"},"inLanguage":"fr-FR","potentialAction":[{"@type":"ReadAction","target":["https:\/\/nordicchicpaint.com\/fr\/detaillants-pres-de-chez-vous\/"]}]},{"@type":"ImageObject","inLanguage":"fr-FR","@id":"https:\/\/nordicchicpaint.com\/fr\/detaillants-pres-de-chez-vous\/#primaryimage","url":"https:\/\/nordicchicpaint.com\/wp-content\/uploads\/2022\/09\/iStock-627013054-scaled.jpg","contentUrl":"https:\/\/nordicchicpaint.com\/wp-content\/uploads\/2022\/09\/iStock-627013054-scaled.jpg","width":2048,"height":1280,"caption":"red blue geometric world map"},{"@type":"BreadcrumbList","@id":"https:\/\/nordicchicpaint.com\/fr\/detaillants-pres-de-chez-vous\/#breadcrumb","itemListElement":[{"@type":"ListItem","position":1,"name":"Hjem","item":"https:\/\/nordicchicpaint.com\/fr\/"},{"@type":"ListItem","position":2,"name":"D\u00e9taillants pr\u00e8s de chez vous"}]},{"@type":"WebSite","@id":"https:\/\/nordicchicpaint.com\/fr\/#website","url":"https:\/\/nordicchicpaint.com\/fr\/","name":"Nordic Chic\u00ae","description":"Chalk paint for interior and exterior use","publisher":{"@id":"https:\/\/nordicchicpaint.com\/fr\/#organization"},"potentialAction":[{"@type":"SearchAction","target":{"@type":"EntryPoint","urlTemplate":"https:\/\/nordicchicpaint.com\/fr\/?s={search_term_string}"},"query-input":{"@type":"PropertyValueSpecification","valueRequired":true,"valueName":"search_term_string"}}],"inLanguage":"fr-FR"},{"@type":"Organization","@id":"https:\/\/nordicchicpaint.com\/fr\/#organization","name":"Nordic Chic\u00ae","url":"https:\/\/nordicchicpaint.com\/fr\/","logo":{"@type":"ImageObject","inLanguage":"fr-FR","@id":"https:\/\/nordicchicpaint.com\/fr\/#\/schema\/logo\/image\/","url":"https:\/\/nordicchicpaint.com\/wp-content\/uploads\/2021\/10\/logo.svg","contentUrl":"https:\/\/nordicchicpaint.com\/wp-content\/uploads\/2021\/10\/logo.svg","width":479,"height":474,"caption":"Nordic Chic\u00ae"},"image":{"@id":"https:\/\/nordicchicpaint.com\/fr\/#\/schema\/logo\/image\/"}}]}},"_links":{"self":[{"href":"https:\/\/nordicchicpaint.com\/fr\/wp-json\/wp\/v2\/pages\/5899"}],"collection":[{"href":"https:\/\/nordicchicpaint.com\/fr\/wp-json\/wp\/v2\/pages"}],"about":[{"href":"https:\/\/nordicchicpaint.com\/fr\/wp-json\/wp\/v2\/types\/page"}],"author":[{"embeddable":true,"href":"https:\/\/nordicchicpaint.com\/fr\/wp-json\/wp\/v2\/users\/1"}],"replies":[{"embeddable":true,"href":"https:\/\/nordicchicpaint.com\/fr\/wp-json\/wp\/v2\/comments?post=5899"}],"version-history":[{"count":15,"href":"https:\/\/nordicchicpaint.com\/fr\/wp-json\/wp\/v2\/pages\/5899\/revisions"}],"predecessor-version":[{"id":6190,"href":"https:\/\/nordicchicpaint.com\/fr\/wp-json\/wp\/v2\/pages\/5899\/revisions\/6190"}],"wp:featuredmedia":[{"embeddable":true,"href":"https:\/\/nordicchicpaint.com\/fr\/wp-json\/wp\/v2\/media\/5764"}],"wp:attachment":[{"href":"https:\/\/nordicchicpaint.com\/fr\/wp-json\/wp\/v2\/media?parent=5899"}],"wp:term":[{"taxonomy":"category","embeddable":true,"href":"https:\/\/nordicchicpaint.com\/fr\/wp-json\/wp\/v2\/categories?post=5899"}],"curies":[{"name":"wp","href":"https:\/\/api.w.org\/{rel}","templated":true}]}}