{"id":5896,"date":"2021-10-21T12:22:36","date_gmt":"2021-10-21T10:22:36","guid":{"rendered":"https:\/\/nordicchicpaint.com\/faq\/"},"modified":"2024-09-04T12:34:03","modified_gmt":"2024-09-04T10:34:03","slug":"faq","status":"publish","type":"page","link":"https:\/\/nordicchicpaint.com\/fr\/faq\/","title":{"rendered":"FAQ"},"content":{"rendered":"<section class=\"wpb-content-wrapper\"><p>[vc_row full_width=\u00a0\u00bbstretch_row\u00a0\u00bb][vc_column]<div class=\"ult-spacer spacer-69e028c3539f2\" data-id=\"69e028c3539f2\" data-height=\"90\" data-height-mobile=\"60\" data-height-tab=\"90\" data-height-tab-portrait=\"60\" data-height-mobile-landscape=\"60\" style=\"clear:both;display:block;\"><\/div>[vc_column_text]<\/p>\n<h2>Questions fr\u00e9quemment pos\u00e9es<\/h2>\n<p>[\/vc_column_text][vc_empty_space height=\u00a0\u00bb30px\u00a0\u00bb][vc_toggle title=\u00a0\u00bbComment enlever la cire de mes meubles ?\u00a0\u00bb style=\u00a0\u00bbarrow\u00a0\u00bb size=\u00a0\u00bbsm\u00a0\u00bb custom_font_container=\u00a0\u00bbtag:h4|text_align:left\u00a0\u00bb custom_use_theme_fonts=\u00a0\u00bbyes\u00a0\u00bb use_custom_heading=\u00a0\u00bbtrue\u00a0\u00bb]La cire peut \u00eatre facilement \u00e9limin\u00e9e avec de l&rsquo;alcool isopropylique \u00e0 99 %. Vous pouvez \u00e9galement l&rsquo;utiliser pour \u00e9liminer par exemple les odeurs de nicotine, etc. d&rsquo;un meuble.[\/vc_toggle][vc_empty_space height=\u00a0\u00bb15px\u00a0\u00bb][vc_toggle title=\u00a0\u00bbQuels pinceaux utiliser pour peindre ? Et quel type d&apos;\u00e9pilation \u00e0 la cire ?\u00a0\u00bb style=\u00a0\u00bbarrow\u00a0\u00bb size=\u00a0\u00bbsm\u00a0\u00bb custom_font_container=\u00a0\u00bbtag:h4|text_align:left\u00a0\u00bb custom_use_theme_fonts=\u00a0\u00bbyes\u00a0\u00bb use_custom_heading=\u00a0\u00bbtrue\u00a0\u00bb]<strong>Les pinceaux sont un choix personnel.<\/strong><\/p>\n<p>Si vous souhaitez une surface plus lisse, vous devriez opter pour un pinceau synth\u00e9tique. Mais si vous souhaitez un peu plus de structure et de texture, vous pouvez utiliser nos pinceaux Nordic Chic en poils naturels \u2013 ils sont disponibles en trois tailles.<\/p>\n<p>La cire peut \u00eatre appliqu\u00e9e avec nos pinceaux \u00e0 cire \u00e9galement fabriqu\u00e9s \u00e0 partir de cheveux naturels et dot\u00e9s d&rsquo;un manche en bois exclusif. Il est disponible en deux tailles et vous permettra d&rsquo;acc\u00e9der jusqu&rsquo;aux espaces et coins \u00e9troits.<\/p>\n<p>Vous pouvez \u00e9galement utiliser un chiffon non pelucheux pour appliquer la cire.[\/vc_toggle][vc_empty_space height=\u00a0\u00bb15px\u00a0\u00bb][vc_toggle title=\u00a0\u00bbCombien de temps faut-il pour que la peinture s\u00e8che ? Et combien de temps apr\u00e8s je peux appliquer la cire ?\u00a0\u00bb style=\u00a0\u00bbarrow\u00a0\u00bb size=\u00a0\u00bbsm\u00a0\u00bb custom_font_container=\u00a0\u00bbtag:h4|text_align:left\u00a0\u00bb custom_use_theme_fonts=\u00a0\u00bbyes\u00a0\u00bb use_custom_heading=\u00a0\u00bbtrue\u00a0\u00bb]Cela d\u00e9pend de la m\u00e9t\u00e9o, mais souvent le temps sera sec en 2 heures et parfois plus rapidement. La cire peut \u00eatre appliqu\u00e9e lorsque la peinture est s\u00e8che.[\/vc_toggle]<div class=\"ult-spacer spacer-69e028c353a36\" data-id=\"69e028c353a36\" data-height=\"90\" data-height-mobile=\"60\" data-height-tab=\"90\" data-height-tab-portrait=\"60\" data-height-mobile-landscape=\"60\" style=\"clear:both;display:block;\"><\/div>[\/vc_column][\/vc_row]<\/p>\n<\/section>","protected":false},"excerpt":{"rendered":"<p>[vc_row full_width=\u00a0\u00bbstretch_row\u00a0\u00bb][vc_column][vc_column_text] Questions fr\u00e9quemment pos\u00e9es [\/vc_column_text][vc_empty_space height=\u00a0\u00bb30px\u00a0\u00bb][vc_toggle title=\u00a0\u00bbComment enlever la cire de mes meubles ?\u00a0\u00bb style=\u00a0\u00bbarrow\u00a0\u00bb size=\u00a0\u00bbsm\u00a0\u00bb custom_font_container=\u00a0\u00bbtag:h4|text_align:left\u00a0\u00bb custom_use_theme_fonts=\u00a0\u00bbyes\u00a0\u00bb use_custom_heading=\u00a0\u00bbtrue\u00a0\u00bb]La cire peut \u00eatre facilement \u00e9limin\u00e9e avec de l&rsquo;alcool isopropylique \u00e0 99 %. Vous pouvez \u00e9galement l&rsquo;utiliser pour \u00e9liminer par exemple les odeurs de nicotine, etc. d&rsquo;un meuble.[\/vc_toggle][vc_empty_space height=\u00a0\u00bb15px\u00a0\u00bb][vc_toggle title=\u00a0\u00bbQuels pinceaux utiliser pour peindre ? Et &#8230; <a title=\"FAQ\" class=\"read-more\" href=\"https:\/\/nordicchicpaint.com\/fr\/faq\/\" aria-label=\"En savoir plus sur FAQ\">Lire plus<\/a><\/p>\n","protected":false},"author":1,"featured_media":5746,"parent":0,"menu_order":10,"comment_status":"closed","ping_status":"closed","template":"","meta":{"_acf_changed":false,"footnotes":""},"categories":[],"class_list":["post-5896","page","type-page","status-publish","has-post-thumbnail"],"acf":[],"yoast_head":"<!-- This site is optimized with the Yoast SEO plugin v23.4 - https:\/\/yoast.com\/wordpress\/plugins\/seo\/ -->\n<title>FAQ &#183; Nordic Chic\u00ae<\/title>\n<meta name=\"robots\" content=\"index, follow, max-snippet:-1, max-image-preview:large, max-video-preview:-1\" \/>\n<link rel=\"canonical\" href=\"https:\/\/nordicchicpaint.com\/fr\/faq\/\" \/>\n<meta property=\"og:locale\" content=\"fr_FR\" \/>\n<meta property=\"og:type\" content=\"article\" \/>\n<meta property=\"og:title\" content=\"FAQ &#183; Nordic Chic\u00ae\" \/>\n<meta property=\"og:description\" content=\"[vc_row full_width=\u00a0\u00bbstretch_row\u00a0\u00bb][vc_column][vc_column_text] Questions fr\u00e9quemment pos\u00e9es [\/vc_column_text][vc_empty_space height=\u00a0\u00bb30px\u00a0\u00bb][vc_toggle title=\u00a0\u00bbComment enlever la cire de mes meubles ?\u00a0\u00bb style=\u00a0\u00bbarrow\u00a0\u00bb size=\u00a0\u00bbsm\u00a0\u00bb custom_font_container=\u00a0\u00bbtag:h4|text_align:left\u00a0\u00bb custom_use_theme_fonts=\u00a0\u00bbyes\u00a0\u00bb use_custom_heading=\u00a0\u00bbtrue\u00a0\u00bb]La cire peut \u00eatre facilement \u00e9limin\u00e9e avec de l&rsquo;alcool isopropylique \u00e0 99 %. Vous pouvez \u00e9galement l&rsquo;utiliser pour \u00e9liminer par exemple les odeurs de nicotine, etc. d&rsquo;un meuble.[\/vc_toggle][vc_empty_space height=\u00a0\u00bb15px\u00a0\u00bb][vc_toggle title=\u00a0\u00bbQuels pinceaux utiliser pour peindre ? Et ... Lire plus\" \/>\n<meta property=\"og:url\" content=\"https:\/\/nordicchicpaint.com\/fr\/faq\/\" \/>\n<meta property=\"og:site_name\" content=\"Nordic Chic\u00ae\" \/>\n<meta property=\"article:modified_time\" content=\"2024-09-04T10:34:03+00:00\" \/>\n<meta property=\"og:image\" content=\"https:\/\/nordicchicpaint.com\/wp-content\/uploads\/2022\/09\/inspiration.jpeg\" \/>\n\t<meta property=\"og:image:width\" content=\"1920\" \/>\n\t<meta property=\"og:image:height\" content=\"1080\" \/>\n\t<meta property=\"og:image:type\" content=\"image\/jpeg\" \/>\n<meta name=\"twitter:card\" content=\"summary_large_image\" \/>\n<meta name=\"twitter:label1\" content=\"Dur\u00e9e de lecture estim\u00e9e\" \/>\n\t<meta name=\"twitter:data1\" content=\"2 minutes\" \/>\n<script type=\"application\/ld+json\" class=\"yoast-schema-graph\">{\"@context\":\"https:\/\/schema.org\",\"@graph\":[{\"@type\":\"WebPage\",\"@id\":\"https:\/\/nordicchicpaint.com\/fr\/faq\/\",\"url\":\"https:\/\/nordicchicpaint.com\/fr\/faq\/\",\"name\":\"FAQ &#183; Nordic Chic\u00ae\",\"isPartOf\":{\"@id\":\"https:\/\/nordicchicpaint.com\/fr\/#website\"},\"primaryImageOfPage\":{\"@id\":\"https:\/\/nordicchicpaint.com\/fr\/faq\/#primaryimage\"},\"image\":{\"@id\":\"https:\/\/nordicchicpaint.com\/fr\/faq\/#primaryimage\"},\"thumbnailUrl\":\"https:\/\/nordicchicpaint.com\/wp-content\/uploads\/2022\/09\/inspiration.jpeg\",\"datePublished\":\"2021-10-21T10:22:36+00:00\",\"dateModified\":\"2024-09-04T10:34:03+00:00\",\"breadcrumb\":{\"@id\":\"https:\/\/nordicchicpaint.com\/fr\/faq\/#breadcrumb\"},\"inLanguage\":\"fr-FR\",\"potentialAction\":[{\"@type\":\"ReadAction\",\"target\":[\"https:\/\/nordicchicpaint.com\/fr\/faq\/\"]}]},{\"@type\":\"ImageObject\",\"inLanguage\":\"fr-FR\",\"@id\":\"https:\/\/nordicchicpaint.com\/fr\/faq\/#primaryimage\",\"url\":\"https:\/\/nordicchicpaint.com\/wp-content\/uploads\/2022\/09\/inspiration.jpeg\",\"contentUrl\":\"https:\/\/nordicchicpaint.com\/wp-content\/uploads\/2022\/09\/inspiration.jpeg\",\"width\":1920,\"height\":1080},{\"@type\":\"BreadcrumbList\",\"@id\":\"https:\/\/nordicchicpaint.com\/fr\/faq\/#breadcrumb\",\"itemListElement\":[{\"@type\":\"ListItem\",\"position\":1,\"name\":\"Hjem\",\"item\":\"https:\/\/nordicchicpaint.com\/fr\/\"},{\"@type\":\"ListItem\",\"position\":2,\"name\":\"FAQ\"}]},{\"@type\":\"WebSite\",\"@id\":\"https:\/\/nordicchicpaint.com\/fr\/#website\",\"url\":\"https:\/\/nordicchicpaint.com\/fr\/\",\"name\":\"Nordic Chic\u00ae\",\"description\":\"Chalk paint for interior and exterior use\",\"publisher\":{\"@id\":\"https:\/\/nordicchicpaint.com\/fr\/#organization\"},\"potentialAction\":[{\"@type\":\"SearchAction\",\"target\":{\"@type\":\"EntryPoint\",\"urlTemplate\":\"https:\/\/nordicchicpaint.com\/fr\/?s={search_term_string}\"},\"query-input\":{\"@type\":\"PropertyValueSpecification\",\"valueRequired\":true,\"valueName\":\"search_term_string\"}}],\"inLanguage\":\"fr-FR\"},{\"@type\":\"Organization\",\"@id\":\"https:\/\/nordicchicpaint.com\/fr\/#organization\",\"name\":\"Nordic Chic\u00ae\",\"url\":\"https:\/\/nordicchicpaint.com\/fr\/\",\"logo\":{\"@type\":\"ImageObject\",\"inLanguage\":\"fr-FR\",\"@id\":\"https:\/\/nordicchicpaint.com\/fr\/#\/schema\/logo\/image\/\",\"url\":\"https:\/\/nordicchicpaint.com\/wp-content\/uploads\/2021\/10\/logo.svg\",\"contentUrl\":\"https:\/\/nordicchicpaint.com\/wp-content\/uploads\/2021\/10\/logo.svg\",\"width\":479,\"height\":474,\"caption\":\"Nordic Chic\u00ae\"},\"image\":{\"@id\":\"https:\/\/nordicchicpaint.com\/fr\/#\/schema\/logo\/image\/\"}}]}<\/script>\n<!-- \/ Yoast SEO plugin. -->","yoast_head_json":{"title":"FAQ &#183; Nordic Chic\u00ae","robots":{"index":"index","follow":"follow","max-snippet":"max-snippet:-1","max-image-preview":"max-image-preview:large","max-video-preview":"max-video-preview:-1"},"canonical":"https:\/\/nordicchicpaint.com\/fr\/faq\/","og_locale":"fr_FR","og_type":"article","og_title":"FAQ &#183; Nordic Chic\u00ae","og_description":"[vc_row full_width=\u00a0\u00bbstretch_row\u00a0\u00bb][vc_column][vc_column_text] Questions fr\u00e9quemment pos\u00e9es [\/vc_column_text][vc_empty_space height=\u00a0\u00bb30px\u00a0\u00bb][vc_toggle title=\u00a0\u00bbComment enlever la cire de mes meubles ?\u00a0\u00bb style=\u00a0\u00bbarrow\u00a0\u00bb size=\u00a0\u00bbsm\u00a0\u00bb custom_font_container=\u00a0\u00bbtag:h4|text_align:left\u00a0\u00bb custom_use_theme_fonts=\u00a0\u00bbyes\u00a0\u00bb use_custom_heading=\u00a0\u00bbtrue\u00a0\u00bb]La cire peut \u00eatre facilement \u00e9limin\u00e9e avec de l&rsquo;alcool isopropylique \u00e0 99 %. Vous pouvez \u00e9galement l&rsquo;utiliser pour \u00e9liminer par exemple les odeurs de nicotine, etc. d&rsquo;un meuble.[\/vc_toggle][vc_empty_space height=\u00a0\u00bb15px\u00a0\u00bb][vc_toggle title=\u00a0\u00bbQuels pinceaux utiliser pour peindre ? Et ... Lire plus","og_url":"https:\/\/nordicchicpaint.com\/fr\/faq\/","og_site_name":"Nordic Chic\u00ae","article_modified_time":"2024-09-04T10:34:03+00:00","og_image":[{"width":1920,"height":1080,"url":"https:\/\/nordicchicpaint.com\/wp-content\/uploads\/2022\/09\/inspiration.jpeg","type":"image\/jpeg"}],"twitter_card":"summary_large_image","twitter_misc":{"Dur\u00e9e de lecture estim\u00e9e":"2 minutes"},"schema":{"@context":"https:\/\/schema.org","@graph":[{"@type":"WebPage","@id":"https:\/\/nordicchicpaint.com\/fr\/faq\/","url":"https:\/\/nordicchicpaint.com\/fr\/faq\/","name":"FAQ &#183; Nordic Chic\u00ae","isPartOf":{"@id":"https:\/\/nordicchicpaint.com\/fr\/#website"},"primaryImageOfPage":{"@id":"https:\/\/nordicchicpaint.com\/fr\/faq\/#primaryimage"},"image":{"@id":"https:\/\/nordicchicpaint.com\/fr\/faq\/#primaryimage"},"thumbnailUrl":"https:\/\/nordicchicpaint.com\/wp-content\/uploads\/2022\/09\/inspiration.jpeg","datePublished":"2021-10-21T10:22:36+00:00","dateModified":"2024-09-04T10:34:03+00:00","breadcrumb":{"@id":"https:\/\/nordicchicpaint.com\/fr\/faq\/#breadcrumb"},"inLanguage":"fr-FR","potentialAction":[{"@type":"ReadAction","target":["https:\/\/nordicchicpaint.com\/fr\/faq\/"]}]},{"@type":"ImageObject","inLanguage":"fr-FR","@id":"https:\/\/nordicchicpaint.com\/fr\/faq\/#primaryimage","url":"https:\/\/nordicchicpaint.com\/wp-content\/uploads\/2022\/09\/inspiration.jpeg","contentUrl":"https:\/\/nordicchicpaint.com\/wp-content\/uploads\/2022\/09\/inspiration.jpeg","width":1920,"height":1080},{"@type":"BreadcrumbList","@id":"https:\/\/nordicchicpaint.com\/fr\/faq\/#breadcrumb","itemListElement":[{"@type":"ListItem","position":1,"name":"Hjem","item":"https:\/\/nordicchicpaint.com\/fr\/"},{"@type":"ListItem","position":2,"name":"FAQ"}]},{"@type":"WebSite","@id":"https:\/\/nordicchicpaint.com\/fr\/#website","url":"https:\/\/nordicchicpaint.com\/fr\/","name":"Nordic Chic\u00ae","description":"Chalk paint for interior and exterior use","publisher":{"@id":"https:\/\/nordicchicpaint.com\/fr\/#organization"},"potentialAction":[{"@type":"SearchAction","target":{"@type":"EntryPoint","urlTemplate":"https:\/\/nordicchicpaint.com\/fr\/?s={search_term_string}"},"query-input":{"@type":"PropertyValueSpecification","valueRequired":true,"valueName":"search_term_string"}}],"inLanguage":"fr-FR"},{"@type":"Organization","@id":"https:\/\/nordicchicpaint.com\/fr\/#organization","name":"Nordic Chic\u00ae","url":"https:\/\/nordicchicpaint.com\/fr\/","logo":{"@type":"ImageObject","inLanguage":"fr-FR","@id":"https:\/\/nordicchicpaint.com\/fr\/#\/schema\/logo\/image\/","url":"https:\/\/nordicchicpaint.com\/wp-content\/uploads\/2021\/10\/logo.svg","contentUrl":"https:\/\/nordicchicpaint.com\/wp-content\/uploads\/2021\/10\/logo.svg","width":479,"height":474,"caption":"Nordic Chic\u00ae"},"image":{"@id":"https:\/\/nordicchicpaint.com\/fr\/#\/schema\/logo\/image\/"}}]}},"_links":{"self":[{"href":"https:\/\/nordicchicpaint.com\/fr\/wp-json\/wp\/v2\/pages\/5896"}],"collection":[{"href":"https:\/\/nordicchicpaint.com\/fr\/wp-json\/wp\/v2\/pages"}],"about":[{"href":"https:\/\/nordicchicpaint.com\/fr\/wp-json\/wp\/v2\/types\/page"}],"author":[{"embeddable":true,"href":"https:\/\/nordicchicpaint.com\/fr\/wp-json\/wp\/v2\/users\/1"}],"replies":[{"embeddable":true,"href":"https:\/\/nordicchicpaint.com\/fr\/wp-json\/wp\/v2\/comments?post=5896"}],"version-history":[{"count":2,"href":"https:\/\/nordicchicpaint.com\/fr\/wp-json\/wp\/v2\/pages\/5896\/revisions"}],"predecessor-version":[{"id":5898,"href":"https:\/\/nordicchicpaint.com\/fr\/wp-json\/wp\/v2\/pages\/5896\/revisions\/5898"}],"wp:featuredmedia":[{"embeddable":true,"href":"https:\/\/nordicchicpaint.com\/fr\/wp-json\/wp\/v2\/media\/5746"}],"wp:attachment":[{"href":"https:\/\/nordicchicpaint.com\/fr\/wp-json\/wp\/v2\/media?parent=5896"}],"wp:term":[{"taxonomy":"category","embeddable":true,"href":"https:\/\/nordicchicpaint.com\/fr\/wp-json\/wp\/v2\/categories?post=5896"}],"curies":[{"name":"wp","href":"https:\/\/api.w.org\/{rel}","templated":true}]}}