{"id":5878,"date":"2022-05-25T15:24:59","date_gmt":"2022-05-25T13:24:59","guid":{"rendered":"https:\/\/nordicchicpaint.com\/mediums-de-peinture\/fairydust\/"},"modified":"2024-09-04T12:15:19","modified_gmt":"2024-09-04T10:15:19","slug":"fairydust","status":"publish","type":"page","link":"https:\/\/nordicchicpaint.com\/fr\/mediums-de-peinture\/fairydust\/","title":{"rendered":"Fairydust"},"content":{"rendered":"<section class=\"wpb-content-wrapper\"><p>[vc_row full_width=\u00a0\u00bbstretch_row\u00a0\u00bb el_class=\u00a0\u00bbfarver-ops\u00e6tning\u00a0\u00bb][vc_column]<div class=\"ult-spacer spacer-69e1ee75e41ec\" data-id=\"69e1ee75e41ec\" data-height=\"90\" data-height-mobile=\"60\" data-height-tab=\"90\" data-height-tab-portrait=\"60\" data-height-mobile-landscape=\"60\" style=\"clear:both;display:block;\"><\/div>[vc_row_inner][vc_column_inner width=\u00a0\u00bb1\/6&Prime;][\/vc_column_inner][vc_column_inner width=\u00a0\u00bb2\/3&Prime;][vc_column_text]<\/p>\n<h1 style=\"text-align: left;\">Couleurs Fairydust<\/h1>\n<p style=\"text-align: left;\">Nordic Chic\u00ae Fairydust est une poudre min\u00e9rale qui peut \u00eatre utilis\u00e9e pour des projets de guilde.<\/p>\n<p style=\"text-align: left;\">Vous pouvez l&rsquo;ajouter \u00e0 votre cire transparente et cr\u00e9er votre propre cire de guilde ou vous pouvez l&rsquo;ajouter \u00e0 votre couche de finition et cr\u00e9er une laque m\u00e9tallique pour le bois, le plastique, le m\u00e9tal, etc.&lt;\/p &gt;<\/p>\n<p style=\"text-align: left;\">Vous pouvez \u00e9galement ajouter la poudre sur votre projet telle quelle et la sceller ensuite.<\/p>\n<p>Fairydust peut \u00e9galement \u00eatre utilis\u00e9 dans le savon si vous fabriquez vos propres savons ou bombes de bain.<\/p>\n<p style=\"text-align: left;\">Il est s\u00fbr \u00e0 utiliser car il est certifi\u00e9 pour une utilisation dans le maquillage. Nous vous recommandons d&rsquo;utiliser un masque anti-poussi\u00e8re lorsque vous l&rsquo;utilisez car ce sont de tr\u00e8s petites particules en suspension dans l&rsquo;air.<\/p>\n<p style=\"text-align: left;\">Contenu 50 gr.<\/p>\n<p style=\"text-align: left;\">Trouvez votre revendeur <a href=\"https:\/\/nordicchicpaint.com\/retailers-near-you\/\" target=\"_blank\" rel=\"noopener\">ici&lt;\/ a&gt; ou achetez ici <\/a><a href=\"http:\/\/www.nordicchic.eu\" target=\"_blank\" rel=\"noopener\">www.nordicchic.eu<\/a><a href=\"https:\/\/nordicchicpaint.com\/retailers-near-you\/\" target=\"_blank\" rel=\"noopener\">.<\/a><\/p>\n<p>[\/vc_column_text][\/vc_column_inner][vc_column_inner width=\u00a0\u00bb1\/6&Prime;][\/vc_column_inner][\/vc_row_inner][vc_empty_space height=\u00a0\u00bb60px\u00a0\u00bb][vc_media_grid element_width=\u00a0\u00bb3&Prime; gap=\u00a0\u00bb20&Prime; grid_id=\u00a0\u00bbvc_gid:1666690598181-0e381783-4619-4&Prime; include=\u00a0\u00bb3694,3695,3696,3697,3698,3699,3700&Prime;]<div class=\"ult-spacer spacer-69e1ee75e423a\" data-id=\"69e1ee75e423a\" data-height=\"90\" data-height-mobile=\"60\" data-height-tab=\"90\" data-height-tab-portrait=\"60\" data-height-mobile-landscape=\"60\" style=\"clear:both;display:block;\"><\/div>[\/vc_column][\/vc_row]<\/p>\n<\/section>","protected":false},"excerpt":{"rendered":"<p>[vc_row full_width=\u00a0\u00bbstretch_row\u00a0\u00bb el_class=\u00a0\u00bbfarver-ops\u00e6tning\u00a0\u00bb][vc_column][vc_row_inner][vc_column_inner width=\u00a0\u00bb1\/6&Prime;][\/vc_column_inner][vc_column_inner width=\u00a0\u00bb2\/3&Prime;][vc_column_text] Couleurs Fairydust Nordic Chic\u00ae Fairydust est une poudre min\u00e9rale qui peut \u00eatre utilis\u00e9e pour des projets de guilde. Vous pouvez l&rsquo;ajouter \u00e0 votre cire transparente et cr\u00e9er votre propre cire de guilde ou vous pouvez l&rsquo;ajouter \u00e0 votre couche de finition et cr\u00e9er une laque m\u00e9tallique pour le bois, le &#8230; <a title=\"Fairydust\" class=\"read-more\" href=\"https:\/\/nordicchicpaint.com\/fr\/mediums-de-peinture\/fairydust\/\" aria-label=\"En savoir plus sur Fairydust\">Lire plus<\/a><\/p>\n","protected":false},"author":1,"featured_media":5776,"parent":5866,"menu_order":17,"comment_status":"closed","ping_status":"closed","template":"","meta":{"_acf_changed":false,"footnotes":""},"categories":[],"class_list":["post-5878","page","type-page","status-publish","has-post-thumbnail"],"acf":[],"yoast_head":"<!-- This site is optimized with the Yoast SEO plugin v23.4 - https:\/\/yoast.com\/wordpress\/plugins\/seo\/ -->\n<title>Fairydust &#183; Nordic Chic\u00ae<\/title>\n<meta name=\"description\" content=\"Nordic Chic\u00ae Fairydust est une poudre min\u00e9rale qui peut \u00eatre utilis\u00e9e pour des projets de dorure. Vous pouvez l&#039;ajouter \u00e0 votre cire transparente et fabriquer votre propre cire d&#039;or ou vous pouvez l&#039;ajouter \u00e0 votre couche de finition et cr\u00e9er une laque m\u00e9tallique pour le bois, le plastique, le m\u00e9tal, etc. Vous pouvez \u00e9galement ajouter la poudre sur votre projet tel quel et la sceller ensuite. . Fairydust peut \u00e9galement \u00eatre utilis\u00e9 dans le savon si vous fabriquez vos propres savons ou bombes de bain.\" \/>\n<meta name=\"robots\" content=\"index, follow, max-snippet:-1, max-image-preview:large, max-video-preview:-1\" \/>\n<link rel=\"canonical\" href=\"https:\/\/nordicchicpaint.com\/fr\/mediums-de-peinture\/fairydust\/\" \/>\n<meta property=\"og:locale\" content=\"fr_FR\" \/>\n<meta property=\"og:type\" content=\"article\" \/>\n<meta property=\"og:title\" content=\"Fairydust &#183; Nordic Chic\u00ae\" \/>\n<meta property=\"og:description\" content=\"Nordic Chic\u00ae Fairydust est une poudre min\u00e9rale qui peut \u00eatre utilis\u00e9e pour des projets de dorure. Vous pouvez l&#039;ajouter \u00e0 votre cire transparente et fabriquer votre propre cire d&#039;or ou vous pouvez l&#039;ajouter \u00e0 votre couche de finition et cr\u00e9er une laque m\u00e9tallique pour le bois, le plastique, le m\u00e9tal, etc. Vous pouvez \u00e9galement ajouter la poudre sur votre projet tel quel et la sceller ensuite. . Fairydust peut \u00e9galement \u00eatre utilis\u00e9 dans le savon si vous fabriquez vos propres savons ou bombes de bain.\" \/>\n<meta property=\"og:url\" content=\"https:\/\/nordicchicpaint.com\/fr\/mediums-de-peinture\/fairydust\/\" \/>\n<meta property=\"og:site_name\" content=\"Nordic Chic\u00ae\" \/>\n<meta property=\"article:modified_time\" content=\"2024-09-04T10:15:19+00:00\" \/>\n<meta property=\"og:image\" content=\"https:\/\/nordicchicpaint.com\/wp-content\/uploads\/2023\/06\/fairydust-1-e1687933209773.jpeg\" \/>\n\t<meta property=\"og:image:width\" content=\"1920\" \/>\n\t<meta property=\"og:image:height\" content=\"763\" \/>\n\t<meta property=\"og:image:type\" content=\"image\/jpeg\" \/>\n<meta name=\"twitter:card\" content=\"summary_large_image\" \/>\n<meta name=\"twitter:label1\" content=\"Dur\u00e9e de lecture estim\u00e9e\" \/>\n\t<meta name=\"twitter:data1\" content=\"1 minute\" \/>\n<script type=\"application\/ld+json\" class=\"yoast-schema-graph\">{\"@context\":\"https:\/\/schema.org\",\"@graph\":[{\"@type\":\"WebPage\",\"@id\":\"https:\/\/nordicchicpaint.com\/fr\/mediums-de-peinture\/fairydust\/\",\"url\":\"https:\/\/nordicchicpaint.com\/fr\/mediums-de-peinture\/fairydust\/\",\"name\":\"Fairydust &#183; Nordic Chic\u00ae\",\"isPartOf\":{\"@id\":\"https:\/\/nordicchicpaint.com\/fr\/#website\"},\"primaryImageOfPage\":{\"@id\":\"https:\/\/nordicchicpaint.com\/fr\/mediums-de-peinture\/fairydust\/#primaryimage\"},\"image\":{\"@id\":\"https:\/\/nordicchicpaint.com\/fr\/mediums-de-peinture\/fairydust\/#primaryimage\"},\"thumbnailUrl\":\"https:\/\/nordicchicpaint.com\/wp-content\/uploads\/2023\/06\/fairydust-1-e1687933209773.jpeg\",\"datePublished\":\"2022-05-25T13:24:59+00:00\",\"dateModified\":\"2024-09-04T10:15:19+00:00\",\"description\":\"Nordic Chic\u00ae Fairydust est une poudre min\u00e9rale qui peut \u00eatre utilis\u00e9e pour des projets de dorure. Vous pouvez l'ajouter \u00e0 votre cire transparente et fabriquer votre propre cire d'or ou vous pouvez l'ajouter \u00e0 votre couche de finition et cr\u00e9er une laque m\u00e9tallique pour le bois, le plastique, le m\u00e9tal, etc. Vous pouvez \u00e9galement ajouter la poudre sur votre projet tel quel et la sceller ensuite. . Fairydust peut \u00e9galement \u00eatre utilis\u00e9 dans le savon si vous fabriquez vos propres savons ou bombes de bain.\",\"breadcrumb\":{\"@id\":\"https:\/\/nordicchicpaint.com\/fr\/mediums-de-peinture\/fairydust\/#breadcrumb\"},\"inLanguage\":\"fr-FR\",\"potentialAction\":[{\"@type\":\"ReadAction\",\"target\":[\"https:\/\/nordicchicpaint.com\/fr\/mediums-de-peinture\/fairydust\/\"]}]},{\"@type\":\"ImageObject\",\"inLanguage\":\"fr-FR\",\"@id\":\"https:\/\/nordicchicpaint.com\/fr\/mediums-de-peinture\/fairydust\/#primaryimage\",\"url\":\"https:\/\/nordicchicpaint.com\/wp-content\/uploads\/2023\/06\/fairydust-1-e1687933209773.jpeg\",\"contentUrl\":\"https:\/\/nordicchicpaint.com\/wp-content\/uploads\/2023\/06\/fairydust-1-e1687933209773.jpeg\",\"width\":1920,\"height\":763},{\"@type\":\"BreadcrumbList\",\"@id\":\"https:\/\/nordicchicpaint.com\/fr\/mediums-de-peinture\/fairydust\/#breadcrumb\",\"itemListElement\":[{\"@type\":\"ListItem\",\"position\":1,\"name\":\"Hjem\",\"item\":\"https:\/\/nordicchicpaint.com\/fr\/\"},{\"@type\":\"ListItem\",\"position\":2,\"name\":\"M\u00e9diums de peinture\",\"item\":\"https:\/\/nordicchicpaint.com\/fr\/mediums\/\"},{\"@type\":\"ListItem\",\"position\":3,\"name\":\"Fairydust\"}]},{\"@type\":\"WebSite\",\"@id\":\"https:\/\/nordicchicpaint.com\/fr\/#website\",\"url\":\"https:\/\/nordicchicpaint.com\/fr\/\",\"name\":\"Nordic Chic\u00ae\",\"description\":\"Chalk paint for interior and exterior use\",\"publisher\":{\"@id\":\"https:\/\/nordicchicpaint.com\/fr\/#organization\"},\"potentialAction\":[{\"@type\":\"SearchAction\",\"target\":{\"@type\":\"EntryPoint\",\"urlTemplate\":\"https:\/\/nordicchicpaint.com\/fr\/?s={search_term_string}\"},\"query-input\":{\"@type\":\"PropertyValueSpecification\",\"valueRequired\":true,\"valueName\":\"search_term_string\"}}],\"inLanguage\":\"fr-FR\"},{\"@type\":\"Organization\",\"@id\":\"https:\/\/nordicchicpaint.com\/fr\/#organization\",\"name\":\"Nordic Chic\u00ae\",\"url\":\"https:\/\/nordicchicpaint.com\/fr\/\",\"logo\":{\"@type\":\"ImageObject\",\"inLanguage\":\"fr-FR\",\"@id\":\"https:\/\/nordicchicpaint.com\/fr\/#\/schema\/logo\/image\/\",\"url\":\"https:\/\/nordicchicpaint.com\/wp-content\/uploads\/2021\/10\/logo.svg\",\"contentUrl\":\"https:\/\/nordicchicpaint.com\/wp-content\/uploads\/2021\/10\/logo.svg\",\"width\":479,\"height\":474,\"caption\":\"Nordic Chic\u00ae\"},\"image\":{\"@id\":\"https:\/\/nordicchicpaint.com\/fr\/#\/schema\/logo\/image\/\"}}]}<\/script>\n<!-- \/ Yoast SEO plugin. -->","yoast_head_json":{"title":"Fairydust &#183; Nordic Chic\u00ae","description":"Nordic Chic\u00ae Fairydust est une poudre min\u00e9rale qui peut \u00eatre utilis\u00e9e pour des projets de dorure. Vous pouvez l'ajouter \u00e0 votre cire transparente et fabriquer votre propre cire d'or ou vous pouvez l'ajouter \u00e0 votre couche de finition et cr\u00e9er une laque m\u00e9tallique pour le bois, le plastique, le m\u00e9tal, etc. Vous pouvez \u00e9galement ajouter la poudre sur votre projet tel quel et la sceller ensuite. . Fairydust peut \u00e9galement \u00eatre utilis\u00e9 dans le savon si vous fabriquez vos propres savons ou bombes de bain.","robots":{"index":"index","follow":"follow","max-snippet":"max-snippet:-1","max-image-preview":"max-image-preview:large","max-video-preview":"max-video-preview:-1"},"canonical":"https:\/\/nordicchicpaint.com\/fr\/mediums-de-peinture\/fairydust\/","og_locale":"fr_FR","og_type":"article","og_title":"Fairydust &#183; Nordic Chic\u00ae","og_description":"Nordic Chic\u00ae Fairydust est une poudre min\u00e9rale qui peut \u00eatre utilis\u00e9e pour des projets de dorure. Vous pouvez l'ajouter \u00e0 votre cire transparente et fabriquer votre propre cire d'or ou vous pouvez l'ajouter \u00e0 votre couche de finition et cr\u00e9er une laque m\u00e9tallique pour le bois, le plastique, le m\u00e9tal, etc. Vous pouvez \u00e9galement ajouter la poudre sur votre projet tel quel et la sceller ensuite. . Fairydust peut \u00e9galement \u00eatre utilis\u00e9 dans le savon si vous fabriquez vos propres savons ou bombes de bain.","og_url":"https:\/\/nordicchicpaint.com\/fr\/mediums-de-peinture\/fairydust\/","og_site_name":"Nordic Chic\u00ae","article_modified_time":"2024-09-04T10:15:19+00:00","og_image":[{"width":1920,"height":763,"url":"https:\/\/nordicchicpaint.com\/wp-content\/uploads\/2023\/06\/fairydust-1-e1687933209773.jpeg","type":"image\/jpeg"}],"twitter_card":"summary_large_image","twitter_misc":{"Dur\u00e9e de lecture estim\u00e9e":"1 minute"},"schema":{"@context":"https:\/\/schema.org","@graph":[{"@type":"WebPage","@id":"https:\/\/nordicchicpaint.com\/fr\/mediums-de-peinture\/fairydust\/","url":"https:\/\/nordicchicpaint.com\/fr\/mediums-de-peinture\/fairydust\/","name":"Fairydust &#183; Nordic Chic\u00ae","isPartOf":{"@id":"https:\/\/nordicchicpaint.com\/fr\/#website"},"primaryImageOfPage":{"@id":"https:\/\/nordicchicpaint.com\/fr\/mediums-de-peinture\/fairydust\/#primaryimage"},"image":{"@id":"https:\/\/nordicchicpaint.com\/fr\/mediums-de-peinture\/fairydust\/#primaryimage"},"thumbnailUrl":"https:\/\/nordicchicpaint.com\/wp-content\/uploads\/2023\/06\/fairydust-1-e1687933209773.jpeg","datePublished":"2022-05-25T13:24:59+00:00","dateModified":"2024-09-04T10:15:19+00:00","description":"Nordic Chic\u00ae Fairydust est une poudre min\u00e9rale qui peut \u00eatre utilis\u00e9e pour des projets de dorure. Vous pouvez l'ajouter \u00e0 votre cire transparente et fabriquer votre propre cire d'or ou vous pouvez l'ajouter \u00e0 votre couche de finition et cr\u00e9er une laque m\u00e9tallique pour le bois, le plastique, le m\u00e9tal, etc. Vous pouvez \u00e9galement ajouter la poudre sur votre projet tel quel et la sceller ensuite. . Fairydust peut \u00e9galement \u00eatre utilis\u00e9 dans le savon si vous fabriquez vos propres savons ou bombes de bain.","breadcrumb":{"@id":"https:\/\/nordicchicpaint.com\/fr\/mediums-de-peinture\/fairydust\/#breadcrumb"},"inLanguage":"fr-FR","potentialAction":[{"@type":"ReadAction","target":["https:\/\/nordicchicpaint.com\/fr\/mediums-de-peinture\/fairydust\/"]}]},{"@type":"ImageObject","inLanguage":"fr-FR","@id":"https:\/\/nordicchicpaint.com\/fr\/mediums-de-peinture\/fairydust\/#primaryimage","url":"https:\/\/nordicchicpaint.com\/wp-content\/uploads\/2023\/06\/fairydust-1-e1687933209773.jpeg","contentUrl":"https:\/\/nordicchicpaint.com\/wp-content\/uploads\/2023\/06\/fairydust-1-e1687933209773.jpeg","width":1920,"height":763},{"@type":"BreadcrumbList","@id":"https:\/\/nordicchicpaint.com\/fr\/mediums-de-peinture\/fairydust\/#breadcrumb","itemListElement":[{"@type":"ListItem","position":1,"name":"Hjem","item":"https:\/\/nordicchicpaint.com\/fr\/"},{"@type":"ListItem","position":2,"name":"M\u00e9diums de peinture","item":"https:\/\/nordicchicpaint.com\/fr\/mediums\/"},{"@type":"ListItem","position":3,"name":"Fairydust"}]},{"@type":"WebSite","@id":"https:\/\/nordicchicpaint.com\/fr\/#website","url":"https:\/\/nordicchicpaint.com\/fr\/","name":"Nordic Chic\u00ae","description":"Chalk paint for interior and exterior use","publisher":{"@id":"https:\/\/nordicchicpaint.com\/fr\/#organization"},"potentialAction":[{"@type":"SearchAction","target":{"@type":"EntryPoint","urlTemplate":"https:\/\/nordicchicpaint.com\/fr\/?s={search_term_string}"},"query-input":{"@type":"PropertyValueSpecification","valueRequired":true,"valueName":"search_term_string"}}],"inLanguage":"fr-FR"},{"@type":"Organization","@id":"https:\/\/nordicchicpaint.com\/fr\/#organization","name":"Nordic Chic\u00ae","url":"https:\/\/nordicchicpaint.com\/fr\/","logo":{"@type":"ImageObject","inLanguage":"fr-FR","@id":"https:\/\/nordicchicpaint.com\/fr\/#\/schema\/logo\/image\/","url":"https:\/\/nordicchicpaint.com\/wp-content\/uploads\/2021\/10\/logo.svg","contentUrl":"https:\/\/nordicchicpaint.com\/wp-content\/uploads\/2021\/10\/logo.svg","width":479,"height":474,"caption":"Nordic Chic\u00ae"},"image":{"@id":"https:\/\/nordicchicpaint.com\/fr\/#\/schema\/logo\/image\/"}}]}},"_links":{"self":[{"href":"https:\/\/nordicchicpaint.com\/fr\/wp-json\/wp\/v2\/pages\/5878"}],"collection":[{"href":"https:\/\/nordicchicpaint.com\/fr\/wp-json\/wp\/v2\/pages"}],"about":[{"href":"https:\/\/nordicchicpaint.com\/fr\/wp-json\/wp\/v2\/types\/page"}],"author":[{"embeddable":true,"href":"https:\/\/nordicchicpaint.com\/fr\/wp-json\/wp\/v2\/users\/1"}],"replies":[{"embeddable":true,"href":"https:\/\/nordicchicpaint.com\/fr\/wp-json\/wp\/v2\/comments?post=5878"}],"version-history":[{"count":2,"href":"https:\/\/nordicchicpaint.com\/fr\/wp-json\/wp\/v2\/pages\/5878\/revisions"}],"predecessor-version":[{"id":5880,"href":"https:\/\/nordicchicpaint.com\/fr\/wp-json\/wp\/v2\/pages\/5878\/revisions\/5880"}],"up":[{"embeddable":true,"href":"https:\/\/nordicchicpaint.com\/fr\/wp-json\/wp\/v2\/pages\/5866"}],"wp:featuredmedia":[{"embeddable":true,"href":"https:\/\/nordicchicpaint.com\/fr\/wp-json\/wp\/v2\/media\/5776"}],"wp:attachment":[{"href":"https:\/\/nordicchicpaint.com\/fr\/wp-json\/wp\/v2\/media?parent=5878"}],"wp:term":[{"taxonomy":"category","embeddable":true,"href":"https:\/\/nordicchicpaint.com\/fr\/wp-json\/wp\/v2\/categories?post=5878"}],"curies":[{"name":"wp","href":"https:\/\/api.w.org\/{rel}","templated":true}]}}