{"id":5872,"date":"2022-05-25T15:24:59","date_gmt":"2022-05-25T13:24:59","guid":{"rendered":"https:\/\/nordicchicpaint.com\/mediums-de-peinture\/north-sea-texture\/"},"modified":"2024-09-04T12:12:15","modified_gmt":"2024-09-04T10:12:15","slug":"north-sea-texture","status":"publish","type":"page","link":"https:\/\/nordicchicpaint.com\/fr\/mediums-de-peinture\/north-sea-texture\/","title":{"rendered":"North Sea Texture"},"content":{"rendered":"<section class=\"wpb-content-wrapper\"><p>[vc_row][vc_column]<div class=\"ult-spacer spacer-69e060b14c5f0\" data-id=\"69e060b14c5f0\" data-height=\"90\" data-height-mobile=\"60\" data-height-tab=\"90\" data-height-tab-portrait=\"60\" data-height-mobile-landscape=\"60\" style=\"clear:both;display:block;\"><\/div>[vc_column_text]<\/p>\n<h1><strong>North Sea Texture<\/strong><\/h1>\n<p>est un grain formul\u00e9 pour donner une texture parfaitement patin\u00e9e par les intemp\u00e9ries \u00e0 une surface peinte, us\u00e9e et rustique au toucher. La texture de la mer du Nord peut \u00e9galement \u00eatre utilis\u00e9e pour des pochoirs en relief, un bel aspect b\u00e9ton et ajouter une vieille patine \u00e0 vos meubles.<br \/>Selon votre m\u00e9lange et votre mode d&rsquo;application, vous pouvez obtenir diff\u00e9rents r\u00e9sultats :<br \/>&#8211; Finition crayeuse mate et plate<br \/>&#8211; Oc\u00e9an balay\u00e9<br \/>&#8211; Patine du vieux monde<br \/>&#8211; Texture craquel\u00e9e \u00e9paisse<\/p>\n<p><strong>La texture Nordic Chic\u00ae Mer du Nord est 100&nbsp;% naturelle et ne contient aucun COV.<\/strong><\/p>\n<p><strong>Comment&nbsp;:&nbsp;<\/strong>La surface doit \u00eatre propre, s\u00e8che et exempte de graisse. Vous devez m\u00e9langer North Sea Texture \u00e0 votre peinture \u00e0 la craie Nordic Chic\u00ae, en la remuant soigneusement et en la tapotant ou en la peignant sur votre surface.<\/p>\n<p>Une fois sec, vous peignez avec de la m\u00eame couleur ou une peinture \u00e0 la craie de couleur diff\u00e9rente.<\/p>\n<p>Une fois compl\u00e8tement sec, vous pouvez commencer \u00e0 le poncer. Cela lissera la surface et la couleur que vous avez m\u00e9lang\u00e9e avec la texture de la mer du Nord sera visible avec un aspect patin\u00e9.<\/p>\n<p>Vous d\u00e9cidez du degr\u00e9 de rugosit\u00e9 de la texture en ajoutant plus ou moins de Nordic Chic\u00ae North Sea Texture \u00e0 votre peinture.<\/p>\n<ul>\n<li><strong>Outils<\/strong>&nbsp;: vous pouvez utiliser un pinceau, un throvel ou un rouleau en fonction du look que vous souhaitez obtenir<\/li>\n<li><strong>Couverture<\/strong>&nbsp;: 0,1 kg de texture \u00e0 0,41 kg de peinture \u00e0 la craie Nordic Chic\u00ae pour couvrir environ 5 m2 \u2013 tout d\u00e9pend du look que vous souhaitez obtenir \u2013 vous ne devez m\u00e9langer que la quantit\u00e9 vous devez utiliser.<\/li>\n<li><strong>Nettoyage<\/strong>&nbsp;: lavez les pinceaux et les rouleaux avec de l&rsquo;eau ti\u00e8de savonneuse<\/li>\n<li><strong>S\u00e9curit\u00e9<\/strong>&nbsp;: Ce produit peut cr\u00e9er de la poussi\u00e8re lors du m\u00e9lange, veillez \u00e0 porter un masque pour ne pas inhaler. Tenir hors de port\u00e9e des enfants<\/li>\n<li><strong>Stockage<\/strong>&nbsp;: conserver dans un endroit frais et sec<\/li>\n<\/ul>\n<p>Contenu : 300gr<\/p>\n<p>[\/vc_column_text]<div class=\"ult-spacer spacer-69e060b14c648\" data-id=\"69e060b14c648\" data-height=\"90\" data-height-mobile=\"60\" data-height-tab=\"90\" data-height-tab-portrait=\"60\" data-height-mobile-landscape=\"60\" style=\"clear:both;display:block;\"><\/div>[\/vc_column][\/vc_row]<\/p>\n<\/section>","protected":false},"excerpt":{"rendered":"<p>[vc_row][vc_column][vc_column_text] North Sea Texture est un grain formul\u00e9 pour donner une texture parfaitement patin\u00e9e par les intemp\u00e9ries \u00e0 une surface peinte, us\u00e9e et rustique au toucher. La texture de la mer du Nord peut \u00e9galement \u00eatre utilis\u00e9e pour des pochoirs en relief, un bel aspect b\u00e9ton et ajouter une vieille patine \u00e0 vos meubles.Selon votre &#8230; <a title=\"North Sea Texture\" class=\"read-more\" href=\"https:\/\/nordicchicpaint.com\/fr\/mediums-de-peinture\/north-sea-texture\/\" aria-label=\"En savoir plus sur North Sea Texture\">Lire plus<\/a><\/p>\n","protected":false},"author":1,"featured_media":5716,"parent":5866,"menu_order":16,"comment_status":"closed","ping_status":"closed","template":"","meta":{"_acf_changed":false,"footnotes":""},"categories":[],"class_list":["post-5872","page","type-page","status-publish","has-post-thumbnail"],"acf":[],"yoast_head":"<!-- This site is optimized with the Yoast SEO plugin v23.4 - https:\/\/yoast.com\/wordpress\/plugins\/seo\/ -->\n<title>North Sea Texture &#183; Nordic Chic\u00ae<\/title>\n<meta name=\"robots\" content=\"index, follow, max-snippet:-1, max-image-preview:large, max-video-preview:-1\" \/>\n<link rel=\"canonical\" href=\"https:\/\/nordicchicpaint.com\/fr\/mediums-de-peinture\/north-sea-texture\/\" \/>\n<meta property=\"og:locale\" content=\"fr_FR\" \/>\n<meta property=\"og:type\" content=\"article\" \/>\n<meta property=\"og:title\" content=\"North Sea Texture &#183; Nordic Chic\u00ae\" \/>\n<meta property=\"og:description\" content=\"[vc_row][vc_column][vc_column_text] North Sea Texture est un grain formul\u00e9 pour donner une texture parfaitement patin\u00e9e par les intemp\u00e9ries \u00e0 une surface peinte, us\u00e9e et rustique au toucher. La texture de la mer du Nord peut \u00e9galement \u00eatre utilis\u00e9e pour des pochoirs en relief, un bel aspect b\u00e9ton et ajouter une vieille patine \u00e0 vos meubles.Selon votre ... Lire plus\" \/>\n<meta property=\"og:url\" content=\"https:\/\/nordicchicpaint.com\/fr\/mediums-de-peinture\/north-sea-texture\/\" \/>\n<meta property=\"og:site_name\" content=\"Nordic Chic\u00ae\" \/>\n<meta property=\"article:modified_time\" content=\"2024-09-04T10:12:15+00:00\" \/>\n<meta property=\"og:image\" content=\"https:\/\/nordicchicpaint.com\/wp-content\/uploads\/2022\/08\/northseatexture-e1662445050703.jpeg\" \/>\n\t<meta property=\"og:image:width\" content=\"1920\" \/>\n\t<meta property=\"og:image:height\" content=\"969\" \/>\n\t<meta property=\"og:image:type\" content=\"image\/jpeg\" \/>\n<meta name=\"twitter:card\" content=\"summary_large_image\" \/>\n<meta name=\"twitter:label1\" content=\"Dur\u00e9e de lecture estim\u00e9e\" \/>\n\t<meta name=\"twitter:data1\" content=\"2 minutes\" \/>\n<script type=\"application\/ld+json\" class=\"yoast-schema-graph\">{\"@context\":\"https:\/\/schema.org\",\"@graph\":[{\"@type\":\"WebPage\",\"@id\":\"https:\/\/nordicchicpaint.com\/fr\/mediums-de-peinture\/north-sea-texture\/\",\"url\":\"https:\/\/nordicchicpaint.com\/fr\/mediums-de-peinture\/north-sea-texture\/\",\"name\":\"North Sea Texture &#183; Nordic Chic\u00ae\",\"isPartOf\":{\"@id\":\"https:\/\/nordicchicpaint.com\/fr\/#website\"},\"primaryImageOfPage\":{\"@id\":\"https:\/\/nordicchicpaint.com\/fr\/mediums-de-peinture\/north-sea-texture\/#primaryimage\"},\"image\":{\"@id\":\"https:\/\/nordicchicpaint.com\/fr\/mediums-de-peinture\/north-sea-texture\/#primaryimage\"},\"thumbnailUrl\":\"https:\/\/nordicchicpaint.com\/wp-content\/uploads\/2022\/08\/northseatexture-e1662445050703.jpeg\",\"datePublished\":\"2022-05-25T13:24:59+00:00\",\"dateModified\":\"2024-09-04T10:12:15+00:00\",\"breadcrumb\":{\"@id\":\"https:\/\/nordicchicpaint.com\/fr\/mediums-de-peinture\/north-sea-texture\/#breadcrumb\"},\"inLanguage\":\"fr-FR\",\"potentialAction\":[{\"@type\":\"ReadAction\",\"target\":[\"https:\/\/nordicchicpaint.com\/fr\/mediums-de-peinture\/north-sea-texture\/\"]}]},{\"@type\":\"ImageObject\",\"inLanguage\":\"fr-FR\",\"@id\":\"https:\/\/nordicchicpaint.com\/fr\/mediums-de-peinture\/north-sea-texture\/#primaryimage\",\"url\":\"https:\/\/nordicchicpaint.com\/wp-content\/uploads\/2022\/08\/northseatexture-e1662445050703.jpeg\",\"contentUrl\":\"https:\/\/nordicchicpaint.com\/wp-content\/uploads\/2022\/08\/northseatexture-e1662445050703.jpeg\",\"width\":1920,\"height\":969},{\"@type\":\"BreadcrumbList\",\"@id\":\"https:\/\/nordicchicpaint.com\/fr\/mediums-de-peinture\/north-sea-texture\/#breadcrumb\",\"itemListElement\":[{\"@type\":\"ListItem\",\"position\":1,\"name\":\"Hjem\",\"item\":\"https:\/\/nordicchicpaint.com\/fr\/\"},{\"@type\":\"ListItem\",\"position\":2,\"name\":\"M\u00e9diums de peinture\",\"item\":\"https:\/\/nordicchicpaint.com\/fr\/mediums\/\"},{\"@type\":\"ListItem\",\"position\":3,\"name\":\"North Sea Texture\"}]},{\"@type\":\"WebSite\",\"@id\":\"https:\/\/nordicchicpaint.com\/fr\/#website\",\"url\":\"https:\/\/nordicchicpaint.com\/fr\/\",\"name\":\"Nordic Chic\u00ae\",\"description\":\"Chalk paint for interior and exterior use\",\"publisher\":{\"@id\":\"https:\/\/nordicchicpaint.com\/fr\/#organization\"},\"potentialAction\":[{\"@type\":\"SearchAction\",\"target\":{\"@type\":\"EntryPoint\",\"urlTemplate\":\"https:\/\/nordicchicpaint.com\/fr\/?s={search_term_string}\"},\"query-input\":{\"@type\":\"PropertyValueSpecification\",\"valueRequired\":true,\"valueName\":\"search_term_string\"}}],\"inLanguage\":\"fr-FR\"},{\"@type\":\"Organization\",\"@id\":\"https:\/\/nordicchicpaint.com\/fr\/#organization\",\"name\":\"Nordic Chic\u00ae\",\"url\":\"https:\/\/nordicchicpaint.com\/fr\/\",\"logo\":{\"@type\":\"ImageObject\",\"inLanguage\":\"fr-FR\",\"@id\":\"https:\/\/nordicchicpaint.com\/fr\/#\/schema\/logo\/image\/\",\"url\":\"https:\/\/nordicchicpaint.com\/wp-content\/uploads\/2021\/10\/logo.svg\",\"contentUrl\":\"https:\/\/nordicchicpaint.com\/wp-content\/uploads\/2021\/10\/logo.svg\",\"width\":479,\"height\":474,\"caption\":\"Nordic Chic\u00ae\"},\"image\":{\"@id\":\"https:\/\/nordicchicpaint.com\/fr\/#\/schema\/logo\/image\/\"}}]}<\/script>\n<!-- \/ Yoast SEO plugin. -->","yoast_head_json":{"title":"North Sea Texture &#183; Nordic Chic\u00ae","robots":{"index":"index","follow":"follow","max-snippet":"max-snippet:-1","max-image-preview":"max-image-preview:large","max-video-preview":"max-video-preview:-1"},"canonical":"https:\/\/nordicchicpaint.com\/fr\/mediums-de-peinture\/north-sea-texture\/","og_locale":"fr_FR","og_type":"article","og_title":"North Sea Texture &#183; Nordic Chic\u00ae","og_description":"[vc_row][vc_column][vc_column_text] North Sea Texture est un grain formul\u00e9 pour donner une texture parfaitement patin\u00e9e par les intemp\u00e9ries \u00e0 une surface peinte, us\u00e9e et rustique au toucher. La texture de la mer du Nord peut \u00e9galement \u00eatre utilis\u00e9e pour des pochoirs en relief, un bel aspect b\u00e9ton et ajouter une vieille patine \u00e0 vos meubles.Selon votre ... Lire plus","og_url":"https:\/\/nordicchicpaint.com\/fr\/mediums-de-peinture\/north-sea-texture\/","og_site_name":"Nordic Chic\u00ae","article_modified_time":"2024-09-04T10:12:15+00:00","og_image":[{"width":1920,"height":969,"url":"https:\/\/nordicchicpaint.com\/wp-content\/uploads\/2022\/08\/northseatexture-e1662445050703.jpeg","type":"image\/jpeg"}],"twitter_card":"summary_large_image","twitter_misc":{"Dur\u00e9e de lecture estim\u00e9e":"2 minutes"},"schema":{"@context":"https:\/\/schema.org","@graph":[{"@type":"WebPage","@id":"https:\/\/nordicchicpaint.com\/fr\/mediums-de-peinture\/north-sea-texture\/","url":"https:\/\/nordicchicpaint.com\/fr\/mediums-de-peinture\/north-sea-texture\/","name":"North Sea Texture &#183; Nordic Chic\u00ae","isPartOf":{"@id":"https:\/\/nordicchicpaint.com\/fr\/#website"},"primaryImageOfPage":{"@id":"https:\/\/nordicchicpaint.com\/fr\/mediums-de-peinture\/north-sea-texture\/#primaryimage"},"image":{"@id":"https:\/\/nordicchicpaint.com\/fr\/mediums-de-peinture\/north-sea-texture\/#primaryimage"},"thumbnailUrl":"https:\/\/nordicchicpaint.com\/wp-content\/uploads\/2022\/08\/northseatexture-e1662445050703.jpeg","datePublished":"2022-05-25T13:24:59+00:00","dateModified":"2024-09-04T10:12:15+00:00","breadcrumb":{"@id":"https:\/\/nordicchicpaint.com\/fr\/mediums-de-peinture\/north-sea-texture\/#breadcrumb"},"inLanguage":"fr-FR","potentialAction":[{"@type":"ReadAction","target":["https:\/\/nordicchicpaint.com\/fr\/mediums-de-peinture\/north-sea-texture\/"]}]},{"@type":"ImageObject","inLanguage":"fr-FR","@id":"https:\/\/nordicchicpaint.com\/fr\/mediums-de-peinture\/north-sea-texture\/#primaryimage","url":"https:\/\/nordicchicpaint.com\/wp-content\/uploads\/2022\/08\/northseatexture-e1662445050703.jpeg","contentUrl":"https:\/\/nordicchicpaint.com\/wp-content\/uploads\/2022\/08\/northseatexture-e1662445050703.jpeg","width":1920,"height":969},{"@type":"BreadcrumbList","@id":"https:\/\/nordicchicpaint.com\/fr\/mediums-de-peinture\/north-sea-texture\/#breadcrumb","itemListElement":[{"@type":"ListItem","position":1,"name":"Hjem","item":"https:\/\/nordicchicpaint.com\/fr\/"},{"@type":"ListItem","position":2,"name":"M\u00e9diums de peinture","item":"https:\/\/nordicchicpaint.com\/fr\/mediums\/"},{"@type":"ListItem","position":3,"name":"North Sea Texture"}]},{"@type":"WebSite","@id":"https:\/\/nordicchicpaint.com\/fr\/#website","url":"https:\/\/nordicchicpaint.com\/fr\/","name":"Nordic Chic\u00ae","description":"Chalk paint for interior and exterior use","publisher":{"@id":"https:\/\/nordicchicpaint.com\/fr\/#organization"},"potentialAction":[{"@type":"SearchAction","target":{"@type":"EntryPoint","urlTemplate":"https:\/\/nordicchicpaint.com\/fr\/?s={search_term_string}"},"query-input":{"@type":"PropertyValueSpecification","valueRequired":true,"valueName":"search_term_string"}}],"inLanguage":"fr-FR"},{"@type":"Organization","@id":"https:\/\/nordicchicpaint.com\/fr\/#organization","name":"Nordic Chic\u00ae","url":"https:\/\/nordicchicpaint.com\/fr\/","logo":{"@type":"ImageObject","inLanguage":"fr-FR","@id":"https:\/\/nordicchicpaint.com\/fr\/#\/schema\/logo\/image\/","url":"https:\/\/nordicchicpaint.com\/wp-content\/uploads\/2021\/10\/logo.svg","contentUrl":"https:\/\/nordicchicpaint.com\/wp-content\/uploads\/2021\/10\/logo.svg","width":479,"height":474,"caption":"Nordic Chic\u00ae"},"image":{"@id":"https:\/\/nordicchicpaint.com\/fr\/#\/schema\/logo\/image\/"}}]}},"_links":{"self":[{"href":"https:\/\/nordicchicpaint.com\/fr\/wp-json\/wp\/v2\/pages\/5872"}],"collection":[{"href":"https:\/\/nordicchicpaint.com\/fr\/wp-json\/wp\/v2\/pages"}],"about":[{"href":"https:\/\/nordicchicpaint.com\/fr\/wp-json\/wp\/v2\/types\/page"}],"author":[{"embeddable":true,"href":"https:\/\/nordicchicpaint.com\/fr\/wp-json\/wp\/v2\/users\/1"}],"replies":[{"embeddable":true,"href":"https:\/\/nordicchicpaint.com\/fr\/wp-json\/wp\/v2\/comments?post=5872"}],"version-history":[{"count":5,"href":"https:\/\/nordicchicpaint.com\/fr\/wp-json\/wp\/v2\/pages\/5872\/revisions"}],"predecessor-version":[{"id":5877,"href":"https:\/\/nordicchicpaint.com\/fr\/wp-json\/wp\/v2\/pages\/5872\/revisions\/5877"}],"up":[{"embeddable":true,"href":"https:\/\/nordicchicpaint.com\/fr\/wp-json\/wp\/v2\/pages\/5866"}],"wp:featuredmedia":[{"embeddable":true,"href":"https:\/\/nordicchicpaint.com\/fr\/wp-json\/wp\/v2\/media\/5716"}],"wp:attachment":[{"href":"https:\/\/nordicchicpaint.com\/fr\/wp-json\/wp\/v2\/media?parent=5872"}],"wp:term":[{"taxonomy":"category","embeddable":true,"href":"https:\/\/nordicchicpaint.com\/fr\/wp-json\/wp\/v2\/categories?post=5872"}],"curies":[{"name":"wp","href":"https:\/\/api.w.org\/{rel}","templated":true}]}}