{"id":5869,"date":"2022-05-25T15:24:59","date_gmt":"2022-05-25T13:24:59","guid":{"rendered":"https:\/\/nordicchicpaint.com\/mediums-de-peinture\/nordic-chic-glaze\/"},"modified":"2024-09-04T12:09:17","modified_gmt":"2024-09-04T10:09:17","slug":"nordic-chic-glaze","status":"publish","type":"page","link":"https:\/\/nordicchicpaint.com\/fr\/mediums-de-peinture\/nordic-chic-glaze\/","title":{"rendered":"Nordic Chic\u00ae Glaze"},"content":{"rendered":"<section class=\"wpb-content-wrapper\"><p>[vc_row][vc_column]<div class=\"ult-spacer spacer-69f34ca8c5da3\" data-id=\"69f34ca8c5da3\" data-height=\"90\" data-height-mobile=\"60\" data-height-tab=\"90\" data-height-tab-portrait=\"60\" data-height-mobile-landscape=\"60\" style=\"clear:both;display:block;\"><\/div>[vc_column_text]<\/p>\n<h1>Nordic Chic\u00ae Glaze est disponible en deux versions.<\/h1>\n<p>La version Pearlescent donne \u00e0 vos meubles une touche suppl\u00e9mentaire de Bling. Il peut \u00eatre utilis\u00e9 pour enrichir les surfaces en bois non rev\u00eatues ainsi que pour affiner la finition de la peinture pour meubles Nordic Chic\u00ae ou des teintures Nordic Chic Woody.<\/p>\n<p>La version Clear doit \u00eatre utilis\u00e9e en m\u00e9lange avec la Peinture pour Meubles Nordic Chic et de l&rsquo;eau. Cela permettra d&rsquo;obtenir un vernis fin \u00e0 appliquer sur les surfaces peintes pour donner un accent suppl\u00e9mentaire aux d\u00e9tails. Le Glaze est con\u00e7u pour une utilisation en int\u00e9rieur \u2013 si vous souhaitez l\u2019utiliser \u00e0 l\u2019ext\u00e9rieur, il doit \u00eatre scell\u00e9 avec Nordic Chic\u00ae Topcoat. Il est sans solvant, z\u00e9ro COV et sans odeur pour garantir une ambiance de travail agr\u00e9able.<\/p>\n<h3><strong>Comment faire<\/strong><\/h3>\n<p><strong>Gla\u00e7age transparent\u00a0:<\/strong><\/p>\n<p>Assurez-vous que la surface est propre, s\u00e8che et exempte de graisse et de substances p\u00e9n\u00e9trantes. Retirez d&rsquo;abord les couches l\u00e2ches de vieille peinture ou de laque. Bien agiter ou remuer le produit avant utilisation.<\/p>\n<p><strong>Gla\u00e7age perl\u00e9<\/strong>\u00a0:<\/p>\n<p>Peignez une couche; puis essuyez la surface avec un chiffon doux lorsqu&rsquo;elle est encore humide pour cr\u00e9er une finition transparente. Pour obtenir un aspect plus opaque, laissez plut\u00f4t s\u00e9cher pendant 3 \u00e0 6 heures. Pour cr\u00e9er une couleur nacr\u00e9e plus profonde, appliquez une deuxi\u00e8me couche de Pearl Glaze une fois que la premi\u00e8re est au moins s\u00e8che au toucher.<\/p>\n<p><strong>Gla\u00e7age color\u00e9\u00a0:<\/strong><\/p>\n<p>m\u00e9langez 1 partie de peinture Nordic Chic\u00ae avec 5 parties de Clear Glaze et de l&rsquo;eau selon la finesse souhait\u00e9e de votre gla\u00e7age color\u00e9. Peignez une couche; puis essuyez la surface avec un chiffon doux lorsqu&rsquo;elle est encore humide pour cr\u00e9er des d\u00e9tails exceptionnels.<\/p>\n<p>Pour augmenter la durabilit\u00e9, une couche de finition de cire pour meubles ou de couche de finition Nordic Chic\u00ae peut \u00eatre appliqu\u00e9e une fois le produit compl\u00e8tement sec.<\/p>\n<ul>\n<li><strong>Temps de s\u00e9chage\u00a0:<\/strong>\u00a0S\u00e9cher au toucher apr\u00e8s env. 1 \u00e0 2 heures, s\u00e9chage complet apr\u00e8s environ 24 heures.<\/li>\n<li><strong>Couverture\u00a0:<\/strong>\u00a03-4 m\u00b2\/litre environ.<\/li>\n<li><strong>Nettoyage<\/strong>\u00a0: les pinceaux sont nettoy\u00e9s \u00e0 l&rsquo;eau ti\u00e8de savonneuse.<\/li>\n<li><strong>Stockage<\/strong>\u00a0:\u00a0Gardez le couvercle herm\u00e9tiquement et conservez-le dans un endroit frais mais \u00e0 l&rsquo;abri du gel et hors de port\u00e9e des enfants.<\/li>\n<li><strong>Ingr\u00e9dients\u00a0:<\/strong>\u00a0Eau, colle blanche, pigment min\u00e9ral, conservateur.<\/li>\n<\/ul>\n<p>Contenu 400 ml[\/vc_column_text]<div class=\"ult-spacer spacer-69f34ca8c5de9\" data-id=\"69f34ca8c5de9\" data-height=\"90\" data-height-mobile=\"60\" data-height-tab=\"90\" data-height-tab-portrait=\"60\" data-height-mobile-landscape=\"60\" style=\"clear:both;display:block;\"><\/div>[\/vc_column][\/vc_row]<\/p>\n<\/section>","protected":false},"excerpt":{"rendered":"<p>[vc_row][vc_column][vc_column_text] Nordic Chic\u00ae Glaze est disponible en deux versions. La version Pearlescent donne \u00e0 vos meubles une touche suppl\u00e9mentaire de Bling. Il peut \u00eatre utilis\u00e9 pour enrichir les surfaces en bois non rev\u00eatues ainsi que pour affiner la finition de la peinture pour meubles Nordic Chic\u00ae ou des teintures Nordic Chic Woody. La version Clear &#8230; <a title=\"Nordic Chic\u00ae Glaze\" class=\"read-more\" href=\"https:\/\/nordicchicpaint.com\/fr\/mediums-de-peinture\/nordic-chic-glaze\/\" aria-label=\"En savoir plus sur Nordic Chic\u00ae Glaze\">Lire plus<\/a><\/p>\n","protected":false},"author":1,"featured_media":5770,"parent":5866,"menu_order":15,"comment_status":"closed","ping_status":"closed","template":"","meta":{"_acf_changed":false,"footnotes":""},"categories":[],"class_list":["post-5869","page","type-page","status-publish","has-post-thumbnail"],"acf":[],"yoast_head":"<!-- This site is optimized with the Yoast SEO plugin v23.4 - https:\/\/yoast.com\/wordpress\/plugins\/seo\/ -->\n<title>Nordic Chic\u00ae Glaze &#183; Nordic Chic\u00ae<\/title>\n<meta name=\"robots\" content=\"index, follow, max-snippet:-1, max-image-preview:large, max-video-preview:-1\" \/>\n<link rel=\"canonical\" href=\"https:\/\/nordicchicpaint.com\/fr\/mediums-de-peinture\/nordic-chic-glaze\/\" \/>\n<meta property=\"og:locale\" content=\"fr_FR\" \/>\n<meta property=\"og:type\" content=\"article\" \/>\n<meta property=\"og:title\" content=\"Nordic Chic\u00ae Glaze &#183; Nordic Chic\u00ae\" \/>\n<meta property=\"og:description\" content=\"[vc_row][vc_column][vc_column_text] Nordic Chic\u00ae Glaze est disponible en deux versions. La version Pearlescent donne \u00e0 vos meubles une touche suppl\u00e9mentaire de Bling. Il peut \u00eatre utilis\u00e9 pour enrichir les surfaces en bois non rev\u00eatues ainsi que pour affiner la finition de la peinture pour meubles Nordic Chic\u00ae ou des teintures Nordic Chic Woody. La version Clear ... Lire plus\" \/>\n<meta property=\"og:url\" content=\"https:\/\/nordicchicpaint.com\/fr\/mediums-de-peinture\/nordic-chic-glaze\/\" \/>\n<meta property=\"og:site_name\" content=\"Nordic Chic\u00ae\" \/>\n<meta property=\"article:modified_time\" content=\"2024-09-04T10:09:17+00:00\" \/>\n<meta property=\"og:image\" content=\"https:\/\/nordicchicpaint.com\/wp-content\/uploads\/2023\/06\/glaze-1-e1687932891243.jpeg\" \/>\n\t<meta property=\"og:image:width\" content=\"1920\" \/>\n\t<meta property=\"og:image:height\" content=\"705\" \/>\n\t<meta property=\"og:image:type\" content=\"image\/jpeg\" \/>\n<meta name=\"twitter:card\" content=\"summary_large_image\" \/>\n<meta name=\"twitter:label1\" content=\"Dur\u00e9e de lecture estim\u00e9e\" \/>\n\t<meta name=\"twitter:data1\" content=\"2 minutes\" \/>\n<script type=\"application\/ld+json\" class=\"yoast-schema-graph\">{\"@context\":\"https:\/\/schema.org\",\"@graph\":[{\"@type\":\"WebPage\",\"@id\":\"https:\/\/nordicchicpaint.com\/fr\/mediums-de-peinture\/nordic-chic-glaze\/\",\"url\":\"https:\/\/nordicchicpaint.com\/fr\/mediums-de-peinture\/nordic-chic-glaze\/\",\"name\":\"Nordic Chic\u00ae Glaze &#183; Nordic Chic\u00ae\",\"isPartOf\":{\"@id\":\"https:\/\/nordicchicpaint.com\/fr\/#website\"},\"primaryImageOfPage\":{\"@id\":\"https:\/\/nordicchicpaint.com\/fr\/mediums-de-peinture\/nordic-chic-glaze\/#primaryimage\"},\"image\":{\"@id\":\"https:\/\/nordicchicpaint.com\/fr\/mediums-de-peinture\/nordic-chic-glaze\/#primaryimage\"},\"thumbnailUrl\":\"https:\/\/nordicchicpaint.com\/wp-content\/uploads\/2023\/06\/glaze-1-e1687932891243.jpeg\",\"datePublished\":\"2022-05-25T13:24:59+00:00\",\"dateModified\":\"2024-09-04T10:09:17+00:00\",\"breadcrumb\":{\"@id\":\"https:\/\/nordicchicpaint.com\/fr\/mediums-de-peinture\/nordic-chic-glaze\/#breadcrumb\"},\"inLanguage\":\"fr-FR\",\"potentialAction\":[{\"@type\":\"ReadAction\",\"target\":[\"https:\/\/nordicchicpaint.com\/fr\/mediums-de-peinture\/nordic-chic-glaze\/\"]}]},{\"@type\":\"ImageObject\",\"inLanguage\":\"fr-FR\",\"@id\":\"https:\/\/nordicchicpaint.com\/fr\/mediums-de-peinture\/nordic-chic-glaze\/#primaryimage\",\"url\":\"https:\/\/nordicchicpaint.com\/wp-content\/uploads\/2023\/06\/glaze-1-e1687932891243.jpeg\",\"contentUrl\":\"https:\/\/nordicchicpaint.com\/wp-content\/uploads\/2023\/06\/glaze-1-e1687932891243.jpeg\",\"width\":1920,\"height\":705},{\"@type\":\"BreadcrumbList\",\"@id\":\"https:\/\/nordicchicpaint.com\/fr\/mediums-de-peinture\/nordic-chic-glaze\/#breadcrumb\",\"itemListElement\":[{\"@type\":\"ListItem\",\"position\":1,\"name\":\"Hjem\",\"item\":\"https:\/\/nordicchicpaint.com\/fr\/\"},{\"@type\":\"ListItem\",\"position\":2,\"name\":\"M\u00e9diums de peinture\",\"item\":\"https:\/\/nordicchicpaint.com\/fr\/mediums\/\"},{\"@type\":\"ListItem\",\"position\":3,\"name\":\"Nordic Chic\u00ae Glaze\"}]},{\"@type\":\"WebSite\",\"@id\":\"https:\/\/nordicchicpaint.com\/fr\/#website\",\"url\":\"https:\/\/nordicchicpaint.com\/fr\/\",\"name\":\"Nordic Chic\u00ae\",\"description\":\"Chalk paint for interior and exterior use\",\"publisher\":{\"@id\":\"https:\/\/nordicchicpaint.com\/fr\/#organization\"},\"potentialAction\":[{\"@type\":\"SearchAction\",\"target\":{\"@type\":\"EntryPoint\",\"urlTemplate\":\"https:\/\/nordicchicpaint.com\/fr\/?s={search_term_string}\"},\"query-input\":{\"@type\":\"PropertyValueSpecification\",\"valueRequired\":true,\"valueName\":\"search_term_string\"}}],\"inLanguage\":\"fr-FR\"},{\"@type\":\"Organization\",\"@id\":\"https:\/\/nordicchicpaint.com\/fr\/#organization\",\"name\":\"Nordic Chic\u00ae\",\"url\":\"https:\/\/nordicchicpaint.com\/fr\/\",\"logo\":{\"@type\":\"ImageObject\",\"inLanguage\":\"fr-FR\",\"@id\":\"https:\/\/nordicchicpaint.com\/fr\/#\/schema\/logo\/image\/\",\"url\":\"https:\/\/nordicchicpaint.com\/wp-content\/uploads\/2021\/10\/logo.svg\",\"contentUrl\":\"https:\/\/nordicchicpaint.com\/wp-content\/uploads\/2021\/10\/logo.svg\",\"width\":479,\"height\":474,\"caption\":\"Nordic Chic\u00ae\"},\"image\":{\"@id\":\"https:\/\/nordicchicpaint.com\/fr\/#\/schema\/logo\/image\/\"}}]}<\/script>\n<!-- \/ Yoast SEO plugin. -->","yoast_head_json":{"title":"Nordic Chic\u00ae Glaze &#183; Nordic Chic\u00ae","robots":{"index":"index","follow":"follow","max-snippet":"max-snippet:-1","max-image-preview":"max-image-preview:large","max-video-preview":"max-video-preview:-1"},"canonical":"https:\/\/nordicchicpaint.com\/fr\/mediums-de-peinture\/nordic-chic-glaze\/","og_locale":"fr_FR","og_type":"article","og_title":"Nordic Chic\u00ae Glaze &#183; Nordic Chic\u00ae","og_description":"[vc_row][vc_column][vc_column_text] Nordic Chic\u00ae Glaze est disponible en deux versions. La version Pearlescent donne \u00e0 vos meubles une touche suppl\u00e9mentaire de Bling. Il peut \u00eatre utilis\u00e9 pour enrichir les surfaces en bois non rev\u00eatues ainsi que pour affiner la finition de la peinture pour meubles Nordic Chic\u00ae ou des teintures Nordic Chic Woody. La version Clear ... Lire plus","og_url":"https:\/\/nordicchicpaint.com\/fr\/mediums-de-peinture\/nordic-chic-glaze\/","og_site_name":"Nordic Chic\u00ae","article_modified_time":"2024-09-04T10:09:17+00:00","og_image":[{"width":1920,"height":705,"url":"https:\/\/nordicchicpaint.com\/wp-content\/uploads\/2023\/06\/glaze-1-e1687932891243.jpeg","type":"image\/jpeg"}],"twitter_card":"summary_large_image","twitter_misc":{"Dur\u00e9e de lecture estim\u00e9e":"2 minutes"},"schema":{"@context":"https:\/\/schema.org","@graph":[{"@type":"WebPage","@id":"https:\/\/nordicchicpaint.com\/fr\/mediums-de-peinture\/nordic-chic-glaze\/","url":"https:\/\/nordicchicpaint.com\/fr\/mediums-de-peinture\/nordic-chic-glaze\/","name":"Nordic Chic\u00ae Glaze &#183; Nordic Chic\u00ae","isPartOf":{"@id":"https:\/\/nordicchicpaint.com\/fr\/#website"},"primaryImageOfPage":{"@id":"https:\/\/nordicchicpaint.com\/fr\/mediums-de-peinture\/nordic-chic-glaze\/#primaryimage"},"image":{"@id":"https:\/\/nordicchicpaint.com\/fr\/mediums-de-peinture\/nordic-chic-glaze\/#primaryimage"},"thumbnailUrl":"https:\/\/nordicchicpaint.com\/wp-content\/uploads\/2023\/06\/glaze-1-e1687932891243.jpeg","datePublished":"2022-05-25T13:24:59+00:00","dateModified":"2024-09-04T10:09:17+00:00","breadcrumb":{"@id":"https:\/\/nordicchicpaint.com\/fr\/mediums-de-peinture\/nordic-chic-glaze\/#breadcrumb"},"inLanguage":"fr-FR","potentialAction":[{"@type":"ReadAction","target":["https:\/\/nordicchicpaint.com\/fr\/mediums-de-peinture\/nordic-chic-glaze\/"]}]},{"@type":"ImageObject","inLanguage":"fr-FR","@id":"https:\/\/nordicchicpaint.com\/fr\/mediums-de-peinture\/nordic-chic-glaze\/#primaryimage","url":"https:\/\/nordicchicpaint.com\/wp-content\/uploads\/2023\/06\/glaze-1-e1687932891243.jpeg","contentUrl":"https:\/\/nordicchicpaint.com\/wp-content\/uploads\/2023\/06\/glaze-1-e1687932891243.jpeg","width":1920,"height":705},{"@type":"BreadcrumbList","@id":"https:\/\/nordicchicpaint.com\/fr\/mediums-de-peinture\/nordic-chic-glaze\/#breadcrumb","itemListElement":[{"@type":"ListItem","position":1,"name":"Hjem","item":"https:\/\/nordicchicpaint.com\/fr\/"},{"@type":"ListItem","position":2,"name":"M\u00e9diums de peinture","item":"https:\/\/nordicchicpaint.com\/fr\/mediums\/"},{"@type":"ListItem","position":3,"name":"Nordic Chic\u00ae Glaze"}]},{"@type":"WebSite","@id":"https:\/\/nordicchicpaint.com\/fr\/#website","url":"https:\/\/nordicchicpaint.com\/fr\/","name":"Nordic Chic\u00ae","description":"Chalk paint for interior and exterior use","publisher":{"@id":"https:\/\/nordicchicpaint.com\/fr\/#organization"},"potentialAction":[{"@type":"SearchAction","target":{"@type":"EntryPoint","urlTemplate":"https:\/\/nordicchicpaint.com\/fr\/?s={search_term_string}"},"query-input":{"@type":"PropertyValueSpecification","valueRequired":true,"valueName":"search_term_string"}}],"inLanguage":"fr-FR"},{"@type":"Organization","@id":"https:\/\/nordicchicpaint.com\/fr\/#organization","name":"Nordic Chic\u00ae","url":"https:\/\/nordicchicpaint.com\/fr\/","logo":{"@type":"ImageObject","inLanguage":"fr-FR","@id":"https:\/\/nordicchicpaint.com\/fr\/#\/schema\/logo\/image\/","url":"https:\/\/nordicchicpaint.com\/wp-content\/uploads\/2021\/10\/logo.svg","contentUrl":"https:\/\/nordicchicpaint.com\/wp-content\/uploads\/2021\/10\/logo.svg","width":479,"height":474,"caption":"Nordic Chic\u00ae"},"image":{"@id":"https:\/\/nordicchicpaint.com\/fr\/#\/schema\/logo\/image\/"}}]}},"_links":{"self":[{"href":"https:\/\/nordicchicpaint.com\/fr\/wp-json\/wp\/v2\/pages\/5869"}],"collection":[{"href":"https:\/\/nordicchicpaint.com\/fr\/wp-json\/wp\/v2\/pages"}],"about":[{"href":"https:\/\/nordicchicpaint.com\/fr\/wp-json\/wp\/v2\/types\/page"}],"author":[{"embeddable":true,"href":"https:\/\/nordicchicpaint.com\/fr\/wp-json\/wp\/v2\/users\/1"}],"replies":[{"embeddable":true,"href":"https:\/\/nordicchicpaint.com\/fr\/wp-json\/wp\/v2\/comments?post=5869"}],"version-history":[{"count":2,"href":"https:\/\/nordicchicpaint.com\/fr\/wp-json\/wp\/v2\/pages\/5869\/revisions"}],"predecessor-version":[{"id":5871,"href":"https:\/\/nordicchicpaint.com\/fr\/wp-json\/wp\/v2\/pages\/5869\/revisions\/5871"}],"up":[{"embeddable":true,"href":"https:\/\/nordicchicpaint.com\/fr\/wp-json\/wp\/v2\/pages\/5866"}],"wp:featuredmedia":[{"embeddable":true,"href":"https:\/\/nordicchicpaint.com\/fr\/wp-json\/wp\/v2\/media\/5770"}],"wp:attachment":[{"href":"https:\/\/nordicchicpaint.com\/fr\/wp-json\/wp\/v2\/media?parent=5869"}],"wp:term":[{"taxonomy":"category","embeddable":true,"href":"https:\/\/nordicchicpaint.com\/fr\/wp-json\/wp\/v2\/categories?post=5869"}],"curies":[{"name":"wp","href":"https:\/\/api.w.org\/{rel}","templated":true}]}}