{"id":5866,"date":"2022-05-05T08:24:28","date_gmt":"2022-05-05T06:24:28","guid":{"rendered":"https:\/\/nordicchicpaint.com\/mediums-de-peinture\/"},"modified":"2024-09-04T11:41:25","modified_gmt":"2024-09-04T09:41:25","slug":"mediums-de-peinture","status":"publish","type":"page","link":"https:\/\/nordicchicpaint.com\/fr\/mediums-de-peinture\/","title":{"rendered":"M\u00e9diums de peinture"},"content":{"rendered":"<section class=\"wpb-content-wrapper\"><p>[vc_row full_width=\u00a0\u00bbstretch_row\u00a0\u00bb el_class=\u00a0\u00bbfarver-ops\u00e6tning\u00a0\u00bb][vc_column]<div class=\"ult-spacer spacer-69f129f78975b\" data-id=\"69f129f78975b\" data-height=\"90\" data-height-mobile=\"60\" data-height-tab=\"90\" data-height-tab-portrait=\"60\" data-height-mobile-landscape=\"60\" style=\"clear:both;display:block;\"><\/div>[vc_row_inner][vc_column_inner width=\u00a0\u00bb1\/6&Prime;][\/vc_column_inner][vc_column_inner width=\u00a0\u00bb2\/3&Prime;][vc_column_text]<\/p>\n<h2 id=\"tw-target-text\" class=\"tw-data-text tw-text-large tw-ta\" dir=\"ltr\" data-placeholder=\"Translation\" aria-label=\"Translated text\" data-ved=\"2ahUKEwjpud-p8KiIAxVnHRAIHRboN10Q3ewLegQICBAU\"><span class=\"Y2IQFc\" lang=\"fr\">M\u00e9diums de peinture Nordic Chic <\/span><\/h2>\n<p class=\"tw-data-text tw-text-large tw-ta\" dir=\"ltr\" data-placeholder=\"Translation\" aria-label=\"Translated text\" data-ved=\"2ahUKEwjpud-p8KiIAxVnHRAIHRboN10Q3ewLegQICBAU\"><span class=\"Y2IQFc\" lang=\"fr\">Nous proposons une vari\u00e9t\u00e9 de produits et d\u2019outils pour \u00ab\u00a0am\u00e9liorer\u00a0\u00bb et \u00e9lever tout projet de peinture au niveau sup\u00e9rieur. Nos produits sont d\u00e9velopp\u00e9s aussi bien pour les d\u00e9butants que pour les experts. Amusez-vous! Exp\u00e9rience. Il n&rsquo;y a pas de limites \u00e0 ce que vous pouvez cr\u00e9er\u00a0! <\/span><\/p>\n<p class=\"tw-data-text tw-text-large tw-ta\" dir=\"ltr\" data-placeholder=\"Translation\" aria-label=\"Translated text\" data-ved=\"2ahUKEwjpud-p8KiIAxVnHRAIHRboN10Q3ewLegQICBAU\"><span class=\"Y2IQFc\" lang=\"fr\">Nous avons la texture de la mer du Nord (North Sea Texture) pour ajouter une sensation de sable et de plage \u00e0 votre projet, nous proposons \u00e9galement un m\u00e9dium craquel\u00e9 pour cr\u00e9er une patine au toucher ancien. <\/span><\/p>\n<p class=\"tw-data-text tw-text-large tw-ta\" dir=\"ltr\" data-placeholder=\"Translation\" aria-label=\"Translated text\" data-ved=\"2ahUKEwjpud-p8KiIAxVnHRAIHRboN10Q3ewLegQICBAU\"><span class=\"Y2IQFc\" lang=\"fr\">Si vous souhaitez ajouter du Bling \u00e0 votre projet, vous devriez essayer notre Fairydust \u2013 elle est fabriqu\u00e9e \u00e0 partir de mica qui est de qualit\u00e9 maquillage et donc totalement inoffensif pour votre peau (elle peut \u00e9galement \u00eatre utilis\u00e9e dans la fabrication de pains de savon, etc.). M\u00e9langez un peu de Fairydust dans votre projet. cire ou Topcoat et il est facile \u00e0 utiliser. <\/span><\/p>\n<p id=\"tw-target-text\" class=\"tw-data-text tw-text-large tw-ta\" dir=\"ltr\" data-placeholder=\"Translation\" aria-label=\"Translated text\" data-ved=\"2ahUKEwjpud-p8KiIAxVnHRAIHRboN10Q3ewLegQICBAU\"><span class=\"Y2IQFc\" lang=\"fr\">Certaines personnes utilisent Glaze pour am\u00e9liorer leur surface. M\u00e9langez un peu de peinture de la couleur souhait\u00e9e dans le vernis transparent et vous pouvez l&rsquo;ajouter sur votre peinture \u2013 il vous suffit d&rsquo;essuyer l&rsquo;exc\u00e9dent et de cr\u00e9er ainsi un vernis color\u00e9. Nous avons \u00e9galement un Pearl Glaze qui ajoutera un bel \u00e9clat nacr\u00e9 \u00e0 votre surface.<\/span><\/p>\n<p class=\"tw-data-text tw-text-large tw-ta\" dir=\"ltr\" data-placeholder=\"Translation\" aria-label=\"Translated text\" data-ved=\"2ahUKEwjpud-p8KiIAxVnHRAIHRboN10Q3ewLegQICBAU\"><span class=\"Y2IQFc\" lang=\"fr\">Trouvez votre revendeur ici <a href=\"https:\/\/nordicchicpaint.com\/retailers-near-you\/\">Revendeurs<\/a> ou achetez ici <a href=\"http:\/\/www.nordicchic.eu\">www.nordicchic.eu<\/a>.<\/span><\/p>\n<p>[\/vc_column_text][\/vc_column_inner][vc_column_inner width=\u00a0\u00bb1\/6&Prime;][\/vc_column_inner][\/vc_row_inner]<div class=\"ult-spacer spacer-69f129f7897a2\" data-id=\"69f129f7897a2\" data-height=\"90\" data-height-mobile=\"60\" data-height-tab=\"90\" data-height-tab-portrait=\"60\" data-height-mobile-landscape=\"60\" style=\"clear:both;display:block;\"><\/div>[\/vc_column][\/vc_row]<\/p>\n<\/section>","protected":false},"excerpt":{"rendered":"<p>[vc_row full_width=\u00a0\u00bbstretch_row\u00a0\u00bb el_class=\u00a0\u00bbfarver-ops\u00e6tning\u00a0\u00bb][vc_column][vc_row_inner][vc_column_inner width=\u00a0\u00bb1\/6&Prime;][\/vc_column_inner][vc_column_inner width=\u00a0\u00bb2\/3&Prime;][vc_column_text] M\u00e9diums de peinture Nordic Chic Nous proposons une vari\u00e9t\u00e9 de produits et d\u2019outils pour \u00ab\u00a0am\u00e9liorer\u00a0\u00bb et \u00e9lever tout projet de peinture au niveau sup\u00e9rieur. Nos produits sont d\u00e9velopp\u00e9s aussi bien pour les d\u00e9butants que pour les experts. Amusez-vous! Exp\u00e9rience. Il n&rsquo;y a pas de limites \u00e0 ce que vous pouvez &#8230; <a title=\"M\u00e9diums de peinture\" class=\"read-more\" href=\"https:\/\/nordicchicpaint.com\/fr\/mediums-de-peinture\/\" aria-label=\"En savoir plus sur M\u00e9diums de peinture\">Lire plus<\/a><\/p>\n","protected":false},"author":1,"featured_media":5509,"parent":0,"menu_order":0,"comment_status":"closed","ping_status":"closed","template":"","meta":{"_acf_changed":false,"footnotes":""},"categories":[],"class_list":["post-5866","page","type-page","status-publish","has-post-thumbnail"],"acf":[],"yoast_head":"<!-- This site is optimized with the Yoast SEO plugin v23.4 - https:\/\/yoast.com\/wordpress\/plugins\/seo\/ -->\n<title>M\u00e9diums de peinture &#183; Nordic Chic\u00ae<\/title>\n<meta name=\"robots\" content=\"index, follow, max-snippet:-1, max-image-preview:large, max-video-preview:-1\" \/>\n<link rel=\"canonical\" href=\"https:\/\/nordicchicpaint.com\/fr\/mediums-de-peinture\/\" \/>\n<meta property=\"og:locale\" content=\"fr_FR\" \/>\n<meta property=\"og:type\" content=\"article\" \/>\n<meta property=\"og:title\" content=\"M\u00e9diums de peinture &#183; Nordic Chic\u00ae\" \/>\n<meta property=\"og:description\" content=\"[vc_row full_width=\u00a0\u00bbstretch_row\u00a0\u00bb el_class=\u00a0\u00bbfarver-ops\u00e6tning\u00a0\u00bb][vc_column][vc_row_inner][vc_column_inner width=\u00a0\u00bb1\/6&Prime;][\/vc_column_inner][vc_column_inner width=\u00a0\u00bb2\/3&Prime;][vc_column_text] M\u00e9diums de peinture Nordic Chic Nous proposons une vari\u00e9t\u00e9 de produits et d\u2019outils pour \u00ab\u00a0am\u00e9liorer\u00a0\u00bb et \u00e9lever tout projet de peinture au niveau sup\u00e9rieur. Nos produits sont d\u00e9velopp\u00e9s aussi bien pour les d\u00e9butants que pour les experts. Amusez-vous! Exp\u00e9rience. Il n&rsquo;y a pas de limites \u00e0 ce que vous pouvez ... Lire plus\" \/>\n<meta property=\"og:url\" content=\"https:\/\/nordicchicpaint.com\/fr\/mediums-de-peinture\/\" \/>\n<meta property=\"og:site_name\" content=\"Nordic Chic\u00ae\" \/>\n<meta property=\"article:modified_time\" content=\"2024-09-04T09:41:25+00:00\" \/>\n<meta property=\"og:image\" content=\"https:\/\/nordicchicpaint.com\/wp-content\/uploads\/2022\/05\/Crackle-1.jpg\" \/>\n\t<meta property=\"og:image:width\" content=\"1880\" \/>\n\t<meta property=\"og:image:height\" content=\"1576\" \/>\n\t<meta property=\"og:image:type\" content=\"image\/jpeg\" \/>\n<meta name=\"twitter:card\" content=\"summary_large_image\" \/>\n<meta name=\"twitter:label1\" content=\"Dur\u00e9e de lecture estim\u00e9e\" \/>\n\t<meta name=\"twitter:data1\" content=\"2 minutes\" \/>\n<script type=\"application\/ld+json\" class=\"yoast-schema-graph\">{\"@context\":\"https:\/\/schema.org\",\"@graph\":[{\"@type\":\"WebPage\",\"@id\":\"https:\/\/nordicchicpaint.com\/fr\/mediums-de-peinture\/\",\"url\":\"https:\/\/nordicchicpaint.com\/fr\/mediums-de-peinture\/\",\"name\":\"M\u00e9diums de peinture &#183; Nordic Chic\u00ae\",\"isPartOf\":{\"@id\":\"https:\/\/nordicchicpaint.com\/fr\/#website\"},\"primaryImageOfPage\":{\"@id\":\"https:\/\/nordicchicpaint.com\/fr\/mediums-de-peinture\/#primaryimage\"},\"image\":{\"@id\":\"https:\/\/nordicchicpaint.com\/fr\/mediums-de-peinture\/#primaryimage\"},\"thumbnailUrl\":\"https:\/\/nordicchicpaint.com\/wp-content\/uploads\/2022\/05\/Crackle-1.jpg\",\"datePublished\":\"2022-05-05T06:24:28+00:00\",\"dateModified\":\"2024-09-04T09:41:25+00:00\",\"breadcrumb\":{\"@id\":\"https:\/\/nordicchicpaint.com\/fr\/mediums-de-peinture\/#breadcrumb\"},\"inLanguage\":\"fr-FR\",\"potentialAction\":[{\"@type\":\"ReadAction\",\"target\":[\"https:\/\/nordicchicpaint.com\/fr\/mediums-de-peinture\/\"]}]},{\"@type\":\"ImageObject\",\"inLanguage\":\"fr-FR\",\"@id\":\"https:\/\/nordicchicpaint.com\/fr\/mediums-de-peinture\/#primaryimage\",\"url\":\"https:\/\/nordicchicpaint.com\/wp-content\/uploads\/2022\/05\/Crackle-1.jpg\",\"contentUrl\":\"https:\/\/nordicchicpaint.com\/wp-content\/uploads\/2022\/05\/Crackle-1.jpg\",\"width\":1880,\"height\":1576},{\"@type\":\"BreadcrumbList\",\"@id\":\"https:\/\/nordicchicpaint.com\/fr\/mediums-de-peinture\/#breadcrumb\",\"itemListElement\":[{\"@type\":\"ListItem\",\"position\":1,\"name\":\"Hjem\",\"item\":\"https:\/\/nordicchicpaint.com\/fr\/\"},{\"@type\":\"ListItem\",\"position\":2,\"name\":\"M\u00e9diums de peinture\"}]},{\"@type\":\"WebSite\",\"@id\":\"https:\/\/nordicchicpaint.com\/fr\/#website\",\"url\":\"https:\/\/nordicchicpaint.com\/fr\/\",\"name\":\"Nordic Chic\u00ae\",\"description\":\"Chalk paint for interior and exterior use\",\"publisher\":{\"@id\":\"https:\/\/nordicchicpaint.com\/fr\/#organization\"},\"potentialAction\":[{\"@type\":\"SearchAction\",\"target\":{\"@type\":\"EntryPoint\",\"urlTemplate\":\"https:\/\/nordicchicpaint.com\/fr\/?s={search_term_string}\"},\"query-input\":{\"@type\":\"PropertyValueSpecification\",\"valueRequired\":true,\"valueName\":\"search_term_string\"}}],\"inLanguage\":\"fr-FR\"},{\"@type\":\"Organization\",\"@id\":\"https:\/\/nordicchicpaint.com\/fr\/#organization\",\"name\":\"Nordic Chic\u00ae\",\"url\":\"https:\/\/nordicchicpaint.com\/fr\/\",\"logo\":{\"@type\":\"ImageObject\",\"inLanguage\":\"fr-FR\",\"@id\":\"https:\/\/nordicchicpaint.com\/fr\/#\/schema\/logo\/image\/\",\"url\":\"https:\/\/nordicchicpaint.com\/wp-content\/uploads\/2021\/10\/logo.svg\",\"contentUrl\":\"https:\/\/nordicchicpaint.com\/wp-content\/uploads\/2021\/10\/logo.svg\",\"width\":479,\"height\":474,\"caption\":\"Nordic Chic\u00ae\"},\"image\":{\"@id\":\"https:\/\/nordicchicpaint.com\/fr\/#\/schema\/logo\/image\/\"}}]}<\/script>\n<!-- \/ Yoast SEO plugin. -->","yoast_head_json":{"title":"M\u00e9diums de peinture &#183; Nordic Chic\u00ae","robots":{"index":"index","follow":"follow","max-snippet":"max-snippet:-1","max-image-preview":"max-image-preview:large","max-video-preview":"max-video-preview:-1"},"canonical":"https:\/\/nordicchicpaint.com\/fr\/mediums-de-peinture\/","og_locale":"fr_FR","og_type":"article","og_title":"M\u00e9diums de peinture &#183; Nordic Chic\u00ae","og_description":"[vc_row full_width=\u00a0\u00bbstretch_row\u00a0\u00bb el_class=\u00a0\u00bbfarver-ops\u00e6tning\u00a0\u00bb][vc_column][vc_row_inner][vc_column_inner width=\u00a0\u00bb1\/6&Prime;][\/vc_column_inner][vc_column_inner width=\u00a0\u00bb2\/3&Prime;][vc_column_text] M\u00e9diums de peinture Nordic Chic Nous proposons une vari\u00e9t\u00e9 de produits et d\u2019outils pour \u00ab\u00a0am\u00e9liorer\u00a0\u00bb et \u00e9lever tout projet de peinture au niveau sup\u00e9rieur. Nos produits sont d\u00e9velopp\u00e9s aussi bien pour les d\u00e9butants que pour les experts. Amusez-vous! Exp\u00e9rience. Il n&rsquo;y a pas de limites \u00e0 ce que vous pouvez ... Lire plus","og_url":"https:\/\/nordicchicpaint.com\/fr\/mediums-de-peinture\/","og_site_name":"Nordic Chic\u00ae","article_modified_time":"2024-09-04T09:41:25+00:00","og_image":[{"width":1880,"height":1576,"url":"https:\/\/nordicchicpaint.com\/wp-content\/uploads\/2022\/05\/Crackle-1.jpg","type":"image\/jpeg"}],"twitter_card":"summary_large_image","twitter_misc":{"Dur\u00e9e de lecture estim\u00e9e":"2 minutes"},"schema":{"@context":"https:\/\/schema.org","@graph":[{"@type":"WebPage","@id":"https:\/\/nordicchicpaint.com\/fr\/mediums-de-peinture\/","url":"https:\/\/nordicchicpaint.com\/fr\/mediums-de-peinture\/","name":"M\u00e9diums de peinture &#183; Nordic Chic\u00ae","isPartOf":{"@id":"https:\/\/nordicchicpaint.com\/fr\/#website"},"primaryImageOfPage":{"@id":"https:\/\/nordicchicpaint.com\/fr\/mediums-de-peinture\/#primaryimage"},"image":{"@id":"https:\/\/nordicchicpaint.com\/fr\/mediums-de-peinture\/#primaryimage"},"thumbnailUrl":"https:\/\/nordicchicpaint.com\/wp-content\/uploads\/2022\/05\/Crackle-1.jpg","datePublished":"2022-05-05T06:24:28+00:00","dateModified":"2024-09-04T09:41:25+00:00","breadcrumb":{"@id":"https:\/\/nordicchicpaint.com\/fr\/mediums-de-peinture\/#breadcrumb"},"inLanguage":"fr-FR","potentialAction":[{"@type":"ReadAction","target":["https:\/\/nordicchicpaint.com\/fr\/mediums-de-peinture\/"]}]},{"@type":"ImageObject","inLanguage":"fr-FR","@id":"https:\/\/nordicchicpaint.com\/fr\/mediums-de-peinture\/#primaryimage","url":"https:\/\/nordicchicpaint.com\/wp-content\/uploads\/2022\/05\/Crackle-1.jpg","contentUrl":"https:\/\/nordicchicpaint.com\/wp-content\/uploads\/2022\/05\/Crackle-1.jpg","width":1880,"height":1576},{"@type":"BreadcrumbList","@id":"https:\/\/nordicchicpaint.com\/fr\/mediums-de-peinture\/#breadcrumb","itemListElement":[{"@type":"ListItem","position":1,"name":"Hjem","item":"https:\/\/nordicchicpaint.com\/fr\/"},{"@type":"ListItem","position":2,"name":"M\u00e9diums de peinture"}]},{"@type":"WebSite","@id":"https:\/\/nordicchicpaint.com\/fr\/#website","url":"https:\/\/nordicchicpaint.com\/fr\/","name":"Nordic Chic\u00ae","description":"Chalk paint for interior and exterior use","publisher":{"@id":"https:\/\/nordicchicpaint.com\/fr\/#organization"},"potentialAction":[{"@type":"SearchAction","target":{"@type":"EntryPoint","urlTemplate":"https:\/\/nordicchicpaint.com\/fr\/?s={search_term_string}"},"query-input":{"@type":"PropertyValueSpecification","valueRequired":true,"valueName":"search_term_string"}}],"inLanguage":"fr-FR"},{"@type":"Organization","@id":"https:\/\/nordicchicpaint.com\/fr\/#organization","name":"Nordic Chic\u00ae","url":"https:\/\/nordicchicpaint.com\/fr\/","logo":{"@type":"ImageObject","inLanguage":"fr-FR","@id":"https:\/\/nordicchicpaint.com\/fr\/#\/schema\/logo\/image\/","url":"https:\/\/nordicchicpaint.com\/wp-content\/uploads\/2021\/10\/logo.svg","contentUrl":"https:\/\/nordicchicpaint.com\/wp-content\/uploads\/2021\/10\/logo.svg","width":479,"height":474,"caption":"Nordic Chic\u00ae"},"image":{"@id":"https:\/\/nordicchicpaint.com\/fr\/#\/schema\/logo\/image\/"}}]}},"_links":{"self":[{"href":"https:\/\/nordicchicpaint.com\/fr\/wp-json\/wp\/v2\/pages\/5866"}],"collection":[{"href":"https:\/\/nordicchicpaint.com\/fr\/wp-json\/wp\/v2\/pages"}],"about":[{"href":"https:\/\/nordicchicpaint.com\/fr\/wp-json\/wp\/v2\/types\/page"}],"author":[{"embeddable":true,"href":"https:\/\/nordicchicpaint.com\/fr\/wp-json\/wp\/v2\/users\/1"}],"replies":[{"embeddable":true,"href":"https:\/\/nordicchicpaint.com\/fr\/wp-json\/wp\/v2\/comments?post=5866"}],"version-history":[{"count":2,"href":"https:\/\/nordicchicpaint.com\/fr\/wp-json\/wp\/v2\/pages\/5866\/revisions"}],"predecessor-version":[{"id":5868,"href":"https:\/\/nordicchicpaint.com\/fr\/wp-json\/wp\/v2\/pages\/5866\/revisions\/5868"}],"wp:featuredmedia":[{"embeddable":true,"href":"https:\/\/nordicchicpaint.com\/fr\/wp-json\/wp\/v2\/media\/5509"}],"wp:attachment":[{"href":"https:\/\/nordicchicpaint.com\/fr\/wp-json\/wp\/v2\/media?parent=5866"}],"wp:term":[{"taxonomy":"category","embeddable":true,"href":"https:\/\/nordicchicpaint.com\/fr\/wp-json\/wp\/v2\/categories?post=5866"}],"curies":[{"name":"wp","href":"https:\/\/api.w.org\/{rel}","templated":true}]}}