{"id":5854,"date":"2022-02-22T14:54:34","date_gmt":"2022-02-22T13:54:34","guid":{"rendered":"https:\/\/nordicchicpaint.com\/stains-teinture-a-bois\/"},"modified":"2024-08-29T14:29:44","modified_gmt":"2024-08-29T12:29:44","slug":"stains-teinture-a-bois","status":"publish","type":"page","link":"https:\/\/nordicchicpaint.com\/fr\/stains-teinture-a-bois\/","title":{"rendered":"Stains &#8211; teinture \u00e0 bois"},"content":{"rendered":"<section class=\"wpb-content-wrapper\"><p>[vc_row full_width=\u00a0\u00bbstretch_row\u00a0\u00bb el_class=\u00a0\u00bbfarver-ops\u00e6tning\u00a0\u00bb][vc_column]<div class=\"ult-spacer spacer-69f32c06228a9\" data-id=\"69f32c06228a9\" data-height=\"90\" data-height-mobile=\"60\" data-height-tab=\"90\" data-height-tab-portrait=\"60\" data-height-mobile-landscape=\"60\" style=\"clear:both;display:block;\"><\/div>[vc_row_inner][vc_column_inner width=\u00a0\u00bb1\/6&Prime;][\/vc_column_inner][vc_column_inner width=\u00a0\u00bb2\/3&Prime;][vc_column_text]<\/p>\n<h1>Teintures pour bois de qualit\u00e9 sup\u00e9rieure | Peinture Nordic Chic<\/h1>\n<p>Bienvenue dans la gamme exclusive de teintures pour bois de qualit\u00e9 sup\u00e9rieure de Nordic Chic Paint. Nos teintures sont sp\u00e9cialement formul\u00e9es pour rehausser la beaut\u00e9 naturelle du bois, offrant une finition riche et durable pour tous vos projets de menuiserie. Que vous r\u00e9noviez des meubles, restauriez des planchers ou fabriquiez de nouvelles pi\u00e8ces en bois, nos teintures pour bois offrent des r\u00e9sultats exceptionnels.<\/p>\n<h3>Pourquoi choisir les teintures pour bois Nordic Chic Paint ?<\/h3>\n<p>Qualit\u00e9 sup\u00e9rieure : nos teintures pour bois sont fabriqu\u00e9es \u00e0 partir de pigments et d&rsquo;ingr\u00e9dients de haute qualit\u00e9, garantissant une finition durable et \u00e9clatante qui prot\u00e8ge et embellit vos surfaces en bois.<\/p>\n<p><strong>Large gamme de couleurs :<\/strong> explorez notre vaste palette de couleurs, des tons chauds et terreux aux teintes audacieuses et modernes. Quel que soit votre style ou projet, nous avons la teinte parfaite pour correspondre \u00e0 votre vision.<\/p>\n<p><strong>Application facile :<\/strong> con\u00e7ues pour les professionnels et les bricoleurs, nos teintures sont faciles \u00e0 appliquer, offrant une couverture uniforme et une finition lisse \u00e0 chaque fois.<\/p>\n<p><strong>Respectueux de l&rsquo;environnement :<\/strong> chez Nordic Chic Paint, nous accordons la priorit\u00e9 \u00e0 la durabilit\u00e9. Nos teintures pour bois sont \u00e9cologiques et faibles en COV, ce qui les rend sans danger pour vous et pour l&rsquo;environnement.<\/p>\n<h3>Transformez vos projets en bois<\/h3>\n<p>Du charme rustique \u00e0 l\u2019\u00e9l\u00e9gance contemporaine, nos teintures pour bois peuvent transformer n\u2019importe quelle surface en bois. Id\u00e9al pour :<\/p>\n<p><strong>Finition de meubles\u00a0:<\/strong> donnez une nouvelle vie \u00e0 vos vieux meubles gr\u00e2ce \u00e0 nos teintures vibrantes. Parfait pour les tables, chaises, armoires et plus encore.<br \/>\n<strong>Restauration de plancher :<\/strong> Restaurez la beaut\u00e9 naturelle de vos planchers de bois franc gr\u00e2ce \u00e0 nos teintures durables et protectrices.<br \/>\n<strong>Artisanat DIY :<\/strong> donnez vie \u00e0 vos projets cr\u00e9atifs avec notre large gamme de couleurs et de finitions.<\/p>\n<h3>Comment utiliser les teintures pour bois de Nordic Chic Paint<\/h3>\n<ol>\n<li><strong>Pr\u00e9parez la surface\u00a0:<\/strong> assurez-vous que le bois est propre, sec et exempt de toute finition pr\u00e9c\u00e9dente.<\/li>\n<li><strong>Appliquer la teinture :<\/strong> Utilisez un pinceau, un chiffon ou un pulv\u00e9risateur pour appliquer la teinture uniform\u00e9ment, en suivant le grain du bois.<\/li>\n<li><strong>Laisser s\u00e9cher :<\/strong> Laissez la teinture s\u00e9cher compl\u00e8tement avant d&rsquo;appliquer une deuxi\u00e8me couche ou une finition protectrice si vous le souhaitez.<\/li>\n<\/ol>\n<h3>Achetez maintenant<\/h3>\n<p>Parcourez notre collection de teintures pour bois d\u00e8s aujourd&rsquo;hui et trouvez la couleur parfaite pour rehausser votre prochain projet. Avec Nordic Chic WOODY, obtenir une belle finition professionnelle n&rsquo;a jamais \u00e9t\u00e9 aussi simple.<\/p>\n<p>Trouvez votre revendeur <a href=\"https:\/\/nordicchicpaint.com\/retailers-near-you\/\">ici<\/a> ou achetez ici <a href=\"https:\/\/www.nordicchic.eu\">www.nordicchic.eu<\/a>.[\/vc_column_text][\/vc_column_inner][vc_column_inner width=\u00a0\u00bb1\/6&Prime;][\/vc_column_inner][\/vc_row_inner][vc_empty_space height=\u00a0\u00bb60px\u00a0\u00bb][vc_media_grid gap=\u00a0\u00bb20&Prime; grid_id=\u00a0\u00bbvc_gid:1660806704490-adca0656-69c6-6&Prime; include=\u00a0\u00bb3677,3678,3679&Prime;]<div class=\"ult-spacer spacer-69f32c06228f1\" data-id=\"69f32c06228f1\" data-height=\"90\" data-height-mobile=\"60\" data-height-tab=\"90\" data-height-tab-portrait=\"60\" data-height-mobile-landscape=\"60\" style=\"clear:both;display:block;\"><\/div>[\/vc_column][\/vc_row]<\/p>\n<\/section>","protected":false},"excerpt":{"rendered":"<p>[vc_row full_width=\u00a0\u00bbstretch_row\u00a0\u00bb el_class=\u00a0\u00bbfarver-ops\u00e6tning\u00a0\u00bb][vc_column][vc_row_inner][vc_column_inner width=\u00a0\u00bb1\/6&Prime;][\/vc_column_inner][vc_column_inner width=\u00a0\u00bb2\/3&Prime;][vc_column_text] Teintures pour bois de qualit\u00e9 sup\u00e9rieure | Peinture Nordic Chic Bienvenue dans la gamme exclusive de teintures pour bois de qualit\u00e9 sup\u00e9rieure de Nordic Chic Paint. Nos teintures sont sp\u00e9cialement formul\u00e9es pour rehausser la beaut\u00e9 naturelle du bois, offrant une finition riche et durable pour tous vos projets de menuiserie. &#8230; <a title=\"Stains &#8211; teinture \u00e0 bois\" class=\"read-more\" href=\"https:\/\/nordicchicpaint.com\/fr\/stains-teinture-a-bois\/\" aria-label=\"En savoir plus sur Stains &#8211; teinture \u00e0 bois\">Lire plus<\/a><\/p>\n","protected":false},"author":1,"featured_media":5740,"parent":0,"menu_order":0,"comment_status":"closed","ping_status":"closed","template":"","meta":{"_acf_changed":false,"footnotes":""},"categories":[],"class_list":["post-5854","page","type-page","status-publish","has-post-thumbnail"],"acf":[],"yoast_head":"<!-- This site is optimized with the Yoast SEO plugin v23.4 - https:\/\/yoast.com\/wordpress\/plugins\/seo\/ -->\n<title>Stains - teinture \u00e0 bois &#183; Nordic Chic\u00ae<\/title>\n<meta name=\"description\" content=\"&quot;D\u00e9couvrez les teintures pour bois de qualit\u00e9 sup\u00e9rieure chez Nordic Chic Paint. Am\u00e9liorez la beaut\u00e9 naturelle du bois avec nos teintures \u00e9cologiques et faciles \u00e0 appliquer. Achetez maintenant!&quot;\" \/>\n<meta name=\"robots\" content=\"index, follow, max-snippet:-1, max-image-preview:large, max-video-preview:-1\" \/>\n<link rel=\"canonical\" href=\"https:\/\/nordicchicpaint.com\/fr\/stains-teinture-a-bois\/\" \/>\n<meta property=\"og:locale\" content=\"fr_FR\" \/>\n<meta property=\"og:type\" content=\"article\" \/>\n<meta property=\"og:title\" content=\"Stains - teinture \u00e0 bois &#183; Nordic Chic\u00ae\" \/>\n<meta property=\"og:description\" content=\"&quot;D\u00e9couvrez les teintures pour bois de qualit\u00e9 sup\u00e9rieure chez Nordic Chic Paint. Am\u00e9liorez la beaut\u00e9 naturelle du bois avec nos teintures \u00e9cologiques et faciles \u00e0 appliquer. Achetez maintenant!&quot;\" \/>\n<meta property=\"og:url\" content=\"https:\/\/nordicchicpaint.com\/fr\/stains-teinture-a-bois\/\" \/>\n<meta property=\"og:site_name\" content=\"Nordic Chic\u00ae\" \/>\n<meta property=\"article:modified_time\" content=\"2024-08-29T12:29:44+00:00\" \/>\n<meta property=\"og:image\" content=\"https:\/\/nordicchicpaint.com\/wp-content\/uploads\/2022\/09\/woody-Banner.jpeg\" \/>\n\t<meta property=\"og:image:width\" content=\"1920\" \/>\n\t<meta property=\"og:image:height\" content=\"1080\" \/>\n\t<meta property=\"og:image:type\" content=\"image\/jpeg\" \/>\n<meta name=\"twitter:card\" content=\"summary_large_image\" \/>\n<meta name=\"twitter:label1\" content=\"Dur\u00e9e de lecture estim\u00e9e\" \/>\n\t<meta name=\"twitter:data1\" content=\"3 minutes\" \/>\n<script type=\"application\/ld+json\" class=\"yoast-schema-graph\">{\"@context\":\"https:\/\/schema.org\",\"@graph\":[{\"@type\":\"WebPage\",\"@id\":\"https:\/\/nordicchicpaint.com\/fr\/stains-teinture-a-bois\/\",\"url\":\"https:\/\/nordicchicpaint.com\/fr\/stains-teinture-a-bois\/\",\"name\":\"Stains - teinture \u00e0 bois &#183; Nordic Chic\u00ae\",\"isPartOf\":{\"@id\":\"https:\/\/nordicchicpaint.com\/fr\/#website\"},\"primaryImageOfPage\":{\"@id\":\"https:\/\/nordicchicpaint.com\/fr\/stains-teinture-a-bois\/#primaryimage\"},\"image\":{\"@id\":\"https:\/\/nordicchicpaint.com\/fr\/stains-teinture-a-bois\/#primaryimage\"},\"thumbnailUrl\":\"https:\/\/nordicchicpaint.com\/wp-content\/uploads\/2022\/09\/woody-Banner.jpeg\",\"datePublished\":\"2022-02-22T13:54:34+00:00\",\"dateModified\":\"2024-08-29T12:29:44+00:00\",\"description\":\"\\\"D\u00e9couvrez les teintures pour bois de qualit\u00e9 sup\u00e9rieure chez Nordic Chic Paint. Am\u00e9liorez la beaut\u00e9 naturelle du bois avec nos teintures \u00e9cologiques et faciles \u00e0 appliquer. Achetez maintenant!\\\"\",\"breadcrumb\":{\"@id\":\"https:\/\/nordicchicpaint.com\/fr\/stains-teinture-a-bois\/#breadcrumb\"},\"inLanguage\":\"fr-FR\",\"potentialAction\":[{\"@type\":\"ReadAction\",\"target\":[\"https:\/\/nordicchicpaint.com\/fr\/stains-teinture-a-bois\/\"]}]},{\"@type\":\"ImageObject\",\"inLanguage\":\"fr-FR\",\"@id\":\"https:\/\/nordicchicpaint.com\/fr\/stains-teinture-a-bois\/#primaryimage\",\"url\":\"https:\/\/nordicchicpaint.com\/wp-content\/uploads\/2022\/09\/woody-Banner.jpeg\",\"contentUrl\":\"https:\/\/nordicchicpaint.com\/wp-content\/uploads\/2022\/09\/woody-Banner.jpeg\",\"width\":1920,\"height\":1080},{\"@type\":\"BreadcrumbList\",\"@id\":\"https:\/\/nordicchicpaint.com\/fr\/stains-teinture-a-bois\/#breadcrumb\",\"itemListElement\":[{\"@type\":\"ListItem\",\"position\":1,\"name\":\"Hjem\",\"item\":\"https:\/\/nordicchicpaint.com\/fr\/\"},{\"@type\":\"ListItem\",\"position\":2,\"name\":\"Stains &#8211; teinture \u00e0 bois\"}]},{\"@type\":\"WebSite\",\"@id\":\"https:\/\/nordicchicpaint.com\/fr\/#website\",\"url\":\"https:\/\/nordicchicpaint.com\/fr\/\",\"name\":\"Nordic Chic\u00ae\",\"description\":\"Chalk paint for interior and exterior use\",\"publisher\":{\"@id\":\"https:\/\/nordicchicpaint.com\/fr\/#organization\"},\"potentialAction\":[{\"@type\":\"SearchAction\",\"target\":{\"@type\":\"EntryPoint\",\"urlTemplate\":\"https:\/\/nordicchicpaint.com\/fr\/?s={search_term_string}\"},\"query-input\":{\"@type\":\"PropertyValueSpecification\",\"valueRequired\":true,\"valueName\":\"search_term_string\"}}],\"inLanguage\":\"fr-FR\"},{\"@type\":\"Organization\",\"@id\":\"https:\/\/nordicchicpaint.com\/fr\/#organization\",\"name\":\"Nordic Chic\u00ae\",\"url\":\"https:\/\/nordicchicpaint.com\/fr\/\",\"logo\":{\"@type\":\"ImageObject\",\"inLanguage\":\"fr-FR\",\"@id\":\"https:\/\/nordicchicpaint.com\/fr\/#\/schema\/logo\/image\/\",\"url\":\"https:\/\/nordicchicpaint.com\/wp-content\/uploads\/2021\/10\/logo.svg\",\"contentUrl\":\"https:\/\/nordicchicpaint.com\/wp-content\/uploads\/2021\/10\/logo.svg\",\"width\":479,\"height\":474,\"caption\":\"Nordic Chic\u00ae\"},\"image\":{\"@id\":\"https:\/\/nordicchicpaint.com\/fr\/#\/schema\/logo\/image\/\"}}]}<\/script>\n<!-- \/ Yoast SEO plugin. -->","yoast_head_json":{"title":"Stains - teinture \u00e0 bois &#183; Nordic Chic\u00ae","description":"\"D\u00e9couvrez les teintures pour bois de qualit\u00e9 sup\u00e9rieure chez Nordic Chic Paint. Am\u00e9liorez la beaut\u00e9 naturelle du bois avec nos teintures \u00e9cologiques et faciles \u00e0 appliquer. Achetez maintenant!\"","robots":{"index":"index","follow":"follow","max-snippet":"max-snippet:-1","max-image-preview":"max-image-preview:large","max-video-preview":"max-video-preview:-1"},"canonical":"https:\/\/nordicchicpaint.com\/fr\/stains-teinture-a-bois\/","og_locale":"fr_FR","og_type":"article","og_title":"Stains - teinture \u00e0 bois &#183; Nordic Chic\u00ae","og_description":"\"D\u00e9couvrez les teintures pour bois de qualit\u00e9 sup\u00e9rieure chez Nordic Chic Paint. Am\u00e9liorez la beaut\u00e9 naturelle du bois avec nos teintures \u00e9cologiques et faciles \u00e0 appliquer. Achetez maintenant!\"","og_url":"https:\/\/nordicchicpaint.com\/fr\/stains-teinture-a-bois\/","og_site_name":"Nordic Chic\u00ae","article_modified_time":"2024-08-29T12:29:44+00:00","og_image":[{"width":1920,"height":1080,"url":"https:\/\/nordicchicpaint.com\/wp-content\/uploads\/2022\/09\/woody-Banner.jpeg","type":"image\/jpeg"}],"twitter_card":"summary_large_image","twitter_misc":{"Dur\u00e9e de lecture estim\u00e9e":"3 minutes"},"schema":{"@context":"https:\/\/schema.org","@graph":[{"@type":"WebPage","@id":"https:\/\/nordicchicpaint.com\/fr\/stains-teinture-a-bois\/","url":"https:\/\/nordicchicpaint.com\/fr\/stains-teinture-a-bois\/","name":"Stains - teinture \u00e0 bois &#183; Nordic Chic\u00ae","isPartOf":{"@id":"https:\/\/nordicchicpaint.com\/fr\/#website"},"primaryImageOfPage":{"@id":"https:\/\/nordicchicpaint.com\/fr\/stains-teinture-a-bois\/#primaryimage"},"image":{"@id":"https:\/\/nordicchicpaint.com\/fr\/stains-teinture-a-bois\/#primaryimage"},"thumbnailUrl":"https:\/\/nordicchicpaint.com\/wp-content\/uploads\/2022\/09\/woody-Banner.jpeg","datePublished":"2022-02-22T13:54:34+00:00","dateModified":"2024-08-29T12:29:44+00:00","description":"\"D\u00e9couvrez les teintures pour bois de qualit\u00e9 sup\u00e9rieure chez Nordic Chic Paint. Am\u00e9liorez la beaut\u00e9 naturelle du bois avec nos teintures \u00e9cologiques et faciles \u00e0 appliquer. Achetez maintenant!\"","breadcrumb":{"@id":"https:\/\/nordicchicpaint.com\/fr\/stains-teinture-a-bois\/#breadcrumb"},"inLanguage":"fr-FR","potentialAction":[{"@type":"ReadAction","target":["https:\/\/nordicchicpaint.com\/fr\/stains-teinture-a-bois\/"]}]},{"@type":"ImageObject","inLanguage":"fr-FR","@id":"https:\/\/nordicchicpaint.com\/fr\/stains-teinture-a-bois\/#primaryimage","url":"https:\/\/nordicchicpaint.com\/wp-content\/uploads\/2022\/09\/woody-Banner.jpeg","contentUrl":"https:\/\/nordicchicpaint.com\/wp-content\/uploads\/2022\/09\/woody-Banner.jpeg","width":1920,"height":1080},{"@type":"BreadcrumbList","@id":"https:\/\/nordicchicpaint.com\/fr\/stains-teinture-a-bois\/#breadcrumb","itemListElement":[{"@type":"ListItem","position":1,"name":"Hjem","item":"https:\/\/nordicchicpaint.com\/fr\/"},{"@type":"ListItem","position":2,"name":"Stains &#8211; teinture \u00e0 bois"}]},{"@type":"WebSite","@id":"https:\/\/nordicchicpaint.com\/fr\/#website","url":"https:\/\/nordicchicpaint.com\/fr\/","name":"Nordic Chic\u00ae","description":"Chalk paint for interior and exterior use","publisher":{"@id":"https:\/\/nordicchicpaint.com\/fr\/#organization"},"potentialAction":[{"@type":"SearchAction","target":{"@type":"EntryPoint","urlTemplate":"https:\/\/nordicchicpaint.com\/fr\/?s={search_term_string}"},"query-input":{"@type":"PropertyValueSpecification","valueRequired":true,"valueName":"search_term_string"}}],"inLanguage":"fr-FR"},{"@type":"Organization","@id":"https:\/\/nordicchicpaint.com\/fr\/#organization","name":"Nordic Chic\u00ae","url":"https:\/\/nordicchicpaint.com\/fr\/","logo":{"@type":"ImageObject","inLanguage":"fr-FR","@id":"https:\/\/nordicchicpaint.com\/fr\/#\/schema\/logo\/image\/","url":"https:\/\/nordicchicpaint.com\/wp-content\/uploads\/2021\/10\/logo.svg","contentUrl":"https:\/\/nordicchicpaint.com\/wp-content\/uploads\/2021\/10\/logo.svg","width":479,"height":474,"caption":"Nordic Chic\u00ae"},"image":{"@id":"https:\/\/nordicchicpaint.com\/fr\/#\/schema\/logo\/image\/"}}]}},"_links":{"self":[{"href":"https:\/\/nordicchicpaint.com\/fr\/wp-json\/wp\/v2\/pages\/5854"}],"collection":[{"href":"https:\/\/nordicchicpaint.com\/fr\/wp-json\/wp\/v2\/pages"}],"about":[{"href":"https:\/\/nordicchicpaint.com\/fr\/wp-json\/wp\/v2\/types\/page"}],"author":[{"embeddable":true,"href":"https:\/\/nordicchicpaint.com\/fr\/wp-json\/wp\/v2\/users\/1"}],"replies":[{"embeddable":true,"href":"https:\/\/nordicchicpaint.com\/fr\/wp-json\/wp\/v2\/comments?post=5854"}],"version-history":[{"count":2,"href":"https:\/\/nordicchicpaint.com\/fr\/wp-json\/wp\/v2\/pages\/5854\/revisions"}],"predecessor-version":[{"id":5856,"href":"https:\/\/nordicchicpaint.com\/fr\/wp-json\/wp\/v2\/pages\/5854\/revisions\/5856"}],"wp:featuredmedia":[{"embeddable":true,"href":"https:\/\/nordicchicpaint.com\/fr\/wp-json\/wp\/v2\/media\/5740"}],"wp:attachment":[{"href":"https:\/\/nordicchicpaint.com\/fr\/wp-json\/wp\/v2\/media?parent=5854"}],"wp:term":[{"taxonomy":"category","embeddable":true,"href":"https:\/\/nordicchicpaint.com\/fr\/wp-json\/wp\/v2\/categories?post=5854"}],"curies":[{"name":"wp","href":"https:\/\/api.w.org\/{rel}","templated":true}]}}