{"id":5851,"date":"2022-04-13T09:04:31","date_gmt":"2022-04-13T07:04:31","guid":{"rendered":"https:\/\/nordicchicpaint.com\/primer\/"},"modified":"2024-08-29T14:17:23","modified_gmt":"2024-08-29T12:17:23","slug":"primer","status":"publish","type":"page","link":"https:\/\/nordicchicpaint.com\/fr\/primer\/","title":{"rendered":"Primer"},"content":{"rendered":"<section class=\"wpb-content-wrapper\"><p>[vc_row full_width=\u00a0\u00bbstretch_row\u00a0\u00bb][vc_column width=\u00a0\u00bb1\/6&Prime;][\/vc_column][vc_column width=\u00a0\u00bb2\/3&Prime;]<div class=\"ult-spacer spacer-6a03f9f2bc8f2\" data-id=\"6a03f9f2bc8f2\" data-height=\"90\" data-height-mobile=\"60\" data-height-tab=\"90\" data-height-tab-portrait=\"60\" data-height-mobile-landscape=\"60\" style=\"clear:both;display:block;\"><\/div>[vc_column_text]<\/p>\n<h1 id=\"tw-target-text\" class=\"tw-data-text tw-text-large tw-ta\" dir=\"ltr\" data-placeholder=\"Translation\" aria-label=\"Translated text\" data-ved=\"2ahUKEwjwsKHwjpqIAxUm3wIHHcBoHoAQ3ewLegQIBxAU\"><span class=\"Y2IQFc\" lang=\"fr\">O\u00f9 pouvez-vous utiliser Nordic Chic Primer ?<\/span><\/h1>\n<p style=\"text-align: left;\">If you have furniture made of wood that might contain a lot of tannins you can use our Primer to stop them from bleeding through. Applied twice it stops \u00ab\u00a0bleeding through\u00a0\u00bb in most cases quite safely and should be able to replace shelllaquer as an isolating primer very well.<\/p>\n<p style=\"text-align: left;\">Some advantages of Nordic Chic Primer over shell laquer : Nordic Chic Primer is more elastic than schell laquer and Nordic Chic Primer does not swell up in touch with water.<\/p>\n<p style=\"text-align: left;\"><strong>Nordic Chic\u00ae Primer<\/strong> is Clear when dry<\/p>\n<p style=\"text-align: left;\"><strong>Coverage<\/strong>: Approximately 70-90 millilitres per square metre. Half a liter is enough for 6-8 square metres \u2013 depending on the properties of the surface.<\/p>\n<p style=\"text-align: left;\"><strong>Colour<\/strong>: Clear<\/p>\n<p style=\"text-align: left;\"><strong>Thinner<\/strong>: n\/a &#8211; product is ready-to-use.<\/p>\n<p style=\"text-align: left;\"><strong>Drying Time<\/strong>: Depending on room temperature and relative humidity, the product will normally be touch dry after 15-30 minutes and ready for sanding down after 45 minutes. The surface can be given the second coat after about 2 hours.<\/p>\n<p style=\"text-align: left;\"><strong>APPLICATION INSTRUCTIONS<\/strong><\/p>\n<p style=\"text-align: left;\"><strong>Preparation:<\/strong> The surface should be dry, absorbent and free from grease and dust.<\/p>\n<p style=\"text-align: left;\"><strong>Application:<\/strong> Apply Nordic Chic Top Coat undiluted in two coats. A light sanding is advisable after the first coat has dried (grain size 180 \u2013 240). Apply Nordic Chic Top Coat thinly.<\/p>\n<ul>\n<li style=\"text-align: left;\"><strong>Tools:<\/strong> Brush, roller or a suitable spraying device (e.g. Airless or Aircoat). Apply sparingly. Use soapy water for cleaning the tools.<\/li>\n<li style=\"text-align: left;\"><strong>Storage:<\/strong> Store containers tightly sealed in a cool but frost-free place.<\/li>\n<li style=\"text-align: left;\"><strong>Ingredients:<\/strong> Water, earth pigments, tensides, mineral filling material, vinegar ester, 0.1% synthetic preservative (MIT \/ BIT)<\/li>\n<li style=\"text-align: left;\"><strong>Safety:<\/strong> Even if non-poisonous keep out of the reach of children.<\/li>\n<li style=\"text-align: left;\"><strong>Disposal:<\/strong> Allow unused enamel paint to dry. Get rid of the leftovers according to the local rules in force. Do not dump into the drain.<\/li>\n<li style=\"text-align: left;\"><strong>VOC Directive:<\/strong> VOC-Content (g\/l): 0.01<\/li>\n<\/ul>\n<p>Content: 500ml[\/vc_column_text]<div class=\"ult-spacer spacer-6a03f9f2bc937\" data-id=\"6a03f9f2bc937\" data-height=\"90\" data-height-mobile=\"60\" data-height-tab=\"90\" data-height-tab-portrait=\"60\" data-height-mobile-landscape=\"60\" style=\"clear:both;display:block;\"><\/div>[\/vc_column][vc_column width=\u00a0\u00bb1\/6&Prime;][\/vc_column][\/vc_row]<\/p>\n<\/section>","protected":false},"excerpt":{"rendered":"<p>[vc_row full_width=\u00a0\u00bbstretch_row\u00a0\u00bb][vc_column width=\u00a0\u00bb1\/6&Prime;][\/vc_column][vc_column width=\u00a0\u00bb2\/3&Prime;][vc_column_text] O\u00f9 pouvez-vous utiliser Nordic Chic Primer ? If you have furniture made of wood that might contain a lot of tannins you can use our Primer to stop them from bleeding through. Applied twice it stops \u00ab\u00a0bleeding through\u00a0\u00bb in most cases quite safely and should be able to replace shelllaquer as &#8230; <a title=\"Primer\" class=\"read-more\" href=\"https:\/\/nordicchicpaint.com\/fr\/primer\/\" aria-label=\"En savoir plus sur Primer\">Lire plus<\/a><\/p>\n","protected":false},"author":1,"featured_media":5782,"parent":0,"menu_order":0,"comment_status":"closed","ping_status":"closed","template":"","meta":{"_acf_changed":false,"footnotes":""},"categories":[],"class_list":["post-5851","page","type-page","status-publish","has-post-thumbnail"],"acf":[],"yoast_head":"<!-- This site is optimized with the Yoast SEO plugin v23.4 - https:\/\/yoast.com\/wordpress\/plugins\/seo\/ -->\n<title>Primer &#183; Nordic Chic\u00ae<\/title>\n<meta name=\"description\" content=\"Si vous avez des meubles en bois susceptibles de contenir beaucoup de tanins, vous pouvez utiliser notre Primer pour les emp\u00eacher de couler. Appliqu\u00e9 deux fois, il arr\u00eate de &quot;saigner&quot; dans la plupart des cas en toute s\u00e9curit\u00e9 et devrait tr\u00e8s bien remplacer la laque en tant qu&#039;appr\u00eat isolant. Quelques avantages du Nordic Chic Primer par rapport \u00e0 la laque shell : Le Nordic Chic Primer est plus \u00e9lastique que la laque schell et le Nordic Chic Primer ne gonfle pas au contact de l&#039;eau.\" \/>\n<meta name=\"robots\" content=\"index, follow, max-snippet:-1, max-image-preview:large, max-video-preview:-1\" \/>\n<link rel=\"canonical\" href=\"https:\/\/nordicchicpaint.com\/fr\/primer\/\" \/>\n<meta property=\"og:locale\" content=\"fr_FR\" \/>\n<meta property=\"og:type\" content=\"article\" \/>\n<meta property=\"og:title\" content=\"Primer &#183; Nordic Chic\u00ae\" \/>\n<meta property=\"og:description\" content=\"Si vous avez des meubles en bois susceptibles de contenir beaucoup de tanins, vous pouvez utiliser notre Primer pour les emp\u00eacher de couler. Appliqu\u00e9 deux fois, il arr\u00eate de &quot;saigner&quot; dans la plupart des cas en toute s\u00e9curit\u00e9 et devrait tr\u00e8s bien remplacer la laque en tant qu&#039;appr\u00eat isolant. Quelques avantages du Nordic Chic Primer par rapport \u00e0 la laque shell : Le Nordic Chic Primer est plus \u00e9lastique que la laque schell et le Nordic Chic Primer ne gonfle pas au contact de l&#039;eau.\" \/>\n<meta property=\"og:url\" content=\"https:\/\/nordicchicpaint.com\/fr\/primer\/\" \/>\n<meta property=\"og:site_name\" content=\"Nordic Chic\u00ae\" \/>\n<meta property=\"article:modified_time\" content=\"2024-08-29T12:17:23+00:00\" \/>\n<meta property=\"og:image\" content=\"https:\/\/nordicchicpaint.com\/wp-content\/uploads\/2023\/06\/primer-2-e1687933505150.jpeg\" \/>\n\t<meta property=\"og:image:width\" content=\"1920\" \/>\n\t<meta property=\"og:image:height\" content=\"681\" \/>\n\t<meta property=\"og:image:type\" content=\"image\/jpeg\" \/>\n<meta name=\"twitter:card\" content=\"summary_large_image\" \/>\n<meta name=\"twitter:label1\" content=\"Dur\u00e9e de lecture estim\u00e9e\" \/>\n\t<meta name=\"twitter:data1\" content=\"2 minutes\" \/>\n<script type=\"application\/ld+json\" class=\"yoast-schema-graph\">{\"@context\":\"https:\/\/schema.org\",\"@graph\":[{\"@type\":\"WebPage\",\"@id\":\"https:\/\/nordicchicpaint.com\/fr\/primer\/\",\"url\":\"https:\/\/nordicchicpaint.com\/fr\/primer\/\",\"name\":\"Primer &#183; Nordic Chic\u00ae\",\"isPartOf\":{\"@id\":\"https:\/\/nordicchicpaint.com\/fr\/#website\"},\"primaryImageOfPage\":{\"@id\":\"https:\/\/nordicchicpaint.com\/fr\/primer\/#primaryimage\"},\"image\":{\"@id\":\"https:\/\/nordicchicpaint.com\/fr\/primer\/#primaryimage\"},\"thumbnailUrl\":\"https:\/\/nordicchicpaint.com\/wp-content\/uploads\/2023\/06\/primer-2-e1687933505150.jpeg\",\"datePublished\":\"2022-04-13T07:04:31+00:00\",\"dateModified\":\"2024-08-29T12:17:23+00:00\",\"description\":\"Si vous avez des meubles en bois susceptibles de contenir beaucoup de tanins, vous pouvez utiliser notre Primer pour les emp\u00eacher de couler. Appliqu\u00e9 deux fois, il arr\u00eate de \\\"saigner\\\" dans la plupart des cas en toute s\u00e9curit\u00e9 et devrait tr\u00e8s bien remplacer la laque en tant qu'appr\u00eat isolant. Quelques avantages du Nordic Chic Primer par rapport \u00e0 la laque shell : Le Nordic Chic Primer est plus \u00e9lastique que la laque schell et le Nordic Chic Primer ne gonfle pas au contact de l'eau.\",\"breadcrumb\":{\"@id\":\"https:\/\/nordicchicpaint.com\/fr\/primer\/#breadcrumb\"},\"inLanguage\":\"fr-FR\",\"potentialAction\":[{\"@type\":\"ReadAction\",\"target\":[\"https:\/\/nordicchicpaint.com\/fr\/primer\/\"]}]},{\"@type\":\"ImageObject\",\"inLanguage\":\"fr-FR\",\"@id\":\"https:\/\/nordicchicpaint.com\/fr\/primer\/#primaryimage\",\"url\":\"https:\/\/nordicchicpaint.com\/wp-content\/uploads\/2023\/06\/primer-2-e1687933505150.jpeg\",\"contentUrl\":\"https:\/\/nordicchicpaint.com\/wp-content\/uploads\/2023\/06\/primer-2-e1687933505150.jpeg\",\"width\":1920,\"height\":681},{\"@type\":\"BreadcrumbList\",\"@id\":\"https:\/\/nordicchicpaint.com\/fr\/primer\/#breadcrumb\",\"itemListElement\":[{\"@type\":\"ListItem\",\"position\":1,\"name\":\"Hjem\",\"item\":\"https:\/\/nordicchicpaint.com\/fr\/\"},{\"@type\":\"ListItem\",\"position\":2,\"name\":\"Primer\"}]},{\"@type\":\"WebSite\",\"@id\":\"https:\/\/nordicchicpaint.com\/fr\/#website\",\"url\":\"https:\/\/nordicchicpaint.com\/fr\/\",\"name\":\"Nordic Chic\u00ae\",\"description\":\"Chalk paint for interior and exterior use\",\"publisher\":{\"@id\":\"https:\/\/nordicchicpaint.com\/fr\/#organization\"},\"potentialAction\":[{\"@type\":\"SearchAction\",\"target\":{\"@type\":\"EntryPoint\",\"urlTemplate\":\"https:\/\/nordicchicpaint.com\/fr\/?s={search_term_string}\"},\"query-input\":{\"@type\":\"PropertyValueSpecification\",\"valueRequired\":true,\"valueName\":\"search_term_string\"}}],\"inLanguage\":\"fr-FR\"},{\"@type\":\"Organization\",\"@id\":\"https:\/\/nordicchicpaint.com\/fr\/#organization\",\"name\":\"Nordic Chic\u00ae\",\"url\":\"https:\/\/nordicchicpaint.com\/fr\/\",\"logo\":{\"@type\":\"ImageObject\",\"inLanguage\":\"fr-FR\",\"@id\":\"https:\/\/nordicchicpaint.com\/fr\/#\/schema\/logo\/image\/\",\"url\":\"https:\/\/nordicchicpaint.com\/wp-content\/uploads\/2021\/10\/logo.svg\",\"contentUrl\":\"https:\/\/nordicchicpaint.com\/wp-content\/uploads\/2021\/10\/logo.svg\",\"width\":479,\"height\":474,\"caption\":\"Nordic Chic\u00ae\"},\"image\":{\"@id\":\"https:\/\/nordicchicpaint.com\/fr\/#\/schema\/logo\/image\/\"}}]}<\/script>\n<!-- \/ Yoast SEO plugin. -->","yoast_head_json":{"title":"Primer &#183; Nordic Chic\u00ae","description":"Si vous avez des meubles en bois susceptibles de contenir beaucoup de tanins, vous pouvez utiliser notre Primer pour les emp\u00eacher de couler. Appliqu\u00e9 deux fois, il arr\u00eate de \"saigner\" dans la plupart des cas en toute s\u00e9curit\u00e9 et devrait tr\u00e8s bien remplacer la laque en tant qu'appr\u00eat isolant. Quelques avantages du Nordic Chic Primer par rapport \u00e0 la laque shell : Le Nordic Chic Primer est plus \u00e9lastique que la laque schell et le Nordic Chic Primer ne gonfle pas au contact de l'eau.","robots":{"index":"index","follow":"follow","max-snippet":"max-snippet:-1","max-image-preview":"max-image-preview:large","max-video-preview":"max-video-preview:-1"},"canonical":"https:\/\/nordicchicpaint.com\/fr\/primer\/","og_locale":"fr_FR","og_type":"article","og_title":"Primer &#183; Nordic Chic\u00ae","og_description":"Si vous avez des meubles en bois susceptibles de contenir beaucoup de tanins, vous pouvez utiliser notre Primer pour les emp\u00eacher de couler. Appliqu\u00e9 deux fois, il arr\u00eate de \"saigner\" dans la plupart des cas en toute s\u00e9curit\u00e9 et devrait tr\u00e8s bien remplacer la laque en tant qu'appr\u00eat isolant. Quelques avantages du Nordic Chic Primer par rapport \u00e0 la laque shell : Le Nordic Chic Primer est plus \u00e9lastique que la laque schell et le Nordic Chic Primer ne gonfle pas au contact de l'eau.","og_url":"https:\/\/nordicchicpaint.com\/fr\/primer\/","og_site_name":"Nordic Chic\u00ae","article_modified_time":"2024-08-29T12:17:23+00:00","og_image":[{"width":1920,"height":681,"url":"https:\/\/nordicchicpaint.com\/wp-content\/uploads\/2023\/06\/primer-2-e1687933505150.jpeg","type":"image\/jpeg"}],"twitter_card":"summary_large_image","twitter_misc":{"Dur\u00e9e de lecture estim\u00e9e":"2 minutes"},"schema":{"@context":"https:\/\/schema.org","@graph":[{"@type":"WebPage","@id":"https:\/\/nordicchicpaint.com\/fr\/primer\/","url":"https:\/\/nordicchicpaint.com\/fr\/primer\/","name":"Primer &#183; Nordic Chic\u00ae","isPartOf":{"@id":"https:\/\/nordicchicpaint.com\/fr\/#website"},"primaryImageOfPage":{"@id":"https:\/\/nordicchicpaint.com\/fr\/primer\/#primaryimage"},"image":{"@id":"https:\/\/nordicchicpaint.com\/fr\/primer\/#primaryimage"},"thumbnailUrl":"https:\/\/nordicchicpaint.com\/wp-content\/uploads\/2023\/06\/primer-2-e1687933505150.jpeg","datePublished":"2022-04-13T07:04:31+00:00","dateModified":"2024-08-29T12:17:23+00:00","description":"Si vous avez des meubles en bois susceptibles de contenir beaucoup de tanins, vous pouvez utiliser notre Primer pour les emp\u00eacher de couler. Appliqu\u00e9 deux fois, il arr\u00eate de \"saigner\" dans la plupart des cas en toute s\u00e9curit\u00e9 et devrait tr\u00e8s bien remplacer la laque en tant qu'appr\u00eat isolant. Quelques avantages du Nordic Chic Primer par rapport \u00e0 la laque shell : Le Nordic Chic Primer est plus \u00e9lastique que la laque schell et le Nordic Chic Primer ne gonfle pas au contact de l'eau.","breadcrumb":{"@id":"https:\/\/nordicchicpaint.com\/fr\/primer\/#breadcrumb"},"inLanguage":"fr-FR","potentialAction":[{"@type":"ReadAction","target":["https:\/\/nordicchicpaint.com\/fr\/primer\/"]}]},{"@type":"ImageObject","inLanguage":"fr-FR","@id":"https:\/\/nordicchicpaint.com\/fr\/primer\/#primaryimage","url":"https:\/\/nordicchicpaint.com\/wp-content\/uploads\/2023\/06\/primer-2-e1687933505150.jpeg","contentUrl":"https:\/\/nordicchicpaint.com\/wp-content\/uploads\/2023\/06\/primer-2-e1687933505150.jpeg","width":1920,"height":681},{"@type":"BreadcrumbList","@id":"https:\/\/nordicchicpaint.com\/fr\/primer\/#breadcrumb","itemListElement":[{"@type":"ListItem","position":1,"name":"Hjem","item":"https:\/\/nordicchicpaint.com\/fr\/"},{"@type":"ListItem","position":2,"name":"Primer"}]},{"@type":"WebSite","@id":"https:\/\/nordicchicpaint.com\/fr\/#website","url":"https:\/\/nordicchicpaint.com\/fr\/","name":"Nordic Chic\u00ae","description":"Chalk paint for interior and exterior use","publisher":{"@id":"https:\/\/nordicchicpaint.com\/fr\/#organization"},"potentialAction":[{"@type":"SearchAction","target":{"@type":"EntryPoint","urlTemplate":"https:\/\/nordicchicpaint.com\/fr\/?s={search_term_string}"},"query-input":{"@type":"PropertyValueSpecification","valueRequired":true,"valueName":"search_term_string"}}],"inLanguage":"fr-FR"},{"@type":"Organization","@id":"https:\/\/nordicchicpaint.com\/fr\/#organization","name":"Nordic Chic\u00ae","url":"https:\/\/nordicchicpaint.com\/fr\/","logo":{"@type":"ImageObject","inLanguage":"fr-FR","@id":"https:\/\/nordicchicpaint.com\/fr\/#\/schema\/logo\/image\/","url":"https:\/\/nordicchicpaint.com\/wp-content\/uploads\/2021\/10\/logo.svg","contentUrl":"https:\/\/nordicchicpaint.com\/wp-content\/uploads\/2021\/10\/logo.svg","width":479,"height":474,"caption":"Nordic Chic\u00ae"},"image":{"@id":"https:\/\/nordicchicpaint.com\/fr\/#\/schema\/logo\/image\/"}}]}},"_links":{"self":[{"href":"https:\/\/nordicchicpaint.com\/fr\/wp-json\/wp\/v2\/pages\/5851"}],"collection":[{"href":"https:\/\/nordicchicpaint.com\/fr\/wp-json\/wp\/v2\/pages"}],"about":[{"href":"https:\/\/nordicchicpaint.com\/fr\/wp-json\/wp\/v2\/types\/page"}],"author":[{"embeddable":true,"href":"https:\/\/nordicchicpaint.com\/fr\/wp-json\/wp\/v2\/users\/1"}],"replies":[{"embeddable":true,"href":"https:\/\/nordicchicpaint.com\/fr\/wp-json\/wp\/v2\/comments?post=5851"}],"version-history":[{"count":2,"href":"https:\/\/nordicchicpaint.com\/fr\/wp-json\/wp\/v2\/pages\/5851\/revisions"}],"predecessor-version":[{"id":5853,"href":"https:\/\/nordicchicpaint.com\/fr\/wp-json\/wp\/v2\/pages\/5851\/revisions\/5853"}],"wp:featuredmedia":[{"embeddable":true,"href":"https:\/\/nordicchicpaint.com\/fr\/wp-json\/wp\/v2\/media\/5782"}],"wp:attachment":[{"href":"https:\/\/nordicchicpaint.com\/fr\/wp-json\/wp\/v2\/media?parent=5851"}],"wp:term":[{"taxonomy":"category","embeddable":true,"href":"https:\/\/nordicchicpaint.com\/fr\/wp-json\/wp\/v2\/categories?post=5851"}],"curies":[{"name":"wp","href":"https:\/\/api.w.org\/{rel}","templated":true}]}}