{"id":5848,"date":"2022-04-13T09:04:47","date_gmt":"2022-04-13T07:04:47","guid":{"rendered":"https:\/\/nordicchicpaint.com\/prep-clean\/"},"modified":"2024-08-29T14:15:17","modified_gmt":"2024-08-29T12:15:17","slug":"prep-clean","status":"publish","type":"page","link":"https:\/\/nordicchicpaint.com\/fr\/prep-clean\/","title":{"rendered":"Prep &#038; Clean"},"content":{"rendered":"<section class=\"wpb-content-wrapper\"><p>[vc_row][vc_column]<div class=\"ult-spacer spacer-69e0297ed88bb\" data-id=\"69e0297ed88bb\" data-height=\"90\" data-height-mobile=\"60\" data-height-tab=\"90\" data-height-tab-portrait=\"60\" data-height-mobile-landscape=\"60\" style=\"clear:both;display:block;\"><\/div>[vc_column_text]<\/p>\n<h1>Nordic Chic\u00ae Prep &amp; Clean<\/h1>\n<p>est un nettoyant polyvalent intensif, d\u00e9capant et d\u00e9graissant pr\u00eat \u00e0 l&#8217;emploi, de grande capacit\u00e9, dot\u00e9 du pouvoir nettoyant du savon \u00e0 l&rsquo;huile de pin.<\/p>\n<p>C&rsquo;est un excellent nettoyant universel \u00e0 utiliser partout dans la maison, mais il est particuli\u00e8rement adapt\u00e9 pour que vos meubles soient beaux et pr\u00eats \u00e0 recevoir une couche de peinture Nordic\u00a0Chic\u00ae.<\/p>\n<p>Prep &amp; Clean est livr\u00e9 dans un flacon pulv\u00e9risateur pratique pour vous offrir un peu plus de commodit\u00e9 lors du conditionnement de vos tr\u00e9sors en bois.<\/p>\n<p>Comment\u00a0:<\/p>\n<p>Humidifiez mod\u00e9r\u00e9ment\u00a0la surface avec un chiffon humide. Apr\u00e8s<br \/>\nvaporisez Prep &amp; Clean et laissez agir quelques minutes. Pendant qu&rsquo;elle est encore humide, essuyez la surface avec un chiffon propre pour \u00e9liminer la salet\u00e9 et le nettoyant. R\u00e9p\u00e9tez si n\u00e9cessaire.<\/p>\n<p>Lorsque toutes les taches ont disparu, essuyez une derni\u00e8re fois la surface avec un chiffon propre et humide pour \u00e9liminer compl\u00e8tement le nettoyant. Assurez-vous que la surface est compl\u00e8tement s\u00e8che avant de la peindre avec les peintures pour meubles Nordic Chic\u00ae.<\/p>\n<p>Temps de s\u00e9chage\u00a0: en fonction de la temp\u00e9rature ambiante et de l&rsquo;humidit\u00e9 relative, le produit sera normalement sec au toucher apr\u00e8s 15\u00a0minutes. La surface sera compl\u00e8tement s\u00e8che\/pr\u00eate \u00e0 peindre apr\u00e8s 2 \u00e0 4\u00a0heures environ.<br \/>\nCouverture : env. 11-14 m\u00b2 par litre.<br \/>\nNettoyage\u00a0: nettoyez les outils imm\u00e9diatement apr\u00e8s utilisation avec de l&rsquo;eau ti\u00e8de savonneuse.<br \/>\nStockage : Conserver les contenants herm\u00e9tiquement ferm\u00e9s et hors de port\u00e9e des enfants. A conserver dans un endroit frais et \u00e0 l&rsquo;abri du gel.<br \/>\nIngr\u00e9dients : Savon \u00e0 l&rsquo;huile de pin, huiles essentielles, eau.<br \/>\n\u00c9limination\u00a0: Ne pas rejeter dans les \u00e9gouts. Laissez s\u00e9cher le nettoyant inutilis\u00e9\u00a0; il peut alors \u00eatre \u00e9limin\u00e9 conform\u00e9ment aux r\u00e8gles locales d&rsquo;\u00e9limination des d\u00e9chets.<\/p>\n<p>Contenu : 1 litre[\/vc_column_text]<div class=\"ult-spacer spacer-69e0297ed88fe\" data-id=\"69e0297ed88fe\" data-height=\"90\" data-height-mobile=\"60\" data-height-tab=\"90\" data-height-tab-portrait=\"60\" data-height-mobile-landscape=\"60\" style=\"clear:both;display:block;\"><\/div>[\/vc_column][\/vc_row]<\/p>\n<\/section>","protected":false},"excerpt":{"rendered":"<p>[vc_row][vc_column][vc_column_text] Nordic Chic\u00ae Prep &amp; Clean est un nettoyant polyvalent intensif, d\u00e9capant et d\u00e9graissant pr\u00eat \u00e0 l&#8217;emploi, de grande capacit\u00e9, dot\u00e9 du pouvoir nettoyant du savon \u00e0 l&rsquo;huile de pin. C&rsquo;est un excellent nettoyant universel \u00e0 utiliser partout dans la maison, mais il est particuli\u00e8rement adapt\u00e9 pour que vos meubles soient beaux et pr\u00eats \u00e0 &#8230; <a title=\"Prep &#038; Clean\" class=\"read-more\" href=\"https:\/\/nordicchicpaint.com\/fr\/prep-clean\/\" aria-label=\"En savoir plus sur Prep &#038; Clean\">Lire plus<\/a><\/p>\n","protected":false},"author":1,"featured_media":5719,"parent":0,"menu_order":0,"comment_status":"closed","ping_status":"closed","template":"","meta":{"_acf_changed":false,"footnotes":""},"categories":[],"class_list":["post-5848","page","type-page","status-publish","has-post-thumbnail"],"acf":[],"yoast_head":"<!-- This site is optimized with the Yoast SEO plugin v23.4 - https:\/\/yoast.com\/wordpress\/plugins\/seo\/ -->\n<title>Prep &amp; Clean &#183; Nordic Chic\u00ae<\/title>\n<meta name=\"description\" content=\"Nordic Chic\u00ae Prep &amp; Clean est un nettoyant polyvalent intensif, d\u00e9capant et d\u00e9graissant pr\u00eat \u00e0 l&#039;emploi, de haute capacit\u00e9, dot\u00e9 du pouvoir nettoyant du savon \u00e0 l&#039;huile de pin. C&#039;est un excellent nettoyant universel pour une utilisation partout dans la maison, mais il est particuli\u00e8rement adapt\u00e9 pour pr\u00e9parez vos meubles pour une couche de peinture Nordic\u00a0Chic\u00ae. Prep &amp; Clean est livr\u00e9 dans un flacon pulv\u00e9risateur pratique pour vous offrir un peu plus de commodit\u00e9 lors du conditionnement de vos tr\u00e9sors en bois.\" \/>\n<meta name=\"robots\" content=\"index, follow, max-snippet:-1, max-image-preview:large, max-video-preview:-1\" \/>\n<link rel=\"canonical\" href=\"https:\/\/nordicchicpaint.com\/fr\/prep-clean\/\" \/>\n<meta property=\"og:locale\" content=\"fr_FR\" \/>\n<meta property=\"og:type\" content=\"article\" \/>\n<meta property=\"og:title\" content=\"Prep &amp; Clean &#183; Nordic Chic\u00ae\" \/>\n<meta property=\"og:description\" content=\"Nordic Chic\u00ae Prep &amp; Clean est un nettoyant polyvalent intensif, d\u00e9capant et d\u00e9graissant pr\u00eat \u00e0 l&#039;emploi, de haute capacit\u00e9, dot\u00e9 du pouvoir nettoyant du savon \u00e0 l&#039;huile de pin. C&#039;est un excellent nettoyant universel pour une utilisation partout dans la maison, mais il est particuli\u00e8rement adapt\u00e9 pour pr\u00e9parez vos meubles pour une couche de peinture Nordic\u00a0Chic\u00ae. Prep &amp; Clean est livr\u00e9 dans un flacon pulv\u00e9risateur pratique pour vous offrir un peu plus de commodit\u00e9 lors du conditionnement de vos tr\u00e9sors en bois.\" \/>\n<meta property=\"og:url\" content=\"https:\/\/nordicchicpaint.com\/fr\/prep-clean\/\" \/>\n<meta property=\"og:site_name\" content=\"Nordic Chic\u00ae\" \/>\n<meta property=\"article:modified_time\" content=\"2024-08-29T12:15:17+00:00\" \/>\n<meta property=\"og:image\" content=\"https:\/\/nordicchicpaint.com\/wp-content\/uploads\/2022\/08\/prepandclean.jpeg\" \/>\n\t<meta property=\"og:image:width\" content=\"1920\" \/>\n\t<meta property=\"og:image:height\" content=\"1080\" \/>\n\t<meta property=\"og:image:type\" content=\"image\/jpeg\" \/>\n<meta name=\"twitter:card\" content=\"summary_large_image\" \/>\n<meta name=\"twitter:label1\" content=\"Dur\u00e9e de lecture estim\u00e9e\" \/>\n\t<meta name=\"twitter:data1\" content=\"2 minutes\" \/>\n<script type=\"application\/ld+json\" class=\"yoast-schema-graph\">{\"@context\":\"https:\/\/schema.org\",\"@graph\":[{\"@type\":\"WebPage\",\"@id\":\"https:\/\/nordicchicpaint.com\/fr\/prep-clean\/\",\"url\":\"https:\/\/nordicchicpaint.com\/fr\/prep-clean\/\",\"name\":\"Prep & Clean &#183; Nordic Chic\u00ae\",\"isPartOf\":{\"@id\":\"https:\/\/nordicchicpaint.com\/fr\/#website\"},\"primaryImageOfPage\":{\"@id\":\"https:\/\/nordicchicpaint.com\/fr\/prep-clean\/#primaryimage\"},\"image\":{\"@id\":\"https:\/\/nordicchicpaint.com\/fr\/prep-clean\/#primaryimage\"},\"thumbnailUrl\":\"https:\/\/nordicchicpaint.com\/wp-content\/uploads\/2022\/08\/prepandclean.jpeg\",\"datePublished\":\"2022-04-13T07:04:47+00:00\",\"dateModified\":\"2024-08-29T12:15:17+00:00\",\"description\":\"Nordic Chic\u00ae Prep & Clean est un nettoyant polyvalent intensif, d\u00e9capant et d\u00e9graissant pr\u00eat \u00e0 l'emploi, de haute capacit\u00e9, dot\u00e9 du pouvoir nettoyant du savon \u00e0 l'huile de pin. C'est un excellent nettoyant universel pour une utilisation partout dans la maison, mais il est particuli\u00e8rement adapt\u00e9 pour pr\u00e9parez vos meubles pour une couche de peinture Nordic\u00a0Chic\u00ae. Prep & Clean est livr\u00e9 dans un flacon pulv\u00e9risateur pratique pour vous offrir un peu plus de commodit\u00e9 lors du conditionnement de vos tr\u00e9sors en bois.\",\"breadcrumb\":{\"@id\":\"https:\/\/nordicchicpaint.com\/fr\/prep-clean\/#breadcrumb\"},\"inLanguage\":\"fr-FR\",\"potentialAction\":[{\"@type\":\"ReadAction\",\"target\":[\"https:\/\/nordicchicpaint.com\/fr\/prep-clean\/\"]}]},{\"@type\":\"ImageObject\",\"inLanguage\":\"fr-FR\",\"@id\":\"https:\/\/nordicchicpaint.com\/fr\/prep-clean\/#primaryimage\",\"url\":\"https:\/\/nordicchicpaint.com\/wp-content\/uploads\/2022\/08\/prepandclean.jpeg\",\"contentUrl\":\"https:\/\/nordicchicpaint.com\/wp-content\/uploads\/2022\/08\/prepandclean.jpeg\",\"width\":1920,\"height\":1080},{\"@type\":\"BreadcrumbList\",\"@id\":\"https:\/\/nordicchicpaint.com\/fr\/prep-clean\/#breadcrumb\",\"itemListElement\":[{\"@type\":\"ListItem\",\"position\":1,\"name\":\"Hjem\",\"item\":\"https:\/\/nordicchicpaint.com\/fr\/\"},{\"@type\":\"ListItem\",\"position\":2,\"name\":\"Prep &#038; Clean\"}]},{\"@type\":\"WebSite\",\"@id\":\"https:\/\/nordicchicpaint.com\/fr\/#website\",\"url\":\"https:\/\/nordicchicpaint.com\/fr\/\",\"name\":\"Nordic Chic\u00ae\",\"description\":\"Chalk paint for interior and exterior use\",\"publisher\":{\"@id\":\"https:\/\/nordicchicpaint.com\/fr\/#organization\"},\"potentialAction\":[{\"@type\":\"SearchAction\",\"target\":{\"@type\":\"EntryPoint\",\"urlTemplate\":\"https:\/\/nordicchicpaint.com\/fr\/?s={search_term_string}\"},\"query-input\":{\"@type\":\"PropertyValueSpecification\",\"valueRequired\":true,\"valueName\":\"search_term_string\"}}],\"inLanguage\":\"fr-FR\"},{\"@type\":\"Organization\",\"@id\":\"https:\/\/nordicchicpaint.com\/fr\/#organization\",\"name\":\"Nordic Chic\u00ae\",\"url\":\"https:\/\/nordicchicpaint.com\/fr\/\",\"logo\":{\"@type\":\"ImageObject\",\"inLanguage\":\"fr-FR\",\"@id\":\"https:\/\/nordicchicpaint.com\/fr\/#\/schema\/logo\/image\/\",\"url\":\"https:\/\/nordicchicpaint.com\/wp-content\/uploads\/2021\/10\/logo.svg\",\"contentUrl\":\"https:\/\/nordicchicpaint.com\/wp-content\/uploads\/2021\/10\/logo.svg\",\"width\":479,\"height\":474,\"caption\":\"Nordic Chic\u00ae\"},\"image\":{\"@id\":\"https:\/\/nordicchicpaint.com\/fr\/#\/schema\/logo\/image\/\"}}]}<\/script>\n<!-- \/ Yoast SEO plugin. -->","yoast_head_json":{"title":"Prep & Clean &#183; Nordic Chic\u00ae","description":"Nordic Chic\u00ae Prep & Clean est un nettoyant polyvalent intensif, d\u00e9capant et d\u00e9graissant pr\u00eat \u00e0 l'emploi, de haute capacit\u00e9, dot\u00e9 du pouvoir nettoyant du savon \u00e0 l'huile de pin. C'est un excellent nettoyant universel pour une utilisation partout dans la maison, mais il est particuli\u00e8rement adapt\u00e9 pour pr\u00e9parez vos meubles pour une couche de peinture Nordic\u00a0Chic\u00ae. Prep & Clean est livr\u00e9 dans un flacon pulv\u00e9risateur pratique pour vous offrir un peu plus de commodit\u00e9 lors du conditionnement de vos tr\u00e9sors en bois.","robots":{"index":"index","follow":"follow","max-snippet":"max-snippet:-1","max-image-preview":"max-image-preview:large","max-video-preview":"max-video-preview:-1"},"canonical":"https:\/\/nordicchicpaint.com\/fr\/prep-clean\/","og_locale":"fr_FR","og_type":"article","og_title":"Prep & Clean &#183; Nordic Chic\u00ae","og_description":"Nordic Chic\u00ae Prep & Clean est un nettoyant polyvalent intensif, d\u00e9capant et d\u00e9graissant pr\u00eat \u00e0 l'emploi, de haute capacit\u00e9, dot\u00e9 du pouvoir nettoyant du savon \u00e0 l'huile de pin. C'est un excellent nettoyant universel pour une utilisation partout dans la maison, mais il est particuli\u00e8rement adapt\u00e9 pour pr\u00e9parez vos meubles pour une couche de peinture Nordic\u00a0Chic\u00ae. Prep & Clean est livr\u00e9 dans un flacon pulv\u00e9risateur pratique pour vous offrir un peu plus de commodit\u00e9 lors du conditionnement de vos tr\u00e9sors en bois.","og_url":"https:\/\/nordicchicpaint.com\/fr\/prep-clean\/","og_site_name":"Nordic Chic\u00ae","article_modified_time":"2024-08-29T12:15:17+00:00","og_image":[{"width":1920,"height":1080,"url":"https:\/\/nordicchicpaint.com\/wp-content\/uploads\/2022\/08\/prepandclean.jpeg","type":"image\/jpeg"}],"twitter_card":"summary_large_image","twitter_misc":{"Dur\u00e9e de lecture estim\u00e9e":"2 minutes"},"schema":{"@context":"https:\/\/schema.org","@graph":[{"@type":"WebPage","@id":"https:\/\/nordicchicpaint.com\/fr\/prep-clean\/","url":"https:\/\/nordicchicpaint.com\/fr\/prep-clean\/","name":"Prep & Clean &#183; Nordic Chic\u00ae","isPartOf":{"@id":"https:\/\/nordicchicpaint.com\/fr\/#website"},"primaryImageOfPage":{"@id":"https:\/\/nordicchicpaint.com\/fr\/prep-clean\/#primaryimage"},"image":{"@id":"https:\/\/nordicchicpaint.com\/fr\/prep-clean\/#primaryimage"},"thumbnailUrl":"https:\/\/nordicchicpaint.com\/wp-content\/uploads\/2022\/08\/prepandclean.jpeg","datePublished":"2022-04-13T07:04:47+00:00","dateModified":"2024-08-29T12:15:17+00:00","description":"Nordic Chic\u00ae Prep & Clean est un nettoyant polyvalent intensif, d\u00e9capant et d\u00e9graissant pr\u00eat \u00e0 l'emploi, de haute capacit\u00e9, dot\u00e9 du pouvoir nettoyant du savon \u00e0 l'huile de pin. C'est un excellent nettoyant universel pour une utilisation partout dans la maison, mais il est particuli\u00e8rement adapt\u00e9 pour pr\u00e9parez vos meubles pour une couche de peinture Nordic\u00a0Chic\u00ae. Prep & Clean est livr\u00e9 dans un flacon pulv\u00e9risateur pratique pour vous offrir un peu plus de commodit\u00e9 lors du conditionnement de vos tr\u00e9sors en bois.","breadcrumb":{"@id":"https:\/\/nordicchicpaint.com\/fr\/prep-clean\/#breadcrumb"},"inLanguage":"fr-FR","potentialAction":[{"@type":"ReadAction","target":["https:\/\/nordicchicpaint.com\/fr\/prep-clean\/"]}]},{"@type":"ImageObject","inLanguage":"fr-FR","@id":"https:\/\/nordicchicpaint.com\/fr\/prep-clean\/#primaryimage","url":"https:\/\/nordicchicpaint.com\/wp-content\/uploads\/2022\/08\/prepandclean.jpeg","contentUrl":"https:\/\/nordicchicpaint.com\/wp-content\/uploads\/2022\/08\/prepandclean.jpeg","width":1920,"height":1080},{"@type":"BreadcrumbList","@id":"https:\/\/nordicchicpaint.com\/fr\/prep-clean\/#breadcrumb","itemListElement":[{"@type":"ListItem","position":1,"name":"Hjem","item":"https:\/\/nordicchicpaint.com\/fr\/"},{"@type":"ListItem","position":2,"name":"Prep &#038; Clean"}]},{"@type":"WebSite","@id":"https:\/\/nordicchicpaint.com\/fr\/#website","url":"https:\/\/nordicchicpaint.com\/fr\/","name":"Nordic Chic\u00ae","description":"Chalk paint for interior and exterior use","publisher":{"@id":"https:\/\/nordicchicpaint.com\/fr\/#organization"},"potentialAction":[{"@type":"SearchAction","target":{"@type":"EntryPoint","urlTemplate":"https:\/\/nordicchicpaint.com\/fr\/?s={search_term_string}"},"query-input":{"@type":"PropertyValueSpecification","valueRequired":true,"valueName":"search_term_string"}}],"inLanguage":"fr-FR"},{"@type":"Organization","@id":"https:\/\/nordicchicpaint.com\/fr\/#organization","name":"Nordic Chic\u00ae","url":"https:\/\/nordicchicpaint.com\/fr\/","logo":{"@type":"ImageObject","inLanguage":"fr-FR","@id":"https:\/\/nordicchicpaint.com\/fr\/#\/schema\/logo\/image\/","url":"https:\/\/nordicchicpaint.com\/wp-content\/uploads\/2021\/10\/logo.svg","contentUrl":"https:\/\/nordicchicpaint.com\/wp-content\/uploads\/2021\/10\/logo.svg","width":479,"height":474,"caption":"Nordic Chic\u00ae"},"image":{"@id":"https:\/\/nordicchicpaint.com\/fr\/#\/schema\/logo\/image\/"}}]}},"_links":{"self":[{"href":"https:\/\/nordicchicpaint.com\/fr\/wp-json\/wp\/v2\/pages\/5848"}],"collection":[{"href":"https:\/\/nordicchicpaint.com\/fr\/wp-json\/wp\/v2\/pages"}],"about":[{"href":"https:\/\/nordicchicpaint.com\/fr\/wp-json\/wp\/v2\/types\/page"}],"author":[{"embeddable":true,"href":"https:\/\/nordicchicpaint.com\/fr\/wp-json\/wp\/v2\/users\/1"}],"replies":[{"embeddable":true,"href":"https:\/\/nordicchicpaint.com\/fr\/wp-json\/wp\/v2\/comments?post=5848"}],"version-history":[{"count":2,"href":"https:\/\/nordicchicpaint.com\/fr\/wp-json\/wp\/v2\/pages\/5848\/revisions"}],"predecessor-version":[{"id":5850,"href":"https:\/\/nordicchicpaint.com\/fr\/wp-json\/wp\/v2\/pages\/5848\/revisions\/5850"}],"wp:featuredmedia":[{"embeddable":true,"href":"https:\/\/nordicchicpaint.com\/fr\/wp-json\/wp\/v2\/media\/5719"}],"wp:attachment":[{"href":"https:\/\/nordicchicpaint.com\/fr\/wp-json\/wp\/v2\/media?parent=5848"}],"wp:term":[{"taxonomy":"category","embeddable":true,"href":"https:\/\/nordicchicpaint.com\/fr\/wp-json\/wp\/v2\/categories?post=5848"}],"curies":[{"name":"wp","href":"https:\/\/api.w.org\/{rel}","templated":true}]}}