{"id":5845,"date":"2022-02-22T15:01:33","date_gmt":"2022-02-22T14:01:33","guid":{"rendered":"https:\/\/nordicchicpaint.com\/nordic-chic-topcoat\/"},"modified":"2024-08-29T14:13:16","modified_gmt":"2024-08-29T12:13:16","slug":"nordic-chic-topcoat","status":"publish","type":"page","link":"https:\/\/nordicchicpaint.com\/fr\/nordic-chic-topcoat\/","title":{"rendered":"Nordic Chic Topcoat"},"content":{"rendered":"<section class=\"wpb-content-wrapper\"><p>[vc_row full_width=\u00a0\u00bbstretch_row\u00a0\u00bb el_class=\u00a0\u00bbfarver-ops\u00e6tning\u00a0\u00bb][vc_column]<div class=\"ult-spacer spacer-69e03cc574072\" data-id=\"69e03cc574072\" data-height=\"90\" data-height-mobile=\"60\" data-height-tab=\"90\" data-height-tab-portrait=\"60\" data-height-mobile-landscape=\"60\" style=\"clear:both;display:block;\"><\/div>[vc_row_inner][vc_column_inner width=\u00a0\u00bb1\/6&Prime;][\/vc_column_inner][vc_column_inner width=\u00a0\u00bb2\/3&Prime;][vc_column_text]<\/p>\n<h1><b>Nordic Chic\u00ae Topcoat<\/b><\/h1>\n<p>Am\u00e9liorez et prot\u00e9gez vos meubles avec Nordic Chic Topcoat, une solution \u00e9cologique haut de gamme parfaite pour une utilisation int\u00e9rieure et ext\u00e9rieure. Cette peinture \u00e9mail transparente est sans COV et sans solvant, garantissant un environnement sain et la rendant sans danger pour les meubles d&rsquo;enfants. La couche de finition offre une finition durable et soyeuse qui repousse l&rsquo;eau et n\u00e9cessite un entretien minimal par rapport \u00e0 la cire. Il s\u00e8che rapidement, permettant une deuxi\u00e8me couche dans les deux heures, et peut \u00eatre appliqu\u00e9 au pinceau, au rouleau ou par pulv\u00e9risation. Id\u00e9al pour les bricoleurs, 500 ml couvre jusqu&rsquo;\u00e0 8 m\u00e8tres carr\u00e9s.<\/p>\n<p>Principales caract\u00e9ristiques\u00a0:<\/p>\n<p>Respectueux de l&rsquo;environnement : Z\u00e9ro COV et sans solvant.<br \/>\nPolyvalent : convient pour une utilisation int\u00e9rieure et ext\u00e9rieure.<br \/>\nSans danger pour les enfants : certifi\u00e9 pour une utilisation sur les meubles pour enfants.<br \/>\nProtection durable : hydrofuge et facile \u00e0 entretenir.<br \/>\nS\u00e9chage rapide : Pr\u00eat pour une deuxi\u00e8me couche apr\u00e8s deux heures.<br \/>\nApplication facile : peut \u00eatre appliqu\u00e9 avec un pinceau, un rouleau ou un spray.<\/p>\n<p>Transformez vos projets avec Nordic Chic Topcoat et obtenez de beaux r\u00e9sultats durables.<\/p>\n<p>&nbsp;<\/p>\n<p>INSTRUCTIONS DE DEMANDE<br \/>\nPr\u00e9paration\u00a0:\u00a0La surface doit \u00eatre s\u00e8che, absorbante et exempte de graisse.<br \/>\net la poussi\u00e8re.<br \/>\nApplication : Appliquer le Nordic Chic Top Coat non dilu\u00e9 en deux couches.<br \/>\nUn l\u00e9ger pon\u00e7age est conseill\u00e9 apr\u00e8s s\u00e9chage de la premi\u00e8re couche.<br \/>\n(granulom\u00e9trie 180 \u2013 240). Appliquez le Top Coat Nordic Chic en fine couche.<br \/>\nOutils : Pinceau, rouleau ou pulv\u00e9risateur adapt\u00e9 (par exemple Airless ou Aircoat).<br \/>\nAppliquer avec parcimonie. Utilisez de l&rsquo;eau savonneuse pour nettoyer les outils.<br \/>\nStockage : Conserver les r\u00e9cipients bien ferm\u00e9s dans un endroit frais mais \u00e0 l&rsquo;abri du gel.<br \/>\nIngr\u00e9dients : Eau, pigments terreux, tensioactifs, mat\u00e9riau de remplissage min\u00e9ral,<br \/>\nester de vinaigre, 0,1% conservateur synth\u00e9tique (MIT\/BIT)<br \/>\nS\u00e9curit\u00e9 : M\u00eame s&rsquo;il n&rsquo;est pas toxique, conserver hors de port\u00e9e des enfants.<br \/>\n\u00c9limination : Laisser s\u00e9cher la peinture-\u00e9mail inutilis\u00e9e. D\u00e9barrassez-vous des restes<br \/>\nselon les r\u00e8gles locales en vigueur. Ne pas jeter dans les \u00e9gouts.<br \/>\nDirective COV\u00a0: Teneur en COV (g\/l) : 0,01<\/p>\n<p>Contenu : 500 ml en flacon.<\/p>\n<p>Trouvez votre revendeur <a href=\"https:\/\/nordicchicpaint.com\/retailers-near-you\/\">ici<\/a> ou achetez ici <a href=\"https:\/\/www.nordicchic.eu\">www.nordicchic.eu<\/a>.[\/vc_column_text][\/vc_column_inner][vc_column_inner width=\u00a0\u00bb1\/6&Prime;][\/vc_column_inner][\/vc_row_inner]<div class=\"ult-spacer spacer-69e03cc5740e2\" data-id=\"69e03cc5740e2\" data-height=\"90\" data-height-mobile=\"60\" data-height-tab=\"90\" data-height-tab-portrait=\"60\" data-height-mobile-landscape=\"60\" style=\"clear:both;display:block;\"><\/div>[\/vc_column][\/vc_row]<\/p>\n<\/section>","protected":false},"excerpt":{"rendered":"<p>[vc_row full_width=\u00a0\u00bbstretch_row\u00a0\u00bb el_class=\u00a0\u00bbfarver-ops\u00e6tning\u00a0\u00bb][vc_column][vc_row_inner][vc_column_inner width=\u00a0\u00bb1\/6&Prime;][\/vc_column_inner][vc_column_inner width=\u00a0\u00bb2\/3&Prime;][vc_column_text] Nordic Chic\u00ae Topcoat Am\u00e9liorez et prot\u00e9gez vos meubles avec Nordic Chic Topcoat, une solution \u00e9cologique haut de gamme parfaite pour une utilisation int\u00e9rieure et ext\u00e9rieure. Cette peinture \u00e9mail transparente est sans COV et sans solvant, garantissant un environnement sain et la rendant sans danger pour les meubles d&rsquo;enfants. La couche &#8230; <a title=\"Nordic Chic Topcoat\" class=\"read-more\" href=\"https:\/\/nordicchicpaint.com\/fr\/nordic-chic-topcoat\/\" aria-label=\"En savoir plus sur Nordic Chic Topcoat\">Lire plus<\/a><\/p>\n","protected":false},"author":1,"featured_media":5779,"parent":0,"menu_order":0,"comment_status":"closed","ping_status":"closed","template":"","meta":{"_acf_changed":false,"footnotes":""},"categories":[],"class_list":["post-5845","page","type-page","status-publish","has-post-thumbnail"],"acf":[],"yoast_head":"<!-- This site is optimized with the Yoast SEO plugin v23.4 - https:\/\/yoast.com\/wordpress\/plugins\/seo\/ -->\n<title>Nordic Chic Topcoat &#183; Nordic Chic\u00ae<\/title>\n<meta name=\"robots\" content=\"index, follow, max-snippet:-1, max-image-preview:large, max-video-preview:-1\" \/>\n<link rel=\"canonical\" href=\"https:\/\/nordicchicpaint.com\/fr\/nordic-chic-topcoat\/\" \/>\n<meta property=\"og:locale\" content=\"fr_FR\" \/>\n<meta property=\"og:type\" content=\"article\" \/>\n<meta property=\"og:title\" content=\"Nordic Chic Topcoat &#183; Nordic Chic\u00ae\" \/>\n<meta property=\"og:description\" content=\"[vc_row full_width=\u00a0\u00bbstretch_row\u00a0\u00bb el_class=\u00a0\u00bbfarver-ops\u00e6tning\u00a0\u00bb][vc_column][vc_row_inner][vc_column_inner width=\u00a0\u00bb1\/6&Prime;][\/vc_column_inner][vc_column_inner width=\u00a0\u00bb2\/3&Prime;][vc_column_text] Nordic Chic\u00ae Topcoat Am\u00e9liorez et prot\u00e9gez vos meubles avec Nordic Chic Topcoat, une solution \u00e9cologique haut de gamme parfaite pour une utilisation int\u00e9rieure et ext\u00e9rieure. Cette peinture \u00e9mail transparente est sans COV et sans solvant, garantissant un environnement sain et la rendant sans danger pour les meubles d&rsquo;enfants. La couche ... Lire plus\" \/>\n<meta property=\"og:url\" content=\"https:\/\/nordicchicpaint.com\/fr\/nordic-chic-topcoat\/\" \/>\n<meta property=\"og:site_name\" content=\"Nordic Chic\u00ae\" \/>\n<meta property=\"article:modified_time\" content=\"2024-08-29T12:13:16+00:00\" \/>\n<meta property=\"og:image\" content=\"https:\/\/nordicchicpaint.com\/wp-content\/uploads\/2023\/06\/Topcoat-1-1-e1687933313386.jpeg\" \/>\n\t<meta property=\"og:image:width\" content=\"1920\" \/>\n\t<meta property=\"og:image:height\" content=\"652\" \/>\n\t<meta property=\"og:image:type\" content=\"image\/jpeg\" \/>\n<meta name=\"twitter:card\" content=\"summary_large_image\" \/>\n<meta name=\"twitter:label1\" content=\"Dur\u00e9e de lecture estim\u00e9e\" \/>\n\t<meta name=\"twitter:data1\" content=\"2 minutes\" \/>\n<script type=\"application\/ld+json\" class=\"yoast-schema-graph\">{\"@context\":\"https:\/\/schema.org\",\"@graph\":[{\"@type\":\"WebPage\",\"@id\":\"https:\/\/nordicchicpaint.com\/fr\/nordic-chic-topcoat\/\",\"url\":\"https:\/\/nordicchicpaint.com\/fr\/nordic-chic-topcoat\/\",\"name\":\"Nordic Chic Topcoat &#183; Nordic Chic\u00ae\",\"isPartOf\":{\"@id\":\"https:\/\/nordicchicpaint.com\/fr\/#website\"},\"primaryImageOfPage\":{\"@id\":\"https:\/\/nordicchicpaint.com\/fr\/nordic-chic-topcoat\/#primaryimage\"},\"image\":{\"@id\":\"https:\/\/nordicchicpaint.com\/fr\/nordic-chic-topcoat\/#primaryimage\"},\"thumbnailUrl\":\"https:\/\/nordicchicpaint.com\/wp-content\/uploads\/2023\/06\/Topcoat-1-1-e1687933313386.jpeg\",\"datePublished\":\"2022-02-22T14:01:33+00:00\",\"dateModified\":\"2024-08-29T12:13:16+00:00\",\"breadcrumb\":{\"@id\":\"https:\/\/nordicchicpaint.com\/fr\/nordic-chic-topcoat\/#breadcrumb\"},\"inLanguage\":\"fr-FR\",\"potentialAction\":[{\"@type\":\"ReadAction\",\"target\":[\"https:\/\/nordicchicpaint.com\/fr\/nordic-chic-topcoat\/\"]}]},{\"@type\":\"ImageObject\",\"inLanguage\":\"fr-FR\",\"@id\":\"https:\/\/nordicchicpaint.com\/fr\/nordic-chic-topcoat\/#primaryimage\",\"url\":\"https:\/\/nordicchicpaint.com\/wp-content\/uploads\/2023\/06\/Topcoat-1-1-e1687933313386.jpeg\",\"contentUrl\":\"https:\/\/nordicchicpaint.com\/wp-content\/uploads\/2023\/06\/Topcoat-1-1-e1687933313386.jpeg\",\"width\":1920,\"height\":652},{\"@type\":\"BreadcrumbList\",\"@id\":\"https:\/\/nordicchicpaint.com\/fr\/nordic-chic-topcoat\/#breadcrumb\",\"itemListElement\":[{\"@type\":\"ListItem\",\"position\":1,\"name\":\"Hjem\",\"item\":\"https:\/\/nordicchicpaint.com\/fr\/\"},{\"@type\":\"ListItem\",\"position\":2,\"name\":\"Nordic Chic Topcoat\"}]},{\"@type\":\"WebSite\",\"@id\":\"https:\/\/nordicchicpaint.com\/fr\/#website\",\"url\":\"https:\/\/nordicchicpaint.com\/fr\/\",\"name\":\"Nordic Chic\u00ae\",\"description\":\"Chalk paint for interior and exterior use\",\"publisher\":{\"@id\":\"https:\/\/nordicchicpaint.com\/fr\/#organization\"},\"potentialAction\":[{\"@type\":\"SearchAction\",\"target\":{\"@type\":\"EntryPoint\",\"urlTemplate\":\"https:\/\/nordicchicpaint.com\/fr\/?s={search_term_string}\"},\"query-input\":{\"@type\":\"PropertyValueSpecification\",\"valueRequired\":true,\"valueName\":\"search_term_string\"}}],\"inLanguage\":\"fr-FR\"},{\"@type\":\"Organization\",\"@id\":\"https:\/\/nordicchicpaint.com\/fr\/#organization\",\"name\":\"Nordic Chic\u00ae\",\"url\":\"https:\/\/nordicchicpaint.com\/fr\/\",\"logo\":{\"@type\":\"ImageObject\",\"inLanguage\":\"fr-FR\",\"@id\":\"https:\/\/nordicchicpaint.com\/fr\/#\/schema\/logo\/image\/\",\"url\":\"https:\/\/nordicchicpaint.com\/wp-content\/uploads\/2021\/10\/logo.svg\",\"contentUrl\":\"https:\/\/nordicchicpaint.com\/wp-content\/uploads\/2021\/10\/logo.svg\",\"width\":479,\"height\":474,\"caption\":\"Nordic Chic\u00ae\"},\"image\":{\"@id\":\"https:\/\/nordicchicpaint.com\/fr\/#\/schema\/logo\/image\/\"}}]}<\/script>\n<!-- \/ Yoast SEO plugin. -->","yoast_head_json":{"title":"Nordic Chic Topcoat &#183; Nordic Chic\u00ae","robots":{"index":"index","follow":"follow","max-snippet":"max-snippet:-1","max-image-preview":"max-image-preview:large","max-video-preview":"max-video-preview:-1"},"canonical":"https:\/\/nordicchicpaint.com\/fr\/nordic-chic-topcoat\/","og_locale":"fr_FR","og_type":"article","og_title":"Nordic Chic Topcoat &#183; Nordic Chic\u00ae","og_description":"[vc_row full_width=\u00a0\u00bbstretch_row\u00a0\u00bb el_class=\u00a0\u00bbfarver-ops\u00e6tning\u00a0\u00bb][vc_column][vc_row_inner][vc_column_inner width=\u00a0\u00bb1\/6&Prime;][\/vc_column_inner][vc_column_inner width=\u00a0\u00bb2\/3&Prime;][vc_column_text] Nordic Chic\u00ae Topcoat Am\u00e9liorez et prot\u00e9gez vos meubles avec Nordic Chic Topcoat, une solution \u00e9cologique haut de gamme parfaite pour une utilisation int\u00e9rieure et ext\u00e9rieure. Cette peinture \u00e9mail transparente est sans COV et sans solvant, garantissant un environnement sain et la rendant sans danger pour les meubles d&rsquo;enfants. La couche ... Lire plus","og_url":"https:\/\/nordicchicpaint.com\/fr\/nordic-chic-topcoat\/","og_site_name":"Nordic Chic\u00ae","article_modified_time":"2024-08-29T12:13:16+00:00","og_image":[{"width":1920,"height":652,"url":"https:\/\/nordicchicpaint.com\/wp-content\/uploads\/2023\/06\/Topcoat-1-1-e1687933313386.jpeg","type":"image\/jpeg"}],"twitter_card":"summary_large_image","twitter_misc":{"Dur\u00e9e de lecture estim\u00e9e":"2 minutes"},"schema":{"@context":"https:\/\/schema.org","@graph":[{"@type":"WebPage","@id":"https:\/\/nordicchicpaint.com\/fr\/nordic-chic-topcoat\/","url":"https:\/\/nordicchicpaint.com\/fr\/nordic-chic-topcoat\/","name":"Nordic Chic Topcoat &#183; Nordic Chic\u00ae","isPartOf":{"@id":"https:\/\/nordicchicpaint.com\/fr\/#website"},"primaryImageOfPage":{"@id":"https:\/\/nordicchicpaint.com\/fr\/nordic-chic-topcoat\/#primaryimage"},"image":{"@id":"https:\/\/nordicchicpaint.com\/fr\/nordic-chic-topcoat\/#primaryimage"},"thumbnailUrl":"https:\/\/nordicchicpaint.com\/wp-content\/uploads\/2023\/06\/Topcoat-1-1-e1687933313386.jpeg","datePublished":"2022-02-22T14:01:33+00:00","dateModified":"2024-08-29T12:13:16+00:00","breadcrumb":{"@id":"https:\/\/nordicchicpaint.com\/fr\/nordic-chic-topcoat\/#breadcrumb"},"inLanguage":"fr-FR","potentialAction":[{"@type":"ReadAction","target":["https:\/\/nordicchicpaint.com\/fr\/nordic-chic-topcoat\/"]}]},{"@type":"ImageObject","inLanguage":"fr-FR","@id":"https:\/\/nordicchicpaint.com\/fr\/nordic-chic-topcoat\/#primaryimage","url":"https:\/\/nordicchicpaint.com\/wp-content\/uploads\/2023\/06\/Topcoat-1-1-e1687933313386.jpeg","contentUrl":"https:\/\/nordicchicpaint.com\/wp-content\/uploads\/2023\/06\/Topcoat-1-1-e1687933313386.jpeg","width":1920,"height":652},{"@type":"BreadcrumbList","@id":"https:\/\/nordicchicpaint.com\/fr\/nordic-chic-topcoat\/#breadcrumb","itemListElement":[{"@type":"ListItem","position":1,"name":"Hjem","item":"https:\/\/nordicchicpaint.com\/fr\/"},{"@type":"ListItem","position":2,"name":"Nordic Chic Topcoat"}]},{"@type":"WebSite","@id":"https:\/\/nordicchicpaint.com\/fr\/#website","url":"https:\/\/nordicchicpaint.com\/fr\/","name":"Nordic Chic\u00ae","description":"Chalk paint for interior and exterior use","publisher":{"@id":"https:\/\/nordicchicpaint.com\/fr\/#organization"},"potentialAction":[{"@type":"SearchAction","target":{"@type":"EntryPoint","urlTemplate":"https:\/\/nordicchicpaint.com\/fr\/?s={search_term_string}"},"query-input":{"@type":"PropertyValueSpecification","valueRequired":true,"valueName":"search_term_string"}}],"inLanguage":"fr-FR"},{"@type":"Organization","@id":"https:\/\/nordicchicpaint.com\/fr\/#organization","name":"Nordic Chic\u00ae","url":"https:\/\/nordicchicpaint.com\/fr\/","logo":{"@type":"ImageObject","inLanguage":"fr-FR","@id":"https:\/\/nordicchicpaint.com\/fr\/#\/schema\/logo\/image\/","url":"https:\/\/nordicchicpaint.com\/wp-content\/uploads\/2021\/10\/logo.svg","contentUrl":"https:\/\/nordicchicpaint.com\/wp-content\/uploads\/2021\/10\/logo.svg","width":479,"height":474,"caption":"Nordic Chic\u00ae"},"image":{"@id":"https:\/\/nordicchicpaint.com\/fr\/#\/schema\/logo\/image\/"}}]}},"_links":{"self":[{"href":"https:\/\/nordicchicpaint.com\/fr\/wp-json\/wp\/v2\/pages\/5845"}],"collection":[{"href":"https:\/\/nordicchicpaint.com\/fr\/wp-json\/wp\/v2\/pages"}],"about":[{"href":"https:\/\/nordicchicpaint.com\/fr\/wp-json\/wp\/v2\/types\/page"}],"author":[{"embeddable":true,"href":"https:\/\/nordicchicpaint.com\/fr\/wp-json\/wp\/v2\/users\/1"}],"replies":[{"embeddable":true,"href":"https:\/\/nordicchicpaint.com\/fr\/wp-json\/wp\/v2\/comments?post=5845"}],"version-history":[{"count":2,"href":"https:\/\/nordicchicpaint.com\/fr\/wp-json\/wp\/v2\/pages\/5845\/revisions"}],"predecessor-version":[{"id":5847,"href":"https:\/\/nordicchicpaint.com\/fr\/wp-json\/wp\/v2\/pages\/5845\/revisions\/5847"}],"wp:featuredmedia":[{"embeddable":true,"href":"https:\/\/nordicchicpaint.com\/fr\/wp-json\/wp\/v2\/media\/5779"}],"wp:attachment":[{"href":"https:\/\/nordicchicpaint.com\/fr\/wp-json\/wp\/v2\/media?parent=5845"}],"wp:term":[{"taxonomy":"category","embeddable":true,"href":"https:\/\/nordicchicpaint.com\/fr\/wp-json\/wp\/v2\/categories?post=5845"}],"curies":[{"name":"wp","href":"https:\/\/api.w.org\/{rel}","templated":true}]}}