{"id":5842,"date":"2022-05-25T15:24:59","date_gmt":"2022-05-25T13:24:59","guid":{"rendered":"https:\/\/nordicchicpaint.com\/crackle\/"},"modified":"2024-09-04T11:41:25","modified_gmt":"2024-09-04T09:41:25","slug":"crackle","status":"publish","type":"page","link":"https:\/\/nordicchicpaint.com\/fr\/mediums-de-peinture\/crackle\/","title":{"rendered":"Crackle"},"content":{"rendered":"<section class=\"wpb-content-wrapper\"><p>[vc_row full_width=\u00a0\u00bbstretch_row\u00a0\u00bb][vc_column]<div class=\"ult-spacer spacer-69e9469069399\" data-id=\"69e9469069399\" data-height=\"90\" data-height-mobile=\"60\" data-height-tab=\"90\" data-height-tab-portrait=\"60\" data-height-mobile-landscape=\"60\" style=\"clear:both;display:block;\"><\/div>[vc_row_inner][vc_column_inner width=\u00a0\u00bb1\/6&Prime;][\/vc_column_inner][vc_column_inner width=\u00a0\u00bb2\/3&Prime;][vc_column_text]<\/p>\n<h1 id=\"tw-target-text\" class=\"tw-data-text tw-text-large tw-ta\" dir=\"ltr\" data-placeholder=\"Translation\" aria-label=\"Translated text\" data-ved=\"2ahUKEwjwsKHwjpqIAxUm3wIHHcBoHoAQ3ewLegQIBxAU\"><span class=\"Y2IQFc\" lang=\"fr\">M\u00e9dium craquel\u00e9<\/span><\/h1>\n<p>Le craquel\u00e9 est un m\u00e9dium \u00e9pais qui permet aux peintures ou enduits \u00e0 base d&rsquo;eau de cr\u00e9er des effets craquel\u00e9s \u00ab \u00e9pais \u00bb et \u00e9caill\u00e9s.<\/p>\n<p>Crackle reproduit l\u2019aspect sophistiqu\u00e9, vieilli et vieilli de la peinture et\/ou du pl\u00e2tre patin\u00e9. Selon la fa\u00e7on dont vous l&rsquo;appliquez, le cr\u00e9pitement appara\u00eetra sous diff\u00e9rentes formations. Pointez-le dessus pour cr\u00e9er de fines fissures ou ajoutez-le en longs traits et les fissures seront longuement \u00e9tir\u00e9es.<\/p>\n<p>Exp\u00e9rimentez diff\u00e9rentes mani\u00e8res pour obtenir des r\u00e9sultats diff\u00e9rents. Crackle est un produit facile \u00e0 utiliser, \u00e9cologique et sans danger.<\/p>\n<p>400 ml dans un r\u00e9cipient \u00e0 couvercle \u00e0 vis facile \u00e0 ouvrir.<\/p>\n<p>Trouvez votre revendeur <a href=\"https:\/\/nordicchicpaint.com\/retailers-near-you\/\">ici<\/a> ou achetez ici <a href=\"https:\/\/www.nordicchic.eu\">www.nordicchic.eu<\/a>.<br \/>\n[\/vc_column_text][\/vc_column_inner][vc_column_inner width=\u00a0\u00bb1\/6&Prime;][\/vc_column_inner][\/vc_row_inner]<div class=\"ult-spacer spacer-69e94690693e6\" data-id=\"69e94690693e6\" data-height=\"90\" data-height-mobile=\"60\" data-height-tab=\"90\" data-height-tab-portrait=\"60\" data-height-mobile-landscape=\"60\" style=\"clear:both;display:block;\"><\/div>[vc_media_grid element_width=\u00a0\u00bb6&Prime; grid_id=\u00a0\u00bbvc_gid:1666690754096-661311cc-d400-6&Prime; include=\u00a0\u00bb3941,3940&Prime;]<div class=\"ult-spacer spacer-69e946906940b\" data-id=\"69e946906940b\" data-height=\"90\" data-height-mobile=\"60\" data-height-tab=\"90\" data-height-tab-portrait=\"60\" data-height-mobile-landscape=\"60\" style=\"clear:both;display:block;\"><\/div>[\/vc_column][\/vc_row]<\/p>\n<\/section>","protected":false},"excerpt":{"rendered":"<p>[vc_row full_width=\u00a0\u00bbstretch_row\u00a0\u00bb][vc_column][vc_row_inner][vc_column_inner width=\u00a0\u00bb1\/6&Prime;][\/vc_column_inner][vc_column_inner width=\u00a0\u00bb2\/3&Prime;][vc_column_text] M\u00e9dium craquel\u00e9 Le craquel\u00e9 est un m\u00e9dium \u00e9pais qui permet aux peintures ou enduits \u00e0 base d&rsquo;eau de cr\u00e9er des effets craquel\u00e9s \u00ab \u00e9pais \u00bb et \u00e9caill\u00e9s. Crackle reproduit l\u2019aspect sophistiqu\u00e9, vieilli et vieilli de la peinture et\/ou du pl\u00e2tre patin\u00e9. Selon la fa\u00e7on dont vous l&rsquo;appliquez, le cr\u00e9pitement appara\u00eetra sous &#8230; <a title=\"Crackle\" class=\"read-more\" href=\"https:\/\/nordicchicpaint.com\/fr\/mediums-de-peinture\/crackle\/\" aria-label=\"En savoir plus sur Crackle\">Lire plus<\/a><\/p>\n","protected":false},"author":1,"featured_media":5773,"parent":5866,"menu_order":18,"comment_status":"closed","ping_status":"closed","template":"","meta":{"_acf_changed":false,"footnotes":""},"categories":[],"class_list":["post-5842","page","type-page","status-publish","has-post-thumbnail"],"acf":[],"yoast_head":"<!-- This site is optimized with the Yoast SEO plugin v23.4 - https:\/\/yoast.com\/wordpress\/plugins\/seo\/ -->\n<title>Crackle &#183; Nordic Chic\u00ae<\/title>\n<meta name=\"robots\" content=\"index, follow, max-snippet:-1, max-image-preview:large, max-video-preview:-1\" \/>\n<link rel=\"canonical\" href=\"https:\/\/nordicchicpaint.com\/fr\/mediums-de-peinture\/crackle\/\" \/>\n<meta property=\"og:locale\" content=\"fr_FR\" \/>\n<meta property=\"og:type\" content=\"article\" \/>\n<meta property=\"og:title\" content=\"Crackle &#183; Nordic Chic\u00ae\" \/>\n<meta property=\"og:description\" content=\"[vc_row full_width=\u00a0\u00bbstretch_row\u00a0\u00bb][vc_column][vc_row_inner][vc_column_inner width=\u00a0\u00bb1\/6&Prime;][\/vc_column_inner][vc_column_inner width=\u00a0\u00bb2\/3&Prime;][vc_column_text] M\u00e9dium craquel\u00e9 Le craquel\u00e9 est un m\u00e9dium \u00e9pais qui permet aux peintures ou enduits \u00e0 base d&rsquo;eau de cr\u00e9er des effets craquel\u00e9s \u00ab \u00e9pais \u00bb et \u00e9caill\u00e9s. Crackle reproduit l\u2019aspect sophistiqu\u00e9, vieilli et vieilli de la peinture et\/ou du pl\u00e2tre patin\u00e9. Selon la fa\u00e7on dont vous l&rsquo;appliquez, le cr\u00e9pitement appara\u00eetra sous ... Lire plus\" \/>\n<meta property=\"og:url\" content=\"https:\/\/nordicchicpaint.com\/fr\/mediums-de-peinture\/crackle\/\" \/>\n<meta property=\"og:site_name\" content=\"Nordic Chic\u00ae\" \/>\n<meta property=\"article:modified_time\" content=\"2024-09-04T09:41:25+00:00\" \/>\n<meta property=\"og:image\" content=\"https:\/\/nordicchicpaint.com\/wp-content\/uploads\/2023\/06\/crackle-1-1-e1687933144439.jpeg\" \/>\n\t<meta property=\"og:image:width\" content=\"1920\" \/>\n\t<meta property=\"og:image:height\" content=\"585\" \/>\n\t<meta property=\"og:image:type\" content=\"image\/jpeg\" \/>\n<meta name=\"twitter:card\" content=\"summary_large_image\" \/>\n<meta name=\"twitter:label1\" content=\"Dur\u00e9e de lecture estim\u00e9e\" \/>\n\t<meta name=\"twitter:data1\" content=\"1 minute\" \/>\n<script type=\"application\/ld+json\" class=\"yoast-schema-graph\">{\"@context\":\"https:\/\/schema.org\",\"@graph\":[{\"@type\":\"WebPage\",\"@id\":\"https:\/\/nordicchicpaint.com\/fr\/mediums-de-peinture\/crackle\/\",\"url\":\"https:\/\/nordicchicpaint.com\/fr\/mediums-de-peinture\/crackle\/\",\"name\":\"Crackle &#183; Nordic Chic\u00ae\",\"isPartOf\":{\"@id\":\"https:\/\/nordicchicpaint.com\/fr\/#website\"},\"primaryImageOfPage\":{\"@id\":\"https:\/\/nordicchicpaint.com\/fr\/mediums-de-peinture\/crackle\/#primaryimage\"},\"image\":{\"@id\":\"https:\/\/nordicchicpaint.com\/fr\/mediums-de-peinture\/crackle\/#primaryimage\"},\"thumbnailUrl\":\"https:\/\/nordicchicpaint.com\/wp-content\/uploads\/2023\/06\/crackle-1-1-e1687933144439.jpeg\",\"datePublished\":\"2022-05-25T13:24:59+00:00\",\"dateModified\":\"2024-09-04T09:41:25+00:00\",\"breadcrumb\":{\"@id\":\"https:\/\/nordicchicpaint.com\/fr\/mediums-de-peinture\/crackle\/#breadcrumb\"},\"inLanguage\":\"fr-FR\",\"potentialAction\":[{\"@type\":\"ReadAction\",\"target\":[\"https:\/\/nordicchicpaint.com\/fr\/mediums-de-peinture\/crackle\/\"]}]},{\"@type\":\"ImageObject\",\"inLanguage\":\"fr-FR\",\"@id\":\"https:\/\/nordicchicpaint.com\/fr\/mediums-de-peinture\/crackle\/#primaryimage\",\"url\":\"https:\/\/nordicchicpaint.com\/wp-content\/uploads\/2023\/06\/crackle-1-1-e1687933144439.jpeg\",\"contentUrl\":\"https:\/\/nordicchicpaint.com\/wp-content\/uploads\/2023\/06\/crackle-1-1-e1687933144439.jpeg\",\"width\":1920,\"height\":585},{\"@type\":\"BreadcrumbList\",\"@id\":\"https:\/\/nordicchicpaint.com\/fr\/mediums-de-peinture\/crackle\/#breadcrumb\",\"itemListElement\":[{\"@type\":\"ListItem\",\"position\":1,\"name\":\"Hjem\",\"item\":\"https:\/\/nordicchicpaint.com\/fr\/\"},{\"@type\":\"ListItem\",\"position\":2,\"name\":\"M\u00e9diums de peinture\",\"item\":\"https:\/\/nordicchicpaint.com\/fr\/mediums\/\"},{\"@type\":\"ListItem\",\"position\":3,\"name\":\"Crackle\"}]},{\"@type\":\"WebSite\",\"@id\":\"https:\/\/nordicchicpaint.com\/fr\/#website\",\"url\":\"https:\/\/nordicchicpaint.com\/fr\/\",\"name\":\"Nordic Chic\u00ae\",\"description\":\"Chalk paint for interior and exterior use\",\"publisher\":{\"@id\":\"https:\/\/nordicchicpaint.com\/fr\/#organization\"},\"potentialAction\":[{\"@type\":\"SearchAction\",\"target\":{\"@type\":\"EntryPoint\",\"urlTemplate\":\"https:\/\/nordicchicpaint.com\/fr\/?s={search_term_string}\"},\"query-input\":{\"@type\":\"PropertyValueSpecification\",\"valueRequired\":true,\"valueName\":\"search_term_string\"}}],\"inLanguage\":\"fr-FR\"},{\"@type\":\"Organization\",\"@id\":\"https:\/\/nordicchicpaint.com\/fr\/#organization\",\"name\":\"Nordic Chic\u00ae\",\"url\":\"https:\/\/nordicchicpaint.com\/fr\/\",\"logo\":{\"@type\":\"ImageObject\",\"inLanguage\":\"fr-FR\",\"@id\":\"https:\/\/nordicchicpaint.com\/fr\/#\/schema\/logo\/image\/\",\"url\":\"https:\/\/nordicchicpaint.com\/wp-content\/uploads\/2021\/10\/logo.svg\",\"contentUrl\":\"https:\/\/nordicchicpaint.com\/wp-content\/uploads\/2021\/10\/logo.svg\",\"width\":479,\"height\":474,\"caption\":\"Nordic Chic\u00ae\"},\"image\":{\"@id\":\"https:\/\/nordicchicpaint.com\/fr\/#\/schema\/logo\/image\/\"}}]}<\/script>\n<!-- \/ Yoast SEO plugin. -->","yoast_head_json":{"title":"Crackle &#183; Nordic Chic\u00ae","robots":{"index":"index","follow":"follow","max-snippet":"max-snippet:-1","max-image-preview":"max-image-preview:large","max-video-preview":"max-video-preview:-1"},"canonical":"https:\/\/nordicchicpaint.com\/fr\/mediums-de-peinture\/crackle\/","og_locale":"fr_FR","og_type":"article","og_title":"Crackle &#183; Nordic Chic\u00ae","og_description":"[vc_row full_width=\u00a0\u00bbstretch_row\u00a0\u00bb][vc_column][vc_row_inner][vc_column_inner width=\u00a0\u00bb1\/6&Prime;][\/vc_column_inner][vc_column_inner width=\u00a0\u00bb2\/3&Prime;][vc_column_text] M\u00e9dium craquel\u00e9 Le craquel\u00e9 est un m\u00e9dium \u00e9pais qui permet aux peintures ou enduits \u00e0 base d&rsquo;eau de cr\u00e9er des effets craquel\u00e9s \u00ab \u00e9pais \u00bb et \u00e9caill\u00e9s. Crackle reproduit l\u2019aspect sophistiqu\u00e9, vieilli et vieilli de la peinture et\/ou du pl\u00e2tre patin\u00e9. Selon la fa\u00e7on dont vous l&rsquo;appliquez, le cr\u00e9pitement appara\u00eetra sous ... Lire plus","og_url":"https:\/\/nordicchicpaint.com\/fr\/mediums-de-peinture\/crackle\/","og_site_name":"Nordic Chic\u00ae","article_modified_time":"2024-09-04T09:41:25+00:00","og_image":[{"width":1920,"height":585,"url":"https:\/\/nordicchicpaint.com\/wp-content\/uploads\/2023\/06\/crackle-1-1-e1687933144439.jpeg","type":"image\/jpeg"}],"twitter_card":"summary_large_image","twitter_misc":{"Dur\u00e9e de lecture estim\u00e9e":"1 minute"},"schema":{"@context":"https:\/\/schema.org","@graph":[{"@type":"WebPage","@id":"https:\/\/nordicchicpaint.com\/fr\/mediums-de-peinture\/crackle\/","url":"https:\/\/nordicchicpaint.com\/fr\/mediums-de-peinture\/crackle\/","name":"Crackle &#183; Nordic Chic\u00ae","isPartOf":{"@id":"https:\/\/nordicchicpaint.com\/fr\/#website"},"primaryImageOfPage":{"@id":"https:\/\/nordicchicpaint.com\/fr\/mediums-de-peinture\/crackle\/#primaryimage"},"image":{"@id":"https:\/\/nordicchicpaint.com\/fr\/mediums-de-peinture\/crackle\/#primaryimage"},"thumbnailUrl":"https:\/\/nordicchicpaint.com\/wp-content\/uploads\/2023\/06\/crackle-1-1-e1687933144439.jpeg","datePublished":"2022-05-25T13:24:59+00:00","dateModified":"2024-09-04T09:41:25+00:00","breadcrumb":{"@id":"https:\/\/nordicchicpaint.com\/fr\/mediums-de-peinture\/crackle\/#breadcrumb"},"inLanguage":"fr-FR","potentialAction":[{"@type":"ReadAction","target":["https:\/\/nordicchicpaint.com\/fr\/mediums-de-peinture\/crackle\/"]}]},{"@type":"ImageObject","inLanguage":"fr-FR","@id":"https:\/\/nordicchicpaint.com\/fr\/mediums-de-peinture\/crackle\/#primaryimage","url":"https:\/\/nordicchicpaint.com\/wp-content\/uploads\/2023\/06\/crackle-1-1-e1687933144439.jpeg","contentUrl":"https:\/\/nordicchicpaint.com\/wp-content\/uploads\/2023\/06\/crackle-1-1-e1687933144439.jpeg","width":1920,"height":585},{"@type":"BreadcrumbList","@id":"https:\/\/nordicchicpaint.com\/fr\/mediums-de-peinture\/crackle\/#breadcrumb","itemListElement":[{"@type":"ListItem","position":1,"name":"Hjem","item":"https:\/\/nordicchicpaint.com\/fr\/"},{"@type":"ListItem","position":2,"name":"M\u00e9diums de peinture","item":"https:\/\/nordicchicpaint.com\/fr\/mediums\/"},{"@type":"ListItem","position":3,"name":"Crackle"}]},{"@type":"WebSite","@id":"https:\/\/nordicchicpaint.com\/fr\/#website","url":"https:\/\/nordicchicpaint.com\/fr\/","name":"Nordic Chic\u00ae","description":"Chalk paint for interior and exterior use","publisher":{"@id":"https:\/\/nordicchicpaint.com\/fr\/#organization"},"potentialAction":[{"@type":"SearchAction","target":{"@type":"EntryPoint","urlTemplate":"https:\/\/nordicchicpaint.com\/fr\/?s={search_term_string}"},"query-input":{"@type":"PropertyValueSpecification","valueRequired":true,"valueName":"search_term_string"}}],"inLanguage":"fr-FR"},{"@type":"Organization","@id":"https:\/\/nordicchicpaint.com\/fr\/#organization","name":"Nordic Chic\u00ae","url":"https:\/\/nordicchicpaint.com\/fr\/","logo":{"@type":"ImageObject","inLanguage":"fr-FR","@id":"https:\/\/nordicchicpaint.com\/fr\/#\/schema\/logo\/image\/","url":"https:\/\/nordicchicpaint.com\/wp-content\/uploads\/2021\/10\/logo.svg","contentUrl":"https:\/\/nordicchicpaint.com\/wp-content\/uploads\/2021\/10\/logo.svg","width":479,"height":474,"caption":"Nordic Chic\u00ae"},"image":{"@id":"https:\/\/nordicchicpaint.com\/fr\/#\/schema\/logo\/image\/"}}]}},"_links":{"self":[{"href":"https:\/\/nordicchicpaint.com\/fr\/wp-json\/wp\/v2\/pages\/5842"}],"collection":[{"href":"https:\/\/nordicchicpaint.com\/fr\/wp-json\/wp\/v2\/pages"}],"about":[{"href":"https:\/\/nordicchicpaint.com\/fr\/wp-json\/wp\/v2\/types\/page"}],"author":[{"embeddable":true,"href":"https:\/\/nordicchicpaint.com\/fr\/wp-json\/wp\/v2\/users\/1"}],"replies":[{"embeddable":true,"href":"https:\/\/nordicchicpaint.com\/fr\/wp-json\/wp\/v2\/comments?post=5842"}],"version-history":[{"count":2,"href":"https:\/\/nordicchicpaint.com\/fr\/wp-json\/wp\/v2\/pages\/5842\/revisions"}],"predecessor-version":[{"id":5844,"href":"https:\/\/nordicchicpaint.com\/fr\/wp-json\/wp\/v2\/pages\/5842\/revisions\/5844"}],"up":[{"embeddable":true,"href":"https:\/\/nordicchicpaint.com\/fr\/wp-json\/wp\/v2\/pages\/5866"}],"wp:featuredmedia":[{"embeddable":true,"href":"https:\/\/nordicchicpaint.com\/fr\/wp-json\/wp\/v2\/media\/5773"}],"wp:attachment":[{"href":"https:\/\/nordicchicpaint.com\/fr\/wp-json\/wp\/v2\/media?parent=5842"}],"wp:term":[{"taxonomy":"category","embeddable":true,"href":"https:\/\/nordicchicpaint.com\/fr\/wp-json\/wp\/v2\/categories?post=5842"}],"curies":[{"name":"wp","href":"https:\/\/api.w.org\/{rel}","templated":true}]}}