{"id":5839,"date":"2022-02-22T14:57:16","date_gmt":"2022-02-22T13:57:16","guid":{"rendered":"https:\/\/nordicchicpaint.com\/cire-pour-meubles-nordic-chic\/"},"modified":"2024-08-29T14:05:41","modified_gmt":"2024-08-29T12:05:41","slug":"cire-pour-meubles-nordic-chic","status":"publish","type":"page","link":"https:\/\/nordicchicpaint.com\/fr\/cire-pour-meubles-nordic-chic\/","title":{"rendered":"Cire pour Meubles Nordic Chic@"},"content":{"rendered":"<section class=\"wpb-content-wrapper\"><p>[vc_row full_width=\u00a0\u00bbstretch_row\u00a0\u00bb el_class=\u00a0\u00bbfarver-ops\u00e6tning\u00a0\u00bb][vc_column]<div class=\"ult-spacer spacer-69df15b6e697d\" data-id=\"69df15b6e697d\" data-height=\"90\" data-height-mobile=\"60\" data-height-tab=\"90\" data-height-tab-portrait=\"60\" data-height-mobile-landscape=\"60\" style=\"clear:both;display:block;\"><\/div>[vc_row_inner][vc_column_inner width=\u00a0\u00bb1\/6&Prime;][\/vc_column_inner][vc_column_inner width=\u00a0\u00bb2\/3&Prime;][vc_column_text]<\/p>\n<h3 style=\"text-align: center;\">Cire pour Meubles Nordic Chic@<\/h3>\n<p>Transformez vos meubles avec la cire pour meubles Nordic Chic, con\u00e7ue pour rehausser et prot\u00e9ger vos pi\u00e8ces avec une finition riche et velout\u00e9e. Cette cire 100% inodore et non toxique est parfaite pour garantir une application s\u00e9curitaire, m\u00eame sur les meubles d\u2019enfants. Disponible en quatre teintes captivantes : transparent, noir, gris et fonc\u00e9, il fournit non seulement une barri\u00e8re hydrofuge, mais ajoute \u00e9galement de la profondeur et du caract\u00e8re \u00e0 vos surfaces peintes. Que vous recherchiez une finition \u00e9l\u00e9gante ou une patine vintage, cette cire vous permet de cr\u00e9er facilement des effets \u00e9poustouflants. Avec une application facile et une durabilit\u00e9 durable, cette cire est un \u00e9l\u00e9ment essentiel pour tout amateur de bricolage cherchant \u00e0 rehausser ses projets de restauration de meubles.<\/p>\n<p>D\u00e9couvrez le pouvoir transformateur de la cire pour meubles Nordic Chic.<\/p>\n<p>Trouvez votre revendeur ici ou achetez ici www.nordicchic.eu.[\/vc_column_text][\/vc_column_inner][vc_column_inner width=\u00a0\u00bb1\/6&Prime;][\/vc_column_inner][\/vc_row_inner][vc_empty_space height=\u00a0\u00bb60px\u00a0\u00bb][vc_single_image image=\u00a0\u00bb3672&Prime; img_size=\u00a0\u00bbfull\u00a0\u00bb alignment=\u00a0\u00bbcenter\u00a0\u00bb]<div class=\"ult-spacer spacer-69df15b6e69ca\" data-id=\"69df15b6e69ca\" data-height=\"90\" data-height-mobile=\"60\" data-height-tab=\"90\" data-height-tab-portrait=\"60\" data-height-mobile-landscape=\"60\" style=\"clear:both;display:block;\"><\/div>[\/vc_column][\/vc_row]<\/p>\n<\/section>","protected":false},"excerpt":{"rendered":"<p>[vc_row full_width=\u00a0\u00bbstretch_row\u00a0\u00bb el_class=\u00a0\u00bbfarver-ops\u00e6tning\u00a0\u00bb][vc_column][vc_row_inner][vc_column_inner width=\u00a0\u00bb1\/6&Prime;][\/vc_column_inner][vc_column_inner width=\u00a0\u00bb2\/3&Prime;][vc_column_text] Cire pour Meubles Nordic Chic@ Transformez vos meubles avec la cire pour meubles Nordic Chic, con\u00e7ue pour rehausser et prot\u00e9ger vos pi\u00e8ces avec une finition riche et velout\u00e9e. Cette cire 100% inodore et non toxique est parfaite pour garantir une application s\u00e9curitaire, m\u00eame sur les meubles d\u2019enfants. Disponible en quatre &#8230; <a title=\"Cire pour Meubles Nordic Chic@\" class=\"read-more\" href=\"https:\/\/nordicchicpaint.com\/fr\/cire-pour-meubles-nordic-chic\/\" aria-label=\"En savoir plus sur Cire pour Meubles Nordic Chic@\">Lire plus<\/a><\/p>\n","protected":false},"author":1,"featured_media":5656,"parent":0,"menu_order":0,"comment_status":"closed","ping_status":"closed","template":"","meta":{"_acf_changed":false,"footnotes":""},"categories":[],"class_list":["post-5839","page","type-page","status-publish","has-post-thumbnail"],"acf":[],"yoast_head":"<!-- This site is optimized with the Yoast SEO plugin v23.4 - https:\/\/yoast.com\/wordpress\/plugins\/seo\/ -->\n<title>Cire pour Meubles Nordic Chic@ &#183; Nordic Chic\u00ae<\/title>\n<meta name=\"description\" content=\"Cire de finition sp\u00e9ciale pour la protection hydrofuge des meubles peints avec Nordic Furniture Paint. Il est 100 % sans odeur et non toxique.\" \/>\n<meta name=\"robots\" content=\"index, follow, max-snippet:-1, max-image-preview:large, max-video-preview:-1\" \/>\n<link rel=\"canonical\" href=\"https:\/\/nordicchicpaint.com\/fr\/cire-pour-meubles-nordic-chic\/\" \/>\n<meta property=\"og:locale\" content=\"fr_FR\" \/>\n<meta property=\"og:type\" content=\"article\" \/>\n<meta property=\"og:title\" content=\"Cire pour Meubles Nordic Chic@ &#183; Nordic Chic\u00ae\" \/>\n<meta property=\"og:description\" content=\"Cire de finition sp\u00e9ciale pour la protection hydrofuge des meubles peints avec Nordic Furniture Paint. Il est 100 % sans odeur et non toxique.\" \/>\n<meta property=\"og:url\" content=\"https:\/\/nordicchicpaint.com\/fr\/cire-pour-meubles-nordic-chic\/\" \/>\n<meta property=\"og:site_name\" content=\"Nordic Chic\u00ae\" \/>\n<meta property=\"article:modified_time\" content=\"2024-08-29T12:05:41+00:00\" \/>\n<meta property=\"og:image\" content=\"https:\/\/nordicchicpaint.com\/wp-content\/uploads\/2022\/08\/wax.jpeg\" \/>\n\t<meta property=\"og:image:width\" content=\"2000\" \/>\n\t<meta property=\"og:image:height\" content=\"805\" \/>\n\t<meta property=\"og:image:type\" content=\"image\/jpeg\" \/>\n<meta name=\"twitter:card\" content=\"summary_large_image\" \/>\n<meta name=\"twitter:label1\" content=\"Dur\u00e9e de lecture estim\u00e9e\" \/>\n\t<meta name=\"twitter:data1\" content=\"1 minute\" \/>\n<script type=\"application\/ld+json\" class=\"yoast-schema-graph\">{\"@context\":\"https:\/\/schema.org\",\"@graph\":[{\"@type\":\"WebPage\",\"@id\":\"https:\/\/nordicchicpaint.com\/fr\/cire-pour-meubles-nordic-chic\/\",\"url\":\"https:\/\/nordicchicpaint.com\/fr\/cire-pour-meubles-nordic-chic\/\",\"name\":\"Cire pour Meubles Nordic Chic@ &#183; Nordic Chic\u00ae\",\"isPartOf\":{\"@id\":\"https:\/\/nordicchicpaint.com\/fr\/#website\"},\"primaryImageOfPage\":{\"@id\":\"https:\/\/nordicchicpaint.com\/fr\/cire-pour-meubles-nordic-chic\/#primaryimage\"},\"image\":{\"@id\":\"https:\/\/nordicchicpaint.com\/fr\/cire-pour-meubles-nordic-chic\/#primaryimage\"},\"thumbnailUrl\":\"https:\/\/nordicchicpaint.com\/wp-content\/uploads\/2022\/08\/wax.jpeg\",\"datePublished\":\"2022-02-22T13:57:16+00:00\",\"dateModified\":\"2024-08-29T12:05:41+00:00\",\"description\":\"Cire de finition sp\u00e9ciale pour la protection hydrofuge des meubles peints avec Nordic Furniture Paint. Il est 100 % sans odeur et non toxique.\",\"breadcrumb\":{\"@id\":\"https:\/\/nordicchicpaint.com\/fr\/cire-pour-meubles-nordic-chic\/#breadcrumb\"},\"inLanguage\":\"fr-FR\",\"potentialAction\":[{\"@type\":\"ReadAction\",\"target\":[\"https:\/\/nordicchicpaint.com\/fr\/cire-pour-meubles-nordic-chic\/\"]}]},{\"@type\":\"ImageObject\",\"inLanguage\":\"fr-FR\",\"@id\":\"https:\/\/nordicchicpaint.com\/fr\/cire-pour-meubles-nordic-chic\/#primaryimage\",\"url\":\"https:\/\/nordicchicpaint.com\/wp-content\/uploads\/2022\/08\/wax.jpeg\",\"contentUrl\":\"https:\/\/nordicchicpaint.com\/wp-content\/uploads\/2022\/08\/wax.jpeg\",\"width\":2000,\"height\":805},{\"@type\":\"BreadcrumbList\",\"@id\":\"https:\/\/nordicchicpaint.com\/fr\/cire-pour-meubles-nordic-chic\/#breadcrumb\",\"itemListElement\":[{\"@type\":\"ListItem\",\"position\":1,\"name\":\"Hjem\",\"item\":\"https:\/\/nordicchicpaint.com\/fr\/\"},{\"@type\":\"ListItem\",\"position\":2,\"name\":\"Cire pour Meubles Nordic Chic@\"}]},{\"@type\":\"WebSite\",\"@id\":\"https:\/\/nordicchicpaint.com\/fr\/#website\",\"url\":\"https:\/\/nordicchicpaint.com\/fr\/\",\"name\":\"Nordic Chic\u00ae\",\"description\":\"Chalk paint for interior and exterior use\",\"publisher\":{\"@id\":\"https:\/\/nordicchicpaint.com\/fr\/#organization\"},\"potentialAction\":[{\"@type\":\"SearchAction\",\"target\":{\"@type\":\"EntryPoint\",\"urlTemplate\":\"https:\/\/nordicchicpaint.com\/fr\/?s={search_term_string}\"},\"query-input\":{\"@type\":\"PropertyValueSpecification\",\"valueRequired\":true,\"valueName\":\"search_term_string\"}}],\"inLanguage\":\"fr-FR\"},{\"@type\":\"Organization\",\"@id\":\"https:\/\/nordicchicpaint.com\/fr\/#organization\",\"name\":\"Nordic Chic\u00ae\",\"url\":\"https:\/\/nordicchicpaint.com\/fr\/\",\"logo\":{\"@type\":\"ImageObject\",\"inLanguage\":\"fr-FR\",\"@id\":\"https:\/\/nordicchicpaint.com\/fr\/#\/schema\/logo\/image\/\",\"url\":\"https:\/\/nordicchicpaint.com\/wp-content\/uploads\/2021\/10\/logo.svg\",\"contentUrl\":\"https:\/\/nordicchicpaint.com\/wp-content\/uploads\/2021\/10\/logo.svg\",\"width\":479,\"height\":474,\"caption\":\"Nordic Chic\u00ae\"},\"image\":{\"@id\":\"https:\/\/nordicchicpaint.com\/fr\/#\/schema\/logo\/image\/\"}}]}<\/script>\n<!-- \/ Yoast SEO plugin. -->","yoast_head_json":{"title":"Cire pour Meubles Nordic Chic@ &#183; Nordic Chic\u00ae","description":"Cire de finition sp\u00e9ciale pour la protection hydrofuge des meubles peints avec Nordic Furniture Paint. Il est 100 % sans odeur et non toxique.","robots":{"index":"index","follow":"follow","max-snippet":"max-snippet:-1","max-image-preview":"max-image-preview:large","max-video-preview":"max-video-preview:-1"},"canonical":"https:\/\/nordicchicpaint.com\/fr\/cire-pour-meubles-nordic-chic\/","og_locale":"fr_FR","og_type":"article","og_title":"Cire pour Meubles Nordic Chic@ &#183; Nordic Chic\u00ae","og_description":"Cire de finition sp\u00e9ciale pour la protection hydrofuge des meubles peints avec Nordic Furniture Paint. Il est 100 % sans odeur et non toxique.","og_url":"https:\/\/nordicchicpaint.com\/fr\/cire-pour-meubles-nordic-chic\/","og_site_name":"Nordic Chic\u00ae","article_modified_time":"2024-08-29T12:05:41+00:00","og_image":[{"width":2000,"height":805,"url":"https:\/\/nordicchicpaint.com\/wp-content\/uploads\/2022\/08\/wax.jpeg","type":"image\/jpeg"}],"twitter_card":"summary_large_image","twitter_misc":{"Dur\u00e9e de lecture estim\u00e9e":"1 minute"},"schema":{"@context":"https:\/\/schema.org","@graph":[{"@type":"WebPage","@id":"https:\/\/nordicchicpaint.com\/fr\/cire-pour-meubles-nordic-chic\/","url":"https:\/\/nordicchicpaint.com\/fr\/cire-pour-meubles-nordic-chic\/","name":"Cire pour Meubles Nordic Chic@ &#183; Nordic Chic\u00ae","isPartOf":{"@id":"https:\/\/nordicchicpaint.com\/fr\/#website"},"primaryImageOfPage":{"@id":"https:\/\/nordicchicpaint.com\/fr\/cire-pour-meubles-nordic-chic\/#primaryimage"},"image":{"@id":"https:\/\/nordicchicpaint.com\/fr\/cire-pour-meubles-nordic-chic\/#primaryimage"},"thumbnailUrl":"https:\/\/nordicchicpaint.com\/wp-content\/uploads\/2022\/08\/wax.jpeg","datePublished":"2022-02-22T13:57:16+00:00","dateModified":"2024-08-29T12:05:41+00:00","description":"Cire de finition sp\u00e9ciale pour la protection hydrofuge des meubles peints avec Nordic Furniture Paint. Il est 100 % sans odeur et non toxique.","breadcrumb":{"@id":"https:\/\/nordicchicpaint.com\/fr\/cire-pour-meubles-nordic-chic\/#breadcrumb"},"inLanguage":"fr-FR","potentialAction":[{"@type":"ReadAction","target":["https:\/\/nordicchicpaint.com\/fr\/cire-pour-meubles-nordic-chic\/"]}]},{"@type":"ImageObject","inLanguage":"fr-FR","@id":"https:\/\/nordicchicpaint.com\/fr\/cire-pour-meubles-nordic-chic\/#primaryimage","url":"https:\/\/nordicchicpaint.com\/wp-content\/uploads\/2022\/08\/wax.jpeg","contentUrl":"https:\/\/nordicchicpaint.com\/wp-content\/uploads\/2022\/08\/wax.jpeg","width":2000,"height":805},{"@type":"BreadcrumbList","@id":"https:\/\/nordicchicpaint.com\/fr\/cire-pour-meubles-nordic-chic\/#breadcrumb","itemListElement":[{"@type":"ListItem","position":1,"name":"Hjem","item":"https:\/\/nordicchicpaint.com\/fr\/"},{"@type":"ListItem","position":2,"name":"Cire pour Meubles Nordic Chic@"}]},{"@type":"WebSite","@id":"https:\/\/nordicchicpaint.com\/fr\/#website","url":"https:\/\/nordicchicpaint.com\/fr\/","name":"Nordic Chic\u00ae","description":"Chalk paint for interior and exterior use","publisher":{"@id":"https:\/\/nordicchicpaint.com\/fr\/#organization"},"potentialAction":[{"@type":"SearchAction","target":{"@type":"EntryPoint","urlTemplate":"https:\/\/nordicchicpaint.com\/fr\/?s={search_term_string}"},"query-input":{"@type":"PropertyValueSpecification","valueRequired":true,"valueName":"search_term_string"}}],"inLanguage":"fr-FR"},{"@type":"Organization","@id":"https:\/\/nordicchicpaint.com\/fr\/#organization","name":"Nordic Chic\u00ae","url":"https:\/\/nordicchicpaint.com\/fr\/","logo":{"@type":"ImageObject","inLanguage":"fr-FR","@id":"https:\/\/nordicchicpaint.com\/fr\/#\/schema\/logo\/image\/","url":"https:\/\/nordicchicpaint.com\/wp-content\/uploads\/2021\/10\/logo.svg","contentUrl":"https:\/\/nordicchicpaint.com\/wp-content\/uploads\/2021\/10\/logo.svg","width":479,"height":474,"caption":"Nordic Chic\u00ae"},"image":{"@id":"https:\/\/nordicchicpaint.com\/fr\/#\/schema\/logo\/image\/"}}]}},"_links":{"self":[{"href":"https:\/\/nordicchicpaint.com\/fr\/wp-json\/wp\/v2\/pages\/5839"}],"collection":[{"href":"https:\/\/nordicchicpaint.com\/fr\/wp-json\/wp\/v2\/pages"}],"about":[{"href":"https:\/\/nordicchicpaint.com\/fr\/wp-json\/wp\/v2\/types\/page"}],"author":[{"embeddable":true,"href":"https:\/\/nordicchicpaint.com\/fr\/wp-json\/wp\/v2\/users\/1"}],"replies":[{"embeddable":true,"href":"https:\/\/nordicchicpaint.com\/fr\/wp-json\/wp\/v2\/comments?post=5839"}],"version-history":[{"count":2,"href":"https:\/\/nordicchicpaint.com\/fr\/wp-json\/wp\/v2\/pages\/5839\/revisions"}],"predecessor-version":[{"id":5841,"href":"https:\/\/nordicchicpaint.com\/fr\/wp-json\/wp\/v2\/pages\/5839\/revisions\/5841"}],"wp:featuredmedia":[{"embeddable":true,"href":"https:\/\/nordicchicpaint.com\/fr\/wp-json\/wp\/v2\/media\/5656"}],"wp:attachment":[{"href":"https:\/\/nordicchicpaint.com\/fr\/wp-json\/wp\/v2\/media?parent=5839"}],"wp:term":[{"taxonomy":"category","embeddable":true,"href":"https:\/\/nordicchicpaint.com\/fr\/wp-json\/wp\/v2\/categories?post=5839"}],"curies":[{"name":"wp","href":"https:\/\/api.w.org\/{rel}","templated":true}]}}