{"id":5836,"date":"2020-02-12T08:51:30","date_gmt":"2020-02-12T07:51:30","guid":{"rendered":"https:\/\/nordicchicpaint.com\/accueil\/"},"modified":"2025-02-14T10:57:48","modified_gmt":"2025-02-14T09:57:48","slug":"accueil","status":"publish","type":"page","link":"https:\/\/nordicchicpaint.com\/fr\/","title":{"rendered":"Accueil"},"content":{"rendered":"<section class=\"wpb-content-wrapper\"><p>[vc_row full_width=\u00a0\u00bbstretch_row\u00a0\u00bb css=\u00a0\u00bb.vc_custom_1634888937540{background-color: #f7f7f7 !important;}\u00a0\u00bb][vc_column][vc_empty_space height=\u00a0\u00bb60px\u00a0\u00bb][vc_column_text]<\/p>\n<h1 style=\"text-align: center;\">Peinture \u00e0 la craie pour usage int\u00e9rieur et ext\u00e9rieur<\/h1>\n<p>[\/vc_column_text][vc_empty_space height=\u00a0\u00bb60px\u00a0\u00bb][\/vc_column][\/vc_row][vc_row full_width=\u00a0\u00bbstretch_row\u00a0\u00bb][vc_column]<div class=\"ult-spacer spacer-6a05ade95d06b\" data-id=\"6a05ade95d06b\" data-height=\"90\" data-height-mobile=\"60\" data-height-tab=\"90\" data-height-tab-portrait=\"60\" data-height-mobile-landscape=\"60\" style=\"clear:both;display:block;\"><\/div>[vc_column_text]<\/p>\n<h6 style=\"text-align: center;\">Votre peinture pour meubles \u00e9cologique !<\/h6>\n<p>[\/vc_column_text][vc_row_inner][vc_column_inner offset=\u00a0\u00bbvc_col-md-1&Prime;][\/vc_column_inner][vc_column_inner offset=\u00a0\u00bbvc_col-md-10&Prime;][vc_empty_space height=\u00a0\u00bb15px\u00a0\u00bb][vc_text_separator title=\u00a0\u00bbBienvenue dans le monde de Nordic Chic\u00ae\u00a0\u00bb color=\u00a0\u00bbcustom\u00a0\u00bb accent_color=\u00a0\u00bb#333333&Prime;][vc_empty_space height=\u00a0\u00bb30px\u00a0\u00bb][vc_column_text]<\/p>\n<h1 style=\"text-align: left;\"><strong>La peinture pour meubles Nordic Chic\u00ae<\/strong><\/h1>\n<p style=\"text-align: left;\">ne contient aucun agent nocif cach\u00e9 et est une peinture enti\u00e8rement naturelle, \u00e0 base de craie et de min\u00e9raux, enregistr\u00e9e aupr\u00e8s de l&rsquo;\u00e9colabel europ\u00e9en. Il est conforme \u00e0 la norme EN: 71-3, ce qui signifie qu&rsquo;il peut \u00eatre utilis\u00e9 en toute s\u00e9curit\u00e9 pour peindre les meubles de la chambre de b\u00e9b\u00e9.<\/p>\n<p style=\"text-align: left;\"><strong>Il a toutes ces qualit\u00e9s et plus encore\u00a0:<\/strong><\/p>\n<ul>\n<li style=\"text-align: left;\">Il est Z\u00c9RO COV<\/li>\n<li style=\"text-align: left;\">Il est SANS SOLVANT<\/li>\n<li style=\"text-align: left;\">Il n&rsquo;a absolument aucune odeur d\u00e9sagr\u00e9able<\/li>\n<li style=\"text-align: left;\">Il est \u00e9pais, avec une couverture sup\u00e9rieure<\/li>\n<\/ul>\n<p style=\"text-align: left;\">Avec quoi avez-vous peint la derni\u00e8re fois\u00a0? Est-ce que tous les ingr\u00e9dients sont list\u00e9s\u00a0? Nous sommes fiers de nos produits et vous pouvez lire TOUS les ingr\u00e9dients sur chaque bo\u00eete.<\/p>\n<p style=\"text-align: left;\">Ne nous croyez pas sur parole, essayez-les, vous ne croirez pas ce que vous avez manqu\u00e9\u00a0!<\/p>\n<p style=\"text-align: left;\">Vous souhaitez proposer \u00e0 vos clients une gamme exclusive de produits\u00a0?<\/p>\n<p style=\"text-align: left;\">Contactez-nous \u2013 vous pouvez nous trouver <a href=\"https:\/\/nordicchicpaint.com\/fr\/contact\/\">ici<\/a><\/p>\n<p style=\"text-align: left;\">Vous pouvez \u00e9galement postuler pour devenir stockiste <a href=\"https:\/\/nordicchicpaint.com\/fr\/devenez-detaillant\/\">ici<\/a><\/p>\n<p>[\/vc_column_text][\/vc_column_inner][vc_column_inner offset=\u00a0\u00bbvc_col-md-1&Prime;][\/vc_column_inner][\/vc_row_inner][vc_empty_space height=\u00a0\u00bb60px\u00a0\u00bb][vc_row_inner][vc_column_inner offset=\u00a0\u00bbvc_col-lg-4 vc_col-md-4 vc_col-xs-12&Prime;]<div class=\"ult-new-ib ult-ib-effect-style10  ult-ib-resp ult-ib2-min-height \" data-min-width=\"768\" data-max-width=\"900\" style=\"background:#8da3a0; opacity:0; \" data-opacity=\"0.7\" data-hover-opacity=\"0.4\"  data-min-height=\"300\" ><img decoding=\"async\" class=\"ult-new-ib-img\" style=\"opacity:0.7;\" alt=\"null\" src=\"https:\/\/nordicchicpaint.com\/wp-content\/uploads\/2022\/05\/HEY5599_logo-scaled.jpg\"  data-min-height=\"300\"   \/><div id=\"interactive-banner-wrap-3232\" class=\"ult-new-ib-desc\" style=\"\"><h3 class=\"ult-new-ib-title ult-responsive\"  data-ultimate-target='#interactive-banner-wrap-3232 .ult-new-ib-title'  data-responsive-json-new='{\"font-size\":\"desktop:22px;\",\"line-height\":\"\"}'  style=\"font-weight:normal;color:#ffffff;\">Mobilier et int\u00e9rieur<\/h3><div class=\"ult-new-ib-content ult-responsive\"  data-ultimate-target='#interactive-banner-wrap-3232 .ult-new-ib-content'  data-responsive-json-new='{\"font-size\":\"desktop:14px;\",\"line-height\":\"\"}'  style=\"font-weight:200;color:rgba(255,255,255,0.7);\"><p>La peinture \u00e0 la craie Nordic Chic\u00ae est disponible dans de nombreuses couleurs vives<\/p><\/div><\/div><a class=\"ult-new-ib-link\" href=\"\/furniture-interior\/\" title=\"Furniture &amp; Interior\"  ><\/a><\/div><div class=\"ult-spacer spacer-6a05ade95d675\" data-id=\"6a05ade95d675\" data-height=\"0\" data-height-mobile=\"30\" data-height-tab=\"0\" data-height-tab-portrait=\"30\" data-height-mobile-landscape=\"30\" style=\"clear:both;display:block;\"><\/div>[\/vc_column_inner][vc_column_inner offset=\u00a0\u00bbvc_col-lg-4 vc_col-md-4 vc_col-xs-12&Prime;]<div class=\"ult-new-ib ult-ib-effect-style10  ult-ib-resp ult-ib2-min-height \" data-min-width=\"768\" data-max-width=\"900\" style=\"background:#8da3a0; opacity:0; \" data-opacity=\"0.7\" data-hover-opacity=\"0.4\"  data-min-height=\"300\" ><img decoding=\"async\" class=\"ult-new-ib-img\" style=\"opacity:0.7;\" alt=\"null\" src=\"https:\/\/nordicchicpaint.com\/wp-content\/uploads\/2022\/05\/HEY4846_logo-scaled.jpg\"  data-min-height=\"300\"   \/><div id=\"interactive-banner-wrap-7539\" class=\"ult-new-ib-desc\" style=\"\"><h3 class=\"ult-new-ib-title ult-responsive\"  data-ultimate-target='#interactive-banner-wrap-7539 .ult-new-ib-title'  data-responsive-json-new='{\"font-size\":\"desktop:22px;\",\"line-height\":\"\"}'  style=\"font-weight:normal;color:#ffffff;\">Outdoor &amp; More<\/h3><div class=\"ult-new-ib-content ult-responsive\"  data-ultimate-target='#interactive-banner-wrap-7539 .ult-new-ib-content'  data-responsive-json-new='{\"font-size\":\"desktop:14px;\",\"line-height\":\"\"}'  style=\"font-weight:200;color:rgba(255,255,255,0.7);\"><p>Une peinture pour meubles \u00e0 base d'eau, tr\u00e8s r\u00e9sistante, adapt\u00e9e \u00e0 une utilisation int\u00e9rieure et ext\u00e9rieure<\/p><\/div><\/div><a class=\"ult-new-ib-link\" href=\"\/outdoor-more\/\" title=\"Outdoor &amp; More\"  ><\/a><\/div><div class=\"ult-spacer spacer-6a05ade95d99e\" data-id=\"6a05ade95d99e\" data-height=\"0\" data-height-mobile=\"30\" data-height-tab=\"0\" data-height-tab-portrait=\"30\" data-height-mobile-landscape=\"30\" style=\"clear:both;display:block;\"><\/div>[\/vc_column_inner][vc_column_inner offset=\u00a0\u00bbvc_col-lg-4 vc_col-md-4 vc_col-xs-12&Prime;]<div class=\"ult-new-ib ult-ib-effect-style10  ult-ib-resp ult-ib2-min-height \" data-min-width=\"768\" data-max-width=\"900\" style=\"background:#8da3a0; opacity:0; \" data-opacity=\"0.7\" data-hover-opacity=\"0.4\"  data-min-height=\"300\" ><img decoding=\"async\" class=\"ult-new-ib-img\" style=\"opacity:0.7;\" alt=\"null\" src=\"https:\/\/nordicchicpaint.com\/wp-content\/uploads\/2022\/08\/Wall-clay-and-chalk-paint-scaled-1.jpg\"  data-min-height=\"300\"   \/><div id=\"interactive-banner-wrap-2345\" class=\"ult-new-ib-desc\" style=\"\"><h3 class=\"ult-new-ib-title ult-responsive\"  data-ultimate-target='#interactive-banner-wrap-2345 .ult-new-ib-title'  data-responsive-json-new='{\"font-size\":\"desktop:22px;\",\"line-height\":\"\"}'  style=\"font-weight:normal;color:#ffffff;\">WALL Clay &amp; Chalk Paint<\/h3><div class=\"ult-new-ib-content ult-responsive\"  data-ultimate-target='#interactive-banner-wrap-2345 .ult-new-ib-content'  data-responsive-json-new='{\"font-size\":\"desktop:14px;\",\"line-height\":\"\"}'  style=\"font-weight:200;color:rgba(255,255,255,0.7);\"><p>\u00c0 base d'argile - un bon r\u00e9gulateur d'humidit\u00e9 dans la maison<\/p><\/div><\/div><a class=\"ult-new-ib-link\" href=\"\/wall-clay-chalk-paint\/\" title=\"WALL Clay &amp; Chalk Paint\"  ><\/a><\/div>[\/vc_column_inner][\/vc_row_inner]<div class=\"ult-spacer spacer-6a05ade95dc73\" data-id=\"6a05ade95dc73\" data-height=\"60\" data-height-mobile=\"30\" data-height-tab=\"60\" data-height-tab-portrait=\"30\" data-height-mobile-landscape=\"30\" style=\"clear:both;display:block;\"><\/div>[vc_row_inner][vc_column_inner offset=\u00a0\u00bbvc_col-lg-4 vc_col-md-4 vc_col-xs-12&Prime;]<div class=\"ult-new-ib ult-ib-effect-style10  ult-ib-resp ult-ib2-min-height \" data-min-width=\"768\" data-max-width=\"900\" style=\"background:#8da3a0; opacity:0; \" data-opacity=\"0.7\" data-hover-opacity=\"0.4\"  data-min-height=\"300\" ><img decoding=\"async\" class=\"ult-new-ib-img\" style=\"opacity:0.7;\" alt=\"null\" src=\"https:\/\/nordicchicpaint.com\/wp-content\/uploads\/2022\/09\/Woody.jpeg\"  data-min-height=\"300\"   \/><div id=\"interactive-banner-wrap-5565\" class=\"ult-new-ib-desc\" style=\"\"><h3 class=\"ult-new-ib-title ult-responsive\"  data-ultimate-target='#interactive-banner-wrap-5565 .ult-new-ib-title'  data-responsive-json-new='{\"font-size\":\"desktop:22px;\",\"line-height\":\"\"}'  style=\"font-weight:normal;color:#ffffff;\">Stains<\/h3><div class=\"ult-new-ib-content ult-responsive\"  data-ultimate-target='#interactive-banner-wrap-5565 .ult-new-ib-content'  data-responsive-json-new='{\"font-size\":\"desktop:14px;\",\"line-height\":\"\"}'  style=\"font-weight:200;color:rgba(255,255,255,0.7);\"><p>100% sans odeur et non toxique<\/p><\/div><\/div><a class=\"ult-new-ib-link\" href=\"\/stains\/\" title=\"Finishes\"  ><\/a><\/div><div class=\"ult-spacer spacer-6a05ade95df29\" data-id=\"6a05ade95df29\" data-height=\"0\" data-height-mobile=\"30\" data-height-tab=\"0\" data-height-tab-portrait=\"30\" data-height-mobile-landscape=\"30\" style=\"clear:both;display:block;\"><\/div>[\/vc_column_inner][vc_column_inner offset=\u00a0\u00bbvc_col-lg-4 vc_col-md-4 vc_col-xs-12&Prime;]<div class=\"ult-new-ib ult-ib-effect-style10  ult-ib-resp ult-ib2-min-height \" data-min-width=\"768\" data-max-width=\"900\" style=\"background:#8da3a0; opacity:0; \" data-opacity=\"0.7\" data-hover-opacity=\"0.4\"  data-min-height=\"300\" ><img decoding=\"async\" class=\"ult-new-ib-img\" style=\"opacity:0.7;\" alt=\"null\" src=\"https:\/\/nordicchicpaint.com\/wp-content\/uploads\/2022\/07\/Clear-Finish-Grouped-WB-e1662455235298.webp\"  data-min-height=\"300\"   \/><div id=\"interactive-banner-wrap-5908\" class=\"ult-new-ib-desc\" style=\"\"><h3 class=\"ult-new-ib-title ult-responsive\"  data-ultimate-target='#interactive-banner-wrap-5908 .ult-new-ib-title'  data-responsive-json-new='{\"font-size\":\"desktop:22px;\",\"line-height\":\"\"}'  style=\"font-weight:normal;color:#ffffff;\">Artisan Enhancements<\/h3><div class=\"ult-new-ib-content ult-responsive\"  data-ultimate-target='#interactive-banner-wrap-5908 .ult-new-ib-content'  data-responsive-json-new='{\"font-size\":\"desktop:14px;\",\"line-height\":\"\"}'  style=\"font-weight:200;color:rgba(255,255,255,0.7);\"><p>Abordable, polyvalent, facile \u00e0 utiliser et respectueux de l'environnement<\/p><\/div><\/div><a class=\"ult-new-ib-link\" href=\"\/what-is-artisan-enhancement\/\" title=\"Artisan Enhancements\"  ><\/a><\/div><div class=\"ult-spacer spacer-6a05ade95e1eb\" data-id=\"6a05ade95e1eb\" data-height=\"0\" data-height-mobile=\"30\" data-height-tab=\"0\" data-height-tab-portrait=\"30\" data-height-mobile-landscape=\"30\" style=\"clear:both;display:block;\"><\/div>[\/vc_column_inner][vc_column_inner offset=\u00a0\u00bbvc_col-lg-4 vc_col-md-4 vc_col-xs-12&Prime;]<div class=\"ult-new-ib ult-ib-effect-style10  ult-ib-resp ult-ib2-min-height \" data-min-width=\"768\" data-max-width=\"900\" style=\"background:#8da3a0; opacity:0; \" data-opacity=\"0.7\" data-hover-opacity=\"0.4\"  data-min-height=\"300\" ><img decoding=\"async\" class=\"ult-new-ib-img\" style=\"opacity:0.7;\" alt=\"null\" src=\"https:\/\/nordicchicpaint.com\/wp-content\/uploads\/2022\/08\/Pensler.jpeg\"  data-min-height=\"300\"   \/><div id=\"interactive-banner-wrap-2195\" class=\"ult-new-ib-desc\" style=\"\"><h3 class=\"ult-new-ib-title ult-responsive\"  data-ultimate-target='#interactive-banner-wrap-2195 .ult-new-ib-title'  data-responsive-json-new='{\"font-size\":\"desktop:22px;\",\"line-height\":\"\"}'  style=\"font-weight:normal;color:#ffffff;\">Outils<\/h3><div class=\"ult-new-ib-content ult-responsive\"  data-ultimate-target='#interactive-banner-wrap-2195 .ult-new-ib-content'  data-responsive-json-new='{\"font-size\":\"desktop:14px;\",\"line-height\":\"\"}'  style=\"font-weight:200;color:rgba(255,255,255,0.7);\"><p>Pinceaux de peinture dans plusieurs mod\u00e8les exclusifs pour diff\u00e9rents usages<\/p><\/div><\/div><a class=\"ult-new-ib-link\" href=\"\/tools\/\" title=\"Paint &amp; Wax Brushes\"  ><\/a><\/div>[\/vc_column_inner][\/vc_row_inner]<div class=\"ult-spacer spacer-6a05ade95e4aa\" data-id=\"6a05ade95e4aa\" data-height=\"90\" data-height-mobile=\"60\" data-height-tab=\"90\" data-height-tab-portrait=\"60\" data-height-mobile-landscape=\"60\" style=\"clear:both;display:block;\"><\/div>[\/vc_column][\/vc_row][vc_row full_width=\u00a0\u00bbstretch_row\u00a0\u00bb css=\u00a0\u00bb.vc_custom_1634900718244{background-color: #f7f7f7 !important;}\u00a0\u00bb][vc_column]<div class=\"ult-spacer spacer-6a05ade95e4d6\" data-id=\"6a05ade95e4d6\" data-height=\"90\" data-height-mobile=\"60\" data-height-tab=\"90\" data-height-tab-portrait=\"60\" data-height-mobile-landscape=\"60\" style=\"clear:both;display:block;\"><\/div>[vc_text_separator title=\u00a0\u00bbBesoin d&rsquo;inspiration ?\u00a0\u00bb color=\u00a0\u00bbcustom\u00a0\u00bb accent_color=\u00a0\u00bb#333333&Prime;][vc_empty_space height=\u00a0\u00bb15px\u00a0\u00bb][vc_column_text]Si vous avez des questions concernant les techniques ou d\u2019autres sujets, n\u2019h\u00e9sitez pas \u00e0 nous contacter. N\u2019oubliez pas que vous pouvez \u00e9galement trouver plus d\u2019inspiration sur <a href=\"https:\/\/www.pinterest.dk\/nordiccp\/_created\/\" target=\"_blank\" rel=\"noopener\">Pinterest<\/a>, <a href=\"https:\/\/www.instagram.com\/nordic_chic_chalkpaint\/\" target=\"_blank\" rel=\"noopener\">Instagram<\/a> et notre groupe Facebook <a href=\"https:\/\/www.facebook.com\/nordicchicpaint\" target=\"_blank\" rel=\"noopener\">Nordic Chic<\/a>.[\/vc_column_text][vc_empty_space height=\u00a0\u00bb30px\u00a0\u00bb][vc_raw_html]W2luc3RhZ3JhbS1mZWVkIGZlZWQ9MV0=[\/vc_raw_html]<div class=\"ult-spacer spacer-6a05ade95e4fc\" data-id=\"6a05ade95e4fc\" data-height=\"90\" data-height-mobile=\"60\" data-height-tab=\"90\" data-height-tab-portrait=\"60\" data-height-mobile-landscape=\"60\" style=\"clear:both;display:block;\"><\/div>[\/vc_column][\/vc_row][vc_row full_width=\u00a0\u00bbstretch_row\u00a0\u00bb][vc_column]<div class=\"ult-spacer spacer-6a05ade95e523\" data-id=\"6a05ade95e523\" data-height=\"90\" data-height-mobile=\"60\" data-height-tab=\"90\" data-height-tab-portrait=\"60\" data-height-mobile-landscape=\"60\" style=\"clear:both;display:block;\"><\/div>[vc_text_separator title=\u00a0\u00bbDevenir un revendeur\u00a0\u00bb color=\u00a0\u00bbcustom\u00a0\u00bb accent_color=\u00a0\u00bb#333333&Prime;][vc_empty_space height=\u00a0\u00bb15px\u00a0\u00bb][vc_row_inner][vc_column_inner width=\u00a0\u00bb1\/6&Prime;][\/vc_column_inner][vc_column_inner width=\u00a0\u00bb2\/3&Prime;][vc_column_text]<\/p>\n<h1 style=\"text-align: left;\"><strong>Nous cherchons toujours \u00e0 ajouter des membres \u00e0 la famille en pleine expansion de Nordic Chic\u00ae<\/strong><\/h1>\n<p style=\"text-align: left;\">Devenir un d\u00e9taillant de Nordic Chic Furniture Paint et\/ou de produits Artisan Enhancements peut \u00eatre une partie tr\u00e8s rentable de votre entreprise. Nous fournissons au march\u00e9 une peinture \u00e0 la craie \u00e9cologique certifi\u00e9e EN-71-3, sans COV et respectueuse de l&rsquo;environnement, certifi\u00e9e pour les enfants.<\/p>\n<p>[\/vc_column_text][\/vc_column_inner][vc_column_inner width=\u00a0\u00bb1\/6&Prime;][\/vc_column_inner][\/vc_row_inner][vc_empty_space height=\u00a0\u00bb30px\u00a0\u00bb][vc_row_inner][vc_column_inner][vc_raw_html el_class=\u00a0\u00bbcenter\u00a0\u00bb]W2Zvcm1pbmF0b3JfZm9ybSBpZD0iMzk2NSJd[\/vc_raw_html][\/vc_column_inner][\/vc_row_inner]<div class=\"ult-spacer spacer-6a05ade95e545\" data-id=\"6a05ade95e545\" data-height=\"90\" data-height-mobile=\"60\" data-height-tab=\"90\" data-height-tab-portrait=\"60\" data-height-mobile-landscape=\"60\" style=\"clear:both;display:block;\"><\/div>[\/vc_column][\/vc_row]<\/p>\n<\/section>","protected":false},"excerpt":{"rendered":"<p>[vc_row full_width=\u00a0\u00bbstretch_row\u00a0\u00bb css=\u00a0\u00bb.vc_custom_1634888937540{background-color: #f7f7f7 !important;}\u00a0\u00bb][vc_column][vc_empty_space height=\u00a0\u00bb60px\u00a0\u00bb][vc_column_text] Peinture \u00e0 la craie pour usage int\u00e9rieur et ext\u00e9rieur [\/vc_column_text][vc_empty_space height=\u00a0\u00bb60px\u00a0\u00bb][\/vc_column][\/vc_row][vc_row full_width=\u00a0\u00bbstretch_row\u00a0\u00bb][vc_column][vc_column_text] Votre peinture pour meubles \u00e9cologique ! [\/vc_column_text][vc_row_inner][vc_column_inner offset=\u00a0\u00bbvc_col-md-1&Prime;][\/vc_column_inner][vc_column_inner offset=\u00a0\u00bbvc_col-md-10&Prime;][vc_empty_space height=\u00a0\u00bb15px\u00a0\u00bb][vc_text_separator title=\u00a0\u00bbBienvenue dans le monde de Nordic Chic\u00ae\u00a0\u00bb color=\u00a0\u00bbcustom\u00a0\u00bb accent_color=\u00a0\u00bb#333333&Prime;][vc_empty_space height=\u00a0\u00bb30px\u00a0\u00bb][vc_column_text] La peinture pour meubles Nordic Chic\u00ae ne contient aucun agent nocif cach\u00e9 et est une peinture enti\u00e8rement &#8230; <a title=\"Accueil\" class=\"read-more\" href=\"https:\/\/nordicchicpaint.com\/fr\/\" aria-label=\"En savoir plus sur Accueil\">Lire plus<\/a><\/p>\n","protected":false},"author":1,"featured_media":0,"parent":0,"menu_order":0,"comment_status":"closed","ping_status":"closed","template":"","meta":{"_acf_changed":false,"footnotes":""},"categories":[],"class_list":["post-5836","page","type-page","status-publish"],"acf":[],"yoast_head":"<!-- This site is optimized with the Yoast SEO plugin v23.4 - https:\/\/yoast.com\/wordpress\/plugins\/seo\/ -->\n<title>D\u00e9couvrez le style \u00e9l\u00e9gant avec Nordic Chic \u2713 Notre s\u00e9lection unique de meubles et d&#039;int\u00e9rieurs cr\u00e9e une atmosph\u00e8re chaleureuse et accueillante, parfaite pour n&#039;importe quelle maison.<\/title>\n<meta name=\"description\" content=\"Peignez vos meubles ou votre d\u00e9coration avec notre peinture \u00e0 la craie certifi\u00e9e \u00c9colabel UE. Choisissez entre des pastels ou des couleurs vives et intenses. Peignez tout.\" \/>\n<meta name=\"robots\" content=\"index, follow, max-snippet:-1, max-image-preview:large, max-video-preview:-1\" \/>\n<link rel=\"canonical\" href=\"https:\/\/nordicchicpaint.com\/fr\/\" \/>\n<meta property=\"og:locale\" content=\"fr_FR\" \/>\n<meta property=\"og:type\" content=\"article\" \/>\n<meta property=\"og:title\" content=\"D\u00e9couvrez le style \u00e9l\u00e9gant avec Nordic Chic \u2713 Notre s\u00e9lection unique de meubles et d&#039;int\u00e9rieurs cr\u00e9e une atmosph\u00e8re chaleureuse et accueillante, parfaite pour n&#039;importe quelle maison.\" \/>\n<meta property=\"og:description\" content=\"Peignez vos meubles ou votre d\u00e9coration avec notre peinture \u00e0 la craie certifi\u00e9e \u00c9colabel UE. Choisissez entre des pastels ou des couleurs vives et intenses. Peignez tout.\" \/>\n<meta property=\"og:url\" content=\"https:\/\/nordicchicpaint.com\/fr\/\" \/>\n<meta property=\"og:site_name\" content=\"Nordic Chic\u00ae\" \/>\n<meta property=\"article:modified_time\" content=\"2025-02-14T09:57:48+00:00\" \/>\n<meta name=\"twitter:card\" content=\"summary_large_image\" \/>\n<meta name=\"twitter:label1\" content=\"Dur\u00e9e de lecture estim\u00e9e\" \/>\n\t<meta name=\"twitter:data1\" content=\"3 minutes\" \/>\n<script type=\"application\/ld+json\" class=\"yoast-schema-graph\">{\"@context\":\"https:\/\/schema.org\",\"@graph\":[{\"@type\":\"WebPage\",\"@id\":\"https:\/\/nordicchicpaint.com\/fr\/\",\"url\":\"https:\/\/nordicchicpaint.com\/fr\/\",\"name\":\"D\u00e9couvrez le style \u00e9l\u00e9gant avec Nordic Chic \u2713 Notre s\u00e9lection unique de meubles et d'int\u00e9rieurs cr\u00e9e une atmosph\u00e8re chaleureuse et accueillante, parfaite pour n'importe quelle maison.\",\"isPartOf\":{\"@id\":\"https:\/\/nordicchicpaint.com\/fr\/#website\"},\"datePublished\":\"2020-02-12T07:51:30+00:00\",\"dateModified\":\"2025-02-14T09:57:48+00:00\",\"description\":\"Peignez vos meubles ou votre d\u00e9coration avec notre peinture \u00e0 la craie certifi\u00e9e \u00c9colabel UE. Choisissez entre des pastels ou des couleurs vives et intenses. Peignez tout.\",\"breadcrumb\":{\"@id\":\"https:\/\/nordicchicpaint.com\/fr\/#breadcrumb\"},\"inLanguage\":\"fr-FR\",\"potentialAction\":[{\"@type\":\"ReadAction\",\"target\":[\"https:\/\/nordicchicpaint.com\/fr\/\"]}]},{\"@type\":\"BreadcrumbList\",\"@id\":\"https:\/\/nordicchicpaint.com\/fr\/#breadcrumb\",\"itemListElement\":[{\"@type\":\"ListItem\",\"position\":1,\"name\":\"Hjem\",\"item\":\"https:\/\/nordicchicpaint.com\/fr\/\"},{\"@type\":\"ListItem\",\"position\":2,\"name\":\"Accueil\"}]},{\"@type\":\"WebSite\",\"@id\":\"https:\/\/nordicchicpaint.com\/fr\/#website\",\"url\":\"https:\/\/nordicchicpaint.com\/fr\/\",\"name\":\"Nordic Chic\u00ae\",\"description\":\"Chalk paint for interior and exterior use\",\"publisher\":{\"@id\":\"https:\/\/nordicchicpaint.com\/fr\/#organization\"},\"potentialAction\":[{\"@type\":\"SearchAction\",\"target\":{\"@type\":\"EntryPoint\",\"urlTemplate\":\"https:\/\/nordicchicpaint.com\/fr\/?s={search_term_string}\"},\"query-input\":{\"@type\":\"PropertyValueSpecification\",\"valueRequired\":true,\"valueName\":\"search_term_string\"}}],\"inLanguage\":\"fr-FR\"},{\"@type\":\"Organization\",\"@id\":\"https:\/\/nordicchicpaint.com\/fr\/#organization\",\"name\":\"Nordic Chic\u00ae\",\"url\":\"https:\/\/nordicchicpaint.com\/fr\/\",\"logo\":{\"@type\":\"ImageObject\",\"inLanguage\":\"fr-FR\",\"@id\":\"https:\/\/nordicchicpaint.com\/fr\/#\/schema\/logo\/image\/\",\"url\":\"https:\/\/nordicchicpaint.com\/wp-content\/uploads\/2021\/10\/logo.svg\",\"contentUrl\":\"https:\/\/nordicchicpaint.com\/wp-content\/uploads\/2021\/10\/logo.svg\",\"width\":479,\"height\":474,\"caption\":\"Nordic Chic\u00ae\"},\"image\":{\"@id\":\"https:\/\/nordicchicpaint.com\/fr\/#\/schema\/logo\/image\/\"}}]}<\/script>\n<!-- \/ Yoast SEO plugin. -->","yoast_head_json":{"title":"D\u00e9couvrez le style \u00e9l\u00e9gant avec Nordic Chic \u2713 Notre s\u00e9lection unique de meubles et d'int\u00e9rieurs cr\u00e9e une atmosph\u00e8re chaleureuse et accueillante, parfaite pour n'importe quelle maison.","description":"Peignez vos meubles ou votre d\u00e9coration avec notre peinture \u00e0 la craie certifi\u00e9e \u00c9colabel UE. Choisissez entre des pastels ou des couleurs vives et intenses. Peignez tout.","robots":{"index":"index","follow":"follow","max-snippet":"max-snippet:-1","max-image-preview":"max-image-preview:large","max-video-preview":"max-video-preview:-1"},"canonical":"https:\/\/nordicchicpaint.com\/fr\/","og_locale":"fr_FR","og_type":"article","og_title":"D\u00e9couvrez le style \u00e9l\u00e9gant avec Nordic Chic \u2713 Notre s\u00e9lection unique de meubles et d'int\u00e9rieurs cr\u00e9e une atmosph\u00e8re chaleureuse et accueillante, parfaite pour n'importe quelle maison.","og_description":"Peignez vos meubles ou votre d\u00e9coration avec notre peinture \u00e0 la craie certifi\u00e9e \u00c9colabel UE. Choisissez entre des pastels ou des couleurs vives et intenses. Peignez tout.","og_url":"https:\/\/nordicchicpaint.com\/fr\/","og_site_name":"Nordic Chic\u00ae","article_modified_time":"2025-02-14T09:57:48+00:00","twitter_card":"summary_large_image","twitter_misc":{"Dur\u00e9e de lecture estim\u00e9e":"3 minutes"},"schema":{"@context":"https:\/\/schema.org","@graph":[{"@type":"WebPage","@id":"https:\/\/nordicchicpaint.com\/fr\/","url":"https:\/\/nordicchicpaint.com\/fr\/","name":"D\u00e9couvrez le style \u00e9l\u00e9gant avec Nordic Chic \u2713 Notre s\u00e9lection unique de meubles et d'int\u00e9rieurs cr\u00e9e une atmosph\u00e8re chaleureuse et accueillante, parfaite pour n'importe quelle maison.","isPartOf":{"@id":"https:\/\/nordicchicpaint.com\/fr\/#website"},"datePublished":"2020-02-12T07:51:30+00:00","dateModified":"2025-02-14T09:57:48+00:00","description":"Peignez vos meubles ou votre d\u00e9coration avec notre peinture \u00e0 la craie certifi\u00e9e \u00c9colabel UE. Choisissez entre des pastels ou des couleurs vives et intenses. Peignez tout.","breadcrumb":{"@id":"https:\/\/nordicchicpaint.com\/fr\/#breadcrumb"},"inLanguage":"fr-FR","potentialAction":[{"@type":"ReadAction","target":["https:\/\/nordicchicpaint.com\/fr\/"]}]},{"@type":"BreadcrumbList","@id":"https:\/\/nordicchicpaint.com\/fr\/#breadcrumb","itemListElement":[{"@type":"ListItem","position":1,"name":"Hjem","item":"https:\/\/nordicchicpaint.com\/fr\/"},{"@type":"ListItem","position":2,"name":"Accueil"}]},{"@type":"WebSite","@id":"https:\/\/nordicchicpaint.com\/fr\/#website","url":"https:\/\/nordicchicpaint.com\/fr\/","name":"Nordic Chic\u00ae","description":"Chalk paint for interior and exterior use","publisher":{"@id":"https:\/\/nordicchicpaint.com\/fr\/#organization"},"potentialAction":[{"@type":"SearchAction","target":{"@type":"EntryPoint","urlTemplate":"https:\/\/nordicchicpaint.com\/fr\/?s={search_term_string}"},"query-input":{"@type":"PropertyValueSpecification","valueRequired":true,"valueName":"search_term_string"}}],"inLanguage":"fr-FR"},{"@type":"Organization","@id":"https:\/\/nordicchicpaint.com\/fr\/#organization","name":"Nordic Chic\u00ae","url":"https:\/\/nordicchicpaint.com\/fr\/","logo":{"@type":"ImageObject","inLanguage":"fr-FR","@id":"https:\/\/nordicchicpaint.com\/fr\/#\/schema\/logo\/image\/","url":"https:\/\/nordicchicpaint.com\/wp-content\/uploads\/2021\/10\/logo.svg","contentUrl":"https:\/\/nordicchicpaint.com\/wp-content\/uploads\/2021\/10\/logo.svg","width":479,"height":474,"caption":"Nordic Chic\u00ae"},"image":{"@id":"https:\/\/nordicchicpaint.com\/fr\/#\/schema\/logo\/image\/"}}]}},"_links":{"self":[{"href":"https:\/\/nordicchicpaint.com\/fr\/wp-json\/wp\/v2\/pages\/5836"}],"collection":[{"href":"https:\/\/nordicchicpaint.com\/fr\/wp-json\/wp\/v2\/pages"}],"about":[{"href":"https:\/\/nordicchicpaint.com\/fr\/wp-json\/wp\/v2\/types\/page"}],"author":[{"embeddable":true,"href":"https:\/\/nordicchicpaint.com\/fr\/wp-json\/wp\/v2\/users\/1"}],"replies":[{"embeddable":true,"href":"https:\/\/nordicchicpaint.com\/fr\/wp-json\/wp\/v2\/comments?post=5836"}],"version-history":[{"count":8,"href":"https:\/\/nordicchicpaint.com\/fr\/wp-json\/wp\/v2\/pages\/5836\/revisions"}],"predecessor-version":[{"id":6457,"href":"https:\/\/nordicchicpaint.com\/fr\/wp-json\/wp\/v2\/pages\/5836\/revisions\/6457"}],"wp:attachment":[{"href":"https:\/\/nordicchicpaint.com\/fr\/wp-json\/wp\/v2\/media?parent=5836"}],"wp:term":[{"taxonomy":"category","embeddable":true,"href":"https:\/\/nordicchicpaint.com\/fr\/wp-json\/wp\/v2\/categories?post=5836"}],"curies":[{"name":"wp","href":"https:\/\/api.w.org\/{rel}","templated":true}]}}