{"id":6381,"date":"2020-02-12T08:51:30","date_gmt":"2020-02-12T07:51:30","guid":{"rendered":"https:\/\/nordicchicpaint.com\/portada\/"},"modified":"2025-02-14T11:18:39","modified_gmt":"2025-02-14T10:18:39","slug":"portada","status":"publish","type":"page","link":"https:\/\/nordicchicpaint.com\/es\/","title":{"rendered":"Portada"},"content":{"rendered":"<section class=\"wpb-content-wrapper\"><p>[vc_row full_width=\u00bbstretch_row\u00bb css=\u00bb.vc_custom_1634888937540{background-color: #f7f7f7 !important;}\u00bb][vc_column][vc_empty_space height=\u00bb60px\u00bb][vc_column_text]<\/p>\n<h1 style=\"text-align: center;\">Pintura de tiza para uso interior y exterior<\/h1>\n<p>[\/vc_column_text][vc_empty_space height=\u00bb60px\u00bb][\/vc_column][\/vc_row][vc_row full_width=\u00bbstretch_row\u00bb][vc_column]<div class=\"ult-spacer spacer-69dfd06990885\" data-id=\"69dfd06990885\" data-height=\"90\" data-height-mobile=\"60\" data-height-tab=\"90\" data-height-tab-portrait=\"60\" data-height-mobile-landscape=\"60\" style=\"clear:both;display:block;\"><\/div>[vc_column_text]<\/p>\n<h6 style=\"text-align: center;\">\u00a1Tu pintura ecol\u00f3gica para muebles!<\/h6>\n<p>[\/vc_column_text][vc_row_inner][vc_column_inner offset=\u00bbvc_col-md-1&#8243;][\/vc_column_inner][vc_column_inner offset=\u00bbvc_col-md-10&#8243;][vc_empty_space height=\u00bb15px\u00bb][vc_text_separator title=\u00bbBienvenido al mundo de Nordic Chic\u00ae\u00bb color=\u00bbcustom\u00bb accent_color=\u00bb#333333&#8243;][vc_empty_space height=\u00bb30px\u00bb][vc_column_text]<\/p>\n<h1 style=\"text-align: left;\"><strong>Nuestra pintura<\/strong><\/h1>\n<p>Experimente la esencia de la elegancia n\u00f3rdica con la pintura Nordic Chic. Nuestra exclusiva gama de colores y tipos de pintura le permite crear un hogar elegante y atemporal que refleja la tradici\u00f3n del dise\u00f1o escandinavo. Ya sea que est\u00e9 buscando renovar sus paredes o darle un nuevo aspecto a sus muebles, tenemos el producto perfecto para usted. Insp\u00edrese con nuestra hermosa paleta de colores y deje que su creatividad florezca con la pintura Nordic Chic.<\/p>\n<p style=\"text-align: left;\">Nuestra pintura no tiene sustancias nocivas ocultas y es una pintura mineral y de tiza totalmente natural, registrada con la etiqueta ecol\u00f3gica de la UE. Cumple con la norma EN: 71-3, lo que significa que es seguro para pintar muebles de guarder\u00eda.<\/p>\n<p style=\"text-align: left;\"><strong>Tiene todas estas cualidades y m\u00e1s:<\/strong><\/p>\n<ul>\n<li style=\"text-align: left;\">ES CERO VOC<\/li>\n<li style=\"text-align: left;\">ES LIBRE DE DISOLVENTES<\/li>\n<li style=\"text-align: left;\">No tiene absolutamente ning\u00fan olor desagradable<\/li>\n<li style=\"text-align: left;\">Es espeso y tiene una cobertura superior<\/li>\n<\/ul>\n<p style=\"text-align: left;\">\u00bfCon qu\u00e9 pintaste la \u00faltima vez? \u00bfEnumeraba todos los ingredientes? Estamos orgullosos de nuestros productos y puedes leer sobre TODOS los ingredientes en cada una de las latas.<\/p>\n<p style=\"text-align: left;\">No te f\u00edes solo de nuestras palabras, pru\u00e9balo, \u00a1no creer\u00e1s lo que te has estado perdiendo!<\/p>\n<p style=\"text-align: left;\">Si tienes una tienda, \u00bfte gustar\u00eda ofrecer a tus clientes nuestra exclusiva l\u00ednea de productos?<\/p>\n<p style=\"text-align: left;\">Ponte en contacto con nosotros: puedes encontrarnos <a href=\"https:\/\/nordicchicpaint.com\/es\/contactar\/\">aqu\u00ed<\/a><\/p>\n<p style=\"text-align: left;\">Tambi\u00e9n puedes solicitar convertirte en distribuidor <a href=\"https:\/\/nordicchicpaint.com\/es\/conviertete-en-minorista\/\">aqu\u00ed<\/a><\/p>\n<p>[\/vc_column_text][\/vc_column_inner][vc_column_inner offset=\u00bbvc_col-md-1&#8243;][\/vc_column_inner][\/vc_row_inner][vc_empty_space height=\u00bb60px\u00bb][vc_row_inner][vc_column_inner offset=\u00bbvc_col-lg-4 vc_col-md-4 vc_col-xs-12&#8243;]<div class=\"ult-new-ib ult-ib-effect-style10  ult-ib-resp ult-ib2-min-height \" data-min-width=\"768\" data-max-width=\"900\" style=\"background:#8da3a0; opacity:0; \" data-opacity=\"0.7\" data-hover-opacity=\"0.4\"  data-min-height=\"300\" ><img decoding=\"async\" class=\"ult-new-ib-img\" style=\"opacity:0.7;\" alt=\"null\" src=\"https:\/\/nordicchicpaint.com\/wp-content\/uploads\/2022\/05\/HEY5599_logo-scaled.jpg\"  data-min-height=\"300\"   \/><div id=\"interactive-banner-wrap-5894\" class=\"ult-new-ib-desc\" style=\"\"><h3 class=\"ult-new-ib-title ult-responsive\"  data-ultimate-target='#interactive-banner-wrap-5894 .ult-new-ib-title'  data-responsive-json-new='{\"font-size\":\"desktop:22px;\",\"line-height\":\"\"}'  style=\"font-weight:normal;color:#ffffff;\">Muebles y decoraci\u00f3n de interiores<\/h3><div class=\"ult-new-ib-content ult-responsive\"  data-ultimate-target='#interactive-banner-wrap-5894 .ult-new-ib-content'  data-responsive-json-new='{\"font-size\":\"desktop:14px;\",\"line-height\":\"\"}'  style=\"font-weight:200;color:rgba(255,255,255,0.7);\"><p>La pintura de tiza Nordic Chic\u00ae viene en muchos colores vibrantes.<\/p><\/div><\/div><a class=\"ult-new-ib-link\" href=\"\/furniture-interior\/\" title=\"Furniture &amp; Interior\"  ><\/a><\/div><div class=\"ult-spacer spacer-69dfd06990c3a\" data-id=\"69dfd06990c3a\" data-height=\"0\" data-height-mobile=\"30\" data-height-tab=\"0\" data-height-tab-portrait=\"30\" data-height-mobile-landscape=\"30\" style=\"clear:both;display:block;\"><\/div>[\/vc_column_inner][vc_column_inner offset=\u00bbvc_col-lg-4 vc_col-md-4 vc_col-xs-12&#8243;]<div class=\"ult-new-ib ult-ib-effect-style10  ult-ib-resp ult-ib2-min-height \" data-min-width=\"768\" data-max-width=\"900\" style=\"background:#8da3a0; opacity:0; \" data-opacity=\"0.7\" data-hover-opacity=\"0.4\"  data-min-height=\"300\" ><img decoding=\"async\" class=\"ult-new-ib-img\" style=\"opacity:0.7;\" alt=\"null\" src=\"https:\/\/nordicchicpaint.com\/wp-content\/uploads\/2022\/05\/HEY4846_logo-scaled.jpg\"  data-min-height=\"300\"   \/><div id=\"interactive-banner-wrap-9066\" class=\"ult-new-ib-desc\" style=\"\"><h3 class=\"ult-new-ib-title ult-responsive\"  data-ultimate-target='#interactive-banner-wrap-9066 .ult-new-ib-title'  data-responsive-json-new='{\"font-size\":\"desktop:22px;\",\"line-height\":\"\"}'  style=\"font-weight:normal;color:#ffffff;\">Outdoor &amp; More<\/h3><div class=\"ult-new-ib-content ult-responsive\"  data-ultimate-target='#interactive-banner-wrap-9066 .ult-new-ib-content'  data-responsive-json-new='{\"font-size\":\"desktop:14px;\",\"line-height\":\"\"}'  style=\"font-weight:200;color:rgba(255,255,255,0.7);\"><p>Una pintura para muebles resistente a base de agua adecuada para uso en interiores y exteriores.<\/p><\/div><\/div><a class=\"ult-new-ib-link\" href=\"\/outdoor-more\/\" title=\"Outdoor &amp; More\"  ><\/a><\/div><div class=\"ult-spacer spacer-69dfd06990eb0\" data-id=\"69dfd06990eb0\" data-height=\"0\" data-height-mobile=\"30\" data-height-tab=\"0\" data-height-tab-portrait=\"30\" data-height-mobile-landscape=\"30\" style=\"clear:both;display:block;\"><\/div>[\/vc_column_inner][vc_column_inner offset=\u00bbvc_col-lg-4 vc_col-md-4 vc_col-xs-12&#8243;]<div class=\"ult-new-ib ult-ib-effect-style10  ult-ib-resp ult-ib2-min-height \" data-min-width=\"768\" data-max-width=\"900\" style=\"background:#8da3a0; opacity:0; \" data-opacity=\"0.7\" data-hover-opacity=\"0.4\"  data-min-height=\"300\" ><img decoding=\"async\" class=\"ult-new-ib-img\" style=\"opacity:0.7;\" alt=\"null\" src=\"https:\/\/nordicchicpaint.com\/wp-content\/uploads\/2022\/08\/Wall-clay-and-chalk-paint-scaled-1.jpg\"  data-min-height=\"300\"   \/><div id=\"interactive-banner-wrap-5679\" class=\"ult-new-ib-desc\" style=\"\"><h3 class=\"ult-new-ib-title ult-responsive\"  data-ultimate-target='#interactive-banner-wrap-5679 .ult-new-ib-title'  data-responsive-json-new='{\"font-size\":\"desktop:22px;\",\"line-height\":\"\"}'  style=\"font-weight:normal;color:#ffffff;\">WALL Clay &amp; Chalk Paint<\/h3><div class=\"ult-new-ib-content ult-responsive\"  data-ultimate-target='#interactive-banner-wrap-5679 .ult-new-ib-content'  data-responsive-json-new='{\"font-size\":\"desktop:14px;\",\"line-height\":\"\"}'  style=\"font-weight:200;color:rgba(255,255,255,0.7);\"><p>A base de arcilla, un buen regulador de la humedad en el hogar.<\/p><\/div><\/div><a class=\"ult-new-ib-link\" href=\"\/wall-clay-chalk-paint\/\" title=\"WALL Clay &amp; Chalk Paint\"  ><\/a><\/div>[\/vc_column_inner][\/vc_row_inner]<div class=\"ult-spacer spacer-69dfd06991110\" data-id=\"69dfd06991110\" data-height=\"60\" data-height-mobile=\"30\" data-height-tab=\"60\" data-height-tab-portrait=\"30\" data-height-mobile-landscape=\"30\" style=\"clear:both;display:block;\"><\/div>[vc_row_inner][vc_column_inner offset=\u00bbvc_col-lg-4 vc_col-md-4 vc_col-xs-12&#8243;]<div class=\"ult-new-ib ult-ib-effect-style10  ult-ib-resp ult-ib2-min-height \" data-min-width=\"768\" data-max-width=\"900\" style=\"background:#8da3a0; opacity:0; \" data-opacity=\"0.7\" data-hover-opacity=\"0.4\"  data-min-height=\"300\" ><img decoding=\"async\" class=\"ult-new-ib-img\" style=\"opacity:0.7;\" alt=\"null\" src=\"https:\/\/nordicchicpaint.com\/wp-content\/uploads\/2022\/09\/Woody.jpeg\"  data-min-height=\"300\"   \/><div id=\"interactive-banner-wrap-7457\" class=\"ult-new-ib-desc\" style=\"\"><h3 class=\"ult-new-ib-title ult-responsive\"  data-ultimate-target='#interactive-banner-wrap-7457 .ult-new-ib-title'  data-responsive-json-new='{\"font-size\":\"desktop:22px;\",\"line-height\":\"\"}'  style=\"font-weight:normal;color:#ffffff;\">Stains<\/h3><div class=\"ult-new-ib-content ult-responsive\"  data-ultimate-target='#interactive-banner-wrap-7457 .ult-new-ib-content'  data-responsive-json-new='{\"font-size\":\"desktop:14px;\",\"line-height\":\"\"}'  style=\"font-weight:200;color:rgba(255,255,255,0.7);\"><p>100% sin olor y no t\u00f3xica<\/p><\/div><\/div><a class=\"ult-new-ib-link\" href=\"\/stains\/\" title=\"Finishes\"  ><\/a><\/div><div class=\"ult-spacer spacer-69dfd06991355\" data-id=\"69dfd06991355\" data-height=\"0\" data-height-mobile=\"30\" data-height-tab=\"0\" data-height-tab-portrait=\"30\" data-height-mobile-landscape=\"30\" style=\"clear:both;display:block;\"><\/div>[\/vc_column_inner][vc_column_inner offset=\u00bbvc_col-lg-4 vc_col-md-4 vc_col-xs-12&#8243;]<div class=\"ult-new-ib ult-ib-effect-style10  ult-ib-resp ult-ib2-min-height \" data-min-width=\"768\" data-max-width=\"900\" style=\"background:#8da3a0; opacity:0; \" data-opacity=\"0.7\" data-hover-opacity=\"0.4\"  data-min-height=\"300\" ><img decoding=\"async\" class=\"ult-new-ib-img\" style=\"opacity:0.7;\" alt=\"null\" src=\"https:\/\/nordicchicpaint.com\/wp-content\/uploads\/2022\/07\/Clear-Finish-Grouped-WB-e1662455235298.webp\"  data-min-height=\"300\"   \/><div id=\"interactive-banner-wrap-6684\" class=\"ult-new-ib-desc\" style=\"\"><h3 class=\"ult-new-ib-title ult-responsive\"  data-ultimate-target='#interactive-banner-wrap-6684 .ult-new-ib-title'  data-responsive-json-new='{\"font-size\":\"desktop:22px;\",\"line-height\":\"\"}'  style=\"font-weight:normal;color:#ffffff;\">Artisan Enhancements<\/h3><div class=\"ult-new-ib-content ult-responsive\"  data-ultimate-target='#interactive-banner-wrap-6684 .ult-new-ib-content'  data-responsive-json-new='{\"font-size\":\"desktop:14px;\",\"line-height\":\"\"}'  style=\"font-weight:200;color:rgba(255,255,255,0.7);\"><p>Asequible, vers\u00e1til, f\u00e1cil de usar y ecol\u00f3gico.<\/p><\/div><\/div><a class=\"ult-new-ib-link\" href=\"\/what-is-artisan-enhancement\/\" title=\"Artisan Enhancements\"  ><\/a><\/div><div class=\"ult-spacer spacer-69dfd06991599\" data-id=\"69dfd06991599\" data-height=\"0\" data-height-mobile=\"30\" data-height-tab=\"0\" data-height-tab-portrait=\"30\" data-height-mobile-landscape=\"30\" style=\"clear:both;display:block;\"><\/div>[\/vc_column_inner][vc_column_inner offset=\u00bbvc_col-lg-4 vc_col-md-4 vc_col-xs-12&#8243;]<div class=\"ult-new-ib ult-ib-effect-style10  ult-ib-resp ult-ib2-min-height \" data-min-width=\"768\" data-max-width=\"900\" style=\"background:#8da3a0; opacity:0; \" data-opacity=\"0.7\" data-hover-opacity=\"0.4\"  data-min-height=\"300\" ><img decoding=\"async\" class=\"ult-new-ib-img\" style=\"opacity:0.7;\" alt=\"null\" src=\"https:\/\/nordicchicpaint.com\/wp-content\/uploads\/2022\/08\/Pensler.jpeg\"  data-min-height=\"300\"   \/><div id=\"interactive-banner-wrap-6781\" class=\"ult-new-ib-desc\" style=\"\"><h3 class=\"ult-new-ib-title ult-responsive\"  data-ultimate-target='#interactive-banner-wrap-6781 .ult-new-ib-title'  data-responsive-json-new='{\"font-size\":\"desktop:22px;\",\"line-height\":\"\"}'  style=\"font-weight:normal;color:#ffffff;\">Herramientas<\/h3><div class=\"ult-new-ib-content ult-responsive\"  data-ultimate-target='#interactive-banner-wrap-6781 .ult-new-ib-content'  data-responsive-json-new='{\"font-size\":\"desktop:14px;\",\"line-height\":\"\"}'  style=\"font-weight:200;color:rgba(255,255,255,0.7);\"><p>Pinceles en varios dise\u00f1os exclusivos para diferentes prop\u00f3sitos.<\/p><\/div><\/div><a class=\"ult-new-ib-link\" href=\"\/tools\/\" title=\"Paint &amp; Wax Brushes\"  ><\/a><\/div>[\/vc_column_inner][\/vc_row_inner]<div class=\"ult-spacer spacer-69dfd069917de\" data-id=\"69dfd069917de\" data-height=\"90\" data-height-mobile=\"60\" data-height-tab=\"90\" data-height-tab-portrait=\"60\" data-height-mobile-landscape=\"60\" style=\"clear:both;display:block;\"><\/div>[\/vc_column][\/vc_row][vc_row full_width=\u00bbstretch_row\u00bb css=\u00bb.vc_custom_1634900718244{background-color: #f7f7f7 !important;}\u00bb][vc_column]<div class=\"ult-spacer spacer-69dfd06991809\" data-id=\"69dfd06991809\" data-height=\"90\" data-height-mobile=\"60\" data-height-tab=\"90\" data-height-tab-portrait=\"60\" data-height-mobile-landscape=\"60\" style=\"clear:both;display:block;\"><\/div>[vc_text_separator title=\u00bb\u00bfNecesitas inspiraci\u00f3n?\u00bb color=\u00bbcustom\u00bb accent_color=\u00bb#333333&#8243;][vc_empty_space height=\u00bb15px\u00bb][vc_column_text]Si tienes preguntas sobre t\u00e9cnicas u otros temas, siempre puedes contactarnos. No olvides que tambi\u00e9n puedes encontrar m\u00e1s inspiraci\u00f3n en <a href=\"https:\/\/www.pinterest.dk\/nordiccp\/_created\/\" target=\"_blank\" rel=\"noopener\">Pinterest<\/a>, <a href=\"https:\/\/www.instagram.com\/nordic_chic_chalkpaint\/\" target=\"_blank\" rel=\"noopener\">Instagram<\/a> y nuestro grupo de Facebook <a href=\"https:\/\/www.facebook.com\/nordicchicpaint\" target=\"_blank\" rel=\"noopener\">Nordic Chic<\/a>.[\/vc_column_text][vc_empty_space height=\u00bb30px\u00bb][vc_raw_html]W2luc3RhZ3JhbS1mZWVkIGZlZWQ9MV0=[\/vc_raw_html]<div class=\"ult-spacer spacer-69dfd06991833\" data-id=\"69dfd06991833\" data-height=\"90\" data-height-mobile=\"60\" data-height-tab=\"90\" data-height-tab-portrait=\"60\" data-height-mobile-landscape=\"60\" style=\"clear:both;display:block;\"><\/div>[\/vc_column][\/vc_row][vc_row full_width=\u00bbstretch_row\u00bb][vc_column]<div class=\"ult-spacer spacer-69dfd06991856\" data-id=\"69dfd06991856\" data-height=\"90\" data-height-mobile=\"60\" data-height-tab=\"90\" data-height-tab-portrait=\"60\" data-height-mobile-landscape=\"60\" style=\"clear:both;display:block;\"><\/div>[vc_text_separator title=\u00bbConvi\u00e9rtete en minorista\u00bb color=\u00bbcustom\u00bb accent_color=\u00bb#333333&#8243;][vc_empty_space height=\u00bb15px\u00bb][vc_row_inner][vc_column_inner width=\u00bb1\/6&#8243;][\/vc_column_inner][vc_column_inner width=\u00bb2\/3&#8243;][vc_column_text]<\/p>\n<h1 style=\"text-align: left;\"><strong>Siempre estamos buscando nuevos miembros para la creciente familia de Nordic Chic\u00ae<\/strong><\/h1>\n<p style=\"text-align: left;\">Convertirse en minorista de nuestros productos de pintura para muebles y\/o mejoras artesanales puede ser una parte muy rentable de su negocio. Ofrecemos al mercado una pintura a la tiza ecol\u00f3gica, certificada por ni\u00f1os EN-71-3, sin COV y con etiqueta ecol\u00f3gica de la UE.<\/p>\n<p>[\/vc_column_text][\/vc_column_inner][vc_column_inner width=\u00bb1\/6&#8243;][\/vc_column_inner][\/vc_row_inner][vc_empty_space height=\u00bb30px\u00bb][vc_row_inner][vc_column_inner][vc_raw_html el_class=\u00bbcenter\u00bb]W2Zvcm1pbmF0b3JfZm9ybSBpZD0iMzk2NSJd[\/vc_raw_html][\/vc_column_inner][\/vc_row_inner]<div class=\"ult-spacer spacer-69dfd06991877\" data-id=\"69dfd06991877\" data-height=\"90\" data-height-mobile=\"60\" data-height-tab=\"90\" data-height-tab-portrait=\"60\" data-height-mobile-landscape=\"60\" style=\"clear:both;display:block;\"><\/div>[\/vc_column][\/vc_row]<\/p>\n<\/section>","protected":false},"excerpt":{"rendered":"<p>[vc_row full_width=\u00bbstretch_row\u00bb css=\u00bb.vc_custom_1634888937540{background-color: #f7f7f7 !important;}\u00bb][vc_column][vc_empty_space height=\u00bb60px\u00bb][vc_column_text] Pintura de tiza para uso interior y exterior [\/vc_column_text][vc_empty_space height=\u00bb60px\u00bb][\/vc_column][\/vc_row][vc_row full_width=\u00bbstretch_row\u00bb][vc_column][vc_column_text] \u00a1Tu pintura ecol\u00f3gica para muebles! [\/vc_column_text][vc_row_inner][vc_column_inner offset=\u00bbvc_col-md-1&#8243;][\/vc_column_inner][vc_column_inner offset=\u00bbvc_col-md-10&#8243;][vc_empty_space height=\u00bb15px\u00bb][vc_text_separator title=\u00bbBienvenido al mundo de Nordic Chic\u00ae\u00bb color=\u00bbcustom\u00bb accent_color=\u00bb#333333&#8243;][vc_empty_space height=\u00bb30px\u00bb][vc_column_text] Nuestra pintura Experimente la esencia de la elegancia n\u00f3rdica con la pintura Nordic Chic. Nuestra exclusiva gama de colores y &#8230; <a title=\"Portada\" class=\"read-more\" href=\"https:\/\/nordicchicpaint.com\/es\/\" aria-label=\"Leer m\u00e1s sobre Portada\">Leer m\u00e1s<\/a><\/p>\n","protected":false},"author":1,"featured_media":0,"parent":0,"menu_order":0,"comment_status":"closed","ping_status":"closed","template":"","meta":{"_acf_changed":false,"footnotes":""},"categories":[],"class_list":["post-6381","page","type-page","status-publish"],"acf":[],"yoast_head":"<!-- This site is optimized with the Yoast SEO plugin v23.4 - https:\/\/yoast.com\/wordpress\/plugins\/seo\/ -->\n<title>Chalk paint for interior and exterior use &#183; Nordic Chic\u00ae<\/title>\n<meta name=\"description\" content=\"Pinte sus muebles o elementos decorativos con nuestra pintura a la tiza con etiqueta ecol\u00f3gica certificada por la UE. Elija entre colores pastel o colores intensos y vibrantes. P\u00edntelo todo.\" \/>\n<meta name=\"robots\" content=\"index, follow, max-snippet:-1, max-image-preview:large, max-video-preview:-1\" \/>\n<link rel=\"canonical\" href=\"https:\/\/nordicchicpaint.com\/es\/\" \/>\n<meta property=\"og:locale\" content=\"es_ES\" \/>\n<meta property=\"og:type\" content=\"article\" \/>\n<meta property=\"og:title\" content=\"Chalk paint for interior and exterior use &#183; Nordic Chic\u00ae\" \/>\n<meta property=\"og:description\" content=\"Pinte sus muebles o elementos decorativos con nuestra pintura a la tiza con etiqueta ecol\u00f3gica certificada por la UE. Elija entre colores pastel o colores intensos y vibrantes. P\u00edntelo todo.\" \/>\n<meta property=\"og:url\" content=\"https:\/\/nordicchicpaint.com\/es\/\" \/>\n<meta property=\"og:site_name\" content=\"Nordic Chic\u00ae\" \/>\n<meta property=\"article:modified_time\" content=\"2025-02-14T10:18:39+00:00\" \/>\n<meta name=\"twitter:card\" content=\"summary_large_image\" \/>\n<meta name=\"twitter:label1\" content=\"Tiempo de lectura\" \/>\n\t<meta name=\"twitter:data1\" content=\"3 minutos\" \/>\n<script type=\"application\/ld+json\" class=\"yoast-schema-graph\">{\"@context\":\"https:\/\/schema.org\",\"@graph\":[{\"@type\":\"WebPage\",\"@id\":\"https:\/\/nordicchicpaint.com\/es\/\",\"url\":\"https:\/\/nordicchicpaint.com\/es\/\",\"name\":\"Chalk paint for interior and exterior use &#183; Nordic Chic\u00ae\",\"isPartOf\":{\"@id\":\"https:\/\/nordicchicpaint.com\/es\/#website\"},\"datePublished\":\"2020-02-12T07:51:30+00:00\",\"dateModified\":\"2025-02-14T10:18:39+00:00\",\"description\":\"Pinte sus muebles o elementos decorativos con nuestra pintura a la tiza con etiqueta ecol\u00f3gica certificada por la UE. Elija entre colores pastel o colores intensos y vibrantes. P\u00edntelo todo.\",\"breadcrumb\":{\"@id\":\"https:\/\/nordicchicpaint.com\/es\/#breadcrumb\"},\"inLanguage\":\"es\",\"potentialAction\":[{\"@type\":\"ReadAction\",\"target\":[\"https:\/\/nordicchicpaint.com\/es\/\"]}]},{\"@type\":\"BreadcrumbList\",\"@id\":\"https:\/\/nordicchicpaint.com\/es\/#breadcrumb\",\"itemListElement\":[{\"@type\":\"ListItem\",\"position\":1,\"name\":\"Hjem\",\"item\":\"https:\/\/nordicchicpaint.com\/es\/\"},{\"@type\":\"ListItem\",\"position\":2,\"name\":\"Portada\"}]},{\"@type\":\"WebSite\",\"@id\":\"https:\/\/nordicchicpaint.com\/es\/#website\",\"url\":\"https:\/\/nordicchicpaint.com\/es\/\",\"name\":\"Nordic Chic\u00ae\",\"description\":\"Chalk paint for interior and exterior use\",\"publisher\":{\"@id\":\"https:\/\/nordicchicpaint.com\/es\/#organization\"},\"potentialAction\":[{\"@type\":\"SearchAction\",\"target\":{\"@type\":\"EntryPoint\",\"urlTemplate\":\"https:\/\/nordicchicpaint.com\/es\/?s={search_term_string}\"},\"query-input\":{\"@type\":\"PropertyValueSpecification\",\"valueRequired\":true,\"valueName\":\"search_term_string\"}}],\"inLanguage\":\"es\"},{\"@type\":\"Organization\",\"@id\":\"https:\/\/nordicchicpaint.com\/es\/#organization\",\"name\":\"Nordic Chic\u00ae\",\"url\":\"https:\/\/nordicchicpaint.com\/es\/\",\"logo\":{\"@type\":\"ImageObject\",\"inLanguage\":\"es\",\"@id\":\"https:\/\/nordicchicpaint.com\/es\/#\/schema\/logo\/image\/\",\"url\":\"https:\/\/nordicchicpaint.com\/wp-content\/uploads\/2021\/10\/logo.svg\",\"contentUrl\":\"https:\/\/nordicchicpaint.com\/wp-content\/uploads\/2021\/10\/logo.svg\",\"width\":479,\"height\":474,\"caption\":\"Nordic Chic\u00ae\"},\"image\":{\"@id\":\"https:\/\/nordicchicpaint.com\/es\/#\/schema\/logo\/image\/\"}}]}<\/script>\n<!-- \/ Yoast SEO plugin. -->","yoast_head_json":{"title":"Chalk paint for interior and exterior use &#183; Nordic Chic\u00ae","description":"Pinte sus muebles o elementos decorativos con nuestra pintura a la tiza con etiqueta ecol\u00f3gica certificada por la UE. Elija entre colores pastel o colores intensos y vibrantes. P\u00edntelo todo.","robots":{"index":"index","follow":"follow","max-snippet":"max-snippet:-1","max-image-preview":"max-image-preview:large","max-video-preview":"max-video-preview:-1"},"canonical":"https:\/\/nordicchicpaint.com\/es\/","og_locale":"es_ES","og_type":"article","og_title":"Chalk paint for interior and exterior use &#183; Nordic Chic\u00ae","og_description":"Pinte sus muebles o elementos decorativos con nuestra pintura a la tiza con etiqueta ecol\u00f3gica certificada por la UE. Elija entre colores pastel o colores intensos y vibrantes. P\u00edntelo todo.","og_url":"https:\/\/nordicchicpaint.com\/es\/","og_site_name":"Nordic Chic\u00ae","article_modified_time":"2025-02-14T10:18:39+00:00","twitter_card":"summary_large_image","twitter_misc":{"Tiempo de lectura":"3 minutos"},"schema":{"@context":"https:\/\/schema.org","@graph":[{"@type":"WebPage","@id":"https:\/\/nordicchicpaint.com\/es\/","url":"https:\/\/nordicchicpaint.com\/es\/","name":"Chalk paint for interior and exterior use &#183; Nordic Chic\u00ae","isPartOf":{"@id":"https:\/\/nordicchicpaint.com\/es\/#website"},"datePublished":"2020-02-12T07:51:30+00:00","dateModified":"2025-02-14T10:18:39+00:00","description":"Pinte sus muebles o elementos decorativos con nuestra pintura a la tiza con etiqueta ecol\u00f3gica certificada por la UE. Elija entre colores pastel o colores intensos y vibrantes. P\u00edntelo todo.","breadcrumb":{"@id":"https:\/\/nordicchicpaint.com\/es\/#breadcrumb"},"inLanguage":"es","potentialAction":[{"@type":"ReadAction","target":["https:\/\/nordicchicpaint.com\/es\/"]}]},{"@type":"BreadcrumbList","@id":"https:\/\/nordicchicpaint.com\/es\/#breadcrumb","itemListElement":[{"@type":"ListItem","position":1,"name":"Hjem","item":"https:\/\/nordicchicpaint.com\/es\/"},{"@type":"ListItem","position":2,"name":"Portada"}]},{"@type":"WebSite","@id":"https:\/\/nordicchicpaint.com\/es\/#website","url":"https:\/\/nordicchicpaint.com\/es\/","name":"Nordic Chic\u00ae","description":"Chalk paint for interior and exterior use","publisher":{"@id":"https:\/\/nordicchicpaint.com\/es\/#organization"},"potentialAction":[{"@type":"SearchAction","target":{"@type":"EntryPoint","urlTemplate":"https:\/\/nordicchicpaint.com\/es\/?s={search_term_string}"},"query-input":{"@type":"PropertyValueSpecification","valueRequired":true,"valueName":"search_term_string"}}],"inLanguage":"es"},{"@type":"Organization","@id":"https:\/\/nordicchicpaint.com\/es\/#organization","name":"Nordic Chic\u00ae","url":"https:\/\/nordicchicpaint.com\/es\/","logo":{"@type":"ImageObject","inLanguage":"es","@id":"https:\/\/nordicchicpaint.com\/es\/#\/schema\/logo\/image\/","url":"https:\/\/nordicchicpaint.com\/wp-content\/uploads\/2021\/10\/logo.svg","contentUrl":"https:\/\/nordicchicpaint.com\/wp-content\/uploads\/2021\/10\/logo.svg","width":479,"height":474,"caption":"Nordic Chic\u00ae"},"image":{"@id":"https:\/\/nordicchicpaint.com\/es\/#\/schema\/logo\/image\/"}}]}},"_links":{"self":[{"href":"https:\/\/nordicchicpaint.com\/es\/wp-json\/wp\/v2\/pages\/6381"}],"collection":[{"href":"https:\/\/nordicchicpaint.com\/es\/wp-json\/wp\/v2\/pages"}],"about":[{"href":"https:\/\/nordicchicpaint.com\/es\/wp-json\/wp\/v2\/types\/page"}],"author":[{"embeddable":true,"href":"https:\/\/nordicchicpaint.com\/es\/wp-json\/wp\/v2\/users\/1"}],"replies":[{"embeddable":true,"href":"https:\/\/nordicchicpaint.com\/es\/wp-json\/wp\/v2\/comments?post=6381"}],"version-history":[{"count":3,"href":"https:\/\/nordicchicpaint.com\/es\/wp-json\/wp\/v2\/pages\/6381\/revisions"}],"predecessor-version":[{"id":6459,"href":"https:\/\/nordicchicpaint.com\/es\/wp-json\/wp\/v2\/pages\/6381\/revisions\/6459"}],"wp:attachment":[{"href":"https:\/\/nordicchicpaint.com\/es\/wp-json\/wp\/v2\/media?parent=6381"}],"wp:term":[{"taxonomy":"category","embeddable":true,"href":"https:\/\/nordicchicpaint.com\/es\/wp-json\/wp\/v2\/categories?post=6381"}],"curies":[{"name":"wp","href":"https:\/\/api.w.org\/{rel}","templated":true}]}}