{"id":6378,"date":"2022-06-16T15:21:38","date_gmt":"2022-06-16T13:21:38","guid":{"rendered":"https:\/\/nordicchicpaint.com\/que-es-la-artisan-enhancement\/"},"modified":"2025-03-10T10:45:11","modified_gmt":"2025-03-10T09:45:11","slug":"que-es-la-artisan-enhancement","status":"publish","type":"page","link":"https:\/\/nordicchicpaint.com\/es\/que-es-la-artisan-enhancement\/","title":{"rendered":"\u00bfQu\u00e9 es la Artisan Enhancement?"},"content":{"rendered":"<section class=\"wpb-content-wrapper\"><p>[vc_row full_width=\u00bbstretch_row\u00bb][vc_column]<div class=\"ult-spacer spacer-69f3144135f1b\" data-id=\"69f3144135f1b\" data-height=\"90\" data-height-mobile=\"60\" data-height-tab=\"90\" data-height-tab-portrait=\"60\" data-height-mobile-landscape=\"60\" style=\"clear:both;display:block;\"><\/div>[vc_row_inner][vc_column_inner width=\u00bb1\/6&#8243;][\/vc_column_inner][vc_column_inner width=\u00bb2\/3&#8243;][vc_column_text]<\/p>\n<h2 style=\"text-align: center;\">Mejora tu estilo de pintura<\/h2>\n<p>La misi\u00f3n y la pasi\u00f3n de Artisan Enhancements\u00ae es ofrecer a los minoristas de pinturas decorativas especializadas una fuente asequible, vers\u00e1til, f\u00e1cil de usar y ecol\u00f3gica de revestimientos decorativos. Ofrecen una variedad de productos y herramientas para \u00abmejorar\u00bb y llevar cualquier proyecto de pintura al siguiente nivel. Sus productos fueron desarrollados tanto para principiantes como para expertos. \u00a1Divi\u00e9rtete! Experimenta. <strong>\u00a1No hay l\u00edmites para lo que puedes crear!<\/strong><\/p>\n<p>Artisan Enhancements\u00ae es el creador de medios y selladores de pintura decorativos innovadores, f\u00e1ciles de usar y respetuosos con el medio ambiente (y con los seres humanos). Artisan Enhancements\u00ae trabaja en estrecha colaboraci\u00f3n con sus equipos de desarrollo y fabricaci\u00f3n de productos para crear selladores y medios de pintura revolucionarios. Promueven y alientan un enfoque consciente del medio ambiente en el mundo de la pintura decorativa y el acabado falso.<\/p>\n<p>Podemos ofrecerte todos sus productos aqu\u00ed en Nordic Chic y, si no tienes un distribuidor de Nordic Chic cerca, eres bienvenido en nuestra <a href=\"https:\/\/nordicchic.eu\/collections\/artisan-enhancements\" target=\"_blank\" rel=\"noopener\">tienda web<\/a><\/p>\n<p>Hay infinitas posibilidades con estos productos y te recomendamos que eches un vistazo a nuestra p\u00e1gina de Pinterest <a href=\"https:\/\/www.pinterest.dk\/nordiccp\/artisan-enhancements-products\/\" target=\"_blank\" rel=\"noopener\">Haz clic para ver<\/a>, que contiene mucha inspiraci\u00f3n de Artisan Enhancements.<\/p>\n<p>Encuentra tu distribuidor <a href=\"https:\/\/www.google.com\/maps\/d\/viewer?ll=52.37899843665953%2C18.413202402759953&amp;z=4&amp;mid=1rauRHDxdnUavi54-d7udltVYcyE\" target=\"_blank\" rel=\"noopener\">aqu\u00ed<\/a> o compra aqu\u00ed <a href=\"http:\/\/www.nordicchic.eu\" target=\"_blank\" rel=\"noopener\">www.nordicchic.eu<\/a>.[\/vc_column_text][\/vc_column_inner][vc_column_inner width=\u00bb1\/6&#8243;][\/vc_column_inner][\/vc_row_inner]<div class=\"ult-spacer spacer-69f3144135f66\" data-id=\"69f3144135f66\" data-height=\"90\" data-height-mobile=\"60\" data-height-tab=\"90\" data-height-tab-portrait=\"60\" data-height-mobile-landscape=\"60\" style=\"clear:both;display:block;\"><\/div>[\/vc_column][\/vc_row]<\/p>\n<\/section>","protected":false},"excerpt":{"rendered":"<p>[vc_row full_width=\u00bbstretch_row\u00bb][vc_column][vc_row_inner][vc_column_inner width=\u00bb1\/6&#8243;][\/vc_column_inner][vc_column_inner width=\u00bb2\/3&#8243;][vc_column_text] Mejora tu estilo de pintura La misi\u00f3n y la pasi\u00f3n de Artisan Enhancements\u00ae es ofrecer a los minoristas de pinturas decorativas especializadas una fuente asequible, vers\u00e1til, f\u00e1cil de usar y ecol\u00f3gica de revestimientos decorativos. Ofrecen una variedad de productos y herramientas para \u00abmejorar\u00bb y llevar cualquier proyecto de pintura al siguiente &#8230; <a title=\"\u00bfQu\u00e9 es la Artisan Enhancement?\" class=\"read-more\" href=\"https:\/\/nordicchicpaint.com\/es\/que-es-la-artisan-enhancement\/\" aria-label=\"Leer m\u00e1s sobre \u00bfQu\u00e9 es la Artisan Enhancement?\">Leer m\u00e1s<\/a><\/p>\n","protected":false},"author":1,"featured_media":5592,"parent":0,"menu_order":21,"comment_status":"closed","ping_status":"closed","template":"","meta":{"_acf_changed":false,"footnotes":""},"categories":[],"class_list":["post-6378","page","type-page","status-publish","has-post-thumbnail"],"acf":[],"yoast_head":"<!-- This site is optimized with the Yoast SEO plugin v23.4 - https:\/\/yoast.com\/wordpress\/plugins\/seo\/ -->\n<title>\u00bfQu\u00e9 es la Artisan Enhancement? &#183; Nordic Chic\u00ae<\/title>\n<meta name=\"robots\" content=\"index, follow, max-snippet:-1, max-image-preview:large, max-video-preview:-1\" \/>\n<link rel=\"canonical\" href=\"https:\/\/nordicchicpaint.com\/es\/que-es-la-artisan-enhancement\/\" \/>\n<meta property=\"og:locale\" content=\"es_ES\" \/>\n<meta property=\"og:type\" content=\"article\" \/>\n<meta property=\"og:title\" content=\"\u00bfQu\u00e9 es la Artisan Enhancement? &#183; Nordic Chic\u00ae\" \/>\n<meta property=\"og:description\" content=\"[vc_row full_width=\u00bbstretch_row\u00bb][vc_column][vc_row_inner][vc_column_inner width=\u00bb1\/6&#8243;][\/vc_column_inner][vc_column_inner width=\u00bb2\/3&#8243;][vc_column_text] Mejora tu estilo de pintura La misi\u00f3n y la pasi\u00f3n de Artisan Enhancements\u00ae es ofrecer a los minoristas de pinturas decorativas especializadas una fuente asequible, vers\u00e1til, f\u00e1cil de usar y ecol\u00f3gica de revestimientos decorativos. Ofrecen una variedad de productos y herramientas para \u00abmejorar\u00bb y llevar cualquier proyecto de pintura al siguiente ... Leer m\u00e1s\" \/>\n<meta property=\"og:url\" content=\"https:\/\/nordicchicpaint.com\/es\/que-es-la-artisan-enhancement\/\" \/>\n<meta property=\"og:site_name\" content=\"Nordic Chic\u00ae\" \/>\n<meta property=\"article:modified_time\" content=\"2025-03-10T09:45:11+00:00\" \/>\n<meta property=\"og:image\" content=\"https:\/\/nordicchicpaint.com\/wp-content\/uploads\/2022\/07\/Clear-Finish-Grouped-WB-e1662455235298.webp\" \/>\n\t<meta property=\"og:image:width\" content=\"970\" \/>\n\t<meta property=\"og:image:height\" content=\"858\" \/>\n\t<meta property=\"og:image:type\" content=\"image\/webp\" \/>\n<meta name=\"twitter:card\" content=\"summary_large_image\" \/>\n<meta name=\"twitter:label1\" content=\"Tiempo de lectura\" \/>\n\t<meta name=\"twitter:data1\" content=\"2 minutos\" \/>\n<script type=\"application\/ld+json\" class=\"yoast-schema-graph\">{\"@context\":\"https:\/\/schema.org\",\"@graph\":[{\"@type\":\"WebPage\",\"@id\":\"https:\/\/nordicchicpaint.com\/es\/que-es-la-artisan-enhancement\/\",\"url\":\"https:\/\/nordicchicpaint.com\/es\/que-es-la-artisan-enhancement\/\",\"name\":\"\u00bfQu\u00e9 es la Artisan Enhancement? &#183; Nordic Chic\u00ae\",\"isPartOf\":{\"@id\":\"https:\/\/nordicchicpaint.com\/es\/#website\"},\"primaryImageOfPage\":{\"@id\":\"https:\/\/nordicchicpaint.com\/es\/que-es-la-artisan-enhancement\/#primaryimage\"},\"image\":{\"@id\":\"https:\/\/nordicchicpaint.com\/es\/que-es-la-artisan-enhancement\/#primaryimage\"},\"thumbnailUrl\":\"https:\/\/nordicchicpaint.com\/wp-content\/uploads\/2022\/07\/Clear-Finish-Grouped-WB-e1662455235298.webp\",\"datePublished\":\"2022-06-16T13:21:38+00:00\",\"dateModified\":\"2025-03-10T09:45:11+00:00\",\"breadcrumb\":{\"@id\":\"https:\/\/nordicchicpaint.com\/es\/que-es-la-artisan-enhancement\/#breadcrumb\"},\"inLanguage\":\"es\",\"potentialAction\":[{\"@type\":\"ReadAction\",\"target\":[\"https:\/\/nordicchicpaint.com\/es\/que-es-la-artisan-enhancement\/\"]}]},{\"@type\":\"ImageObject\",\"inLanguage\":\"es\",\"@id\":\"https:\/\/nordicchicpaint.com\/es\/que-es-la-artisan-enhancement\/#primaryimage\",\"url\":\"https:\/\/nordicchicpaint.com\/wp-content\/uploads\/2022\/07\/Clear-Finish-Grouped-WB-e1662455235298.webp\",\"contentUrl\":\"https:\/\/nordicchicpaint.com\/wp-content\/uploads\/2022\/07\/Clear-Finish-Grouped-WB-e1662455235298.webp\",\"width\":970,\"height\":858},{\"@type\":\"BreadcrumbList\",\"@id\":\"https:\/\/nordicchicpaint.com\/es\/que-es-la-artisan-enhancement\/#breadcrumb\",\"itemListElement\":[{\"@type\":\"ListItem\",\"position\":1,\"name\":\"Hjem\",\"item\":\"https:\/\/nordicchicpaint.com\/es\/\"},{\"@type\":\"ListItem\",\"position\":2,\"name\":\"\u00bfQu\u00e9 es la Artisan Enhancement?\"}]},{\"@type\":\"WebSite\",\"@id\":\"https:\/\/nordicchicpaint.com\/es\/#website\",\"url\":\"https:\/\/nordicchicpaint.com\/es\/\",\"name\":\"Nordic Chic\u00ae\",\"description\":\"Chalk paint for interior and exterior use\",\"publisher\":{\"@id\":\"https:\/\/nordicchicpaint.com\/es\/#organization\"},\"potentialAction\":[{\"@type\":\"SearchAction\",\"target\":{\"@type\":\"EntryPoint\",\"urlTemplate\":\"https:\/\/nordicchicpaint.com\/es\/?s={search_term_string}\"},\"query-input\":{\"@type\":\"PropertyValueSpecification\",\"valueRequired\":true,\"valueName\":\"search_term_string\"}}],\"inLanguage\":\"es\"},{\"@type\":\"Organization\",\"@id\":\"https:\/\/nordicchicpaint.com\/es\/#organization\",\"name\":\"Nordic Chic\u00ae\",\"url\":\"https:\/\/nordicchicpaint.com\/es\/\",\"logo\":{\"@type\":\"ImageObject\",\"inLanguage\":\"es\",\"@id\":\"https:\/\/nordicchicpaint.com\/es\/#\/schema\/logo\/image\/\",\"url\":\"https:\/\/nordicchicpaint.com\/wp-content\/uploads\/2021\/10\/logo.svg\",\"contentUrl\":\"https:\/\/nordicchicpaint.com\/wp-content\/uploads\/2021\/10\/logo.svg\",\"width\":479,\"height\":474,\"caption\":\"Nordic Chic\u00ae\"},\"image\":{\"@id\":\"https:\/\/nordicchicpaint.com\/es\/#\/schema\/logo\/image\/\"}}]}<\/script>\n<!-- \/ Yoast SEO plugin. -->","yoast_head_json":{"title":"\u00bfQu\u00e9 es la Artisan Enhancement? &#183; Nordic Chic\u00ae","robots":{"index":"index","follow":"follow","max-snippet":"max-snippet:-1","max-image-preview":"max-image-preview:large","max-video-preview":"max-video-preview:-1"},"canonical":"https:\/\/nordicchicpaint.com\/es\/que-es-la-artisan-enhancement\/","og_locale":"es_ES","og_type":"article","og_title":"\u00bfQu\u00e9 es la Artisan Enhancement? &#183; Nordic Chic\u00ae","og_description":"[vc_row full_width=\u00bbstretch_row\u00bb][vc_column][vc_row_inner][vc_column_inner width=\u00bb1\/6&#8243;][\/vc_column_inner][vc_column_inner width=\u00bb2\/3&#8243;][vc_column_text] Mejora tu estilo de pintura La misi\u00f3n y la pasi\u00f3n de Artisan Enhancements\u00ae es ofrecer a los minoristas de pinturas decorativas especializadas una fuente asequible, vers\u00e1til, f\u00e1cil de usar y ecol\u00f3gica de revestimientos decorativos. Ofrecen una variedad de productos y herramientas para \u00abmejorar\u00bb y llevar cualquier proyecto de pintura al siguiente ... Leer m\u00e1s","og_url":"https:\/\/nordicchicpaint.com\/es\/que-es-la-artisan-enhancement\/","og_site_name":"Nordic Chic\u00ae","article_modified_time":"2025-03-10T09:45:11+00:00","og_image":[{"width":970,"height":858,"url":"https:\/\/nordicchicpaint.com\/wp-content\/uploads\/2022\/07\/Clear-Finish-Grouped-WB-e1662455235298.webp","type":"image\/webp"}],"twitter_card":"summary_large_image","twitter_misc":{"Tiempo de lectura":"2 minutos"},"schema":{"@context":"https:\/\/schema.org","@graph":[{"@type":"WebPage","@id":"https:\/\/nordicchicpaint.com\/es\/que-es-la-artisan-enhancement\/","url":"https:\/\/nordicchicpaint.com\/es\/que-es-la-artisan-enhancement\/","name":"\u00bfQu\u00e9 es la Artisan Enhancement? &#183; Nordic Chic\u00ae","isPartOf":{"@id":"https:\/\/nordicchicpaint.com\/es\/#website"},"primaryImageOfPage":{"@id":"https:\/\/nordicchicpaint.com\/es\/que-es-la-artisan-enhancement\/#primaryimage"},"image":{"@id":"https:\/\/nordicchicpaint.com\/es\/que-es-la-artisan-enhancement\/#primaryimage"},"thumbnailUrl":"https:\/\/nordicchicpaint.com\/wp-content\/uploads\/2022\/07\/Clear-Finish-Grouped-WB-e1662455235298.webp","datePublished":"2022-06-16T13:21:38+00:00","dateModified":"2025-03-10T09:45:11+00:00","breadcrumb":{"@id":"https:\/\/nordicchicpaint.com\/es\/que-es-la-artisan-enhancement\/#breadcrumb"},"inLanguage":"es","potentialAction":[{"@type":"ReadAction","target":["https:\/\/nordicchicpaint.com\/es\/que-es-la-artisan-enhancement\/"]}]},{"@type":"ImageObject","inLanguage":"es","@id":"https:\/\/nordicchicpaint.com\/es\/que-es-la-artisan-enhancement\/#primaryimage","url":"https:\/\/nordicchicpaint.com\/wp-content\/uploads\/2022\/07\/Clear-Finish-Grouped-WB-e1662455235298.webp","contentUrl":"https:\/\/nordicchicpaint.com\/wp-content\/uploads\/2022\/07\/Clear-Finish-Grouped-WB-e1662455235298.webp","width":970,"height":858},{"@type":"BreadcrumbList","@id":"https:\/\/nordicchicpaint.com\/es\/que-es-la-artisan-enhancement\/#breadcrumb","itemListElement":[{"@type":"ListItem","position":1,"name":"Hjem","item":"https:\/\/nordicchicpaint.com\/es\/"},{"@type":"ListItem","position":2,"name":"\u00bfQu\u00e9 es la Artisan Enhancement?"}]},{"@type":"WebSite","@id":"https:\/\/nordicchicpaint.com\/es\/#website","url":"https:\/\/nordicchicpaint.com\/es\/","name":"Nordic Chic\u00ae","description":"Chalk paint for interior and exterior use","publisher":{"@id":"https:\/\/nordicchicpaint.com\/es\/#organization"},"potentialAction":[{"@type":"SearchAction","target":{"@type":"EntryPoint","urlTemplate":"https:\/\/nordicchicpaint.com\/es\/?s={search_term_string}"},"query-input":{"@type":"PropertyValueSpecification","valueRequired":true,"valueName":"search_term_string"}}],"inLanguage":"es"},{"@type":"Organization","@id":"https:\/\/nordicchicpaint.com\/es\/#organization","name":"Nordic Chic\u00ae","url":"https:\/\/nordicchicpaint.com\/es\/","logo":{"@type":"ImageObject","inLanguage":"es","@id":"https:\/\/nordicchicpaint.com\/es\/#\/schema\/logo\/image\/","url":"https:\/\/nordicchicpaint.com\/wp-content\/uploads\/2021\/10\/logo.svg","contentUrl":"https:\/\/nordicchicpaint.com\/wp-content\/uploads\/2021\/10\/logo.svg","width":479,"height":474,"caption":"Nordic Chic\u00ae"},"image":{"@id":"https:\/\/nordicchicpaint.com\/es\/#\/schema\/logo\/image\/"}}]}},"_links":{"self":[{"href":"https:\/\/nordicchicpaint.com\/es\/wp-json\/wp\/v2\/pages\/6378"}],"collection":[{"href":"https:\/\/nordicchicpaint.com\/es\/wp-json\/wp\/v2\/pages"}],"about":[{"href":"https:\/\/nordicchicpaint.com\/es\/wp-json\/wp\/v2\/types\/page"}],"author":[{"embeddable":true,"href":"https:\/\/nordicchicpaint.com\/es\/wp-json\/wp\/v2\/users\/1"}],"replies":[{"embeddable":true,"href":"https:\/\/nordicchicpaint.com\/es\/wp-json\/wp\/v2\/comments?post=6378"}],"version-history":[{"count":2,"href":"https:\/\/nordicchicpaint.com\/es\/wp-json\/wp\/v2\/pages\/6378\/revisions"}],"predecessor-version":[{"id":6380,"href":"https:\/\/nordicchicpaint.com\/es\/wp-json\/wp\/v2\/pages\/6378\/revisions\/6380"}],"wp:featuredmedia":[{"embeddable":true,"href":"https:\/\/nordicchicpaint.com\/es\/wp-json\/wp\/v2\/media\/5592"}],"wp:attachment":[{"href":"https:\/\/nordicchicpaint.com\/es\/wp-json\/wp\/v2\/media?parent=6378"}],"wp:term":[{"taxonomy":"category","embeddable":true,"href":"https:\/\/nordicchicpaint.com\/es\/wp-json\/wp\/v2\/categories?post=6378"}],"curies":[{"name":"wp","href":"https:\/\/api.w.org\/{rel}","templated":true}]}}