{"id":6375,"date":"2022-06-16T15:21:38","date_gmt":"2022-06-16T13:21:38","guid":{"rendered":"https:\/\/nordicchicpaint.com\/productos-y-tutoriales\/"},"modified":"2025-01-27T19:54:49","modified_gmt":"2025-01-27T18:54:49","slug":"productos-y-tutoriales","status":"publish","type":"page","link":"https:\/\/nordicchicpaint.com\/es\/productos-y-tutoriales\/","title":{"rendered":"Productos y tutoriales"},"content":{"rendered":"<section class=\"wpb-content-wrapper\"><p>[vc_row full_width=\u00bbstretch_row\u00bb][vc_column]<div class=\"ult-spacer spacer-69f329bbbab26\" data-id=\"69f329bbbab26\" data-height=\"90\" data-height-mobile=\"60\" data-height-tab=\"90\" data-height-tab-portrait=\"60\" data-height-mobile-landscape=\"60\" style=\"clear:both;display:block;\"><\/div>[vc_row_inner][vc_column_inner width=\u00bb1\/2&#8243;][vc_column_text]<\/p>\n<h2>Productos de mejora artesanal<\/h2>\n<ul>\n<li><a href=\"https:\/\/nordicchicpaint.com\/wp-content\/uploads\/2023\/07\/303-VPAN-TIPS-VP-Antico-Artisan-Enhancements.pdf\" target=\"_blank\" rel=\"noopener\">VP Antico<\/a><\/li>\n<li><a href=\"https:\/\/nordicchicpaint.com\/wp-content\/uploads\/2023\/07\/204-TGEL-TIPS-Transfer-Gel-Artisan-Enhancements.pdf\" target=\"_blank\" rel=\"noopener\">Gel de transferencia<\/a><\/li>\n<li><a href=\"https:\/\/nordicchicpaint.com\/wp-content\/uploads\/2023\/07\/203-SCBL-TIPS-Scumble-Artisan-Enhancements.pdf\" target=\"_blank\" rel=\"noopener\">Scumble<\/a><\/li>\n<li><a href=\"\/wp-content\/uploads\/2022\/05\/Pearl-Plaster-Artisan-Enhancements-TS.pdf\" target=\"_blank\" rel=\"noopener\">Yeso perlado<\/a><\/li>\n<li><a href=\"https:\/\/nordicchicpaint.com\/wp-content\/uploads\/2023\/07\/301-FINE-TIPS-Fine-Stone-Artisan-Enhancements.pdf\" target=\"_blank\" rel=\"noopener\">Piedra fina<\/a><\/li>\n<li><a href=\"https:\/\/nordicchicpaint.com\/wp-content\/uploads\/2023\/07\/202-LAFS-TIPS-Leaf-Foil-Size-Artisan-Enhancements.pdf\" target=\"_blank\" rel=\"noopener\">Hojas y L\u00e1mina<\/a><\/li>\n<li><a href=\"https:\/\/nordicchicpaint.com\/wp-content\/uploads\/2023\/07\/201-CTEX-TIPS-Crackle-Tex-Artisan-Enhancements.pdf\" target=\"_blank\" rel=\"noopener\">Crackle Tex<\/a><\/li>\n<li><a href=\"https:\/\/nordicchicpaint.com\/wp-content\/uploads\/2023\/07\/102-CTOP-TIPS-Clear-Topcoat-Artisan-Enhancements.pdf\" target=\"_blank\" rel=\"noopener\">Capa superior transparente<\/a><\/li>\n<li><a href=\"https:\/\/nordicchicpaint.com\/wp-content\/uploads\/2023\/07\/101-CLRF-TIPS-Clear-Finish-Artisan-Enhancements.pdf\" target=\"_blank\" rel=\"noopener\">Acabado transparente<\/a><\/li>\n<\/ul>\n<p>[\/vc_column_text][\/vc_column_inner][vc_column_inner width=\u00bb1\/2&#8243;][vc_column_text]<\/p>\n<h3>Tutoriales<\/h3>\n<ul>\n<li><a href=\"\/wp-content\/uploads\/2022\/05\/aechippycanvas-1.pdf\" target=\"_blank\" rel=\"noopener\">Lienzo chippy<\/a><\/li>\n<li><a href=\"\/wp-content\/uploads\/2022\/05\/finestone_chippystone-1.pdf\" target=\"_blank\" rel=\"noopener\">Piedra chippy Finestone<\/a><\/li>\n<li><a href=\"\/wp-content\/uploads\/2022\/05\/leaffoil2tech-1.pdf\" target=\"_blank\" rel=\"noopener\">Lienzo chippy de hojas y T\u00e9cnica de l\u00e1minas<\/a><\/li>\n<li><a href=\"\/wp-content\/uploads\/2022\/05\/leaffoilburnished-1.pdf\" target=\"_blank\" rel=\"noopener\">Hojas y l\u00e1minas bru\u00f1idas<\/a><\/li>\n<li><a href=\"\/wp-content\/uploads\/2022\/05\/transfergel-1.pdf\" target=\"_blank\" rel=\"noopener\">Transfergel<\/a><\/li>\n<\/ul>\n<p>[\/vc_column_text]<div class=\"ult-spacer spacer-69f329bbbab6f\" data-id=\"69f329bbbab6f\" data-height=\"0\" data-height-mobile=\"15\" data-height-tab=\"0\" data-height-tab-portrait=\"0\" data-height-mobile-landscape=\"15\" style=\"clear:both;display:block;\"><\/div>[\/vc_column_inner][\/vc_row_inner][vc_empty_space height=\u00bb30px\u00bb][vc_column_text]<\/p>\n<p style=\"text-align: left;\">Encuentra tu distribuidor <a href=\"https:\/\/www.google.com\/maps\/d\/viewer?ll=52.37899843665953%2C18.413202402759953&amp;z=4&amp;mid=1rauRHDxdnUavi54-d7udltVYcyE\" target=\"_blank\" rel=\"noopener\">aqu\u00ed<\/a> o compra aqu\u00ed <a href=\"http:\/\/www.nordicchic.eu\" target=\"_blank\" rel=\"noopener\">www.nordicchic.eu<\/a>.<\/p>\n<p>[\/vc_column_text][vc_empty_space height=\u00bb30px\u00bb][vc_media_grid element_width=\u00bb2&#8243; gap=\u00bb20&#8243; grid_id=\u00bbvc_gid:1688641835240-151a3ca7-051f-3&#8243; include=\u00bb3823,3824,3825,3826,3827,3828,3829,3830,3831,3897&#8243;]<div class=\"ult-spacer spacer-69f329bbbab94\" data-id=\"69f329bbbab94\" data-height=\"90\" data-height-mobile=\"60\" data-height-tab=\"90\" data-height-tab-portrait=\"60\" data-height-mobile-landscape=\"60\" style=\"clear:both;display:block;\"><\/div>[\/vc_column][\/vc_row]<\/p>\n<\/section>","protected":false},"excerpt":{"rendered":"<p>[vc_row full_width=\u00bbstretch_row\u00bb][vc_column][vc_row_inner][vc_column_inner width=\u00bb1\/2&#8243;][vc_column_text] Productos de mejora artesanal VP Antico Gel de transferencia Scumble Yeso perlado Piedra fina Hojas y L\u00e1mina Crackle Tex Capa superior transparente Acabado transparente [\/vc_column_text][\/vc_column_inner][vc_column_inner width=\u00bb1\/2&#8243;][vc_column_text] Tutoriales Lienzo chippy Piedra chippy Finestone Lienzo chippy de hojas y T\u00e9cnica de l\u00e1minas Hojas y l\u00e1minas bru\u00f1idas Transfergel [\/vc_column_text][\/vc_column_inner][\/vc_row_inner][vc_empty_space height=\u00bb30px\u00bb][vc_column_text] Encuentra tu distribuidor aqu\u00ed o &#8230; <a title=\"Productos y tutoriales\" class=\"read-more\" href=\"https:\/\/nordicchicpaint.com\/es\/productos-y-tutoriales\/\" aria-label=\"Leer m\u00e1s sobre Productos y tutoriales\">Leer m\u00e1s<\/a><\/p>\n","protected":false},"author":1,"featured_media":5592,"parent":0,"menu_order":20,"comment_status":"closed","ping_status":"closed","template":"","meta":{"_acf_changed":false,"footnotes":""},"categories":[],"class_list":["post-6375","page","type-page","status-publish","has-post-thumbnail"],"acf":[],"yoast_head":"<!-- This site is optimized with the Yoast SEO plugin v23.4 - https:\/\/yoast.com\/wordpress\/plugins\/seo\/ -->\n<title>Productos y tutoriales &#183; Nordic Chic\u00ae<\/title>\n<meta name=\"robots\" content=\"index, follow, max-snippet:-1, max-image-preview:large, max-video-preview:-1\" \/>\n<link rel=\"canonical\" href=\"https:\/\/nordicchicpaint.com\/es\/productos-y-tutoriales\/\" \/>\n<meta property=\"og:locale\" content=\"es_ES\" \/>\n<meta property=\"og:type\" content=\"article\" \/>\n<meta property=\"og:title\" content=\"Productos y tutoriales &#183; Nordic Chic\u00ae\" \/>\n<meta property=\"og:description\" content=\"[vc_row full_width=\u00bbstretch_row\u00bb][vc_column][vc_row_inner][vc_column_inner width=\u00bb1\/2&#8243;][vc_column_text] Productos de mejora artesanal VP Antico Gel de transferencia Scumble Yeso perlado Piedra fina Hojas y L\u00e1mina Crackle Tex Capa superior transparente Acabado transparente [\/vc_column_text][\/vc_column_inner][vc_column_inner width=\u00bb1\/2&#8243;][vc_column_text] Tutoriales Lienzo chippy Piedra chippy Finestone Lienzo chippy de hojas y T\u00e9cnica de l\u00e1minas Hojas y l\u00e1minas bru\u00f1idas Transfergel [\/vc_column_text][\/vc_column_inner][\/vc_row_inner][vc_empty_space height=\u00bb30px\u00bb][vc_column_text] Encuentra tu distribuidor aqu\u00ed o ... Leer m\u00e1s\" \/>\n<meta property=\"og:url\" content=\"https:\/\/nordicchicpaint.com\/es\/productos-y-tutoriales\/\" \/>\n<meta property=\"og:site_name\" content=\"Nordic Chic\u00ae\" \/>\n<meta property=\"article:modified_time\" content=\"2025-01-27T18:54:49+00:00\" \/>\n<meta property=\"og:image\" content=\"https:\/\/nordicchicpaint.com\/wp-content\/uploads\/2022\/07\/Clear-Finish-Grouped-WB-e1662455235298.webp\" \/>\n\t<meta property=\"og:image:width\" content=\"970\" \/>\n\t<meta property=\"og:image:height\" content=\"858\" \/>\n\t<meta property=\"og:image:type\" content=\"image\/webp\" \/>\n<meta name=\"twitter:card\" content=\"summary_large_image\" \/>\n<meta name=\"twitter:label1\" content=\"Tiempo de lectura\" \/>\n\t<meta name=\"twitter:data1\" content=\"1 minuto\" \/>\n<script type=\"application\/ld+json\" class=\"yoast-schema-graph\">{\"@context\":\"https:\/\/schema.org\",\"@graph\":[{\"@type\":\"WebPage\",\"@id\":\"https:\/\/nordicchicpaint.com\/es\/productos-y-tutoriales\/\",\"url\":\"https:\/\/nordicchicpaint.com\/es\/productos-y-tutoriales\/\",\"name\":\"Productos y tutoriales &#183; Nordic Chic\u00ae\",\"isPartOf\":{\"@id\":\"https:\/\/nordicchicpaint.com\/es\/#website\"},\"primaryImageOfPage\":{\"@id\":\"https:\/\/nordicchicpaint.com\/es\/productos-y-tutoriales\/#primaryimage\"},\"image\":{\"@id\":\"https:\/\/nordicchicpaint.com\/es\/productos-y-tutoriales\/#primaryimage\"},\"thumbnailUrl\":\"https:\/\/nordicchicpaint.com\/wp-content\/uploads\/2022\/07\/Clear-Finish-Grouped-WB-e1662455235298.webp\",\"datePublished\":\"2022-06-16T13:21:38+00:00\",\"dateModified\":\"2025-01-27T18:54:49+00:00\",\"breadcrumb\":{\"@id\":\"https:\/\/nordicchicpaint.com\/es\/productos-y-tutoriales\/#breadcrumb\"},\"inLanguage\":\"es\",\"potentialAction\":[{\"@type\":\"ReadAction\",\"target\":[\"https:\/\/nordicchicpaint.com\/es\/productos-y-tutoriales\/\"]}]},{\"@type\":\"ImageObject\",\"inLanguage\":\"es\",\"@id\":\"https:\/\/nordicchicpaint.com\/es\/productos-y-tutoriales\/#primaryimage\",\"url\":\"https:\/\/nordicchicpaint.com\/wp-content\/uploads\/2022\/07\/Clear-Finish-Grouped-WB-e1662455235298.webp\",\"contentUrl\":\"https:\/\/nordicchicpaint.com\/wp-content\/uploads\/2022\/07\/Clear-Finish-Grouped-WB-e1662455235298.webp\",\"width\":970,\"height\":858},{\"@type\":\"BreadcrumbList\",\"@id\":\"https:\/\/nordicchicpaint.com\/es\/productos-y-tutoriales\/#breadcrumb\",\"itemListElement\":[{\"@type\":\"ListItem\",\"position\":1,\"name\":\"Hjem\",\"item\":\"https:\/\/nordicchicpaint.com\/es\/\"},{\"@type\":\"ListItem\",\"position\":2,\"name\":\"Productos y tutoriales\"}]},{\"@type\":\"WebSite\",\"@id\":\"https:\/\/nordicchicpaint.com\/es\/#website\",\"url\":\"https:\/\/nordicchicpaint.com\/es\/\",\"name\":\"Nordic Chic\u00ae\",\"description\":\"Chalk paint for interior and exterior use\",\"publisher\":{\"@id\":\"https:\/\/nordicchicpaint.com\/es\/#organization\"},\"potentialAction\":[{\"@type\":\"SearchAction\",\"target\":{\"@type\":\"EntryPoint\",\"urlTemplate\":\"https:\/\/nordicchicpaint.com\/es\/?s={search_term_string}\"},\"query-input\":{\"@type\":\"PropertyValueSpecification\",\"valueRequired\":true,\"valueName\":\"search_term_string\"}}],\"inLanguage\":\"es\"},{\"@type\":\"Organization\",\"@id\":\"https:\/\/nordicchicpaint.com\/es\/#organization\",\"name\":\"Nordic Chic\u00ae\",\"url\":\"https:\/\/nordicchicpaint.com\/es\/\",\"logo\":{\"@type\":\"ImageObject\",\"inLanguage\":\"es\",\"@id\":\"https:\/\/nordicchicpaint.com\/es\/#\/schema\/logo\/image\/\",\"url\":\"https:\/\/nordicchicpaint.com\/wp-content\/uploads\/2021\/10\/logo.svg\",\"contentUrl\":\"https:\/\/nordicchicpaint.com\/wp-content\/uploads\/2021\/10\/logo.svg\",\"width\":479,\"height\":474,\"caption\":\"Nordic Chic\u00ae\"},\"image\":{\"@id\":\"https:\/\/nordicchicpaint.com\/es\/#\/schema\/logo\/image\/\"}}]}<\/script>\n<!-- \/ Yoast SEO plugin. -->","yoast_head_json":{"title":"Productos y tutoriales &#183; Nordic Chic\u00ae","robots":{"index":"index","follow":"follow","max-snippet":"max-snippet:-1","max-image-preview":"max-image-preview:large","max-video-preview":"max-video-preview:-1"},"canonical":"https:\/\/nordicchicpaint.com\/es\/productos-y-tutoriales\/","og_locale":"es_ES","og_type":"article","og_title":"Productos y tutoriales &#183; Nordic Chic\u00ae","og_description":"[vc_row full_width=\u00bbstretch_row\u00bb][vc_column][vc_row_inner][vc_column_inner width=\u00bb1\/2&#8243;][vc_column_text] Productos de mejora artesanal VP Antico Gel de transferencia Scumble Yeso perlado Piedra fina Hojas y L\u00e1mina Crackle Tex Capa superior transparente Acabado transparente [\/vc_column_text][\/vc_column_inner][vc_column_inner width=\u00bb1\/2&#8243;][vc_column_text] Tutoriales Lienzo chippy Piedra chippy Finestone Lienzo chippy de hojas y T\u00e9cnica de l\u00e1minas Hojas y l\u00e1minas bru\u00f1idas Transfergel [\/vc_column_text][\/vc_column_inner][\/vc_row_inner][vc_empty_space height=\u00bb30px\u00bb][vc_column_text] Encuentra tu distribuidor aqu\u00ed o ... Leer m\u00e1s","og_url":"https:\/\/nordicchicpaint.com\/es\/productos-y-tutoriales\/","og_site_name":"Nordic Chic\u00ae","article_modified_time":"2025-01-27T18:54:49+00:00","og_image":[{"width":970,"height":858,"url":"https:\/\/nordicchicpaint.com\/wp-content\/uploads\/2022\/07\/Clear-Finish-Grouped-WB-e1662455235298.webp","type":"image\/webp"}],"twitter_card":"summary_large_image","twitter_misc":{"Tiempo de lectura":"1 minuto"},"schema":{"@context":"https:\/\/schema.org","@graph":[{"@type":"WebPage","@id":"https:\/\/nordicchicpaint.com\/es\/productos-y-tutoriales\/","url":"https:\/\/nordicchicpaint.com\/es\/productos-y-tutoriales\/","name":"Productos y tutoriales &#183; Nordic Chic\u00ae","isPartOf":{"@id":"https:\/\/nordicchicpaint.com\/es\/#website"},"primaryImageOfPage":{"@id":"https:\/\/nordicchicpaint.com\/es\/productos-y-tutoriales\/#primaryimage"},"image":{"@id":"https:\/\/nordicchicpaint.com\/es\/productos-y-tutoriales\/#primaryimage"},"thumbnailUrl":"https:\/\/nordicchicpaint.com\/wp-content\/uploads\/2022\/07\/Clear-Finish-Grouped-WB-e1662455235298.webp","datePublished":"2022-06-16T13:21:38+00:00","dateModified":"2025-01-27T18:54:49+00:00","breadcrumb":{"@id":"https:\/\/nordicchicpaint.com\/es\/productos-y-tutoriales\/#breadcrumb"},"inLanguage":"es","potentialAction":[{"@type":"ReadAction","target":["https:\/\/nordicchicpaint.com\/es\/productos-y-tutoriales\/"]}]},{"@type":"ImageObject","inLanguage":"es","@id":"https:\/\/nordicchicpaint.com\/es\/productos-y-tutoriales\/#primaryimage","url":"https:\/\/nordicchicpaint.com\/wp-content\/uploads\/2022\/07\/Clear-Finish-Grouped-WB-e1662455235298.webp","contentUrl":"https:\/\/nordicchicpaint.com\/wp-content\/uploads\/2022\/07\/Clear-Finish-Grouped-WB-e1662455235298.webp","width":970,"height":858},{"@type":"BreadcrumbList","@id":"https:\/\/nordicchicpaint.com\/es\/productos-y-tutoriales\/#breadcrumb","itemListElement":[{"@type":"ListItem","position":1,"name":"Hjem","item":"https:\/\/nordicchicpaint.com\/es\/"},{"@type":"ListItem","position":2,"name":"Productos y tutoriales"}]},{"@type":"WebSite","@id":"https:\/\/nordicchicpaint.com\/es\/#website","url":"https:\/\/nordicchicpaint.com\/es\/","name":"Nordic Chic\u00ae","description":"Chalk paint for interior and exterior use","publisher":{"@id":"https:\/\/nordicchicpaint.com\/es\/#organization"},"potentialAction":[{"@type":"SearchAction","target":{"@type":"EntryPoint","urlTemplate":"https:\/\/nordicchicpaint.com\/es\/?s={search_term_string}"},"query-input":{"@type":"PropertyValueSpecification","valueRequired":true,"valueName":"search_term_string"}}],"inLanguage":"es"},{"@type":"Organization","@id":"https:\/\/nordicchicpaint.com\/es\/#organization","name":"Nordic Chic\u00ae","url":"https:\/\/nordicchicpaint.com\/es\/","logo":{"@type":"ImageObject","inLanguage":"es","@id":"https:\/\/nordicchicpaint.com\/es\/#\/schema\/logo\/image\/","url":"https:\/\/nordicchicpaint.com\/wp-content\/uploads\/2021\/10\/logo.svg","contentUrl":"https:\/\/nordicchicpaint.com\/wp-content\/uploads\/2021\/10\/logo.svg","width":479,"height":474,"caption":"Nordic Chic\u00ae"},"image":{"@id":"https:\/\/nordicchicpaint.com\/es\/#\/schema\/logo\/image\/"}}]}},"_links":{"self":[{"href":"https:\/\/nordicchicpaint.com\/es\/wp-json\/wp\/v2\/pages\/6375"}],"collection":[{"href":"https:\/\/nordicchicpaint.com\/es\/wp-json\/wp\/v2\/pages"}],"about":[{"href":"https:\/\/nordicchicpaint.com\/es\/wp-json\/wp\/v2\/types\/page"}],"author":[{"embeddable":true,"href":"https:\/\/nordicchicpaint.com\/es\/wp-json\/wp\/v2\/users\/1"}],"replies":[{"embeddable":true,"href":"https:\/\/nordicchicpaint.com\/es\/wp-json\/wp\/v2\/comments?post=6375"}],"version-history":[{"count":2,"href":"https:\/\/nordicchicpaint.com\/es\/wp-json\/wp\/v2\/pages\/6375\/revisions"}],"predecessor-version":[{"id":6377,"href":"https:\/\/nordicchicpaint.com\/es\/wp-json\/wp\/v2\/pages\/6375\/revisions\/6377"}],"wp:featuredmedia":[{"embeddable":true,"href":"https:\/\/nordicchicpaint.com\/es\/wp-json\/wp\/v2\/media\/5592"}],"wp:attachment":[{"href":"https:\/\/nordicchicpaint.com\/es\/wp-json\/wp\/v2\/media?parent=6375"}],"wp:term":[{"taxonomy":"category","embeddable":true,"href":"https:\/\/nordicchicpaint.com\/es\/wp-json\/wp\/v2\/categories?post=6375"}],"curies":[{"name":"wp","href":"https:\/\/api.w.org\/{rel}","templated":true}]}}