{"id":6363,"date":"2021-10-21T12:22:36","date_gmt":"2021-10-21T10:22:36","guid":{"rendered":"https:\/\/nordicchicpaint.com\/minoristas-cerca-de-usted\/"},"modified":"2025-03-10T10:30:22","modified_gmt":"2025-03-10T09:30:22","slug":"minoristas-cerca-de-usted","status":"publish","type":"page","link":"https:\/\/nordicchicpaint.com\/es\/minoristas-cerca-de-usted\/","title":{"rendered":"Minoristas cerca de usted"},"content":{"rendered":"<section class=\"wpb-content-wrapper\"><p>[vc_row full_width=\u00bbstretch_row\u00bb][vc_column]<div class=\"ult-spacer spacer-69f4394c4cafa\" data-id=\"69f4394c4cafa\" data-height=\"90\" data-height-mobile=\"60\" data-height-tab=\"90\" data-height-tab-portrait=\"60\" data-height-mobile-landscape=\"60\" style=\"clear:both;display:block;\"><\/div>[vc_row_inner][vc_column_inner width=\u00bb1\/6&#8243;][\/vc_column_inner][vc_column_inner width=\u00bb2\/3&#8243;][vc_column_text]<\/p>\n<h2 style=\"text-align: center;\">Encuentra un distribuidor de Nordic Chic\u00ae cerca de ti<\/h2>\n<p style=\"text-align: left;\">Encuentra un distribuidor en Dinamarca, Suecia, Noruega, Finlandia, Polonia, Alemania, Francia, Grecia, Estonia, Italia, Espa\u00f1a, Suiza, Austria, Portugal, Reino Unido, Australia, Bulgaria, Hungr\u00eda, Rep\u00fablica Checa y EE. UU.<\/p>\n<p style=\"text-align: left;\">Siempre estamos buscando nuevos distribuidores. \u00bfTe gustar\u00eda poder ofrecer a TUS clientes la pintura de tiza con certificaci\u00f3n infantil (EN71-3) y etiqueta ecol\u00f3gica de la UE N\u00daMERO UNO? Entonces no lo dudes, nos encantar\u00eda saber de ti.<\/p>\n<p style=\"text-align: left;\"><a href=\"https:\/\/nordicchicpaint.com\/es\/convertirse-en-un-minorista\/\">Convi\u00e9rtete en un minorista de Nordic Chic Chalkpaint<\/a><\/p>\n<p style=\"text-align: left;\">A continuaci\u00f3n, encontrar\u00e1s una lista completa de todos los minoristas en los diferentes pa\u00edses.<\/p>\n<p style=\"text-align: left;\"><strong>#wepainttheworldabitgreener<\/strong><\/p>\n<p>Encuentra tu minorista <a href=\"https:\/\/nordicchicpaint.com\/minoristas-cerca-de-ti\/\" target=\"_blank\" rel=\"noopener\">aqu\u00ed<\/a> o compra aqu\u00ed <a href=\"http:\/\/www.nordicchic.eu\" target=\"_blank\" rel=\"noopener\">www.nordicchic.eu<\/a>.[\/vc_column_text][\/vc_column_inner][vc_column_inner width=\u00bb1\/6&#8243;][\/vc_column_inner][\/vc_row_inner][vc_empty_space height=\u00bb30px\u00bb][vc_raw_html]W3dwc2xd[\/vc_raw_html]<div class=\"ult-spacer spacer-69f4394c4cb40\" data-id=\"69f4394c4cb40\" data-height=\"90\" data-height-mobile=\"60\" data-height-tab=\"90\" data-height-tab-portrait=\"60\" data-height-mobile-landscape=\"60\" style=\"clear:both;display:block;\"><\/div>[\/vc_column][\/vc_row]<\/p>\n<\/section>","protected":false},"excerpt":{"rendered":"<p>[vc_row full_width=\u00bbstretch_row\u00bb][vc_column][vc_row_inner][vc_column_inner width=\u00bb1\/6&#8243;][\/vc_column_inner][vc_column_inner width=\u00bb2\/3&#8243;][vc_column_text] Encuentra un distribuidor de Nordic Chic\u00ae cerca de ti Encuentra un distribuidor en Dinamarca, Suecia, Noruega, Finlandia, Polonia, Alemania, Francia, Grecia, Estonia, Italia, Espa\u00f1a, Suiza, Austria, Portugal, Reino Unido, Australia, Bulgaria, Hungr\u00eda, Rep\u00fablica Checa y EE. UU. Siempre estamos buscando nuevos distribuidores. \u00bfTe gustar\u00eda poder ofrecer a TUS clientes la pintura &#8230; <a title=\"Minoristas cerca de usted\" class=\"read-more\" href=\"https:\/\/nordicchicpaint.com\/es\/minoristas-cerca-de-usted\/\" aria-label=\"Leer m\u00e1s sobre Minoristas cerca de usted\">Leer m\u00e1s<\/a><\/p>\n","protected":false},"author":1,"featured_media":5766,"parent":0,"menu_order":11,"comment_status":"closed","ping_status":"closed","template":"","meta":{"_acf_changed":false,"footnotes":""},"categories":[],"class_list":["post-6363","page","type-page","status-publish","has-post-thumbnail"],"acf":[],"yoast_head":"<!-- This site is optimized with the Yoast SEO plugin v23.4 - https:\/\/yoast.com\/wordpress\/plugins\/seo\/ -->\n<title>Minoristas cerca de usted &#183; Nordic Chic\u00ae<\/title>\n<meta name=\"robots\" content=\"index, follow, max-snippet:-1, max-image-preview:large, max-video-preview:-1\" \/>\n<link rel=\"canonical\" href=\"https:\/\/nordicchicpaint.com\/es\/minoristas-cerca-de-usted\/\" \/>\n<meta property=\"og:locale\" content=\"es_ES\" \/>\n<meta property=\"og:type\" content=\"article\" \/>\n<meta property=\"og:title\" content=\"Minoristas cerca de usted &#183; Nordic Chic\u00ae\" \/>\n<meta property=\"og:description\" content=\"[vc_row full_width=\u00bbstretch_row\u00bb][vc_column][vc_row_inner][vc_column_inner width=\u00bb1\/6&#8243;][\/vc_column_inner][vc_column_inner width=\u00bb2\/3&#8243;][vc_column_text] Encuentra un distribuidor de Nordic Chic\u00ae cerca de ti Encuentra un distribuidor en Dinamarca, Suecia, Noruega, Finlandia, Polonia, Alemania, Francia, Grecia, Estonia, Italia, Espa\u00f1a, Suiza, Austria, Portugal, Reino Unido, Australia, Bulgaria, Hungr\u00eda, Rep\u00fablica Checa y EE. UU. Siempre estamos buscando nuevos distribuidores. \u00bfTe gustar\u00eda poder ofrecer a TUS clientes la pintura ... Leer m\u00e1s\" \/>\n<meta property=\"og:url\" content=\"https:\/\/nordicchicpaint.com\/es\/minoristas-cerca-de-usted\/\" \/>\n<meta property=\"og:site_name\" content=\"Nordic Chic\u00ae\" \/>\n<meta property=\"article:modified_time\" content=\"2025-03-10T09:30:22+00:00\" \/>\n<meta property=\"og:image\" content=\"https:\/\/nordicchicpaint.com\/wp-content\/uploads\/2022\/09\/iStock-627013054-scaled.jpg\" \/>\n\t<meta property=\"og:image:width\" content=\"2048\" \/>\n\t<meta property=\"og:image:height\" content=\"1280\" \/>\n\t<meta property=\"og:image:type\" content=\"image\/jpeg\" \/>\n<meta name=\"twitter:card\" content=\"summary_large_image\" \/>\n<meta name=\"twitter:label1\" content=\"Tiempo de lectura\" \/>\n\t<meta name=\"twitter:data1\" content=\"1 minuto\" \/>\n<script type=\"application\/ld+json\" class=\"yoast-schema-graph\">{\"@context\":\"https:\/\/schema.org\",\"@graph\":[{\"@type\":\"WebPage\",\"@id\":\"https:\/\/nordicchicpaint.com\/es\/minoristas-cerca-de-usted\/\",\"url\":\"https:\/\/nordicchicpaint.com\/es\/minoristas-cerca-de-usted\/\",\"name\":\"Minoristas cerca de usted &#183; Nordic Chic\u00ae\",\"isPartOf\":{\"@id\":\"https:\/\/nordicchicpaint.com\/es\/#website\"},\"primaryImageOfPage\":{\"@id\":\"https:\/\/nordicchicpaint.com\/es\/minoristas-cerca-de-usted\/#primaryimage\"},\"image\":{\"@id\":\"https:\/\/nordicchicpaint.com\/es\/minoristas-cerca-de-usted\/#primaryimage\"},\"thumbnailUrl\":\"https:\/\/nordicchicpaint.com\/wp-content\/uploads\/2022\/09\/iStock-627013054-scaled.jpg\",\"datePublished\":\"2021-10-21T10:22:36+00:00\",\"dateModified\":\"2025-03-10T09:30:22+00:00\",\"breadcrumb\":{\"@id\":\"https:\/\/nordicchicpaint.com\/es\/minoristas-cerca-de-usted\/#breadcrumb\"},\"inLanguage\":\"es\",\"potentialAction\":[{\"@type\":\"ReadAction\",\"target\":[\"https:\/\/nordicchicpaint.com\/es\/minoristas-cerca-de-usted\/\"]}]},{\"@type\":\"ImageObject\",\"inLanguage\":\"es\",\"@id\":\"https:\/\/nordicchicpaint.com\/es\/minoristas-cerca-de-usted\/#primaryimage\",\"url\":\"https:\/\/nordicchicpaint.com\/wp-content\/uploads\/2022\/09\/iStock-627013054-scaled.jpg\",\"contentUrl\":\"https:\/\/nordicchicpaint.com\/wp-content\/uploads\/2022\/09\/iStock-627013054-scaled.jpg\",\"width\":2048,\"height\":1280,\"caption\":\"red blue geometric world map\"},{\"@type\":\"BreadcrumbList\",\"@id\":\"https:\/\/nordicchicpaint.com\/es\/minoristas-cerca-de-usted\/#breadcrumb\",\"itemListElement\":[{\"@type\":\"ListItem\",\"position\":1,\"name\":\"Hjem\",\"item\":\"https:\/\/nordicchicpaint.com\/es\/\"},{\"@type\":\"ListItem\",\"position\":2,\"name\":\"Minoristas cerca de usted\"}]},{\"@type\":\"WebSite\",\"@id\":\"https:\/\/nordicchicpaint.com\/es\/#website\",\"url\":\"https:\/\/nordicchicpaint.com\/es\/\",\"name\":\"Nordic Chic\u00ae\",\"description\":\"Chalk paint for interior and exterior use\",\"publisher\":{\"@id\":\"https:\/\/nordicchicpaint.com\/es\/#organization\"},\"potentialAction\":[{\"@type\":\"SearchAction\",\"target\":{\"@type\":\"EntryPoint\",\"urlTemplate\":\"https:\/\/nordicchicpaint.com\/es\/?s={search_term_string}\"},\"query-input\":{\"@type\":\"PropertyValueSpecification\",\"valueRequired\":true,\"valueName\":\"search_term_string\"}}],\"inLanguage\":\"es\"},{\"@type\":\"Organization\",\"@id\":\"https:\/\/nordicchicpaint.com\/es\/#organization\",\"name\":\"Nordic Chic\u00ae\",\"url\":\"https:\/\/nordicchicpaint.com\/es\/\",\"logo\":{\"@type\":\"ImageObject\",\"inLanguage\":\"es\",\"@id\":\"https:\/\/nordicchicpaint.com\/es\/#\/schema\/logo\/image\/\",\"url\":\"https:\/\/nordicchicpaint.com\/wp-content\/uploads\/2021\/10\/logo.svg\",\"contentUrl\":\"https:\/\/nordicchicpaint.com\/wp-content\/uploads\/2021\/10\/logo.svg\",\"width\":479,\"height\":474,\"caption\":\"Nordic Chic\u00ae\"},\"image\":{\"@id\":\"https:\/\/nordicchicpaint.com\/es\/#\/schema\/logo\/image\/\"}}]}<\/script>\n<!-- \/ Yoast SEO plugin. -->","yoast_head_json":{"title":"Minoristas cerca de usted &#183; Nordic Chic\u00ae","robots":{"index":"index","follow":"follow","max-snippet":"max-snippet:-1","max-image-preview":"max-image-preview:large","max-video-preview":"max-video-preview:-1"},"canonical":"https:\/\/nordicchicpaint.com\/es\/minoristas-cerca-de-usted\/","og_locale":"es_ES","og_type":"article","og_title":"Minoristas cerca de usted &#183; Nordic Chic\u00ae","og_description":"[vc_row full_width=\u00bbstretch_row\u00bb][vc_column][vc_row_inner][vc_column_inner width=\u00bb1\/6&#8243;][\/vc_column_inner][vc_column_inner width=\u00bb2\/3&#8243;][vc_column_text] Encuentra un distribuidor de Nordic Chic\u00ae cerca de ti Encuentra un distribuidor en Dinamarca, Suecia, Noruega, Finlandia, Polonia, Alemania, Francia, Grecia, Estonia, Italia, Espa\u00f1a, Suiza, Austria, Portugal, Reino Unido, Australia, Bulgaria, Hungr\u00eda, Rep\u00fablica Checa y EE. UU. Siempre estamos buscando nuevos distribuidores. \u00bfTe gustar\u00eda poder ofrecer a TUS clientes la pintura ... Leer m\u00e1s","og_url":"https:\/\/nordicchicpaint.com\/es\/minoristas-cerca-de-usted\/","og_site_name":"Nordic Chic\u00ae","article_modified_time":"2025-03-10T09:30:22+00:00","og_image":[{"width":2048,"height":1280,"url":"https:\/\/nordicchicpaint.com\/wp-content\/uploads\/2022\/09\/iStock-627013054-scaled.jpg","type":"image\/jpeg"}],"twitter_card":"summary_large_image","twitter_misc":{"Tiempo de lectura":"1 minuto"},"schema":{"@context":"https:\/\/schema.org","@graph":[{"@type":"WebPage","@id":"https:\/\/nordicchicpaint.com\/es\/minoristas-cerca-de-usted\/","url":"https:\/\/nordicchicpaint.com\/es\/minoristas-cerca-de-usted\/","name":"Minoristas cerca de usted &#183; Nordic Chic\u00ae","isPartOf":{"@id":"https:\/\/nordicchicpaint.com\/es\/#website"},"primaryImageOfPage":{"@id":"https:\/\/nordicchicpaint.com\/es\/minoristas-cerca-de-usted\/#primaryimage"},"image":{"@id":"https:\/\/nordicchicpaint.com\/es\/minoristas-cerca-de-usted\/#primaryimage"},"thumbnailUrl":"https:\/\/nordicchicpaint.com\/wp-content\/uploads\/2022\/09\/iStock-627013054-scaled.jpg","datePublished":"2021-10-21T10:22:36+00:00","dateModified":"2025-03-10T09:30:22+00:00","breadcrumb":{"@id":"https:\/\/nordicchicpaint.com\/es\/minoristas-cerca-de-usted\/#breadcrumb"},"inLanguage":"es","potentialAction":[{"@type":"ReadAction","target":["https:\/\/nordicchicpaint.com\/es\/minoristas-cerca-de-usted\/"]}]},{"@type":"ImageObject","inLanguage":"es","@id":"https:\/\/nordicchicpaint.com\/es\/minoristas-cerca-de-usted\/#primaryimage","url":"https:\/\/nordicchicpaint.com\/wp-content\/uploads\/2022\/09\/iStock-627013054-scaled.jpg","contentUrl":"https:\/\/nordicchicpaint.com\/wp-content\/uploads\/2022\/09\/iStock-627013054-scaled.jpg","width":2048,"height":1280,"caption":"red blue geometric world map"},{"@type":"BreadcrumbList","@id":"https:\/\/nordicchicpaint.com\/es\/minoristas-cerca-de-usted\/#breadcrumb","itemListElement":[{"@type":"ListItem","position":1,"name":"Hjem","item":"https:\/\/nordicchicpaint.com\/es\/"},{"@type":"ListItem","position":2,"name":"Minoristas cerca de usted"}]},{"@type":"WebSite","@id":"https:\/\/nordicchicpaint.com\/es\/#website","url":"https:\/\/nordicchicpaint.com\/es\/","name":"Nordic Chic\u00ae","description":"Chalk paint for interior and exterior use","publisher":{"@id":"https:\/\/nordicchicpaint.com\/es\/#organization"},"potentialAction":[{"@type":"SearchAction","target":{"@type":"EntryPoint","urlTemplate":"https:\/\/nordicchicpaint.com\/es\/?s={search_term_string}"},"query-input":{"@type":"PropertyValueSpecification","valueRequired":true,"valueName":"search_term_string"}}],"inLanguage":"es"},{"@type":"Organization","@id":"https:\/\/nordicchicpaint.com\/es\/#organization","name":"Nordic Chic\u00ae","url":"https:\/\/nordicchicpaint.com\/es\/","logo":{"@type":"ImageObject","inLanguage":"es","@id":"https:\/\/nordicchicpaint.com\/es\/#\/schema\/logo\/image\/","url":"https:\/\/nordicchicpaint.com\/wp-content\/uploads\/2021\/10\/logo.svg","contentUrl":"https:\/\/nordicchicpaint.com\/wp-content\/uploads\/2021\/10\/logo.svg","width":479,"height":474,"caption":"Nordic Chic\u00ae"},"image":{"@id":"https:\/\/nordicchicpaint.com\/es\/#\/schema\/logo\/image\/"}}]}},"_links":{"self":[{"href":"https:\/\/nordicchicpaint.com\/es\/wp-json\/wp\/v2\/pages\/6363"}],"collection":[{"href":"https:\/\/nordicchicpaint.com\/es\/wp-json\/wp\/v2\/pages"}],"about":[{"href":"https:\/\/nordicchicpaint.com\/es\/wp-json\/wp\/v2\/types\/page"}],"author":[{"embeddable":true,"href":"https:\/\/nordicchicpaint.com\/es\/wp-json\/wp\/v2\/users\/1"}],"replies":[{"embeddable":true,"href":"https:\/\/nordicchicpaint.com\/es\/wp-json\/wp\/v2\/comments?post=6363"}],"version-history":[{"count":2,"href":"https:\/\/nordicchicpaint.com\/es\/wp-json\/wp\/v2\/pages\/6363\/revisions"}],"predecessor-version":[{"id":6365,"href":"https:\/\/nordicchicpaint.com\/es\/wp-json\/wp\/v2\/pages\/6363\/revisions\/6365"}],"wp:featuredmedia":[{"embeddable":true,"href":"https:\/\/nordicchicpaint.com\/es\/wp-json\/wp\/v2\/media\/5766"}],"wp:attachment":[{"href":"https:\/\/nordicchicpaint.com\/es\/wp-json\/wp\/v2\/media?parent=6363"}],"wp:term":[{"taxonomy":"category","embeddable":true,"href":"https:\/\/nordicchicpaint.com\/es\/wp-json\/wp\/v2\/categories?post=6363"}],"curies":[{"name":"wp","href":"https:\/\/api.w.org\/{rel}","templated":true}]}}