{"id":6351,"date":"2021-10-21T12:22:36","date_gmt":"2021-10-21T10:22:36","guid":{"rendered":"https:\/\/nordicchicpaint.com\/artisan-enhancements\/"},"modified":"2025-03-10T10:37:54","modified_gmt":"2025-03-10T09:37:54","slug":"artisan-enhancements","status":"publish","type":"page","link":"https:\/\/nordicchicpaint.com\/es\/artisan-enhancements\/","title":{"rendered":"Artisan Enhancements"},"content":{"rendered":"<section class=\"wpb-content-wrapper\"><p>[vc_row full_width=\u00bbstretch_row\u00bb css=\u00bb.vc_custom_1655385546921{background-color: #f7f7f7 !important;}\u00bb][vc_column]<div class=\"ult-spacer spacer-69f12ca81f9ee\" data-id=\"69f12ca81f9ee\" data-height=\"90\" data-height-mobile=\"60\" data-height-tab=\"90\" data-height-tab-portrait=\"60\" data-height-mobile-landscape=\"60\" style=\"clear:both;display:block;\"><\/div>[vc_text_separator title=\u00bbEncuentre su distribuidor de Artisan Enhancements\u00bb title_align=\u00bbseparator_align_left\u00bb color=\u00bbcustom\u00bb accent_color=\u00bb#333333&#8243;][vc_empty_space height=\u00bb30px\u00bb][vc_row_inner][vc_column_inner width=\u00bb1\/2&#8243;][vc_column_text]\u00a1Encuentre aqu\u00ed a su distribuidor de Artisan Enhancements y lleve su pintura a un nivel superior!<\/p>\n<p><strong>\u00a1Divi\u00e9rtase! Experimente. \u00a1No hay l\u00edmites para lo que puede crear!<\/strong><\/p>\n<p>Todos nuestros distribuidores de Artisan Enhancements pueden brindarle una fuente asequible, vers\u00e1til, f\u00e1cil de usar y ecol\u00f3gica de revestimientos decorativos. Le ofrecer\u00e1n asesoramiento y ayuda cuando lo necesite.<\/p>\n<h4>Nuestros minoristas de Artisan Enhancements ofrecen<\/h4>\n<ul>\n<li>8 excelentes productos para hacer de todo, desde craquelados hasta l\u00e1minas met\u00e1licas y decoupage<\/li>\n<li>2 capas de acabado fant\u00e1sticas: una para protecci\u00f3n en interiores y exteriores y otra para crear un acabado profundo y brillante<\/li>\n<li>Pinceles y otras herramientas necesarias para lograr estos fant\u00e1sticos acabados<\/li>\n<li>Puede usarlos tanto si es un principiante como un experto<\/li>\n<\/ul>\n<h4>Convi\u00e9rtase en un minorista de Artisan Enhancements<\/h4>\n<p>Si ya vende pintura a la tiza y le gustar\u00eda poder ofrecer a sus clientes estos fabulosos productos, siempre puede convertirse en un minorista de Artisan Enhancements.[\/vc_column_text]<div class=\"ult-spacer spacer-69f12ca81fa35\" data-id=\"69f12ca81fa35\" data-height=\"0\" data-height-mobile=\"30\" data-height-tab=\"0\" data-height-tab-portrait=\"0\" data-height-mobile-landscape=\"30\" style=\"clear:both;display:block;\"><\/div>[\/vc_column_inner][vc_column_inner width=\u00bb1\/2&#8243;][vc_raw_html]PGlmcmFtZSBzcmM9Imh0dHBzOi8vd3d3Lmdvb2dsZS5jb20vbWFwcy9kL2VtYmVkP21pZD0xcmF1UkhEeGRuVWF2aTU0LWQ3dWRsdFZZY3lFIiB3aWR0aD0iMTAwJSIgaGVpZ2h0PSI1NDUiPjwvaWZyYW1lPg==[\/vc_raw_html][\/vc_column_inner][\/vc_row_inner]<div class=\"ult-spacer spacer-69f12ca81fa5b\" data-id=\"69f12ca81fa5b\" data-height=\"90\" data-height-mobile=\"60\" data-height-tab=\"90\" data-height-tab-portrait=\"60\" data-height-mobile-landscape=\"60\" style=\"clear:both;display:block;\"><\/div>[\/vc_column][\/vc_row][vc_row full_width=\u00bbstretch_row\u00bb][vc_column]<div class=\"ult-spacer spacer-69f12ca81fa7d\" data-id=\"69f12ca81fa7d\" data-height=\"90\" data-height-mobile=\"60\" data-height-tab=\"90\" data-height-tab-portrait=\"60\" data-height-mobile-landscape=\"60\" style=\"clear:both;display:block;\"><\/div>[vc_row_inner][vc_column_inner width=\u00bb1\/6&#8243;][\/vc_column_inner][vc_column_inner width=\u00bb2\/3&#8243;][vc_column_text]<\/p>\n<h2 style=\"text-align: center;\">Mejora tu estilo de pintura<\/h2>\n<p>La misi\u00f3n y la pasi\u00f3n de Artisan Enhancements\u00ae es ofrecer a los minoristas de pinturas decorativas especializadas una fuente asequible, vers\u00e1til, f\u00e1cil de usar y ecol\u00f3gica de revestimientos decorativos. Ofrecen una variedad de productos y herramientas para \u00abmejorar\u00bb y llevar cualquier proyecto de pintura al siguiente nivel. Sus productos fueron desarrollados tanto para principiantes como para expertos. \u00a1Divi\u00e9rtete! Experimenta. <strong>\u00a1No hay l\u00edmites para lo que puedes crear!<\/strong><\/p>\n<p>Artisan Enhancements\u00ae es el creador de medios y selladores de pintura decorativos innovadores, f\u00e1ciles de usar y respetuosos con el medio ambiente (y con los seres humanos). Artisan Enhancements\u00ae trabaja en estrecha colaboraci\u00f3n con sus equipos de desarrollo y fabricaci\u00f3n de productos para crear selladores y medios de pintura revolucionarios. Promueven y alientan un enfoque consciente del medio ambiente en el mundo de la pintura decorativa y el acabado falso.<\/p>\n<p>Podemos ofrecerte todos sus productos aqu\u00ed en Nordic Chic y, si no tienes un distribuidor de Nordic Chic cerca, eres bienvenido en nuestra <a href=\"https:\/\/nordicchic.eu\/collections\/artisan-enhancements\" target=\"_blank\" rel=\"noopener\">tienda web<\/a><\/p>\n<p>Hay infinitas posibilidades con estos productos y te recomendamos que eches un vistazo a nuestra p\u00e1gina de Pinterest, que contiene mucha inspiraci\u00f3n de Artisan Enhancements.<\/p>\n<p>[\/vc_column_text][\/vc_column_inner][vc_column_inner width=\u00bb1\/6&#8243;][\/vc_column_inner][\/vc_row_inner][vc_empty_space height=\u00bb60px\u00bb][vc_media_grid element_width=\u00bb2&#8243; gap=\u00bb20&#8243; grid_id=\u00bbvc_gid:1655385358022-a5107c8a-bd1a-2&#8243; include=\u00bb3431,3432,3433,3434,3435,3436,3437,3438,3439,3440,3444,3445&#8243;]<div class=\"ult-spacer spacer-69f12ca81fa9c\" data-id=\"69f12ca81fa9c\" data-height=\"90\" data-height-mobile=\"60\" data-height-tab=\"90\" data-height-tab-portrait=\"60\" data-height-mobile-landscape=\"60\" style=\"clear:both;display:block;\"><\/div>[\/vc_column][\/vc_row][vc_row full_width=\u00bbstretch_row\u00bb][vc_column]<div class=\"ult-spacer spacer-69f12ca81fabb\" data-id=\"69f12ca81fabb\" data-height=\"90\" data-height-mobile=\"60\" data-height-tab=\"90\" data-height-tab-portrait=\"60\" data-height-mobile-landscape=\"60\" style=\"clear:both;display:block;\"><\/div>[vc_row_inner][vc_column_inner width=\u00bb1\/2&#8243;][vc_column_text]<\/p>\n<h3>Tutoriales<\/h3>\n<ul>\n<li><a href=\"\/wp-content\/uploads\/2022\/05\/aechippycanvas-1.pdf\" target=\"_blank\" rel=\"noopener\">Chippy Canvas<\/a><\/li>\n<li><a href=\"\/wp-content\/uploads\/2022\/05\/finestone_chippystone-1.pdf\" target=\"_blank\" rel=\"noopener\">Finestone chippystone<\/a><\/li>\n<li><a href=\"\/wp-content\/uploads\/2022\/05\/leaffoil2tech-1.pdf\" target=\"_blank\" rel=\"noopener\">Leaf &amp; Foil teknik<\/a><\/li>\n<li><a href=\"\/wp-content\/uploads\/2022\/05\/leaffoilburnished-1.pdf\" target=\"_blank\" rel=\"noopener\">Leaf &amp; Fiol Burnished<\/a><\/li>\n<li><a href=\"\/wp-content\/uploads\/2022\/05\/transfergel-1.pdf\" target=\"_blank\" rel=\"noopener\">Transfergel<\/a><\/li>\n<\/ul>\n<p>[\/vc_column_text]<div class=\"ult-spacer spacer-69f12ca81fad8\" data-id=\"69f12ca81fad8\" data-height=\"0\" data-height-mobile=\"15\" data-height-tab=\"0\" data-height-tab-portrait=\"0\" data-height-mobile-landscape=\"15\" style=\"clear:both;display:block;\"><\/div>[\/vc_column_inner][vc_column_inner width=\u00bb1\/2&#8243;][vc_column_text]<\/p>\n<h3>Artisan Enhancements Products<\/h3>\n<ul>\n<li><a href=\"\/wp-content\/uploads\/2022\/05\/VP-Antico-Artisan-Enhancements-TS.pdf\" target=\"_blank\" rel=\"noopener\">VP Antico<\/a><\/li>\n<li><a href=\"\/wp-content\/uploads\/2022\/05\/Transfer-Gel-Artisan-Enhancements-TS.pdf\" target=\"_blank\" rel=\"noopener\">Transfer Gel<\/a><\/li>\n<li><a href=\"\/wp-content\/uploads\/2022\/05\/Scumble-Artisan-Enhancements-TS.pdf\" target=\"_blank\" rel=\"noopener\">Scumble<\/a><\/li>\n<li><a href=\"\/wp-content\/uploads\/2022\/05\/Pearl-Plaster-Artisan-Enhancements-TS.pdf\" target=\"_blank\" rel=\"noopener\">Pearl Plaster<\/a><\/li>\n<li><a href=\"\/wp-content\/uploads\/2022\/05\/Fine-Stone-Artisan-Enhancements-TS.pdf\" target=\"_blank\" rel=\"noopener\">Fine Stone<\/a><\/li>\n<li><a href=\"\/wp-content\/uploads\/2022\/05\/Leaf-Foil-Artisan-Enhancements-TS.pdf\" target=\"_blank\" rel=\"noopener\">Leaf &amp; Foil<\/a><\/li>\n<li><a href=\"\/wp-content\/uploads\/2022\/05\/Easy-Crackle-Artisan-Enhancements-TS.pdf\" target=\"_blank\" rel=\"noopener\">Easy Crackle<\/a><\/li>\n<li><a href=\"\/wp-content\/uploads\/2022\/05\/Crackle-Tex-Artisan-Enhancements-TS.pdf\" target=\"_blank\" rel=\"noopener\">Crackle Tex<\/a><\/li>\n<li><a href=\"\/wp-content\/uploads\/2022\/05\/Clear-TopCoat-Artisan-Enhancements-TS2.pdf\" target=\"_blank\" rel=\"noopener\">Clear TopCoat<\/a><\/li>\n<li><a href=\"\/wp-content\/uploads\/2022\/05\/Clear-Finish-Artisan-Enhancements-TS2.pdf\" target=\"_blank\" rel=\"noopener\">Clear Finish<\/a><\/li>\n<\/ul>\n<p>[\/vc_column_text][\/vc_column_inner][\/vc_row_inner]<div class=\"ult-spacer spacer-69f12ca81faf4\" data-id=\"69f12ca81faf4\" data-height=\"90\" data-height-mobile=\"60\" data-height-tab=\"90\" data-height-tab-portrait=\"60\" data-height-mobile-landscape=\"60\" style=\"clear:both;display:block;\"><\/div>[\/vc_column][\/vc_row]<\/p>\n<\/section>","protected":false},"excerpt":{"rendered":"<p>[vc_row full_width=\u00bbstretch_row\u00bb css=\u00bb.vc_custom_1655385546921{background-color: #f7f7f7 !important;}\u00bb][vc_column][vc_text_separator title=\u00bbEncuentre su distribuidor de Artisan Enhancements\u00bb title_align=\u00bbseparator_align_left\u00bb color=\u00bbcustom\u00bb accent_color=\u00bb#333333&#8243;][vc_empty_space height=\u00bb30px\u00bb][vc_row_inner][vc_column_inner width=\u00bb1\/2&#8243;][vc_column_text]\u00a1Encuentre aqu\u00ed a su distribuidor de Artisan Enhancements y lleve su pintura a un nivel superior! \u00a1Divi\u00e9rtase! Experimente. \u00a1No hay l\u00edmites para lo que puede crear! Todos nuestros distribuidores de Artisan Enhancements pueden brindarle una fuente asequible, vers\u00e1til, f\u00e1cil de &#8230; <a title=\"Artisan Enhancements\" class=\"read-more\" href=\"https:\/\/nordicchicpaint.com\/es\/artisan-enhancements\/\" aria-label=\"Leer m\u00e1s sobre Artisan Enhancements\">Leer m\u00e1s<\/a><\/p>\n","protected":false},"author":1,"featured_media":5592,"parent":0,"menu_order":5,"comment_status":"closed","ping_status":"closed","template":"","meta":{"_acf_changed":false,"footnotes":""},"categories":[],"class_list":["post-6351","page","type-page","status-publish","has-post-thumbnail"],"acf":[],"yoast_head":"<!-- This site is optimized with the Yoast SEO plugin v23.4 - https:\/\/yoast.com\/wordpress\/plugins\/seo\/ -->\n<title>Artisan Enhancements &#183; Nordic Chic\u00ae<\/title>\n<meta name=\"robots\" content=\"index, follow, max-snippet:-1, max-image-preview:large, max-video-preview:-1\" \/>\n<link rel=\"canonical\" href=\"https:\/\/nordicchicpaint.com\/es\/artisan-enhancements\/\" \/>\n<meta property=\"og:locale\" content=\"es_ES\" \/>\n<meta property=\"og:type\" content=\"article\" \/>\n<meta property=\"og:title\" content=\"Artisan Enhancements &#183; Nordic Chic\u00ae\" \/>\n<meta property=\"og:description\" content=\"[vc_row full_width=\u00bbstretch_row\u00bb css=\u00bb.vc_custom_1655385546921{background-color: #f7f7f7 !important;}\u00bb][vc_column][vc_text_separator title=\u00bbEncuentre su distribuidor de Artisan Enhancements\u00bb title_align=\u00bbseparator_align_left\u00bb color=\u00bbcustom\u00bb accent_color=\u00bb#333333&#8243;][vc_empty_space height=\u00bb30px\u00bb][vc_row_inner][vc_column_inner width=\u00bb1\/2&#8243;][vc_column_text]\u00a1Encuentre aqu\u00ed a su distribuidor de Artisan Enhancements y lleve su pintura a un nivel superior! \u00a1Divi\u00e9rtase! Experimente. \u00a1No hay l\u00edmites para lo que puede crear! Todos nuestros distribuidores de Artisan Enhancements pueden brindarle una fuente asequible, vers\u00e1til, f\u00e1cil de ... Leer m\u00e1s\" \/>\n<meta property=\"og:url\" content=\"https:\/\/nordicchicpaint.com\/es\/artisan-enhancements\/\" \/>\n<meta property=\"og:site_name\" content=\"Nordic Chic\u00ae\" \/>\n<meta property=\"article:modified_time\" content=\"2025-03-10T09:37:54+00:00\" \/>\n<meta property=\"og:image\" content=\"https:\/\/nordicchicpaint.com\/wp-content\/uploads\/2022\/07\/Clear-Finish-Grouped-WB-e1662455235298.webp\" \/>\n\t<meta property=\"og:image:width\" content=\"970\" \/>\n\t<meta property=\"og:image:height\" content=\"858\" \/>\n\t<meta property=\"og:image:type\" content=\"image\/webp\" \/>\n<meta name=\"twitter:card\" content=\"summary_large_image\" \/>\n<meta name=\"twitter:label1\" content=\"Tiempo de lectura\" \/>\n\t<meta name=\"twitter:data1\" content=\"3 minutos\" \/>\n<script type=\"application\/ld+json\" class=\"yoast-schema-graph\">{\"@context\":\"https:\/\/schema.org\",\"@graph\":[{\"@type\":\"WebPage\",\"@id\":\"https:\/\/nordicchicpaint.com\/es\/artisan-enhancements\/\",\"url\":\"https:\/\/nordicchicpaint.com\/es\/artisan-enhancements\/\",\"name\":\"Artisan Enhancements &#183; Nordic Chic\u00ae\",\"isPartOf\":{\"@id\":\"https:\/\/nordicchicpaint.com\/es\/#website\"},\"primaryImageOfPage\":{\"@id\":\"https:\/\/nordicchicpaint.com\/es\/artisan-enhancements\/#primaryimage\"},\"image\":{\"@id\":\"https:\/\/nordicchicpaint.com\/es\/artisan-enhancements\/#primaryimage\"},\"thumbnailUrl\":\"https:\/\/nordicchicpaint.com\/wp-content\/uploads\/2022\/07\/Clear-Finish-Grouped-WB-e1662455235298.webp\",\"datePublished\":\"2021-10-21T10:22:36+00:00\",\"dateModified\":\"2025-03-10T09:37:54+00:00\",\"breadcrumb\":{\"@id\":\"https:\/\/nordicchicpaint.com\/es\/artisan-enhancements\/#breadcrumb\"},\"inLanguage\":\"es\",\"potentialAction\":[{\"@type\":\"ReadAction\",\"target\":[\"https:\/\/nordicchicpaint.com\/es\/artisan-enhancements\/\"]}]},{\"@type\":\"ImageObject\",\"inLanguage\":\"es\",\"@id\":\"https:\/\/nordicchicpaint.com\/es\/artisan-enhancements\/#primaryimage\",\"url\":\"https:\/\/nordicchicpaint.com\/wp-content\/uploads\/2022\/07\/Clear-Finish-Grouped-WB-e1662455235298.webp\",\"contentUrl\":\"https:\/\/nordicchicpaint.com\/wp-content\/uploads\/2022\/07\/Clear-Finish-Grouped-WB-e1662455235298.webp\",\"width\":970,\"height\":858},{\"@type\":\"BreadcrumbList\",\"@id\":\"https:\/\/nordicchicpaint.com\/es\/artisan-enhancements\/#breadcrumb\",\"itemListElement\":[{\"@type\":\"ListItem\",\"position\":1,\"name\":\"Hjem\",\"item\":\"https:\/\/nordicchicpaint.com\/es\/\"},{\"@type\":\"ListItem\",\"position\":2,\"name\":\"Artisan Enhancements\"}]},{\"@type\":\"WebSite\",\"@id\":\"https:\/\/nordicchicpaint.com\/es\/#website\",\"url\":\"https:\/\/nordicchicpaint.com\/es\/\",\"name\":\"Nordic Chic\u00ae\",\"description\":\"Chalk paint for interior and exterior use\",\"publisher\":{\"@id\":\"https:\/\/nordicchicpaint.com\/es\/#organization\"},\"potentialAction\":[{\"@type\":\"SearchAction\",\"target\":{\"@type\":\"EntryPoint\",\"urlTemplate\":\"https:\/\/nordicchicpaint.com\/es\/?s={search_term_string}\"},\"query-input\":{\"@type\":\"PropertyValueSpecification\",\"valueRequired\":true,\"valueName\":\"search_term_string\"}}],\"inLanguage\":\"es\"},{\"@type\":\"Organization\",\"@id\":\"https:\/\/nordicchicpaint.com\/es\/#organization\",\"name\":\"Nordic Chic\u00ae\",\"url\":\"https:\/\/nordicchicpaint.com\/es\/\",\"logo\":{\"@type\":\"ImageObject\",\"inLanguage\":\"es\",\"@id\":\"https:\/\/nordicchicpaint.com\/es\/#\/schema\/logo\/image\/\",\"url\":\"https:\/\/nordicchicpaint.com\/wp-content\/uploads\/2021\/10\/logo.svg\",\"contentUrl\":\"https:\/\/nordicchicpaint.com\/wp-content\/uploads\/2021\/10\/logo.svg\",\"width\":479,\"height\":474,\"caption\":\"Nordic Chic\u00ae\"},\"image\":{\"@id\":\"https:\/\/nordicchicpaint.com\/es\/#\/schema\/logo\/image\/\"}}]}<\/script>\n<!-- \/ Yoast SEO plugin. -->","yoast_head_json":{"title":"Artisan Enhancements &#183; Nordic Chic\u00ae","robots":{"index":"index","follow":"follow","max-snippet":"max-snippet:-1","max-image-preview":"max-image-preview:large","max-video-preview":"max-video-preview:-1"},"canonical":"https:\/\/nordicchicpaint.com\/es\/artisan-enhancements\/","og_locale":"es_ES","og_type":"article","og_title":"Artisan Enhancements &#183; Nordic Chic\u00ae","og_description":"[vc_row full_width=\u00bbstretch_row\u00bb css=\u00bb.vc_custom_1655385546921{background-color: #f7f7f7 !important;}\u00bb][vc_column][vc_text_separator title=\u00bbEncuentre su distribuidor de Artisan Enhancements\u00bb title_align=\u00bbseparator_align_left\u00bb color=\u00bbcustom\u00bb accent_color=\u00bb#333333&#8243;][vc_empty_space height=\u00bb30px\u00bb][vc_row_inner][vc_column_inner width=\u00bb1\/2&#8243;][vc_column_text]\u00a1Encuentre aqu\u00ed a su distribuidor de Artisan Enhancements y lleve su pintura a un nivel superior! \u00a1Divi\u00e9rtase! Experimente. \u00a1No hay l\u00edmites para lo que puede crear! Todos nuestros distribuidores de Artisan Enhancements pueden brindarle una fuente asequible, vers\u00e1til, f\u00e1cil de ... Leer m\u00e1s","og_url":"https:\/\/nordicchicpaint.com\/es\/artisan-enhancements\/","og_site_name":"Nordic Chic\u00ae","article_modified_time":"2025-03-10T09:37:54+00:00","og_image":[{"width":970,"height":858,"url":"https:\/\/nordicchicpaint.com\/wp-content\/uploads\/2022\/07\/Clear-Finish-Grouped-WB-e1662455235298.webp","type":"image\/webp"}],"twitter_card":"summary_large_image","twitter_misc":{"Tiempo de lectura":"3 minutos"},"schema":{"@context":"https:\/\/schema.org","@graph":[{"@type":"WebPage","@id":"https:\/\/nordicchicpaint.com\/es\/artisan-enhancements\/","url":"https:\/\/nordicchicpaint.com\/es\/artisan-enhancements\/","name":"Artisan Enhancements &#183; Nordic Chic\u00ae","isPartOf":{"@id":"https:\/\/nordicchicpaint.com\/es\/#website"},"primaryImageOfPage":{"@id":"https:\/\/nordicchicpaint.com\/es\/artisan-enhancements\/#primaryimage"},"image":{"@id":"https:\/\/nordicchicpaint.com\/es\/artisan-enhancements\/#primaryimage"},"thumbnailUrl":"https:\/\/nordicchicpaint.com\/wp-content\/uploads\/2022\/07\/Clear-Finish-Grouped-WB-e1662455235298.webp","datePublished":"2021-10-21T10:22:36+00:00","dateModified":"2025-03-10T09:37:54+00:00","breadcrumb":{"@id":"https:\/\/nordicchicpaint.com\/es\/artisan-enhancements\/#breadcrumb"},"inLanguage":"es","potentialAction":[{"@type":"ReadAction","target":["https:\/\/nordicchicpaint.com\/es\/artisan-enhancements\/"]}]},{"@type":"ImageObject","inLanguage":"es","@id":"https:\/\/nordicchicpaint.com\/es\/artisan-enhancements\/#primaryimage","url":"https:\/\/nordicchicpaint.com\/wp-content\/uploads\/2022\/07\/Clear-Finish-Grouped-WB-e1662455235298.webp","contentUrl":"https:\/\/nordicchicpaint.com\/wp-content\/uploads\/2022\/07\/Clear-Finish-Grouped-WB-e1662455235298.webp","width":970,"height":858},{"@type":"BreadcrumbList","@id":"https:\/\/nordicchicpaint.com\/es\/artisan-enhancements\/#breadcrumb","itemListElement":[{"@type":"ListItem","position":1,"name":"Hjem","item":"https:\/\/nordicchicpaint.com\/es\/"},{"@type":"ListItem","position":2,"name":"Artisan Enhancements"}]},{"@type":"WebSite","@id":"https:\/\/nordicchicpaint.com\/es\/#website","url":"https:\/\/nordicchicpaint.com\/es\/","name":"Nordic Chic\u00ae","description":"Chalk paint for interior and exterior use","publisher":{"@id":"https:\/\/nordicchicpaint.com\/es\/#organization"},"potentialAction":[{"@type":"SearchAction","target":{"@type":"EntryPoint","urlTemplate":"https:\/\/nordicchicpaint.com\/es\/?s={search_term_string}"},"query-input":{"@type":"PropertyValueSpecification","valueRequired":true,"valueName":"search_term_string"}}],"inLanguage":"es"},{"@type":"Organization","@id":"https:\/\/nordicchicpaint.com\/es\/#organization","name":"Nordic Chic\u00ae","url":"https:\/\/nordicchicpaint.com\/es\/","logo":{"@type":"ImageObject","inLanguage":"es","@id":"https:\/\/nordicchicpaint.com\/es\/#\/schema\/logo\/image\/","url":"https:\/\/nordicchicpaint.com\/wp-content\/uploads\/2021\/10\/logo.svg","contentUrl":"https:\/\/nordicchicpaint.com\/wp-content\/uploads\/2021\/10\/logo.svg","width":479,"height":474,"caption":"Nordic Chic\u00ae"},"image":{"@id":"https:\/\/nordicchicpaint.com\/es\/#\/schema\/logo\/image\/"}}]}},"_links":{"self":[{"href":"https:\/\/nordicchicpaint.com\/es\/wp-json\/wp\/v2\/pages\/6351"}],"collection":[{"href":"https:\/\/nordicchicpaint.com\/es\/wp-json\/wp\/v2\/pages"}],"about":[{"href":"https:\/\/nordicchicpaint.com\/es\/wp-json\/wp\/v2\/types\/page"}],"author":[{"embeddable":true,"href":"https:\/\/nordicchicpaint.com\/es\/wp-json\/wp\/v2\/users\/1"}],"replies":[{"embeddable":true,"href":"https:\/\/nordicchicpaint.com\/es\/wp-json\/wp\/v2\/comments?post=6351"}],"version-history":[{"count":4,"href":"https:\/\/nordicchicpaint.com\/es\/wp-json\/wp\/v2\/pages\/6351\/revisions"}],"predecessor-version":[{"id":6478,"href":"https:\/\/nordicchicpaint.com\/es\/wp-json\/wp\/v2\/pages\/6351\/revisions\/6478"}],"wp:featuredmedia":[{"embeddable":true,"href":"https:\/\/nordicchicpaint.com\/es\/wp-json\/wp\/v2\/media\/5592"}],"wp:attachment":[{"href":"https:\/\/nordicchicpaint.com\/es\/wp-json\/wp\/v2\/media?parent=6351"}],"wp:term":[{"taxonomy":"category","embeddable":true,"href":"https:\/\/nordicchicpaint.com\/es\/wp-json\/wp\/v2\/categories?post=6351"}],"curies":[{"name":"wp","href":"https:\/\/api.w.org\/{rel}","templated":true}]}}