{"id":6348,"date":"2021-10-21T12:22:36","date_gmt":"2021-10-21T10:22:36","guid":{"rendered":"https:\/\/nordicchicpaint.com\/finishes\/"},"modified":"2025-01-27T19:37:05","modified_gmt":"2025-01-27T18:37:05","slug":"finishes","status":"publish","type":"page","link":"https:\/\/nordicchicpaint.com\/es\/finishes\/","title":{"rendered":"Finishes"},"content":{"rendered":"<section class=\"wpb-content-wrapper\"><p>[vc_row full_width=\u00bbstretch_row\u00bb][vc_column]<div class=\"ult-spacer spacer-69e01b3468b9c\" data-id=\"69e01b3468b9c\" data-height=\"90\" data-height-mobile=\"60\" data-height-tab=\"90\" data-height-tab-portrait=\"60\" data-height-mobile-landscape=\"60\" style=\"clear:both;display:block;\"><\/div>[vc_row_inner][vc_column_inner width=\u00bb1\/6&#8243;][\/vc_column_inner][vc_column_inner width=\u00bb2\/3&#8243;][vc_column_text]<\/p>\n<h2 style=\"text-align: center;\">Le ofrecemos dos productos para sellar su pintura: cera y capa de acabado<\/h2>\n<p style=\"text-align: left;\">Ambos son pr\u00e1cticamente inodoros y f\u00e1ciles de aplicar y trabajar.<\/p>\n<p style=\"text-align: left;\">Nuestra capa de acabado tambi\u00e9n cuenta con la certificaci\u00f3n EN 71-3, por lo que es segura para usar en muebles y juguetes infantiles.<\/p>\n<h3 style=\"text-align: left;\">\u00bfC\u00f3mo se aplica?<\/h3>\n<p style=\"text-align: left;\">Aseg\u00farese de que la superficie est\u00e9 seca, limpia y sin polvo. Aplique una capa fina con nuestros pinceles de cera designados o con un pa\u00f1o que no deje pelusa. Una vez que la haya aplicado, se secar\u00e1 despu\u00e9s de 30 a 45 minutos. Una capa es suficiente.<\/p>\n<h3 style=\"text-align: left;\">Qu\u00e9 herramientas utilizar<\/h3>\n<p style=\"text-align: left;\">Mira aqu\u00ed y descubre nuestros incre\u00edbles y exclusivos pinceles, donde tambi\u00e9n encontrar\u00e1s nuestro fant\u00e1stico pincel para cera que hace que la aplicaci\u00f3n de la cera sea un sue\u00f1o.<\/p>\n<h3 style=\"text-align: left;\">\u00bfDe qu\u00e9 est\u00e1 hecho?<\/h3>\n<p style=\"text-align: left;\">La cera Nordic Chic est\u00e1 hecha 100% con ingredientes naturales como cera de abejas, cera de carnauba, cera de candelilla, ceras de ceresina e isoparafina.<\/p>\n<p style=\"text-align: left;\">Si necesitas colores personalizados para tu cera, puedes agregar un poco de pintura de tiza Nordic Chic del color deseado, mezclarlo bien con cera transparente y luego aplicarlo de la misma manera que de costumbre.<\/p>\n<p style=\"text-align: left;\">Tambi\u00e9n puedes hacer tus propias ceras met\u00e1licas agregando Nordic Chic Fairydust a la cera transparente. cera.<\/p>\n<p style=\"text-align: left;\">La cera tambi\u00e9n es excelente para usar en madera sin pintar y cuero.<\/p>\n<h3 style=\"text-align: left;\">\u00bfC\u00f3mo se aplica?<\/h3>\n<p style=\"text-align: left;\">Aseg\u00farese de que la superficie est\u00e9 limpia y seca. Aplique una capa fina y d\u00e9jela secar durante 12 a 14 horas y luego lije suavemente con papel de lija de grano fino. Agregue la siguiente capa fina y d\u00e9jela secar durante 12 a 14 horas. Entonces estar\u00e1 listo para usar.<\/p>\n<p style=\"text-align: left;\">Te recomendamos que uses nuestra Esponja Easy Topcoat para aplicar, pero nuestros pinceles sint\u00e9ticos planos tambi\u00e9n funcionar\u00e1n bien.<\/p>\n<p style=\"text-align: left;\">Tambi\u00e9n puedes mezclar la capa superior con Nordic Chic Fairydust si quieres hacer pinturas metalizadas.<\/p>\n<p style=\"text-align: left;\">Puedes comprar tu cera y capa superior en nuestros distribuidores de Nordic Chic: encuentra una lista de <a href=\"https:\/\/nordicchicpaint.com\/retailers-near-you\/\">distribuidores cerca de ti<\/a> o en la tienda web <a href=\"https:\/\/nordicchic.eu\/\" target=\"_blank\" rel=\"noopener\">aqu\u00ed<\/a><\/p>\n<p>[\/vc_column_text][\/vc_column_inner][vc_column_inner width=\u00bb1\/6&#8243;][\/vc_column_inner][\/vc_row_inner]<div class=\"ult-spacer spacer-69e01b3468be0\" data-id=\"69e01b3468be0\" data-height=\"90\" data-height-mobile=\"60\" data-height-tab=\"90\" data-height-tab-portrait=\"60\" data-height-mobile-landscape=\"60\" style=\"clear:both;display:block;\"><\/div>[\/vc_column][\/vc_row]<\/p>\n<\/section>","protected":false},"excerpt":{"rendered":"<p>[vc_row full_width=\u00bbstretch_row\u00bb][vc_column][vc_row_inner][vc_column_inner width=\u00bb1\/6&#8243;][\/vc_column_inner][vc_column_inner width=\u00bb2\/3&#8243;][vc_column_text] Le ofrecemos dos productos para sellar su pintura: cera y capa de acabado Ambos son pr\u00e1cticamente inodoros y f\u00e1ciles de aplicar y trabajar. Nuestra capa de acabado tambi\u00e9n cuenta con la certificaci\u00f3n EN 71-3, por lo que es segura para usar en muebles y juguetes infantiles. \u00bfC\u00f3mo se aplica? Aseg\u00farese de &#8230; <a title=\"Finishes\" class=\"read-more\" href=\"https:\/\/nordicchicpaint.com\/es\/finishes\/\" aria-label=\"Leer m\u00e1s sobre Finishes\">Leer m\u00e1s<\/a><\/p>\n","protected":false},"author":1,"featured_media":0,"parent":0,"menu_order":4,"comment_status":"closed","ping_status":"closed","template":"","meta":{"_acf_changed":false,"footnotes":""},"categories":[],"class_list":["post-6348","page","type-page","status-publish"],"acf":[],"yoast_head":"<!-- This site is optimized with the Yoast SEO plugin v23.4 - https:\/\/yoast.com\/wordpress\/plugins\/seo\/ -->\n<title>Finishes &#183; Nordic Chic\u00ae<\/title>\n<meta name=\"robots\" content=\"index, follow, max-snippet:-1, max-image-preview:large, max-video-preview:-1\" \/>\n<link rel=\"canonical\" href=\"https:\/\/nordicchicpaint.com\/es\/finishes\/\" \/>\n<meta property=\"og:locale\" content=\"es_ES\" \/>\n<meta property=\"og:type\" content=\"article\" \/>\n<meta property=\"og:title\" content=\"Finishes &#183; Nordic Chic\u00ae\" \/>\n<meta property=\"og:description\" content=\"[vc_row full_width=\u00bbstretch_row\u00bb][vc_column][vc_row_inner][vc_column_inner width=\u00bb1\/6&#8243;][\/vc_column_inner][vc_column_inner width=\u00bb2\/3&#8243;][vc_column_text] Le ofrecemos dos productos para sellar su pintura: cera y capa de acabado Ambos son pr\u00e1cticamente inodoros y f\u00e1ciles de aplicar y trabajar. Nuestra capa de acabado tambi\u00e9n cuenta con la certificaci\u00f3n EN 71-3, por lo que es segura para usar en muebles y juguetes infantiles. \u00bfC\u00f3mo se aplica? Aseg\u00farese de ... Leer m\u00e1s\" \/>\n<meta property=\"og:url\" content=\"https:\/\/nordicchicpaint.com\/es\/finishes\/\" \/>\n<meta property=\"og:site_name\" content=\"Nordic Chic\u00ae\" \/>\n<meta property=\"article:modified_time\" content=\"2025-01-27T18:37:05+00:00\" \/>\n<meta name=\"twitter:card\" content=\"summary_large_image\" \/>\n<meta name=\"twitter:label1\" content=\"Tiempo de lectura\" \/>\n\t<meta name=\"twitter:data1\" content=\"2 minutos\" \/>\n<script type=\"application\/ld+json\" class=\"yoast-schema-graph\">{\"@context\":\"https:\/\/schema.org\",\"@graph\":[{\"@type\":\"WebPage\",\"@id\":\"https:\/\/nordicchicpaint.com\/es\/finishes\/\",\"url\":\"https:\/\/nordicchicpaint.com\/es\/finishes\/\",\"name\":\"Finishes &#183; Nordic Chic\u00ae\",\"isPartOf\":{\"@id\":\"https:\/\/nordicchicpaint.com\/es\/#website\"},\"datePublished\":\"2021-10-21T10:22:36+00:00\",\"dateModified\":\"2025-01-27T18:37:05+00:00\",\"breadcrumb\":{\"@id\":\"https:\/\/nordicchicpaint.com\/es\/finishes\/#breadcrumb\"},\"inLanguage\":\"es\",\"potentialAction\":[{\"@type\":\"ReadAction\",\"target\":[\"https:\/\/nordicchicpaint.com\/es\/finishes\/\"]}]},{\"@type\":\"BreadcrumbList\",\"@id\":\"https:\/\/nordicchicpaint.com\/es\/finishes\/#breadcrumb\",\"itemListElement\":[{\"@type\":\"ListItem\",\"position\":1,\"name\":\"Hjem\",\"item\":\"https:\/\/nordicchicpaint.com\/es\/\"},{\"@type\":\"ListItem\",\"position\":2,\"name\":\"Finishes\"}]},{\"@type\":\"WebSite\",\"@id\":\"https:\/\/nordicchicpaint.com\/es\/#website\",\"url\":\"https:\/\/nordicchicpaint.com\/es\/\",\"name\":\"Nordic Chic\u00ae\",\"description\":\"Chalk paint for interior and exterior use\",\"publisher\":{\"@id\":\"https:\/\/nordicchicpaint.com\/es\/#organization\"},\"potentialAction\":[{\"@type\":\"SearchAction\",\"target\":{\"@type\":\"EntryPoint\",\"urlTemplate\":\"https:\/\/nordicchicpaint.com\/es\/?s={search_term_string}\"},\"query-input\":{\"@type\":\"PropertyValueSpecification\",\"valueRequired\":true,\"valueName\":\"search_term_string\"}}],\"inLanguage\":\"es\"},{\"@type\":\"Organization\",\"@id\":\"https:\/\/nordicchicpaint.com\/es\/#organization\",\"name\":\"Nordic Chic\u00ae\",\"url\":\"https:\/\/nordicchicpaint.com\/es\/\",\"logo\":{\"@type\":\"ImageObject\",\"inLanguage\":\"es\",\"@id\":\"https:\/\/nordicchicpaint.com\/es\/#\/schema\/logo\/image\/\",\"url\":\"https:\/\/nordicchicpaint.com\/wp-content\/uploads\/2021\/10\/logo.svg\",\"contentUrl\":\"https:\/\/nordicchicpaint.com\/wp-content\/uploads\/2021\/10\/logo.svg\",\"width\":479,\"height\":474,\"caption\":\"Nordic Chic\u00ae\"},\"image\":{\"@id\":\"https:\/\/nordicchicpaint.com\/es\/#\/schema\/logo\/image\/\"}}]}<\/script>\n<!-- \/ Yoast SEO plugin. -->","yoast_head_json":{"title":"Finishes &#183; Nordic Chic\u00ae","robots":{"index":"index","follow":"follow","max-snippet":"max-snippet:-1","max-image-preview":"max-image-preview:large","max-video-preview":"max-video-preview:-1"},"canonical":"https:\/\/nordicchicpaint.com\/es\/finishes\/","og_locale":"es_ES","og_type":"article","og_title":"Finishes &#183; Nordic Chic\u00ae","og_description":"[vc_row full_width=\u00bbstretch_row\u00bb][vc_column][vc_row_inner][vc_column_inner width=\u00bb1\/6&#8243;][\/vc_column_inner][vc_column_inner width=\u00bb2\/3&#8243;][vc_column_text] Le ofrecemos dos productos para sellar su pintura: cera y capa de acabado Ambos son pr\u00e1cticamente inodoros y f\u00e1ciles de aplicar y trabajar. Nuestra capa de acabado tambi\u00e9n cuenta con la certificaci\u00f3n EN 71-3, por lo que es segura para usar en muebles y juguetes infantiles. \u00bfC\u00f3mo se aplica? Aseg\u00farese de ... Leer m\u00e1s","og_url":"https:\/\/nordicchicpaint.com\/es\/finishes\/","og_site_name":"Nordic Chic\u00ae","article_modified_time":"2025-01-27T18:37:05+00:00","twitter_card":"summary_large_image","twitter_misc":{"Tiempo de lectura":"2 minutos"},"schema":{"@context":"https:\/\/schema.org","@graph":[{"@type":"WebPage","@id":"https:\/\/nordicchicpaint.com\/es\/finishes\/","url":"https:\/\/nordicchicpaint.com\/es\/finishes\/","name":"Finishes &#183; Nordic Chic\u00ae","isPartOf":{"@id":"https:\/\/nordicchicpaint.com\/es\/#website"},"datePublished":"2021-10-21T10:22:36+00:00","dateModified":"2025-01-27T18:37:05+00:00","breadcrumb":{"@id":"https:\/\/nordicchicpaint.com\/es\/finishes\/#breadcrumb"},"inLanguage":"es","potentialAction":[{"@type":"ReadAction","target":["https:\/\/nordicchicpaint.com\/es\/finishes\/"]}]},{"@type":"BreadcrumbList","@id":"https:\/\/nordicchicpaint.com\/es\/finishes\/#breadcrumb","itemListElement":[{"@type":"ListItem","position":1,"name":"Hjem","item":"https:\/\/nordicchicpaint.com\/es\/"},{"@type":"ListItem","position":2,"name":"Finishes"}]},{"@type":"WebSite","@id":"https:\/\/nordicchicpaint.com\/es\/#website","url":"https:\/\/nordicchicpaint.com\/es\/","name":"Nordic Chic\u00ae","description":"Chalk paint for interior and exterior use","publisher":{"@id":"https:\/\/nordicchicpaint.com\/es\/#organization"},"potentialAction":[{"@type":"SearchAction","target":{"@type":"EntryPoint","urlTemplate":"https:\/\/nordicchicpaint.com\/es\/?s={search_term_string}"},"query-input":{"@type":"PropertyValueSpecification","valueRequired":true,"valueName":"search_term_string"}}],"inLanguage":"es"},{"@type":"Organization","@id":"https:\/\/nordicchicpaint.com\/es\/#organization","name":"Nordic Chic\u00ae","url":"https:\/\/nordicchicpaint.com\/es\/","logo":{"@type":"ImageObject","inLanguage":"es","@id":"https:\/\/nordicchicpaint.com\/es\/#\/schema\/logo\/image\/","url":"https:\/\/nordicchicpaint.com\/wp-content\/uploads\/2021\/10\/logo.svg","contentUrl":"https:\/\/nordicchicpaint.com\/wp-content\/uploads\/2021\/10\/logo.svg","width":479,"height":474,"caption":"Nordic Chic\u00ae"},"image":{"@id":"https:\/\/nordicchicpaint.com\/es\/#\/schema\/logo\/image\/"}}]}},"_links":{"self":[{"href":"https:\/\/nordicchicpaint.com\/es\/wp-json\/wp\/v2\/pages\/6348"}],"collection":[{"href":"https:\/\/nordicchicpaint.com\/es\/wp-json\/wp\/v2\/pages"}],"about":[{"href":"https:\/\/nordicchicpaint.com\/es\/wp-json\/wp\/v2\/types\/page"}],"author":[{"embeddable":true,"href":"https:\/\/nordicchicpaint.com\/es\/wp-json\/wp\/v2\/users\/1"}],"replies":[{"embeddable":true,"href":"https:\/\/nordicchicpaint.com\/es\/wp-json\/wp\/v2\/comments?post=6348"}],"version-history":[{"count":2,"href":"https:\/\/nordicchicpaint.com\/es\/wp-json\/wp\/v2\/pages\/6348\/revisions"}],"predecessor-version":[{"id":6350,"href":"https:\/\/nordicchicpaint.com\/es\/wp-json\/wp\/v2\/pages\/6348\/revisions\/6350"}],"wp:attachment":[{"href":"https:\/\/nordicchicpaint.com\/es\/wp-json\/wp\/v2\/media?parent=6348"}],"wp:term":[{"taxonomy":"category","embeddable":true,"href":"https:\/\/nordicchicpaint.com\/es\/wp-json\/wp\/v2\/categories?post=6348"}],"curies":[{"name":"wp","href":"https:\/\/api.w.org\/{rel}","templated":true}]}}