{"id":6345,"date":"2021-10-21T12:22:36","date_gmt":"2021-10-21T10:22:36","guid":{"rendered":"https:\/\/nordicchicpaint.com\/wall-clay-chalk-paint\/"},"modified":"2025-03-10T10:34:46","modified_gmt":"2025-03-10T09:34:46","slug":"wall-clay-chalk-paint","status":"publish","type":"page","link":"https:\/\/nordicchicpaint.com\/es\/wall-clay-chalk-paint\/","title":{"rendered":"WALL Clay &#038; Chalk Paint"},"content":{"rendered":"<section class=\"wpb-content-wrapper\"><p>[vc_row full_width=\u00bbstretch_row\u00bb][vc_column]<div class=\"ult-spacer spacer-69f12a786137c\" data-id=\"69f12a786137c\" data-height=\"90\" data-height-mobile=\"60\" data-height-tab=\"90\" data-height-tab-portrait=\"60\" data-height-mobile-landscape=\"60\" style=\"clear:both;display:block;\"><\/div>[vc_row_inner][vc_column_inner width=\u00bb1\/6&#8243;][\/vc_column_inner][vc_column_inner width=\u00bb2\/3&#8243;][vc_column_text]<\/p>\n<h2 style=\"text-align: left;\">\u00bfQuieres que las paredes de tu casa sean transpirables, que regulen la humedad y que sean antiest\u00e1ticas?<\/h2>\n<p style=\"text-align: left;\">Entonces no busques m\u00e1s: Nordic Chic\u00ae presenta nuestra nueva pintura para paredes \u201cWall\u201d. Esta nueva pintura se basa principalmente en arcilla, lo que significa que es un buen regulador de la humedad en el hogar. La pintura absorbe y libera la humedad seg\u00fan sea necesario. Al mismo tiempo, se liberan minerales de la arcilla, en lugar de disolventes nocivos, lo que significa que obtienes un clima interior muy saludable.<\/p>\n<p style=\"text-align: left;\">La pintura para paredes de interior a base de arcilla es f\u00e1cil de aplicar, duradera y cubre de forma fant\u00e1stica.<\/p>\n<p style=\"text-align: left;\">Nordic Chic\u00ae Wall, al igual que nuestra pintura para muebles, cuenta con la etiqueta ecol\u00f3gica de la UE. Est\u00e1 completamente libre de COV (compuestos org\u00e1nicos vol\u00e1tiles) y desgasifica t\u00f3xicos y no hay absolutamente ning\u00fan mal olor al pintar.<\/p>\n<p style=\"text-align: left;\">Si puede decir que s\u00ed, desea un clima interior saludable, entonces Nordic Chic\u00ae Wall es la pintura de pared para interiores para usted.<\/p>\n<p style=\"text-align: left;\"><strong>\u00bfPor qu\u00e9 elegir pintura de pared para interiores a base de arcilla?<\/strong><\/p>\n<ul>\n<li style=\"text-align: left;\">La pintura de arcilla es transpirable y de difusi\u00f3n abierta, a diferencia de la pintura acr\u00edlica o pl\u00e1stica que act\u00faa como una bolsa de pl\u00e1stico sellada y no proporciona intercambio de humedad.<\/li>\n<li style=\"text-align: left;\">La pintura de arcilla puede absorber la humedad y liberarla cuando sea necesario<\/li>\n<li style=\"text-align: left;\">La arcilla es un material antiguo y se utiliza en todo, desde mascarillas hasta materiales de construcci\u00f3n<\/li>\n<li style=\"text-align: left;\">La arcilla contiene una gran cantidad de iones negativos que act\u00faan como Antioxidantes<\/li>\n<li style=\"text-align: left;\">La arcilla absorbe, por ejemplo, la radiaci\u00f3n de los tel\u00e9fonos m\u00f3viles y los hornos microondas. En la cultura de los antiguos indios, la arcilla se consideraba un medio curativo.<\/li>\n<li style=\"text-align: left;\">Por eso, hay muchas buenas razones para elegir la pintura de pared Nordic Chic\u00ae, a base de arcilla.<\/li>\n<li style=\"text-align: left;\">Con Nordic Chic\u00ae Wall, tambi\u00e9n obtendr\u00e1 hermosas superficies mate con mucha profundidad en el color.<\/li>\n<\/ul>\n<p style=\"text-align: left;\">Nordic Chic\u00ae Wall viene en un recipiente de 2,5 litros. Al igual que la pintura para muebles, los colores se pueden mezclar y tonificar seg\u00fan su propia edici\u00f3n personal. La cobertura es fant\u00e1stica, algunas superficies solo necesitan una capa. 6-8 m2 por litro.<\/p>\n<p>Encuentra tu distribuidor <a href=\"https:\/\/nordicchicpaint.com\/tiendas-cerca-de-ti\/\" target=\"_blank\" rel=\"noopener\">aqu\u00ed<\/a> o compra aqu\u00ed <a href=\"http:\/\/www.nordicchic.eu\" target=\"_blank\" rel=\"noopener\">www.nordicchic.eu<\/a>.[\/vc_column_text][vc_empty_space height=\u00bb30px\u00bb][vc_single_image image=\u00bb3719&#8243; alignment=\u00bbcenter\u00bb el_class=\u00bbcustom-ecolabel\u00bb][\/vc_column_inner][vc_column_inner width=\u00bb1\/6&#8243;][\/vc_column_inner][\/vc_row_inner][vc_empty_space height=\u00bb60px\u00bb][vc_row_inner equal_height=\u00bbyes\u00bb el_class=\u00bbswatches\u00bb][vc_column_inner width=\u00bb1\/3&#8243; offset=\u00bbvc_col-lg-2 vc_col-md-2 vc_col-xs-6&#8243;][vc_single_image image=\u00bb3237&#8243; img_size=\u00bblarge\u00bb el_class=\u00bbwhippedcream\u00bb][\/vc_column_inner][vc_column_inner width=\u00bb1\/3&#8243; offset=\u00bbvc_col-lg-2 vc_col-md-2 vc_col-xs-6&#8243;][vc_single_image image=\u00bb3237&#8243; img_size=\u00bblarge\u00bb el_class=\u00bbblushingbride\u00bb][\/vc_column_inner][vc_column_inner width=\u00bb1\/3&#8243; offset=\u00bbvc_col-lg-2 vc_col-md-2 vc_col-xs-6&#8243;][vc_single_image image=\u00bb3237&#8243; img_size=\u00bblarge\u00bb el_class=\u00bbconcretejungle\u00bb][\/vc_column_inner][vc_column_inner width=\u00bb1\/3&#8243; offset=\u00bbvc_col-lg-2 vc_col-md-2 vc_col-xs-6&#8243;][vc_single_image image=\u00bb3237&#8243; img_size=\u00bblarge\u00bb el_class=\u00bbslate\u00bb][\/vc_column_inner][vc_column_inner width=\u00bb1\/3&#8243; offset=\u00bbvc_col-lg-2 vc_col-md-2 vc_col-xs-6&#8243;][vc_single_image image=\u00bb3237&#8243; img_size=\u00bblarge\u00bb el_class=\u00bblovelyduckling\u00bb][\/vc_column_inner][vc_column_inner width=\u00bb1\/3&#8243; offset=\u00bbvc_col-lg-2 vc_col-md-2 vc_col-xs-6&#8243;][vc_single_image image=\u00bb3237&#8243; img_size=\u00bblarge\u00bb el_class=\u00bbdustygreen\u00bb][\/vc_column_inner][\/vc_row_inner]<div class=\"ult-spacer spacer-69f12a78613c5\" data-id=\"69f12a78613c5\" data-height=\"90\" data-height-mobile=\"60\" data-height-tab=\"90\" data-height-tab-portrait=\"60\" data-height-mobile-landscape=\"60\" style=\"clear:both;display:block;\"><\/div>[vc_raw_html]PHN0eWxlPg0KLyoqIEZBUlZFUiBUSUwgTllFIFBPUCBVUFMgKiovDQp9DQoNCi5kdXN0eWdyZWVuIGltZyB7DQoJYmFja2dyb3VuZC1jb2xvcjogcmdiYSgxNTcsIDE1MSwgMTM1LCAxKTsNCn0NCg0KLndoaXBwZWRjcmVhbSBpbWcgew0KCWJhY2tncm91bmQtY29sb3I6IHJnYmEoMjU1LCAyMjksIDIxOSwgMSk7DQp9DQoNCi5sb3ZlbHlkdWNrbGluZyBpbWcgew0KCWJhY2tncm91bmQtY29sb3I6IHJnYmEoMjIxLCAyMTIsIDIwNiwgMSk7DQp9DQoNCi5jb25jcmV0ZWp1bmdsZSBpbWcgew0KCWJhY2tncm91bmQtY29sb3I6IHJnYmEoMTkxLCAxNzQsIDE3MiwgMSk7DQoNCn0NCg0KLnNsYXRlIGltZyB7DQoJYmFja2dyb3VuZC1jb2xvcjogcmdiYSgxMDIsIDkzLCA5MiwgMSk7DQp9DQoNCi5ibHVzaGluZ2JyaWRlIGltZyB7DQoJYmFja2dyb3VuZC1jb2xvcjogcmdiYSgyMzYsIDE5MCwgMTc3LCAxKTsNCn0NCg0KPC9zdHlsZT4=[\/vc_raw_html][\/vc_column][\/vc_row]<\/p>\n<\/section>","protected":false},"excerpt":{"rendered":"<p>[vc_row full_width=\u00bbstretch_row\u00bb][vc_column][vc_row_inner][vc_column_inner width=\u00bb1\/6&#8243;][\/vc_column_inner][vc_column_inner width=\u00bb2\/3&#8243;][vc_column_text] \u00bfQuieres que las paredes de tu casa sean transpirables, que regulen la humedad y que sean antiest\u00e1ticas? Entonces no busques m\u00e1s: Nordic Chic\u00ae presenta nuestra nueva pintura para paredes \u201cWall\u201d. Esta nueva pintura se basa principalmente en arcilla, lo que significa que es un buen regulador de la humedad en el &#8230; <a title=\"WALL Clay &#038; Chalk Paint\" class=\"read-more\" href=\"https:\/\/nordicchicpaint.com\/es\/wall-clay-chalk-paint\/\" aria-label=\"Leer m\u00e1s sobre WALL Clay &#038; Chalk Paint\">Leer m\u00e1s<\/a><\/p>\n","protected":false},"author":1,"featured_media":5490,"parent":0,"menu_order":3,"comment_status":"closed","ping_status":"closed","template":"","meta":{"_acf_changed":false,"footnotes":""},"categories":[],"class_list":["post-6345","page","type-page","status-publish","has-post-thumbnail"],"acf":[],"yoast_head":"<!-- This site is optimized with the Yoast SEO plugin v23.4 - https:\/\/yoast.com\/wordpress\/plugins\/seo\/ -->\n<title>WALL Clay &amp; Chalk Paint &#183; Nordic Chic\u00ae<\/title>\n<meta name=\"robots\" content=\"index, follow, max-snippet:-1, max-image-preview:large, max-video-preview:-1\" \/>\n<link rel=\"canonical\" href=\"https:\/\/nordicchicpaint.com\/es\/wall-clay-chalk-paint\/\" \/>\n<meta property=\"og:locale\" content=\"es_ES\" \/>\n<meta property=\"og:type\" content=\"article\" \/>\n<meta property=\"og:title\" content=\"WALL Clay &amp; Chalk Paint &#183; Nordic Chic\u00ae\" \/>\n<meta property=\"og:description\" content=\"[vc_row full_width=\u00bbstretch_row\u00bb][vc_column][vc_row_inner][vc_column_inner width=\u00bb1\/6&#8243;][\/vc_column_inner][vc_column_inner width=\u00bb2\/3&#8243;][vc_column_text] \u00bfQuieres que las paredes de tu casa sean transpirables, que regulen la humedad y que sean antiest\u00e1ticas? Entonces no busques m\u00e1s: Nordic Chic\u00ae presenta nuestra nueva pintura para paredes \u201cWall\u201d. Esta nueva pintura se basa principalmente en arcilla, lo que significa que es un buen regulador de la humedad en el ... Leer m\u00e1s\" \/>\n<meta property=\"og:url\" content=\"https:\/\/nordicchicpaint.com\/es\/wall-clay-chalk-paint\/\" \/>\n<meta property=\"og:site_name\" content=\"Nordic Chic\u00ae\" \/>\n<meta property=\"article:modified_time\" content=\"2025-03-10T09:34:46+00:00\" \/>\n<meta property=\"og:image\" content=\"https:\/\/nordicchicpaint.com\/wp-content\/uploads\/2022\/05\/Wall-clay-and-chalk-paint-scaled-e1662444793464.jpg\" \/>\n\t<meta property=\"og:image:width\" content=\"2048\" \/>\n\t<meta property=\"og:image:height\" content=\"952\" \/>\n\t<meta property=\"og:image:type\" content=\"image\/jpeg\" \/>\n<meta name=\"twitter:card\" content=\"summary_large_image\" \/>\n<meta name=\"twitter:label1\" content=\"Tiempo de lectura\" \/>\n\t<meta name=\"twitter:data1\" content=\"3 minutos\" \/>\n<script type=\"application\/ld+json\" class=\"yoast-schema-graph\">{\"@context\":\"https:\/\/schema.org\",\"@graph\":[{\"@type\":\"WebPage\",\"@id\":\"https:\/\/nordicchicpaint.com\/es\/wall-clay-chalk-paint\/\",\"url\":\"https:\/\/nordicchicpaint.com\/es\/wall-clay-chalk-paint\/\",\"name\":\"WALL Clay & Chalk Paint &#183; Nordic Chic\u00ae\",\"isPartOf\":{\"@id\":\"https:\/\/nordicchicpaint.com\/es\/#website\"},\"primaryImageOfPage\":{\"@id\":\"https:\/\/nordicchicpaint.com\/es\/wall-clay-chalk-paint\/#primaryimage\"},\"image\":{\"@id\":\"https:\/\/nordicchicpaint.com\/es\/wall-clay-chalk-paint\/#primaryimage\"},\"thumbnailUrl\":\"https:\/\/nordicchicpaint.com\/wp-content\/uploads\/2022\/05\/Wall-clay-and-chalk-paint-scaled-e1662444793464.jpg\",\"datePublished\":\"2021-10-21T10:22:36+00:00\",\"dateModified\":\"2025-03-10T09:34:46+00:00\",\"breadcrumb\":{\"@id\":\"https:\/\/nordicchicpaint.com\/es\/wall-clay-chalk-paint\/#breadcrumb\"},\"inLanguage\":\"es\",\"potentialAction\":[{\"@type\":\"ReadAction\",\"target\":[\"https:\/\/nordicchicpaint.com\/es\/wall-clay-chalk-paint\/\"]}]},{\"@type\":\"ImageObject\",\"inLanguage\":\"es\",\"@id\":\"https:\/\/nordicchicpaint.com\/es\/wall-clay-chalk-paint\/#primaryimage\",\"url\":\"https:\/\/nordicchicpaint.com\/wp-content\/uploads\/2022\/05\/Wall-clay-and-chalk-paint-scaled-e1662444793464.jpg\",\"contentUrl\":\"https:\/\/nordicchicpaint.com\/wp-content\/uploads\/2022\/05\/Wall-clay-and-chalk-paint-scaled-e1662444793464.jpg\",\"width\":2048,\"height\":952},{\"@type\":\"BreadcrumbList\",\"@id\":\"https:\/\/nordicchicpaint.com\/es\/wall-clay-chalk-paint\/#breadcrumb\",\"itemListElement\":[{\"@type\":\"ListItem\",\"position\":1,\"name\":\"Hjem\",\"item\":\"https:\/\/nordicchicpaint.com\/es\/\"},{\"@type\":\"ListItem\",\"position\":2,\"name\":\"WALL Clay &#038; Chalk Paint\"}]},{\"@type\":\"WebSite\",\"@id\":\"https:\/\/nordicchicpaint.com\/es\/#website\",\"url\":\"https:\/\/nordicchicpaint.com\/es\/\",\"name\":\"Nordic Chic\u00ae\",\"description\":\"Chalk paint for interior and exterior use\",\"publisher\":{\"@id\":\"https:\/\/nordicchicpaint.com\/es\/#organization\"},\"potentialAction\":[{\"@type\":\"SearchAction\",\"target\":{\"@type\":\"EntryPoint\",\"urlTemplate\":\"https:\/\/nordicchicpaint.com\/es\/?s={search_term_string}\"},\"query-input\":{\"@type\":\"PropertyValueSpecification\",\"valueRequired\":true,\"valueName\":\"search_term_string\"}}],\"inLanguage\":\"es\"},{\"@type\":\"Organization\",\"@id\":\"https:\/\/nordicchicpaint.com\/es\/#organization\",\"name\":\"Nordic Chic\u00ae\",\"url\":\"https:\/\/nordicchicpaint.com\/es\/\",\"logo\":{\"@type\":\"ImageObject\",\"inLanguage\":\"es\",\"@id\":\"https:\/\/nordicchicpaint.com\/es\/#\/schema\/logo\/image\/\",\"url\":\"https:\/\/nordicchicpaint.com\/wp-content\/uploads\/2021\/10\/logo.svg\",\"contentUrl\":\"https:\/\/nordicchicpaint.com\/wp-content\/uploads\/2021\/10\/logo.svg\",\"width\":479,\"height\":474,\"caption\":\"Nordic Chic\u00ae\"},\"image\":{\"@id\":\"https:\/\/nordicchicpaint.com\/es\/#\/schema\/logo\/image\/\"}}]}<\/script>\n<!-- \/ Yoast SEO plugin. -->","yoast_head_json":{"title":"WALL Clay & Chalk Paint &#183; Nordic Chic\u00ae","robots":{"index":"index","follow":"follow","max-snippet":"max-snippet:-1","max-image-preview":"max-image-preview:large","max-video-preview":"max-video-preview:-1"},"canonical":"https:\/\/nordicchicpaint.com\/es\/wall-clay-chalk-paint\/","og_locale":"es_ES","og_type":"article","og_title":"WALL Clay & Chalk Paint &#183; Nordic Chic\u00ae","og_description":"[vc_row full_width=\u00bbstretch_row\u00bb][vc_column][vc_row_inner][vc_column_inner width=\u00bb1\/6&#8243;][\/vc_column_inner][vc_column_inner width=\u00bb2\/3&#8243;][vc_column_text] \u00bfQuieres que las paredes de tu casa sean transpirables, que regulen la humedad y que sean antiest\u00e1ticas? Entonces no busques m\u00e1s: Nordic Chic\u00ae presenta nuestra nueva pintura para paredes \u201cWall\u201d. Esta nueva pintura se basa principalmente en arcilla, lo que significa que es un buen regulador de la humedad en el ... Leer m\u00e1s","og_url":"https:\/\/nordicchicpaint.com\/es\/wall-clay-chalk-paint\/","og_site_name":"Nordic Chic\u00ae","article_modified_time":"2025-03-10T09:34:46+00:00","og_image":[{"width":2048,"height":952,"url":"https:\/\/nordicchicpaint.com\/wp-content\/uploads\/2022\/05\/Wall-clay-and-chalk-paint-scaled-e1662444793464.jpg","type":"image\/jpeg"}],"twitter_card":"summary_large_image","twitter_misc":{"Tiempo de lectura":"3 minutos"},"schema":{"@context":"https:\/\/schema.org","@graph":[{"@type":"WebPage","@id":"https:\/\/nordicchicpaint.com\/es\/wall-clay-chalk-paint\/","url":"https:\/\/nordicchicpaint.com\/es\/wall-clay-chalk-paint\/","name":"WALL Clay & Chalk Paint &#183; Nordic Chic\u00ae","isPartOf":{"@id":"https:\/\/nordicchicpaint.com\/es\/#website"},"primaryImageOfPage":{"@id":"https:\/\/nordicchicpaint.com\/es\/wall-clay-chalk-paint\/#primaryimage"},"image":{"@id":"https:\/\/nordicchicpaint.com\/es\/wall-clay-chalk-paint\/#primaryimage"},"thumbnailUrl":"https:\/\/nordicchicpaint.com\/wp-content\/uploads\/2022\/05\/Wall-clay-and-chalk-paint-scaled-e1662444793464.jpg","datePublished":"2021-10-21T10:22:36+00:00","dateModified":"2025-03-10T09:34:46+00:00","breadcrumb":{"@id":"https:\/\/nordicchicpaint.com\/es\/wall-clay-chalk-paint\/#breadcrumb"},"inLanguage":"es","potentialAction":[{"@type":"ReadAction","target":["https:\/\/nordicchicpaint.com\/es\/wall-clay-chalk-paint\/"]}]},{"@type":"ImageObject","inLanguage":"es","@id":"https:\/\/nordicchicpaint.com\/es\/wall-clay-chalk-paint\/#primaryimage","url":"https:\/\/nordicchicpaint.com\/wp-content\/uploads\/2022\/05\/Wall-clay-and-chalk-paint-scaled-e1662444793464.jpg","contentUrl":"https:\/\/nordicchicpaint.com\/wp-content\/uploads\/2022\/05\/Wall-clay-and-chalk-paint-scaled-e1662444793464.jpg","width":2048,"height":952},{"@type":"BreadcrumbList","@id":"https:\/\/nordicchicpaint.com\/es\/wall-clay-chalk-paint\/#breadcrumb","itemListElement":[{"@type":"ListItem","position":1,"name":"Hjem","item":"https:\/\/nordicchicpaint.com\/es\/"},{"@type":"ListItem","position":2,"name":"WALL Clay &#038; Chalk Paint"}]},{"@type":"WebSite","@id":"https:\/\/nordicchicpaint.com\/es\/#website","url":"https:\/\/nordicchicpaint.com\/es\/","name":"Nordic Chic\u00ae","description":"Chalk paint for interior and exterior use","publisher":{"@id":"https:\/\/nordicchicpaint.com\/es\/#organization"},"potentialAction":[{"@type":"SearchAction","target":{"@type":"EntryPoint","urlTemplate":"https:\/\/nordicchicpaint.com\/es\/?s={search_term_string}"},"query-input":{"@type":"PropertyValueSpecification","valueRequired":true,"valueName":"search_term_string"}}],"inLanguage":"es"},{"@type":"Organization","@id":"https:\/\/nordicchicpaint.com\/es\/#organization","name":"Nordic Chic\u00ae","url":"https:\/\/nordicchicpaint.com\/es\/","logo":{"@type":"ImageObject","inLanguage":"es","@id":"https:\/\/nordicchicpaint.com\/es\/#\/schema\/logo\/image\/","url":"https:\/\/nordicchicpaint.com\/wp-content\/uploads\/2021\/10\/logo.svg","contentUrl":"https:\/\/nordicchicpaint.com\/wp-content\/uploads\/2021\/10\/logo.svg","width":479,"height":474,"caption":"Nordic Chic\u00ae"},"image":{"@id":"https:\/\/nordicchicpaint.com\/es\/#\/schema\/logo\/image\/"}}]}},"_links":{"self":[{"href":"https:\/\/nordicchicpaint.com\/es\/wp-json\/wp\/v2\/pages\/6345"}],"collection":[{"href":"https:\/\/nordicchicpaint.com\/es\/wp-json\/wp\/v2\/pages"}],"about":[{"href":"https:\/\/nordicchicpaint.com\/es\/wp-json\/wp\/v2\/types\/page"}],"author":[{"embeddable":true,"href":"https:\/\/nordicchicpaint.com\/es\/wp-json\/wp\/v2\/users\/1"}],"replies":[{"embeddable":true,"href":"https:\/\/nordicchicpaint.com\/es\/wp-json\/wp\/v2\/comments?post=6345"}],"version-history":[{"count":3,"href":"https:\/\/nordicchicpaint.com\/es\/wp-json\/wp\/v2\/pages\/6345\/revisions"}],"predecessor-version":[{"id":6472,"href":"https:\/\/nordicchicpaint.com\/es\/wp-json\/wp\/v2\/pages\/6345\/revisions\/6472"}],"wp:featuredmedia":[{"embeddable":true,"href":"https:\/\/nordicchicpaint.com\/es\/wp-json\/wp\/v2\/media\/5490"}],"wp:attachment":[{"href":"https:\/\/nordicchicpaint.com\/es\/wp-json\/wp\/v2\/media?parent=6345"}],"wp:term":[{"taxonomy":"category","embeddable":true,"href":"https:\/\/nordicchicpaint.com\/es\/wp-json\/wp\/v2\/categories?post=6345"}],"curies":[{"name":"wp","href":"https:\/\/api.w.org\/{rel}","templated":true}]}}