{"id":6336,"date":"2022-02-22T14:54:34","date_gmt":"2022-02-22T13:54:34","guid":{"rendered":"https:\/\/nordicchicpaint.com\/stains\/"},"modified":"2025-03-10T10:35:45","modified_gmt":"2025-03-10T09:35:45","slug":"stains","status":"publish","type":"page","link":"https:\/\/nordicchicpaint.com\/es\/stains\/","title":{"rendered":"Stains"},"content":{"rendered":"<section class=\"wpb-content-wrapper\"><p>[vc_row full_width=\u00bbstretch_row\u00bb el_class=\u00bbfarver-ops\u00e6tning\u00bb][vc_column]<div class=\"ult-spacer spacer-69f115e15a3d7\" data-id=\"69f115e15a3d7\" data-height=\"90\" data-height-mobile=\"60\" data-height-tab=\"90\" data-height-tab-portrait=\"60\" data-height-mobile-landscape=\"60\" style=\"clear:both;display:block;\"><\/div>[vc_row_inner][vc_column_inner width=\u00bb1\/6&#8243;][\/vc_column_inner][vc_column_inner width=\u00bb2\/3&#8243;][vc_column_text]<\/p>\n<h1><strong>Tintes para madera de primera calidad | Nordic Chic Paint<\/strong><\/h1>\n<p>Bienvenido a la exclusiva gama de tintes para madera de primera calidad de Nordic Chic Paint. Nuestros tintes est\u00e1n especialmente formulados para realzar la belleza natural de la madera, proporcionando un acabado rico y duradero para todos sus proyectos de carpinter\u00eda. Ya sea que est\u00e9 renovando muebles, restaurando pisos o creando nuevas piezas de madera, nuestros tintes para madera brindan resultados excepcionales.<\/p>\n<h3>\u00bfPor qu\u00e9 elegir los tintes para madera de Nordic Chic Paint?<\/h3>\n<p><strong>Calidad superior:<\/strong> Nuestros tintes para madera est\u00e1n hechos de pigmentos e ingredientes de alta calidad, lo que garantiza un acabado duradero y vibrante que protege y embellece sus superficies de madera.<\/p>\n<p><strong>Amplia gama de colores:<\/strong> Explore nuestra extensa paleta de colores, desde tonos c\u00e1lidos y terrosos hasta tonos atrevidos y modernos. Sea cual sea su estilo o proyecto, tenemos el tono perfecto para combinar con su visi\u00f3n.<\/p>\n<p><strong>F\u00e1cil aplicaci\u00f3n:<\/strong> Dise\u00f1ados tanto para profesionales como para aficionados al bricolaje, nuestros tintes son f\u00e1ciles de aplicar y proporcionan una cobertura uniforme y un acabado suave en todo momento.<\/p>\n<p><strong>Respetuosos con el medio ambiente:<\/strong> En Nordic Chic Paint, priorizamos la sostenibilidad. Nuestros tintes para madera son ecol\u00f3gicos y tienen un bajo contenido de COV, lo que los hace seguros para usted y el medio ambiente.<\/p>\n<h3>Transforme sus proyectos de madera<\/h3>\n<p>Desde el encanto r\u00fastico hasta la elegancia contempor\u00e1nea, nuestros tintes para madera pueden transformar cualquier superficie de madera. Ideales para:<\/p>\n<ul>\n<li><strong>Restauraci\u00f3n de muebles:<\/strong> D\u00e9 a sus muebles viejos una nueva vida con nuestros tintes vibrantes. Perfecto para mesas, sillas, gabinetes y m\u00e1s.<\/li>\n<li><strong>Restauraci\u00f3n de pisos:<\/strong> Restaure la belleza natural de sus pisos de madera con nuestros tintes duraderos y protectores.<\/li>\n<li><strong>Manualidades para hacer usted mismo:<\/strong> D\u00e9 vida a sus proyectos creativos con nuestra amplia gama de colores y acabados.<\/li>\n<\/ul>\n<h3>C\u00f3mo usar los tintes para madera de Nordic Chic Paint<\/h3>\n<ol>\n<li><strong>Prepare la superficie:<\/strong> Aseg\u00farese de que la madera est\u00e9 limpia, seca y libre de cualquier acabado anterior.<\/li>\n<li><strong>Aplique el tinte:<\/strong> Use un pincel, un pa\u00f1o o un rociador para aplicar el tinte de manera uniforme, siguiendo la veta de la madera.<\/li>\n<li><strong>Deje secar:<\/strong> Deje que el tinte se seque por completo antes de aplicar una segunda capa o un acabado protector si lo desea.<\/li>\n<\/ol>\n<h3>Compre ahora<\/h3>\n<p>Explore nuestra colecci\u00f3n de tintes para madera Encuentra hoy mismo el color perfecto para realzar tu pr\u00f3ximo proyecto. Con Nordic Chic WOODY, conseguir un acabado hermoso y profesional nunca ha sido tan f\u00e1cil.<\/p>\n<p>Encuentra tu distribuidor <a href=\"https:\/\/nordicchicpaint.com\/retailers-near-you\/\" target=\"_blank\" rel=\"noopener\">aqu\u00ed<\/a> o compra aqu\u00ed <a href=\"http:\/\/www.nordicchic.eu\" target=\"_blank\" rel=\"noopener\">www.nordicchic.eu<\/a>.[\/vc_column_text][\/vc_column_inner][vc_column_inner width=\u00bb1\/6&#8243;][\/vc_column_inner][\/vc_row_inner][vc_empty_space height=\u00bb60px\u00bb][vc_media_grid gap=\u00bb20&#8243; grid_id=\u00bbvc_gid:1660806704490-adca0656-69c6-6&#8243; include=\u00bb3677,3678,3679&#8243;]<div class=\"ult-spacer spacer-69f115e15a41b\" data-id=\"69f115e15a41b\" data-height=\"90\" data-height-mobile=\"60\" data-height-tab=\"90\" data-height-tab-portrait=\"60\" data-height-mobile-landscape=\"60\" style=\"clear:both;display:block;\"><\/div>[\/vc_column][\/vc_row]<\/p>\n<\/section>","protected":false},"excerpt":{"rendered":"<p>[vc_row full_width=\u00bbstretch_row\u00bb el_class=\u00bbfarver-ops\u00e6tning\u00bb][vc_column][vc_row_inner][vc_column_inner width=\u00bb1\/6&#8243;][\/vc_column_inner][vc_column_inner width=\u00bb2\/3&#8243;][vc_column_text] Tintes para madera de primera calidad | Nordic Chic Paint Bienvenido a la exclusiva gama de tintes para madera de primera calidad de Nordic Chic Paint. Nuestros tintes est\u00e1n especialmente formulados para realzar la belleza natural de la madera, proporcionando un acabado rico y duradero para todos sus proyectos de &#8230; <a title=\"Stains\" class=\"read-more\" href=\"https:\/\/nordicchicpaint.com\/es\/stains\/\" aria-label=\"Leer m\u00e1s sobre Stains\">Leer m\u00e1s<\/a><\/p>\n","protected":false},"author":1,"featured_media":5742,"parent":0,"menu_order":0,"comment_status":"closed","ping_status":"closed","template":"","meta":{"_acf_changed":false,"footnotes":""},"categories":[],"class_list":["post-6336","page","type-page","status-publish","has-post-thumbnail"],"acf":[],"yoast_head":"<!-- This site is optimized with the Yoast SEO plugin v23.4 - https:\/\/yoast.com\/wordpress\/plugins\/seo\/ -->\n<title>Stains &#183; Nordic Chic\u00ae<\/title>\n<meta name=\"description\" content=\"&quot;Descubra los tintes para madera de primera calidad en Nordic Chic Paint. Realce la belleza natural de la madera con nuestros tintes ecol\u00f3gicos y f\u00e1ciles de aplicar. \u00a1Compre ahora!&quot;\" \/>\n<meta name=\"robots\" content=\"index, follow, max-snippet:-1, max-image-preview:large, max-video-preview:-1\" \/>\n<link rel=\"canonical\" href=\"https:\/\/nordicchicpaint.com\/es\/stains\/\" \/>\n<meta property=\"og:locale\" content=\"es_ES\" \/>\n<meta property=\"og:type\" content=\"article\" \/>\n<meta property=\"og:title\" content=\"Stains &#183; Nordic Chic\u00ae\" \/>\n<meta property=\"og:description\" content=\"&quot;Descubra los tintes para madera de primera calidad en Nordic Chic Paint. Realce la belleza natural de la madera con nuestros tintes ecol\u00f3gicos y f\u00e1ciles de aplicar. \u00a1Compre ahora!&quot;\" \/>\n<meta property=\"og:url\" content=\"https:\/\/nordicchicpaint.com\/es\/stains\/\" \/>\n<meta property=\"og:site_name\" content=\"Nordic Chic\u00ae\" \/>\n<meta property=\"article:modified_time\" content=\"2025-03-10T09:35:45+00:00\" \/>\n<meta property=\"og:image\" content=\"https:\/\/nordicchicpaint.com\/wp-content\/uploads\/2022\/09\/woody-Banner.jpeg\" \/>\n\t<meta property=\"og:image:width\" content=\"1920\" \/>\n\t<meta property=\"og:image:height\" content=\"1080\" \/>\n\t<meta property=\"og:image:type\" content=\"image\/jpeg\" \/>\n<meta name=\"twitter:card\" content=\"summary_large_image\" \/>\n<meta name=\"twitter:label1\" content=\"Tiempo de lectura\" \/>\n\t<meta name=\"twitter:data1\" content=\"3 minutos\" \/>\n<script type=\"application\/ld+json\" class=\"yoast-schema-graph\">{\"@context\":\"https:\/\/schema.org\",\"@graph\":[{\"@type\":\"WebPage\",\"@id\":\"https:\/\/nordicchicpaint.com\/es\/stains\/\",\"url\":\"https:\/\/nordicchicpaint.com\/es\/stains\/\",\"name\":\"Stains &#183; Nordic Chic\u00ae\",\"isPartOf\":{\"@id\":\"https:\/\/nordicchicpaint.com\/es\/#website\"},\"primaryImageOfPage\":{\"@id\":\"https:\/\/nordicchicpaint.com\/es\/stains\/#primaryimage\"},\"image\":{\"@id\":\"https:\/\/nordicchicpaint.com\/es\/stains\/#primaryimage\"},\"thumbnailUrl\":\"https:\/\/nordicchicpaint.com\/wp-content\/uploads\/2022\/09\/woody-Banner.jpeg\",\"datePublished\":\"2022-02-22T13:54:34+00:00\",\"dateModified\":\"2025-03-10T09:35:45+00:00\",\"description\":\"\\\"Descubra los tintes para madera de primera calidad en Nordic Chic Paint. Realce la belleza natural de la madera con nuestros tintes ecol\u00f3gicos y f\u00e1ciles de aplicar. \u00a1Compre ahora!\\\"\",\"breadcrumb\":{\"@id\":\"https:\/\/nordicchicpaint.com\/es\/stains\/#breadcrumb\"},\"inLanguage\":\"es\",\"potentialAction\":[{\"@type\":\"ReadAction\",\"target\":[\"https:\/\/nordicchicpaint.com\/es\/stains\/\"]}]},{\"@type\":\"ImageObject\",\"inLanguage\":\"es\",\"@id\":\"https:\/\/nordicchicpaint.com\/es\/stains\/#primaryimage\",\"url\":\"https:\/\/nordicchicpaint.com\/wp-content\/uploads\/2022\/09\/woody-Banner.jpeg\",\"contentUrl\":\"https:\/\/nordicchicpaint.com\/wp-content\/uploads\/2022\/09\/woody-Banner.jpeg\",\"width\":1920,\"height\":1080},{\"@type\":\"BreadcrumbList\",\"@id\":\"https:\/\/nordicchicpaint.com\/es\/stains\/#breadcrumb\",\"itemListElement\":[{\"@type\":\"ListItem\",\"position\":1,\"name\":\"Hjem\",\"item\":\"https:\/\/nordicchicpaint.com\/es\/\"},{\"@type\":\"ListItem\",\"position\":2,\"name\":\"Stains\"}]},{\"@type\":\"WebSite\",\"@id\":\"https:\/\/nordicchicpaint.com\/es\/#website\",\"url\":\"https:\/\/nordicchicpaint.com\/es\/\",\"name\":\"Nordic Chic\u00ae\",\"description\":\"Chalk paint for interior and exterior use\",\"publisher\":{\"@id\":\"https:\/\/nordicchicpaint.com\/es\/#organization\"},\"potentialAction\":[{\"@type\":\"SearchAction\",\"target\":{\"@type\":\"EntryPoint\",\"urlTemplate\":\"https:\/\/nordicchicpaint.com\/es\/?s={search_term_string}\"},\"query-input\":{\"@type\":\"PropertyValueSpecification\",\"valueRequired\":true,\"valueName\":\"search_term_string\"}}],\"inLanguage\":\"es\"},{\"@type\":\"Organization\",\"@id\":\"https:\/\/nordicchicpaint.com\/es\/#organization\",\"name\":\"Nordic Chic\u00ae\",\"url\":\"https:\/\/nordicchicpaint.com\/es\/\",\"logo\":{\"@type\":\"ImageObject\",\"inLanguage\":\"es\",\"@id\":\"https:\/\/nordicchicpaint.com\/es\/#\/schema\/logo\/image\/\",\"url\":\"https:\/\/nordicchicpaint.com\/wp-content\/uploads\/2021\/10\/logo.svg\",\"contentUrl\":\"https:\/\/nordicchicpaint.com\/wp-content\/uploads\/2021\/10\/logo.svg\",\"width\":479,\"height\":474,\"caption\":\"Nordic Chic\u00ae\"},\"image\":{\"@id\":\"https:\/\/nordicchicpaint.com\/es\/#\/schema\/logo\/image\/\"}}]}<\/script>\n<!-- \/ Yoast SEO plugin. -->","yoast_head_json":{"title":"Stains &#183; Nordic Chic\u00ae","description":"\"Descubra los tintes para madera de primera calidad en Nordic Chic Paint. Realce la belleza natural de la madera con nuestros tintes ecol\u00f3gicos y f\u00e1ciles de aplicar. \u00a1Compre ahora!\"","robots":{"index":"index","follow":"follow","max-snippet":"max-snippet:-1","max-image-preview":"max-image-preview:large","max-video-preview":"max-video-preview:-1"},"canonical":"https:\/\/nordicchicpaint.com\/es\/stains\/","og_locale":"es_ES","og_type":"article","og_title":"Stains &#183; Nordic Chic\u00ae","og_description":"\"Descubra los tintes para madera de primera calidad en Nordic Chic Paint. Realce la belleza natural de la madera con nuestros tintes ecol\u00f3gicos y f\u00e1ciles de aplicar. \u00a1Compre ahora!\"","og_url":"https:\/\/nordicchicpaint.com\/es\/stains\/","og_site_name":"Nordic Chic\u00ae","article_modified_time":"2025-03-10T09:35:45+00:00","og_image":[{"width":1920,"height":1080,"url":"https:\/\/nordicchicpaint.com\/wp-content\/uploads\/2022\/09\/woody-Banner.jpeg","type":"image\/jpeg"}],"twitter_card":"summary_large_image","twitter_misc":{"Tiempo de lectura":"3 minutos"},"schema":{"@context":"https:\/\/schema.org","@graph":[{"@type":"WebPage","@id":"https:\/\/nordicchicpaint.com\/es\/stains\/","url":"https:\/\/nordicchicpaint.com\/es\/stains\/","name":"Stains &#183; Nordic Chic\u00ae","isPartOf":{"@id":"https:\/\/nordicchicpaint.com\/es\/#website"},"primaryImageOfPage":{"@id":"https:\/\/nordicchicpaint.com\/es\/stains\/#primaryimage"},"image":{"@id":"https:\/\/nordicchicpaint.com\/es\/stains\/#primaryimage"},"thumbnailUrl":"https:\/\/nordicchicpaint.com\/wp-content\/uploads\/2022\/09\/woody-Banner.jpeg","datePublished":"2022-02-22T13:54:34+00:00","dateModified":"2025-03-10T09:35:45+00:00","description":"\"Descubra los tintes para madera de primera calidad en Nordic Chic Paint. Realce la belleza natural de la madera con nuestros tintes ecol\u00f3gicos y f\u00e1ciles de aplicar. \u00a1Compre ahora!\"","breadcrumb":{"@id":"https:\/\/nordicchicpaint.com\/es\/stains\/#breadcrumb"},"inLanguage":"es","potentialAction":[{"@type":"ReadAction","target":["https:\/\/nordicchicpaint.com\/es\/stains\/"]}]},{"@type":"ImageObject","inLanguage":"es","@id":"https:\/\/nordicchicpaint.com\/es\/stains\/#primaryimage","url":"https:\/\/nordicchicpaint.com\/wp-content\/uploads\/2022\/09\/woody-Banner.jpeg","contentUrl":"https:\/\/nordicchicpaint.com\/wp-content\/uploads\/2022\/09\/woody-Banner.jpeg","width":1920,"height":1080},{"@type":"BreadcrumbList","@id":"https:\/\/nordicchicpaint.com\/es\/stains\/#breadcrumb","itemListElement":[{"@type":"ListItem","position":1,"name":"Hjem","item":"https:\/\/nordicchicpaint.com\/es\/"},{"@type":"ListItem","position":2,"name":"Stains"}]},{"@type":"WebSite","@id":"https:\/\/nordicchicpaint.com\/es\/#website","url":"https:\/\/nordicchicpaint.com\/es\/","name":"Nordic Chic\u00ae","description":"Chalk paint for interior and exterior use","publisher":{"@id":"https:\/\/nordicchicpaint.com\/es\/#organization"},"potentialAction":[{"@type":"SearchAction","target":{"@type":"EntryPoint","urlTemplate":"https:\/\/nordicchicpaint.com\/es\/?s={search_term_string}"},"query-input":{"@type":"PropertyValueSpecification","valueRequired":true,"valueName":"search_term_string"}}],"inLanguage":"es"},{"@type":"Organization","@id":"https:\/\/nordicchicpaint.com\/es\/#organization","name":"Nordic Chic\u00ae","url":"https:\/\/nordicchicpaint.com\/es\/","logo":{"@type":"ImageObject","inLanguage":"es","@id":"https:\/\/nordicchicpaint.com\/es\/#\/schema\/logo\/image\/","url":"https:\/\/nordicchicpaint.com\/wp-content\/uploads\/2021\/10\/logo.svg","contentUrl":"https:\/\/nordicchicpaint.com\/wp-content\/uploads\/2021\/10\/logo.svg","width":479,"height":474,"caption":"Nordic Chic\u00ae"},"image":{"@id":"https:\/\/nordicchicpaint.com\/es\/#\/schema\/logo\/image\/"}}]}},"_links":{"self":[{"href":"https:\/\/nordicchicpaint.com\/es\/wp-json\/wp\/v2\/pages\/6336"}],"collection":[{"href":"https:\/\/nordicchicpaint.com\/es\/wp-json\/wp\/v2\/pages"}],"about":[{"href":"https:\/\/nordicchicpaint.com\/es\/wp-json\/wp\/v2\/types\/page"}],"author":[{"embeddable":true,"href":"https:\/\/nordicchicpaint.com\/es\/wp-json\/wp\/v2\/users\/1"}],"replies":[{"embeddable":true,"href":"https:\/\/nordicchicpaint.com\/es\/wp-json\/wp\/v2\/comments?post=6336"}],"version-history":[{"count":3,"href":"https:\/\/nordicchicpaint.com\/es\/wp-json\/wp\/v2\/pages\/6336\/revisions"}],"predecessor-version":[{"id":6473,"href":"https:\/\/nordicchicpaint.com\/es\/wp-json\/wp\/v2\/pages\/6336\/revisions\/6473"}],"wp:featuredmedia":[{"embeddable":true,"href":"https:\/\/nordicchicpaint.com\/es\/wp-json\/wp\/v2\/media\/5742"}],"wp:attachment":[{"href":"https:\/\/nordicchicpaint.com\/es\/wp-json\/wp\/v2\/media?parent=6336"}],"wp:term":[{"taxonomy":"category","embeddable":true,"href":"https:\/\/nordicchicpaint.com\/es\/wp-json\/wp\/v2\/categories?post=6336"}],"curies":[{"name":"wp","href":"https:\/\/api.w.org\/{rel}","templated":true}]}}