{"id":6333,"date":"2022-04-13T09:04:31","date_gmt":"2022-04-13T07:04:31","guid":{"rendered":"https:\/\/nordicchicpaint.com\/primer\/"},"modified":"2025-01-27T19:28:15","modified_gmt":"2025-01-27T18:28:15","slug":"primer","status":"publish","type":"page","link":"https:\/\/nordicchicpaint.com\/es\/primer\/","title":{"rendered":"Primer"},"content":{"rendered":"<section class=\"wpb-content-wrapper\"><p>[vc_row full_width=\u00bbstretch_row\u00bb][vc_column width=\u00bb1\/6&#8243;][\/vc_column][vc_column width=\u00bb2\/3&#8243;]<div class=\"ult-spacer spacer-69f13b136c2d0\" data-id=\"69f13b136c2d0\" data-height=\"90\" data-height-mobile=\"60\" data-height-tab=\"90\" data-height-tab-portrait=\"60\" data-height-mobile-landscape=\"60\" style=\"clear:both;display:block;\"><\/div>[vc_column_text]<\/p>\n<h1 style=\"text-align: left;\">\u00bfD\u00f3nde se puede utilizar la imprimaci\u00f3n Nordic Chic?<\/h1>\n<p style=\"text-align: left;\">Si tiene muebles de madera que pueden contener muchos taninos, puede utilizar nuestra imprimaci\u00f3n para evitar que se filtren. Si se aplica dos veces, evita que se filtren en la mayor\u00eda de los casos de forma bastante segura y deber\u00eda poder sustituir a la laca de concha como imprimaci\u00f3n aislante.<\/p>\n<p style=\"text-align: left;\">Algunas ventajas de la imprimaci\u00f3n Nordic Chic sobre la laca de concha: la imprimaci\u00f3n Nordic Chic es m\u00e1s el\u00e1stica que la laca de concha y no se hincha al entrar en contacto con el agua.<\/p>\n<p style=\"text-align: left;\"><strong>La imprimaci\u00f3n Nordic Chic\u00ae<\/strong> es transparente cuando se seca<\/p>\n<p style=\"text-align: left;\"><strong>Cobertura<\/strong>: aproximadamente 70-90 mililitros por metro cuadrado. Medio litro es suficiente para 6-8 metros cuadrados, dependiendo de las propiedades de la superficie.<\/p>\n<p style=\"text-align: left;\"><strong>Color<\/strong>: Transparente<\/p>\n<p style=\"text-align: left;\"><strong>Disolvente<\/strong>: n\/a &#8211; el producto est\u00e1 listo para usar.<\/p>\n<p style=\"text-align: left;\"><strong>Tiempo de secado<\/strong>: Dependiendo de la temperatura ambiente y la humedad relativa, el producto normalmente estar\u00e1 seco al tacto despu\u00e9s de 15-30 minutos y estar\u00e1 listo para lijar despu\u00e9s de 45 minutos. La superficie puede recibir la segunda capa despu\u00e9s de aproximadamente 2 horas.<\/p>\n<p style=\"text-align: left;\"><strong>INSTRUCCIONES DE APLICACI\u00d3N<\/strong><\/p>\n<p style=\"text-align: left;\"><strong>Preparaci\u00f3n:<\/strong> La superficie debe estar seca, absorbente y libre de grasa y polvo.<\/p>\n<p style=\"text-align: left;\"><strong>Aplicaci\u00f3n:<\/strong> Aplique Nordic Chic Top Coat sin diluir en dos capas. Se recomienda un lijado suave despu\u00e9s de que se haya secado la primera capa (tama\u00f1o de grano 180 \u2013 240). Aplique Nordic Chic Top Coat en una capa fina.<\/p>\n<ul>\n<li style=\"text-align: left;\"><strong>Herramientas:<\/strong> Brocha, rodillo o un dispositivo de pulverizaci\u00f3n adecuado (p. ej., Airless o Aircoat). Aplique con moderaci\u00f3n. Utilice agua jabonosa para limpiar las herramientas.<\/li>\n<li style=\"text-align: left;\"><strong>Conservaci\u00f3n:<\/strong> Conserve los recipientes bien cerrados en un lugar fresco pero protegido de las heladas.<\/li>\n<li style=\"text-align: left;\"><strong>Ingredientes:<\/strong> Agua, pigmentos de tierra, tensioactivos, material de relleno mineral, \u00e9ster de vinagre, 0,1 % de conservante sint\u00e9tico (MIT\/BIT)<\/li>\n<li style=\"text-align: left;\"><strong>Seguridad:<\/strong> Aunque no sea venenoso, mant\u00e9ngalo fuera del alcance de los ni\u00f1os.<\/li>\n<li style=\"text-align: left;\"><strong>Eliminaci\u00f3n:<\/strong> Deje secar la pintura de esmalte no utilizada. Desh\u00e1gase de los restos de acuerdo con las normas locales vigentes. No verter en el desag\u00fce.<\/li>\n<li style=\"text-align: left;\"><strong>Directiva COV:<\/strong> Contenido de COV (g\/l): 0,01<\/li>\n<\/ul>\n<p>Contenido: 500 ml[\/vc_column_text]<div class=\"ult-spacer spacer-69f13b136c313\" data-id=\"69f13b136c313\" data-height=\"90\" data-height-mobile=\"60\" data-height-tab=\"90\" data-height-tab-portrait=\"60\" data-height-mobile-landscape=\"60\" style=\"clear:both;display:block;\"><\/div>[\/vc_column][vc_column width=\u00bb1\/6&#8243;][\/vc_column][\/vc_row]<\/p>\n<\/section>","protected":false},"excerpt":{"rendered":"<p>[vc_row full_width=\u00bbstretch_row\u00bb][vc_column width=\u00bb1\/6&#8243;][\/vc_column][vc_column width=\u00bb2\/3&#8243;][vc_column_text] \u00bfD\u00f3nde se puede utilizar la imprimaci\u00f3n Nordic Chic? Si tiene muebles de madera que pueden contener muchos taninos, puede utilizar nuestra imprimaci\u00f3n para evitar que se filtren. Si se aplica dos veces, evita que se filtren en la mayor\u00eda de los casos de forma bastante segura y deber\u00eda poder sustituir a &#8230; <a title=\"Primer\" class=\"read-more\" href=\"https:\/\/nordicchicpaint.com\/es\/primer\/\" aria-label=\"Leer m\u00e1s sobre Primer\">Leer m\u00e1s<\/a><\/p>\n","protected":false},"author":1,"featured_media":5784,"parent":0,"menu_order":0,"comment_status":"closed","ping_status":"closed","template":"","meta":{"_acf_changed":false,"footnotes":""},"categories":[],"class_list":["post-6333","page","type-page","status-publish","has-post-thumbnail"],"acf":[],"yoast_head":"<!-- This site is optimized with the Yoast SEO plugin v23.4 - https:\/\/yoast.com\/wordpress\/plugins\/seo\/ -->\n<title>Primer &#183; Nordic Chic\u00ae<\/title>\n<meta name=\"description\" content=\"Si tiene muebles de madera que pueden contener muchos taninos, puede utilizar nuestra imprimaci\u00f3n para evitar que se filtren. Si se aplica dos veces, evita que se filtren en la mayor\u00eda de los casos de forma bastante segura y deber\u00eda poder sustituir a la laca shellac como imprimaci\u00f3n aislante. Algunas ventajas de la imprimaci\u00f3n Nordic Chic sobre la laca shellac: la imprimaci\u00f3n Nordic Chic es m\u00e1s el\u00e1stica que la laca shellac y no se hincha al contacto con el agua.\" \/>\n<meta name=\"robots\" content=\"index, follow, max-snippet:-1, max-image-preview:large, max-video-preview:-1\" \/>\n<link rel=\"canonical\" href=\"https:\/\/nordicchicpaint.com\/es\/primer\/\" \/>\n<meta property=\"og:locale\" content=\"es_ES\" \/>\n<meta property=\"og:type\" content=\"article\" \/>\n<meta property=\"og:title\" content=\"Primer &#183; Nordic Chic\u00ae\" \/>\n<meta property=\"og:description\" content=\"Si tiene muebles de madera que pueden contener muchos taninos, puede utilizar nuestra imprimaci\u00f3n para evitar que se filtren. Si se aplica dos veces, evita que se filtren en la mayor\u00eda de los casos de forma bastante segura y deber\u00eda poder sustituir a la laca shellac como imprimaci\u00f3n aislante. Algunas ventajas de la imprimaci\u00f3n Nordic Chic sobre la laca shellac: la imprimaci\u00f3n Nordic Chic es m\u00e1s el\u00e1stica que la laca shellac y no se hincha al contacto con el agua.\" \/>\n<meta property=\"og:url\" content=\"https:\/\/nordicchicpaint.com\/es\/primer\/\" \/>\n<meta property=\"og:site_name\" content=\"Nordic Chic\u00ae\" \/>\n<meta property=\"article:modified_time\" content=\"2025-01-27T18:28:15+00:00\" \/>\n<meta property=\"og:image\" content=\"https:\/\/nordicchicpaint.com\/wp-content\/uploads\/2023\/06\/primer-2-e1687933505150.jpeg\" \/>\n\t<meta property=\"og:image:width\" content=\"1920\" \/>\n\t<meta property=\"og:image:height\" content=\"681\" \/>\n\t<meta property=\"og:image:type\" content=\"image\/jpeg\" \/>\n<meta name=\"twitter:card\" content=\"summary_large_image\" \/>\n<meta name=\"twitter:label1\" content=\"Tiempo de lectura\" \/>\n\t<meta name=\"twitter:data1\" content=\"2 minutos\" \/>\n<script type=\"application\/ld+json\" class=\"yoast-schema-graph\">{\"@context\":\"https:\/\/schema.org\",\"@graph\":[{\"@type\":\"WebPage\",\"@id\":\"https:\/\/nordicchicpaint.com\/es\/primer\/\",\"url\":\"https:\/\/nordicchicpaint.com\/es\/primer\/\",\"name\":\"Primer &#183; Nordic Chic\u00ae\",\"isPartOf\":{\"@id\":\"https:\/\/nordicchicpaint.com\/es\/#website\"},\"primaryImageOfPage\":{\"@id\":\"https:\/\/nordicchicpaint.com\/es\/primer\/#primaryimage\"},\"image\":{\"@id\":\"https:\/\/nordicchicpaint.com\/es\/primer\/#primaryimage\"},\"thumbnailUrl\":\"https:\/\/nordicchicpaint.com\/wp-content\/uploads\/2023\/06\/primer-2-e1687933505150.jpeg\",\"datePublished\":\"2022-04-13T07:04:31+00:00\",\"dateModified\":\"2025-01-27T18:28:15+00:00\",\"description\":\"Si tiene muebles de madera que pueden contener muchos taninos, puede utilizar nuestra imprimaci\u00f3n para evitar que se filtren. Si se aplica dos veces, evita que se filtren en la mayor\u00eda de los casos de forma bastante segura y deber\u00eda poder sustituir a la laca shellac como imprimaci\u00f3n aislante. Algunas ventajas de la imprimaci\u00f3n Nordic Chic sobre la laca shellac: la imprimaci\u00f3n Nordic Chic es m\u00e1s el\u00e1stica que la laca shellac y no se hincha al contacto con el agua.\",\"breadcrumb\":{\"@id\":\"https:\/\/nordicchicpaint.com\/es\/primer\/#breadcrumb\"},\"inLanguage\":\"es\",\"potentialAction\":[{\"@type\":\"ReadAction\",\"target\":[\"https:\/\/nordicchicpaint.com\/es\/primer\/\"]}]},{\"@type\":\"ImageObject\",\"inLanguage\":\"es\",\"@id\":\"https:\/\/nordicchicpaint.com\/es\/primer\/#primaryimage\",\"url\":\"https:\/\/nordicchicpaint.com\/wp-content\/uploads\/2023\/06\/primer-2-e1687933505150.jpeg\",\"contentUrl\":\"https:\/\/nordicchicpaint.com\/wp-content\/uploads\/2023\/06\/primer-2-e1687933505150.jpeg\",\"width\":1920,\"height\":681},{\"@type\":\"BreadcrumbList\",\"@id\":\"https:\/\/nordicchicpaint.com\/es\/primer\/#breadcrumb\",\"itemListElement\":[{\"@type\":\"ListItem\",\"position\":1,\"name\":\"Hjem\",\"item\":\"https:\/\/nordicchicpaint.com\/es\/\"},{\"@type\":\"ListItem\",\"position\":2,\"name\":\"Primer\"}]},{\"@type\":\"WebSite\",\"@id\":\"https:\/\/nordicchicpaint.com\/es\/#website\",\"url\":\"https:\/\/nordicchicpaint.com\/es\/\",\"name\":\"Nordic Chic\u00ae\",\"description\":\"Chalk paint for interior and exterior use\",\"publisher\":{\"@id\":\"https:\/\/nordicchicpaint.com\/es\/#organization\"},\"potentialAction\":[{\"@type\":\"SearchAction\",\"target\":{\"@type\":\"EntryPoint\",\"urlTemplate\":\"https:\/\/nordicchicpaint.com\/es\/?s={search_term_string}\"},\"query-input\":{\"@type\":\"PropertyValueSpecification\",\"valueRequired\":true,\"valueName\":\"search_term_string\"}}],\"inLanguage\":\"es\"},{\"@type\":\"Organization\",\"@id\":\"https:\/\/nordicchicpaint.com\/es\/#organization\",\"name\":\"Nordic Chic\u00ae\",\"url\":\"https:\/\/nordicchicpaint.com\/es\/\",\"logo\":{\"@type\":\"ImageObject\",\"inLanguage\":\"es\",\"@id\":\"https:\/\/nordicchicpaint.com\/es\/#\/schema\/logo\/image\/\",\"url\":\"https:\/\/nordicchicpaint.com\/wp-content\/uploads\/2021\/10\/logo.svg\",\"contentUrl\":\"https:\/\/nordicchicpaint.com\/wp-content\/uploads\/2021\/10\/logo.svg\",\"width\":479,\"height\":474,\"caption\":\"Nordic Chic\u00ae\"},\"image\":{\"@id\":\"https:\/\/nordicchicpaint.com\/es\/#\/schema\/logo\/image\/\"}}]}<\/script>\n<!-- \/ Yoast SEO plugin. -->","yoast_head_json":{"title":"Primer &#183; Nordic Chic\u00ae","description":"Si tiene muebles de madera que pueden contener muchos taninos, puede utilizar nuestra imprimaci\u00f3n para evitar que se filtren. Si se aplica dos veces, evita que se filtren en la mayor\u00eda de los casos de forma bastante segura y deber\u00eda poder sustituir a la laca shellac como imprimaci\u00f3n aislante. Algunas ventajas de la imprimaci\u00f3n Nordic Chic sobre la laca shellac: la imprimaci\u00f3n Nordic Chic es m\u00e1s el\u00e1stica que la laca shellac y no se hincha al contacto con el agua.","robots":{"index":"index","follow":"follow","max-snippet":"max-snippet:-1","max-image-preview":"max-image-preview:large","max-video-preview":"max-video-preview:-1"},"canonical":"https:\/\/nordicchicpaint.com\/es\/primer\/","og_locale":"es_ES","og_type":"article","og_title":"Primer &#183; Nordic Chic\u00ae","og_description":"Si tiene muebles de madera que pueden contener muchos taninos, puede utilizar nuestra imprimaci\u00f3n para evitar que se filtren. Si se aplica dos veces, evita que se filtren en la mayor\u00eda de los casos de forma bastante segura y deber\u00eda poder sustituir a la laca shellac como imprimaci\u00f3n aislante. Algunas ventajas de la imprimaci\u00f3n Nordic Chic sobre la laca shellac: la imprimaci\u00f3n Nordic Chic es m\u00e1s el\u00e1stica que la laca shellac y no se hincha al contacto con el agua.","og_url":"https:\/\/nordicchicpaint.com\/es\/primer\/","og_site_name":"Nordic Chic\u00ae","article_modified_time":"2025-01-27T18:28:15+00:00","og_image":[{"width":1920,"height":681,"url":"https:\/\/nordicchicpaint.com\/wp-content\/uploads\/2023\/06\/primer-2-e1687933505150.jpeg","type":"image\/jpeg"}],"twitter_card":"summary_large_image","twitter_misc":{"Tiempo de lectura":"2 minutos"},"schema":{"@context":"https:\/\/schema.org","@graph":[{"@type":"WebPage","@id":"https:\/\/nordicchicpaint.com\/es\/primer\/","url":"https:\/\/nordicchicpaint.com\/es\/primer\/","name":"Primer &#183; Nordic Chic\u00ae","isPartOf":{"@id":"https:\/\/nordicchicpaint.com\/es\/#website"},"primaryImageOfPage":{"@id":"https:\/\/nordicchicpaint.com\/es\/primer\/#primaryimage"},"image":{"@id":"https:\/\/nordicchicpaint.com\/es\/primer\/#primaryimage"},"thumbnailUrl":"https:\/\/nordicchicpaint.com\/wp-content\/uploads\/2023\/06\/primer-2-e1687933505150.jpeg","datePublished":"2022-04-13T07:04:31+00:00","dateModified":"2025-01-27T18:28:15+00:00","description":"Si tiene muebles de madera que pueden contener muchos taninos, puede utilizar nuestra imprimaci\u00f3n para evitar que se filtren. Si se aplica dos veces, evita que se filtren en la mayor\u00eda de los casos de forma bastante segura y deber\u00eda poder sustituir a la laca shellac como imprimaci\u00f3n aislante. Algunas ventajas de la imprimaci\u00f3n Nordic Chic sobre la laca shellac: la imprimaci\u00f3n Nordic Chic es m\u00e1s el\u00e1stica que la laca shellac y no se hincha al contacto con el agua.","breadcrumb":{"@id":"https:\/\/nordicchicpaint.com\/es\/primer\/#breadcrumb"},"inLanguage":"es","potentialAction":[{"@type":"ReadAction","target":["https:\/\/nordicchicpaint.com\/es\/primer\/"]}]},{"@type":"ImageObject","inLanguage":"es","@id":"https:\/\/nordicchicpaint.com\/es\/primer\/#primaryimage","url":"https:\/\/nordicchicpaint.com\/wp-content\/uploads\/2023\/06\/primer-2-e1687933505150.jpeg","contentUrl":"https:\/\/nordicchicpaint.com\/wp-content\/uploads\/2023\/06\/primer-2-e1687933505150.jpeg","width":1920,"height":681},{"@type":"BreadcrumbList","@id":"https:\/\/nordicchicpaint.com\/es\/primer\/#breadcrumb","itemListElement":[{"@type":"ListItem","position":1,"name":"Hjem","item":"https:\/\/nordicchicpaint.com\/es\/"},{"@type":"ListItem","position":2,"name":"Primer"}]},{"@type":"WebSite","@id":"https:\/\/nordicchicpaint.com\/es\/#website","url":"https:\/\/nordicchicpaint.com\/es\/","name":"Nordic Chic\u00ae","description":"Chalk paint for interior and exterior use","publisher":{"@id":"https:\/\/nordicchicpaint.com\/es\/#organization"},"potentialAction":[{"@type":"SearchAction","target":{"@type":"EntryPoint","urlTemplate":"https:\/\/nordicchicpaint.com\/es\/?s={search_term_string}"},"query-input":{"@type":"PropertyValueSpecification","valueRequired":true,"valueName":"search_term_string"}}],"inLanguage":"es"},{"@type":"Organization","@id":"https:\/\/nordicchicpaint.com\/es\/#organization","name":"Nordic Chic\u00ae","url":"https:\/\/nordicchicpaint.com\/es\/","logo":{"@type":"ImageObject","inLanguage":"es","@id":"https:\/\/nordicchicpaint.com\/es\/#\/schema\/logo\/image\/","url":"https:\/\/nordicchicpaint.com\/wp-content\/uploads\/2021\/10\/logo.svg","contentUrl":"https:\/\/nordicchicpaint.com\/wp-content\/uploads\/2021\/10\/logo.svg","width":479,"height":474,"caption":"Nordic Chic\u00ae"},"image":{"@id":"https:\/\/nordicchicpaint.com\/es\/#\/schema\/logo\/image\/"}}]}},"_links":{"self":[{"href":"https:\/\/nordicchicpaint.com\/es\/wp-json\/wp\/v2\/pages\/6333"}],"collection":[{"href":"https:\/\/nordicchicpaint.com\/es\/wp-json\/wp\/v2\/pages"}],"about":[{"href":"https:\/\/nordicchicpaint.com\/es\/wp-json\/wp\/v2\/types\/page"}],"author":[{"embeddable":true,"href":"https:\/\/nordicchicpaint.com\/es\/wp-json\/wp\/v2\/users\/1"}],"replies":[{"embeddable":true,"href":"https:\/\/nordicchicpaint.com\/es\/wp-json\/wp\/v2\/comments?post=6333"}],"version-history":[{"count":2,"href":"https:\/\/nordicchicpaint.com\/es\/wp-json\/wp\/v2\/pages\/6333\/revisions"}],"predecessor-version":[{"id":6335,"href":"https:\/\/nordicchicpaint.com\/es\/wp-json\/wp\/v2\/pages\/6333\/revisions\/6335"}],"wp:featuredmedia":[{"embeddable":true,"href":"https:\/\/nordicchicpaint.com\/es\/wp-json\/wp\/v2\/media\/5784"}],"wp:attachment":[{"href":"https:\/\/nordicchicpaint.com\/es\/wp-json\/wp\/v2\/media?parent=6333"}],"wp:term":[{"taxonomy":"category","embeddable":true,"href":"https:\/\/nordicchicpaint.com\/es\/wp-json\/wp\/v2\/categories?post=6333"}],"curies":[{"name":"wp","href":"https:\/\/api.w.org\/{rel}","templated":true}]}}