{"id":6330,"date":"2022-04-13T09:04:47","date_gmt":"2022-04-13T07:04:47","guid":{"rendered":"https:\/\/nordicchicpaint.com\/prep-clean\/"},"modified":"2025-01-27T19:26:39","modified_gmt":"2025-01-27T18:26:39","slug":"prep-clean","status":"publish","type":"page","link":"https:\/\/nordicchicpaint.com\/es\/prep-clean\/","title":{"rendered":"Prep &#038; Clean"},"content":{"rendered":"<section class=\"wpb-content-wrapper\"><p>[vc_row][vc_column]<div class=\"ult-spacer spacer-69e042de99597\" data-id=\"69e042de99597\" data-height=\"90\" data-height-mobile=\"60\" data-height-tab=\"90\" data-height-tab-portrait=\"60\" data-height-mobile-landscape=\"60\" style=\"clear:both;display:block;\"><\/div>[vc_column_text]<\/p>\n<h1>Nordic Chic\u00ae Prep &amp; Clean<\/h1>\n<p>es un limpiador multiusos intensivo, desengrasante y eliminador de cera de alta capacidad, listo para usar, con el poder limpiador del jab\u00f3n de aceite de madera de pino.<\/p>\n<p>Es un excelente limpiador universal para usar en cualquier lugar de la casa, pero es especialmente adecuado para dejar sus muebles bien listos para una capa de pintura Nordic\u00a0Chic\u00ae.<\/p>\n<p>Prep &amp; Clean viene en una pr\u00e1ctica botella rociadora para brindarle un poco m\u00e1s de comodidad al acondicionar sus tesoros de madera.<\/p>\n<p><strong>C\u00f3mo<\/strong>:<\/p>\n<p>Humedezca moderadamente la superficie con un pa\u00f1o h\u00famedo. Luego<br \/>\nroc\u00ede Prep &amp; Clean y deje actuar durante un par de minutos. Mientras a\u00fan est\u00e9 h\u00famedo, limpie la superficie con un pa\u00f1o limpio para quitar la suciedad y el limpiador. Repita si es necesario.<\/p>\n<p>Cuando todas las manchas hayan desaparecido, limpie la superficie por \u00faltima vez con un pa\u00f1o limpio y h\u00famedo para eliminar el limpiador por completo. Aseg\u00farese de que la superficie est\u00e9 completamente seca antes de pintarla con las pinturas para muebles Nordic Chic\u00ae.<\/p>\n<ul>\n<li><strong>Tiempo de secado<\/strong>: Dependiendo de la temperatura ambiente y la humedad relativa, el producto normalmente estar\u00e1 seco al tacto despu\u00e9s de 15 minutos. La superficie estar\u00e1 completamente seca\/lista para pintar despu\u00e9s de 2-4 horas aproximadamente.<\/li>\n<li><strong>Cobertura<\/strong>: aprox. 11-14 m\u00b2 por litro.<\/li>\n<li><strong>Limpieza<\/strong>: Limpie las herramientas inmediatamente despu\u00e9s de su uso con agua tibia y jab\u00f3n.<\/li>\n<li><strong>Almacenamiento<\/strong>: Mantenga los recipientes bien cerrados y fuera del alcance de los ni\u00f1os. Gu\u00e1rdelos en un lugar fresco y libre de heladas.<\/li>\n<li><strong>Ingredientes<\/strong>: Jab\u00f3n de aceite de madera de pino, aceites esenciales, agua.<\/li>\n<li><strong>Eliminaci\u00f3n<\/strong>: No vierta en desag\u00fces. Deje que el limpiador no utilizado se seque; luego, puede desecharlo de acuerdo con las normas locales de eliminaci\u00f3n de residuos.<\/li>\n<\/ul>\n<p>Contenido: 1 litro[\/vc_column_text]<div class=\"ult-spacer spacer-69e042de995f4\" data-id=\"69e042de995f4\" data-height=\"90\" data-height-mobile=\"60\" data-height-tab=\"90\" data-height-tab-portrait=\"60\" data-height-mobile-landscape=\"60\" style=\"clear:both;display:block;\"><\/div>[\/vc_column][\/vc_row]<\/p>\n<\/section>","protected":false},"excerpt":{"rendered":"<p>[vc_row][vc_column][vc_column_text] Nordic Chic\u00ae Prep &amp; Clean es un limpiador multiusos intensivo, desengrasante y eliminador de cera de alta capacidad, listo para usar, con el poder limpiador del jab\u00f3n de aceite de madera de pino. Es un excelente limpiador universal para usar en cualquier lugar de la casa, pero es especialmente adecuado para dejar sus muebles &#8230; <a title=\"Prep &#038; Clean\" class=\"read-more\" href=\"https:\/\/nordicchicpaint.com\/es\/prep-clean\/\" aria-label=\"Leer m\u00e1s sobre Prep &#038; Clean\">Leer m\u00e1s<\/a><\/p>\n","protected":false},"author":1,"featured_media":5721,"parent":0,"menu_order":0,"comment_status":"closed","ping_status":"closed","template":"","meta":{"_acf_changed":false,"footnotes":""},"categories":[],"class_list":["post-6330","page","type-page","status-publish","has-post-thumbnail"],"acf":[],"yoast_head":"<!-- This site is optimized with the Yoast SEO plugin v23.4 - https:\/\/yoast.com\/wordpress\/plugins\/seo\/ -->\n<title>Prep &amp; Clean &#183; Nordic Chic\u00ae<\/title>\n<meta name=\"description\" content=\"Nordic Chic\u00ae Prep &amp; Clean es un limpiador, desengrasante y removedor de cera intensivo multiusos, listo para usar y de alta capacidad, con el poder limpiador del jab\u00f3n de aceite de pino. Es un excelente limpiador universal para usar en cualquier lugar de la casa, pero es especialmente adecuado para dejar sus muebles bonitos y listos para una capa de pintura Nordic\u00a0Chic\u00ae. Prep &amp; Clean viene en una pr\u00e1ctica botella con atomizador para brindarle un poco m\u00e1s de comodidad al acondicionar sus tesoros de madera.\" \/>\n<meta name=\"robots\" content=\"index, follow, max-snippet:-1, max-image-preview:large, max-video-preview:-1\" \/>\n<link rel=\"canonical\" href=\"https:\/\/nordicchicpaint.com\/es\/prep-clean\/\" \/>\n<meta property=\"og:locale\" content=\"es_ES\" \/>\n<meta property=\"og:type\" content=\"article\" \/>\n<meta property=\"og:title\" content=\"Prep &amp; Clean &#183; Nordic Chic\u00ae\" \/>\n<meta property=\"og:description\" content=\"Nordic Chic\u00ae Prep &amp; Clean es un limpiador, desengrasante y removedor de cera intensivo multiusos, listo para usar y de alta capacidad, con el poder limpiador del jab\u00f3n de aceite de pino. Es un excelente limpiador universal para usar en cualquier lugar de la casa, pero es especialmente adecuado para dejar sus muebles bonitos y listos para una capa de pintura Nordic\u00a0Chic\u00ae. Prep &amp; Clean viene en una pr\u00e1ctica botella con atomizador para brindarle un poco m\u00e1s de comodidad al acondicionar sus tesoros de madera.\" \/>\n<meta property=\"og:url\" content=\"https:\/\/nordicchicpaint.com\/es\/prep-clean\/\" \/>\n<meta property=\"og:site_name\" content=\"Nordic Chic\u00ae\" \/>\n<meta property=\"article:modified_time\" content=\"2025-01-27T18:26:39+00:00\" \/>\n<meta property=\"og:image\" content=\"https:\/\/nordicchicpaint.com\/wp-content\/uploads\/2022\/08\/prepandclean.jpeg\" \/>\n\t<meta property=\"og:image:width\" content=\"1920\" \/>\n\t<meta property=\"og:image:height\" content=\"1080\" \/>\n\t<meta property=\"og:image:type\" content=\"image\/jpeg\" \/>\n<meta name=\"twitter:card\" content=\"summary_large_image\" \/>\n<meta name=\"twitter:label1\" content=\"Tiempo de lectura\" \/>\n\t<meta name=\"twitter:data1\" content=\"2 minutos\" \/>\n<script type=\"application\/ld+json\" class=\"yoast-schema-graph\">{\"@context\":\"https:\/\/schema.org\",\"@graph\":[{\"@type\":\"WebPage\",\"@id\":\"https:\/\/nordicchicpaint.com\/es\/prep-clean\/\",\"url\":\"https:\/\/nordicchicpaint.com\/es\/prep-clean\/\",\"name\":\"Prep & Clean &#183; Nordic Chic\u00ae\",\"isPartOf\":{\"@id\":\"https:\/\/nordicchicpaint.com\/es\/#website\"},\"primaryImageOfPage\":{\"@id\":\"https:\/\/nordicchicpaint.com\/es\/prep-clean\/#primaryimage\"},\"image\":{\"@id\":\"https:\/\/nordicchicpaint.com\/es\/prep-clean\/#primaryimage\"},\"thumbnailUrl\":\"https:\/\/nordicchicpaint.com\/wp-content\/uploads\/2022\/08\/prepandclean.jpeg\",\"datePublished\":\"2022-04-13T07:04:47+00:00\",\"dateModified\":\"2025-01-27T18:26:39+00:00\",\"description\":\"Nordic Chic\u00ae Prep & Clean es un limpiador, desengrasante y removedor de cera intensivo multiusos, listo para usar y de alta capacidad, con el poder limpiador del jab\u00f3n de aceite de pino. Es un excelente limpiador universal para usar en cualquier lugar de la casa, pero es especialmente adecuado para dejar sus muebles bonitos y listos para una capa de pintura Nordic\u00a0Chic\u00ae. Prep & Clean viene en una pr\u00e1ctica botella con atomizador para brindarle un poco m\u00e1s de comodidad al acondicionar sus tesoros de madera.\",\"breadcrumb\":{\"@id\":\"https:\/\/nordicchicpaint.com\/es\/prep-clean\/#breadcrumb\"},\"inLanguage\":\"es\",\"potentialAction\":[{\"@type\":\"ReadAction\",\"target\":[\"https:\/\/nordicchicpaint.com\/es\/prep-clean\/\"]}]},{\"@type\":\"ImageObject\",\"inLanguage\":\"es\",\"@id\":\"https:\/\/nordicchicpaint.com\/es\/prep-clean\/#primaryimage\",\"url\":\"https:\/\/nordicchicpaint.com\/wp-content\/uploads\/2022\/08\/prepandclean.jpeg\",\"contentUrl\":\"https:\/\/nordicchicpaint.com\/wp-content\/uploads\/2022\/08\/prepandclean.jpeg\",\"width\":1920,\"height\":1080},{\"@type\":\"BreadcrumbList\",\"@id\":\"https:\/\/nordicchicpaint.com\/es\/prep-clean\/#breadcrumb\",\"itemListElement\":[{\"@type\":\"ListItem\",\"position\":1,\"name\":\"Hjem\",\"item\":\"https:\/\/nordicchicpaint.com\/es\/\"},{\"@type\":\"ListItem\",\"position\":2,\"name\":\"Prep &#038; Clean\"}]},{\"@type\":\"WebSite\",\"@id\":\"https:\/\/nordicchicpaint.com\/es\/#website\",\"url\":\"https:\/\/nordicchicpaint.com\/es\/\",\"name\":\"Nordic Chic\u00ae\",\"description\":\"Chalk paint for interior and exterior use\",\"publisher\":{\"@id\":\"https:\/\/nordicchicpaint.com\/es\/#organization\"},\"potentialAction\":[{\"@type\":\"SearchAction\",\"target\":{\"@type\":\"EntryPoint\",\"urlTemplate\":\"https:\/\/nordicchicpaint.com\/es\/?s={search_term_string}\"},\"query-input\":{\"@type\":\"PropertyValueSpecification\",\"valueRequired\":true,\"valueName\":\"search_term_string\"}}],\"inLanguage\":\"es\"},{\"@type\":\"Organization\",\"@id\":\"https:\/\/nordicchicpaint.com\/es\/#organization\",\"name\":\"Nordic Chic\u00ae\",\"url\":\"https:\/\/nordicchicpaint.com\/es\/\",\"logo\":{\"@type\":\"ImageObject\",\"inLanguage\":\"es\",\"@id\":\"https:\/\/nordicchicpaint.com\/es\/#\/schema\/logo\/image\/\",\"url\":\"https:\/\/nordicchicpaint.com\/wp-content\/uploads\/2021\/10\/logo.svg\",\"contentUrl\":\"https:\/\/nordicchicpaint.com\/wp-content\/uploads\/2021\/10\/logo.svg\",\"width\":479,\"height\":474,\"caption\":\"Nordic Chic\u00ae\"},\"image\":{\"@id\":\"https:\/\/nordicchicpaint.com\/es\/#\/schema\/logo\/image\/\"}}]}<\/script>\n<!-- \/ Yoast SEO plugin. -->","yoast_head_json":{"title":"Prep & Clean &#183; Nordic Chic\u00ae","description":"Nordic Chic\u00ae Prep & Clean es un limpiador, desengrasante y removedor de cera intensivo multiusos, listo para usar y de alta capacidad, con el poder limpiador del jab\u00f3n de aceite de pino. Es un excelente limpiador universal para usar en cualquier lugar de la casa, pero es especialmente adecuado para dejar sus muebles bonitos y listos para una capa de pintura Nordic\u00a0Chic\u00ae. Prep & Clean viene en una pr\u00e1ctica botella con atomizador para brindarle un poco m\u00e1s de comodidad al acondicionar sus tesoros de madera.","robots":{"index":"index","follow":"follow","max-snippet":"max-snippet:-1","max-image-preview":"max-image-preview:large","max-video-preview":"max-video-preview:-1"},"canonical":"https:\/\/nordicchicpaint.com\/es\/prep-clean\/","og_locale":"es_ES","og_type":"article","og_title":"Prep & Clean &#183; Nordic Chic\u00ae","og_description":"Nordic Chic\u00ae Prep & Clean es un limpiador, desengrasante y removedor de cera intensivo multiusos, listo para usar y de alta capacidad, con el poder limpiador del jab\u00f3n de aceite de pino. Es un excelente limpiador universal para usar en cualquier lugar de la casa, pero es especialmente adecuado para dejar sus muebles bonitos y listos para una capa de pintura Nordic\u00a0Chic\u00ae. Prep & Clean viene en una pr\u00e1ctica botella con atomizador para brindarle un poco m\u00e1s de comodidad al acondicionar sus tesoros de madera.","og_url":"https:\/\/nordicchicpaint.com\/es\/prep-clean\/","og_site_name":"Nordic Chic\u00ae","article_modified_time":"2025-01-27T18:26:39+00:00","og_image":[{"width":1920,"height":1080,"url":"https:\/\/nordicchicpaint.com\/wp-content\/uploads\/2022\/08\/prepandclean.jpeg","type":"image\/jpeg"}],"twitter_card":"summary_large_image","twitter_misc":{"Tiempo de lectura":"2 minutos"},"schema":{"@context":"https:\/\/schema.org","@graph":[{"@type":"WebPage","@id":"https:\/\/nordicchicpaint.com\/es\/prep-clean\/","url":"https:\/\/nordicchicpaint.com\/es\/prep-clean\/","name":"Prep & Clean &#183; Nordic Chic\u00ae","isPartOf":{"@id":"https:\/\/nordicchicpaint.com\/es\/#website"},"primaryImageOfPage":{"@id":"https:\/\/nordicchicpaint.com\/es\/prep-clean\/#primaryimage"},"image":{"@id":"https:\/\/nordicchicpaint.com\/es\/prep-clean\/#primaryimage"},"thumbnailUrl":"https:\/\/nordicchicpaint.com\/wp-content\/uploads\/2022\/08\/prepandclean.jpeg","datePublished":"2022-04-13T07:04:47+00:00","dateModified":"2025-01-27T18:26:39+00:00","description":"Nordic Chic\u00ae Prep & Clean es un limpiador, desengrasante y removedor de cera intensivo multiusos, listo para usar y de alta capacidad, con el poder limpiador del jab\u00f3n de aceite de pino. Es un excelente limpiador universal para usar en cualquier lugar de la casa, pero es especialmente adecuado para dejar sus muebles bonitos y listos para una capa de pintura Nordic\u00a0Chic\u00ae. Prep & Clean viene en una pr\u00e1ctica botella con atomizador para brindarle un poco m\u00e1s de comodidad al acondicionar sus tesoros de madera.","breadcrumb":{"@id":"https:\/\/nordicchicpaint.com\/es\/prep-clean\/#breadcrumb"},"inLanguage":"es","potentialAction":[{"@type":"ReadAction","target":["https:\/\/nordicchicpaint.com\/es\/prep-clean\/"]}]},{"@type":"ImageObject","inLanguage":"es","@id":"https:\/\/nordicchicpaint.com\/es\/prep-clean\/#primaryimage","url":"https:\/\/nordicchicpaint.com\/wp-content\/uploads\/2022\/08\/prepandclean.jpeg","contentUrl":"https:\/\/nordicchicpaint.com\/wp-content\/uploads\/2022\/08\/prepandclean.jpeg","width":1920,"height":1080},{"@type":"BreadcrumbList","@id":"https:\/\/nordicchicpaint.com\/es\/prep-clean\/#breadcrumb","itemListElement":[{"@type":"ListItem","position":1,"name":"Hjem","item":"https:\/\/nordicchicpaint.com\/es\/"},{"@type":"ListItem","position":2,"name":"Prep &#038; Clean"}]},{"@type":"WebSite","@id":"https:\/\/nordicchicpaint.com\/es\/#website","url":"https:\/\/nordicchicpaint.com\/es\/","name":"Nordic Chic\u00ae","description":"Chalk paint for interior and exterior use","publisher":{"@id":"https:\/\/nordicchicpaint.com\/es\/#organization"},"potentialAction":[{"@type":"SearchAction","target":{"@type":"EntryPoint","urlTemplate":"https:\/\/nordicchicpaint.com\/es\/?s={search_term_string}"},"query-input":{"@type":"PropertyValueSpecification","valueRequired":true,"valueName":"search_term_string"}}],"inLanguage":"es"},{"@type":"Organization","@id":"https:\/\/nordicchicpaint.com\/es\/#organization","name":"Nordic Chic\u00ae","url":"https:\/\/nordicchicpaint.com\/es\/","logo":{"@type":"ImageObject","inLanguage":"es","@id":"https:\/\/nordicchicpaint.com\/es\/#\/schema\/logo\/image\/","url":"https:\/\/nordicchicpaint.com\/wp-content\/uploads\/2021\/10\/logo.svg","contentUrl":"https:\/\/nordicchicpaint.com\/wp-content\/uploads\/2021\/10\/logo.svg","width":479,"height":474,"caption":"Nordic Chic\u00ae"},"image":{"@id":"https:\/\/nordicchicpaint.com\/es\/#\/schema\/logo\/image\/"}}]}},"_links":{"self":[{"href":"https:\/\/nordicchicpaint.com\/es\/wp-json\/wp\/v2\/pages\/6330"}],"collection":[{"href":"https:\/\/nordicchicpaint.com\/es\/wp-json\/wp\/v2\/pages"}],"about":[{"href":"https:\/\/nordicchicpaint.com\/es\/wp-json\/wp\/v2\/types\/page"}],"author":[{"embeddable":true,"href":"https:\/\/nordicchicpaint.com\/es\/wp-json\/wp\/v2\/users\/1"}],"replies":[{"embeddable":true,"href":"https:\/\/nordicchicpaint.com\/es\/wp-json\/wp\/v2\/comments?post=6330"}],"version-history":[{"count":2,"href":"https:\/\/nordicchicpaint.com\/es\/wp-json\/wp\/v2\/pages\/6330\/revisions"}],"predecessor-version":[{"id":6332,"href":"https:\/\/nordicchicpaint.com\/es\/wp-json\/wp\/v2\/pages\/6330\/revisions\/6332"}],"wp:featuredmedia":[{"embeddable":true,"href":"https:\/\/nordicchicpaint.com\/es\/wp-json\/wp\/v2\/media\/5721"}],"wp:attachment":[{"href":"https:\/\/nordicchicpaint.com\/es\/wp-json\/wp\/v2\/media?parent=6330"}],"wp:term":[{"taxonomy":"category","embeddable":true,"href":"https:\/\/nordicchicpaint.com\/es\/wp-json\/wp\/v2\/categories?post=6330"}],"curies":[{"name":"wp","href":"https:\/\/api.w.org\/{rel}","templated":true}]}}