{"id":6327,"date":"2022-02-22T15:01:33","date_gmt":"2022-02-22T14:01:33","guid":{"rendered":"https:\/\/nordicchicpaint.com\/nordic-chic-topcoat\/"},"modified":"2025-03-10T10:35:54","modified_gmt":"2025-03-10T09:35:54","slug":"nordic-chic-topcoat","status":"publish","type":"page","link":"https:\/\/nordicchicpaint.com\/es\/nordic-chic-topcoat\/","title":{"rendered":"Nordic Chic Topcoat"},"content":{"rendered":"<section class=\"wpb-content-wrapper\"><p>[vc_row full_width=\u00bbstretch_row\u00bb el_class=\u00bbfarver-ops\u00e6tning\u00bb][vc_column]<div class=\"ult-spacer spacer-69f115ccdc43b\" data-id=\"69f115ccdc43b\" data-height=\"90\" data-height-mobile=\"60\" data-height-tab=\"90\" data-height-tab-portrait=\"60\" data-height-mobile-landscape=\"60\" style=\"clear:both;display:block;\"><\/div>[vc_row_inner][vc_column_inner width=\u00bb1\/6&#8243;][\/vc_column_inner][vc_column_inner width=\u00bb2\/3&#8243;][vc_column_text]<\/p>\n<h1><b>Nordic Chic\u00ae Topcoat<\/b><\/h1>\n<p>Mejore y proteja sus muebles con la capa superior Nordic Chic, una soluci\u00f3n ecol\u00f3gica de primera calidad perfecta para usar tanto en interiores como en exteriores. Esta pintura de esmalte transparente no contiene COV ni disolventes, lo que garantiza un entorno saludable y es segura para los muebles de los ni\u00f1os. La capa superior proporciona un acabado duradero y sedoso que repele el agua y requiere un mantenimiento m\u00ednimo en comparaci\u00f3n con la cera. Se seca r\u00e1pidamente, lo que permite aplicar una segunda capa en dos horas, y se puede aplicar con brocha, rodillo o pulverizador. Ideal para aficionados al bricolaje, 500 ml cubre hasta 8 metros cuadrados.<\/p>\n<p><strong>Caracter\u00edsticas principales:<\/strong><\/p>\n<ul>\n<li><strong>Respetuoso con el medio ambiente:<\/strong> Sin COV ni disolventes.<\/li>\n<li><strong>Vers\u00e1til:<\/strong> Adecuado para uso en interiores y exteriores.<\/li>\n<li><strong>Seguro para ni\u00f1os:<\/strong> Certificado para su uso en muebles infantiles.<\/li>\n<li><strong>Protecci\u00f3n duradera:<\/strong> Repelente al agua y f\u00e1cil de mantener.<\/li>\n<li><strong>Secado r\u00e1pido:<\/strong> Listo para una segunda capa despu\u00e9s de dos horas.<\/li>\n<li><strong>F\u00e1cil aplicaci\u00f3n:<\/strong> Se puede aplicar con brocha, rodillo o pulverizador.<\/li>\n<\/ul>\n<p>Transforma tus proyectos con Nordic Chic Topcoat y consigue resultados hermosos y duraderos.<\/p>\n<p>&nbsp;<\/p>\n<p><strong>INSTRUCCIONES DE APLICACI\u00d3N<\/strong><br \/>\n<strong>Preparaci\u00f3n:<\/strong> La superficie debe estar seca, absorbente y libre de grasa<br \/>\ny polvo.<br \/>\n<strong>Aplicaci\u00f3n<\/strong>: Aplicar Nordic Chic Top Coat sin diluir en dos manos.<\/p>\n<p>Se recomienda lijar ligeramente despu\u00e9s de que se haya secado la primera capa<br \/>\n(grano de 180 a 240). Aplicar Nordic Chic Top Coat en una capa fina.<br \/>\n<strong>Herramientas<\/strong>: Brocha, rodillo o un dispositivo de pulverizaci\u00f3n adecuado (p. ej., Airless o Aircoat).<br \/>\nAplicar con moderaci\u00f3n. Utilizar agua jabonosa para limpiar las herramientas.<br \/>\n<strong>Almacenamiento<\/strong>: Conservar los envases herm\u00e9ticamente cerrados en un lugar fresco pero protegido de las heladas.<br \/>\n<strong>Ingredientes<\/strong>: Agua, pigmentos de tierra, tensioactivos, material de relleno mineral,<br \/>\n\u00e9ster de vinagre, 0,1 % de conservante sint\u00e9tico (MIT\/BIT)<br \/>\n<strong>Seguridad<\/strong>: Aunque no sea venenoso, mantener fuera del alcance de los ni\u00f1os.<br \/>\n<strong>Eliminaci\u00f3n<\/strong>: Dejar secar la pintura de esmalte no utilizada. Desechar los restos<br \/>\nseg\u00fan las normas locales vigentes. No arrojar al desag\u00fce.<br \/>\n<strong>Directiva COV<\/strong>: Contenido de COV (g\/l): 0,01<\/p>\n<p style=\"text-align: left;\">Contenido: 500 ml en una botella.<\/p>\n<p>Encuentra tu distribuidor <a href=\"https:\/\/nordicchicpaint.com\/retailers-near-you\/\" target=\"_blank\" rel=\"noopener\">aqu\u00ed<\/a> o compra aqu\u00ed <a href=\"http:\/\/www.nordicchic.eu\" target=\"_blank\" rel=\"noopener\">www.nordicchic.eu<\/a>.[\/vc_column_text][\/vc_column_inner][vc_column_inner width=\u00bb1\/6&#8243;][\/vc_column_inner][\/vc_row_inner]<div class=\"ult-spacer spacer-69f115ccdc483\" data-id=\"69f115ccdc483\" data-height=\"90\" data-height-mobile=\"60\" data-height-tab=\"90\" data-height-tab-portrait=\"60\" data-height-mobile-landscape=\"60\" style=\"clear:both;display:block;\"><\/div>[\/vc_column][\/vc_row]<\/p>\n<\/section>","protected":false},"excerpt":{"rendered":"<p>[vc_row full_width=\u00bbstretch_row\u00bb el_class=\u00bbfarver-ops\u00e6tning\u00bb][vc_column][vc_row_inner][vc_column_inner width=\u00bb1\/6&#8243;][\/vc_column_inner][vc_column_inner width=\u00bb2\/3&#8243;][vc_column_text] Nordic Chic\u00ae Topcoat Mejore y proteja sus muebles con la capa superior Nordic Chic, una soluci\u00f3n ecol\u00f3gica de primera calidad perfecta para usar tanto en interiores como en exteriores. Esta pintura de esmalte transparente no contiene COV ni disolventes, lo que garantiza un entorno saludable y es segura para los &#8230; <a title=\"Nordic Chic Topcoat\" class=\"read-more\" href=\"https:\/\/nordicchicpaint.com\/es\/nordic-chic-topcoat\/\" aria-label=\"Leer m\u00e1s sobre Nordic Chic Topcoat\">Leer m\u00e1s<\/a><\/p>\n","protected":false},"author":1,"featured_media":5781,"parent":0,"menu_order":0,"comment_status":"closed","ping_status":"closed","template":"","meta":{"_acf_changed":false,"footnotes":""},"categories":[],"class_list":["post-6327","page","type-page","status-publish","has-post-thumbnail"],"acf":[],"yoast_head":"<!-- This site is optimized with the Yoast SEO plugin v23.4 - https:\/\/yoast.com\/wordpress\/plugins\/seo\/ -->\n<title>Nordic Chic Topcoat &#183; Nordic Chic\u00ae<\/title>\n<meta name=\"robots\" content=\"index, follow, max-snippet:-1, max-image-preview:large, max-video-preview:-1\" \/>\n<link rel=\"canonical\" href=\"https:\/\/nordicchicpaint.com\/es\/nordic-chic-topcoat\/\" \/>\n<meta property=\"og:locale\" content=\"es_ES\" \/>\n<meta property=\"og:type\" content=\"article\" \/>\n<meta property=\"og:title\" content=\"Nordic Chic Topcoat &#183; Nordic Chic\u00ae\" \/>\n<meta property=\"og:description\" content=\"[vc_row full_width=\u00bbstretch_row\u00bb el_class=\u00bbfarver-ops\u00e6tning\u00bb][vc_column][vc_row_inner][vc_column_inner width=\u00bb1\/6&#8243;][\/vc_column_inner][vc_column_inner width=\u00bb2\/3&#8243;][vc_column_text] Nordic Chic\u00ae Topcoat Mejore y proteja sus muebles con la capa superior Nordic Chic, una soluci\u00f3n ecol\u00f3gica de primera calidad perfecta para usar tanto en interiores como en exteriores. Esta pintura de esmalte transparente no contiene COV ni disolventes, lo que garantiza un entorno saludable y es segura para los ... Leer m\u00e1s\" \/>\n<meta property=\"og:url\" content=\"https:\/\/nordicchicpaint.com\/es\/nordic-chic-topcoat\/\" \/>\n<meta property=\"og:site_name\" content=\"Nordic Chic\u00ae\" \/>\n<meta property=\"article:modified_time\" content=\"2025-03-10T09:35:54+00:00\" \/>\n<meta property=\"og:image\" content=\"https:\/\/nordicchicpaint.com\/wp-content\/uploads\/2023\/06\/Topcoat-1-1-e1687933313386.jpeg\" \/>\n\t<meta property=\"og:image:width\" content=\"1920\" \/>\n\t<meta property=\"og:image:height\" content=\"652\" \/>\n\t<meta property=\"og:image:type\" content=\"image\/jpeg\" \/>\n<meta name=\"twitter:card\" content=\"summary_large_image\" \/>\n<meta name=\"twitter:label1\" content=\"Tiempo de lectura\" \/>\n\t<meta name=\"twitter:data1\" content=\"2 minutos\" \/>\n<script type=\"application\/ld+json\" class=\"yoast-schema-graph\">{\"@context\":\"https:\/\/schema.org\",\"@graph\":[{\"@type\":\"WebPage\",\"@id\":\"https:\/\/nordicchicpaint.com\/es\/nordic-chic-topcoat\/\",\"url\":\"https:\/\/nordicchicpaint.com\/es\/nordic-chic-topcoat\/\",\"name\":\"Nordic Chic Topcoat &#183; Nordic Chic\u00ae\",\"isPartOf\":{\"@id\":\"https:\/\/nordicchicpaint.com\/es\/#website\"},\"primaryImageOfPage\":{\"@id\":\"https:\/\/nordicchicpaint.com\/es\/nordic-chic-topcoat\/#primaryimage\"},\"image\":{\"@id\":\"https:\/\/nordicchicpaint.com\/es\/nordic-chic-topcoat\/#primaryimage\"},\"thumbnailUrl\":\"https:\/\/nordicchicpaint.com\/wp-content\/uploads\/2023\/06\/Topcoat-1-1-e1687933313386.jpeg\",\"datePublished\":\"2022-02-22T14:01:33+00:00\",\"dateModified\":\"2025-03-10T09:35:54+00:00\",\"breadcrumb\":{\"@id\":\"https:\/\/nordicchicpaint.com\/es\/nordic-chic-topcoat\/#breadcrumb\"},\"inLanguage\":\"es\",\"potentialAction\":[{\"@type\":\"ReadAction\",\"target\":[\"https:\/\/nordicchicpaint.com\/es\/nordic-chic-topcoat\/\"]}]},{\"@type\":\"ImageObject\",\"inLanguage\":\"es\",\"@id\":\"https:\/\/nordicchicpaint.com\/es\/nordic-chic-topcoat\/#primaryimage\",\"url\":\"https:\/\/nordicchicpaint.com\/wp-content\/uploads\/2023\/06\/Topcoat-1-1-e1687933313386.jpeg\",\"contentUrl\":\"https:\/\/nordicchicpaint.com\/wp-content\/uploads\/2023\/06\/Topcoat-1-1-e1687933313386.jpeg\",\"width\":1920,\"height\":652},{\"@type\":\"BreadcrumbList\",\"@id\":\"https:\/\/nordicchicpaint.com\/es\/nordic-chic-topcoat\/#breadcrumb\",\"itemListElement\":[{\"@type\":\"ListItem\",\"position\":1,\"name\":\"Hjem\",\"item\":\"https:\/\/nordicchicpaint.com\/es\/\"},{\"@type\":\"ListItem\",\"position\":2,\"name\":\"Nordic Chic Topcoat\"}]},{\"@type\":\"WebSite\",\"@id\":\"https:\/\/nordicchicpaint.com\/es\/#website\",\"url\":\"https:\/\/nordicchicpaint.com\/es\/\",\"name\":\"Nordic Chic\u00ae\",\"description\":\"Chalk paint for interior and exterior use\",\"publisher\":{\"@id\":\"https:\/\/nordicchicpaint.com\/es\/#organization\"},\"potentialAction\":[{\"@type\":\"SearchAction\",\"target\":{\"@type\":\"EntryPoint\",\"urlTemplate\":\"https:\/\/nordicchicpaint.com\/es\/?s={search_term_string}\"},\"query-input\":{\"@type\":\"PropertyValueSpecification\",\"valueRequired\":true,\"valueName\":\"search_term_string\"}}],\"inLanguage\":\"es\"},{\"@type\":\"Organization\",\"@id\":\"https:\/\/nordicchicpaint.com\/es\/#organization\",\"name\":\"Nordic Chic\u00ae\",\"url\":\"https:\/\/nordicchicpaint.com\/es\/\",\"logo\":{\"@type\":\"ImageObject\",\"inLanguage\":\"es\",\"@id\":\"https:\/\/nordicchicpaint.com\/es\/#\/schema\/logo\/image\/\",\"url\":\"https:\/\/nordicchicpaint.com\/wp-content\/uploads\/2021\/10\/logo.svg\",\"contentUrl\":\"https:\/\/nordicchicpaint.com\/wp-content\/uploads\/2021\/10\/logo.svg\",\"width\":479,\"height\":474,\"caption\":\"Nordic Chic\u00ae\"},\"image\":{\"@id\":\"https:\/\/nordicchicpaint.com\/es\/#\/schema\/logo\/image\/\"}}]}<\/script>\n<!-- \/ Yoast SEO plugin. -->","yoast_head_json":{"title":"Nordic Chic Topcoat &#183; Nordic Chic\u00ae","robots":{"index":"index","follow":"follow","max-snippet":"max-snippet:-1","max-image-preview":"max-image-preview:large","max-video-preview":"max-video-preview:-1"},"canonical":"https:\/\/nordicchicpaint.com\/es\/nordic-chic-topcoat\/","og_locale":"es_ES","og_type":"article","og_title":"Nordic Chic Topcoat &#183; Nordic Chic\u00ae","og_description":"[vc_row full_width=\u00bbstretch_row\u00bb el_class=\u00bbfarver-ops\u00e6tning\u00bb][vc_column][vc_row_inner][vc_column_inner width=\u00bb1\/6&#8243;][\/vc_column_inner][vc_column_inner width=\u00bb2\/3&#8243;][vc_column_text] Nordic Chic\u00ae Topcoat Mejore y proteja sus muebles con la capa superior Nordic Chic, una soluci\u00f3n ecol\u00f3gica de primera calidad perfecta para usar tanto en interiores como en exteriores. Esta pintura de esmalte transparente no contiene COV ni disolventes, lo que garantiza un entorno saludable y es segura para los ... Leer m\u00e1s","og_url":"https:\/\/nordicchicpaint.com\/es\/nordic-chic-topcoat\/","og_site_name":"Nordic Chic\u00ae","article_modified_time":"2025-03-10T09:35:54+00:00","og_image":[{"width":1920,"height":652,"url":"https:\/\/nordicchicpaint.com\/wp-content\/uploads\/2023\/06\/Topcoat-1-1-e1687933313386.jpeg","type":"image\/jpeg"}],"twitter_card":"summary_large_image","twitter_misc":{"Tiempo de lectura":"2 minutos"},"schema":{"@context":"https:\/\/schema.org","@graph":[{"@type":"WebPage","@id":"https:\/\/nordicchicpaint.com\/es\/nordic-chic-topcoat\/","url":"https:\/\/nordicchicpaint.com\/es\/nordic-chic-topcoat\/","name":"Nordic Chic Topcoat &#183; Nordic Chic\u00ae","isPartOf":{"@id":"https:\/\/nordicchicpaint.com\/es\/#website"},"primaryImageOfPage":{"@id":"https:\/\/nordicchicpaint.com\/es\/nordic-chic-topcoat\/#primaryimage"},"image":{"@id":"https:\/\/nordicchicpaint.com\/es\/nordic-chic-topcoat\/#primaryimage"},"thumbnailUrl":"https:\/\/nordicchicpaint.com\/wp-content\/uploads\/2023\/06\/Topcoat-1-1-e1687933313386.jpeg","datePublished":"2022-02-22T14:01:33+00:00","dateModified":"2025-03-10T09:35:54+00:00","breadcrumb":{"@id":"https:\/\/nordicchicpaint.com\/es\/nordic-chic-topcoat\/#breadcrumb"},"inLanguage":"es","potentialAction":[{"@type":"ReadAction","target":["https:\/\/nordicchicpaint.com\/es\/nordic-chic-topcoat\/"]}]},{"@type":"ImageObject","inLanguage":"es","@id":"https:\/\/nordicchicpaint.com\/es\/nordic-chic-topcoat\/#primaryimage","url":"https:\/\/nordicchicpaint.com\/wp-content\/uploads\/2023\/06\/Topcoat-1-1-e1687933313386.jpeg","contentUrl":"https:\/\/nordicchicpaint.com\/wp-content\/uploads\/2023\/06\/Topcoat-1-1-e1687933313386.jpeg","width":1920,"height":652},{"@type":"BreadcrumbList","@id":"https:\/\/nordicchicpaint.com\/es\/nordic-chic-topcoat\/#breadcrumb","itemListElement":[{"@type":"ListItem","position":1,"name":"Hjem","item":"https:\/\/nordicchicpaint.com\/es\/"},{"@type":"ListItem","position":2,"name":"Nordic Chic Topcoat"}]},{"@type":"WebSite","@id":"https:\/\/nordicchicpaint.com\/es\/#website","url":"https:\/\/nordicchicpaint.com\/es\/","name":"Nordic Chic\u00ae","description":"Chalk paint for interior and exterior use","publisher":{"@id":"https:\/\/nordicchicpaint.com\/es\/#organization"},"potentialAction":[{"@type":"SearchAction","target":{"@type":"EntryPoint","urlTemplate":"https:\/\/nordicchicpaint.com\/es\/?s={search_term_string}"},"query-input":{"@type":"PropertyValueSpecification","valueRequired":true,"valueName":"search_term_string"}}],"inLanguage":"es"},{"@type":"Organization","@id":"https:\/\/nordicchicpaint.com\/es\/#organization","name":"Nordic Chic\u00ae","url":"https:\/\/nordicchicpaint.com\/es\/","logo":{"@type":"ImageObject","inLanguage":"es","@id":"https:\/\/nordicchicpaint.com\/es\/#\/schema\/logo\/image\/","url":"https:\/\/nordicchicpaint.com\/wp-content\/uploads\/2021\/10\/logo.svg","contentUrl":"https:\/\/nordicchicpaint.com\/wp-content\/uploads\/2021\/10\/logo.svg","width":479,"height":474,"caption":"Nordic Chic\u00ae"},"image":{"@id":"https:\/\/nordicchicpaint.com\/es\/#\/schema\/logo\/image\/"}}]}},"_links":{"self":[{"href":"https:\/\/nordicchicpaint.com\/es\/wp-json\/wp\/v2\/pages\/6327"}],"collection":[{"href":"https:\/\/nordicchicpaint.com\/es\/wp-json\/wp\/v2\/pages"}],"about":[{"href":"https:\/\/nordicchicpaint.com\/es\/wp-json\/wp\/v2\/types\/page"}],"author":[{"embeddable":true,"href":"https:\/\/nordicchicpaint.com\/es\/wp-json\/wp\/v2\/users\/1"}],"replies":[{"embeddable":true,"href":"https:\/\/nordicchicpaint.com\/es\/wp-json\/wp\/v2\/comments?post=6327"}],"version-history":[{"count":2,"href":"https:\/\/nordicchicpaint.com\/es\/wp-json\/wp\/v2\/pages\/6327\/revisions"}],"predecessor-version":[{"id":6329,"href":"https:\/\/nordicchicpaint.com\/es\/wp-json\/wp\/v2\/pages\/6327\/revisions\/6329"}],"wp:featuredmedia":[{"embeddable":true,"href":"https:\/\/nordicchicpaint.com\/es\/wp-json\/wp\/v2\/media\/5781"}],"wp:attachment":[{"href":"https:\/\/nordicchicpaint.com\/es\/wp-json\/wp\/v2\/media?parent=6327"}],"wp:term":[{"taxonomy":"category","embeddable":true,"href":"https:\/\/nordicchicpaint.com\/es\/wp-json\/wp\/v2\/categories?post=6327"}],"curies":[{"name":"wp","href":"https:\/\/api.w.org\/{rel}","templated":true}]}}