{"id":6324,"date":"2022-02-22T14:57:16","date_gmt":"2022-02-22T13:57:16","guid":{"rendered":"https:\/\/nordicchicpaint.com\/cera-para-muebles-nordic-chic\/"},"modified":"2025-01-27T19:23:27","modified_gmt":"2025-01-27T18:23:27","slug":"cera-para-muebles-nordic-chic","status":"publish","type":"page","link":"https:\/\/nordicchicpaint.com\/es\/cera-para-muebles-nordic-chic\/","title":{"rendered":"Cera para muebles Nordic Chic"},"content":{"rendered":"<section class=\"wpb-content-wrapper\"><p>[vc_row full_width=\u00bbstretch_row\u00bb el_class=\u00bbfarver-ops\u00e6tning\u00bb][vc_column]<div class=\"ult-spacer spacer-69e97f5a16cd2\" data-id=\"69e97f5a16cd2\" data-height=\"90\" data-height-mobile=\"60\" data-height-tab=\"90\" data-height-tab-portrait=\"60\" data-height-mobile-landscape=\"60\" style=\"clear:both;display:block;\"><\/div>[vc_row_inner][vc_column_inner width=\u00bb1\/6&#8243;][\/vc_column_inner][vc_column_inner width=\u00bb2\/3&#8243;][vc_column_text]<\/p>\n<h3 style=\"text-align: center;\">Cera para muebles Nordic Chic<\/h3>\n<p>Transforma tus muebles con la cera para muebles Nordic Chic, dise\u00f1ada para realzar y proteger tus piezas con un acabado rico y aterciopelado. Esta cera 100 % inodora y no t\u00f3xica es perfecta para garantizar una aplicaci\u00f3n segura, incluso en muebles para ni\u00f1os. Disponible en cuatro tonos cautivadores (transparente, negro, gris y oscuro), no solo proporciona una barrera repelente al agua, sino que tambi\u00e9n agrega profundidad y car\u00e1cter a tus superficies pintadas. Ya sea que busques un acabado elegante o una p\u00e1tina vintage, esta cera te permite crear efectos asombrosos con facilidad. Con una aplicaci\u00f3n f\u00e1cil y una durabilidad duradera, esta cera es esencial para cualquier entusiasta del bricolaje que busque mejorar sus proyectos de restauraci\u00f3n de muebles.<\/p>\n<p>Descubre el poder transformador de la cera para muebles Nordic Chic.<\/p>\n<p>Encuentra tu distribuidor <a href=\"https:\/\/nordicchicpaint.com\/minoristas-cerca-de-ti\/\" target=\"_blank\" rel=\"noopener\">aqu\u00ed<\/a> o compra aqu\u00ed <a href=\"http:\/\/www.nordicchic.eu\" target=\"_blank\" rel=\"noopener\">www.nordicchic.eu<\/a>.[\/vc_column_text][\/vc_column_inner][vc_column_inner width=\u00bb1\/6&#8243;][\/vc_column_inner][\/vc_row_inner][vc_empty_space height=\u00bb60px\u00bb][vc_single_image image=\u00bb3672&#8243; img_size=\u00bbfull\u00bb alignment=\u00bbcenter\u00bb]<div class=\"ult-spacer spacer-69e97f5a16d1a\" data-id=\"69e97f5a16d1a\" data-height=\"90\" data-height-mobile=\"60\" data-height-tab=\"90\" data-height-tab-portrait=\"60\" data-height-mobile-landscape=\"60\" style=\"clear:both;display:block;\"><\/div>[\/vc_column][\/vc_row]<\/p>\n<\/section>","protected":false},"excerpt":{"rendered":"<p>[vc_row full_width=\u00bbstretch_row\u00bb el_class=\u00bbfarver-ops\u00e6tning\u00bb][vc_column][vc_row_inner][vc_column_inner width=\u00bb1\/6&#8243;][\/vc_column_inner][vc_column_inner width=\u00bb2\/3&#8243;][vc_column_text] Cera para muebles Nordic Chic Transforma tus muebles con la cera para muebles Nordic Chic, dise\u00f1ada para realzar y proteger tus piezas con un acabado rico y aterciopelado. Esta cera 100 % inodora y no t\u00f3xica es perfecta para garantizar una aplicaci\u00f3n segura, incluso en muebles para ni\u00f1os. Disponible en &#8230; <a title=\"Cera para muebles Nordic Chic\" class=\"read-more\" href=\"https:\/\/nordicchicpaint.com\/es\/cera-para-muebles-nordic-chic\/\" aria-label=\"Leer m\u00e1s sobre Cera para muebles Nordic Chic\">Leer m\u00e1s<\/a><\/p>\n","protected":false},"author":1,"featured_media":5658,"parent":0,"menu_order":0,"comment_status":"closed","ping_status":"closed","template":"","meta":{"_acf_changed":false,"footnotes":""},"categories":[],"class_list":["post-6324","page","type-page","status-publish","has-post-thumbnail"],"acf":[],"yoast_head":"<!-- This site is optimized with the Yoast SEO plugin v23.4 - https:\/\/yoast.com\/wordpress\/plugins\/seo\/ -->\n<title>Cera para muebles Nordic Chic &#183; Nordic Chic\u00ae<\/title>\n<meta name=\"description\" content=\"Cera de acabado especial para la protecci\u00f3n hidr\u00f3fuga de muebles pintados con Nordic Furniture Paint. Es 100% libre de olores y no t\u00f3xica.\" \/>\n<meta name=\"robots\" content=\"index, follow, max-snippet:-1, max-image-preview:large, max-video-preview:-1\" \/>\n<link rel=\"canonical\" href=\"https:\/\/nordicchicpaint.com\/es\/cera-para-muebles-nordic-chic\/\" \/>\n<meta property=\"og:locale\" content=\"es_ES\" \/>\n<meta property=\"og:type\" content=\"article\" \/>\n<meta property=\"og:title\" content=\"Cera para muebles Nordic Chic &#183; Nordic Chic\u00ae\" \/>\n<meta property=\"og:description\" content=\"Cera de acabado especial para la protecci\u00f3n hidr\u00f3fuga de muebles pintados con Nordic Furniture Paint. Es 100% libre de olores y no t\u00f3xica.\" \/>\n<meta property=\"og:url\" content=\"https:\/\/nordicchicpaint.com\/es\/cera-para-muebles-nordic-chic\/\" \/>\n<meta property=\"og:site_name\" content=\"Nordic Chic\u00ae\" \/>\n<meta property=\"article:modified_time\" content=\"2025-01-27T18:23:27+00:00\" \/>\n<meta property=\"og:image\" content=\"https:\/\/nordicchicpaint.com\/wp-content\/uploads\/2022\/08\/wax.jpeg\" \/>\n\t<meta property=\"og:image:width\" content=\"2000\" \/>\n\t<meta property=\"og:image:height\" content=\"805\" \/>\n\t<meta property=\"og:image:type\" content=\"image\/jpeg\" \/>\n<meta name=\"twitter:card\" content=\"summary_large_image\" \/>\n<meta name=\"twitter:label1\" content=\"Tiempo de lectura\" \/>\n\t<meta name=\"twitter:data1\" content=\"1 minuto\" \/>\n<script type=\"application\/ld+json\" class=\"yoast-schema-graph\">{\"@context\":\"https:\/\/schema.org\",\"@graph\":[{\"@type\":\"WebPage\",\"@id\":\"https:\/\/nordicchicpaint.com\/es\/cera-para-muebles-nordic-chic\/\",\"url\":\"https:\/\/nordicchicpaint.com\/es\/cera-para-muebles-nordic-chic\/\",\"name\":\"Cera para muebles Nordic Chic &#183; Nordic Chic\u00ae\",\"isPartOf\":{\"@id\":\"https:\/\/nordicchicpaint.com\/es\/#website\"},\"primaryImageOfPage\":{\"@id\":\"https:\/\/nordicchicpaint.com\/es\/cera-para-muebles-nordic-chic\/#primaryimage\"},\"image\":{\"@id\":\"https:\/\/nordicchicpaint.com\/es\/cera-para-muebles-nordic-chic\/#primaryimage\"},\"thumbnailUrl\":\"https:\/\/nordicchicpaint.com\/wp-content\/uploads\/2022\/08\/wax.jpeg\",\"datePublished\":\"2022-02-22T13:57:16+00:00\",\"dateModified\":\"2025-01-27T18:23:27+00:00\",\"description\":\"Cera de acabado especial para la protecci\u00f3n hidr\u00f3fuga de muebles pintados con Nordic Furniture Paint. Es 100% libre de olores y no t\u00f3xica.\",\"breadcrumb\":{\"@id\":\"https:\/\/nordicchicpaint.com\/es\/cera-para-muebles-nordic-chic\/#breadcrumb\"},\"inLanguage\":\"es\",\"potentialAction\":[{\"@type\":\"ReadAction\",\"target\":[\"https:\/\/nordicchicpaint.com\/es\/cera-para-muebles-nordic-chic\/\"]}]},{\"@type\":\"ImageObject\",\"inLanguage\":\"es\",\"@id\":\"https:\/\/nordicchicpaint.com\/es\/cera-para-muebles-nordic-chic\/#primaryimage\",\"url\":\"https:\/\/nordicchicpaint.com\/wp-content\/uploads\/2022\/08\/wax.jpeg\",\"contentUrl\":\"https:\/\/nordicchicpaint.com\/wp-content\/uploads\/2022\/08\/wax.jpeg\",\"width\":2000,\"height\":805},{\"@type\":\"BreadcrumbList\",\"@id\":\"https:\/\/nordicchicpaint.com\/es\/cera-para-muebles-nordic-chic\/#breadcrumb\",\"itemListElement\":[{\"@type\":\"ListItem\",\"position\":1,\"name\":\"Hjem\",\"item\":\"https:\/\/nordicchicpaint.com\/es\/\"},{\"@type\":\"ListItem\",\"position\":2,\"name\":\"Cera para muebles Nordic Chic\"}]},{\"@type\":\"WebSite\",\"@id\":\"https:\/\/nordicchicpaint.com\/es\/#website\",\"url\":\"https:\/\/nordicchicpaint.com\/es\/\",\"name\":\"Nordic Chic\u00ae\",\"description\":\"Chalk paint for interior and exterior use\",\"publisher\":{\"@id\":\"https:\/\/nordicchicpaint.com\/es\/#organization\"},\"potentialAction\":[{\"@type\":\"SearchAction\",\"target\":{\"@type\":\"EntryPoint\",\"urlTemplate\":\"https:\/\/nordicchicpaint.com\/es\/?s={search_term_string}\"},\"query-input\":{\"@type\":\"PropertyValueSpecification\",\"valueRequired\":true,\"valueName\":\"search_term_string\"}}],\"inLanguage\":\"es\"},{\"@type\":\"Organization\",\"@id\":\"https:\/\/nordicchicpaint.com\/es\/#organization\",\"name\":\"Nordic Chic\u00ae\",\"url\":\"https:\/\/nordicchicpaint.com\/es\/\",\"logo\":{\"@type\":\"ImageObject\",\"inLanguage\":\"es\",\"@id\":\"https:\/\/nordicchicpaint.com\/es\/#\/schema\/logo\/image\/\",\"url\":\"https:\/\/nordicchicpaint.com\/wp-content\/uploads\/2021\/10\/logo.svg\",\"contentUrl\":\"https:\/\/nordicchicpaint.com\/wp-content\/uploads\/2021\/10\/logo.svg\",\"width\":479,\"height\":474,\"caption\":\"Nordic Chic\u00ae\"},\"image\":{\"@id\":\"https:\/\/nordicchicpaint.com\/es\/#\/schema\/logo\/image\/\"}}]}<\/script>\n<!-- \/ Yoast SEO plugin. -->","yoast_head_json":{"title":"Cera para muebles Nordic Chic &#183; Nordic Chic\u00ae","description":"Cera de acabado especial para la protecci\u00f3n hidr\u00f3fuga de muebles pintados con Nordic Furniture Paint. Es 100% libre de olores y no t\u00f3xica.","robots":{"index":"index","follow":"follow","max-snippet":"max-snippet:-1","max-image-preview":"max-image-preview:large","max-video-preview":"max-video-preview:-1"},"canonical":"https:\/\/nordicchicpaint.com\/es\/cera-para-muebles-nordic-chic\/","og_locale":"es_ES","og_type":"article","og_title":"Cera para muebles Nordic Chic &#183; Nordic Chic\u00ae","og_description":"Cera de acabado especial para la protecci\u00f3n hidr\u00f3fuga de muebles pintados con Nordic Furniture Paint. Es 100% libre de olores y no t\u00f3xica.","og_url":"https:\/\/nordicchicpaint.com\/es\/cera-para-muebles-nordic-chic\/","og_site_name":"Nordic Chic\u00ae","article_modified_time":"2025-01-27T18:23:27+00:00","og_image":[{"width":2000,"height":805,"url":"https:\/\/nordicchicpaint.com\/wp-content\/uploads\/2022\/08\/wax.jpeg","type":"image\/jpeg"}],"twitter_card":"summary_large_image","twitter_misc":{"Tiempo de lectura":"1 minuto"},"schema":{"@context":"https:\/\/schema.org","@graph":[{"@type":"WebPage","@id":"https:\/\/nordicchicpaint.com\/es\/cera-para-muebles-nordic-chic\/","url":"https:\/\/nordicchicpaint.com\/es\/cera-para-muebles-nordic-chic\/","name":"Cera para muebles Nordic Chic &#183; Nordic Chic\u00ae","isPartOf":{"@id":"https:\/\/nordicchicpaint.com\/es\/#website"},"primaryImageOfPage":{"@id":"https:\/\/nordicchicpaint.com\/es\/cera-para-muebles-nordic-chic\/#primaryimage"},"image":{"@id":"https:\/\/nordicchicpaint.com\/es\/cera-para-muebles-nordic-chic\/#primaryimage"},"thumbnailUrl":"https:\/\/nordicchicpaint.com\/wp-content\/uploads\/2022\/08\/wax.jpeg","datePublished":"2022-02-22T13:57:16+00:00","dateModified":"2025-01-27T18:23:27+00:00","description":"Cera de acabado especial para la protecci\u00f3n hidr\u00f3fuga de muebles pintados con Nordic Furniture Paint. Es 100% libre de olores y no t\u00f3xica.","breadcrumb":{"@id":"https:\/\/nordicchicpaint.com\/es\/cera-para-muebles-nordic-chic\/#breadcrumb"},"inLanguage":"es","potentialAction":[{"@type":"ReadAction","target":["https:\/\/nordicchicpaint.com\/es\/cera-para-muebles-nordic-chic\/"]}]},{"@type":"ImageObject","inLanguage":"es","@id":"https:\/\/nordicchicpaint.com\/es\/cera-para-muebles-nordic-chic\/#primaryimage","url":"https:\/\/nordicchicpaint.com\/wp-content\/uploads\/2022\/08\/wax.jpeg","contentUrl":"https:\/\/nordicchicpaint.com\/wp-content\/uploads\/2022\/08\/wax.jpeg","width":2000,"height":805},{"@type":"BreadcrumbList","@id":"https:\/\/nordicchicpaint.com\/es\/cera-para-muebles-nordic-chic\/#breadcrumb","itemListElement":[{"@type":"ListItem","position":1,"name":"Hjem","item":"https:\/\/nordicchicpaint.com\/es\/"},{"@type":"ListItem","position":2,"name":"Cera para muebles Nordic Chic"}]},{"@type":"WebSite","@id":"https:\/\/nordicchicpaint.com\/es\/#website","url":"https:\/\/nordicchicpaint.com\/es\/","name":"Nordic Chic\u00ae","description":"Chalk paint for interior and exterior use","publisher":{"@id":"https:\/\/nordicchicpaint.com\/es\/#organization"},"potentialAction":[{"@type":"SearchAction","target":{"@type":"EntryPoint","urlTemplate":"https:\/\/nordicchicpaint.com\/es\/?s={search_term_string}"},"query-input":{"@type":"PropertyValueSpecification","valueRequired":true,"valueName":"search_term_string"}}],"inLanguage":"es"},{"@type":"Organization","@id":"https:\/\/nordicchicpaint.com\/es\/#organization","name":"Nordic Chic\u00ae","url":"https:\/\/nordicchicpaint.com\/es\/","logo":{"@type":"ImageObject","inLanguage":"es","@id":"https:\/\/nordicchicpaint.com\/es\/#\/schema\/logo\/image\/","url":"https:\/\/nordicchicpaint.com\/wp-content\/uploads\/2021\/10\/logo.svg","contentUrl":"https:\/\/nordicchicpaint.com\/wp-content\/uploads\/2021\/10\/logo.svg","width":479,"height":474,"caption":"Nordic Chic\u00ae"},"image":{"@id":"https:\/\/nordicchicpaint.com\/es\/#\/schema\/logo\/image\/"}}]}},"_links":{"self":[{"href":"https:\/\/nordicchicpaint.com\/es\/wp-json\/wp\/v2\/pages\/6324"}],"collection":[{"href":"https:\/\/nordicchicpaint.com\/es\/wp-json\/wp\/v2\/pages"}],"about":[{"href":"https:\/\/nordicchicpaint.com\/es\/wp-json\/wp\/v2\/types\/page"}],"author":[{"embeddable":true,"href":"https:\/\/nordicchicpaint.com\/es\/wp-json\/wp\/v2\/users\/1"}],"replies":[{"embeddable":true,"href":"https:\/\/nordicchicpaint.com\/es\/wp-json\/wp\/v2\/comments?post=6324"}],"version-history":[{"count":2,"href":"https:\/\/nordicchicpaint.com\/es\/wp-json\/wp\/v2\/pages\/6324\/revisions"}],"predecessor-version":[{"id":6326,"href":"https:\/\/nordicchicpaint.com\/es\/wp-json\/wp\/v2\/pages\/6324\/revisions\/6326"}],"wp:featuredmedia":[{"embeddable":true,"href":"https:\/\/nordicchicpaint.com\/es\/wp-json\/wp\/v2\/media\/5658"}],"wp:attachment":[{"href":"https:\/\/nordicchicpaint.com\/es\/wp-json\/wp\/v2\/media?parent=6324"}],"wp:term":[{"taxonomy":"category","embeddable":true,"href":"https:\/\/nordicchicpaint.com\/es\/wp-json\/wp\/v2\/categories?post=6324"}],"curies":[{"name":"wp","href":"https:\/\/api.w.org\/{rel}","templated":true}]}}