{"id":6321,"date":"2022-05-25T15:24:59","date_gmt":"2022-05-25T13:24:59","guid":{"rendered":"https:\/\/nordicchicpaint.com\/medios-de-pintura\/crackle\/"},"modified":"2025-03-10T10:37:33","modified_gmt":"2025-03-10T09:37:33","slug":"crackle","status":"publish","type":"page","link":"https:\/\/nordicchicpaint.com\/es\/medios-de-pintura\/crackle\/","title":{"rendered":"Crackle"},"content":{"rendered":"<section class=\"wpb-content-wrapper\"><p>[vc_row full_width=\u00bbstretch_row\u00bb][vc_column]<div class=\"ult-spacer spacer-69f11574a94f9\" data-id=\"69f11574a94f9\" data-height=\"90\" data-height-mobile=\"60\" data-height-tab=\"90\" data-height-tab-portrait=\"60\" data-height-mobile-landscape=\"60\" style=\"clear:both;display:block;\"><\/div>[vc_row_inner][vc_column_inner width=\u00bb1\/6&#8243;][\/vc_column_inner][vc_column_inner width=\u00bb2\/3&#8243;][vc_column_text]<\/p>\n<h1 style=\"text-align: left;\">Medio para craquelado<\/h1>\n<p style=\"text-align: left;\">El craquelado es un medio espeso que permite que las pinturas o yesos a base de agua creen efectos craquelados \u00abgruesos\u00bb y desconchados.<\/p>\n<p style=\"text-align: left;\">El craquelado reproduce el aspecto sofisticado, envejecido y antiguo de la pintura y\/o yeso desgastados. Seg\u00fan c\u00f3mo lo apliques, el craquelado se ver\u00e1 en diferentes formas. P\u00edntalo para hacer grietas finas o agr\u00e9galo en trazos largos y las grietas se estirar\u00e1n.<\/p>\n<p style=\"text-align: left;\">Experimenta con diferentes formas para obtener diferentes resultados. Crackle es un producto ecol\u00f3gico, f\u00e1cil de usar y sin sustancias nocivas.<\/p>\n<p style=\"text-align: left;\">400 ml en un envase con tapa de rosca f\u00e1cil de abrir.<\/p>\n<p style=\"text-align: left;\">Encuentra tu distribuidor <a href=\"https:\/\/nordicchicpaint.com\/retailers-near-you\/\" target=\"_blank\" rel=\"noopener\">aqu\u00ed<\/a> o c\u00f3mpralo aqu\u00ed <a href=\"http:\/\/www.nordicchic.eu\" target=\"_blank\" rel=\"noopener\">www.nordicchic.eu<\/a>.<\/p>\n<p>[\/vc_column_text][\/vc_column_inner][vc_column_inner width=\u00bb1\/6&#8243;][\/vc_column_inner][\/vc_row_inner]<div class=\"ult-spacer spacer-69f11574a953c\" data-id=\"69f11574a953c\" data-height=\"90\" data-height-mobile=\"60\" data-height-tab=\"90\" data-height-tab-portrait=\"60\" data-height-mobile-landscape=\"60\" style=\"clear:both;display:block;\"><\/div>[vc_media_grid element_width=\u00bb6&#8243; grid_id=\u00bbvc_gid:1666690754096-661311cc-d400-6&#8243; include=\u00bb3941,3940&#8243;]<div class=\"ult-spacer spacer-69f11574a9565\" data-id=\"69f11574a9565\" data-height=\"90\" data-height-mobile=\"60\" data-height-tab=\"90\" data-height-tab-portrait=\"60\" data-height-mobile-landscape=\"60\" style=\"clear:both;display:block;\"><\/div>[\/vc_column][\/vc_row]<\/p>\n<\/section>","protected":false},"excerpt":{"rendered":"<p>[vc_row full_width=\u00bbstretch_row\u00bb][vc_column][vc_row_inner][vc_column_inner width=\u00bb1\/6&#8243;][\/vc_column_inner][vc_column_inner width=\u00bb2\/3&#8243;][vc_column_text] Medio para craquelado El craquelado es un medio espeso que permite que las pinturas o yesos a base de agua creen efectos craquelados \u00abgruesos\u00bb y desconchados. El craquelado reproduce el aspecto sofisticado, envejecido y antiguo de la pintura y\/o yeso desgastados. Seg\u00fan c\u00f3mo lo apliques, el craquelado se ver\u00e1 en diferentes &#8230; <a title=\"Crackle\" class=\"read-more\" href=\"https:\/\/nordicchicpaint.com\/es\/medios-de-pintura\/crackle\/\" aria-label=\"Leer m\u00e1s sobre Crackle\">Leer m\u00e1s<\/a><\/p>\n","protected":false},"author":1,"featured_media":5775,"parent":6309,"menu_order":18,"comment_status":"closed","ping_status":"closed","template":"","meta":{"_acf_changed":false,"footnotes":""},"categories":[],"class_list":["post-6321","page","type-page","status-publish","has-post-thumbnail"],"acf":[],"yoast_head":"<!-- This site is optimized with the Yoast SEO plugin v23.4 - https:\/\/yoast.com\/wordpress\/plugins\/seo\/ -->\n<title>Crackle &#183; Nordic Chic\u00ae<\/title>\n<meta name=\"robots\" content=\"index, follow, max-snippet:-1, max-image-preview:large, max-video-preview:-1\" \/>\n<link rel=\"canonical\" href=\"https:\/\/nordicchicpaint.com\/es\/medios-de-pintura\/crackle\/\" \/>\n<meta property=\"og:locale\" content=\"es_ES\" \/>\n<meta property=\"og:type\" content=\"article\" \/>\n<meta property=\"og:title\" content=\"Crackle &#183; Nordic Chic\u00ae\" \/>\n<meta property=\"og:description\" content=\"[vc_row full_width=\u00bbstretch_row\u00bb][vc_column][vc_row_inner][vc_column_inner width=\u00bb1\/6&#8243;][\/vc_column_inner][vc_column_inner width=\u00bb2\/3&#8243;][vc_column_text] Medio para craquelado El craquelado es un medio espeso que permite que las pinturas o yesos a base de agua creen efectos craquelados \u00abgruesos\u00bb y desconchados. El craquelado reproduce el aspecto sofisticado, envejecido y antiguo de la pintura y\/o yeso desgastados. Seg\u00fan c\u00f3mo lo apliques, el craquelado se ver\u00e1 en diferentes ... Leer m\u00e1s\" \/>\n<meta property=\"og:url\" content=\"https:\/\/nordicchicpaint.com\/es\/medios-de-pintura\/crackle\/\" \/>\n<meta property=\"og:site_name\" content=\"Nordic Chic\u00ae\" \/>\n<meta property=\"article:modified_time\" content=\"2025-03-10T09:37:33+00:00\" \/>\n<meta property=\"og:image\" content=\"https:\/\/nordicchicpaint.com\/wp-content\/uploads\/2023\/06\/crackle-1-1-e1687933144439.jpeg\" \/>\n\t<meta property=\"og:image:width\" content=\"1920\" \/>\n\t<meta property=\"og:image:height\" content=\"585\" \/>\n\t<meta property=\"og:image:type\" content=\"image\/jpeg\" \/>\n<meta name=\"twitter:card\" content=\"summary_large_image\" \/>\n<meta name=\"twitter:label1\" content=\"Tiempo de lectura\" \/>\n\t<meta name=\"twitter:data1\" content=\"1 minuto\" \/>\n<script type=\"application\/ld+json\" class=\"yoast-schema-graph\">{\"@context\":\"https:\/\/schema.org\",\"@graph\":[{\"@type\":\"WebPage\",\"@id\":\"https:\/\/nordicchicpaint.com\/es\/medios-de-pintura\/crackle\/\",\"url\":\"https:\/\/nordicchicpaint.com\/es\/medios-de-pintura\/crackle\/\",\"name\":\"Crackle &#183; Nordic Chic\u00ae\",\"isPartOf\":{\"@id\":\"https:\/\/nordicchicpaint.com\/es\/#website\"},\"primaryImageOfPage\":{\"@id\":\"https:\/\/nordicchicpaint.com\/es\/medios-de-pintura\/crackle\/#primaryimage\"},\"image\":{\"@id\":\"https:\/\/nordicchicpaint.com\/es\/medios-de-pintura\/crackle\/#primaryimage\"},\"thumbnailUrl\":\"https:\/\/nordicchicpaint.com\/wp-content\/uploads\/2023\/06\/crackle-1-1-e1687933144439.jpeg\",\"datePublished\":\"2022-05-25T13:24:59+00:00\",\"dateModified\":\"2025-03-10T09:37:33+00:00\",\"breadcrumb\":{\"@id\":\"https:\/\/nordicchicpaint.com\/es\/medios-de-pintura\/crackle\/#breadcrumb\"},\"inLanguage\":\"es\",\"potentialAction\":[{\"@type\":\"ReadAction\",\"target\":[\"https:\/\/nordicchicpaint.com\/es\/medios-de-pintura\/crackle\/\"]}]},{\"@type\":\"ImageObject\",\"inLanguage\":\"es\",\"@id\":\"https:\/\/nordicchicpaint.com\/es\/medios-de-pintura\/crackle\/#primaryimage\",\"url\":\"https:\/\/nordicchicpaint.com\/wp-content\/uploads\/2023\/06\/crackle-1-1-e1687933144439.jpeg\",\"contentUrl\":\"https:\/\/nordicchicpaint.com\/wp-content\/uploads\/2023\/06\/crackle-1-1-e1687933144439.jpeg\",\"width\":1920,\"height\":585},{\"@type\":\"BreadcrumbList\",\"@id\":\"https:\/\/nordicchicpaint.com\/es\/medios-de-pintura\/crackle\/#breadcrumb\",\"itemListElement\":[{\"@type\":\"ListItem\",\"position\":1,\"name\":\"Hjem\",\"item\":\"https:\/\/nordicchicpaint.com\/es\/\"},{\"@type\":\"ListItem\",\"position\":2,\"name\":\"medios de pintura\",\"item\":\"https:\/\/nordicchicpaint.com\/es\/medios-de-pintura\/\"},{\"@type\":\"ListItem\",\"position\":3,\"name\":\"Crackle\"}]},{\"@type\":\"WebSite\",\"@id\":\"https:\/\/nordicchicpaint.com\/es\/#website\",\"url\":\"https:\/\/nordicchicpaint.com\/es\/\",\"name\":\"Nordic Chic\u00ae\",\"description\":\"Chalk paint for interior and exterior use\",\"publisher\":{\"@id\":\"https:\/\/nordicchicpaint.com\/es\/#organization\"},\"potentialAction\":[{\"@type\":\"SearchAction\",\"target\":{\"@type\":\"EntryPoint\",\"urlTemplate\":\"https:\/\/nordicchicpaint.com\/es\/?s={search_term_string}\"},\"query-input\":{\"@type\":\"PropertyValueSpecification\",\"valueRequired\":true,\"valueName\":\"search_term_string\"}}],\"inLanguage\":\"es\"},{\"@type\":\"Organization\",\"@id\":\"https:\/\/nordicchicpaint.com\/es\/#organization\",\"name\":\"Nordic Chic\u00ae\",\"url\":\"https:\/\/nordicchicpaint.com\/es\/\",\"logo\":{\"@type\":\"ImageObject\",\"inLanguage\":\"es\",\"@id\":\"https:\/\/nordicchicpaint.com\/es\/#\/schema\/logo\/image\/\",\"url\":\"https:\/\/nordicchicpaint.com\/wp-content\/uploads\/2021\/10\/logo.svg\",\"contentUrl\":\"https:\/\/nordicchicpaint.com\/wp-content\/uploads\/2021\/10\/logo.svg\",\"width\":479,\"height\":474,\"caption\":\"Nordic Chic\u00ae\"},\"image\":{\"@id\":\"https:\/\/nordicchicpaint.com\/es\/#\/schema\/logo\/image\/\"}}]}<\/script>\n<!-- \/ Yoast SEO plugin. -->","yoast_head_json":{"title":"Crackle &#183; Nordic Chic\u00ae","robots":{"index":"index","follow":"follow","max-snippet":"max-snippet:-1","max-image-preview":"max-image-preview:large","max-video-preview":"max-video-preview:-1"},"canonical":"https:\/\/nordicchicpaint.com\/es\/medios-de-pintura\/crackle\/","og_locale":"es_ES","og_type":"article","og_title":"Crackle &#183; Nordic Chic\u00ae","og_description":"[vc_row full_width=\u00bbstretch_row\u00bb][vc_column][vc_row_inner][vc_column_inner width=\u00bb1\/6&#8243;][\/vc_column_inner][vc_column_inner width=\u00bb2\/3&#8243;][vc_column_text] Medio para craquelado El craquelado es un medio espeso que permite que las pinturas o yesos a base de agua creen efectos craquelados \u00abgruesos\u00bb y desconchados. El craquelado reproduce el aspecto sofisticado, envejecido y antiguo de la pintura y\/o yeso desgastados. Seg\u00fan c\u00f3mo lo apliques, el craquelado se ver\u00e1 en diferentes ... Leer m\u00e1s","og_url":"https:\/\/nordicchicpaint.com\/es\/medios-de-pintura\/crackle\/","og_site_name":"Nordic Chic\u00ae","article_modified_time":"2025-03-10T09:37:33+00:00","og_image":[{"width":1920,"height":585,"url":"https:\/\/nordicchicpaint.com\/wp-content\/uploads\/2023\/06\/crackle-1-1-e1687933144439.jpeg","type":"image\/jpeg"}],"twitter_card":"summary_large_image","twitter_misc":{"Tiempo de lectura":"1 minuto"},"schema":{"@context":"https:\/\/schema.org","@graph":[{"@type":"WebPage","@id":"https:\/\/nordicchicpaint.com\/es\/medios-de-pintura\/crackle\/","url":"https:\/\/nordicchicpaint.com\/es\/medios-de-pintura\/crackle\/","name":"Crackle &#183; Nordic Chic\u00ae","isPartOf":{"@id":"https:\/\/nordicchicpaint.com\/es\/#website"},"primaryImageOfPage":{"@id":"https:\/\/nordicchicpaint.com\/es\/medios-de-pintura\/crackle\/#primaryimage"},"image":{"@id":"https:\/\/nordicchicpaint.com\/es\/medios-de-pintura\/crackle\/#primaryimage"},"thumbnailUrl":"https:\/\/nordicchicpaint.com\/wp-content\/uploads\/2023\/06\/crackle-1-1-e1687933144439.jpeg","datePublished":"2022-05-25T13:24:59+00:00","dateModified":"2025-03-10T09:37:33+00:00","breadcrumb":{"@id":"https:\/\/nordicchicpaint.com\/es\/medios-de-pintura\/crackle\/#breadcrumb"},"inLanguage":"es","potentialAction":[{"@type":"ReadAction","target":["https:\/\/nordicchicpaint.com\/es\/medios-de-pintura\/crackle\/"]}]},{"@type":"ImageObject","inLanguage":"es","@id":"https:\/\/nordicchicpaint.com\/es\/medios-de-pintura\/crackle\/#primaryimage","url":"https:\/\/nordicchicpaint.com\/wp-content\/uploads\/2023\/06\/crackle-1-1-e1687933144439.jpeg","contentUrl":"https:\/\/nordicchicpaint.com\/wp-content\/uploads\/2023\/06\/crackle-1-1-e1687933144439.jpeg","width":1920,"height":585},{"@type":"BreadcrumbList","@id":"https:\/\/nordicchicpaint.com\/es\/medios-de-pintura\/crackle\/#breadcrumb","itemListElement":[{"@type":"ListItem","position":1,"name":"Hjem","item":"https:\/\/nordicchicpaint.com\/es\/"},{"@type":"ListItem","position":2,"name":"medios de pintura","item":"https:\/\/nordicchicpaint.com\/es\/medios-de-pintura\/"},{"@type":"ListItem","position":3,"name":"Crackle"}]},{"@type":"WebSite","@id":"https:\/\/nordicchicpaint.com\/es\/#website","url":"https:\/\/nordicchicpaint.com\/es\/","name":"Nordic Chic\u00ae","description":"Chalk paint for interior and exterior use","publisher":{"@id":"https:\/\/nordicchicpaint.com\/es\/#organization"},"potentialAction":[{"@type":"SearchAction","target":{"@type":"EntryPoint","urlTemplate":"https:\/\/nordicchicpaint.com\/es\/?s={search_term_string}"},"query-input":{"@type":"PropertyValueSpecification","valueRequired":true,"valueName":"search_term_string"}}],"inLanguage":"es"},{"@type":"Organization","@id":"https:\/\/nordicchicpaint.com\/es\/#organization","name":"Nordic Chic\u00ae","url":"https:\/\/nordicchicpaint.com\/es\/","logo":{"@type":"ImageObject","inLanguage":"es","@id":"https:\/\/nordicchicpaint.com\/es\/#\/schema\/logo\/image\/","url":"https:\/\/nordicchicpaint.com\/wp-content\/uploads\/2021\/10\/logo.svg","contentUrl":"https:\/\/nordicchicpaint.com\/wp-content\/uploads\/2021\/10\/logo.svg","width":479,"height":474,"caption":"Nordic Chic\u00ae"},"image":{"@id":"https:\/\/nordicchicpaint.com\/es\/#\/schema\/logo\/image\/"}}]}},"_links":{"self":[{"href":"https:\/\/nordicchicpaint.com\/es\/wp-json\/wp\/v2\/pages\/6321"}],"collection":[{"href":"https:\/\/nordicchicpaint.com\/es\/wp-json\/wp\/v2\/pages"}],"about":[{"href":"https:\/\/nordicchicpaint.com\/es\/wp-json\/wp\/v2\/types\/page"}],"author":[{"embeddable":true,"href":"https:\/\/nordicchicpaint.com\/es\/wp-json\/wp\/v2\/users\/1"}],"replies":[{"embeddable":true,"href":"https:\/\/nordicchicpaint.com\/es\/wp-json\/wp\/v2\/comments?post=6321"}],"version-history":[{"count":2,"href":"https:\/\/nordicchicpaint.com\/es\/wp-json\/wp\/v2\/pages\/6321\/revisions"}],"predecessor-version":[{"id":6323,"href":"https:\/\/nordicchicpaint.com\/es\/wp-json\/wp\/v2\/pages\/6321\/revisions\/6323"}],"up":[{"embeddable":true,"href":"https:\/\/nordicchicpaint.com\/es\/wp-json\/wp\/v2\/pages\/6309"}],"wp:featuredmedia":[{"embeddable":true,"href":"https:\/\/nordicchicpaint.com\/es\/wp-json\/wp\/v2\/media\/5775"}],"wp:attachment":[{"href":"https:\/\/nordicchicpaint.com\/es\/wp-json\/wp\/v2\/media?parent=6321"}],"wp:term":[{"taxonomy":"category","embeddable":true,"href":"https:\/\/nordicchicpaint.com\/es\/wp-json\/wp\/v2\/categories?post=6321"}],"curies":[{"name":"wp","href":"https:\/\/api.w.org\/{rel}","templated":true}]}}