{"id":6318,"date":"2022-05-25T15:24:59","date_gmt":"2022-05-25T13:24:59","guid":{"rendered":"https:\/\/nordicchicpaint.com\/medios-de-pintura\/fairydust\/"},"modified":"2025-03-10T10:36:47","modified_gmt":"2025-03-10T09:36:47","slug":"fairydust","status":"publish","type":"page","link":"https:\/\/nordicchicpaint.com\/es\/medios-de-pintura\/fairydust\/","title":{"rendered":"Fairydust"},"content":{"rendered":"<section class=\"wpb-content-wrapper\"><p>[vc_row full_width=\u00bbstretch_row\u00bb el_class=\u00bbfarver-ops\u00e6tning\u00bb][vc_column]<div class=\"ult-spacer spacer-69e947b77f896\" data-id=\"69e947b77f896\" data-height=\"90\" data-height-mobile=\"60\" data-height-tab=\"90\" data-height-tab-portrait=\"60\" data-height-mobile-landscape=\"60\" style=\"clear:both;display:block;\"><\/div>[vc_row_inner][vc_column_inner width=\u00bb1\/6&#8243;][\/vc_column_inner][vc_column_inner width=\u00bb2\/3&#8243;][vc_column_text]<\/p>\n<h1 style=\"text-align: left;\">Colores de Fairydust<\/h1>\n<p style=\"text-align: left;\">El Fairydust de Nordic Chic\u00ae es un polvo mineral que se puede utilizar para proyectos de dorado.<\/p>\n<p style=\"text-align: left;\">Puedes a\u00f1adirlo a tu cera transparente y hacer tu propia cera dorada o puedes a\u00f1adirlo a tu capa superior y hacer una laca met\u00e1lica para madera, pl\u00e1stico, metal, etc.<\/p>\n<p style=\"text-align: left;\">Tambi\u00e9n puedes a\u00f1adir el polvo a tu proyecto tal como est\u00e1 y sellarlo despu\u00e9s.<\/p>\n<p>El Fairydust tambi\u00e9n se puede utilizar en jabones si est\u00e1s haciendo tus propios jabones o bombas de ba\u00f1o.<\/p>\n<p style=\"text-align: left;\">Es seguro de usar ya que est\u00e1 certificado para su uso en maquillaje. Recomendamos utilizar una mascarilla antipolvo cuando lo utilices, ya que son part\u00edculas muy peque\u00f1as que se encuentran en el aire.<\/p>\n<p style=\"text-align: left;\">Contenido 50 gr.<\/p>\n<p style=\"text-align: left;\">Encuentra tu distribuidor <a href=\"https:\/\/nordicchicpaint.com\/retailers-near-you\/\" target=\"_blank\" rel=\"noopener\">aqu\u00ed<\/a> o c\u00f3mpralo aqu\u00ed <a href=\"http:\/\/www.nordicchic.eu\" target=\"_blank\" rel=\"noopener\">www.nordicchic.eu<\/a>.<\/p>\n<p>[\/vc_column_text][\/vc_column_inner][vc_column_inner width=\u00bb1\/6&#8243;][\/vc_column_inner][\/vc_row_inner][vc_empty_space height=\u00bb60px\u00bb][vc_media_grid element_width=\u00bb3&#8243; gap=\u00bb20&#8243; grid_id=\u00bbvc_gid:1666690598181-0e381783-4619-4&#8243; include=\u00bb3694,3695,3696,3697,3698,3699,3700&#8243;]<div class=\"ult-spacer spacer-69e947b77f8e8\" data-id=\"69e947b77f8e8\" data-height=\"90\" data-height-mobile=\"60\" data-height-tab=\"90\" data-height-tab-portrait=\"60\" data-height-mobile-landscape=\"60\" style=\"clear:both;display:block;\"><\/div>[\/vc_column][\/vc_row]<\/p>\n<\/section>","protected":false},"excerpt":{"rendered":"<p>[vc_row full_width=\u00bbstretch_row\u00bb el_class=\u00bbfarver-ops\u00e6tning\u00bb][vc_column][vc_row_inner][vc_column_inner width=\u00bb1\/6&#8243;][\/vc_column_inner][vc_column_inner width=\u00bb2\/3&#8243;][vc_column_text] Colores de Fairydust El Fairydust de Nordic Chic\u00ae es un polvo mineral que se puede utilizar para proyectos de dorado. Puedes a\u00f1adirlo a tu cera transparente y hacer tu propia cera dorada o puedes a\u00f1adirlo a tu capa superior y hacer una laca met\u00e1lica para madera, pl\u00e1stico, metal, etc. Tambi\u00e9n &#8230; <a title=\"Fairydust\" class=\"read-more\" href=\"https:\/\/nordicchicpaint.com\/es\/medios-de-pintura\/fairydust\/\" aria-label=\"Leer m\u00e1s sobre Fairydust\">Leer m\u00e1s<\/a><\/p>\n","protected":false},"author":1,"featured_media":5778,"parent":6309,"menu_order":17,"comment_status":"closed","ping_status":"closed","template":"","meta":{"_acf_changed":false,"footnotes":""},"categories":[],"class_list":["post-6318","page","type-page","status-publish","has-post-thumbnail"],"acf":[],"yoast_head":"<!-- This site is optimized with the Yoast SEO plugin v23.4 - https:\/\/yoast.com\/wordpress\/plugins\/seo\/ -->\n<title>Fairydust &#183; Nordic Chic\u00ae<\/title>\n<meta name=\"description\" content=\"Nordic Chic\u00ae Fairydust es un polvo mineral que se puede utilizar para proyectos de dorado. Puedes a\u00f1adirlo a tu cera transparente y hacer tu propia cera dorada o puedes a\u00f1adirlo a tu capa superior y hacer una laca met\u00e1lica para madera, pl\u00e1stico, metal, etc. Tambi\u00e9n puedes a\u00f1adir el polvo a tu proyecto tal cual y sellarlo despu\u00e9s. Fairydust tambi\u00e9n se puede utilizar en jabones si est\u00e1s haciendo tus propios jabones o bombas de ba\u00f1o.\" \/>\n<meta name=\"robots\" content=\"index, follow, max-snippet:-1, max-image-preview:large, max-video-preview:-1\" \/>\n<link rel=\"canonical\" href=\"https:\/\/nordicchicpaint.com\/es\/medios-de-pintura\/fairydust\/\" \/>\n<meta property=\"og:locale\" content=\"es_ES\" \/>\n<meta property=\"og:type\" content=\"article\" \/>\n<meta property=\"og:title\" content=\"Fairydust &#183; Nordic Chic\u00ae\" \/>\n<meta property=\"og:description\" content=\"Nordic Chic\u00ae Fairydust es un polvo mineral que se puede utilizar para proyectos de dorado. Puedes a\u00f1adirlo a tu cera transparente y hacer tu propia cera dorada o puedes a\u00f1adirlo a tu capa superior y hacer una laca met\u00e1lica para madera, pl\u00e1stico, metal, etc. Tambi\u00e9n puedes a\u00f1adir el polvo a tu proyecto tal cual y sellarlo despu\u00e9s. Fairydust tambi\u00e9n se puede utilizar en jabones si est\u00e1s haciendo tus propios jabones o bombas de ba\u00f1o.\" \/>\n<meta property=\"og:url\" content=\"https:\/\/nordicchicpaint.com\/es\/medios-de-pintura\/fairydust\/\" \/>\n<meta property=\"og:site_name\" content=\"Nordic Chic\u00ae\" \/>\n<meta property=\"article:modified_time\" content=\"2025-03-10T09:36:47+00:00\" \/>\n<meta property=\"og:image\" content=\"https:\/\/nordicchicpaint.com\/wp-content\/uploads\/2023\/06\/fairydust-1-e1687933209773.jpeg\" \/>\n\t<meta property=\"og:image:width\" content=\"1920\" \/>\n\t<meta property=\"og:image:height\" content=\"763\" \/>\n\t<meta property=\"og:image:type\" content=\"image\/jpeg\" \/>\n<meta name=\"twitter:card\" content=\"summary_large_image\" \/>\n<meta name=\"twitter:label1\" content=\"Tiempo de lectura\" \/>\n\t<meta name=\"twitter:data1\" content=\"1 minuto\" \/>\n<script type=\"application\/ld+json\" class=\"yoast-schema-graph\">{\"@context\":\"https:\/\/schema.org\",\"@graph\":[{\"@type\":\"WebPage\",\"@id\":\"https:\/\/nordicchicpaint.com\/es\/medios-de-pintura\/fairydust\/\",\"url\":\"https:\/\/nordicchicpaint.com\/es\/medios-de-pintura\/fairydust\/\",\"name\":\"Fairydust &#183; Nordic Chic\u00ae\",\"isPartOf\":{\"@id\":\"https:\/\/nordicchicpaint.com\/es\/#website\"},\"primaryImageOfPage\":{\"@id\":\"https:\/\/nordicchicpaint.com\/es\/medios-de-pintura\/fairydust\/#primaryimage\"},\"image\":{\"@id\":\"https:\/\/nordicchicpaint.com\/es\/medios-de-pintura\/fairydust\/#primaryimage\"},\"thumbnailUrl\":\"https:\/\/nordicchicpaint.com\/wp-content\/uploads\/2023\/06\/fairydust-1-e1687933209773.jpeg\",\"datePublished\":\"2022-05-25T13:24:59+00:00\",\"dateModified\":\"2025-03-10T09:36:47+00:00\",\"description\":\"Nordic Chic\u00ae Fairydust es un polvo mineral que se puede utilizar para proyectos de dorado. Puedes a\u00f1adirlo a tu cera transparente y hacer tu propia cera dorada o puedes a\u00f1adirlo a tu capa superior y hacer una laca met\u00e1lica para madera, pl\u00e1stico, metal, etc. Tambi\u00e9n puedes a\u00f1adir el polvo a tu proyecto tal cual y sellarlo despu\u00e9s. Fairydust tambi\u00e9n se puede utilizar en jabones si est\u00e1s haciendo tus propios jabones o bombas de ba\u00f1o.\",\"breadcrumb\":{\"@id\":\"https:\/\/nordicchicpaint.com\/es\/medios-de-pintura\/fairydust\/#breadcrumb\"},\"inLanguage\":\"es\",\"potentialAction\":[{\"@type\":\"ReadAction\",\"target\":[\"https:\/\/nordicchicpaint.com\/es\/medios-de-pintura\/fairydust\/\"]}]},{\"@type\":\"ImageObject\",\"inLanguage\":\"es\",\"@id\":\"https:\/\/nordicchicpaint.com\/es\/medios-de-pintura\/fairydust\/#primaryimage\",\"url\":\"https:\/\/nordicchicpaint.com\/wp-content\/uploads\/2023\/06\/fairydust-1-e1687933209773.jpeg\",\"contentUrl\":\"https:\/\/nordicchicpaint.com\/wp-content\/uploads\/2023\/06\/fairydust-1-e1687933209773.jpeg\",\"width\":1920,\"height\":763},{\"@type\":\"BreadcrumbList\",\"@id\":\"https:\/\/nordicchicpaint.com\/es\/medios-de-pintura\/fairydust\/#breadcrumb\",\"itemListElement\":[{\"@type\":\"ListItem\",\"position\":1,\"name\":\"Hjem\",\"item\":\"https:\/\/nordicchicpaint.com\/es\/\"},{\"@type\":\"ListItem\",\"position\":2,\"name\":\"medios de pintura\",\"item\":\"https:\/\/nordicchicpaint.com\/es\/medios-de-pintura\/\"},{\"@type\":\"ListItem\",\"position\":3,\"name\":\"Fairydust\"}]},{\"@type\":\"WebSite\",\"@id\":\"https:\/\/nordicchicpaint.com\/es\/#website\",\"url\":\"https:\/\/nordicchicpaint.com\/es\/\",\"name\":\"Nordic Chic\u00ae\",\"description\":\"Chalk paint for interior and exterior use\",\"publisher\":{\"@id\":\"https:\/\/nordicchicpaint.com\/es\/#organization\"},\"potentialAction\":[{\"@type\":\"SearchAction\",\"target\":{\"@type\":\"EntryPoint\",\"urlTemplate\":\"https:\/\/nordicchicpaint.com\/es\/?s={search_term_string}\"},\"query-input\":{\"@type\":\"PropertyValueSpecification\",\"valueRequired\":true,\"valueName\":\"search_term_string\"}}],\"inLanguage\":\"es\"},{\"@type\":\"Organization\",\"@id\":\"https:\/\/nordicchicpaint.com\/es\/#organization\",\"name\":\"Nordic Chic\u00ae\",\"url\":\"https:\/\/nordicchicpaint.com\/es\/\",\"logo\":{\"@type\":\"ImageObject\",\"inLanguage\":\"es\",\"@id\":\"https:\/\/nordicchicpaint.com\/es\/#\/schema\/logo\/image\/\",\"url\":\"https:\/\/nordicchicpaint.com\/wp-content\/uploads\/2021\/10\/logo.svg\",\"contentUrl\":\"https:\/\/nordicchicpaint.com\/wp-content\/uploads\/2021\/10\/logo.svg\",\"width\":479,\"height\":474,\"caption\":\"Nordic Chic\u00ae\"},\"image\":{\"@id\":\"https:\/\/nordicchicpaint.com\/es\/#\/schema\/logo\/image\/\"}}]}<\/script>\n<!-- \/ Yoast SEO plugin. -->","yoast_head_json":{"title":"Fairydust &#183; Nordic Chic\u00ae","description":"Nordic Chic\u00ae Fairydust es un polvo mineral que se puede utilizar para proyectos de dorado. Puedes a\u00f1adirlo a tu cera transparente y hacer tu propia cera dorada o puedes a\u00f1adirlo a tu capa superior y hacer una laca met\u00e1lica para madera, pl\u00e1stico, metal, etc. Tambi\u00e9n puedes a\u00f1adir el polvo a tu proyecto tal cual y sellarlo despu\u00e9s. Fairydust tambi\u00e9n se puede utilizar en jabones si est\u00e1s haciendo tus propios jabones o bombas de ba\u00f1o.","robots":{"index":"index","follow":"follow","max-snippet":"max-snippet:-1","max-image-preview":"max-image-preview:large","max-video-preview":"max-video-preview:-1"},"canonical":"https:\/\/nordicchicpaint.com\/es\/medios-de-pintura\/fairydust\/","og_locale":"es_ES","og_type":"article","og_title":"Fairydust &#183; Nordic Chic\u00ae","og_description":"Nordic Chic\u00ae Fairydust es un polvo mineral que se puede utilizar para proyectos de dorado. Puedes a\u00f1adirlo a tu cera transparente y hacer tu propia cera dorada o puedes a\u00f1adirlo a tu capa superior y hacer una laca met\u00e1lica para madera, pl\u00e1stico, metal, etc. Tambi\u00e9n puedes a\u00f1adir el polvo a tu proyecto tal cual y sellarlo despu\u00e9s. Fairydust tambi\u00e9n se puede utilizar en jabones si est\u00e1s haciendo tus propios jabones o bombas de ba\u00f1o.","og_url":"https:\/\/nordicchicpaint.com\/es\/medios-de-pintura\/fairydust\/","og_site_name":"Nordic Chic\u00ae","article_modified_time":"2025-03-10T09:36:47+00:00","og_image":[{"width":1920,"height":763,"url":"https:\/\/nordicchicpaint.com\/wp-content\/uploads\/2023\/06\/fairydust-1-e1687933209773.jpeg","type":"image\/jpeg"}],"twitter_card":"summary_large_image","twitter_misc":{"Tiempo de lectura":"1 minuto"},"schema":{"@context":"https:\/\/schema.org","@graph":[{"@type":"WebPage","@id":"https:\/\/nordicchicpaint.com\/es\/medios-de-pintura\/fairydust\/","url":"https:\/\/nordicchicpaint.com\/es\/medios-de-pintura\/fairydust\/","name":"Fairydust &#183; Nordic Chic\u00ae","isPartOf":{"@id":"https:\/\/nordicchicpaint.com\/es\/#website"},"primaryImageOfPage":{"@id":"https:\/\/nordicchicpaint.com\/es\/medios-de-pintura\/fairydust\/#primaryimage"},"image":{"@id":"https:\/\/nordicchicpaint.com\/es\/medios-de-pintura\/fairydust\/#primaryimage"},"thumbnailUrl":"https:\/\/nordicchicpaint.com\/wp-content\/uploads\/2023\/06\/fairydust-1-e1687933209773.jpeg","datePublished":"2022-05-25T13:24:59+00:00","dateModified":"2025-03-10T09:36:47+00:00","description":"Nordic Chic\u00ae Fairydust es un polvo mineral que se puede utilizar para proyectos de dorado. Puedes a\u00f1adirlo a tu cera transparente y hacer tu propia cera dorada o puedes a\u00f1adirlo a tu capa superior y hacer una laca met\u00e1lica para madera, pl\u00e1stico, metal, etc. Tambi\u00e9n puedes a\u00f1adir el polvo a tu proyecto tal cual y sellarlo despu\u00e9s. Fairydust tambi\u00e9n se puede utilizar en jabones si est\u00e1s haciendo tus propios jabones o bombas de ba\u00f1o.","breadcrumb":{"@id":"https:\/\/nordicchicpaint.com\/es\/medios-de-pintura\/fairydust\/#breadcrumb"},"inLanguage":"es","potentialAction":[{"@type":"ReadAction","target":["https:\/\/nordicchicpaint.com\/es\/medios-de-pintura\/fairydust\/"]}]},{"@type":"ImageObject","inLanguage":"es","@id":"https:\/\/nordicchicpaint.com\/es\/medios-de-pintura\/fairydust\/#primaryimage","url":"https:\/\/nordicchicpaint.com\/wp-content\/uploads\/2023\/06\/fairydust-1-e1687933209773.jpeg","contentUrl":"https:\/\/nordicchicpaint.com\/wp-content\/uploads\/2023\/06\/fairydust-1-e1687933209773.jpeg","width":1920,"height":763},{"@type":"BreadcrumbList","@id":"https:\/\/nordicchicpaint.com\/es\/medios-de-pintura\/fairydust\/#breadcrumb","itemListElement":[{"@type":"ListItem","position":1,"name":"Hjem","item":"https:\/\/nordicchicpaint.com\/es\/"},{"@type":"ListItem","position":2,"name":"medios de pintura","item":"https:\/\/nordicchicpaint.com\/es\/medios-de-pintura\/"},{"@type":"ListItem","position":3,"name":"Fairydust"}]},{"@type":"WebSite","@id":"https:\/\/nordicchicpaint.com\/es\/#website","url":"https:\/\/nordicchicpaint.com\/es\/","name":"Nordic Chic\u00ae","description":"Chalk paint for interior and exterior use","publisher":{"@id":"https:\/\/nordicchicpaint.com\/es\/#organization"},"potentialAction":[{"@type":"SearchAction","target":{"@type":"EntryPoint","urlTemplate":"https:\/\/nordicchicpaint.com\/es\/?s={search_term_string}"},"query-input":{"@type":"PropertyValueSpecification","valueRequired":true,"valueName":"search_term_string"}}],"inLanguage":"es"},{"@type":"Organization","@id":"https:\/\/nordicchicpaint.com\/es\/#organization","name":"Nordic Chic\u00ae","url":"https:\/\/nordicchicpaint.com\/es\/","logo":{"@type":"ImageObject","inLanguage":"es","@id":"https:\/\/nordicchicpaint.com\/es\/#\/schema\/logo\/image\/","url":"https:\/\/nordicchicpaint.com\/wp-content\/uploads\/2021\/10\/logo.svg","contentUrl":"https:\/\/nordicchicpaint.com\/wp-content\/uploads\/2021\/10\/logo.svg","width":479,"height":474,"caption":"Nordic Chic\u00ae"},"image":{"@id":"https:\/\/nordicchicpaint.com\/es\/#\/schema\/logo\/image\/"}}]}},"_links":{"self":[{"href":"https:\/\/nordicchicpaint.com\/es\/wp-json\/wp\/v2\/pages\/6318"}],"collection":[{"href":"https:\/\/nordicchicpaint.com\/es\/wp-json\/wp\/v2\/pages"}],"about":[{"href":"https:\/\/nordicchicpaint.com\/es\/wp-json\/wp\/v2\/types\/page"}],"author":[{"embeddable":true,"href":"https:\/\/nordicchicpaint.com\/es\/wp-json\/wp\/v2\/users\/1"}],"replies":[{"embeddable":true,"href":"https:\/\/nordicchicpaint.com\/es\/wp-json\/wp\/v2\/comments?post=6318"}],"version-history":[{"count":2,"href":"https:\/\/nordicchicpaint.com\/es\/wp-json\/wp\/v2\/pages\/6318\/revisions"}],"predecessor-version":[{"id":6320,"href":"https:\/\/nordicchicpaint.com\/es\/wp-json\/wp\/v2\/pages\/6318\/revisions\/6320"}],"up":[{"embeddable":true,"href":"https:\/\/nordicchicpaint.com\/es\/wp-json\/wp\/v2\/pages\/6309"}],"wp:featuredmedia":[{"embeddable":true,"href":"https:\/\/nordicchicpaint.com\/es\/wp-json\/wp\/v2\/media\/5778"}],"wp:attachment":[{"href":"https:\/\/nordicchicpaint.com\/es\/wp-json\/wp\/v2\/media?parent=6318"}],"wp:term":[{"taxonomy":"category","embeddable":true,"href":"https:\/\/nordicchicpaint.com\/es\/wp-json\/wp\/v2\/categories?post=6318"}],"curies":[{"name":"wp","href":"https:\/\/api.w.org\/{rel}","templated":true}]}}