{"id":6315,"date":"2022-05-25T15:24:59","date_gmt":"2022-05-25T13:24:59","guid":{"rendered":"https:\/\/nordicchicpaint.com\/medios-de-pintura\/north-sea-texture\/"},"modified":"2025-03-10T10:37:01","modified_gmt":"2025-03-10T09:37:01","slug":"north-sea-texture","status":"publish","type":"page","link":"https:\/\/nordicchicpaint.com\/es\/medios-de-pintura\/north-sea-texture\/","title":{"rendered":"North Sea Texture"},"content":{"rendered":"<section class=\"wpb-content-wrapper\"><p>[vc_row][vc_column]<div class=\"ult-spacer spacer-69e9488466891\" data-id=\"69e9488466891\" data-height=\"90\" data-height-mobile=\"60\" data-height-tab=\"90\" data-height-tab-portrait=\"60\" data-height-mobile-landscape=\"60\" style=\"clear:both;display:block;\"><\/div>[vc_column_text]<\/p>\n<h1><strong>North Sea Texture<\/strong><\/h1>\n<p>es un grano formulado para dar una textura perfecta, desgastada y r\u00fastica al tacto, a una superficie pintada. North Sea Texture tambi\u00e9n se puede utilizar para plantillas en relieve, un hermoso aspecto de hormig\u00f3n y para agregar p\u00e1tina antigua a sus muebles.<br \/>\nDependiendo de su mezcla y forma de aplicaci\u00f3n, puede lograr diferentes resultados:<br \/>\n&#8211; Acabado mate tiza<br \/>\n&#8211; Acabado con efecto oc\u00e9ano<br \/>\n&#8211; P\u00e1tina del viejo mundo<br \/>\n&#8211; Textura muy agrietada<\/p>\n<p><strong>North Sea Texture de Nordic Chic\u00ae es 100 % natural y no contiene COV.<\/strong><\/p>\n<p><strong>C\u00f3mo hacerlo:\u00a0<\/strong>La superficie debe estar limpia, seca y libre de grasa. Debe mezclar North Sea Texture con su pintura a la tiza Nordic Chic\u00ae, revolvi\u00e9ndola bien y punte\u00e1ndola o pint\u00e1ndola sobre la superficie.<\/p>\n<p>Una vez que est\u00e9 seca, pinte encima con el mismo color o con una pintura a la tiza de un color diferente.<\/p>\n<p>Cuando est\u00e9 completamente seca, puede comenzar a lijarla. Esto alisar\u00e1 la superficie y el color que mezcl\u00f3 con la textura North Sea Texture se ver\u00e1 con un aspecto desgastado por el clima.<\/p>\n<p>Usted decide qu\u00e9 tan \u00e1spera quiere que sea la textura, agregando m\u00e1s o menos textura North Sea Texture de Nordic Chic\u00ae a su pintura.<\/p>\n<ul>\n<li><strong>Herramientas<\/strong>: Puede usar una brocha, un pincel o un rodillo seg\u00fan el aspecto que desee lograr<\/li>\n<li><strong>Cobertura<\/strong>: 0,1 kg de textura por 0,41 kg de pintura a la tiza Nordic Chic\u00ae para cubrir aproximadamente 5 m2; todo depende del aspecto que desee lograr; debe mezclar solo la cantidad que necesite usar.<\/li>\n<li><strong>Limpieza<\/strong>: Lave las brochas y los rodillos con agua tibia y jab\u00f3n<\/li>\n<li><strong>Seguridad<\/strong>: Este producto puede generar polvo al mezclarlo, aseg\u00farese de usar una m\u00e1scara para no inhalarlo. Mantener fuera del alcance de los ni\u00f1os<\/li>\n<li><strong>Conservaci\u00f3n<\/strong>: Conservar en un lugar fresco y seco<\/li>\n<\/ul>\n<p>Contenido: 300gr[\/vc_column_text]<div class=\"ult-spacer spacer-69e94884668db\" data-id=\"69e94884668db\" data-height=\"90\" data-height-mobile=\"60\" data-height-tab=\"90\" data-height-tab-portrait=\"60\" data-height-mobile-landscape=\"60\" style=\"clear:both;display:block;\"><\/div>[\/vc_column][\/vc_row]<\/p>\n<\/section>","protected":false},"excerpt":{"rendered":"<p>[vc_row][vc_column][vc_column_text] North Sea Texture es un grano formulado para dar una textura perfecta, desgastada y r\u00fastica al tacto, a una superficie pintada. North Sea Texture tambi\u00e9n se puede utilizar para plantillas en relieve, un hermoso aspecto de hormig\u00f3n y para agregar p\u00e1tina antigua a sus muebles. Dependiendo de su mezcla y forma de aplicaci\u00f3n, puede &#8230; <a title=\"North Sea Texture\" class=\"read-more\" href=\"https:\/\/nordicchicpaint.com\/es\/medios-de-pintura\/north-sea-texture\/\" aria-label=\"Leer m\u00e1s sobre North Sea Texture\">Leer m\u00e1s<\/a><\/p>\n","protected":false},"author":1,"featured_media":5718,"parent":6309,"menu_order":16,"comment_status":"closed","ping_status":"closed","template":"","meta":{"_acf_changed":false,"footnotes":""},"categories":[],"class_list":["post-6315","page","type-page","status-publish","has-post-thumbnail"],"acf":[],"yoast_head":"<!-- This site is optimized with the Yoast SEO plugin v23.4 - https:\/\/yoast.com\/wordpress\/plugins\/seo\/ -->\n<title>North Sea Texture &#183; Nordic Chic\u00ae<\/title>\n<meta name=\"robots\" content=\"index, follow, max-snippet:-1, max-image-preview:large, max-video-preview:-1\" \/>\n<link rel=\"canonical\" href=\"https:\/\/nordicchicpaint.com\/es\/medios-de-pintura\/north-sea-texture\/\" \/>\n<meta property=\"og:locale\" content=\"es_ES\" \/>\n<meta property=\"og:type\" content=\"article\" \/>\n<meta property=\"og:title\" content=\"North Sea Texture &#183; Nordic Chic\u00ae\" \/>\n<meta property=\"og:description\" content=\"[vc_row][vc_column][vc_column_text] North Sea Texture es un grano formulado para dar una textura perfecta, desgastada y r\u00fastica al tacto, a una superficie pintada. North Sea Texture tambi\u00e9n se puede utilizar para plantillas en relieve, un hermoso aspecto de hormig\u00f3n y para agregar p\u00e1tina antigua a sus muebles. Dependiendo de su mezcla y forma de aplicaci\u00f3n, puede ... Leer m\u00e1s\" \/>\n<meta property=\"og:url\" content=\"https:\/\/nordicchicpaint.com\/es\/medios-de-pintura\/north-sea-texture\/\" \/>\n<meta property=\"og:site_name\" content=\"Nordic Chic\u00ae\" \/>\n<meta property=\"article:modified_time\" content=\"2025-03-10T09:37:01+00:00\" \/>\n<meta property=\"og:image\" content=\"https:\/\/nordicchicpaint.com\/wp-content\/uploads\/2022\/08\/northseatexture-e1662445050703.jpeg\" \/>\n\t<meta property=\"og:image:width\" content=\"1920\" \/>\n\t<meta property=\"og:image:height\" content=\"969\" \/>\n\t<meta property=\"og:image:type\" content=\"image\/jpeg\" \/>\n<meta name=\"twitter:card\" content=\"summary_large_image\" \/>\n<meta name=\"twitter:label1\" content=\"Tiempo de lectura\" \/>\n\t<meta name=\"twitter:data1\" content=\"2 minutos\" \/>\n<script type=\"application\/ld+json\" class=\"yoast-schema-graph\">{\"@context\":\"https:\/\/schema.org\",\"@graph\":[{\"@type\":\"WebPage\",\"@id\":\"https:\/\/nordicchicpaint.com\/es\/medios-de-pintura\/north-sea-texture\/\",\"url\":\"https:\/\/nordicchicpaint.com\/es\/medios-de-pintura\/north-sea-texture\/\",\"name\":\"North Sea Texture &#183; Nordic Chic\u00ae\",\"isPartOf\":{\"@id\":\"https:\/\/nordicchicpaint.com\/es\/#website\"},\"primaryImageOfPage\":{\"@id\":\"https:\/\/nordicchicpaint.com\/es\/medios-de-pintura\/north-sea-texture\/#primaryimage\"},\"image\":{\"@id\":\"https:\/\/nordicchicpaint.com\/es\/medios-de-pintura\/north-sea-texture\/#primaryimage\"},\"thumbnailUrl\":\"https:\/\/nordicchicpaint.com\/wp-content\/uploads\/2022\/08\/northseatexture-e1662445050703.jpeg\",\"datePublished\":\"2022-05-25T13:24:59+00:00\",\"dateModified\":\"2025-03-10T09:37:01+00:00\",\"breadcrumb\":{\"@id\":\"https:\/\/nordicchicpaint.com\/es\/medios-de-pintura\/north-sea-texture\/#breadcrumb\"},\"inLanguage\":\"es\",\"potentialAction\":[{\"@type\":\"ReadAction\",\"target\":[\"https:\/\/nordicchicpaint.com\/es\/medios-de-pintura\/north-sea-texture\/\"]}]},{\"@type\":\"ImageObject\",\"inLanguage\":\"es\",\"@id\":\"https:\/\/nordicchicpaint.com\/es\/medios-de-pintura\/north-sea-texture\/#primaryimage\",\"url\":\"https:\/\/nordicchicpaint.com\/wp-content\/uploads\/2022\/08\/northseatexture-e1662445050703.jpeg\",\"contentUrl\":\"https:\/\/nordicchicpaint.com\/wp-content\/uploads\/2022\/08\/northseatexture-e1662445050703.jpeg\",\"width\":1920,\"height\":969},{\"@type\":\"BreadcrumbList\",\"@id\":\"https:\/\/nordicchicpaint.com\/es\/medios-de-pintura\/north-sea-texture\/#breadcrumb\",\"itemListElement\":[{\"@type\":\"ListItem\",\"position\":1,\"name\":\"Hjem\",\"item\":\"https:\/\/nordicchicpaint.com\/es\/\"},{\"@type\":\"ListItem\",\"position\":2,\"name\":\"medios de pintura\",\"item\":\"https:\/\/nordicchicpaint.com\/es\/medios-de-pintura\/\"},{\"@type\":\"ListItem\",\"position\":3,\"name\":\"North Sea Texture\"}]},{\"@type\":\"WebSite\",\"@id\":\"https:\/\/nordicchicpaint.com\/es\/#website\",\"url\":\"https:\/\/nordicchicpaint.com\/es\/\",\"name\":\"Nordic Chic\u00ae\",\"description\":\"Chalk paint for interior and exterior use\",\"publisher\":{\"@id\":\"https:\/\/nordicchicpaint.com\/es\/#organization\"},\"potentialAction\":[{\"@type\":\"SearchAction\",\"target\":{\"@type\":\"EntryPoint\",\"urlTemplate\":\"https:\/\/nordicchicpaint.com\/es\/?s={search_term_string}\"},\"query-input\":{\"@type\":\"PropertyValueSpecification\",\"valueRequired\":true,\"valueName\":\"search_term_string\"}}],\"inLanguage\":\"es\"},{\"@type\":\"Organization\",\"@id\":\"https:\/\/nordicchicpaint.com\/es\/#organization\",\"name\":\"Nordic Chic\u00ae\",\"url\":\"https:\/\/nordicchicpaint.com\/es\/\",\"logo\":{\"@type\":\"ImageObject\",\"inLanguage\":\"es\",\"@id\":\"https:\/\/nordicchicpaint.com\/es\/#\/schema\/logo\/image\/\",\"url\":\"https:\/\/nordicchicpaint.com\/wp-content\/uploads\/2021\/10\/logo.svg\",\"contentUrl\":\"https:\/\/nordicchicpaint.com\/wp-content\/uploads\/2021\/10\/logo.svg\",\"width\":479,\"height\":474,\"caption\":\"Nordic Chic\u00ae\"},\"image\":{\"@id\":\"https:\/\/nordicchicpaint.com\/es\/#\/schema\/logo\/image\/\"}}]}<\/script>\n<!-- \/ Yoast SEO plugin. -->","yoast_head_json":{"title":"North Sea Texture &#183; Nordic Chic\u00ae","robots":{"index":"index","follow":"follow","max-snippet":"max-snippet:-1","max-image-preview":"max-image-preview:large","max-video-preview":"max-video-preview:-1"},"canonical":"https:\/\/nordicchicpaint.com\/es\/medios-de-pintura\/north-sea-texture\/","og_locale":"es_ES","og_type":"article","og_title":"North Sea Texture &#183; Nordic Chic\u00ae","og_description":"[vc_row][vc_column][vc_column_text] North Sea Texture es un grano formulado para dar una textura perfecta, desgastada y r\u00fastica al tacto, a una superficie pintada. North Sea Texture tambi\u00e9n se puede utilizar para plantillas en relieve, un hermoso aspecto de hormig\u00f3n y para agregar p\u00e1tina antigua a sus muebles. Dependiendo de su mezcla y forma de aplicaci\u00f3n, puede ... Leer m\u00e1s","og_url":"https:\/\/nordicchicpaint.com\/es\/medios-de-pintura\/north-sea-texture\/","og_site_name":"Nordic Chic\u00ae","article_modified_time":"2025-03-10T09:37:01+00:00","og_image":[{"width":1920,"height":969,"url":"https:\/\/nordicchicpaint.com\/wp-content\/uploads\/2022\/08\/northseatexture-e1662445050703.jpeg","type":"image\/jpeg"}],"twitter_card":"summary_large_image","twitter_misc":{"Tiempo de lectura":"2 minutos"},"schema":{"@context":"https:\/\/schema.org","@graph":[{"@type":"WebPage","@id":"https:\/\/nordicchicpaint.com\/es\/medios-de-pintura\/north-sea-texture\/","url":"https:\/\/nordicchicpaint.com\/es\/medios-de-pintura\/north-sea-texture\/","name":"North Sea Texture &#183; Nordic Chic\u00ae","isPartOf":{"@id":"https:\/\/nordicchicpaint.com\/es\/#website"},"primaryImageOfPage":{"@id":"https:\/\/nordicchicpaint.com\/es\/medios-de-pintura\/north-sea-texture\/#primaryimage"},"image":{"@id":"https:\/\/nordicchicpaint.com\/es\/medios-de-pintura\/north-sea-texture\/#primaryimage"},"thumbnailUrl":"https:\/\/nordicchicpaint.com\/wp-content\/uploads\/2022\/08\/northseatexture-e1662445050703.jpeg","datePublished":"2022-05-25T13:24:59+00:00","dateModified":"2025-03-10T09:37:01+00:00","breadcrumb":{"@id":"https:\/\/nordicchicpaint.com\/es\/medios-de-pintura\/north-sea-texture\/#breadcrumb"},"inLanguage":"es","potentialAction":[{"@type":"ReadAction","target":["https:\/\/nordicchicpaint.com\/es\/medios-de-pintura\/north-sea-texture\/"]}]},{"@type":"ImageObject","inLanguage":"es","@id":"https:\/\/nordicchicpaint.com\/es\/medios-de-pintura\/north-sea-texture\/#primaryimage","url":"https:\/\/nordicchicpaint.com\/wp-content\/uploads\/2022\/08\/northseatexture-e1662445050703.jpeg","contentUrl":"https:\/\/nordicchicpaint.com\/wp-content\/uploads\/2022\/08\/northseatexture-e1662445050703.jpeg","width":1920,"height":969},{"@type":"BreadcrumbList","@id":"https:\/\/nordicchicpaint.com\/es\/medios-de-pintura\/north-sea-texture\/#breadcrumb","itemListElement":[{"@type":"ListItem","position":1,"name":"Hjem","item":"https:\/\/nordicchicpaint.com\/es\/"},{"@type":"ListItem","position":2,"name":"medios de pintura","item":"https:\/\/nordicchicpaint.com\/es\/medios-de-pintura\/"},{"@type":"ListItem","position":3,"name":"North Sea Texture"}]},{"@type":"WebSite","@id":"https:\/\/nordicchicpaint.com\/es\/#website","url":"https:\/\/nordicchicpaint.com\/es\/","name":"Nordic Chic\u00ae","description":"Chalk paint for interior and exterior use","publisher":{"@id":"https:\/\/nordicchicpaint.com\/es\/#organization"},"potentialAction":[{"@type":"SearchAction","target":{"@type":"EntryPoint","urlTemplate":"https:\/\/nordicchicpaint.com\/es\/?s={search_term_string}"},"query-input":{"@type":"PropertyValueSpecification","valueRequired":true,"valueName":"search_term_string"}}],"inLanguage":"es"},{"@type":"Organization","@id":"https:\/\/nordicchicpaint.com\/es\/#organization","name":"Nordic Chic\u00ae","url":"https:\/\/nordicchicpaint.com\/es\/","logo":{"@type":"ImageObject","inLanguage":"es","@id":"https:\/\/nordicchicpaint.com\/es\/#\/schema\/logo\/image\/","url":"https:\/\/nordicchicpaint.com\/wp-content\/uploads\/2021\/10\/logo.svg","contentUrl":"https:\/\/nordicchicpaint.com\/wp-content\/uploads\/2021\/10\/logo.svg","width":479,"height":474,"caption":"Nordic Chic\u00ae"},"image":{"@id":"https:\/\/nordicchicpaint.com\/es\/#\/schema\/logo\/image\/"}}]}},"_links":{"self":[{"href":"https:\/\/nordicchicpaint.com\/es\/wp-json\/wp\/v2\/pages\/6315"}],"collection":[{"href":"https:\/\/nordicchicpaint.com\/es\/wp-json\/wp\/v2\/pages"}],"about":[{"href":"https:\/\/nordicchicpaint.com\/es\/wp-json\/wp\/v2\/types\/page"}],"author":[{"embeddable":true,"href":"https:\/\/nordicchicpaint.com\/es\/wp-json\/wp\/v2\/users\/1"}],"replies":[{"embeddable":true,"href":"https:\/\/nordicchicpaint.com\/es\/wp-json\/wp\/v2\/comments?post=6315"}],"version-history":[{"count":3,"href":"https:\/\/nordicchicpaint.com\/es\/wp-json\/wp\/v2\/pages\/6315\/revisions"}],"predecessor-version":[{"id":6475,"href":"https:\/\/nordicchicpaint.com\/es\/wp-json\/wp\/v2\/pages\/6315\/revisions\/6475"}],"up":[{"embeddable":true,"href":"https:\/\/nordicchicpaint.com\/es\/wp-json\/wp\/v2\/pages\/6309"}],"wp:featuredmedia":[{"embeddable":true,"href":"https:\/\/nordicchicpaint.com\/es\/wp-json\/wp\/v2\/media\/5718"}],"wp:attachment":[{"href":"https:\/\/nordicchicpaint.com\/es\/wp-json\/wp\/v2\/media?parent=6315"}],"wp:term":[{"taxonomy":"category","embeddable":true,"href":"https:\/\/nordicchicpaint.com\/es\/wp-json\/wp\/v2\/categories?post=6315"}],"curies":[{"name":"wp","href":"https:\/\/api.w.org\/{rel}","templated":true}]}}