{"id":6312,"date":"2022-05-25T15:24:59","date_gmt":"2022-05-25T13:24:59","guid":{"rendered":"https:\/\/nordicchicpaint.com\/medios-de-pintura\/nordic-chic-glaze\/"},"modified":"2025-03-10T10:36:19","modified_gmt":"2025-03-10T09:36:19","slug":"nordic-chic-glaze","status":"publish","type":"page","link":"https:\/\/nordicchicpaint.com\/es\/medios-de-pintura\/nordic-chic-glaze\/","title":{"rendered":"Nordic Chic Glaze"},"content":{"rendered":"<section class=\"wpb-content-wrapper\"><p>[vc_row][vc_column]<div class=\"ult-spacer spacer-69f115bdaa046\" data-id=\"69f115bdaa046\" data-height=\"90\" data-height-mobile=\"60\" data-height-tab=\"90\" data-height-tab-portrait=\"60\" data-height-mobile-landscape=\"60\" style=\"clear:both;display:block;\"><\/div>[vc_column_text]<\/p>\n<h1>Nordic Chic\u00ae Glaze viene en dos versiones.<\/h1>\n<p>La versi\u00f3n perlada le da a sus muebles ese toque extra de brillo. Puede usarse para enriquecer superficies de madera sin revestimiento, as\u00ed como para darle un acabado refinado a la pintura para muebles Nordic Chic\u00ae o a los tintes para madera Nordic Chic\u00ae.<\/p>\n<p>La versi\u00f3n transparente se debe usar mezclada con pintura para muebles Nordic Chic y agua. Esto formar\u00e1 un esmalte fino para aplicar sobre superficies pintadas para darle un acento adicional a los detalles. El esmalte est\u00e1 hecho para uso en interiores; si desea usarlo en exteriores, debe sellarse con la capa superior Nordic Chic\u00ae. No contiene solventes, no contiene COV y no tiene olor para garantizar un ambiente de trabajo agradable.<\/p>\n<h3><strong>C\u00f3mo usar<\/strong><\/h3>\n<p><strong>Esmalte transparente:<\/strong><\/p>\n<p>Aseg\u00farese de que la superficie est\u00e9 limpia, seca y libre de grasa y sustancias penetrantes. Retire primero las capas sueltas de pintura o laca viejas. Agite o revuelva bien el producto antes de usarlo.<\/p>\n<p><strong>Esmalte perlado<\/strong>:<\/p>\n<p>Pinte una capa y luego limpie la superficie con un pa\u00f1o suave cuando a\u00fan est\u00e9 h\u00fameda para crear un acabado transparente. Para obtener un aspecto m\u00e1s opaco, deje secar durante 3 a 6 horas. Para crear un color perlado m\u00e1s profundo, aplique una segunda capa de esmalte perlado despu\u00e9s de que la primera est\u00e9 al menos seca al tacto.<\/p>\n<p><strong>Esmalte de color:<\/strong><\/p>\n<p>Mezcle 1 parte de pintura Nordic Chic\u00ae con 5 partes de esmalte transparente y agua seg\u00fan el grosor que desee para el esmalte de color. Pinte una capa y luego limpie la superficie con un pa\u00f1o suave cuando a\u00fan est\u00e9 h\u00fameda para crear detalles excepcionales.<\/p>\n<p>Para aumentar la durabilidad, se puede aplicar una capa de acabado de cera para muebles o capa superior Nordic Chic\u00ae despu\u00e9s de que el producto est\u00e9 completamente seco.<\/p>\n<ul>\n<li><strong>Tiempo de secado:<\/strong> Seco al tacto despu\u00e9s de aprox. 1-2 horas, seca completamente despu\u00e9s de aproximadamente 24 horas.<\/li>\n<li><strong>Rendimiento:<\/strong>\u00a03-4 m\u00b2\/litro aprox.<\/li>\n<li><strong>Limpieza:<\/strong>\u00a0Los pinceles se limpian con agua tibia y jab\u00f3n.<\/li>\n<li><strong>Almacenamiento:<\/strong>\u00a0Mantenga la tapa bien cerrada y gu\u00e1rdelo en un lugar fresco pero libre de heladas y fuera del alcance de los ni\u00f1os.<\/li>\n<li><strong>Ingredientes:<\/strong>\u00a0Agua, cola blanca, pigmento mineral, conservante.<\/li>\n<\/ul>\n<p>Contenido 400 ml[\/vc_column_text]<div class=\"ult-spacer spacer-69f115bdaa0c1\" data-id=\"69f115bdaa0c1\" data-height=\"90\" data-height-mobile=\"60\" data-height-tab=\"90\" data-height-tab-portrait=\"60\" data-height-mobile-landscape=\"60\" style=\"clear:both;display:block;\"><\/div>[\/vc_column][\/vc_row]<\/p>\n<\/section>","protected":false},"excerpt":{"rendered":"<p>[vc_row][vc_column][vc_column_text] Nordic Chic\u00ae Glaze viene en dos versiones. La versi\u00f3n perlada le da a sus muebles ese toque extra de brillo. Puede usarse para enriquecer superficies de madera sin revestimiento, as\u00ed como para darle un acabado refinado a la pintura para muebles Nordic Chic\u00ae o a los tintes para madera Nordic Chic\u00ae. La versi\u00f3n transparente &#8230; <a title=\"Nordic Chic Glaze\" class=\"read-more\" href=\"https:\/\/nordicchicpaint.com\/es\/medios-de-pintura\/nordic-chic-glaze\/\" aria-label=\"Leer m\u00e1s sobre Nordic Chic Glaze\">Leer m\u00e1s<\/a><\/p>\n","protected":false},"author":1,"featured_media":5772,"parent":6309,"menu_order":15,"comment_status":"closed","ping_status":"closed","template":"","meta":{"_acf_changed":false,"footnotes":""},"categories":[],"class_list":["post-6312","page","type-page","status-publish","has-post-thumbnail"],"acf":[],"yoast_head":"<!-- This site is optimized with the Yoast SEO plugin v23.4 - https:\/\/yoast.com\/wordpress\/plugins\/seo\/ -->\n<title>Nordic Chic Glaze &#183; Nordic Chic\u00ae<\/title>\n<meta name=\"robots\" content=\"index, follow, max-snippet:-1, max-image-preview:large, max-video-preview:-1\" \/>\n<link rel=\"canonical\" href=\"https:\/\/nordicchicpaint.com\/es\/medios-de-pintura\/nordic-chic-glaze\/\" \/>\n<meta property=\"og:locale\" content=\"es_ES\" \/>\n<meta property=\"og:type\" content=\"article\" \/>\n<meta property=\"og:title\" content=\"Nordic Chic Glaze &#183; Nordic Chic\u00ae\" \/>\n<meta property=\"og:description\" content=\"[vc_row][vc_column][vc_column_text] Nordic Chic\u00ae Glaze viene en dos versiones. La versi\u00f3n perlada le da a sus muebles ese toque extra de brillo. Puede usarse para enriquecer superficies de madera sin revestimiento, as\u00ed como para darle un acabado refinado a la pintura para muebles Nordic Chic\u00ae o a los tintes para madera Nordic Chic\u00ae. La versi\u00f3n transparente ... Leer m\u00e1s\" \/>\n<meta property=\"og:url\" content=\"https:\/\/nordicchicpaint.com\/es\/medios-de-pintura\/nordic-chic-glaze\/\" \/>\n<meta property=\"og:site_name\" content=\"Nordic Chic\u00ae\" \/>\n<meta property=\"article:modified_time\" content=\"2025-03-10T09:36:19+00:00\" \/>\n<meta property=\"og:image\" content=\"https:\/\/nordicchicpaint.com\/wp-content\/uploads\/2023\/06\/glaze-1-e1687932891243.jpeg\" \/>\n\t<meta property=\"og:image:width\" content=\"1920\" \/>\n\t<meta property=\"og:image:height\" content=\"705\" \/>\n\t<meta property=\"og:image:type\" content=\"image\/jpeg\" \/>\n<meta name=\"twitter:card\" content=\"summary_large_image\" \/>\n<meta name=\"twitter:label1\" content=\"Tiempo de lectura\" \/>\n\t<meta name=\"twitter:data1\" content=\"2 minutos\" \/>\n<script type=\"application\/ld+json\" class=\"yoast-schema-graph\">{\"@context\":\"https:\/\/schema.org\",\"@graph\":[{\"@type\":\"WebPage\",\"@id\":\"https:\/\/nordicchicpaint.com\/es\/medios-de-pintura\/nordic-chic-glaze\/\",\"url\":\"https:\/\/nordicchicpaint.com\/es\/medios-de-pintura\/nordic-chic-glaze\/\",\"name\":\"Nordic Chic Glaze &#183; Nordic Chic\u00ae\",\"isPartOf\":{\"@id\":\"https:\/\/nordicchicpaint.com\/es\/#website\"},\"primaryImageOfPage\":{\"@id\":\"https:\/\/nordicchicpaint.com\/es\/medios-de-pintura\/nordic-chic-glaze\/#primaryimage\"},\"image\":{\"@id\":\"https:\/\/nordicchicpaint.com\/es\/medios-de-pintura\/nordic-chic-glaze\/#primaryimage\"},\"thumbnailUrl\":\"https:\/\/nordicchicpaint.com\/wp-content\/uploads\/2023\/06\/glaze-1-e1687932891243.jpeg\",\"datePublished\":\"2022-05-25T13:24:59+00:00\",\"dateModified\":\"2025-03-10T09:36:19+00:00\",\"breadcrumb\":{\"@id\":\"https:\/\/nordicchicpaint.com\/es\/medios-de-pintura\/nordic-chic-glaze\/#breadcrumb\"},\"inLanguage\":\"es\",\"potentialAction\":[{\"@type\":\"ReadAction\",\"target\":[\"https:\/\/nordicchicpaint.com\/es\/medios-de-pintura\/nordic-chic-glaze\/\"]}]},{\"@type\":\"ImageObject\",\"inLanguage\":\"es\",\"@id\":\"https:\/\/nordicchicpaint.com\/es\/medios-de-pintura\/nordic-chic-glaze\/#primaryimage\",\"url\":\"https:\/\/nordicchicpaint.com\/wp-content\/uploads\/2023\/06\/glaze-1-e1687932891243.jpeg\",\"contentUrl\":\"https:\/\/nordicchicpaint.com\/wp-content\/uploads\/2023\/06\/glaze-1-e1687932891243.jpeg\",\"width\":1920,\"height\":705},{\"@type\":\"BreadcrumbList\",\"@id\":\"https:\/\/nordicchicpaint.com\/es\/medios-de-pintura\/nordic-chic-glaze\/#breadcrumb\",\"itemListElement\":[{\"@type\":\"ListItem\",\"position\":1,\"name\":\"Hjem\",\"item\":\"https:\/\/nordicchicpaint.com\/es\/\"},{\"@type\":\"ListItem\",\"position\":2,\"name\":\"medios de pintura\",\"item\":\"https:\/\/nordicchicpaint.com\/es\/medios-de-pintura\/\"},{\"@type\":\"ListItem\",\"position\":3,\"name\":\"Nordic Chic Glaze\"}]},{\"@type\":\"WebSite\",\"@id\":\"https:\/\/nordicchicpaint.com\/es\/#website\",\"url\":\"https:\/\/nordicchicpaint.com\/es\/\",\"name\":\"Nordic Chic\u00ae\",\"description\":\"Chalk paint for interior and exterior use\",\"publisher\":{\"@id\":\"https:\/\/nordicchicpaint.com\/es\/#organization\"},\"potentialAction\":[{\"@type\":\"SearchAction\",\"target\":{\"@type\":\"EntryPoint\",\"urlTemplate\":\"https:\/\/nordicchicpaint.com\/es\/?s={search_term_string}\"},\"query-input\":{\"@type\":\"PropertyValueSpecification\",\"valueRequired\":true,\"valueName\":\"search_term_string\"}}],\"inLanguage\":\"es\"},{\"@type\":\"Organization\",\"@id\":\"https:\/\/nordicchicpaint.com\/es\/#organization\",\"name\":\"Nordic Chic\u00ae\",\"url\":\"https:\/\/nordicchicpaint.com\/es\/\",\"logo\":{\"@type\":\"ImageObject\",\"inLanguage\":\"es\",\"@id\":\"https:\/\/nordicchicpaint.com\/es\/#\/schema\/logo\/image\/\",\"url\":\"https:\/\/nordicchicpaint.com\/wp-content\/uploads\/2021\/10\/logo.svg\",\"contentUrl\":\"https:\/\/nordicchicpaint.com\/wp-content\/uploads\/2021\/10\/logo.svg\",\"width\":479,\"height\":474,\"caption\":\"Nordic Chic\u00ae\"},\"image\":{\"@id\":\"https:\/\/nordicchicpaint.com\/es\/#\/schema\/logo\/image\/\"}}]}<\/script>\n<!-- \/ Yoast SEO plugin. -->","yoast_head_json":{"title":"Nordic Chic Glaze &#183; Nordic Chic\u00ae","robots":{"index":"index","follow":"follow","max-snippet":"max-snippet:-1","max-image-preview":"max-image-preview:large","max-video-preview":"max-video-preview:-1"},"canonical":"https:\/\/nordicchicpaint.com\/es\/medios-de-pintura\/nordic-chic-glaze\/","og_locale":"es_ES","og_type":"article","og_title":"Nordic Chic Glaze &#183; Nordic Chic\u00ae","og_description":"[vc_row][vc_column][vc_column_text] Nordic Chic\u00ae Glaze viene en dos versiones. La versi\u00f3n perlada le da a sus muebles ese toque extra de brillo. Puede usarse para enriquecer superficies de madera sin revestimiento, as\u00ed como para darle un acabado refinado a la pintura para muebles Nordic Chic\u00ae o a los tintes para madera Nordic Chic\u00ae. La versi\u00f3n transparente ... Leer m\u00e1s","og_url":"https:\/\/nordicchicpaint.com\/es\/medios-de-pintura\/nordic-chic-glaze\/","og_site_name":"Nordic Chic\u00ae","article_modified_time":"2025-03-10T09:36:19+00:00","og_image":[{"width":1920,"height":705,"url":"https:\/\/nordicchicpaint.com\/wp-content\/uploads\/2023\/06\/glaze-1-e1687932891243.jpeg","type":"image\/jpeg"}],"twitter_card":"summary_large_image","twitter_misc":{"Tiempo de lectura":"2 minutos"},"schema":{"@context":"https:\/\/schema.org","@graph":[{"@type":"WebPage","@id":"https:\/\/nordicchicpaint.com\/es\/medios-de-pintura\/nordic-chic-glaze\/","url":"https:\/\/nordicchicpaint.com\/es\/medios-de-pintura\/nordic-chic-glaze\/","name":"Nordic Chic Glaze &#183; Nordic Chic\u00ae","isPartOf":{"@id":"https:\/\/nordicchicpaint.com\/es\/#website"},"primaryImageOfPage":{"@id":"https:\/\/nordicchicpaint.com\/es\/medios-de-pintura\/nordic-chic-glaze\/#primaryimage"},"image":{"@id":"https:\/\/nordicchicpaint.com\/es\/medios-de-pintura\/nordic-chic-glaze\/#primaryimage"},"thumbnailUrl":"https:\/\/nordicchicpaint.com\/wp-content\/uploads\/2023\/06\/glaze-1-e1687932891243.jpeg","datePublished":"2022-05-25T13:24:59+00:00","dateModified":"2025-03-10T09:36:19+00:00","breadcrumb":{"@id":"https:\/\/nordicchicpaint.com\/es\/medios-de-pintura\/nordic-chic-glaze\/#breadcrumb"},"inLanguage":"es","potentialAction":[{"@type":"ReadAction","target":["https:\/\/nordicchicpaint.com\/es\/medios-de-pintura\/nordic-chic-glaze\/"]}]},{"@type":"ImageObject","inLanguage":"es","@id":"https:\/\/nordicchicpaint.com\/es\/medios-de-pintura\/nordic-chic-glaze\/#primaryimage","url":"https:\/\/nordicchicpaint.com\/wp-content\/uploads\/2023\/06\/glaze-1-e1687932891243.jpeg","contentUrl":"https:\/\/nordicchicpaint.com\/wp-content\/uploads\/2023\/06\/glaze-1-e1687932891243.jpeg","width":1920,"height":705},{"@type":"BreadcrumbList","@id":"https:\/\/nordicchicpaint.com\/es\/medios-de-pintura\/nordic-chic-glaze\/#breadcrumb","itemListElement":[{"@type":"ListItem","position":1,"name":"Hjem","item":"https:\/\/nordicchicpaint.com\/es\/"},{"@type":"ListItem","position":2,"name":"medios de pintura","item":"https:\/\/nordicchicpaint.com\/es\/medios-de-pintura\/"},{"@type":"ListItem","position":3,"name":"Nordic Chic Glaze"}]},{"@type":"WebSite","@id":"https:\/\/nordicchicpaint.com\/es\/#website","url":"https:\/\/nordicchicpaint.com\/es\/","name":"Nordic Chic\u00ae","description":"Chalk paint for interior and exterior use","publisher":{"@id":"https:\/\/nordicchicpaint.com\/es\/#organization"},"potentialAction":[{"@type":"SearchAction","target":{"@type":"EntryPoint","urlTemplate":"https:\/\/nordicchicpaint.com\/es\/?s={search_term_string}"},"query-input":{"@type":"PropertyValueSpecification","valueRequired":true,"valueName":"search_term_string"}}],"inLanguage":"es"},{"@type":"Organization","@id":"https:\/\/nordicchicpaint.com\/es\/#organization","name":"Nordic Chic\u00ae","url":"https:\/\/nordicchicpaint.com\/es\/","logo":{"@type":"ImageObject","inLanguage":"es","@id":"https:\/\/nordicchicpaint.com\/es\/#\/schema\/logo\/image\/","url":"https:\/\/nordicchicpaint.com\/wp-content\/uploads\/2021\/10\/logo.svg","contentUrl":"https:\/\/nordicchicpaint.com\/wp-content\/uploads\/2021\/10\/logo.svg","width":479,"height":474,"caption":"Nordic Chic\u00ae"},"image":{"@id":"https:\/\/nordicchicpaint.com\/es\/#\/schema\/logo\/image\/"}}]}},"_links":{"self":[{"href":"https:\/\/nordicchicpaint.com\/es\/wp-json\/wp\/v2\/pages\/6312"}],"collection":[{"href":"https:\/\/nordicchicpaint.com\/es\/wp-json\/wp\/v2\/pages"}],"about":[{"href":"https:\/\/nordicchicpaint.com\/es\/wp-json\/wp\/v2\/types\/page"}],"author":[{"embeddable":true,"href":"https:\/\/nordicchicpaint.com\/es\/wp-json\/wp\/v2\/users\/1"}],"replies":[{"embeddable":true,"href":"https:\/\/nordicchicpaint.com\/es\/wp-json\/wp\/v2\/comments?post=6312"}],"version-history":[{"count":3,"href":"https:\/\/nordicchicpaint.com\/es\/wp-json\/wp\/v2\/pages\/6312\/revisions"}],"predecessor-version":[{"id":6474,"href":"https:\/\/nordicchicpaint.com\/es\/wp-json\/wp\/v2\/pages\/6312\/revisions\/6474"}],"up":[{"embeddable":true,"href":"https:\/\/nordicchicpaint.com\/es\/wp-json\/wp\/v2\/pages\/6309"}],"wp:featuredmedia":[{"embeddable":true,"href":"https:\/\/nordicchicpaint.com\/es\/wp-json\/wp\/v2\/media\/5772"}],"wp:attachment":[{"href":"https:\/\/nordicchicpaint.com\/es\/wp-json\/wp\/v2\/media?parent=6312"}],"wp:term":[{"taxonomy":"category","embeddable":true,"href":"https:\/\/nordicchicpaint.com\/es\/wp-json\/wp\/v2\/categories?post=6312"}],"curies":[{"name":"wp","href":"https:\/\/api.w.org\/{rel}","templated":true}]}}