{"id":6309,"date":"2022-05-05T08:24:28","date_gmt":"2022-05-05T06:24:28","guid":{"rendered":"https:\/\/nordicchicpaint.com\/medios-de-pintura\/"},"modified":"2025-03-10T10:36:15","modified_gmt":"2025-03-10T09:36:15","slug":"medios-de-pintura","status":"publish","type":"page","link":"https:\/\/nordicchicpaint.com\/es\/medios-de-pintura\/","title":{"rendered":"medios de pintura"},"content":{"rendered":"<section class=\"wpb-content-wrapper\"><p>[vc_row full_width=\u00bbstretch_row\u00bb el_class=\u00bbfarver-ops\u00e6tning\u00bb][vc_column]<div class=\"ult-spacer spacer-6a03ef01d6603\" data-id=\"6a03ef01d6603\" data-height=\"90\" data-height-mobile=\"60\" data-height-tab=\"90\" data-height-tab-portrait=\"60\" data-height-mobile-landscape=\"60\" style=\"clear:both;display:block;\"><\/div>[vc_row_inner][vc_column_inner width=\u00bb1\/6&#8243;][\/vc_column_inner][vc_column_inner width=\u00bb2\/3&#8243;][vc_column_text]<\/p>\n<h2 style=\"text-align: center;\">Medios de pintura Nordic Chic<\/h2>\n<p>Ofrecemos una variedad de productos y herramientas para \u00abmejorar\u00bb y elevar cualquier proyecto de pintura al siguiente nivel. Nuestros productos est\u00e1n desarrollados tanto para principiantes como para expertos. \u00a1Divi\u00e9rtete! Experimenta. \u00a1No hay l\u00edmites para lo que puedes crear!<\/p>\n<p>Tenemos North Sea Texture para agregar una sensaci\u00f3n arenosa y playera a tu proyecto, tambi\u00e9n ofrecemos un medio Crackle para crear la p\u00e1tina con sensaci\u00f3n del viejo mundo. Si quieres agregar brillo a tu proyecto, debes probar nuestro Fairydust: est\u00e1 hecho de mica, que es de grado de maquillaje y, por lo tanto, totalmente inofensivo para tu piel (tambi\u00e9n se puede usar para hacer barras de jab\u00f3n, etc.). Mezcla un poco de Fairydust en tu cera o capa superior y es f\u00e1cil de usar.<\/p>\n<p>Algunas personas usan Glaze para mejorar su superficie. Mezcla un poco de pintura del color deseado en el Glaze transparente y puedes agregarlo sobre tu pintura; simplemente limpia el exceso y de esa manera creas un esmalte de color. Tambi\u00e9n tenemos un esmalte plateado que agregar\u00e1 un hermoso brillo plateado a su superficie.<\/p>\n<p>Encuentre su distribuidor aqu\u00ed Distribuidores o compre aqu\u00ed <a href=\"http:\/\/www.nordicchic.eu\" target=\"_blank\" rel=\"noopener\">www.nordicchic.eu<\/a>.[\/vc_column_text][\/vc_column_inner][vc_column_inner width=\u00bb1\/6&#8243;][\/vc_column_inner][\/vc_row_inner]<div class=\"ult-spacer spacer-6a03ef01d6654\" data-id=\"6a03ef01d6654\" data-height=\"90\" data-height-mobile=\"60\" data-height-tab=\"90\" data-height-tab-portrait=\"60\" data-height-mobile-landscape=\"60\" style=\"clear:both;display:block;\"><\/div>[\/vc_column][\/vc_row]<\/p>\n<\/section>","protected":false},"excerpt":{"rendered":"<p>[vc_row full_width=\u00bbstretch_row\u00bb el_class=\u00bbfarver-ops\u00e6tning\u00bb][vc_column][vc_row_inner][vc_column_inner width=\u00bb1\/6&#8243;][\/vc_column_inner][vc_column_inner width=\u00bb2\/3&#8243;][vc_column_text] Medios de pintura Nordic Chic Ofrecemos una variedad de productos y herramientas para \u00abmejorar\u00bb y elevar cualquier proyecto de pintura al siguiente nivel. Nuestros productos est\u00e1n desarrollados tanto para principiantes como para expertos. \u00a1Divi\u00e9rtete! Experimenta. \u00a1No hay l\u00edmites para lo que puedes crear! Tenemos North Sea Texture para agregar una &#8230; <a title=\"medios de pintura\" class=\"read-more\" href=\"https:\/\/nordicchicpaint.com\/es\/medios-de-pintura\/\" aria-label=\"Leer m\u00e1s sobre medios de pintura\">Leer m\u00e1s<\/a><\/p>\n","protected":false},"author":1,"featured_media":5511,"parent":0,"menu_order":0,"comment_status":"closed","ping_status":"closed","template":"","meta":{"_acf_changed":false,"footnotes":""},"categories":[],"class_list":["post-6309","page","type-page","status-publish","has-post-thumbnail"],"acf":[],"yoast_head":"<!-- This site is optimized with the Yoast SEO plugin v23.4 - https:\/\/yoast.com\/wordpress\/plugins\/seo\/ -->\n<title>medios de pintura &#183; Nordic Chic\u00ae<\/title>\n<meta name=\"robots\" content=\"index, follow, max-snippet:-1, max-image-preview:large, max-video-preview:-1\" \/>\n<link rel=\"canonical\" href=\"https:\/\/nordicchicpaint.com\/es\/medios-de-pintura\/\" \/>\n<meta property=\"og:locale\" content=\"es_ES\" \/>\n<meta property=\"og:type\" content=\"article\" \/>\n<meta property=\"og:title\" content=\"medios de pintura &#183; Nordic Chic\u00ae\" \/>\n<meta property=\"og:description\" content=\"[vc_row full_width=\u00bbstretch_row\u00bb el_class=\u00bbfarver-ops\u00e6tning\u00bb][vc_column][vc_row_inner][vc_column_inner width=\u00bb1\/6&#8243;][\/vc_column_inner][vc_column_inner width=\u00bb2\/3&#8243;][vc_column_text] Medios de pintura Nordic Chic Ofrecemos una variedad de productos y herramientas para \u00abmejorar\u00bb y elevar cualquier proyecto de pintura al siguiente nivel. Nuestros productos est\u00e1n desarrollados tanto para principiantes como para expertos. \u00a1Divi\u00e9rtete! Experimenta. \u00a1No hay l\u00edmites para lo que puedes crear! Tenemos North Sea Texture para agregar una ... Leer m\u00e1s\" \/>\n<meta property=\"og:url\" content=\"https:\/\/nordicchicpaint.com\/es\/medios-de-pintura\/\" \/>\n<meta property=\"og:site_name\" content=\"Nordic Chic\u00ae\" \/>\n<meta property=\"article:modified_time\" content=\"2025-03-10T09:36:15+00:00\" \/>\n<meta property=\"og:image\" content=\"https:\/\/nordicchicpaint.com\/wp-content\/uploads\/2022\/05\/Crackle-1.jpg\" \/>\n\t<meta property=\"og:image:width\" content=\"1880\" \/>\n\t<meta property=\"og:image:height\" content=\"1576\" \/>\n\t<meta property=\"og:image:type\" content=\"image\/jpeg\" \/>\n<meta name=\"twitter:card\" content=\"summary_large_image\" \/>\n<meta name=\"twitter:label1\" content=\"Tiempo de lectura\" \/>\n\t<meta name=\"twitter:data1\" content=\"2 minutos\" \/>\n<script type=\"application\/ld+json\" class=\"yoast-schema-graph\">{\"@context\":\"https:\/\/schema.org\",\"@graph\":[{\"@type\":\"WebPage\",\"@id\":\"https:\/\/nordicchicpaint.com\/es\/medios-de-pintura\/\",\"url\":\"https:\/\/nordicchicpaint.com\/es\/medios-de-pintura\/\",\"name\":\"medios de pintura &#183; Nordic Chic\u00ae\",\"isPartOf\":{\"@id\":\"https:\/\/nordicchicpaint.com\/es\/#website\"},\"primaryImageOfPage\":{\"@id\":\"https:\/\/nordicchicpaint.com\/es\/medios-de-pintura\/#primaryimage\"},\"image\":{\"@id\":\"https:\/\/nordicchicpaint.com\/es\/medios-de-pintura\/#primaryimage\"},\"thumbnailUrl\":\"https:\/\/nordicchicpaint.com\/wp-content\/uploads\/2022\/05\/Crackle-1.jpg\",\"datePublished\":\"2022-05-05T06:24:28+00:00\",\"dateModified\":\"2025-03-10T09:36:15+00:00\",\"breadcrumb\":{\"@id\":\"https:\/\/nordicchicpaint.com\/es\/medios-de-pintura\/#breadcrumb\"},\"inLanguage\":\"es\",\"potentialAction\":[{\"@type\":\"ReadAction\",\"target\":[\"https:\/\/nordicchicpaint.com\/es\/medios-de-pintura\/\"]}]},{\"@type\":\"ImageObject\",\"inLanguage\":\"es\",\"@id\":\"https:\/\/nordicchicpaint.com\/es\/medios-de-pintura\/#primaryimage\",\"url\":\"https:\/\/nordicchicpaint.com\/wp-content\/uploads\/2022\/05\/Crackle-1.jpg\",\"contentUrl\":\"https:\/\/nordicchicpaint.com\/wp-content\/uploads\/2022\/05\/Crackle-1.jpg\",\"width\":1880,\"height\":1576},{\"@type\":\"BreadcrumbList\",\"@id\":\"https:\/\/nordicchicpaint.com\/es\/medios-de-pintura\/#breadcrumb\",\"itemListElement\":[{\"@type\":\"ListItem\",\"position\":1,\"name\":\"Hjem\",\"item\":\"https:\/\/nordicchicpaint.com\/es\/\"},{\"@type\":\"ListItem\",\"position\":2,\"name\":\"medios de pintura\"}]},{\"@type\":\"WebSite\",\"@id\":\"https:\/\/nordicchicpaint.com\/es\/#website\",\"url\":\"https:\/\/nordicchicpaint.com\/es\/\",\"name\":\"Nordic Chic\u00ae\",\"description\":\"Chalk paint for interior and exterior use\",\"publisher\":{\"@id\":\"https:\/\/nordicchicpaint.com\/es\/#organization\"},\"potentialAction\":[{\"@type\":\"SearchAction\",\"target\":{\"@type\":\"EntryPoint\",\"urlTemplate\":\"https:\/\/nordicchicpaint.com\/es\/?s={search_term_string}\"},\"query-input\":{\"@type\":\"PropertyValueSpecification\",\"valueRequired\":true,\"valueName\":\"search_term_string\"}}],\"inLanguage\":\"es\"},{\"@type\":\"Organization\",\"@id\":\"https:\/\/nordicchicpaint.com\/es\/#organization\",\"name\":\"Nordic Chic\u00ae\",\"url\":\"https:\/\/nordicchicpaint.com\/es\/\",\"logo\":{\"@type\":\"ImageObject\",\"inLanguage\":\"es\",\"@id\":\"https:\/\/nordicchicpaint.com\/es\/#\/schema\/logo\/image\/\",\"url\":\"https:\/\/nordicchicpaint.com\/wp-content\/uploads\/2021\/10\/logo.svg\",\"contentUrl\":\"https:\/\/nordicchicpaint.com\/wp-content\/uploads\/2021\/10\/logo.svg\",\"width\":479,\"height\":474,\"caption\":\"Nordic Chic\u00ae\"},\"image\":{\"@id\":\"https:\/\/nordicchicpaint.com\/es\/#\/schema\/logo\/image\/\"}}]}<\/script>\n<!-- \/ Yoast SEO plugin. -->","yoast_head_json":{"title":"medios de pintura &#183; Nordic Chic\u00ae","robots":{"index":"index","follow":"follow","max-snippet":"max-snippet:-1","max-image-preview":"max-image-preview:large","max-video-preview":"max-video-preview:-1"},"canonical":"https:\/\/nordicchicpaint.com\/es\/medios-de-pintura\/","og_locale":"es_ES","og_type":"article","og_title":"medios de pintura &#183; Nordic Chic\u00ae","og_description":"[vc_row full_width=\u00bbstretch_row\u00bb el_class=\u00bbfarver-ops\u00e6tning\u00bb][vc_column][vc_row_inner][vc_column_inner width=\u00bb1\/6&#8243;][\/vc_column_inner][vc_column_inner width=\u00bb2\/3&#8243;][vc_column_text] Medios de pintura Nordic Chic Ofrecemos una variedad de productos y herramientas para \u00abmejorar\u00bb y elevar cualquier proyecto de pintura al siguiente nivel. Nuestros productos est\u00e1n desarrollados tanto para principiantes como para expertos. \u00a1Divi\u00e9rtete! Experimenta. \u00a1No hay l\u00edmites para lo que puedes crear! Tenemos North Sea Texture para agregar una ... Leer m\u00e1s","og_url":"https:\/\/nordicchicpaint.com\/es\/medios-de-pintura\/","og_site_name":"Nordic Chic\u00ae","article_modified_time":"2025-03-10T09:36:15+00:00","og_image":[{"width":1880,"height":1576,"url":"https:\/\/nordicchicpaint.com\/wp-content\/uploads\/2022\/05\/Crackle-1.jpg","type":"image\/jpeg"}],"twitter_card":"summary_large_image","twitter_misc":{"Tiempo de lectura":"2 minutos"},"schema":{"@context":"https:\/\/schema.org","@graph":[{"@type":"WebPage","@id":"https:\/\/nordicchicpaint.com\/es\/medios-de-pintura\/","url":"https:\/\/nordicchicpaint.com\/es\/medios-de-pintura\/","name":"medios de pintura &#183; Nordic Chic\u00ae","isPartOf":{"@id":"https:\/\/nordicchicpaint.com\/es\/#website"},"primaryImageOfPage":{"@id":"https:\/\/nordicchicpaint.com\/es\/medios-de-pintura\/#primaryimage"},"image":{"@id":"https:\/\/nordicchicpaint.com\/es\/medios-de-pintura\/#primaryimage"},"thumbnailUrl":"https:\/\/nordicchicpaint.com\/wp-content\/uploads\/2022\/05\/Crackle-1.jpg","datePublished":"2022-05-05T06:24:28+00:00","dateModified":"2025-03-10T09:36:15+00:00","breadcrumb":{"@id":"https:\/\/nordicchicpaint.com\/es\/medios-de-pintura\/#breadcrumb"},"inLanguage":"es","potentialAction":[{"@type":"ReadAction","target":["https:\/\/nordicchicpaint.com\/es\/medios-de-pintura\/"]}]},{"@type":"ImageObject","inLanguage":"es","@id":"https:\/\/nordicchicpaint.com\/es\/medios-de-pintura\/#primaryimage","url":"https:\/\/nordicchicpaint.com\/wp-content\/uploads\/2022\/05\/Crackle-1.jpg","contentUrl":"https:\/\/nordicchicpaint.com\/wp-content\/uploads\/2022\/05\/Crackle-1.jpg","width":1880,"height":1576},{"@type":"BreadcrumbList","@id":"https:\/\/nordicchicpaint.com\/es\/medios-de-pintura\/#breadcrumb","itemListElement":[{"@type":"ListItem","position":1,"name":"Hjem","item":"https:\/\/nordicchicpaint.com\/es\/"},{"@type":"ListItem","position":2,"name":"medios de pintura"}]},{"@type":"WebSite","@id":"https:\/\/nordicchicpaint.com\/es\/#website","url":"https:\/\/nordicchicpaint.com\/es\/","name":"Nordic Chic\u00ae","description":"Chalk paint for interior and exterior use","publisher":{"@id":"https:\/\/nordicchicpaint.com\/es\/#organization"},"potentialAction":[{"@type":"SearchAction","target":{"@type":"EntryPoint","urlTemplate":"https:\/\/nordicchicpaint.com\/es\/?s={search_term_string}"},"query-input":{"@type":"PropertyValueSpecification","valueRequired":true,"valueName":"search_term_string"}}],"inLanguage":"es"},{"@type":"Organization","@id":"https:\/\/nordicchicpaint.com\/es\/#organization","name":"Nordic Chic\u00ae","url":"https:\/\/nordicchicpaint.com\/es\/","logo":{"@type":"ImageObject","inLanguage":"es","@id":"https:\/\/nordicchicpaint.com\/es\/#\/schema\/logo\/image\/","url":"https:\/\/nordicchicpaint.com\/wp-content\/uploads\/2021\/10\/logo.svg","contentUrl":"https:\/\/nordicchicpaint.com\/wp-content\/uploads\/2021\/10\/logo.svg","width":479,"height":474,"caption":"Nordic Chic\u00ae"},"image":{"@id":"https:\/\/nordicchicpaint.com\/es\/#\/schema\/logo\/image\/"}}]}},"_links":{"self":[{"href":"https:\/\/nordicchicpaint.com\/es\/wp-json\/wp\/v2\/pages\/6309"}],"collection":[{"href":"https:\/\/nordicchicpaint.com\/es\/wp-json\/wp\/v2\/pages"}],"about":[{"href":"https:\/\/nordicchicpaint.com\/es\/wp-json\/wp\/v2\/types\/page"}],"author":[{"embeddable":true,"href":"https:\/\/nordicchicpaint.com\/es\/wp-json\/wp\/v2\/users\/1"}],"replies":[{"embeddable":true,"href":"https:\/\/nordicchicpaint.com\/es\/wp-json\/wp\/v2\/comments?post=6309"}],"version-history":[{"count":2,"href":"https:\/\/nordicchicpaint.com\/es\/wp-json\/wp\/v2\/pages\/6309\/revisions"}],"predecessor-version":[{"id":6311,"href":"https:\/\/nordicchicpaint.com\/es\/wp-json\/wp\/v2\/pages\/6309\/revisions\/6311"}],"wp:featuredmedia":[{"embeddable":true,"href":"https:\/\/nordicchicpaint.com\/es\/wp-json\/wp\/v2\/media\/5511"}],"wp:attachment":[{"href":"https:\/\/nordicchicpaint.com\/es\/wp-json\/wp\/v2\/media?parent=6309"}],"wp:term":[{"taxonomy":"category","embeddable":true,"href":"https:\/\/nordicchicpaint.com\/es\/wp-json\/wp\/v2\/categories?post=6309"}],"curies":[{"name":"wp","href":"https:\/\/api.w.org\/{rel}","templated":true}]}}