{"id":5942,"date":"2021-10-21T12:22:36","date_gmt":"2021-10-21T10:22:36","guid":{"rendered":"https:\/\/nordicchicpaint.com\/versiegelung\/"},"modified":"2024-09-05T11:42:07","modified_gmt":"2024-09-05T09:42:07","slug":"versiegelung","status":"publish","type":"page","link":"https:\/\/nordicchicpaint.com\/de\/versiegelung\/","title":{"rendered":"Versiegelung"},"content":{"rendered":"<section class=\"wpb-content-wrapper\"><p>[vc_row full_width=&#8220;stretch_row&#8220;][vc_column]<div class=\"ult-spacer spacer-69e01b9b8eae2\" data-id=\"69e01b9b8eae2\" data-height=\"90\" data-height-mobile=\"60\" data-height-tab=\"90\" data-height-tab-portrait=\"60\" data-height-mobile-landscape=\"60\" style=\"clear:both;display:block;\"><\/div>[vc_row_inner][vc_column_inner width=&#8220;1\/6&#8243;][\/vc_column_inner][vc_column_inner width=&#8220;2\/3&#8243;][vc_column_text]<\/p>\n<h2 style=\"text-align: center;\">Wir bieten Ihnen zwei Produkte zur Versiegelung Ihres Lacks \u2013 Wachs und Decklack<\/h2>\n<p style=\"text-align: left;\">Sie sind beide praktisch geruchlos und einfach aufzutragen und zu verarbeiten.<\/p>\n<p style=\"text-align: left;\">Unser Topcoat ist au\u00dferdem EN 71-3-zertifiziert und kann daher sicher auf Kinderm\u00f6beln und Spielzeug verwendet werden.<\/p>\n<h3 style=\"text-align: left;\">Wie bewerbe ich mich?<\/h3>\n<p style=\"text-align: left;\">Stellen Sie sicher, dass Ihre Oberfl\u00e4che trocken und sauber und frei von Staub ist. Tragen Sie eine d\u00fcnne Schicht mit unseren speziellen Wachspinseln oder einem fusselfreien Tuch auf. Nach dem Auftragen ist es nach 30\u201345 Minuten trocken. Eine Schicht reicht aus.<\/p>\n<h3 style=\"text-align: left;\">Welche Tools Sie verwenden sollten<\/h3>\n<p style=\"text-align: left;\">Schauen Sie hier und entdecken Sie unsere tollen, exklusiven Pinsel. Dort finden Sie auch unseren fantastischen Wachspinsel, der das Auftragen von Wachs zum Traum macht.<\/p>\n<h3 style=\"text-align: left;\">Woraus besteht es?<\/h3>\n<p style=\"text-align: left;\">Das Nordic Chic Wachs besteht zu 100 % aus rein nat\u00fcrlichen Inhaltsstoffen wie Bienenwachs, Carnaubawachs, Candelillawachs, Ceresinwachsen und Isoparaffin.<\/p>\n<p style=\"text-align: left;\">Wenn Sie individuelle Farben f\u00fcr Ihr Wachs ben\u00f6tigen, k\u00f6nnen Sie etwas Nordic Chic Chalk-Farbe in der gew\u00fcnschten Farbe hinzuf\u00fcgen, diese gut mit Klarwachs vermischen und dann genauso auftragen So wie immer.<\/p>\n<p style=\"text-align: left;\">Sie k\u00f6nnen auch Ihre eigenen metallischen Wachse herstellen, indem Sie Nordic Chic Fairydust zum Klarwachs hinzuf\u00fcgen.<\/p>\n<p style=\"text-align: left;\">Das Wachs eignet sich auch hervorragend f\u00fcr die Verwendung auf unlackiertem Holz und Leder.<\/p>\n<h3 style=\"text-align: left;\">Wie bewerbe ich mich?<\/h3>\n<p style=\"text-align: left;\">Stellen Sie sicher, dass die Oberfl\u00e4che sauber und trocken ist. Tragen Sie eine d\u00fcnne Schicht auf, lassen Sie sie 12\u201314 Stunden trocknen und schleifen Sie sie anschlie\u00dfend leicht mit feink\u00f6rnigem Schleifpapier ab. Tragen Sie die n\u00e4chste d\u00fcnne Schicht auf und lassen Sie sie 12\u201314 Stunden trocknen. Anschlie\u00dfend ist es einsatzbereit.<\/p>\n<p style=\"text-align: left;\">Wir empfehlen Ihnen, zum Auftragen unseren Easy Topcoat Sponge zu verwenden, aber auch unsere flachen Synthetikpinsel funktionieren gut.<\/p>\n<p style=\"text-align: left;\">Sie k\u00f6nnen den Topcoat auch zusammen mit Nordic Chic Fairydust mischen, wenn Sie Metallic-Farben herstellen m\u00f6chten.<\/p>\n<p style=\"text-align: left;\">Sie k\u00f6nnen Ihr Wachs und Ihren Decklack bei unseren Nordic Chic-H\u00e4ndlern kaufen \u2013 eine Liste finden Sie <a href=\"https:\/\/nordicchicpaint.com\/de\/retailers-near-you\/\"> H\u00e4ndler in Ihrer N\u00e4he<\/a> oder im Webshop <a href=\"https:\/\/nordicchic.eu\/\" target=\"_blank\" rel=\"noopener\">hier<\/a><\/p>\n<p>[\/vc_column_text][\/vc_column_inner][vc_column_inner width=&#8220;1\/6&#8243;][\/vc_column_inner][\/vc_row_inner]<div class=\"ult-spacer spacer-69e01b9b8eb25\" data-id=\"69e01b9b8eb25\" data-height=\"90\" data-height-mobile=\"60\" data-height-tab=\"90\" data-height-tab-portrait=\"60\" data-height-mobile-landscape=\"60\" style=\"clear:both;display:block;\"><\/div>[\/vc_column][\/vc_row]<\/p>\n<\/section>","protected":false},"excerpt":{"rendered":"<p>[vc_row full_width=&#8220;stretch_row&#8220;][vc_column][vc_row_inner][vc_column_inner width=&#8220;1\/6&#8243;][\/vc_column_inner][vc_column_inner width=&#8220;2\/3&#8243;][vc_column_text] Wir bieten Ihnen zwei Produkte zur Versiegelung Ihres Lacks \u2013 Wachs und Decklack Sie sind beide praktisch geruchlos und einfach aufzutragen und zu verarbeiten. Unser Topcoat ist au\u00dferdem EN 71-3-zertifiziert und kann daher sicher auf Kinderm\u00f6beln und Spielzeug verwendet werden. Wie bewerbe ich mich? Stellen Sie sicher, dass Ihre Oberfl\u00e4che trocken &#8230; <a title=\"Versiegelung\" class=\"read-more\" href=\"https:\/\/nordicchicpaint.com\/de\/versiegelung\/\" aria-label=\"Mehr Informationen \u00fcber Versiegelung\">Weiterlesen &#8230;<\/a><\/p>\n","protected":false},"author":1,"featured_media":0,"parent":0,"menu_order":4,"comment_status":"closed","ping_status":"closed","template":"","meta":{"_acf_changed":false,"footnotes":""},"categories":[],"class_list":["post-5942","page","type-page","status-publish"],"acf":[],"yoast_head":"<!-- This site is optimized with the Yoast SEO plugin v23.4 - https:\/\/yoast.com\/wordpress\/plugins\/seo\/ -->\n<title>Versiegelung &#183; Nordic Chic\u00ae<\/title>\n<meta name=\"robots\" content=\"index, follow, max-snippet:-1, max-image-preview:large, max-video-preview:-1\" \/>\n<link rel=\"canonical\" href=\"https:\/\/nordicchicpaint.com\/de\/versiegelung\/\" \/>\n<meta property=\"og:locale\" content=\"de_DE\" \/>\n<meta property=\"og:type\" content=\"article\" \/>\n<meta property=\"og:title\" content=\"Versiegelung &#183; Nordic Chic\u00ae\" \/>\n<meta property=\"og:description\" content=\"[vc_row full_width=&#8220;stretch_row&#8220;][vc_column][vc_row_inner][vc_column_inner width=&#8220;1\/6&#8243;][\/vc_column_inner][vc_column_inner width=&#8220;2\/3&#8243;][vc_column_text] Wir bieten Ihnen zwei Produkte zur Versiegelung Ihres Lacks \u2013 Wachs und Decklack Sie sind beide praktisch geruchlos und einfach aufzutragen und zu verarbeiten. Unser Topcoat ist au\u00dferdem EN 71-3-zertifiziert und kann daher sicher auf Kinderm\u00f6beln und Spielzeug verwendet werden. Wie bewerbe ich mich? Stellen Sie sicher, dass Ihre Oberfl\u00e4che trocken ... Weiterlesen ...\" \/>\n<meta property=\"og:url\" content=\"https:\/\/nordicchicpaint.com\/de\/versiegelung\/\" \/>\n<meta property=\"og:site_name\" content=\"Nordic Chic\u00ae\" \/>\n<meta property=\"article:modified_time\" content=\"2024-09-05T09:42:07+00:00\" \/>\n<meta name=\"twitter:card\" content=\"summary_large_image\" \/>\n<meta name=\"twitter:label1\" content=\"Gesch\u00e4tzte Lesezeit\" \/>\n\t<meta name=\"twitter:data1\" content=\"2\u00a0Minuten\" \/>\n<script type=\"application\/ld+json\" class=\"yoast-schema-graph\">{\"@context\":\"https:\/\/schema.org\",\"@graph\":[{\"@type\":\"WebPage\",\"@id\":\"https:\/\/nordicchicpaint.com\/de\/versiegelung\/\",\"url\":\"https:\/\/nordicchicpaint.com\/de\/versiegelung\/\",\"name\":\"Versiegelung &#183; Nordic Chic\u00ae\",\"isPartOf\":{\"@id\":\"https:\/\/nordicchicpaint.com\/de\/#website\"},\"datePublished\":\"2021-10-21T10:22:36+00:00\",\"dateModified\":\"2024-09-05T09:42:07+00:00\",\"breadcrumb\":{\"@id\":\"https:\/\/nordicchicpaint.com\/de\/versiegelung\/#breadcrumb\"},\"inLanguage\":\"de\",\"potentialAction\":[{\"@type\":\"ReadAction\",\"target\":[\"https:\/\/nordicchicpaint.com\/de\/versiegelung\/\"]}]},{\"@type\":\"BreadcrumbList\",\"@id\":\"https:\/\/nordicchicpaint.com\/de\/versiegelung\/#breadcrumb\",\"itemListElement\":[{\"@type\":\"ListItem\",\"position\":1,\"name\":\"Hjem\",\"item\":\"https:\/\/nordicchicpaint.com\/de\/\"},{\"@type\":\"ListItem\",\"position\":2,\"name\":\"Versiegelung\"}]},{\"@type\":\"WebSite\",\"@id\":\"https:\/\/nordicchicpaint.com\/de\/#website\",\"url\":\"https:\/\/nordicchicpaint.com\/de\/\",\"name\":\"Nordic Chic\u00ae\",\"description\":\"Chalk paint for interior and exterior use\",\"publisher\":{\"@id\":\"https:\/\/nordicchicpaint.com\/de\/#organization\"},\"potentialAction\":[{\"@type\":\"SearchAction\",\"target\":{\"@type\":\"EntryPoint\",\"urlTemplate\":\"https:\/\/nordicchicpaint.com\/de\/?s={search_term_string}\"},\"query-input\":{\"@type\":\"PropertyValueSpecification\",\"valueRequired\":true,\"valueName\":\"search_term_string\"}}],\"inLanguage\":\"de\"},{\"@type\":\"Organization\",\"@id\":\"https:\/\/nordicchicpaint.com\/de\/#organization\",\"name\":\"Nordic Chic\u00ae\",\"url\":\"https:\/\/nordicchicpaint.com\/de\/\",\"logo\":{\"@type\":\"ImageObject\",\"inLanguage\":\"de\",\"@id\":\"https:\/\/nordicchicpaint.com\/de\/#\/schema\/logo\/image\/\",\"url\":\"https:\/\/nordicchicpaint.com\/wp-content\/uploads\/2021\/10\/logo.svg\",\"contentUrl\":\"https:\/\/nordicchicpaint.com\/wp-content\/uploads\/2021\/10\/logo.svg\",\"width\":479,\"height\":474,\"caption\":\"Nordic Chic\u00ae\"},\"image\":{\"@id\":\"https:\/\/nordicchicpaint.com\/de\/#\/schema\/logo\/image\/\"}}]}<\/script>\n<!-- \/ Yoast SEO plugin. -->","yoast_head_json":{"title":"Versiegelung &#183; Nordic Chic\u00ae","robots":{"index":"index","follow":"follow","max-snippet":"max-snippet:-1","max-image-preview":"max-image-preview:large","max-video-preview":"max-video-preview:-1"},"canonical":"https:\/\/nordicchicpaint.com\/de\/versiegelung\/","og_locale":"de_DE","og_type":"article","og_title":"Versiegelung &#183; Nordic Chic\u00ae","og_description":"[vc_row full_width=&#8220;stretch_row&#8220;][vc_column][vc_row_inner][vc_column_inner width=&#8220;1\/6&#8243;][\/vc_column_inner][vc_column_inner width=&#8220;2\/3&#8243;][vc_column_text] Wir bieten Ihnen zwei Produkte zur Versiegelung Ihres Lacks \u2013 Wachs und Decklack Sie sind beide praktisch geruchlos und einfach aufzutragen und zu verarbeiten. Unser Topcoat ist au\u00dferdem EN 71-3-zertifiziert und kann daher sicher auf Kinderm\u00f6beln und Spielzeug verwendet werden. Wie bewerbe ich mich? Stellen Sie sicher, dass Ihre Oberfl\u00e4che trocken ... Weiterlesen ...","og_url":"https:\/\/nordicchicpaint.com\/de\/versiegelung\/","og_site_name":"Nordic Chic\u00ae","article_modified_time":"2024-09-05T09:42:07+00:00","twitter_card":"summary_large_image","twitter_misc":{"Gesch\u00e4tzte Lesezeit":"2\u00a0Minuten"},"schema":{"@context":"https:\/\/schema.org","@graph":[{"@type":"WebPage","@id":"https:\/\/nordicchicpaint.com\/de\/versiegelung\/","url":"https:\/\/nordicchicpaint.com\/de\/versiegelung\/","name":"Versiegelung &#183; Nordic Chic\u00ae","isPartOf":{"@id":"https:\/\/nordicchicpaint.com\/de\/#website"},"datePublished":"2021-10-21T10:22:36+00:00","dateModified":"2024-09-05T09:42:07+00:00","breadcrumb":{"@id":"https:\/\/nordicchicpaint.com\/de\/versiegelung\/#breadcrumb"},"inLanguage":"de","potentialAction":[{"@type":"ReadAction","target":["https:\/\/nordicchicpaint.com\/de\/versiegelung\/"]}]},{"@type":"BreadcrumbList","@id":"https:\/\/nordicchicpaint.com\/de\/versiegelung\/#breadcrumb","itemListElement":[{"@type":"ListItem","position":1,"name":"Hjem","item":"https:\/\/nordicchicpaint.com\/de\/"},{"@type":"ListItem","position":2,"name":"Versiegelung"}]},{"@type":"WebSite","@id":"https:\/\/nordicchicpaint.com\/de\/#website","url":"https:\/\/nordicchicpaint.com\/de\/","name":"Nordic Chic\u00ae","description":"Chalk paint for interior and exterior use","publisher":{"@id":"https:\/\/nordicchicpaint.com\/de\/#organization"},"potentialAction":[{"@type":"SearchAction","target":{"@type":"EntryPoint","urlTemplate":"https:\/\/nordicchicpaint.com\/de\/?s={search_term_string}"},"query-input":{"@type":"PropertyValueSpecification","valueRequired":true,"valueName":"search_term_string"}}],"inLanguage":"de"},{"@type":"Organization","@id":"https:\/\/nordicchicpaint.com\/de\/#organization","name":"Nordic Chic\u00ae","url":"https:\/\/nordicchicpaint.com\/de\/","logo":{"@type":"ImageObject","inLanguage":"de","@id":"https:\/\/nordicchicpaint.com\/de\/#\/schema\/logo\/image\/","url":"https:\/\/nordicchicpaint.com\/wp-content\/uploads\/2021\/10\/logo.svg","contentUrl":"https:\/\/nordicchicpaint.com\/wp-content\/uploads\/2021\/10\/logo.svg","width":479,"height":474,"caption":"Nordic Chic\u00ae"},"image":{"@id":"https:\/\/nordicchicpaint.com\/de\/#\/schema\/logo\/image\/"}}]}},"_links":{"self":[{"href":"https:\/\/nordicchicpaint.com\/de\/wp-json\/wp\/v2\/pages\/5942"}],"collection":[{"href":"https:\/\/nordicchicpaint.com\/de\/wp-json\/wp\/v2\/pages"}],"about":[{"href":"https:\/\/nordicchicpaint.com\/de\/wp-json\/wp\/v2\/types\/page"}],"author":[{"embeddable":true,"href":"https:\/\/nordicchicpaint.com\/de\/wp-json\/wp\/v2\/users\/1"}],"replies":[{"embeddable":true,"href":"https:\/\/nordicchicpaint.com\/de\/wp-json\/wp\/v2\/comments?post=5942"}],"version-history":[{"count":2,"href":"https:\/\/nordicchicpaint.com\/de\/wp-json\/wp\/v2\/pages\/5942\/revisions"}],"predecessor-version":[{"id":5944,"href":"https:\/\/nordicchicpaint.com\/de\/wp-json\/wp\/v2\/pages\/5942\/revisions\/5944"}],"wp:attachment":[{"href":"https:\/\/nordicchicpaint.com\/de\/wp-json\/wp\/v2\/media?parent=5942"}],"wp:term":[{"taxonomy":"category","embeddable":true,"href":"https:\/\/nordicchicpaint.com\/de\/wp-json\/wp\/v2\/categories?post=5942"}],"curies":[{"name":"wp","href":"https:\/\/api.w.org\/{rel}","templated":true}]}}