{"id":5930,"date":"2022-05-05T08:24:28","date_gmt":"2022-05-05T06:24:28","guid":{"rendered":"https:\/\/nordicchicpaint.com\/farbmedien\/"},"modified":"2024-09-05T11:33:03","modified_gmt":"2024-09-05T09:33:03","slug":"farbmedien","status":"publish","type":"page","link":"https:\/\/nordicchicpaint.com\/de\/farbmedien\/","title":{"rendered":"Farbmedien"},"content":{"rendered":"<section class=\"wpb-content-wrapper\"><p>[vc_row full_width=&#8220;stretch_row&#8220; el_class=&#8220;farver-ops\u00e6tning&#8220;][vc_column]<div class=\"ult-spacer spacer-69f39e86b044e\" data-id=\"69f39e86b044e\" data-height=\"90\" data-height-mobile=\"60\" data-height-tab=\"90\" data-height-tab-portrait=\"60\" data-height-mobile-landscape=\"60\" style=\"clear:both;display:block;\"><\/div>[vc_row_inner][vc_column_inner width=&#8220;1\/6&#8243;][\/vc_column_inner][vc_column_inner width=&#8220;2\/3&#8243;][vc_column_text]<\/p>\n<h2 style=\"text-align: center;\">Nordic Chic-Farbmedien<\/h2>\n<p>Wir bieten eine Vielzahl von Produkten und Werkzeugen an, um jedes Malprojekt zu \u201everbessern\u201c und auf die n\u00e4chste Stufe zu heben. Unsere Produkte sind sowohl f\u00fcr Einsteiger als auch f\u00fcr Experten entwickelt. Viel Spa\u00df! Experiment. Ihrer Kreativit\u00e4t sind keine Grenzen gesetzt!<\/p>\n<p>Wir haben die Nordsee-Textur, um Ihrem Projekt ein sandiges Strandgef\u00fchl zu verleihen, und wir bieten auch ein Crackle-Medium an, um die Patina der alten Welt zu erzeugen. Wenn Sie Bling zu Ihrem Projekt hinzuf\u00fcgen m\u00f6chten, sollten Sie unseren Fairydust ausprobieren \u2013 er besteht aus Glimmer, der f\u00fcr Make-up geeignet ist und daher f\u00fcr Ihre Haut v\u00f6llig harmlos ist (er kann auch zur Herstellung von Seifenst\u00fccken usw. verwendet werden). Mischen Sie etwas Fairydust unter Wachs oder Topcoat und es ist einfach zu verwenden.<\/p>\n<p>Manche Menschen verwenden Glasur, um ihre Oberfl\u00e4che zu versch\u00f6nern. Mischen Sie ein wenig Farbe in der gew\u00fcnschten Farbe in die klare Glasur und geben Sie sie \u00fcber Ihre Farbe. Wischen Sie einfach die \u00fcbersch\u00fcssige Farbe ab und schon entsteht eine farbige Glasur. Wir haben auch eine Silberglasur, die Ihrer Oberfl\u00e4che einen wundersch\u00f6nen silbernen Glanz verleiht.<\/p>\n<p>Finden Sie Ihren H\u00e4ndler hier. H\u00e4ndler oder kaufen Sie hier <a href=\"http:\/\/www.nordicchic.eu\" target=\"_blank\" rel=\"noopener\">www.nordicchic.eu<\/a>.[\/vc_column_text][\/vc_column_inner][vc_column_inner width=&#8220;1\/6&#8243;][\/vc_column_inner][\/vc_row_inner]<div class=\"ult-spacer spacer-69f39e86b0496\" data-id=\"69f39e86b0496\" data-height=\"90\" data-height-mobile=\"60\" data-height-tab=\"90\" data-height-tab-portrait=\"60\" data-height-mobile-landscape=\"60\" style=\"clear:both;display:block;\"><\/div>[\/vc_column][\/vc_row]<\/p>\n<\/section>","protected":false},"excerpt":{"rendered":"<p>[vc_row full_width=&#8220;stretch_row&#8220; el_class=&#8220;farver-ops\u00e6tning&#8220;][vc_column][vc_row_inner][vc_column_inner width=&#8220;1\/6&#8243;][\/vc_column_inner][vc_column_inner width=&#8220;2\/3&#8243;][vc_column_text] Nordic Chic-Farbmedien Wir bieten eine Vielzahl von Produkten und Werkzeugen an, um jedes Malprojekt zu \u201everbessern\u201c und auf die n\u00e4chste Stufe zu heben. Unsere Produkte sind sowohl f\u00fcr Einsteiger als auch f\u00fcr Experten entwickelt. Viel Spa\u00df! Experiment. Ihrer Kreativit\u00e4t sind keine Grenzen gesetzt! Wir haben die Nordsee-Textur, um Ihrem Projekt &#8230; <a title=\"Farbmedien\" class=\"read-more\" href=\"https:\/\/nordicchicpaint.com\/de\/farbmedien\/\" aria-label=\"Mehr Informationen \u00fcber Farbmedien\">Weiterlesen &#8230;<\/a><\/p>\n","protected":false},"author":1,"featured_media":4233,"parent":0,"menu_order":0,"comment_status":"closed","ping_status":"closed","template":"","meta":{"_acf_changed":false,"footnotes":""},"categories":[],"class_list":["post-5930","page","type-page","status-publish","has-post-thumbnail"],"acf":[],"yoast_head":"<!-- This site is optimized with the Yoast SEO plugin v23.4 - https:\/\/yoast.com\/wordpress\/plugins\/seo\/ -->\n<title>Farbmedien &#183; Nordic Chic\u00ae<\/title>\n<meta name=\"robots\" content=\"index, follow, max-snippet:-1, max-image-preview:large, max-video-preview:-1\" \/>\n<link rel=\"canonical\" href=\"https:\/\/nordicchicpaint.com\/de\/farbmedien\/\" \/>\n<meta property=\"og:locale\" content=\"de_DE\" \/>\n<meta property=\"og:type\" content=\"article\" \/>\n<meta property=\"og:title\" content=\"Farbmedien &#183; Nordic Chic\u00ae\" \/>\n<meta property=\"og:description\" content=\"[vc_row full_width=&#8220;stretch_row&#8220; el_class=&#8220;farver-ops\u00e6tning&#8220;][vc_column][vc_row_inner][vc_column_inner width=&#8220;1\/6&#8243;][\/vc_column_inner][vc_column_inner width=&#8220;2\/3&#8243;][vc_column_text] Nordic Chic-Farbmedien Wir bieten eine Vielzahl von Produkten und Werkzeugen an, um jedes Malprojekt zu \u201everbessern\u201c und auf die n\u00e4chste Stufe zu heben. Unsere Produkte sind sowohl f\u00fcr Einsteiger als auch f\u00fcr Experten entwickelt. Viel Spa\u00df! Experiment. Ihrer Kreativit\u00e4t sind keine Grenzen gesetzt! Wir haben die Nordsee-Textur, um Ihrem Projekt ... Weiterlesen ...\" \/>\n<meta property=\"og:url\" content=\"https:\/\/nordicchicpaint.com\/de\/farbmedien\/\" \/>\n<meta property=\"og:site_name\" content=\"Nordic Chic\u00ae\" \/>\n<meta property=\"article:modified_time\" content=\"2024-09-05T09:33:03+00:00\" \/>\n<meta property=\"og:image\" content=\"https:\/\/nordicchicpaint.com\/wp-content\/uploads\/2022\/05\/Crackle-1.jpg\" \/>\n\t<meta property=\"og:image:width\" content=\"1880\" \/>\n\t<meta property=\"og:image:height\" content=\"1576\" \/>\n\t<meta property=\"og:image:type\" content=\"image\/jpeg\" \/>\n<meta name=\"twitter:card\" content=\"summary_large_image\" \/>\n<meta name=\"twitter:label1\" content=\"Gesch\u00e4tzte Lesezeit\" \/>\n\t<meta name=\"twitter:data1\" content=\"1\u00a0Minute\" \/>\n<script type=\"application\/ld+json\" class=\"yoast-schema-graph\">{\"@context\":\"https:\/\/schema.org\",\"@graph\":[{\"@type\":\"WebPage\",\"@id\":\"https:\/\/nordicchicpaint.com\/de\/farbmedien\/\",\"url\":\"https:\/\/nordicchicpaint.com\/de\/farbmedien\/\",\"name\":\"Farbmedien &#183; Nordic Chic\u00ae\",\"isPartOf\":{\"@id\":\"https:\/\/nordicchicpaint.com\/de\/#website\"},\"primaryImageOfPage\":{\"@id\":\"https:\/\/nordicchicpaint.com\/de\/farbmedien\/#primaryimage\"},\"image\":{\"@id\":\"https:\/\/nordicchicpaint.com\/de\/farbmedien\/#primaryimage\"},\"thumbnailUrl\":\"https:\/\/nordicchicpaint.com\/wp-content\/uploads\/2022\/05\/Crackle-1.jpg\",\"datePublished\":\"2022-05-05T06:24:28+00:00\",\"dateModified\":\"2024-09-05T09:33:03+00:00\",\"breadcrumb\":{\"@id\":\"https:\/\/nordicchicpaint.com\/de\/farbmedien\/#breadcrumb\"},\"inLanguage\":\"de\",\"potentialAction\":[{\"@type\":\"ReadAction\",\"target\":[\"https:\/\/nordicchicpaint.com\/de\/farbmedien\/\"]}]},{\"@type\":\"ImageObject\",\"inLanguage\":\"de\",\"@id\":\"https:\/\/nordicchicpaint.com\/de\/farbmedien\/#primaryimage\",\"url\":\"https:\/\/nordicchicpaint.com\/wp-content\/uploads\/2022\/05\/Crackle-1.jpg\",\"contentUrl\":\"https:\/\/nordicchicpaint.com\/wp-content\/uploads\/2022\/05\/Crackle-1.jpg\",\"width\":1880,\"height\":1576},{\"@type\":\"BreadcrumbList\",\"@id\":\"https:\/\/nordicchicpaint.com\/de\/farbmedien\/#breadcrumb\",\"itemListElement\":[{\"@type\":\"ListItem\",\"position\":1,\"name\":\"Hjem\",\"item\":\"https:\/\/nordicchicpaint.com\/de\/\"},{\"@type\":\"ListItem\",\"position\":2,\"name\":\"Farbmedien\"}]},{\"@type\":\"WebSite\",\"@id\":\"https:\/\/nordicchicpaint.com\/de\/#website\",\"url\":\"https:\/\/nordicchicpaint.com\/de\/\",\"name\":\"Nordic Chic\u00ae\",\"description\":\"Chalk paint for interior and exterior use\",\"publisher\":{\"@id\":\"https:\/\/nordicchicpaint.com\/de\/#organization\"},\"potentialAction\":[{\"@type\":\"SearchAction\",\"target\":{\"@type\":\"EntryPoint\",\"urlTemplate\":\"https:\/\/nordicchicpaint.com\/de\/?s={search_term_string}\"},\"query-input\":{\"@type\":\"PropertyValueSpecification\",\"valueRequired\":true,\"valueName\":\"search_term_string\"}}],\"inLanguage\":\"de\"},{\"@type\":\"Organization\",\"@id\":\"https:\/\/nordicchicpaint.com\/de\/#organization\",\"name\":\"Nordic Chic\u00ae\",\"url\":\"https:\/\/nordicchicpaint.com\/de\/\",\"logo\":{\"@type\":\"ImageObject\",\"inLanguage\":\"de\",\"@id\":\"https:\/\/nordicchicpaint.com\/de\/#\/schema\/logo\/image\/\",\"url\":\"https:\/\/nordicchicpaint.com\/wp-content\/uploads\/2021\/10\/logo.svg\",\"contentUrl\":\"https:\/\/nordicchicpaint.com\/wp-content\/uploads\/2021\/10\/logo.svg\",\"width\":479,\"height\":474,\"caption\":\"Nordic Chic\u00ae\"},\"image\":{\"@id\":\"https:\/\/nordicchicpaint.com\/de\/#\/schema\/logo\/image\/\"}}]}<\/script>\n<!-- \/ Yoast SEO plugin. -->","yoast_head_json":{"title":"Farbmedien &#183; Nordic Chic\u00ae","robots":{"index":"index","follow":"follow","max-snippet":"max-snippet:-1","max-image-preview":"max-image-preview:large","max-video-preview":"max-video-preview:-1"},"canonical":"https:\/\/nordicchicpaint.com\/de\/farbmedien\/","og_locale":"de_DE","og_type":"article","og_title":"Farbmedien &#183; Nordic Chic\u00ae","og_description":"[vc_row full_width=&#8220;stretch_row&#8220; el_class=&#8220;farver-ops\u00e6tning&#8220;][vc_column][vc_row_inner][vc_column_inner width=&#8220;1\/6&#8243;][\/vc_column_inner][vc_column_inner width=&#8220;2\/3&#8243;][vc_column_text] Nordic Chic-Farbmedien Wir bieten eine Vielzahl von Produkten und Werkzeugen an, um jedes Malprojekt zu \u201everbessern\u201c und auf die n\u00e4chste Stufe zu heben. Unsere Produkte sind sowohl f\u00fcr Einsteiger als auch f\u00fcr Experten entwickelt. Viel Spa\u00df! Experiment. Ihrer Kreativit\u00e4t sind keine Grenzen gesetzt! Wir haben die Nordsee-Textur, um Ihrem Projekt ... Weiterlesen ...","og_url":"https:\/\/nordicchicpaint.com\/de\/farbmedien\/","og_site_name":"Nordic Chic\u00ae","article_modified_time":"2024-09-05T09:33:03+00:00","og_image":[{"width":1880,"height":1576,"url":"https:\/\/nordicchicpaint.com\/wp-content\/uploads\/2022\/05\/Crackle-1.jpg","type":"image\/jpeg"}],"twitter_card":"summary_large_image","twitter_misc":{"Gesch\u00e4tzte Lesezeit":"1\u00a0Minute"},"schema":{"@context":"https:\/\/schema.org","@graph":[{"@type":"WebPage","@id":"https:\/\/nordicchicpaint.com\/de\/farbmedien\/","url":"https:\/\/nordicchicpaint.com\/de\/farbmedien\/","name":"Farbmedien &#183; Nordic Chic\u00ae","isPartOf":{"@id":"https:\/\/nordicchicpaint.com\/de\/#website"},"primaryImageOfPage":{"@id":"https:\/\/nordicchicpaint.com\/de\/farbmedien\/#primaryimage"},"image":{"@id":"https:\/\/nordicchicpaint.com\/de\/farbmedien\/#primaryimage"},"thumbnailUrl":"https:\/\/nordicchicpaint.com\/wp-content\/uploads\/2022\/05\/Crackle-1.jpg","datePublished":"2022-05-05T06:24:28+00:00","dateModified":"2024-09-05T09:33:03+00:00","breadcrumb":{"@id":"https:\/\/nordicchicpaint.com\/de\/farbmedien\/#breadcrumb"},"inLanguage":"de","potentialAction":[{"@type":"ReadAction","target":["https:\/\/nordicchicpaint.com\/de\/farbmedien\/"]}]},{"@type":"ImageObject","inLanguage":"de","@id":"https:\/\/nordicchicpaint.com\/de\/farbmedien\/#primaryimage","url":"https:\/\/nordicchicpaint.com\/wp-content\/uploads\/2022\/05\/Crackle-1.jpg","contentUrl":"https:\/\/nordicchicpaint.com\/wp-content\/uploads\/2022\/05\/Crackle-1.jpg","width":1880,"height":1576},{"@type":"BreadcrumbList","@id":"https:\/\/nordicchicpaint.com\/de\/farbmedien\/#breadcrumb","itemListElement":[{"@type":"ListItem","position":1,"name":"Hjem","item":"https:\/\/nordicchicpaint.com\/de\/"},{"@type":"ListItem","position":2,"name":"Farbmedien"}]},{"@type":"WebSite","@id":"https:\/\/nordicchicpaint.com\/de\/#website","url":"https:\/\/nordicchicpaint.com\/de\/","name":"Nordic Chic\u00ae","description":"Chalk paint for interior and exterior use","publisher":{"@id":"https:\/\/nordicchicpaint.com\/de\/#organization"},"potentialAction":[{"@type":"SearchAction","target":{"@type":"EntryPoint","urlTemplate":"https:\/\/nordicchicpaint.com\/de\/?s={search_term_string}"},"query-input":{"@type":"PropertyValueSpecification","valueRequired":true,"valueName":"search_term_string"}}],"inLanguage":"de"},{"@type":"Organization","@id":"https:\/\/nordicchicpaint.com\/de\/#organization","name":"Nordic Chic\u00ae","url":"https:\/\/nordicchicpaint.com\/de\/","logo":{"@type":"ImageObject","inLanguage":"de","@id":"https:\/\/nordicchicpaint.com\/de\/#\/schema\/logo\/image\/","url":"https:\/\/nordicchicpaint.com\/wp-content\/uploads\/2021\/10\/logo.svg","contentUrl":"https:\/\/nordicchicpaint.com\/wp-content\/uploads\/2021\/10\/logo.svg","width":479,"height":474,"caption":"Nordic Chic\u00ae"},"image":{"@id":"https:\/\/nordicchicpaint.com\/de\/#\/schema\/logo\/image\/"}}]}},"_links":{"self":[{"href":"https:\/\/nordicchicpaint.com\/de\/wp-json\/wp\/v2\/pages\/5930"}],"collection":[{"href":"https:\/\/nordicchicpaint.com\/de\/wp-json\/wp\/v2\/pages"}],"about":[{"href":"https:\/\/nordicchicpaint.com\/de\/wp-json\/wp\/v2\/types\/page"}],"author":[{"embeddable":true,"href":"https:\/\/nordicchicpaint.com\/de\/wp-json\/wp\/v2\/users\/1"}],"replies":[{"embeddable":true,"href":"https:\/\/nordicchicpaint.com\/de\/wp-json\/wp\/v2\/comments?post=5930"}],"version-history":[{"count":2,"href":"https:\/\/nordicchicpaint.com\/de\/wp-json\/wp\/v2\/pages\/5930\/revisions"}],"predecessor-version":[{"id":5932,"href":"https:\/\/nordicchicpaint.com\/de\/wp-json\/wp\/v2\/pages\/5930\/revisions\/5932"}],"wp:featuredmedia":[{"embeddable":true,"href":"https:\/\/nordicchicpaint.com\/de\/wp-json\/wp\/v2\/media\/4233"}],"wp:attachment":[{"href":"https:\/\/nordicchicpaint.com\/de\/wp-json\/wp\/v2\/media?parent=5930"}],"wp:term":[{"taxonomy":"category","embeddable":true,"href":"https:\/\/nordicchicpaint.com\/de\/wp-json\/wp\/v2\/categories?post=5930"}],"curies":[{"name":"wp","href":"https:\/\/api.w.org\/{rel}","templated":true}]}}