{"id":5229,"date":"2022-06-16T15:21:38","date_gmt":"2022-06-16T13:21:38","guid":{"rendered":"https:\/\/nordicchicpaint.com\/where-to-buy\/"},"modified":"2023-11-29T09:15:34","modified_gmt":"2023-11-29T08:15:34","slug":"where-to-buy","status":"publish","type":"page","link":"https:\/\/nordicchicpaint.com\/de\/where-to-buy\/","title":{"rendered":"Where to buy"},"content":{"rendered":"<section class=\"wpb-content-wrapper\"><p>[vc_row full_width=&#8220;stretch_row&#8220; css=&#8220;.vc_custom_1635498993306{background-color: #f7f7f7 !important;}&#8220;][vc_column]<div class=\"ult-spacer spacer-6a03ff2187020\" data-id=\"6a03ff2187020\" data-height=\"90\" data-height-mobile=\"60\" data-height-tab=\"90\" data-height-tab-portrait=\"60\" data-height-mobile-landscape=\"60\" style=\"clear:both;display:block;\"><\/div>[vc_text_separator title=&#8220;Finden Sie Ihren Artisan Enhancements-H\u00e4ndler&#8220; title_align=&#8220;separator_align_left&#8220; color=&#8220;custom&#8220; accent_color=&#8220;#333333&#8243;][vc_empty_space height=&#8220;30px&#8220;][vc_row_inner][vc_column_inner width=&#8220;1\/2&#8243;][vc_column_text]<\/p>\n<p class=\"x_MsoNormal\"><span lang=\"DE\">Finden Sie hier Ihren Artisan Enhancements-H\u00e4ndler und bringen Sie Ihre Malerei auf ein h\u00f6heres Niveau!<\/span><\/p>\n<p class=\"x_MsoNormal\"><b><span lang=\"DE\">Viel Spa\u00df! Experiment. Ihrer Kreativit\u00e4t sind keine Grenzen gesetzt!<\/span><\/b><\/p>\n<p class=\"x_MsoNormal\"><span lang=\"DE\">Alle unsere Artisan Enhancements-H\u00e4ndler k\u00f6nnen Ihnen eine erschwingliche, vielseitige, benutzerfreundliche und umweltfreundliche Quelle f\u00fcr dekorative Beschichtungen bieten. Sie stehen Ihnen bei Bedarf mit Rat und Tat zur Seite.<\/span><\/p>\n<p class=\"x_MsoNormal\"><span lang=\"DE\">\u00a0<\/span><\/p>\n<p class=\"x_MsoNormal\"><b><span lang=\"DE\">Unser Artisan Enhancements H\u00e4ndler angebot<\/span><\/b><\/p>\n<p class=\"x_MsoListParagraph\"><span lang=\"DE\">\u00b7\u00a0\u00a0\u00a0\u00a0\u00a0<\/span><span lang=\"DE\">8 gro\u00dfartige Produkte, mit denen Sie alles von Crackling- \u00fcber Metallfolien bis hin zu Decoupage herstellen k\u00f6nnen<\/span><\/p>\n<p class=\"x_MsoListParagraph\"><span lang=\"DE\">\u00b7\u00a0\u00a0\u00a0\u00a0\u00a0<\/span><span lang=\"DE\">2 fantastische Decklacke \u2013 einer zum Schutz im Innen- und Au\u00dfenbereich und einer f\u00fcr ein gl\u00e4nzendes, tiefes Finish<\/span><\/p>\n<p class=\"x_MsoListParagraph\"><span lang=\"DE\">\u00b7\u00a0\u00a0\u00a0\u00a0\u00a0<\/span><span lang=\"DE\">Pinsel und andere Werkzeuge, die Sie ben\u00f6tigen, um diese fantastischen Ergebnisse zu erzielen<\/span><\/p>\n<p class=\"x_MsoListParagraph\"><span lang=\"DE\">\u00b7\u00a0\u00a0\u00a0\u00a0\u00a0<\/span><span lang=\"DE\">Sie k\u00f6nnen sie verwenden, egal ob Sie ein Anf\u00e4nger oder ein Experte sind<\/span><\/p>\n<p class=\"x_MsoNormal\"><b><span lang=\"DE\">Werden Sie Artisan Enhancements-H\u00e4ndler<\/span><\/b><\/p>\n<p class=\"x_MsoNormal\"><span lang=\"DE\">Wenn Sie bereits Kreidefarbe verkaufen und Ihren Kunden diese fantastischen Produkte anbieten m\u00f6chten, sind Sie jederzeit herzlich willkommen, selbst ein Artisan Enhancements-H\u00e4ndler zu werden.<\/span><\/p>\n<p class=\"x_MsoNormal\"><span lang=\"DE\">Sie k\u00f6nnen es auch hier kaufen:\u00a0<a href=\"http:\/\/www.nordicchic.eu\/\" target=\"_blank\" rel=\"noopener noreferrer\" data-auth=\"NotApplicable\" data-linkindex=\"1\">www.nordicchic.eu<\/a>.<\/span><\/p>\n<p>[\/vc_column_text]<div class=\"ult-spacer spacer-6a03ff2187074\" data-id=\"6a03ff2187074\" data-height=\"0\" data-height-mobile=\"30\" data-height-tab=\"0\" data-height-tab-portrait=\"0\" data-height-mobile-landscape=\"30\" style=\"clear:both;display:block;\"><\/div>[\/vc_column_inner][vc_column_inner width=&#8220;1\/2&#8243;][vc_raw_html]PGlmcmFtZSBzcmM9Imh0dHBzOi8vd3d3Lmdvb2dsZS5jb20vbWFwcy9kL2VtYmVkP21pZD0xcmF1UkhEeGRuVWF2aTU0LWQ3dWRsdFZZY3lFIiB3aWR0aD0iMTAwJSIgaGVpZ2h0PSI1NDUiPjwvaWZyYW1lPg==[\/vc_raw_html][\/vc_column_inner][\/vc_row_inner]<div class=\"ult-spacer spacer-6a03ff218709f\" data-id=\"6a03ff218709f\" data-height=\"90\" data-height-mobile=\"60\" data-height-tab=\"90\" data-height-tab-portrait=\"60\" data-height-mobile-landscape=\"60\" style=\"clear:both;display:block;\"><\/div>[\/vc_column][\/vc_row]<\/p>\n<\/section>","protected":false},"excerpt":{"rendered":"<p>[vc_row full_width=&#8220;stretch_row&#8220; css=&#8220;.vc_custom_1635498993306{background-color: #f7f7f7 !important;}&#8220;][vc_column][vc_text_separator title=&#8220;Finden Sie Ihren Artisan Enhancements-H\u00e4ndler&#8220; title_align=&#8220;separator_align_left&#8220; color=&#8220;custom&#8220; accent_color=&#8220;#333333&#8243;][vc_empty_space height=&#8220;30px&#8220;][vc_row_inner][vc_column_inner width=&#8220;1\/2&#8243;][vc_column_text] Finden Sie hier Ihren Artisan Enhancements-H\u00e4ndler und bringen Sie Ihre Malerei auf ein h\u00f6heres Niveau! Viel Spa\u00df! Experiment. Ihrer Kreativit\u00e4t sind keine Grenzen gesetzt! Alle unsere Artisan Enhancements-H\u00e4ndler k\u00f6nnen Ihnen eine erschwingliche, vielseitige, benutzerfreundliche und umweltfreundliche Quelle f\u00fcr dekorative Beschichtungen &#8230; <a title=\"Where to buy\" class=\"read-more\" href=\"https:\/\/nordicchicpaint.com\/de\/where-to-buy\/\" aria-label=\"Mehr Informationen \u00fcber Where to buy\">Weiterlesen &#8230;<\/a><\/p>\n","protected":false},"author":1,"featured_media":4260,"parent":0,"menu_order":19,"comment_status":"closed","ping_status":"closed","template":"","meta":{"_acf_changed":false,"footnotes":""},"categories":[],"class_list":["post-5229","page","type-page","status-publish","has-post-thumbnail"],"acf":[],"yoast_head":"<!-- This site is optimized with the Yoast SEO plugin v23.4 - https:\/\/yoast.com\/wordpress\/plugins\/seo\/ -->\n<title>Where to buy &#183; Nordic Chic\u00ae<\/title>\n<meta name=\"robots\" content=\"index, follow, max-snippet:-1, max-image-preview:large, max-video-preview:-1\" \/>\n<link rel=\"canonical\" href=\"https:\/\/nordicchicpaint.com\/de\/where-to-buy\/\" \/>\n<meta property=\"og:locale\" content=\"de_DE\" \/>\n<meta property=\"og:type\" content=\"article\" \/>\n<meta property=\"og:title\" content=\"Where to buy &#183; Nordic Chic\u00ae\" \/>\n<meta property=\"og:description\" content=\"[vc_row full_width=&#8220;stretch_row&#8220; css=&#8220;.vc_custom_1635498993306{background-color: #f7f7f7 !important;}&#8220;][vc_column][vc_text_separator title=&#8220;Finden Sie Ihren Artisan Enhancements-H\u00e4ndler&#8220; title_align=&#8220;separator_align_left&#8220; color=&#8220;custom&#8220; accent_color=&#8220;#333333&#8243;][vc_empty_space height=&#8220;30px&#8220;][vc_row_inner][vc_column_inner width=&#8220;1\/2&#8243;][vc_column_text] Finden Sie hier Ihren Artisan Enhancements-H\u00e4ndler und bringen Sie Ihre Malerei auf ein h\u00f6heres Niveau! Viel Spa\u00df! Experiment. Ihrer Kreativit\u00e4t sind keine Grenzen gesetzt! Alle unsere Artisan Enhancements-H\u00e4ndler k\u00f6nnen Ihnen eine erschwingliche, vielseitige, benutzerfreundliche und umweltfreundliche Quelle f\u00fcr dekorative Beschichtungen ... Weiterlesen ...\" \/>\n<meta property=\"og:url\" content=\"https:\/\/nordicchicpaint.com\/de\/where-to-buy\/\" \/>\n<meta property=\"og:site_name\" content=\"Nordic Chic\u00ae\" \/>\n<meta property=\"article:modified_time\" content=\"2023-11-29T08:15:34+00:00\" \/>\n<meta property=\"og:image\" content=\"https:\/\/nordicchicpaint.com\/wp-content\/uploads\/2022\/07\/Clear-Finish-Grouped-WB-e1662455235298.webp\" \/>\n\t<meta property=\"og:image:width\" content=\"970\" \/>\n\t<meta property=\"og:image:height\" content=\"858\" \/>\n\t<meta property=\"og:image:type\" content=\"image\/webp\" \/>\n<meta name=\"twitter:card\" content=\"summary_large_image\" \/>\n<meta name=\"twitter:label1\" content=\"Gesch\u00e4tzte Lesezeit\" \/>\n\t<meta name=\"twitter:data1\" content=\"1\u00a0Minute\" \/>\n<script type=\"application\/ld+json\" class=\"yoast-schema-graph\">{\"@context\":\"https:\/\/schema.org\",\"@graph\":[{\"@type\":\"WebPage\",\"@id\":\"https:\/\/nordicchicpaint.com\/de\/where-to-buy\/\",\"url\":\"https:\/\/nordicchicpaint.com\/de\/where-to-buy\/\",\"name\":\"Where to buy &#183; Nordic Chic\u00ae\",\"isPartOf\":{\"@id\":\"https:\/\/nordicchicpaint.com\/de\/#website\"},\"primaryImageOfPage\":{\"@id\":\"https:\/\/nordicchicpaint.com\/de\/where-to-buy\/#primaryimage\"},\"image\":{\"@id\":\"https:\/\/nordicchicpaint.com\/de\/where-to-buy\/#primaryimage\"},\"thumbnailUrl\":\"https:\/\/nordicchicpaint.com\/wp-content\/uploads\/2022\/07\/Clear-Finish-Grouped-WB-e1662455235298.webp\",\"datePublished\":\"2022-06-16T13:21:38+00:00\",\"dateModified\":\"2023-11-29T08:15:34+00:00\",\"breadcrumb\":{\"@id\":\"https:\/\/nordicchicpaint.com\/de\/where-to-buy\/#breadcrumb\"},\"inLanguage\":\"de\",\"potentialAction\":[{\"@type\":\"ReadAction\",\"target\":[\"https:\/\/nordicchicpaint.com\/de\/where-to-buy\/\"]}]},{\"@type\":\"ImageObject\",\"inLanguage\":\"de\",\"@id\":\"https:\/\/nordicchicpaint.com\/de\/where-to-buy\/#primaryimage\",\"url\":\"https:\/\/nordicchicpaint.com\/wp-content\/uploads\/2022\/07\/Clear-Finish-Grouped-WB-e1662455235298.webp\",\"contentUrl\":\"https:\/\/nordicchicpaint.com\/wp-content\/uploads\/2022\/07\/Clear-Finish-Grouped-WB-e1662455235298.webp\",\"width\":970,\"height\":858},{\"@type\":\"BreadcrumbList\",\"@id\":\"https:\/\/nordicchicpaint.com\/de\/where-to-buy\/#breadcrumb\",\"itemListElement\":[{\"@type\":\"ListItem\",\"position\":1,\"name\":\"Hjem\",\"item\":\"https:\/\/nordicchicpaint.com\/de\/\"},{\"@type\":\"ListItem\",\"position\":2,\"name\":\"Where to buy\"}]},{\"@type\":\"WebSite\",\"@id\":\"https:\/\/nordicchicpaint.com\/de\/#website\",\"url\":\"https:\/\/nordicchicpaint.com\/de\/\",\"name\":\"Nordic Chic\u00ae\",\"description\":\"Chalk paint for interior and exterior use\",\"publisher\":{\"@id\":\"https:\/\/nordicchicpaint.com\/de\/#organization\"},\"potentialAction\":[{\"@type\":\"SearchAction\",\"target\":{\"@type\":\"EntryPoint\",\"urlTemplate\":\"https:\/\/nordicchicpaint.com\/de\/?s={search_term_string}\"},\"query-input\":{\"@type\":\"PropertyValueSpecification\",\"valueRequired\":true,\"valueName\":\"search_term_string\"}}],\"inLanguage\":\"de\"},{\"@type\":\"Organization\",\"@id\":\"https:\/\/nordicchicpaint.com\/de\/#organization\",\"name\":\"Nordic Chic\u00ae\",\"url\":\"https:\/\/nordicchicpaint.com\/de\/\",\"logo\":{\"@type\":\"ImageObject\",\"inLanguage\":\"de\",\"@id\":\"https:\/\/nordicchicpaint.com\/de\/#\/schema\/logo\/image\/\",\"url\":\"https:\/\/nordicchicpaint.com\/wp-content\/uploads\/2021\/10\/logo.svg\",\"contentUrl\":\"https:\/\/nordicchicpaint.com\/wp-content\/uploads\/2021\/10\/logo.svg\",\"width\":479,\"height\":474,\"caption\":\"Nordic Chic\u00ae\"},\"image\":{\"@id\":\"https:\/\/nordicchicpaint.com\/de\/#\/schema\/logo\/image\/\"}}]}<\/script>\n<!-- \/ Yoast SEO plugin. -->","yoast_head_json":{"title":"Where to buy &#183; Nordic Chic\u00ae","robots":{"index":"index","follow":"follow","max-snippet":"max-snippet:-1","max-image-preview":"max-image-preview:large","max-video-preview":"max-video-preview:-1"},"canonical":"https:\/\/nordicchicpaint.com\/de\/where-to-buy\/","og_locale":"de_DE","og_type":"article","og_title":"Where to buy &#183; Nordic Chic\u00ae","og_description":"[vc_row full_width=&#8220;stretch_row&#8220; css=&#8220;.vc_custom_1635498993306{background-color: #f7f7f7 !important;}&#8220;][vc_column][vc_text_separator title=&#8220;Finden Sie Ihren Artisan Enhancements-H\u00e4ndler&#8220; title_align=&#8220;separator_align_left&#8220; color=&#8220;custom&#8220; accent_color=&#8220;#333333&#8243;][vc_empty_space height=&#8220;30px&#8220;][vc_row_inner][vc_column_inner width=&#8220;1\/2&#8243;][vc_column_text] Finden Sie hier Ihren Artisan Enhancements-H\u00e4ndler und bringen Sie Ihre Malerei auf ein h\u00f6heres Niveau! Viel Spa\u00df! Experiment. Ihrer Kreativit\u00e4t sind keine Grenzen gesetzt! Alle unsere Artisan Enhancements-H\u00e4ndler k\u00f6nnen Ihnen eine erschwingliche, vielseitige, benutzerfreundliche und umweltfreundliche Quelle f\u00fcr dekorative Beschichtungen ... Weiterlesen ...","og_url":"https:\/\/nordicchicpaint.com\/de\/where-to-buy\/","og_site_name":"Nordic Chic\u00ae","article_modified_time":"2023-11-29T08:15:34+00:00","og_image":[{"width":970,"height":858,"url":"https:\/\/nordicchicpaint.com\/wp-content\/uploads\/2022\/07\/Clear-Finish-Grouped-WB-e1662455235298.webp","type":"image\/webp"}],"twitter_card":"summary_large_image","twitter_misc":{"Gesch\u00e4tzte Lesezeit":"1\u00a0Minute"},"schema":{"@context":"https:\/\/schema.org","@graph":[{"@type":"WebPage","@id":"https:\/\/nordicchicpaint.com\/de\/where-to-buy\/","url":"https:\/\/nordicchicpaint.com\/de\/where-to-buy\/","name":"Where to buy &#183; Nordic Chic\u00ae","isPartOf":{"@id":"https:\/\/nordicchicpaint.com\/de\/#website"},"primaryImageOfPage":{"@id":"https:\/\/nordicchicpaint.com\/de\/where-to-buy\/#primaryimage"},"image":{"@id":"https:\/\/nordicchicpaint.com\/de\/where-to-buy\/#primaryimage"},"thumbnailUrl":"https:\/\/nordicchicpaint.com\/wp-content\/uploads\/2022\/07\/Clear-Finish-Grouped-WB-e1662455235298.webp","datePublished":"2022-06-16T13:21:38+00:00","dateModified":"2023-11-29T08:15:34+00:00","breadcrumb":{"@id":"https:\/\/nordicchicpaint.com\/de\/where-to-buy\/#breadcrumb"},"inLanguage":"de","potentialAction":[{"@type":"ReadAction","target":["https:\/\/nordicchicpaint.com\/de\/where-to-buy\/"]}]},{"@type":"ImageObject","inLanguage":"de","@id":"https:\/\/nordicchicpaint.com\/de\/where-to-buy\/#primaryimage","url":"https:\/\/nordicchicpaint.com\/wp-content\/uploads\/2022\/07\/Clear-Finish-Grouped-WB-e1662455235298.webp","contentUrl":"https:\/\/nordicchicpaint.com\/wp-content\/uploads\/2022\/07\/Clear-Finish-Grouped-WB-e1662455235298.webp","width":970,"height":858},{"@type":"BreadcrumbList","@id":"https:\/\/nordicchicpaint.com\/de\/where-to-buy\/#breadcrumb","itemListElement":[{"@type":"ListItem","position":1,"name":"Hjem","item":"https:\/\/nordicchicpaint.com\/de\/"},{"@type":"ListItem","position":2,"name":"Where to buy"}]},{"@type":"WebSite","@id":"https:\/\/nordicchicpaint.com\/de\/#website","url":"https:\/\/nordicchicpaint.com\/de\/","name":"Nordic Chic\u00ae","description":"Chalk paint for interior and exterior use","publisher":{"@id":"https:\/\/nordicchicpaint.com\/de\/#organization"},"potentialAction":[{"@type":"SearchAction","target":{"@type":"EntryPoint","urlTemplate":"https:\/\/nordicchicpaint.com\/de\/?s={search_term_string}"},"query-input":{"@type":"PropertyValueSpecification","valueRequired":true,"valueName":"search_term_string"}}],"inLanguage":"de"},{"@type":"Organization","@id":"https:\/\/nordicchicpaint.com\/de\/#organization","name":"Nordic Chic\u00ae","url":"https:\/\/nordicchicpaint.com\/de\/","logo":{"@type":"ImageObject","inLanguage":"de","@id":"https:\/\/nordicchicpaint.com\/de\/#\/schema\/logo\/image\/","url":"https:\/\/nordicchicpaint.com\/wp-content\/uploads\/2021\/10\/logo.svg","contentUrl":"https:\/\/nordicchicpaint.com\/wp-content\/uploads\/2021\/10\/logo.svg","width":479,"height":474,"caption":"Nordic Chic\u00ae"},"image":{"@id":"https:\/\/nordicchicpaint.com\/de\/#\/schema\/logo\/image\/"}}]}},"_links":{"self":[{"href":"https:\/\/nordicchicpaint.com\/de\/wp-json\/wp\/v2\/pages\/5229"}],"collection":[{"href":"https:\/\/nordicchicpaint.com\/de\/wp-json\/wp\/v2\/pages"}],"about":[{"href":"https:\/\/nordicchicpaint.com\/de\/wp-json\/wp\/v2\/types\/page"}],"author":[{"embeddable":true,"href":"https:\/\/nordicchicpaint.com\/de\/wp-json\/wp\/v2\/users\/1"}],"replies":[{"embeddable":true,"href":"https:\/\/nordicchicpaint.com\/de\/wp-json\/wp\/v2\/comments?post=5229"}],"version-history":[{"count":2,"href":"https:\/\/nordicchicpaint.com\/de\/wp-json\/wp\/v2\/pages\/5229\/revisions"}],"predecessor-version":[{"id":5234,"href":"https:\/\/nordicchicpaint.com\/de\/wp-json\/wp\/v2\/pages\/5229\/revisions\/5234"}],"wp:featuredmedia":[{"embeddable":true,"href":"https:\/\/nordicchicpaint.com\/de\/wp-json\/wp\/v2\/media\/4260"}],"wp:attachment":[{"href":"https:\/\/nordicchicpaint.com\/de\/wp-json\/wp\/v2\/media?parent=5229"}],"wp:term":[{"taxonomy":"category","embeddable":true,"href":"https:\/\/nordicchicpaint.com\/de\/wp-json\/wp\/v2\/categories?post=5229"}],"curies":[{"name":"wp","href":"https:\/\/api.w.org\/{rel}","templated":true}]}}