{"id":5010,"date":"2021-10-21T12:22:36","date_gmt":"2021-10-21T10:22:36","guid":{"rendered":"https:\/\/nordicchicpaint.com\/handwerkliche-verbesserungen\/"},"modified":"2023-06-23T10:59:03","modified_gmt":"2023-06-23T08:59:03","slug":"handwerkliche-verbesserungen","status":"publish","type":"page","link":"https:\/\/nordicchicpaint.com\/de\/handwerkliche-verbesserungen\/","title":{"rendered":"Handwerkliche Verbesserungen"},"content":{"rendered":"<section class=\"wpb-content-wrapper\"><p>[vc_row full_width=&#8220;stretch_row&#8220; css=&#8220;.vc_custom_1655385546921{background-color: #f7f7f7 !important;}&#8220;][vc_column]<div class=\"ult-spacer spacer-69f158d4a5812\" data-id=\"69f158d4a5812\" data-height=\"90\" data-height-mobile=\"60\" data-height-tab=\"90\" data-height-tab-portrait=\"60\" data-height-mobile-landscape=\"60\" style=\"clear:both;display:block;\"><\/div>[vc_text_separator title=&#8220;Finden Sie Ihren Artisan Enhancements-H\u00e4ndler&#8220; title_align=&#8220;separator_align_left&#8220; color=&#8220;custom&#8220; accent_color=&#8220;#333333&#8243;][vc_empty_space height=&#8220;30px&#8220;][vc_row_inner][vc_column_inner width=&#8220;1\/2&#8243;][vc_column_text]Finden Sie hier Ihren Artisan Enhancements-H\u00e4ndler und bringen Sie Ihre Malerei auf ein h\u00f6heres Niveau!<\/p>\n<p>Spa\u00df haben! Experiment. Ihrer Kreativit\u00e4t sind keine Grenzen gesetzt!<\/p>\n<p>Alle unsere Artisan Enhancements-H\u00e4ndler k\u00f6nnen Ihnen eine erschwingliche, vielseitige, benutzerfreundliche und umweltfreundliche Quelle f\u00fcr dekorative Beschichtungen bieten. Sie stehen Ihnen bei Bedarf mit Rat und Tat zur Seite.<\/p>\n<p>Unser Artisan Enhancements-H\u00e4ndlerangebot<br \/>\n8 gro\u00dfartige Produkte, mit denen Sie alles von Crackling- \u00fcber Metallfolien bis hin zu Decoupage herstellen k\u00f6nnen<br \/>\n2 fantastische Decklacke \u2013 einer zum Schutz im Innen- und Au\u00dfenbereich und einer f\u00fcr ein gl\u00e4nzendes, tiefes Finish<br \/>\nPinsel und andere Werkzeuge, die Sie ben\u00f6tigen, um diese fantastischen Ergebnisse zu erzielen<br \/>\nSie k\u00f6nnen sie verwenden, egal ob Sie ein Anf\u00e4nger oder ein Experte sind<br \/>\nWerden Sie Artisan Enhancements-H\u00e4ndler<br \/>\nWenn Sie bereits Kreidefarbe verkaufen und Ihren Kunden diese fantastischen Produkte anbieten m\u00f6chten, sind Sie jederzeit herzlich willkommen, selbst ein Artisan Enhancements-H\u00e4ndler zu werden.[\/vc_column_text]<div class=\"ult-spacer spacer-69f158d4a585f\" data-id=\"69f158d4a585f\" data-height=\"0\" data-height-mobile=\"30\" data-height-tab=\"0\" data-height-tab-portrait=\"0\" data-height-mobile-landscape=\"30\" style=\"clear:both;display:block;\"><\/div>[\/vc_column_inner][vc_column_inner width=&#8220;1\/2&#8243;][vc_raw_html]PGlmcmFtZSBzcmM9Imh0dHBzOi8vd3d3Lmdvb2dsZS5jb20vbWFwcy9kL2VtYmVkP21pZD0xcmF1UkhEeGRuVWF2aTU0LWQ3dWRsdFZZY3lFIiB3aWR0aD0iMTAwJSIgaGVpZ2h0PSI1NDUiPjwvaWZyYW1lPg==[\/vc_raw_html][\/vc_column_inner][\/vc_row_inner]<div class=\"ult-spacer spacer-69f158d4a588a\" data-id=\"69f158d4a588a\" data-height=\"90\" data-height-mobile=\"60\" data-height-tab=\"90\" data-height-tab-portrait=\"60\" data-height-mobile-landscape=\"60\" style=\"clear:both;display:block;\"><\/div>[\/vc_column][\/vc_row][vc_row full_width=&#8220;stretch_row&#8220;][vc_column]<div class=\"ult-spacer spacer-69f158d4a58bf\" data-id=\"69f158d4a58bf\" data-height=\"90\" data-height-mobile=\"60\" data-height-tab=\"90\" data-height-tab-portrait=\"60\" data-height-mobile-landscape=\"60\" style=\"clear:both;display:block;\"><\/div>[vc_row_inner][vc_column_inner width=&#8220;1\/6&#8243;][\/vc_column_inner][vc_column_inner width=&#8220;2\/3&#8243;][vc_column_text]<br \/>\nVerbessern Sie Ihren Malstil<br \/>\nDie Mission und Leidenschaft von Artisan Enhancements\u00ae besteht darin, Fachh\u00e4ndlern f\u00fcr dekorative Farben eine erschwingliche, vielseitige, benutzerfreundliche und umweltfreundliche Quelle f\u00fcr dekorative Beschichtungen zu bieten. Sie bieten eine Vielzahl von Produkten und Werkzeugen an, um jedes Malprojekt zu \u201everbessern\u201c und auf die n\u00e4chste Stufe zu heben. Ihre Produkte wurden sowohl f\u00fcr Anf\u00e4nger als auch f\u00fcr Experten entwickelt. Spa\u00df haben! Experiment. Ihrer Kreativit\u00e4t sind keine Grenzen gesetzt!<\/p>\n<p>Artisan Enhancements\u00ae ist der Entwickler von umweltfreundlichen (und menschenfreundlichen), benutzerfreundlichen, innovativen dekorativen Farbmedien und Versiegelungen. Artisan Enhancements\u00ae arbeitet eng mit seinen Produktentwicklungs- und Fertigungsteams zusammen, um revolution\u00e4re Versiegelungen und Farbmedien zu entwickeln. Sie f\u00f6rdern und f\u00f6rdern einen umweltbewussten Umgang mit der Welt der dekorativen Malerei und Kunstveredelung.<\/p>\n<p>Wir k\u00f6nnen Ihnen hier bei Nordic Chic alle Produkte anbieten und wenn Sie keinen Nordic Chic-H\u00e4ndler in Ihrer N\u00e4he haben, sind Sie in unserem Webshop herzlich willkommen<\/p>\n<p>Es gibt unz\u00e4hlige M\u00f6glichkeiten mit diesen Produkten und wir empfehlen Ihnen, einen Blick auf unsere Pinterest-Seite zu werfen, die jede Menge Inspiration von Artisan Enhancements enth\u00e4lt.<\/p>\n<p>[\/vc_column_text][\/vc_column_inner][vc_column_inner width=&#8220;1\/6&#8243;][\/vc_column_inner][\/vc_row_inner][vc_empty_space height=&#8220;60px&#8220;][vc_media_grid element_width=&#8220;2&#8243; gap=&#8220;20&#8243; grid_id=&#8220;vc_gid:1655385358022-a5107c8a-bd1a-2&#8243; include=&#8220;3431,3432,3433,3434,3435,3436,3437,3438,3439,3440,3444,3445&#8243;]<div class=\"ult-spacer spacer-69f158d4a58e6\" data-id=\"69f158d4a58e6\" data-height=\"90\" data-height-mobile=\"60\" data-height-tab=\"90\" data-height-tab-portrait=\"60\" data-height-mobile-landscape=\"60\" style=\"clear:both;display:block;\"><\/div>[\/vc_column][\/vc_row][vc_row full_width=&#8220;stretch_row&#8220;][vc_column]<div class=\"ult-spacer spacer-69f158d4a590d\" data-id=\"69f158d4a590d\" data-height=\"90\" data-height-mobile=\"60\" data-height-tab=\"90\" data-height-tab-portrait=\"60\" data-height-mobile-landscape=\"60\" style=\"clear:both;display:block;\"><\/div>[vc_row_inner][vc_column_inner width=&#8220;1\/2&#8243;][vc_column_text]<\/p>\n<h3>Tutorials<\/h3>\n<ul>\n<li><a href=\"\/wp-content\/uploads\/2022\/05\/aechippycanvas-1.pdf\" target=\"_blank\" rel=\"noopener\">Chippy Canvas<\/a><\/li>\n<li><a href=\"\/wp-content\/uploads\/2022\/05\/finestone_chippystone-1.pdf\" target=\"_blank\" rel=\"noopener\">Finestone chippystone<\/a><\/li>\n<li><a href=\"\/wp-content\/uploads\/2022\/05\/leaffoil2tech-1.pdf\" target=\"_blank\" rel=\"noopener\">Leaf &amp; Foil teknik<\/a><\/li>\n<li><a href=\"\/wp-content\/uploads\/2022\/05\/leaffoilburnished-1.pdf\" target=\"_blank\" rel=\"noopener\">Leaf &amp; Fiol Burnished<\/a><\/li>\n<li><a href=\"\/wp-content\/uploads\/2022\/05\/transfergel-1.pdf\" target=\"_blank\" rel=\"noopener\">Transfergel<\/a><\/li>\n<\/ul>\n<p>[\/vc_column_text]<div class=\"ult-spacer spacer-69f158d4a5932\" data-id=\"69f158d4a5932\" data-height=\"0\" data-height-mobile=\"15\" data-height-tab=\"0\" data-height-tab-portrait=\"0\" data-height-mobile-landscape=\"15\" style=\"clear:both;display:block;\"><\/div>[\/vc_column_inner][vc_column_inner width=&#8220;1\/2&#8243;][vc_column_text]<\/p>\n<h3>Artisan Enhancements-Produkte<\/h3>\n<ul>\n<li><a href=\"\/wp-content\/uploads\/2022\/05\/VP-Antico-Artisan-Enhancements-TS.pdf\" target=\"_blank\" rel=\"noopener\">VP Antico<\/a><\/li>\n<li><a href=\"\/wp-content\/uploads\/2022\/05\/Transfer-Gel-Artisan-Enhancements-TS.pdf\" target=\"_blank\" rel=\"noopener\">Transfer Gel<\/a><\/li>\n<li><a href=\"\/wp-content\/uploads\/2022\/05\/Scumble-Artisan-Enhancements-TS.pdf\" target=\"_blank\" rel=\"noopener\">Scumble<\/a><\/li>\n<li><a href=\"\/wp-content\/uploads\/2022\/05\/Pearl-Plaster-Artisan-Enhancements-TS.pdf\" target=\"_blank\" rel=\"noopener\">Pearl Plaster<\/a><\/li>\n<li><a href=\"\/wp-content\/uploads\/2022\/05\/Fine-Stone-Artisan-Enhancements-TS.pdf\" target=\"_blank\" rel=\"noopener\">Fine Stone<\/a><\/li>\n<li><a href=\"\/wp-content\/uploads\/2022\/05\/Leaf-Foil-Artisan-Enhancements-TS.pdf\" target=\"_blank\" rel=\"noopener\">Leaf &amp; Foil<\/a><\/li>\n<li><a href=\"\/wp-content\/uploads\/2022\/05\/Easy-Crackle-Artisan-Enhancements-TS.pdf\" target=\"_blank\" rel=\"noopener\">Easy Crackle<\/a><\/li>\n<li><a href=\"\/wp-content\/uploads\/2022\/05\/Crackle-Tex-Artisan-Enhancements-TS.pdf\" target=\"_blank\" rel=\"noopener\">Crackle Tex<\/a><\/li>\n<li><a href=\"\/wp-content\/uploads\/2022\/05\/Clear-TopCoat-Artisan-Enhancements-TS2.pdf\" target=\"_blank\" rel=\"noopener\">Clear TopCoat<\/a><\/li>\n<li><a href=\"\/wp-content\/uploads\/2022\/05\/Clear-Finish-Artisan-Enhancements-TS2.pdf\" target=\"_blank\" rel=\"noopener\">Clear Finish<\/a><\/li>\n<\/ul>\n<p>[\/vc_column_text][\/vc_column_inner][\/vc_row_inner]<div class=\"ult-spacer spacer-69f158d4a5957\" data-id=\"69f158d4a5957\" data-height=\"90\" data-height-mobile=\"60\" data-height-tab=\"90\" data-height-tab-portrait=\"60\" data-height-mobile-landscape=\"60\" style=\"clear:both;display:block;\"><\/div>[\/vc_column][\/vc_row]<\/p>\n<\/section>","protected":false},"excerpt":{"rendered":"<p>[vc_row full_width=&#8220;stretch_row&#8220; css=&#8220;.vc_custom_1655385546921{background-color: #f7f7f7 !important;}&#8220;][vc_column][vc_text_separator title=&#8220;Finden Sie Ihren Artisan Enhancements-H\u00e4ndler&#8220; title_align=&#8220;separator_align_left&#8220; color=&#8220;custom&#8220; accent_color=&#8220;#333333&#8243;][vc_empty_space height=&#8220;30px&#8220;][vc_row_inner][vc_column_inner width=&#8220;1\/2&#8243;][vc_column_text]Finden Sie hier Ihren Artisan Enhancements-H\u00e4ndler und bringen Sie Ihre Malerei auf ein h\u00f6heres Niveau! Spa\u00df haben! Experiment. Ihrer Kreativit\u00e4t sind keine Grenzen gesetzt! Alle unsere Artisan Enhancements-H\u00e4ndler k\u00f6nnen Ihnen eine erschwingliche, vielseitige, benutzerfreundliche und umweltfreundliche Quelle f\u00fcr dekorative Beschichtungen bieten. &#8230; <a title=\"Handwerkliche Verbesserungen\" class=\"read-more\" href=\"https:\/\/nordicchicpaint.com\/de\/handwerkliche-verbesserungen\/\" aria-label=\"Mehr Informationen \u00fcber Handwerkliche Verbesserungen\">Weiterlesen &#8230;<\/a><\/p>\n","protected":false},"author":1,"featured_media":0,"parent":0,"menu_order":5,"comment_status":"closed","ping_status":"closed","template":"","meta":{"_acf_changed":false,"footnotes":""},"categories":[],"class_list":["post-5010","page","type-page","status-publish"],"acf":[],"yoast_head":"<!-- This site is optimized with the Yoast SEO plugin v23.4 - https:\/\/yoast.com\/wordpress\/plugins\/seo\/ -->\n<title>Handwerkliche Verbesserungen &#183; Nordic Chic\u00ae<\/title>\n<meta name=\"robots\" content=\"index, follow, max-snippet:-1, max-image-preview:large, max-video-preview:-1\" \/>\n<link rel=\"canonical\" href=\"https:\/\/nordicchicpaint.com\/de\/handwerkliche-verbesserungen\/\" \/>\n<meta property=\"og:locale\" content=\"de_DE\" \/>\n<meta property=\"og:type\" content=\"article\" \/>\n<meta property=\"og:title\" content=\"Handwerkliche Verbesserungen &#183; Nordic Chic\u00ae\" \/>\n<meta property=\"og:description\" content=\"[vc_row full_width=&#8220;stretch_row&#8220; css=&#8220;.vc_custom_1655385546921{background-color: #f7f7f7 !important;}&#8220;][vc_column][vc_text_separator title=&#8220;Finden Sie Ihren Artisan Enhancements-H\u00e4ndler&#8220; title_align=&#8220;separator_align_left&#8220; color=&#8220;custom&#8220; accent_color=&#8220;#333333&#8243;][vc_empty_space height=&#8220;30px&#8220;][vc_row_inner][vc_column_inner width=&#8220;1\/2&#8243;][vc_column_text]Finden Sie hier Ihren Artisan Enhancements-H\u00e4ndler und bringen Sie Ihre Malerei auf ein h\u00f6heres Niveau! Spa\u00df haben! Experiment. Ihrer Kreativit\u00e4t sind keine Grenzen gesetzt! Alle unsere Artisan Enhancements-H\u00e4ndler k\u00f6nnen Ihnen eine erschwingliche, vielseitige, benutzerfreundliche und umweltfreundliche Quelle f\u00fcr dekorative Beschichtungen bieten. ... Weiterlesen ...\" \/>\n<meta property=\"og:url\" content=\"https:\/\/nordicchicpaint.com\/de\/handwerkliche-verbesserungen\/\" \/>\n<meta property=\"og:site_name\" content=\"Nordic Chic\u00ae\" \/>\n<meta property=\"article:modified_time\" content=\"2023-06-23T08:59:03+00:00\" \/>\n<meta name=\"twitter:card\" content=\"summary_large_image\" \/>\n<meta name=\"twitter:label1\" content=\"Gesch\u00e4tzte Lesezeit\" \/>\n\t<meta name=\"twitter:data1\" content=\"4\u00a0Minuten\" \/>\n<script type=\"application\/ld+json\" class=\"yoast-schema-graph\">{\"@context\":\"https:\/\/schema.org\",\"@graph\":[{\"@type\":\"WebPage\",\"@id\":\"https:\/\/nordicchicpaint.com\/de\/handwerkliche-verbesserungen\/\",\"url\":\"https:\/\/nordicchicpaint.com\/de\/handwerkliche-verbesserungen\/\",\"name\":\"Handwerkliche Verbesserungen &#183; Nordic Chic\u00ae\",\"isPartOf\":{\"@id\":\"https:\/\/nordicchicpaint.com\/de\/#website\"},\"datePublished\":\"2021-10-21T10:22:36+00:00\",\"dateModified\":\"2023-06-23T08:59:03+00:00\",\"breadcrumb\":{\"@id\":\"https:\/\/nordicchicpaint.com\/de\/handwerkliche-verbesserungen\/#breadcrumb\"},\"inLanguage\":\"de\",\"potentialAction\":[{\"@type\":\"ReadAction\",\"target\":[\"https:\/\/nordicchicpaint.com\/de\/handwerkliche-verbesserungen\/\"]}]},{\"@type\":\"BreadcrumbList\",\"@id\":\"https:\/\/nordicchicpaint.com\/de\/handwerkliche-verbesserungen\/#breadcrumb\",\"itemListElement\":[{\"@type\":\"ListItem\",\"position\":1,\"name\":\"Hjem\",\"item\":\"https:\/\/nordicchicpaint.com\/de\/\"},{\"@type\":\"ListItem\",\"position\":2,\"name\":\"Handwerkliche Verbesserungen\"}]},{\"@type\":\"WebSite\",\"@id\":\"https:\/\/nordicchicpaint.com\/de\/#website\",\"url\":\"https:\/\/nordicchicpaint.com\/de\/\",\"name\":\"Nordic Chic\u00ae\",\"description\":\"Chalk paint for interior and exterior use\",\"publisher\":{\"@id\":\"https:\/\/nordicchicpaint.com\/de\/#organization\"},\"potentialAction\":[{\"@type\":\"SearchAction\",\"target\":{\"@type\":\"EntryPoint\",\"urlTemplate\":\"https:\/\/nordicchicpaint.com\/de\/?s={search_term_string}\"},\"query-input\":{\"@type\":\"PropertyValueSpecification\",\"valueRequired\":true,\"valueName\":\"search_term_string\"}}],\"inLanguage\":\"de\"},{\"@type\":\"Organization\",\"@id\":\"https:\/\/nordicchicpaint.com\/de\/#organization\",\"name\":\"Nordic Chic\u00ae\",\"url\":\"https:\/\/nordicchicpaint.com\/de\/\",\"logo\":{\"@type\":\"ImageObject\",\"inLanguage\":\"de\",\"@id\":\"https:\/\/nordicchicpaint.com\/de\/#\/schema\/logo\/image\/\",\"url\":\"https:\/\/nordicchicpaint.com\/wp-content\/uploads\/2021\/10\/logo.svg\",\"contentUrl\":\"https:\/\/nordicchicpaint.com\/wp-content\/uploads\/2021\/10\/logo.svg\",\"width\":479,\"height\":474,\"caption\":\"Nordic Chic\u00ae\"},\"image\":{\"@id\":\"https:\/\/nordicchicpaint.com\/de\/#\/schema\/logo\/image\/\"}}]}<\/script>\n<!-- \/ Yoast SEO plugin. -->","yoast_head_json":{"title":"Handwerkliche Verbesserungen &#183; Nordic Chic\u00ae","robots":{"index":"index","follow":"follow","max-snippet":"max-snippet:-1","max-image-preview":"max-image-preview:large","max-video-preview":"max-video-preview:-1"},"canonical":"https:\/\/nordicchicpaint.com\/de\/handwerkliche-verbesserungen\/","og_locale":"de_DE","og_type":"article","og_title":"Handwerkliche Verbesserungen &#183; Nordic Chic\u00ae","og_description":"[vc_row full_width=&#8220;stretch_row&#8220; css=&#8220;.vc_custom_1655385546921{background-color: #f7f7f7 !important;}&#8220;][vc_column][vc_text_separator title=&#8220;Finden Sie Ihren Artisan Enhancements-H\u00e4ndler&#8220; title_align=&#8220;separator_align_left&#8220; color=&#8220;custom&#8220; accent_color=&#8220;#333333&#8243;][vc_empty_space height=&#8220;30px&#8220;][vc_row_inner][vc_column_inner width=&#8220;1\/2&#8243;][vc_column_text]Finden Sie hier Ihren Artisan Enhancements-H\u00e4ndler und bringen Sie Ihre Malerei auf ein h\u00f6heres Niveau! Spa\u00df haben! Experiment. Ihrer Kreativit\u00e4t sind keine Grenzen gesetzt! Alle unsere Artisan Enhancements-H\u00e4ndler k\u00f6nnen Ihnen eine erschwingliche, vielseitige, benutzerfreundliche und umweltfreundliche Quelle f\u00fcr dekorative Beschichtungen bieten. ... Weiterlesen ...","og_url":"https:\/\/nordicchicpaint.com\/de\/handwerkliche-verbesserungen\/","og_site_name":"Nordic Chic\u00ae","article_modified_time":"2023-06-23T08:59:03+00:00","twitter_card":"summary_large_image","twitter_misc":{"Gesch\u00e4tzte Lesezeit":"4\u00a0Minuten"},"schema":{"@context":"https:\/\/schema.org","@graph":[{"@type":"WebPage","@id":"https:\/\/nordicchicpaint.com\/de\/handwerkliche-verbesserungen\/","url":"https:\/\/nordicchicpaint.com\/de\/handwerkliche-verbesserungen\/","name":"Handwerkliche Verbesserungen &#183; Nordic Chic\u00ae","isPartOf":{"@id":"https:\/\/nordicchicpaint.com\/de\/#website"},"datePublished":"2021-10-21T10:22:36+00:00","dateModified":"2023-06-23T08:59:03+00:00","breadcrumb":{"@id":"https:\/\/nordicchicpaint.com\/de\/handwerkliche-verbesserungen\/#breadcrumb"},"inLanguage":"de","potentialAction":[{"@type":"ReadAction","target":["https:\/\/nordicchicpaint.com\/de\/handwerkliche-verbesserungen\/"]}]},{"@type":"BreadcrumbList","@id":"https:\/\/nordicchicpaint.com\/de\/handwerkliche-verbesserungen\/#breadcrumb","itemListElement":[{"@type":"ListItem","position":1,"name":"Hjem","item":"https:\/\/nordicchicpaint.com\/de\/"},{"@type":"ListItem","position":2,"name":"Handwerkliche Verbesserungen"}]},{"@type":"WebSite","@id":"https:\/\/nordicchicpaint.com\/de\/#website","url":"https:\/\/nordicchicpaint.com\/de\/","name":"Nordic Chic\u00ae","description":"Chalk paint for interior and exterior use","publisher":{"@id":"https:\/\/nordicchicpaint.com\/de\/#organization"},"potentialAction":[{"@type":"SearchAction","target":{"@type":"EntryPoint","urlTemplate":"https:\/\/nordicchicpaint.com\/de\/?s={search_term_string}"},"query-input":{"@type":"PropertyValueSpecification","valueRequired":true,"valueName":"search_term_string"}}],"inLanguage":"de"},{"@type":"Organization","@id":"https:\/\/nordicchicpaint.com\/de\/#organization","name":"Nordic Chic\u00ae","url":"https:\/\/nordicchicpaint.com\/de\/","logo":{"@type":"ImageObject","inLanguage":"de","@id":"https:\/\/nordicchicpaint.com\/de\/#\/schema\/logo\/image\/","url":"https:\/\/nordicchicpaint.com\/wp-content\/uploads\/2021\/10\/logo.svg","contentUrl":"https:\/\/nordicchicpaint.com\/wp-content\/uploads\/2021\/10\/logo.svg","width":479,"height":474,"caption":"Nordic Chic\u00ae"},"image":{"@id":"https:\/\/nordicchicpaint.com\/de\/#\/schema\/logo\/image\/"}}]}},"_links":{"self":[{"href":"https:\/\/nordicchicpaint.com\/de\/wp-json\/wp\/v2\/pages\/5010"}],"collection":[{"href":"https:\/\/nordicchicpaint.com\/de\/wp-json\/wp\/v2\/pages"}],"about":[{"href":"https:\/\/nordicchicpaint.com\/de\/wp-json\/wp\/v2\/types\/page"}],"author":[{"embeddable":true,"href":"https:\/\/nordicchicpaint.com\/de\/wp-json\/wp\/v2\/users\/1"}],"replies":[{"embeddable":true,"href":"https:\/\/nordicchicpaint.com\/de\/wp-json\/wp\/v2\/comments?post=5010"}],"version-history":[{"count":5,"href":"https:\/\/nordicchicpaint.com\/de\/wp-json\/wp\/v2\/pages\/5010\/revisions"}],"predecessor-version":[{"id":5016,"href":"https:\/\/nordicchicpaint.com\/de\/wp-json\/wp\/v2\/pages\/5010\/revisions\/5016"}],"wp:attachment":[{"href":"https:\/\/nordicchicpaint.com\/de\/wp-json\/wp\/v2\/media?parent=5010"}],"wp:term":[{"taxonomy":"category","embeddable":true,"href":"https:\/\/nordicchicpaint.com\/de\/wp-json\/wp\/v2\/categories?post=5010"}],"curies":[{"name":"wp","href":"https:\/\/api.w.org\/{rel}","templated":true}]}}