{"id":4381,"date":"2021-10-21T12:22:36","date_gmt":"2021-10-21T10:22:36","guid":{"rendered":"https:\/\/nordicchicpaint.com\/faq\/"},"modified":"2023-06-30T08:05:12","modified_gmt":"2023-06-30T06:05:12","slug":"faq","status":"publish","type":"page","link":"https:\/\/nordicchicpaint.com\/de\/faq\/","title":{"rendered":"FAQ"},"content":{"rendered":"<section class=\"wpb-content-wrapper\"><p>[vc_row full_width=&#8220;stretch_row&#8220;][vc_column]<div class=\"ult-spacer spacer-69e9126a792b4\" data-id=\"69e9126a792b4\" data-height=\"90\" data-height-mobile=\"60\" data-height-tab=\"90\" data-height-tab-portrait=\"60\" data-height-mobile-landscape=\"60\" style=\"clear:both;display:block;\"><\/div>[vc_column_text]<\/p>\n<h2>H\u00e4ufig gestellte Fragen<\/h2>\n<p>[\/vc_column_text][vc_empty_space height=&#8220;30px&#8220;][vc_toggle title=&#8220;Wie entferne ich wachs von den m\u00f6beln?&#8220; style=&#8220;arrow&#8220; size=&#8220;sm&#8220; custom_font_container=&#8220;tag:h4|text_align:left&#8220; custom_use_theme_fonts=&#8220;yes&#8220; use_custom_heading=&#8220;true&#8220;]Wachs l\u00e4sst sich leicht mit Isopropylalkohol 99% entfernen. Sie k\u00f6nnen es auch verwenden, um beispielsweise Nikotinger\u00fcche usw. von einem M\u00f6belst\u00fcck zu entfernen.[\/vc_toggle][vc_empty_space height=&#8220;15px&#8220;][vc_toggle title=&#8220;Welche Pinsel brauche ich zum Malen? und was zum wachsen?&#8220; style=&#8220;arrow&#8220; size=&#8220;sm&#8220; custom_font_container=&#8220;tag:h4|text_align:left&#8220; custom_use_theme_fonts=&#8220;yes&#8220; use_custom_heading=&#8220;true&#8220;]<strong>B\u00fcrsten sind eine pers\u00f6nliche Wahl.<\/strong><\/p>\n<p>Wenn Sie eine glattere Oberfl\u00e4che w\u00fcnschen, sollten Sie zu einem synthetischen Pinsel greifen. Wenn Sie jedoch etwas mehr Struktur und Textur w\u00fcnschen, sollten Sie zu Pinseln aus Naturhaaren greifen.<\/p>\n<p>Das Wachs kann mit unseren Wachspinseln, ebenfalls aus Naturhaar und exklusivem Holzgriff, aufgetragen werden.<\/p>\n<p>Sie k\u00f6nnen das Wachs auch mit einem fusselfreien Tuch auftragen.[\/vc_toggle][vc_empty_space height=&#8220;15px&#8220;][vc_toggle title=&#8220;Wie lange dauert es bis die farbe trocknet? und wie lange danach kann Wachs aufgetragen werden?&#8220; style=&#8220;arrow&#8220; size=&#8220;sm&#8220; custom_font_container=&#8220;tag:h4|text_align:left&#8220; custom_use_theme_fonts=&#8220;yes&#8220; use_custom_heading=&#8220;true&#8220;]Es h\u00e4ngt vom Wetter ab, aber oft ist es innerhalb von 2 Stunden trocken und manchmal schneller. Das Wachs kann aufgetragen werden, wenn die Farbe trocken ist.[\/vc_toggle]<div class=\"ult-spacer spacer-69e9126a792f6\" data-id=\"69e9126a792f6\" data-height=\"90\" data-height-mobile=\"60\" data-height-tab=\"90\" data-height-tab-portrait=\"60\" data-height-mobile-landscape=\"60\" style=\"clear:both;display:block;\"><\/div>[\/vc_column][\/vc_row]<\/p>\n<\/section>","protected":false},"excerpt":{"rendered":"<p>[vc_row full_width=&#8220;stretch_row&#8220;][vc_column][vc_column_text] H\u00e4ufig gestellte Fragen [\/vc_column_text][vc_empty_space height=&#8220;30px&#8220;][vc_toggle title=&#8220;Wie entferne ich wachs von den m\u00f6beln?&#8220; style=&#8220;arrow&#8220; size=&#8220;sm&#8220; custom_font_container=&#8220;tag:h4|text_align:left&#8220; custom_use_theme_fonts=&#8220;yes&#8220; use_custom_heading=&#8220;true&#8220;]Wachs l\u00e4sst sich leicht mit Isopropylalkohol 99% entfernen. Sie k\u00f6nnen es auch verwenden, um beispielsweise Nikotinger\u00fcche usw. von einem M\u00f6belst\u00fcck zu entfernen.[\/vc_toggle][vc_empty_space height=&#8220;15px&#8220;][vc_toggle title=&#8220;Welche Pinsel brauche ich zum Malen? und was zum wachsen?&#8220; style=&#8220;arrow&#8220; size=&#8220;sm&#8220; custom_font_container=&#8220;tag:h4|text_align:left&#8220; custom_use_theme_fonts=&#8220;yes&#8220; &#8230; <a title=\"FAQ\" class=\"read-more\" href=\"https:\/\/nordicchicpaint.com\/de\/faq\/\" aria-label=\"Mehr Informationen \u00fcber FAQ\">Weiterlesen &#8230;<\/a><\/p>\n","protected":false},"author":1,"featured_media":4312,"parent":0,"menu_order":10,"comment_status":"closed","ping_status":"closed","template":"","meta":{"_acf_changed":false,"footnotes":""},"categories":[],"class_list":["post-4381","page","type-page","status-publish","has-post-thumbnail"],"acf":[],"yoast_head":"<!-- This site is optimized with the Yoast SEO plugin v23.4 - https:\/\/yoast.com\/wordpress\/plugins\/seo\/ -->\n<title>FAQ &#183; Nordic Chic\u00ae<\/title>\n<meta name=\"robots\" content=\"index, follow, max-snippet:-1, max-image-preview:large, max-video-preview:-1\" \/>\n<link rel=\"canonical\" href=\"https:\/\/nordicchicpaint.com\/de\/faq\/\" \/>\n<meta property=\"og:locale\" content=\"de_DE\" \/>\n<meta property=\"og:type\" content=\"article\" \/>\n<meta property=\"og:title\" content=\"FAQ &#183; Nordic Chic\u00ae\" \/>\n<meta property=\"og:description\" content=\"[vc_row full_width=&#8220;stretch_row&#8220;][vc_column][vc_column_text] H\u00e4ufig gestellte Fragen [\/vc_column_text][vc_empty_space height=&#8220;30px&#8220;][vc_toggle title=&#8220;Wie entferne ich wachs von den m\u00f6beln?&#8220; style=&#8220;arrow&#8220; size=&#8220;sm&#8220; custom_font_container=&#8220;tag:h4|text_align:left&#8220; custom_use_theme_fonts=&#8220;yes&#8220; use_custom_heading=&#8220;true&#8220;]Wachs l\u00e4sst sich leicht mit Isopropylalkohol 99% entfernen. Sie k\u00f6nnen es auch verwenden, um beispielsweise Nikotinger\u00fcche usw. von einem M\u00f6belst\u00fcck zu entfernen.[\/vc_toggle][vc_empty_space height=&#8220;15px&#8220;][vc_toggle title=&#8220;Welche Pinsel brauche ich zum Malen? und was zum wachsen?&#8220; style=&#8220;arrow&#8220; size=&#8220;sm&#8220; custom_font_container=&#8220;tag:h4|text_align:left&#8220; custom_use_theme_fonts=&#8220;yes&#8220; ... Weiterlesen ...\" \/>\n<meta property=\"og:url\" content=\"https:\/\/nordicchicpaint.com\/de\/faq\/\" \/>\n<meta property=\"og:site_name\" content=\"Nordic Chic\u00ae\" \/>\n<meta property=\"article:modified_time\" content=\"2023-06-30T06:05:12+00:00\" \/>\n<meta property=\"og:image\" content=\"https:\/\/nordicchicpaint.com\/wp-content\/uploads\/2022\/09\/inspiration.jpeg\" \/>\n\t<meta property=\"og:image:width\" content=\"1920\" \/>\n\t<meta property=\"og:image:height\" content=\"1080\" \/>\n\t<meta property=\"og:image:type\" content=\"image\/jpeg\" \/>\n<meta name=\"twitter:card\" content=\"summary_large_image\" \/>\n<meta name=\"twitter:label1\" content=\"Gesch\u00e4tzte Lesezeit\" \/>\n\t<meta name=\"twitter:data1\" content=\"1\u00a0Minute\" \/>\n<script type=\"application\/ld+json\" class=\"yoast-schema-graph\">{\"@context\":\"https:\/\/schema.org\",\"@graph\":[{\"@type\":\"WebPage\",\"@id\":\"https:\/\/nordicchicpaint.com\/de\/faq\/\",\"url\":\"https:\/\/nordicchicpaint.com\/de\/faq\/\",\"name\":\"FAQ &#183; Nordic Chic\u00ae\",\"isPartOf\":{\"@id\":\"https:\/\/nordicchicpaint.com\/de\/#website\"},\"primaryImageOfPage\":{\"@id\":\"https:\/\/nordicchicpaint.com\/de\/faq\/#primaryimage\"},\"image\":{\"@id\":\"https:\/\/nordicchicpaint.com\/de\/faq\/#primaryimage\"},\"thumbnailUrl\":\"https:\/\/nordicchicpaint.com\/wp-content\/uploads\/2022\/09\/inspiration.jpeg\",\"datePublished\":\"2021-10-21T10:22:36+00:00\",\"dateModified\":\"2023-06-30T06:05:12+00:00\",\"breadcrumb\":{\"@id\":\"https:\/\/nordicchicpaint.com\/de\/faq\/#breadcrumb\"},\"inLanguage\":\"de\",\"potentialAction\":[{\"@type\":\"ReadAction\",\"target\":[\"https:\/\/nordicchicpaint.com\/de\/faq\/\"]}]},{\"@type\":\"ImageObject\",\"inLanguage\":\"de\",\"@id\":\"https:\/\/nordicchicpaint.com\/de\/faq\/#primaryimage\",\"url\":\"https:\/\/nordicchicpaint.com\/wp-content\/uploads\/2022\/09\/inspiration.jpeg\",\"contentUrl\":\"https:\/\/nordicchicpaint.com\/wp-content\/uploads\/2022\/09\/inspiration.jpeg\",\"width\":1920,\"height\":1080},{\"@type\":\"BreadcrumbList\",\"@id\":\"https:\/\/nordicchicpaint.com\/de\/faq\/#breadcrumb\",\"itemListElement\":[{\"@type\":\"ListItem\",\"position\":1,\"name\":\"Hjem\",\"item\":\"https:\/\/nordicchicpaint.com\/de\/\"},{\"@type\":\"ListItem\",\"position\":2,\"name\":\"FAQ\"}]},{\"@type\":\"WebSite\",\"@id\":\"https:\/\/nordicchicpaint.com\/de\/#website\",\"url\":\"https:\/\/nordicchicpaint.com\/de\/\",\"name\":\"Nordic Chic\u00ae\",\"description\":\"Chalk paint for interior and exterior use\",\"publisher\":{\"@id\":\"https:\/\/nordicchicpaint.com\/de\/#organization\"},\"potentialAction\":[{\"@type\":\"SearchAction\",\"target\":{\"@type\":\"EntryPoint\",\"urlTemplate\":\"https:\/\/nordicchicpaint.com\/de\/?s={search_term_string}\"},\"query-input\":{\"@type\":\"PropertyValueSpecification\",\"valueRequired\":true,\"valueName\":\"search_term_string\"}}],\"inLanguage\":\"de\"},{\"@type\":\"Organization\",\"@id\":\"https:\/\/nordicchicpaint.com\/de\/#organization\",\"name\":\"Nordic Chic\u00ae\",\"url\":\"https:\/\/nordicchicpaint.com\/de\/\",\"logo\":{\"@type\":\"ImageObject\",\"inLanguage\":\"de\",\"@id\":\"https:\/\/nordicchicpaint.com\/de\/#\/schema\/logo\/image\/\",\"url\":\"https:\/\/nordicchicpaint.com\/wp-content\/uploads\/2021\/10\/logo.svg\",\"contentUrl\":\"https:\/\/nordicchicpaint.com\/wp-content\/uploads\/2021\/10\/logo.svg\",\"width\":479,\"height\":474,\"caption\":\"Nordic Chic\u00ae\"},\"image\":{\"@id\":\"https:\/\/nordicchicpaint.com\/de\/#\/schema\/logo\/image\/\"}}]}<\/script>\n<!-- \/ Yoast SEO plugin. -->","yoast_head_json":{"title":"FAQ &#183; Nordic Chic\u00ae","robots":{"index":"index","follow":"follow","max-snippet":"max-snippet:-1","max-image-preview":"max-image-preview:large","max-video-preview":"max-video-preview:-1"},"canonical":"https:\/\/nordicchicpaint.com\/de\/faq\/","og_locale":"de_DE","og_type":"article","og_title":"FAQ &#183; Nordic Chic\u00ae","og_description":"[vc_row full_width=&#8220;stretch_row&#8220;][vc_column][vc_column_text] H\u00e4ufig gestellte Fragen [\/vc_column_text][vc_empty_space height=&#8220;30px&#8220;][vc_toggle title=&#8220;Wie entferne ich wachs von den m\u00f6beln?&#8220; style=&#8220;arrow&#8220; size=&#8220;sm&#8220; custom_font_container=&#8220;tag:h4|text_align:left&#8220; custom_use_theme_fonts=&#8220;yes&#8220; use_custom_heading=&#8220;true&#8220;]Wachs l\u00e4sst sich leicht mit Isopropylalkohol 99% entfernen. Sie k\u00f6nnen es auch verwenden, um beispielsweise Nikotinger\u00fcche usw. von einem M\u00f6belst\u00fcck zu entfernen.[\/vc_toggle][vc_empty_space height=&#8220;15px&#8220;][vc_toggle title=&#8220;Welche Pinsel brauche ich zum Malen? und was zum wachsen?&#8220; style=&#8220;arrow&#8220; size=&#8220;sm&#8220; custom_font_container=&#8220;tag:h4|text_align:left&#8220; custom_use_theme_fonts=&#8220;yes&#8220; ... Weiterlesen ...","og_url":"https:\/\/nordicchicpaint.com\/de\/faq\/","og_site_name":"Nordic Chic\u00ae","article_modified_time":"2023-06-30T06:05:12+00:00","og_image":[{"width":1920,"height":1080,"url":"https:\/\/nordicchicpaint.com\/wp-content\/uploads\/2022\/09\/inspiration.jpeg","type":"image\/jpeg"}],"twitter_card":"summary_large_image","twitter_misc":{"Gesch\u00e4tzte Lesezeit":"1\u00a0Minute"},"schema":{"@context":"https:\/\/schema.org","@graph":[{"@type":"WebPage","@id":"https:\/\/nordicchicpaint.com\/de\/faq\/","url":"https:\/\/nordicchicpaint.com\/de\/faq\/","name":"FAQ &#183; Nordic Chic\u00ae","isPartOf":{"@id":"https:\/\/nordicchicpaint.com\/de\/#website"},"primaryImageOfPage":{"@id":"https:\/\/nordicchicpaint.com\/de\/faq\/#primaryimage"},"image":{"@id":"https:\/\/nordicchicpaint.com\/de\/faq\/#primaryimage"},"thumbnailUrl":"https:\/\/nordicchicpaint.com\/wp-content\/uploads\/2022\/09\/inspiration.jpeg","datePublished":"2021-10-21T10:22:36+00:00","dateModified":"2023-06-30T06:05:12+00:00","breadcrumb":{"@id":"https:\/\/nordicchicpaint.com\/de\/faq\/#breadcrumb"},"inLanguage":"de","potentialAction":[{"@type":"ReadAction","target":["https:\/\/nordicchicpaint.com\/de\/faq\/"]}]},{"@type":"ImageObject","inLanguage":"de","@id":"https:\/\/nordicchicpaint.com\/de\/faq\/#primaryimage","url":"https:\/\/nordicchicpaint.com\/wp-content\/uploads\/2022\/09\/inspiration.jpeg","contentUrl":"https:\/\/nordicchicpaint.com\/wp-content\/uploads\/2022\/09\/inspiration.jpeg","width":1920,"height":1080},{"@type":"BreadcrumbList","@id":"https:\/\/nordicchicpaint.com\/de\/faq\/#breadcrumb","itemListElement":[{"@type":"ListItem","position":1,"name":"Hjem","item":"https:\/\/nordicchicpaint.com\/de\/"},{"@type":"ListItem","position":2,"name":"FAQ"}]},{"@type":"WebSite","@id":"https:\/\/nordicchicpaint.com\/de\/#website","url":"https:\/\/nordicchicpaint.com\/de\/","name":"Nordic Chic\u00ae","description":"Chalk paint for interior and exterior use","publisher":{"@id":"https:\/\/nordicchicpaint.com\/de\/#organization"},"potentialAction":[{"@type":"SearchAction","target":{"@type":"EntryPoint","urlTemplate":"https:\/\/nordicchicpaint.com\/de\/?s={search_term_string}"},"query-input":{"@type":"PropertyValueSpecification","valueRequired":true,"valueName":"search_term_string"}}],"inLanguage":"de"},{"@type":"Organization","@id":"https:\/\/nordicchicpaint.com\/de\/#organization","name":"Nordic Chic\u00ae","url":"https:\/\/nordicchicpaint.com\/de\/","logo":{"@type":"ImageObject","inLanguage":"de","@id":"https:\/\/nordicchicpaint.com\/de\/#\/schema\/logo\/image\/","url":"https:\/\/nordicchicpaint.com\/wp-content\/uploads\/2021\/10\/logo.svg","contentUrl":"https:\/\/nordicchicpaint.com\/wp-content\/uploads\/2021\/10\/logo.svg","width":479,"height":474,"caption":"Nordic Chic\u00ae"},"image":{"@id":"https:\/\/nordicchicpaint.com\/de\/#\/schema\/logo\/image\/"}}]}},"_links":{"self":[{"href":"https:\/\/nordicchicpaint.com\/de\/wp-json\/wp\/v2\/pages\/4381"}],"collection":[{"href":"https:\/\/nordicchicpaint.com\/de\/wp-json\/wp\/v2\/pages"}],"about":[{"href":"https:\/\/nordicchicpaint.com\/de\/wp-json\/wp\/v2\/types\/page"}],"author":[{"embeddable":true,"href":"https:\/\/nordicchicpaint.com\/de\/wp-json\/wp\/v2\/users\/1"}],"replies":[{"embeddable":true,"href":"https:\/\/nordicchicpaint.com\/de\/wp-json\/wp\/v2\/comments?post=4381"}],"version-history":[{"count":2,"href":"https:\/\/nordicchicpaint.com\/de\/wp-json\/wp\/v2\/pages\/4381\/revisions"}],"predecessor-version":[{"id":4383,"href":"https:\/\/nordicchicpaint.com\/de\/wp-json\/wp\/v2\/pages\/4381\/revisions\/4383"}],"wp:featuredmedia":[{"embeddable":true,"href":"https:\/\/nordicchicpaint.com\/de\/wp-json\/wp\/v2\/media\/4312"}],"wp:attachment":[{"href":"https:\/\/nordicchicpaint.com\/de\/wp-json\/wp\/v2\/media?parent=4381"}],"wp:term":[{"taxonomy":"category","embeddable":true,"href":"https:\/\/nordicchicpaint.com\/de\/wp-json\/wp\/v2\/categories?post=4381"}],"curies":[{"name":"wp","href":"https:\/\/api.w.org\/{rel}","templated":true}]}}