{"id":4375,"date":"2022-06-16T15:21:38","date_gmt":"2022-06-16T13:21:38","guid":{"rendered":"https:\/\/nordicchicpaint.com\/what-is-artisan-enhancement\/"},"modified":"2022-11-16T20:34:49","modified_gmt":"2022-11-16T19:34:49","slug":"what-is-artisan-enhancement","status":"publish","type":"page","link":"https:\/\/nordicchicpaint.com\/de\/what-is-artisan-enhancement\/","title":{"rendered":"What is Artisan Enhancement"},"content":{"rendered":"<section class=\"wpb-content-wrapper\"><p>[vc_row full_width=&#8220;stretch_row&#8220;][vc_column]<div class=\"ult-spacer spacer-69f10bdfc81bb\" data-id=\"69f10bdfc81bb\" data-height=\"90\" data-height-mobile=\"60\" data-height-tab=\"90\" data-height-tab-portrait=\"60\" data-height-mobile-landscape=\"60\" style=\"clear:both;display:block;\"><\/div>[vc_row_inner][vc_column_inner width=&#8220;1\/6&#8243;][\/vc_column_inner][vc_column_inner width=&#8220;2\/3&#8243;][vc_column_text]<\/p>\n<h2 style=\"text-align: center;\">Erh\u00f6hen Sie Ihren Malstil<\/h2>\n<p>Die Mission und Leidenschaft von Artisan Enhancements\u00ae ist es, Fachh\u00e4ndlern f\u00fcr Dekorationsfarben eine erschwingliche, vielseitige, benutzerfreundliche und umweltfreundliche Quelle f\u00fcr dekorative Beschichtungen zu bieten. Sie bieten eine Vielzahl von Produkten und Werkzeugen an, um jedes Lackierprojekt zu \u201everbessern\u201c und auf die n\u00e4chste Stufe zu heben. Ihre Produkte wurden sowohl f\u00fcr Anf\u00e4nger als auch f\u00fcr Experten entwickelt. Habe Spa\u00df! Experiment.<strong> Ihrer Kreativit\u00e4t sind keine Grenzen gesetzt!<\/strong><\/p>\n<p>Artisan Enhancements\u00ae ist der Sch\u00f6pfer von erd- (und menschen-)freundlichen, einfach zu verwendenden, innovativen dekorativen Malmitteln und Versiegelungen. Artisan Enhancements\u00ae arbeitet eng mit ihren Produktentwicklungs- und Herstellungsteams zusammen, um revolution\u00e4re Versiegelungen und Malmedien zu entwickeln. Sie f\u00f6rdern und f\u00f6rdern einen umweltbewussten Umgang mit der Welt der dekorativen Malerei und der Kunstveredelung.<\/p>\n<p>Wir k\u00f6nnen Ihnen alle ihre Produkte hier bei Nordic Chic anbieten und wenn Sie keinen Nordic Chic-H\u00e4ndler in Ihrer N\u00e4he haben, sind Sie in unserem <a href=\"https:\/\/nordicchic.eu\/collections\/artisan-enhancements\" target=\"_blank\" rel=\"noopener\">Webshop<\/a> willkommen<\/p>\n<p>Es gibt unendlich viele M\u00f6glichkeiten mit diesen Produkten und wir empfehlen Ihnen, einen Blick auf unsere Pinterest-<a href=\"https:\/\/www.pinterest.dk\/nordiccp\/artisan-enhancements-products\/\" target=\"_blank\" rel=\"noopener\">Seite zu werfen Klicken<\/a> Sie hier, um zu sehen, die viele Inspirationen von Artisan Enhancements enth\u00e4lt.<\/p>\n<p>Finden Sie <a href=\"https:\/\/www.google.com\/maps\/d\/u\/0\/viewer?ll=52.37899843665953%2C18.413202402759953&amp;z=4&amp;mid=1rauRHDxdnUavi54-d7udltVYcyE\" target=\"_blank\" rel=\"noopener\">hier<\/a> Ihren H\u00e4ndler oder kaufen Sie hier <a href=\"http:\/\/www.nordichic.eu\" target=\"_blank\" rel=\"noopener\">www.nordichic.eu<\/a>.[\/vc_column_text][\/vc_column_inner][vc_column_inner width=&#8220;1\/6&#8243;][\/vc_column_inner][\/vc_row_inner]<div class=\"ult-spacer spacer-69f10bdfc8202\" data-id=\"69f10bdfc8202\" data-height=\"90\" data-height-mobile=\"60\" data-height-tab=\"90\" data-height-tab-portrait=\"60\" data-height-mobile-landscape=\"60\" style=\"clear:both;display:block;\"><\/div>[\/vc_column][\/vc_row]<\/p>\n<\/section>","protected":false},"excerpt":{"rendered":"<p>[vc_row full_width=&#8220;stretch_row&#8220;][vc_column][vc_row_inner][vc_column_inner width=&#8220;1\/6&#8243;][\/vc_column_inner][vc_column_inner width=&#8220;2\/3&#8243;][vc_column_text] Erh\u00f6hen Sie Ihren Malstil Die Mission und Leidenschaft von Artisan Enhancements\u00ae ist es, Fachh\u00e4ndlern f\u00fcr Dekorationsfarben eine erschwingliche, vielseitige, benutzerfreundliche und umweltfreundliche Quelle f\u00fcr dekorative Beschichtungen zu bieten. Sie bieten eine Vielzahl von Produkten und Werkzeugen an, um jedes Lackierprojekt zu \u201everbessern\u201c und auf die n\u00e4chste Stufe zu heben. Ihre Produkte &#8230; <a title=\"What is Artisan Enhancement\" class=\"read-more\" href=\"https:\/\/nordicchicpaint.com\/de\/what-is-artisan-enhancement\/\" aria-label=\"Mehr Informationen \u00fcber What is Artisan Enhancement\">Weiterlesen &#8230;<\/a><\/p>\n","protected":false},"author":1,"featured_media":4260,"parent":0,"menu_order":21,"comment_status":"closed","ping_status":"closed","template":"","meta":{"_acf_changed":false,"footnotes":""},"categories":[],"class_list":["post-4375","page","type-page","status-publish","has-post-thumbnail"],"acf":[],"yoast_head":"<!-- This site is optimized with the Yoast SEO plugin v23.4 - https:\/\/yoast.com\/wordpress\/plugins\/seo\/ -->\n<title>What is Artisan Enhancement &#183; Nordic Chic\u00ae<\/title>\n<meta name=\"robots\" content=\"index, follow, max-snippet:-1, max-image-preview:large, max-video-preview:-1\" \/>\n<link rel=\"canonical\" href=\"https:\/\/nordicchicpaint.com\/de\/what-is-artisan-enhancement\/\" \/>\n<meta property=\"og:locale\" content=\"de_DE\" \/>\n<meta property=\"og:type\" content=\"article\" \/>\n<meta property=\"og:title\" content=\"What is Artisan Enhancement &#183; Nordic Chic\u00ae\" \/>\n<meta property=\"og:description\" content=\"[vc_row full_width=&#8220;stretch_row&#8220;][vc_column][vc_row_inner][vc_column_inner width=&#8220;1\/6&#8243;][\/vc_column_inner][vc_column_inner width=&#8220;2\/3&#8243;][vc_column_text] Erh\u00f6hen Sie Ihren Malstil Die Mission und Leidenschaft von Artisan Enhancements\u00ae ist es, Fachh\u00e4ndlern f\u00fcr Dekorationsfarben eine erschwingliche, vielseitige, benutzerfreundliche und umweltfreundliche Quelle f\u00fcr dekorative Beschichtungen zu bieten. Sie bieten eine Vielzahl von Produkten und Werkzeugen an, um jedes Lackierprojekt zu \u201everbessern\u201c und auf die n\u00e4chste Stufe zu heben. Ihre Produkte ... Weiterlesen ...\" \/>\n<meta property=\"og:url\" content=\"https:\/\/nordicchicpaint.com\/de\/what-is-artisan-enhancement\/\" \/>\n<meta property=\"og:site_name\" content=\"Nordic Chic\u00ae\" \/>\n<meta property=\"article:modified_time\" content=\"2022-11-16T19:34:49+00:00\" \/>\n<meta property=\"og:image\" content=\"https:\/\/nordicchicpaint.com\/wp-content\/uploads\/2022\/07\/Clear-Finish-Grouped-WB-e1662455235298.webp\" \/>\n\t<meta property=\"og:image:width\" content=\"970\" \/>\n\t<meta property=\"og:image:height\" content=\"858\" \/>\n\t<meta property=\"og:image:type\" content=\"image\/webp\" \/>\n<meta name=\"twitter:card\" content=\"summary_large_image\" \/>\n<meta name=\"twitter:label1\" content=\"Gesch\u00e4tzte Lesezeit\" \/>\n\t<meta name=\"twitter:data1\" content=\"1\u00a0Minute\" \/>\n<script type=\"application\/ld+json\" class=\"yoast-schema-graph\">{\"@context\":\"https:\/\/schema.org\",\"@graph\":[{\"@type\":\"WebPage\",\"@id\":\"https:\/\/nordicchicpaint.com\/de\/what-is-artisan-enhancement\/\",\"url\":\"https:\/\/nordicchicpaint.com\/de\/what-is-artisan-enhancement\/\",\"name\":\"What is Artisan Enhancement &#183; Nordic Chic\u00ae\",\"isPartOf\":{\"@id\":\"https:\/\/nordicchicpaint.com\/de\/#website\"},\"primaryImageOfPage\":{\"@id\":\"https:\/\/nordicchicpaint.com\/de\/what-is-artisan-enhancement\/#primaryimage\"},\"image\":{\"@id\":\"https:\/\/nordicchicpaint.com\/de\/what-is-artisan-enhancement\/#primaryimage\"},\"thumbnailUrl\":\"https:\/\/nordicchicpaint.com\/wp-content\/uploads\/2022\/07\/Clear-Finish-Grouped-WB-e1662455235298.webp\",\"datePublished\":\"2022-06-16T13:21:38+00:00\",\"dateModified\":\"2022-11-16T19:34:49+00:00\",\"breadcrumb\":{\"@id\":\"https:\/\/nordicchicpaint.com\/de\/what-is-artisan-enhancement\/#breadcrumb\"},\"inLanguage\":\"de\",\"potentialAction\":[{\"@type\":\"ReadAction\",\"target\":[\"https:\/\/nordicchicpaint.com\/de\/what-is-artisan-enhancement\/\"]}]},{\"@type\":\"ImageObject\",\"inLanguage\":\"de\",\"@id\":\"https:\/\/nordicchicpaint.com\/de\/what-is-artisan-enhancement\/#primaryimage\",\"url\":\"https:\/\/nordicchicpaint.com\/wp-content\/uploads\/2022\/07\/Clear-Finish-Grouped-WB-e1662455235298.webp\",\"contentUrl\":\"https:\/\/nordicchicpaint.com\/wp-content\/uploads\/2022\/07\/Clear-Finish-Grouped-WB-e1662455235298.webp\",\"width\":970,\"height\":858},{\"@type\":\"BreadcrumbList\",\"@id\":\"https:\/\/nordicchicpaint.com\/de\/what-is-artisan-enhancement\/#breadcrumb\",\"itemListElement\":[{\"@type\":\"ListItem\",\"position\":1,\"name\":\"Hjem\",\"item\":\"https:\/\/nordicchicpaint.com\/de\/\"},{\"@type\":\"ListItem\",\"position\":2,\"name\":\"What is Artisan Enhancement\"}]},{\"@type\":\"WebSite\",\"@id\":\"https:\/\/nordicchicpaint.com\/de\/#website\",\"url\":\"https:\/\/nordicchicpaint.com\/de\/\",\"name\":\"Nordic Chic\u00ae\",\"description\":\"Chalk paint for interior and exterior use\",\"publisher\":{\"@id\":\"https:\/\/nordicchicpaint.com\/de\/#organization\"},\"potentialAction\":[{\"@type\":\"SearchAction\",\"target\":{\"@type\":\"EntryPoint\",\"urlTemplate\":\"https:\/\/nordicchicpaint.com\/de\/?s={search_term_string}\"},\"query-input\":{\"@type\":\"PropertyValueSpecification\",\"valueRequired\":true,\"valueName\":\"search_term_string\"}}],\"inLanguage\":\"de\"},{\"@type\":\"Organization\",\"@id\":\"https:\/\/nordicchicpaint.com\/de\/#organization\",\"name\":\"Nordic Chic\u00ae\",\"url\":\"https:\/\/nordicchicpaint.com\/de\/\",\"logo\":{\"@type\":\"ImageObject\",\"inLanguage\":\"de\",\"@id\":\"https:\/\/nordicchicpaint.com\/de\/#\/schema\/logo\/image\/\",\"url\":\"https:\/\/nordicchicpaint.com\/wp-content\/uploads\/2021\/10\/logo.svg\",\"contentUrl\":\"https:\/\/nordicchicpaint.com\/wp-content\/uploads\/2021\/10\/logo.svg\",\"width\":479,\"height\":474,\"caption\":\"Nordic Chic\u00ae\"},\"image\":{\"@id\":\"https:\/\/nordicchicpaint.com\/de\/#\/schema\/logo\/image\/\"}}]}<\/script>\n<!-- \/ Yoast SEO plugin. -->","yoast_head_json":{"title":"What is Artisan Enhancement &#183; Nordic Chic\u00ae","robots":{"index":"index","follow":"follow","max-snippet":"max-snippet:-1","max-image-preview":"max-image-preview:large","max-video-preview":"max-video-preview:-1"},"canonical":"https:\/\/nordicchicpaint.com\/de\/what-is-artisan-enhancement\/","og_locale":"de_DE","og_type":"article","og_title":"What is Artisan Enhancement &#183; Nordic Chic\u00ae","og_description":"[vc_row full_width=&#8220;stretch_row&#8220;][vc_column][vc_row_inner][vc_column_inner width=&#8220;1\/6&#8243;][\/vc_column_inner][vc_column_inner width=&#8220;2\/3&#8243;][vc_column_text] Erh\u00f6hen Sie Ihren Malstil Die Mission und Leidenschaft von Artisan Enhancements\u00ae ist es, Fachh\u00e4ndlern f\u00fcr Dekorationsfarben eine erschwingliche, vielseitige, benutzerfreundliche und umweltfreundliche Quelle f\u00fcr dekorative Beschichtungen zu bieten. Sie bieten eine Vielzahl von Produkten und Werkzeugen an, um jedes Lackierprojekt zu \u201everbessern\u201c und auf die n\u00e4chste Stufe zu heben. Ihre Produkte ... Weiterlesen ...","og_url":"https:\/\/nordicchicpaint.com\/de\/what-is-artisan-enhancement\/","og_site_name":"Nordic Chic\u00ae","article_modified_time":"2022-11-16T19:34:49+00:00","og_image":[{"width":970,"height":858,"url":"https:\/\/nordicchicpaint.com\/wp-content\/uploads\/2022\/07\/Clear-Finish-Grouped-WB-e1662455235298.webp","type":"image\/webp"}],"twitter_card":"summary_large_image","twitter_misc":{"Gesch\u00e4tzte Lesezeit":"1\u00a0Minute"},"schema":{"@context":"https:\/\/schema.org","@graph":[{"@type":"WebPage","@id":"https:\/\/nordicchicpaint.com\/de\/what-is-artisan-enhancement\/","url":"https:\/\/nordicchicpaint.com\/de\/what-is-artisan-enhancement\/","name":"What is Artisan Enhancement &#183; Nordic Chic\u00ae","isPartOf":{"@id":"https:\/\/nordicchicpaint.com\/de\/#website"},"primaryImageOfPage":{"@id":"https:\/\/nordicchicpaint.com\/de\/what-is-artisan-enhancement\/#primaryimage"},"image":{"@id":"https:\/\/nordicchicpaint.com\/de\/what-is-artisan-enhancement\/#primaryimage"},"thumbnailUrl":"https:\/\/nordicchicpaint.com\/wp-content\/uploads\/2022\/07\/Clear-Finish-Grouped-WB-e1662455235298.webp","datePublished":"2022-06-16T13:21:38+00:00","dateModified":"2022-11-16T19:34:49+00:00","breadcrumb":{"@id":"https:\/\/nordicchicpaint.com\/de\/what-is-artisan-enhancement\/#breadcrumb"},"inLanguage":"de","potentialAction":[{"@type":"ReadAction","target":["https:\/\/nordicchicpaint.com\/de\/what-is-artisan-enhancement\/"]}]},{"@type":"ImageObject","inLanguage":"de","@id":"https:\/\/nordicchicpaint.com\/de\/what-is-artisan-enhancement\/#primaryimage","url":"https:\/\/nordicchicpaint.com\/wp-content\/uploads\/2022\/07\/Clear-Finish-Grouped-WB-e1662455235298.webp","contentUrl":"https:\/\/nordicchicpaint.com\/wp-content\/uploads\/2022\/07\/Clear-Finish-Grouped-WB-e1662455235298.webp","width":970,"height":858},{"@type":"BreadcrumbList","@id":"https:\/\/nordicchicpaint.com\/de\/what-is-artisan-enhancement\/#breadcrumb","itemListElement":[{"@type":"ListItem","position":1,"name":"Hjem","item":"https:\/\/nordicchicpaint.com\/de\/"},{"@type":"ListItem","position":2,"name":"What is Artisan Enhancement"}]},{"@type":"WebSite","@id":"https:\/\/nordicchicpaint.com\/de\/#website","url":"https:\/\/nordicchicpaint.com\/de\/","name":"Nordic Chic\u00ae","description":"Chalk paint for interior and exterior use","publisher":{"@id":"https:\/\/nordicchicpaint.com\/de\/#organization"},"potentialAction":[{"@type":"SearchAction","target":{"@type":"EntryPoint","urlTemplate":"https:\/\/nordicchicpaint.com\/de\/?s={search_term_string}"},"query-input":{"@type":"PropertyValueSpecification","valueRequired":true,"valueName":"search_term_string"}}],"inLanguage":"de"},{"@type":"Organization","@id":"https:\/\/nordicchicpaint.com\/de\/#organization","name":"Nordic Chic\u00ae","url":"https:\/\/nordicchicpaint.com\/de\/","logo":{"@type":"ImageObject","inLanguage":"de","@id":"https:\/\/nordicchicpaint.com\/de\/#\/schema\/logo\/image\/","url":"https:\/\/nordicchicpaint.com\/wp-content\/uploads\/2021\/10\/logo.svg","contentUrl":"https:\/\/nordicchicpaint.com\/wp-content\/uploads\/2021\/10\/logo.svg","width":479,"height":474,"caption":"Nordic Chic\u00ae"},"image":{"@id":"https:\/\/nordicchicpaint.com\/de\/#\/schema\/logo\/image\/"}}]}},"_links":{"self":[{"href":"https:\/\/nordicchicpaint.com\/de\/wp-json\/wp\/v2\/pages\/4375"}],"collection":[{"href":"https:\/\/nordicchicpaint.com\/de\/wp-json\/wp\/v2\/pages"}],"about":[{"href":"https:\/\/nordicchicpaint.com\/de\/wp-json\/wp\/v2\/types\/page"}],"author":[{"embeddable":true,"href":"https:\/\/nordicchicpaint.com\/de\/wp-json\/wp\/v2\/users\/1"}],"replies":[{"embeddable":true,"href":"https:\/\/nordicchicpaint.com\/de\/wp-json\/wp\/v2\/comments?post=4375"}],"version-history":[{"count":3,"href":"https:\/\/nordicchicpaint.com\/de\/wp-json\/wp\/v2\/pages\/4375\/revisions"}],"predecessor-version":[{"id":4428,"href":"https:\/\/nordicchicpaint.com\/de\/wp-json\/wp\/v2\/pages\/4375\/revisions\/4428"}],"wp:featuredmedia":[{"embeddable":true,"href":"https:\/\/nordicchicpaint.com\/de\/wp-json\/wp\/v2\/media\/4260"}],"wp:attachment":[{"href":"https:\/\/nordicchicpaint.com\/de\/wp-json\/wp\/v2\/media?parent=4375"}],"wp:term":[{"taxonomy":"category","embeddable":true,"href":"https:\/\/nordicchicpaint.com\/de\/wp-json\/wp\/v2\/categories?post=4375"}],"curies":[{"name":"wp","href":"https:\/\/api.w.org\/{rel}","templated":true}]}}