{"id":4369,"date":"2021-10-21T12:22:36","date_gmt":"2021-10-21T10:22:36","guid":{"rendered":"https:\/\/nordicchicpaint.com\/retailers-near-you\/"},"modified":"2024-11-06T14:22:21","modified_gmt":"2024-11-06T13:22:21","slug":"retailers-near-you","status":"publish","type":"page","link":"https:\/\/nordicchicpaint.com\/de\/retailers-near-you\/","title":{"rendered":"Retailers near you"},"content":{"rendered":"<section class=\"wpb-content-wrapper\"><p>[vc_row full_width=&#8220;stretch_row&#8220;][vc_column]<div class=\"ult-spacer spacer-69e92ce07e375\" data-id=\"69e92ce07e375\" data-height=\"90\" data-height-mobile=\"60\" data-height-tab=\"90\" data-height-tab-portrait=\"60\" data-height-mobile-landscape=\"60\" style=\"clear:both;display:block;\"><\/div>[vc_row_inner][vc_column_inner width=&#8220;1\/6&#8243;][\/vc_column_inner][vc_column_inner width=&#8220;2\/3&#8243;][vc_column_text]<\/p>\n<h2 style=\"text-align: center;\">Finden Sie einen Nordic Chic\u00ae H\u00e4ndler in Ihrer N\u00e4he<\/h2>\n<p>Finden Sie einen H\u00e4ndler in D\u00e4nemark, Schweden, Norwegen, Finnland, Polen, Deutschland, Frankreich, Griechenland, Estland, Italien, Spanien, der Schweiz, \u00d6sterreich, Portugal, Gro\u00dfbritannien, Australien, Bulgarien und den USA.<\/p>\n<p>Wir sind immer auf der Suche nach neuen H\u00e4ndlern \u2013 m\u00f6chten SIE IHREN Kunden das Number ONE EU Ecolabel und kinderzertifizierte (EN71-3) Kreidefarbe anbieten k\u00f6nnen? dann z\u00f6gern Sie nicht \u2013 wir freuen uns, von Ihnen zu h\u00f6ren.<\/p>\n<p><a href=\"\/de\/become-a-retailer\/\">Werden Sie ein Nordic Chic Chalkpaint-H\u00e4ndler<\/a><\/p>\n<p>Nachfolgend finden Sie eine vollst\u00e4ndige Liste aller Einzelh\u00e4ndler in den verschiedenen L\u00e4ndern.<\/p>\n<h3>Der <span class=\"hrcAhc\" lang=\"de\">Z\u00fcndverteiler<\/span><\/h3>\n<p>France:\u00a0<a href=\"https:\/\/www.lehibouchic.fr\/\">https:\/\/www.lehibouchic.fr\/\u00a0<\/a><\/p>\n<p>Poland:\u00a0<a href=\"https:\/\/woodandcrafts.pl\">https:\/\/woodandcrafts.pl<\/a><\/p>\n<p>Greece:\u00a0<a href=\"https:\/\/www.nordic-chic.gr\/\">https:\/\/www.nordic-chic.gr\/<\/a><\/p>\n<p>Germany:\u00a0<a href=\"https:\/\/www.shabby-an-dream.de\/\">https:\/\/www.shabby-an-dream.de\/<\/a><\/p>\n<p>Norway:\u00a0<a href=\"https:\/\/nordicchic.no\/\">https:\/\/nordicchic.no\/<\/a><\/p>\n<p>USA:\u00a0<a href=\"https:\/\/scandinavianpaintcompany.com\/\">https:\/\/scandinavianpaintcompany.com\/<\/a><\/p>\n<p><strong>#wirmalendieweltetwasgr\u00fcner<\/strong><\/p>\n<p>Finden Sie <a href=\"\/de\/retailers-near-you\/\">hier<\/a> Ihren H\u00e4ndler oder kaufen Sie hier <a href=\"http:\/\/www.nordichic.eu\" target=\"_blank\" rel=\"noopener\">www.nordichic.eu<\/a>.[\/vc_column_text][\/vc_column_inner][vc_column_inner width=&#8220;1\/6&#8243;][\/vc_column_inner][\/vc_row_inner][vc_empty_space height=&#8220;30px&#8220;][vc_raw_html]W3dwc2xd[\/vc_raw_html]<div class=\"ult-spacer spacer-69e92ce07e3cd\" data-id=\"69e92ce07e3cd\" data-height=\"90\" data-height-mobile=\"60\" data-height-tab=\"90\" data-height-tab-portrait=\"60\" data-height-mobile-landscape=\"60\" style=\"clear:both;display:block;\"><\/div>[\/vc_column][\/vc_row]<\/p>\n<\/section>","protected":false},"excerpt":{"rendered":"<p>[vc_row full_width=&#8220;stretch_row&#8220;][vc_column][vc_row_inner][vc_column_inner width=&#8220;1\/6&#8243;][\/vc_column_inner][vc_column_inner width=&#8220;2\/3&#8243;][vc_column_text] Finden Sie einen Nordic Chic\u00ae H\u00e4ndler in Ihrer N\u00e4he Finden Sie einen H\u00e4ndler in D\u00e4nemark, Schweden, Norwegen, Finnland, Polen, Deutschland, Frankreich, Griechenland, Estland, Italien, Spanien, der Schweiz, \u00d6sterreich, Portugal, Gro\u00dfbritannien, Australien, Bulgarien und den USA. Wir sind immer auf der Suche nach neuen H\u00e4ndlern \u2013 m\u00f6chten SIE IHREN Kunden das Number &#8230; <a title=\"Retailers near you\" class=\"read-more\" href=\"https:\/\/nordicchicpaint.com\/de\/retailers-near-you\/\" aria-label=\"Mehr Informationen \u00fcber Retailers near you\">Weiterlesen &#8230;<\/a><\/p>\n","protected":false},"author":1,"featured_media":4318,"parent":0,"menu_order":11,"comment_status":"closed","ping_status":"closed","template":"","meta":{"_acf_changed":false,"footnotes":""},"categories":[],"class_list":["post-4369","page","type-page","status-publish","has-post-thumbnail"],"acf":[],"yoast_head":"<!-- This site is optimized with the Yoast SEO plugin v23.4 - https:\/\/yoast.com\/wordpress\/plugins\/seo\/ -->\n<title>Retailers near you &#183; Nordic Chic\u00ae<\/title>\n<meta name=\"robots\" content=\"index, follow, max-snippet:-1, max-image-preview:large, max-video-preview:-1\" \/>\n<link rel=\"canonical\" href=\"https:\/\/nordicchicpaint.com\/de\/retailers-near-you\/\" \/>\n<meta property=\"og:locale\" content=\"de_DE\" \/>\n<meta property=\"og:type\" content=\"article\" \/>\n<meta property=\"og:title\" content=\"Retailers near you &#183; Nordic Chic\u00ae\" \/>\n<meta property=\"og:description\" content=\"[vc_row full_width=&#8220;stretch_row&#8220;][vc_column][vc_row_inner][vc_column_inner width=&#8220;1\/6&#8243;][\/vc_column_inner][vc_column_inner width=&#8220;2\/3&#8243;][vc_column_text] Finden Sie einen Nordic Chic\u00ae H\u00e4ndler in Ihrer N\u00e4he Finden Sie einen H\u00e4ndler in D\u00e4nemark, Schweden, Norwegen, Finnland, Polen, Deutschland, Frankreich, Griechenland, Estland, Italien, Spanien, der Schweiz, \u00d6sterreich, Portugal, Gro\u00dfbritannien, Australien, Bulgarien und den USA. Wir sind immer auf der Suche nach neuen H\u00e4ndlern \u2013 m\u00f6chten SIE IHREN Kunden das Number ... Weiterlesen ...\" \/>\n<meta property=\"og:url\" content=\"https:\/\/nordicchicpaint.com\/de\/retailers-near-you\/\" \/>\n<meta property=\"og:site_name\" content=\"Nordic Chic\u00ae\" \/>\n<meta property=\"article:modified_time\" content=\"2024-11-06T13:22:21+00:00\" \/>\n<meta property=\"og:image\" content=\"https:\/\/nordicchicpaint.com\/wp-content\/uploads\/2022\/09\/iStock-627013054-scaled.jpg\" \/>\n\t<meta property=\"og:image:width\" content=\"2048\" \/>\n\t<meta property=\"og:image:height\" content=\"1280\" \/>\n\t<meta property=\"og:image:type\" content=\"image\/jpeg\" \/>\n<meta name=\"twitter:card\" content=\"summary_large_image\" \/>\n<meta name=\"twitter:label1\" content=\"Gesch\u00e4tzte Lesezeit\" \/>\n\t<meta name=\"twitter:data1\" content=\"1\u00a0Minute\" \/>\n<script type=\"application\/ld+json\" class=\"yoast-schema-graph\">{\"@context\":\"https:\/\/schema.org\",\"@graph\":[{\"@type\":\"WebPage\",\"@id\":\"https:\/\/nordicchicpaint.com\/de\/retailers-near-you\/\",\"url\":\"https:\/\/nordicchicpaint.com\/de\/retailers-near-you\/\",\"name\":\"Retailers near you &#183; Nordic Chic\u00ae\",\"isPartOf\":{\"@id\":\"https:\/\/nordicchicpaint.com\/de\/#website\"},\"primaryImageOfPage\":{\"@id\":\"https:\/\/nordicchicpaint.com\/de\/retailers-near-you\/#primaryimage\"},\"image\":{\"@id\":\"https:\/\/nordicchicpaint.com\/de\/retailers-near-you\/#primaryimage\"},\"thumbnailUrl\":\"https:\/\/nordicchicpaint.com\/wp-content\/uploads\/2022\/09\/iStock-627013054-scaled.jpg\",\"datePublished\":\"2021-10-21T10:22:36+00:00\",\"dateModified\":\"2024-11-06T13:22:21+00:00\",\"breadcrumb\":{\"@id\":\"https:\/\/nordicchicpaint.com\/de\/retailers-near-you\/#breadcrumb\"},\"inLanguage\":\"de\",\"potentialAction\":[{\"@type\":\"ReadAction\",\"target\":[\"https:\/\/nordicchicpaint.com\/de\/retailers-near-you\/\"]}]},{\"@type\":\"ImageObject\",\"inLanguage\":\"de\",\"@id\":\"https:\/\/nordicchicpaint.com\/de\/retailers-near-you\/#primaryimage\",\"url\":\"https:\/\/nordicchicpaint.com\/wp-content\/uploads\/2022\/09\/iStock-627013054-scaled.jpg\",\"contentUrl\":\"https:\/\/nordicchicpaint.com\/wp-content\/uploads\/2022\/09\/iStock-627013054-scaled.jpg\",\"width\":2048,\"height\":1280,\"caption\":\"red blue geometric world map\"},{\"@type\":\"BreadcrumbList\",\"@id\":\"https:\/\/nordicchicpaint.com\/de\/retailers-near-you\/#breadcrumb\",\"itemListElement\":[{\"@type\":\"ListItem\",\"position\":1,\"name\":\"Hjem\",\"item\":\"https:\/\/nordicchicpaint.com\/de\/\"},{\"@type\":\"ListItem\",\"position\":2,\"name\":\"Retailers near you\"}]},{\"@type\":\"WebSite\",\"@id\":\"https:\/\/nordicchicpaint.com\/de\/#website\",\"url\":\"https:\/\/nordicchicpaint.com\/de\/\",\"name\":\"Nordic Chic\u00ae\",\"description\":\"Chalk paint for interior and exterior use\",\"publisher\":{\"@id\":\"https:\/\/nordicchicpaint.com\/de\/#organization\"},\"potentialAction\":[{\"@type\":\"SearchAction\",\"target\":{\"@type\":\"EntryPoint\",\"urlTemplate\":\"https:\/\/nordicchicpaint.com\/de\/?s={search_term_string}\"},\"query-input\":{\"@type\":\"PropertyValueSpecification\",\"valueRequired\":true,\"valueName\":\"search_term_string\"}}],\"inLanguage\":\"de\"},{\"@type\":\"Organization\",\"@id\":\"https:\/\/nordicchicpaint.com\/de\/#organization\",\"name\":\"Nordic Chic\u00ae\",\"url\":\"https:\/\/nordicchicpaint.com\/de\/\",\"logo\":{\"@type\":\"ImageObject\",\"inLanguage\":\"de\",\"@id\":\"https:\/\/nordicchicpaint.com\/de\/#\/schema\/logo\/image\/\",\"url\":\"https:\/\/nordicchicpaint.com\/wp-content\/uploads\/2021\/10\/logo.svg\",\"contentUrl\":\"https:\/\/nordicchicpaint.com\/wp-content\/uploads\/2021\/10\/logo.svg\",\"width\":479,\"height\":474,\"caption\":\"Nordic Chic\u00ae\"},\"image\":{\"@id\":\"https:\/\/nordicchicpaint.com\/de\/#\/schema\/logo\/image\/\"}}]}<\/script>\n<!-- \/ Yoast SEO plugin. -->","yoast_head_json":{"title":"Retailers near you &#183; Nordic Chic\u00ae","robots":{"index":"index","follow":"follow","max-snippet":"max-snippet:-1","max-image-preview":"max-image-preview:large","max-video-preview":"max-video-preview:-1"},"canonical":"https:\/\/nordicchicpaint.com\/de\/retailers-near-you\/","og_locale":"de_DE","og_type":"article","og_title":"Retailers near you &#183; Nordic Chic\u00ae","og_description":"[vc_row full_width=&#8220;stretch_row&#8220;][vc_column][vc_row_inner][vc_column_inner width=&#8220;1\/6&#8243;][\/vc_column_inner][vc_column_inner width=&#8220;2\/3&#8243;][vc_column_text] Finden Sie einen Nordic Chic\u00ae H\u00e4ndler in Ihrer N\u00e4he Finden Sie einen H\u00e4ndler in D\u00e4nemark, Schweden, Norwegen, Finnland, Polen, Deutschland, Frankreich, Griechenland, Estland, Italien, Spanien, der Schweiz, \u00d6sterreich, Portugal, Gro\u00dfbritannien, Australien, Bulgarien und den USA. Wir sind immer auf der Suche nach neuen H\u00e4ndlern \u2013 m\u00f6chten SIE IHREN Kunden das Number ... Weiterlesen ...","og_url":"https:\/\/nordicchicpaint.com\/de\/retailers-near-you\/","og_site_name":"Nordic Chic\u00ae","article_modified_time":"2024-11-06T13:22:21+00:00","og_image":[{"width":2048,"height":1280,"url":"https:\/\/nordicchicpaint.com\/wp-content\/uploads\/2022\/09\/iStock-627013054-scaled.jpg","type":"image\/jpeg"}],"twitter_card":"summary_large_image","twitter_misc":{"Gesch\u00e4tzte Lesezeit":"1\u00a0Minute"},"schema":{"@context":"https:\/\/schema.org","@graph":[{"@type":"WebPage","@id":"https:\/\/nordicchicpaint.com\/de\/retailers-near-you\/","url":"https:\/\/nordicchicpaint.com\/de\/retailers-near-you\/","name":"Retailers near you &#183; Nordic Chic\u00ae","isPartOf":{"@id":"https:\/\/nordicchicpaint.com\/de\/#website"},"primaryImageOfPage":{"@id":"https:\/\/nordicchicpaint.com\/de\/retailers-near-you\/#primaryimage"},"image":{"@id":"https:\/\/nordicchicpaint.com\/de\/retailers-near-you\/#primaryimage"},"thumbnailUrl":"https:\/\/nordicchicpaint.com\/wp-content\/uploads\/2022\/09\/iStock-627013054-scaled.jpg","datePublished":"2021-10-21T10:22:36+00:00","dateModified":"2024-11-06T13:22:21+00:00","breadcrumb":{"@id":"https:\/\/nordicchicpaint.com\/de\/retailers-near-you\/#breadcrumb"},"inLanguage":"de","potentialAction":[{"@type":"ReadAction","target":["https:\/\/nordicchicpaint.com\/de\/retailers-near-you\/"]}]},{"@type":"ImageObject","inLanguage":"de","@id":"https:\/\/nordicchicpaint.com\/de\/retailers-near-you\/#primaryimage","url":"https:\/\/nordicchicpaint.com\/wp-content\/uploads\/2022\/09\/iStock-627013054-scaled.jpg","contentUrl":"https:\/\/nordicchicpaint.com\/wp-content\/uploads\/2022\/09\/iStock-627013054-scaled.jpg","width":2048,"height":1280,"caption":"red blue geometric world map"},{"@type":"BreadcrumbList","@id":"https:\/\/nordicchicpaint.com\/de\/retailers-near-you\/#breadcrumb","itemListElement":[{"@type":"ListItem","position":1,"name":"Hjem","item":"https:\/\/nordicchicpaint.com\/de\/"},{"@type":"ListItem","position":2,"name":"Retailers near you"}]},{"@type":"WebSite","@id":"https:\/\/nordicchicpaint.com\/de\/#website","url":"https:\/\/nordicchicpaint.com\/de\/","name":"Nordic Chic\u00ae","description":"Chalk paint for interior and exterior use","publisher":{"@id":"https:\/\/nordicchicpaint.com\/de\/#organization"},"potentialAction":[{"@type":"SearchAction","target":{"@type":"EntryPoint","urlTemplate":"https:\/\/nordicchicpaint.com\/de\/?s={search_term_string}"},"query-input":{"@type":"PropertyValueSpecification","valueRequired":true,"valueName":"search_term_string"}}],"inLanguage":"de"},{"@type":"Organization","@id":"https:\/\/nordicchicpaint.com\/de\/#organization","name":"Nordic Chic\u00ae","url":"https:\/\/nordicchicpaint.com\/de\/","logo":{"@type":"ImageObject","inLanguage":"de","@id":"https:\/\/nordicchicpaint.com\/de\/#\/schema\/logo\/image\/","url":"https:\/\/nordicchicpaint.com\/wp-content\/uploads\/2021\/10\/logo.svg","contentUrl":"https:\/\/nordicchicpaint.com\/wp-content\/uploads\/2021\/10\/logo.svg","width":479,"height":474,"caption":"Nordic Chic\u00ae"},"image":{"@id":"https:\/\/nordicchicpaint.com\/de\/#\/schema\/logo\/image\/"}}]}},"_links":{"self":[{"href":"https:\/\/nordicchicpaint.com\/de\/wp-json\/wp\/v2\/pages\/4369"}],"collection":[{"href":"https:\/\/nordicchicpaint.com\/de\/wp-json\/wp\/v2\/pages"}],"about":[{"href":"https:\/\/nordicchicpaint.com\/de\/wp-json\/wp\/v2\/types\/page"}],"author":[{"embeddable":true,"href":"https:\/\/nordicchicpaint.com\/de\/wp-json\/wp\/v2\/users\/1"}],"replies":[{"embeddable":true,"href":"https:\/\/nordicchicpaint.com\/de\/wp-json\/wp\/v2\/comments?post=4369"}],"version-history":[{"count":10,"href":"https:\/\/nordicchicpaint.com\/de\/wp-json\/wp\/v2\/pages\/4369\/revisions"}],"predecessor-version":[{"id":6189,"href":"https:\/\/nordicchicpaint.com\/de\/wp-json\/wp\/v2\/pages\/4369\/revisions\/6189"}],"wp:featuredmedia":[{"embeddable":true,"href":"https:\/\/nordicchicpaint.com\/de\/wp-json\/wp\/v2\/media\/4318"}],"wp:attachment":[{"href":"https:\/\/nordicchicpaint.com\/de\/wp-json\/wp\/v2\/media?parent=4369"}],"wp:term":[{"taxonomy":"category","embeddable":true,"href":"https:\/\/nordicchicpaint.com\/de\/wp-json\/wp\/v2\/categories?post=4369"}],"curies":[{"name":"wp","href":"https:\/\/api.w.org\/{rel}","templated":true}]}}